{"id":2032,"date":"2025-07-21T04:42:19","date_gmt":"2025-07-21T04:42:19","guid":{"rendered":"https:\/\/alfakher24h.de\/?post_type=product&#038;p=2032"},"modified":"2025-07-21T04:43:12","modified_gmt":"2025-07-21T04:43:12","slug":"jnr-falcon-16000-fujas-eldobhato-cola-jeg","status":"publish","type":"product","link":"https:\/\/alfakher24h.de\/hu\/termek\/jnr-falcon-16000-fujas-eldobhato-cola-jeg\/","title":{"rendered":"JNR Falcon 16000 Puffs Eldobhat\u00f3 Cola Ice"},"content":{"rendered":"<h4><strong>JNR Falcon 16000 Puffs eldobhat\u00f3, ak\u00e1r 16 000 sz\u00edv\u00e1s \n( Megjegyz\u00e9s t\u00f6r\u00f6lve, a k\u00e9rt v\u00e1lasz csak ford\u00edt\u00e1s lehet ) \nJNR Falcon 16000 Puffs eldobhat\u00f3, ak\u00e1r 16 000 sz\u00edv\u00e1s<\/strong><\/h4>\n<p><img loading=\"lazy\" decoding=\"async\" class=\"alignnone size-full wp-image-2031\" src=\"https:\/\/alfakher24h.de\/wp-content\/uploads\/2025\/07\/JF16K20250214_8b1a1a94-8110-4845-b3e0-fb814c9b7924.webp\" alt=\"\" width=\"493\" height=\"1664\" title=\"\" srcset=\"https:\/\/alfakher24h.de\/wp-content\/uploads\/2025\/07\/JF16K20250214_8b1a1a94-8110-4845-b3e0-fb814c9b7924.webp 493w, https:\/\/alfakher24h.de\/wp-content\/uploads\/2025\/07\/JF16K20250214_8b1a1a94-8110-4845-b3e0-fb814c9b7924-89x300.webp 89w, https:\/\/alfakher24h.de\/wp-content\/uploads\/2025\/07\/JF16K20250214_8b1a1a94-8110-4845-b3e0-fb814c9b7924-303x1024.webp 303w, https:\/\/alfakher24h.de\/wp-content\/uploads\/2025\/07\/JF16K20250214_8b1a1a94-8110-4845-b3e0-fb814c9b7924-455x1536.webp 455w\" sizes=\"auto, (max-width: 493px) 100vw, 493px\" \/><\/p>\n<p>Ott\u00a0<strong>JNR Falcon 16K<\/strong>\u00a0egy \nis \na\u00a0<strong>eldobhat\u00f3 elektromos cigaretta<\/strong>\u00a0forradalmi, c\u00e9lja, hogy p\u00e1ratlan vaporiz\u00e1ci\u00f3s \u00e9lm\u00e9nyt ny\u00fajtson. Leny\u0171g\u00f6z\u0151 kapacit\u00e1ssal rendelkezik,\u00a0<strong>16 000 puff<\/strong>v\u00edzt\u00e1roz\u00f3ja\u00a0<strong>22 ml e-kapacit\u00e1s<\/strong>\u00e9s \u00fajrat\u00f6lthet\u0151 akkumul\u00e1torral\u00a0<strong>850 mAh<\/strong>Ez \u00f6tv\u00f6zi a tart\u00f3ss\u00e1got, a teljes\u00edtm\u00e9nyt \u00e9s a k\u00e9nyelmet. Ak\u00e1r kezd\u0151, ak\u00e1r tapasztalt vapper vagy, ez a puff megfelel az ig\u00e9nyeidnek az\u00e1ltal, hogy \u00f6tv\u00f6zi a fejlett technol\u00f3gi\u00e1t \u00e9s a kiv\u00e9teles lehet\u0151s\u00e9geket.<\/p>\n<h4><strong>Tov\u00e1bb sz\u00edvhatsz ak\u00e1r 16 000 f\u00faj\u00e1ssal<\/strong><\/h4>\n<p>Leny\u0171g\u00f6z\u0151 akkumul\u00e1tor-\u00e9lettartammal\u00a0<strong>16 000 puff<\/strong>ott\u00a0<strong>JNR Falcon 16K<\/strong>\u00a0\u00dagy tervezt\u00e9k, hogy tart\u00f3s legyen.  \u00c9lvezze a hosszabb haszn\u00e1latot an\u00e9lk\u00fcl, hogy gyakran kellene cser\u00e9lnie k\u00e9sz\u00fcl\u00e9k\u00e9t.  T\u00f6k\u00e9letes rendszeres g\u0151z\u00f6l\u0151kh\u00f6z vagy azok sz\u00e1m\u00e1ra, akik hossz\u00fa t\u00e1v\u00fa megold\u00e1st keresnek.<\/p>\n<h4><strong>850 mAh \u00fajrat\u00f6lthet\u0151 akkumul\u00e1tor: Megb\u00edzhat\u00f3 \u00e9s Tart\u00f3s<\/strong><\/h4>\n<p>Ott\u00a0<strong>JNR Falcon 16K<\/strong>\u00a0akkumul\u00e1torral van felszerelve\u00a0<strong>850 mAh<\/strong>stabilit\u00e1st ny\u00fajtva az \u00e9lettartama sor\u00e1n.<\/p>\n<ul>\n<li><strong>Egyszer\u0171 t\u00f6lt\u00e9s<\/strong>\u00a0a kik\u00f6t\u0151k\u00f6n kereszt\u00fcl\u00a0<strong>Type-C<\/strong>\u00a0Vagy\u00a0<strong>Vill\u00e1m<\/strong>.<\/li>\n<li><strong>Gyors t\u00f6lt\u00e9s<\/strong>\u00a0Hogy min\u00e9l hamarabb visszat\u00e9rhessen a vapoz\u00e1shoz.<\/li>\n<\/ul>\n<p>Nem kell agg\u00f3dnia a kapacit\u00e1s kifogy\u00e1sa miatt - ez a f\u00faj\u00e1s mindig k\u00e9szen \u00e1ll. \u26a1<\/p>\n<h4><strong>Nagylelk\u0171 22ml-es Kapacit\u00e1s\u00fa Tart\u00e1ly<\/strong><\/h4>\n<p>Egy\u00fctt egy\u00a0<strong>22 ml-es tart\u00e1ly<\/strong>ott\u00a0<strong>JNR Falcon 16K<\/strong>\u00a0Hosszabb vape-\u00e9lm\u00e9nyt garant\u00e1l. Kevesebb ut\u00e1nt\u00f6lt\u00e9s, t\u00f6bb sz\u00f3rakoz\u00e1s: k\u00f3stolja meg kedvenc lehet\u0151s\u00e9geit az utols\u00f3 cseppig.<\/p>\n<h4><strong>Double Mesh technol\u00f3gia az intenz\u00edv lehet\u0151s\u00e9gekhez<\/strong><\/h4>\n<p>Ott\u00a0<strong>dupla tekercs\u0171 h\u00e1l\u00f3<\/strong>\u00a0fejlett biztos\u00edtja:<\/p>\n<ul>\n<li>A\u00a0<strong>s\u0171r\u0171 \u00e9s homog\u00e9n g\u0151z el\u0151\u00e1ll\u00edt\u00e1sa<\/strong>.<\/li>\n<li>A\u00a0<strong>optim\u00e1lis opci\u00f3-vissza\u00e1ll\u00edt\u00e1s<\/strong>M\u00e9g hossz\u00fa \u00fcl\u00e9sek ut\u00e1n is.<\/li>\n<li>A\u00a0<strong>er\u0151s torok\u00fct\u00e9s<\/strong>\u00a0minden f\u00faj\u00e1sn\u00e1l kiel\u00e9g\u00edt\u0151 \u00e9lm\u00e9ny\u00e9rt.<\/li>\n<\/ul>\n<p>Ak\u00e1r a nagy felh\u0151ket, ak\u00e1r a finomabb hat\u00e1sokat kedveled, ez a technol\u00f3gia kiv\u00e9teles teljes\u00edtm\u00e9nyt garant\u00e1l.<\/p>\n<h4><strong>Sz\u00ednes \u00cdzvil\u00e1g Minden \u00cdzl\u00e9shez<\/strong><\/h4>\n<p>Fedezze fel a v\u00e1ltozatos lehet\u0151s\u00e9geket, amelyek t\u00f6k\u00e9letesek az \u00f6sszes v\u00e1gy kiel\u00e9g\u00edt\u00e9s\u00e9re. Itt vannak az\u00a0<strong>20 el\u00e9rhet\u0151 lehet\u0151s\u00e9g<\/strong>\u00a0:<\/p>\n<ul>\n<li><strong>Eper S\u00e1rgadinnye J\u00e9g<\/strong>\u00a0\ud83c\udf53\ud83c\udf49\u2744\ufe0f: Eper \u00e9s g\u00f6r\u00f6gdinnye j\u00e9ghideg csavarral.<\/li>\n<li><strong>Hubba Bubba Eper<\/strong>\u00a0\ud83c\udf53\ud83c\udf6c: Epergumi, \u00e9des \u00e9s nosztalgikus.<\/li>\n<li><strong>Berry Burst<\/strong>\u00a0\ud83c\udf53\ud83e\uded0: V\u00f6r\u00f6s \u00e9s k\u00e9k bogy\u00f3k robban\u00e1sa.<\/li>\n<li><strong>Cola Ice<\/strong>\u00a0Pezsg\u0151s j\u00e9ghideg k\u00f3la \u00edz.<\/li>\n<li><strong>Blue Razz Ice<\/strong>\u00a0\ud83d\udd35\u2744\ufe0f: \u00c9des \u00e9s ment\u00e1s k\u00e9k m\u00e1lna.<\/li>\n<li><strong>Eper Kivi<\/strong>\u00a0\ud83c\udf53\ud83e\udd5d: \u00c9des eper \u00e9s fanyar kivi.<\/li>\n<li><strong>Anan\u00e1sz Mang\u00f3 Narancs<\/strong>\u00a0\ud83c\udf4d\ud83e\udd6d\ud83c\udf4a: Tr\u00f3pusi anan\u00e1sz, mang\u00f3 \u00e9s narancs.<\/li>\n<li><strong>R\u00f3zsasz\u00edn Citrom<\/strong>\u00a0Savany\u00fa \u00e9s friss\u00edt\u0151 r\u00f3zsasz\u00edn citrom.<\/li>\n<li><strong>Vegyes Bogy\u00f3k<\/strong>\u00a0Rich blend of assorted berries.<\/li>\n<li><strong>Passion Fruit Kiwi<\/strong>\u00a0\ud83e\udd6d\ud83e\udd5d: Passi\u00f3gy\u00fcm\u00f6lcs \u00e9s egzotikus kivi.<\/li>\n<li><strong>Eper J\u00e9g<\/strong>\u00a0\ud83c\udf53\u2744\ufe0f: Fagyott eper, \u00e9des \u00e9s friss\u00edt\u0151.<\/li>\n<li><strong>Grapefruit Lemonade Ice<\/strong>\u00a0Iced grapefruit and lemon.<\/li>\n<li><strong>White Peach Razz<\/strong>\u00a0\ud83c\udf51\ud83d\udd35: Feh\u00e9r \u0151szibar\u00e1t \u00e9s k\u00e9k m\u00e1lna.<\/li>\n<li><strong>\u00c1fonya M\u00e1lna Cseresznye<\/strong>\u00a0\ud83e\uded0\ud83c\udf52\ud83d\udd35: \u00c1fonya, m\u00e1lna \u00e9s cseresznye.<\/li>\n<li><strong>\u00c1fonya V\u00f6r\u00f6s M\u00e1lna<\/strong>\u00a0\ud83e\uded0\ud83d\udd34: \u00c1fonya \u00e9s piros m\u00e1lna.<\/li>\n<li><strong>Blueberry Pomegranate J\u00e9g<\/strong>\u00a0Fagyasztott \u00e1fonya \u00e9s g\u00f6r\u00f6gdinnye.<\/li>\n<li><strong>V\u00edzimelon Bubblegum<\/strong>\u00a0\ud83c\udf49\ud83c\udf6c: G\u00f6r\u00f6gdinnye \u00e9s \u00e9des r\u00e1g\u00f3gumi.<\/li>\n<li><strong>Sakura sz\u0151l\u0151<\/strong>\u00a0\ud83c\udf47\ud83c\udf38: \u00c9des \u00e9s vir\u00e1gos sakura ok.<\/li>\n<li><strong>Eper Pina Colada<\/strong>\u00a0\ud83c\udf53\ud83c\udf4d\ud83e\udd65: Eper \u00e9s tr\u00f3pusi Pina Colada.<\/li>\n<li><strong>S\u00e1rgadinnye Mang\u00f3 \u0150szibar\u00e1t<\/strong>\u00a0\ud83c\udf49\ud83e\udd6d\ud83c\udf51: L\u00e9d\u00fas g\u00f6r\u00f6gdinnye, mang\u00f3 \u00e9s \u0151szibar\u00e1t.<\/li>\n<\/ul>\n<h4><strong>Mi\u00e9rt v\u00e1lassza a JNR Falcon 16K-t?<\/strong><\/h4>\n<p>Itt van mi\u00e9rt a\u00a0<strong>JNR Falcon 16K<\/strong>\u00a0sz\u00fcks\u00e9gszer\u0171 v\u00e1laszt\u00e1s:<\/p>\n<ul>\n<li><strong>Fenntarthat\u00f3s\u00e1g<\/strong>\u00a0Legfeljebb 16 000 sz\u00edv\u00e1s \u00e9s \u00fajrat\u00f6lthet\u0151 akkumul\u00e1tor.<\/li>\n<li><strong>Fejlett technol\u00f3gia<\/strong>\u00a0: Dupla h\u00e1l\u00f3 tekercs, Type-C \u00e9s Lightning portok.<\/li>\n<li><strong>V\u00e1ltozatos lehet\u0151s\u00e9gek<\/strong>\u00a0: 20 lehet\u0151s\u00e9g minden k\u00edv\u00e1ns\u00e1g kiel\u00e9g\u00edt\u00e9s\u00e9re.<\/li>\n<li><strong>K\u00f6nny\u0171 haszn\u00e1lat<\/strong>\u00a0Kompakt \u00e9s intuit\u00edv kialak\u00edt\u00e1s.<\/li>\n<\/ul>\n<h4><strong>Gyors \u00e9s megb\u00edzhat\u00f3 sz\u00e1ll\u00edt\u00e1s Franciaorsz\u00e1gban<\/strong><\/h4>\n<p>A h\u00e1zban\u00a0<strong>JNR VAPE<\/strong>tudjuk, hogy az id\u0151 sz\u00e1m\u00edt. Haszn\u00e1lja ki a lehet\u0151s\u00e9g\u00e9t\u00a0<strong>gyors sz\u00e1ll\u00edt\u00e1s<\/strong>\u00a0:<\/p>\n<ul>\n<li><strong>3-5 munkanap<\/strong>\u00a0Mindenhol Franciaorsz\u00e1gban.<\/li>\n<li><strong>Ingyenes sz\u00e1ll\u00edt\u00e1s<\/strong>\u00a050 \u20ac-os v\u00e1s\u00e1rl\u00e1st\u00f3l.<\/li>\n<li>Val\u00f3s idej\u0171 nyomon k\u00f6vet\u00e9s, hogy tudd, hol van a rendel\u00e9sed.<\/li>\n<\/ul>\n<p>Rendeljen most \u00e9s kapja meg\u00a0<strong>JNR Falcon 16K<\/strong>\u00a0k\u00f6zvetlen\u00fcl az otthon\u00e1ba!<\/p>\n<h4><strong>Cs\u00f6kken\u0151 \u00c1rak a T\u00f6bb Megtakar\u00edt\u00e1s\u00e9rt<\/strong><\/h4>\n<p>T\u00f6bbet rendel, t\u00f6bbet takar\u00edt meg:<\/p>\n<ul>\n<li><strong>1 szoba<\/strong>\u00a0: Alap\u00e1r.<\/li>\n<li><strong>3 szoba<\/strong>\u00a0El\u0151ny\u00f6s kedvezm\u00e9nyek.<\/li>\n<li><strong>5 vagy t\u00f6bb szoba<\/strong>\u00a0Tov\u00e1bbi kedvezm\u00e9nyek, ide\u00e1lisak t\u00f6bb lehet\u0151s\u00e9g tesztel\u00e9s\u00e9hez vagy szeretteivel val\u00f3 megoszt\u00e1shoz.<\/li>\n<\/ul>\n<h4><strong>\u00d6sszefoglal\u00e1s: Az Ide\u00e1lis Napi Vape<\/strong><\/h4>\n<p>Ott\u00a0<strong>JNR Falcon 16K Disposable Puff<\/strong>\u00a0Kiemelkedik kiv\u00e1l\u00f3 teljes\u00edtm\u00e9ny\u00e9r\u0151l, nagy kapacit\u00e1s\u00e1r\u00f3l \u00e9s v\u00e1ltozatos lehet\u0151s\u00e9geir\u0151l. Ak\u00e1r kezd\u0151, ak\u00e1r tapasztalt vapper vagy, gazdag, k\u00e9nyelmes \u00e9s kiel\u00e9g\u00edt\u0151 \u00e9lm\u00e9nyt ny\u00fajt. Rendeljen ma \u00e9s fedezze fel, mi\u00e9rt a francia vaperek els\u0151 v\u00e1laszt\u00e1sa!<\/p>","protected":false},"excerpt":{"rendered":"<p>St\u00e4rke: 2 % (20 mg) \nnem ig\u00e9nyel ford\u00edt\u00e1st, \u00edgy \nSt\u00e4rke: 2 % (20 mg)<br \/>\nLegfeljebb 16 000 vonat<br \/>\n850 mAh akkumul\u00e1tor kapacit\u00e1s<br \/>\nDu\u00e1lis h\u00e1l\u00f3<br \/>\n22 ml \u0171rtartalom<br \/>\nLarger clouds &amp; er\u0151s torok\u00fct\u00e9s<br \/>\nHosszantart\u00f3 aroma az utols\u00f3 sz\u00edv\u00e1sig<br \/>\nK\u00e9t t\u00f6lt\u0151aljzat<br \/>\nTyp C \u00e9s Lightning is \ud3ec\ud568<\/p>","protected":false},"featured_media":2033,"comment_status":"open","ping_status":"closed","template":"","meta":{"om_disable_all_campaigns":false},"product_brand":[],"product_cat":[48],"product_tag":[],"class_list":{"0":"post-2032","1":"product","2":"type-product","3":"status-publish","4":"has-post-thumbnail","6":"product_cat-jnr-falcon-16000-puffs","8":"first","9":"instock","10":"shipping-taxable","11":"purchasable","12":"product-type-simple"},"_links":{"self":[{"href":"https:\/\/alfakher24h.de\/hu\/wp-json\/wp\/v2\/product\/2032","targetHints":{"allow":["GET"]}}],"collection":[{"href":"https:\/\/alfakher24h.de\/hu\/wp-json\/wp\/v2\/product"}],"about":[{"href":"https:\/\/alfakher24h.de\/hu\/wp-json\/wp\/v2\/types\/product"}],"replies":[{"embeddable":true,"href":"https:\/\/alfakher24h.de\/hu\/wp-json\/wp\/v2\/comments?post=2032"}],"wp:featuredmedia":[{"embeddable":true,"href":"https:\/\/alfakher24h.de\/hu\/wp-json\/wp\/v2\/media\/2033"}],"wp:attachment":[{"href":"https:\/\/alfakher24h.de\/hu\/wp-json\/wp\/v2\/media?parent=2032"}],"wp:term":[{"taxonomy":"product_brand","embeddable":true,"href":"https:\/\/alfakher24h.de\/hu\/wp-json\/wp\/v2\/product_brand?post=2032"},{"taxonomy":"product_cat","embeddable":true,"href":"https:\/\/alfakher24h.de\/hu\/wp-json\/wp\/v2\/product_cat?post=2032"},{"taxonomy":"product_tag","embeddable":true,"href":"https:\/\/alfakher24h.de\/hu\/wp-json\/wp\/v2\/product_tag?post=2032"}],"curies":[{"name":"wp","href":"https:\/\/api.w.org\/{rel}","templated":true}]}}