{"id":2012,"date":"2025-07-21T04:16:01","date_gmt":"2025-07-21T04:16:01","guid":{"rendered":"https:\/\/alfakher24h.de\/?post_type=product&#038;p=2012"},"modified":"2025-07-21T04:17:16","modified_gmt":"2025-07-21T04:17:16","slug":"jnr-falcon-x-18000-szivas-eldobhato-e-cigaretta-citrom-es-lime","status":"publish","type":"product","link":"https:\/\/alfakher24h.de\/hu\/termek\/jnr-falcon-x-18000-szivas-eldobhato-e-cigaretta-citrom-es-lime\/","title":{"rendered":"JNR FALCON X 18000 Puffs h\u00faz\u00e1sok eldobhat\u00f3 e-cigaretta Citrom \u00e9s Lime"},"content":{"rendered":"<p><img loading=\"lazy\" decoding=\"async\" class=\"alignnone size-full wp-image-2006\" src=\"https:\/\/alfakher24h.de\/wp-content\/uploads\/2025\/07\/24hvape-jnr-falon-x-18000-puffs-24hvape-jnr-falon-x-18000-puffs-sleek-vape-jnr-falon-x-18000-puffs-product-parameters.jpg.webp\" alt=\"\" width=\"1000\" height=\"1000\" title=\"\" srcset=\"https:\/\/alfakher24h.de\/wp-content\/uploads\/2025\/07\/24hvape-jnr-falon-x-18000-puffs-24hvape-jnr-falon-x-18000-puffs-sleek-vape-jnr-falon-x-18000-puffs-product-parameters.jpg.webp 1000w, https:\/\/alfakher24h.de\/wp-content\/uploads\/2025\/07\/24hvape-jnr-falon-x-18000-puffs-24hvape-jnr-falon-x-18000-puffs-sleek-vape-jnr-falon-x-18000-puffs-product-parameters.jpg-300x300.webp 300w, https:\/\/alfakher24h.de\/wp-content\/uploads\/2025\/07\/24hvape-jnr-falon-x-18000-puffs-24hvape-jnr-falon-x-18000-puffs-sleek-vape-jnr-falon-x-18000-puffs-product-parameters.jpg-150x150.webp 150w, https:\/\/alfakher24h.de\/wp-content\/uploads\/2025\/07\/24hvape-jnr-falon-x-18000-puffs-24hvape-jnr-falon-x-18000-puffs-sleek-vape-jnr-falon-x-18000-puffs-product-parameters.jpg-768x768.webp 768w, https:\/\/alfakher24h.de\/wp-content\/uploads\/2025\/07\/24hvape-jnr-falon-x-18000-puffs-24hvape-jnr-falon-x-18000-puffs-sleek-vape-jnr-falon-x-18000-puffs-product-parameters.jpg-12x12.webp 12w, https:\/\/alfakher24h.de\/wp-content\/uploads\/2025\/07\/24hvape-jnr-falon-x-18000-puffs-24hvape-jnr-falon-x-18000-puffs-sleek-vape-jnr-falon-x-18000-puffs-product-parameters.jpg-600x600.webp 600w, https:\/\/alfakher24h.de\/wp-content\/uploads\/2025\/07\/24hvape-jnr-falon-x-18000-puffs-24hvape-jnr-falon-x-18000-puffs-sleek-vape-jnr-falon-x-18000-puffs-product-parameters.jpg-100x100.webp 100w\" sizes=\"auto, (max-width: 1000px) 100vw, 1000px\" \/><\/p>\n<p>&nbsp;<\/p>\n<p>L\u00e9pjen be a g\u0151z\u00f6l\u00e9s j\u00f6v\u0151j\u00e9be a\u00a0<a href=\"https:\/\/alfakher24h.de\/hu\/?post_type=product&amp;p=2009&amp;preview=true\"><strong>JNR Falcon X 18000 Puffs<\/strong>,<\/a> fejlett, eldobhat\u00f3 vape, amely \u00f6tv\u00f6zi az er\u0151t, a pontoss\u00e1got \u00e9s a sokoldal\u00fas\u00e1got a p\u00e1ratlan \u00e9lm\u00e9ny \u00e9rdek\u00e9ben. Tervezve egy jelent\u0151s\u00a0<strong>24 ml e-liquid kapacit\u00e1s<\/strong>\u00a0\u00e9s ak\u00e1r\u00a0<strong>18000 puff<\/strong>Ez az eszk\u00f6z hosszabb haszn\u00e1latra k\u00e9sz\u00fclt, an\u00e9lk\u00fcl, hogy fel\u00e1ldozn\u00e1 az \u00edzt vagy a kiel\u00e9g\u00fcl\u00e9st.<\/p>\n<p>Bemutatkozva\u00a0<strong>du\u00e1lis mesh tekercsek<\/strong>\u00a0\u00e9s\u00a0<strong>dual core technol\u00f3gia<\/strong>\u00a00,6\u03a9-os ellen\u00e1ll\u00e1s\u00e1val a Falcon X kiv\u00e9teles g\u0151ztermel\u00e9st \u00e9s gazdag, testes \u00edzt biztos\u00edt minden egyes sz\u00edv\u00e1sn\u00e1l.\u00a0<strong>\u00e1ll\u00edthat\u00f3 l\u00e9g\u00e1raml\u00e1s<\/strong>\u00a0lehet\u0151v\u00e9 teszi, hogy minden p\u00f6f\u00f6g\u00e9st az \u00d6n preferenci\u00e1ihoz igaz\u00edtson, biztos\u00edtva ezzel minden alkalommal egy z\u00f6kken\u0151mentes \u00e9lm\u00e9nyt. V\u00e1lassza ki az ide\u00e1lis nikotiner\u0151t\u00a0<strong>2%\u00a0<\/strong>minden tal\u00e1latot szem\u00e9lyre szabni, \u00e9s felt\u00e1rni a v\u00e1ltozatoss\u00e1got\u00a0<strong>29 \u00edzes\u00edt\u00e9s<\/strong>\u00a0K\u00fcl\u00f6nb\u00f6z\u0151 \u00edzl\u00e9svil\u00e1goknak megfelel\u0151en kialak\u00edtva.<\/p>\n<p>Powered by a\u00a0<strong>\u00fajrat\u00f6lthet\u0151 950mAh akkumul\u00e1tor<\/strong>\u00a0\u00e9s tov\u00e1bbfejlesztett v\u00e1ltozat\u00e1val\u00a0<strong>Type-C gyors t\u00f6lt\u00e9s<\/strong>A JNR Falcon X minimaliz\u00e1lja az \u00e1ll\u00e1sid\u0151t, \u00edgy tov\u00e1bb vape-olhat.\u00a0<strong>digit\u00e1lis LED kijelz\u0151<\/strong>\u00a0Figyelemmel k\u00eds\u00e9ri a f\u00faj\u00e1sok sz\u00e1m\u00e1t, az akkumul\u00e1tor \u00e9lettartam\u00e1t \u00e9s az e-folyad\u00e9k szintj\u00e9t, \u00edgy mindig t\u00e1j\u00e9kozott marad.<\/p>\n<p>Sleek diz\u00e1jnnal, felhaszn\u00e1l\u00f3bar\u00e1t funkci\u00f3kkal \u00e9s p\u00e1ratlan teljes\u00edtm\u00e9nnyel az\u00a0<a href=\"https:\/\/alfakher24h.de\/hu\/?post_type=product&amp;p=2009&amp;preview=true\"><strong>JNR Falcon X 18000 Puffs<\/strong><\/a>\u00a0Minden egyes sz\u00edv\u00e1st kifinomults\u00e1ggal t\u00f6lt el, \u00edgy az abszol\u00fat eldobhat\u00f3 k\u00e9sz\u00fcl\u00e9k mind a tapasztalt g\u0151z\u00f6l\u0151k, mind az \u00fajoncok sz\u00e1m\u00e1ra.<\/p>\n<h5><strong>JNR FALCON X 18000 18k Puffs<\/strong><br \/>\n<strong>Funkci\u00f3k:<\/strong><\/h5>\n<ul>\n<li>2% Nikotin<\/li>\n<li>Puffs: 18000<\/li>\n<li>Kapacit\u00e1s: 24 ml<\/li>\n<li>29 \u00edzes\u00edt\u00e9s \u00e9rhet\u0151 el<\/li>\n<li>950 mAh \u00fajrat\u00f6lthet\u0151 akkumul\u00e1tor<\/li>\n<li>Dual Mesh Coil &amp; Dual Core<\/li>\n<li>Digit\u00e1lis kijelz\u0151<\/li>\n<li>0,6\u03a9 h\u00e1l\u00f3s tekercs<\/li>\n<li>\u00c1ll\u00edthat\u00f3 l\u00e9g\u00e1raml\u00e1s<\/li>\n<\/ul>","protected":false},"excerpt":{"rendered":"<p>vonatok: 18000 vonat vape<br \/>\nAkku: 950 mAh<br \/>\nSpule: Dual Mesh \nmagyar\u00e1zat n\u00e9lk\u00fcl \ncsak ford\u00edt\u00e1s \nDual Mesh tekercs<br \/>\n24 ml<br \/>\nTyp: 20 mg<\/p>","protected":false},"featured_media":2013,"comment_status":"open","ping_status":"closed","template":"","meta":{"om_disable_all_campaigns":false},"product_brand":[],"product_cat":[47],"product_tag":[],"class_list":{"0":"post-2012","1":"product","2":"type-product","3":"status-publish","4":"has-post-thumbnail","6":"product_cat-jnr-falcon-x-18000-18k-puffs","8":"first","9":"instock","10":"shipping-taxable","11":"purchasable","12":"product-type-simple"},"_links":{"self":[{"href":"https:\/\/alfakher24h.de\/hu\/wp-json\/wp\/v2\/product\/2012","targetHints":{"allow":["GET"]}}],"collection":[{"href":"https:\/\/alfakher24h.de\/hu\/wp-json\/wp\/v2\/product"}],"about":[{"href":"https:\/\/alfakher24h.de\/hu\/wp-json\/wp\/v2\/types\/product"}],"replies":[{"embeddable":true,"href":"https:\/\/alfakher24h.de\/hu\/wp-json\/wp\/v2\/comments?post=2012"}],"wp:featuredmedia":[{"embeddable":true,"href":"https:\/\/alfakher24h.de\/hu\/wp-json\/wp\/v2\/media\/2013"}],"wp:attachment":[{"href":"https:\/\/alfakher24h.de\/hu\/wp-json\/wp\/v2\/media?parent=2012"}],"wp:term":[{"taxonomy":"product_brand","embeddable":true,"href":"https:\/\/alfakher24h.de\/hu\/wp-json\/wp\/v2\/product_brand?post=2012"},{"taxonomy":"product_cat","embeddable":true,"href":"https:\/\/alfakher24h.de\/hu\/wp-json\/wp\/v2\/product_cat?post=2012"},{"taxonomy":"product_tag","embeddable":true,"href":"https:\/\/alfakher24h.de\/hu\/wp-json\/wp\/v2\/product_tag?post=2012"}],"curies":[{"name":"wp","href":"https:\/\/api.w.org\/{rel}","templated":true}]}}