{"id":1890,"date":"2025-04-29T05:59:17","date_gmt":"2025-04-29T05:59:17","guid":{"rendered":"https:\/\/alfakher24h.de\/?post_type=product&#038;p=1890"},"modified":"2025-07-12T13:38:07","modified_gmt":"2025-07-12T13:38:07","slug":"request-failed-with-status-code-547","status":"publish","type":"product","link":"https:\/\/alfakher24h.de\/hu\/termek\/request-failed-with-status-code-547\/","title":{"rendered":"AI Fakher Crown Bar Hypermax 15000 h\u00faz\u00e1s eldobhat\u00f3 e-cigaretta - fagyott eper kivi"},"content":{"rendered":"<h2 class=\"\" data-start=\"0\" data-end=\"61\">AI Fakher Crown Bar Hypermax 15000 h\u00faz\u00e1sok Egyszerhaszn\u00e1latos E-cigaretta<\/h2>\n<div style=\"width: 848px;\" class=\"wp-video\"><video class=\"wp-video-shortcode\" id=\"video-1890-1\" width=\"848\" height=\"480\" preload=\"metadata\" controls=\"controls\"><source type=\"video\/mp4\" src=\"https:\/\/alfakher24h.de\/wp-content\/uploads\/2025\/04\/AF-15K-HYPERMAX-.mp4?_=1\" \/><a href=\"https:\/\/alfakher24h.de\/wp-content\/uploads\/2025\/04\/AF-15K-HYPERMAX-.mp4\">https:\/\/alfakher24h.de\/wp-content\/uploads\/2025\/04\/AF-15K-HYPERMAX-.mp4<\/a><\/video><\/div>\n<h3 class=\"\" data-start=\"63\" data-end=\"112\">Nagy \u00e9rt\u00e9k\u0171 g\u0151z\u00f6l\u00e9si \u00e9lm\u00e9ny ig\u00e9nyeseknek<\/h3>\n<p class=\"\" data-start=\"114\" data-end=\"619\">A\u00a0<strong data-start=\"118\" data-end=\"180\">AI Fakher Crown Bar Hypermax 15000 h\u00faz\u00e1s eldobhat\u00f3 e-cigaretta<\/strong>\u00a0\u00daj m\u00e9rc\u00e9ket \u00e1ll\u00edt fel a g\u0151z\u00f6l\u00e9s ter\u00fclet\u00e9n.  Egy leny\u0171g\u00f6z\u0151, 22 ml el\u0151t\u00f6lt\u00f6tt e-folyad\u00e9kkal \u00e9s egy hossz\u00fa \u00e9lettartam\u00fa 600 mAh-s akkumul\u00e1torral ez az eszk\u00f6z ak\u00e1r 15 000 sz\u00edv\u00e1st is biztos\u00edt - ide\u00e1lis mindazok sz\u00e1m\u00e1ra, akik intenz\u00edv \u00e9s hossz\u00fa t\u00e1v\u00fa g\u0151z\u00f6l\u00e9si \u00e9lm\u00e9nyt keresnek.  A modern diz\u00e1jn, a kiv\u00e1l\u00f3 min\u0151s\u00e9g\u0171 anyagok \u00e9s az innovat\u00edv technol\u00f3gia kombin\u00e1ci\u00f3ja a Crown Bar Hypermax-ot n\u00e9lk\u00fcl\u00f6zhetetlen k\u00eds\u00e9r\u0151v\u00e9 teszi \u00fatk\u00f6zben.<\/p>\n<h3 class=\"\" data-start=\"621\" data-end=\"653\">Term\u00e9ktulajdons\u00e1gok \u00e1ttekint\u00e9se<\/h3>\n<ul data-start=\"655\" data-end=\"1563\">\n<li class=\"\" data-start=\"655\" data-end=\"773\">\n<p class=\"\" data-start=\"657\" data-end=\"773\"><strong data-start=\"657\" data-end=\"690\">Nagylegener\u00f3zus E-folyad\u00e9k kapacit\u00e1s<\/strong>:\u00a0<span class=\"relative -mx-px my-[-0.2rem] rounded px-px py-[0.2rem] transition-colors duration-100 ease-in-out\">22 ml el\u0151t\u00f6lt\u00f6tt e-folyad\u00e9kkal hossz\u00fa ideig tart\u00f3 g\u0151z\u00f6l\u00e9si \u00e9lvezetet tapasztalhat an\u00e9lk\u00fcl, hogy gyakran ut\u00e1nt\u00f6ltene.<\/span>Semmi<\/p>\n<\/li>\n<li class=\"\" data-start=\"775\" data-end=\"883\">\n<p class=\"\" data-start=\"777\" data-end=\"883\"><strong data-start=\"777\" data-end=\"800\">Hossz\u00fa \u00e9lettartam\u00fa akkumul\u00e1tor<\/strong>:\u00a0<span class=\"relative -mx-px my-[-0.2rem] rounded px-px py-[0.2rem] transition-colors duration-100 ease-in-out\">A be\u00e9p\u00edtett 600\u202fmAh-s akkumul\u00e1tor folyamatos teljes\u00edtm\u00e9nyt biztos\u00edt, \u00e9s ak\u00e1r 15 000 sz\u00edv\u00e1st tesz lehet\u0151v\u00e9.<\/span>Semmi<\/p>\n<\/li>\n<li class=\"\" data-start=\"885\" data-end=\"989\">\n<p class=\"\" data-start=\"887\" data-end=\"989\"><strong data-start=\"887\" data-end=\"906\">Pontos kijelz\u00e9s<\/strong>:\u00a0<span class=\"relative -mx-px my-[-0.2rem] rounded px-px py-[0.2rem] transition-colors duration-100 ease-in-out\">A be\u00e9p\u00edtett kijelz\u0151nek k\u00f6sz\u00f6nhet\u0151en mindig \u00e1tl\u00e1thatja a folyad\u00e9kszintet \u00e9s az akkumul\u00e1tor \u00e1llapot\u00e1t.<\/span>Semmi<\/p>\n<\/li>\n<li class=\"\" data-start=\"991\" data-end=\"1099\">\n<p class=\"\" data-start=\"993\" data-end=\"1099\"><strong data-start=\"993\" data-end=\"1016\">K\u00e9nyelmes kialak\u00edt\u00e1s<\/strong>:\u00a0<span class=\"relative -mx-px my-[-0.2rem] rounded px-px py-[0.2rem] transition-colors duration-100 ease-in-out\">A ergonomikus b\u0151r markolat\u00fa fel\u00fclet kellemesen illeszkedik a k\u00e9zbe, \u00e9s eleg\u00e1ns megjelen\u00e9st k\u00f6lcs\u00f6n\u00f6z az eszk\u00f6znek.<\/span>Semmi<\/p>\n<\/li>\n<li class=\"\" data-start=\"1101\" data-end=\"1210\">\n<p class=\"\" data-start=\"1103\" data-end=\"1210\"><strong data-start=\"1103\" data-end=\"1127\">Er\u0151s nikotintartalom<\/strong>:\u00a0<span class=\"relative -mx-px my-[-0.2rem] rounded px-px py-[0.2rem] transition-colors duration-100 ease-in-out\">2 % (20 mg\/ml) nikotintartalm\u00fa e-cigaretta intenz\u00edv \u00edz\u00e9lm\u00e9nyt ny\u00fajt.<\/span>Semmi<\/p>\n<\/li>\n<li class=\"\" data-start=\"1212\" data-end=\"1322\">\n<p class=\"\" data-start=\"1214\" data-end=\"1322\"><strong data-start=\"1214\" data-end=\"1235\">Gyakorlati t\u00f6lt\u00e9s<\/strong>:\u00a0<span class=\"relative -mx-px my-[-0.2rem] rounded px-px py-[0.2rem] transition-colors duration-100 ease-in-out\">Type-C t\u00f6lt\u0151aljzattal felszerelve (k\u00e1bel nem tartoz\u00e9k) a gyors \u00e9s k\u00e9nyelmes t\u00f6lt\u00e9s \u00e9rdek\u00e9ben.<\/span>Semmi<\/p>\n<\/li>\n<li class=\"\" data-start=\"1324\" data-end=\"1450\">\n<p class=\"\" data-start=\"1326\" data-end=\"1450\"><strong data-start=\"1326\" data-end=\"1363\">Direkt-a-t\u00fcd\u0151be-vezetett-technika (DTL)<\/strong>:\u00a0<span class=\"relative -mx-px my-[-0.2rem] rounded px-px py-[0.2rem] transition-colors duration-100 ease-in-out\">Egy intenz\u00edv g\u0151z\u00e9lm\u00e9nyhez, amely k\u00f6zel \u00e1ll a hagyom\u00e1nyos v\u00edzipipa-\u00e9lvezethez.<\/span>Semmi<\/p>\n<\/li>\n<li class=\"\" data-start=\"1452\" data-end=\"1563\">\n<p class=\"\" data-start=\"1454\" data-end=\"1563\"><strong data-start=\"1454\" data-end=\"1476\">Felhaszn\u00e1l\u00f3bar\u00e1t<\/strong>:\u00a0<span class=\"relative -mx-px my-[-0.2rem] rounded px-px py-[0.2rem] transition-colors duration-100 ease-in-out\">Aktiv\u00e1l\u00e1s h\u00faz\u00e1ssal \u2013 nincs sz\u00fcks\u00e9g gombnyom\u00e1sra.<\/span>Semmi<\/p>\n<\/li>\n<\/ul>\n<h3 class=\"\" data-start=\"1565\" data-end=\"1599\">\u00cdz\u00e9lm\u00e9nyek r\u00e9szletesen<\/h3>\n<p class=\"\" data-start=\"1719\" data-end=\"1822\"><strong data-start=\"1719\" data-end=\"1735\">Cherry Fizz<\/strong>:\u00a0<span class=\"relative -mx-px my-[-0.2rem] rounded px-px py-[0.2rem] transition-colors duration-100 ease-in-out\">A \u00e9rett cseresznye spricces \u00edze, kombin\u00e1lva egy pezsg\u0151 kortyolgat\u00e1si \u00e9rzettel, \u00e9l\u00e9nk\u00edt\u0151 g\u0151z\u00f6l\u00e9si \u00e9lm\u00e9nyt ny\u00fajt.<\/span>Semmi<\/p>\n<h3 class=\"\" data-start=\"2046\" data-end=\"2083\">Mi\u00e9rt v\u00e1s\u00e1roljon az alfakher24h.de-n?<\/h3>\n<p class=\"\" data-start=\"2085\" data-end=\"2493\">N\u00e9metorsz\u00e1g legnagyobb egyszer haszn\u00e1latos e-cigaretta online keresked\u0151jek\u00e9nt az alfakher24h.de sz\u00e9les v\u00e1laszt\u00e9kot k\u00edn\u00e1l kiv\u00e1l\u00f3 min\u0151s\u00e9g\u0171 term\u00e9kekb\u0151l vonz\u00f3 \u00e1ron. Profit\u00e1ljon gyors sz\u00e1ll\u00edtm\u00e1nyoz\u00e1sunkb\u00f3l, kiv\u00e1l\u00f3 \u00fcgyf\u00e9lszolg\u00e1latunkb\u00f3l \u00e9s exkluz\u00edv aj\u00e1nlatainkb\u00f3l. Fedezze fel a v\u00e1ltozatoss\u00e1got\u00a0<strong data-start=\"2378\" data-end=\"2440\">AI Fakher Crown Bar Hypermax 15000 h\u00faz\u00e1s eldobhat\u00f3 e-cigaretta<\/strong>\u00a0\u00e9s tapasztalja meg a p\u00e1ratlan g\u0151z\u00f6l\u00e9si \u00e9lm\u00e9nyt.<\/p>\n<p class=\"\" data-start=\"2495\" data-end=\"2613\">L\u00e1togassa meg weboldalunkat, alfakher24h.de\u00a0 \u00e9s tal\u00e1lja meg \u00faj kedvenc e-cigaret\u00e1j\u00e1t!<\/p>\n<h2 data-start=\"0\" data-end=\"135\"><img loading=\"lazy\" decoding=\"async\" class=\"alignnone wp-image-3093 size-full\" title=\"AI Fakher Crown Bar Hypermax 15000 h\u00faz\u00e1s eldobhat\u00f3 e-cigaretta - Cherry Fizz 2\" src=\"https:\/\/alfakher24h.de\/wp-content\/uploads\/2025\/04\/AF-15K-HYPERMAX-2.webp\" sizes=\"auto, (max-width: 1058px) 100vw, 1058px\" srcset=\"https:\/\/alfakher24h.de\/wp-content\/uploads\/2025\/04\/AF-15K-HYPERMAX-2.webp 1058w, https:\/\/alfakher24h.de\/wp-content\/uploads\/2025\/04\/AF-15K-HYPERMAX-2-300x206.webp 300w, https:\/\/alfakher24h.de\/wp-content\/uploads\/2025\/04\/AF-15K-HYPERMAX-2-1024x703.webp 1024w, https:\/\/alfakher24h.de\/wp-content\/uploads\/2025\/04\/AF-15K-HYPERMAX-2-768x527.webp 768w, https:\/\/alfakher24h.de\/wp-content\/uploads\/2025\/04\/AF-15K-HYPERMAX-2-18x12.webp 18w, https:\/\/alfakher24h.de\/wp-content\/uploads\/2025\/04\/AF-15K-HYPERMAX-2-600x412.webp 600w\" alt=\"AI Fakher Crown Bar Hypermax 15000 h\u00faz\u00e1s eldobhat\u00f3 e-cigaretta - Cherry Fizz\" width=\"1058\" height=\"726\" \/><\/h2>","protected":false},"excerpt":{"rendered":"<p>A\u00a0<strong data-start=\"4\" data-end=\"66\">AI Fakher Crown Bar Hypermax 15000 h\u00faz\u00e1s eldobhat\u00f3 e-cigaretta<\/strong>\u00a022 ml E-Liquidet, 600 mAh akkumul\u00e1torral, intenz\u00edv arom\u00e1kkal \u00e9s ak\u00e1r 15 000 h\u00faz\u00e1ssal kiv\u00e1l\u00f3, hossz\u00fa t\u00e1v\u00fa g\u0151z\u00f6l\u00e9si \u00e9lm\u00e9nyt ny\u00fajt a k\u00e9nyes \u00ednyenceknek.<\/p>","protected":false},"featured_media":1863,"comment_status":"open","ping_status":"closed","template":"","meta":{"om_disable_all_campaigns":false},"product_brand":[],"product_cat":[46],"product_tag":[],"class_list":{"0":"post-1890","1":"product","2":"type-product","3":"status-publish","4":"has-post-thumbnail","6":"product_cat-al-fakher-crown-bar-hypermax-15000","8":"first","9":"instock","10":"shipping-taxable","11":"purchasable","12":"product-type-simple"},"_links":{"self":[{"href":"https:\/\/alfakher24h.de\/hu\/wp-json\/wp\/v2\/product\/1890","targetHints":{"allow":["GET"]}}],"collection":[{"href":"https:\/\/alfakher24h.de\/hu\/wp-json\/wp\/v2\/product"}],"about":[{"href":"https:\/\/alfakher24h.de\/hu\/wp-json\/wp\/v2\/types\/product"}],"replies":[{"embeddable":true,"href":"https:\/\/alfakher24h.de\/hu\/wp-json\/wp\/v2\/comments?post=1890"}],"wp:featuredmedia":[{"embeddable":true,"href":"https:\/\/alfakher24h.de\/hu\/wp-json\/wp\/v2\/media\/1863"}],"wp:attachment":[{"href":"https:\/\/alfakher24h.de\/hu\/wp-json\/wp\/v2\/media?parent=1890"}],"wp:term":[{"taxonomy":"product_brand","embeddable":true,"href":"https:\/\/alfakher24h.de\/hu\/wp-json\/wp\/v2\/product_brand?post=1890"},{"taxonomy":"product_cat","embeddable":true,"href":"https:\/\/alfakher24h.de\/hu\/wp-json\/wp\/v2\/product_cat?post=1890"},{"taxonomy":"product_tag","embeddable":true,"href":"https:\/\/alfakher24h.de\/hu\/wp-json\/wp\/v2\/product_tag?post=1890"}],"curies":[{"name":"wp","href":"https:\/\/api.w.org\/{rel}","templated":true}]}}