{"id":1775,"date":"2025-03-11T11:59:10","date_gmt":"2025-03-11T11:59:10","guid":{"rendered":"https:\/\/alfakher24h.de\/?post_type=product&#038;p=1775"},"modified":"2025-07-12T13:27:54","modified_gmt":"2025-07-12T13:27:54","slug":"httperror-response-code-429-too-many-requests-26","status":"publish","type":"product","link":"https:\/\/alfakher24h.de\/hu\/termek\/httperror-response-code-429-too-many-requests-26\/","title":{"rendered":"Arymi IFun 28000 h\u00faz\u00e1s egyszerhaszn\u00e1latos e-cigaretta - Juice Peach Ice - Eperdinnye Bubble"},"content":{"rendered":"<h1 data-start=\"0\" data-end=\"68\">Arymi IFun 28000 h\u00faz\u00e1s Egyszer haszn\u00e1latos E-cigaretta: A forradalom a vapingen bel\u00fcl<\/h1>\n<p data-start=\"70\" data-end=\"617\">A\u00a0<strong data-start=\"74\" data-end=\"118\">Arymi IFun 28000 h\u00faz\u00e1sos eldobhat\u00f3 e-cigaretta<\/strong>\u00a0Biztos\u00edtja a p\u00e1ratlan vaporiz\u00e1ci\u00f3s \u00e9lm\u00e9nyt a n\u00e9metorsz\u00e1gi ig\u00e9nyes g\u0151z\u00f6l\u0151k sz\u00e1m\u00e1ra. Leny\u0171g\u00f6z\u0151 sz\u00e1mmal\u00a0<strong data-start=\"245\" data-end=\"261\">28 000 vonatb\u00f3l<\/strong>egy\u00a0<strong data-start=\"269\" data-end=\"301\">nagy folyad\u00e9kkapacit\u00e1s<\/strong>\u00a0-t\u00f3l \n-t\u0151l\u00a0<strong data-start=\"306\" data-end=\"315\">28 ml<\/strong>\u00a0\u00e9s egy\u00a0<strong data-start=\"326\" data-end=\"360\">modern mesh coil technol\u00f3gia<\/strong>\u00a0Ez az eldobhat\u00f3 e-cigaretta a t\u00f6k\u00e9letes v\u00e1laszt\u00e1s mindazok sz\u00e1m\u00e1ra, akik a \u00edzre, a teljes\u00edtm\u00e9nyre \u00e9s a k\u00e9nyelemre helyezik a hangs\u00falyt. Ha \u00f6n egy\u00a0<strong data-start=\"484\" data-end=\"506\">Eldobhat\u00f3 e-cigaretta<\/strong>\u00a0nikotint tartalmaz\u00f3 v\u00e1s\u00e1rl\u00e1s\u00e1hoz\u00a0<strong data-start=\"543\" data-end=\"563\">Arymi IFun 28000<\/strong>\u00a0Az ide\u00e1lis megold\u00e1s, amely mindent k\u00edn\u00e1l, amit \u00d6n keres \u00e9s m\u00e9g t\u00f6bbet is.<\/p>\n<p data-start=\"619\" data-end=\"1009\">El\u00e9rhet\u0151 a k\u00f6vetkez\u0151 helyen:\u00a0<a href=\"https:\/\/alfakher24h.de\/hu\/\"><strong data-start=\"634\" data-end=\"653\">alfakherwelt.de<\/strong><\/a>a legnagyobb online boltj\u00e1nak\u00a0<strong data-start=\"683\" data-end=\"706\">Eldobhat\u00f3 e-cigarett\u00e1k<\/strong>\u00a0N\u00e9metorsz\u00e1gban k\u00e9nyelmesen otthonr\u00f3l megrendelheti ezt a fejlett vape-ot. Ebben a cikkben t\u00f6bbet megtudhat az egyedi tulajdons\u00e1gair\u00f3l\u00a0<strong data-start=\"873\" data-end=\"893\">Arymi IFun 28000<\/strong>a k\u00fcl\u00f6nb\u00f6z\u0151 \u00edzek \u00e9s mi\u00e9rt ezek\u00a0<strong data-start=\"950\" data-end=\"972\">Eldobhat\u00f3 e-cigaretta<\/strong>\u00a0A legjobb v\u00e1laszt\u00e1s a g\u0151z\u00f6l\u00e9shez.<\/p>\n<h3 data-start=\"1011\" data-end=\"1086\">Kiemelked\u0151 tulajdons\u00e1gai az Arymi IFun 28000 vonat\u00fa egyszer haszn\u00e1latos e-cigarett\u00e1nak<\/h3>\n<h4 data-start=\"1088\" data-end=\"1139\">1.\u00a0<strong data-start=\"1095\" data-end=\"1139\">P\u00e1ratlan sz\u00e1m\u00fa vonat (28 000 vonat)<\/strong><\/h4>\n<p data-start=\"1140\" data-end=\"1420\">Legfeljebb\u00a0<strong data-start=\"1151\" data-end=\"1167\">28 000 vonatb\u00f3l<\/strong>\u00a0Felaj\u00e1nlja az Arymi IFun-t\u00a0<strong data-start=\"1190\" data-end=\"1209\">hosszabb haszn\u00e1lat<\/strong>\u00a0sok hagyom\u00e1nyos\u00a0<strong data-start=\"1233\" data-end=\"1256\">Eldobhat\u00f3 e-cigarett\u00e1k<\/strong>\u00a0a piacon. Ezen leny\u0171g\u00f6z\u0151\u00a0<strong data-start=\"1300\" data-end=\"1315\">Puffsz\u00e1m<\/strong>\u00a0\u00c9lvezze a hossz\u00fa t\u00e1v\u00fa vape-\u00e9lm\u00e9nyt a gyakori ut\u00e1nt\u00f6lt\u00e9s vagy a k\u00e9sz\u00fcl\u00e9k cser\u00e9je n\u00e9lk\u00fcl.<\/p>\n<h4 data-start=\"1422\" data-end=\"1467\">2.\u00a0<strong data-start=\"1429\" data-end=\"1467\">Nagy e-folyad\u00e9k kapacit\u00e1s: 28 ml<\/strong><\/h4>\n<p data-start=\"1468\" data-end=\"1689\">A\u00a0<strong data-start=\"1472\" data-end=\"1490\">28 ml E-Liquid<\/strong>A nagyobb kapacit\u00e1s biztos\u00edtja, hogy hosszabb ideig tudjon g\u0151z\u00f6lni an\u00e9lk\u00fcl, hogy a folyad\u00e9k ut\u00e1nt\u00f6lt\u00e9s\u00e9n gondolkodna. Ide\u00e1lis azok sz\u00e1m\u00e1ra, akik hosszabb \u00e9s gondtalanabb haszn\u00e1latot szeretnek.<\/p>\n<h4 data-start=\"1691\" data-end=\"1763\">3.\u00a0<strong data-start=\"1698\" data-end=\"1763\">Halad\u00f3 h\u00e1l\u00f3sz\u00f6vet technol\u00f3gia (1,0 \u03a9 Dual Mesh Coil)<\/strong><\/h4>\n<p data-start=\"1764\" data-end=\"2042\">A\u00a0<strong data-start=\"1768\" data-end=\"1781\">H\u00e1l\u00f3s tekercs<\/strong>\u00a0biztos\u00edtja az e-liquid egyenletes p\u00e1rolg\u00e1s\u00e1t \u00e9s intenz\u00edvebb \u00edz\u00e9lm\u00e9nyt ny\u00fajt.\u00a0<strong data-start=\"1882\" data-end=\"1900\">Du\u00e1lis Mesh Tekercs<\/strong>\u00a0mit\u00a0<strong data-start=\"1905\" data-end=\"1914\">1,0 \u03a9<\/strong>\u00a0ellen\u00e1ll\u00e1s nemcsak s\u0171r\u0171 g\u0151ztermel\u00e9st biztos\u00edt \u00d6nnek, hanem egy\u00a0<strong data-start=\"1991\" data-end=\"2018\">\u00edz\u00e9ben t\u00f6k\u00e9letes<\/strong>\u00a0\u00c9lm\u00e9ny minden vonat\u00faton.<\/p>\n<h4 data-start=\"2044\" data-end=\"2099\">4.\u00a0<strong data-start=\"2051\" data-end=\"2099\">Testreszabhat\u00f3 l\u00e9g\u00e1raml\u00e1s az egy\u00e9ni g\u0151z\u00f6l\u00e9shez<\/strong><\/h4>\n<p data-start=\"2100\" data-end=\"2349\">A\u00a0<strong data-start=\"2104\" data-end=\"2128\">\u00e1ll\u00edthat\u00f3 l\u00e9g\u00e1raml\u00e1s<\/strong>\u00a0Az Arymi IFun eldobhat\u00f3 e-cigaretta lehet\u0151v\u00e9 teszi, hogy a leveg\u0151ell\u00e1t\u00e1st az \u00d6n preferenci\u00e1i szerint \u00e1ll\u00edtsa be. \u00cdgy \u00d6n k\u00e9pes\u00a0<strong data-start=\"2250\" data-end=\"2266\">Vontat\u00e1si tulajdons\u00e1gok<\/strong>\u00a0Sz\u00e1mtalan lehet\u0151s\u00e9g k\u00f6z\u00fcl v\u00e1laszthat, szem\u00e9lyre szabhatja, legyen sz\u00f3 ak\u00e1r egy k\u00f6nnyebb, ak\u00e1r egy er\u0151sebb vonatr\u00f3l.<\/p>\n<h4 data-start=\"2351\" data-end=\"2392\">5.\u00a0<strong data-start=\"2358\" data-end=\"2392\">600 mAh kapacit\u00e1s\u00fa akkumul\u00e1tor<\/strong><\/h4>\n<p data-start=\"2393\" data-end=\"2634\">A\u00a0<strong data-start=\"2397\" data-end=\"2417\">600 mAh akkumul\u00e1tor<\/strong>\u00a0biztos\u00edtja a k\u00e9sz\u00fcl\u00e9k teljes \u00e9lettartama alatt a megb\u00edzhat\u00f3 teljes\u00edtm\u00e9nyt. Mit\u00a0<strong data-start=\"2500\" data-end=\"2524\">Type-C t\u00f6lt\u0151csatlakoz\u00f3<\/strong>\u00a0Megtehetik a\u00a0<strong data-start=\"2540\" data-end=\"2583\">Az akkumul\u00e1tort gyorsan \u00e9s hat\u00e9konyan felt\u00f6lteni<\/strong>hogy a g\u0151z\u00f6l\u00e9si \u00e9lm\u00e9nyt tov\u00e1bb meghosszabb\u00edts\u00e1k.<\/p>\n<h4 data-start=\"2636\" data-end=\"2667\">6.\u00a0<strong data-start=\"2643\" data-end=\"2667\">Nikotinst\u00e4rke von 21mg \n(Frissre nem ford\u00edtjuk, de a sz\u00e1mokat leford\u00edtjuk magyar sz\u00e1mokra amennyiben azok sz\u00f6vegesen vannak ki\u00edrva.) \n21 milligramm<\/strong><\/h4>\n<p data-start=\"2668\" data-end=\"2904\">A\u00a0<strong data-start=\"2672\" data-end=\"2693\">2 % Nikotin er\u0151ss\u00e9g<\/strong>\u00a0biztos\u00edt egy kellemes l\u00f6ket mindazok sz\u00e1m\u00e1ra, akik m\u00e9rs\u00e9kelt nikotinbev\u00e9telt keresnek an\u00e9lk\u00fcl, hogy t\u00falzottan ig\u00e9nybe venn\u00e9k magukat. T\u00f6k\u00e9letes azok sz\u00e1m\u00e1ra, akik a hagyom\u00e1nyos cigarett\u00e1r\u00f3l v\u00e1ltanak \u00e1t\u00a0<strong data-start=\"2869\" data-end=\"2885\">E-cigarett\u00e1k<\/strong>\u00a0um szeretn\u00e9nek sz\u00e1llni.<\/p>\n<h4 data-start=\"2906\" data-end=\"2956\">7.\u00a0<strong data-start=\"2913\" data-end=\"2956\">Gyakorlati egyedi csomag \u00e9s nagy kiszerel\u00e9s<\/strong><\/h4>\n<p data-start=\"2957\" data-end=\"3217\">Minden\u00a0<strong data-start=\"2962\" data-end=\"3001\">Arymi IFun 28000 eldobhat\u00f3 e-cigaretta<\/strong>\u00a0csak m\u00e9r\u00a0<strong data-start=\"3012\" data-end=\"3021\">120 g<\/strong>\u00a0\u00e9s egy csomagban van vele\u00a0<strong data-start=\"3051\" data-end=\"3063\">10 darab<\/strong>\u00a0El\u00e9rhet\u0151. Nagyobb rendel\u00e9sekhez szint\u00e9n\u00a0<strong data-start=\"3114\" data-end=\"3139\">Kartondobozok 200 darabbal<\/strong>amelyek kereskedelmi \u00e9rt\u00e9kes\u00edt\u00e9sre vagy szem\u00e9lyes haszn\u00e1latra alkalmasak.<\/p>\n<hr data-start=\"3219\" data-end=\"3222\" \/>\n<h3 data-start=\"3224\" data-end=\"3290\">Az Arymi IFun 28000 Z\u00fcge Einweg E-Zigarette arom\u00e1inak r\u00e9szletei<\/h3>\n<p data-start=\"3292\" data-end=\"3686\">Az Arymi IFun 28000 bietet eine\u00a0<strong data-start=\"3325\" data-end=\"3370\">Gazdag v\u00e1laszt\u00e9k finom arom\u00e1kb\u00f3l<\/strong>, amely minden haszn\u00e1lat sor\u00e1n k\u00e9nyezteti az \u00edzlel\u0151bimb\u00f3it. Minden\u00a0<strong data-start=\"3440\" data-end=\"3462\">Eldobhat\u00f3 e-cigaretta<\/strong>\u00a0arra tervezt\u00e9k, hogy intenz\u00edv \u00e9s\u00a0<strong data-start=\"3510\" data-end=\"3544\">\u00e9leth\u0171 \u00edz\u00e9lm\u00e9ny<\/strong>\u00a0Felk\u00edn\u00e1ljuk. Az al\u00e1bbiakban r\u00e9szletes le\u00edr\u00e1sokat tal\u00e1l a legn\u00e9pszer\u0171bb \u00edzekr\u0151l, amelyeket \u00e9lvezhet k\u00e9sz\u00fcl\u00e9k\u00e9n:<\/p>\n<h4 data-start=\"3688\" data-end=\"3714\"><strong data-start=\"3692\" data-end=\"3714\">1. \u0150szibar\u00e1t j\u00e9g<\/strong><\/h4>\n<p data-start=\"3715\" data-end=\"4139\">A\u00a0<strong data-start=\"3719\" data-end=\"3738\">Juice Peach Ice<\/strong>Az \u00edz kombin\u00e1ci\u00f3 egyes\u00edti az \u00e9rett \u0151szibarack \u00e9des, l\u00e9d\u00fas \u00edz\u00e9t egy friss, h\u0171s mentol csavarral.\u00a0<strong data-start=\"3867\" data-end=\"3884\">barack jegyzet<\/strong>\u00a0t\u00f6k\u00e9letesen kiegyens\u00falyozott \u00e9s teljes, gy\u00fcm\u00f6lcs\u00f6s \u00edzt k\u00edn\u00e1l, amelyet a\u00a0<strong data-start=\"3972\" data-end=\"3987\">J\u00e9gh\u0171t\u00e9s<\/strong>\u00a0Egy friss\u00edt\u0151 h\u0171v\u00f6ss\u00e9get kap. Ez az \u00edz ide\u00e1lis a meleg ny\u00e1ri napokra, \u00e9s kellemes, h\u0171s\u00edt\u0151 frissess\u00e9get ny\u00fajt minden h\u00faz\u00e1s ut\u00e1n.<\/p>\n<h4 data-start=\"4141\" data-end=\"4180\"><strong data-start=\"4145\" data-end=\"4180\">2. Eper S\u00e1rgadinnye Bubor\u00e9k<\/strong><\/h4>\n<p data-start=\"4181\" data-end=\"4633\">A\u00a0<strong data-start=\"4185\" data-end=\"4217\">Eper S\u00e1rgadinnye Bubor\u00e9k<\/strong>Az aroma-kombin\u00e1ci\u00f3 \u00f6tv\u00f6zi az \u00e9rett gy\u00fcm\u00f6lcs\u00f6k \u00e9des \u00edz\u00e9t\u00a0<strong data-start=\"4278\" data-end=\"4291\">Erdbeeren \nnem kell ford\u00edtani \n\nVagy \nEper<\/strong>\u00a0\u00e9s\u00a0<strong data-start=\"4296\" data-end=\"4313\">V\u00edzimel\u00f3nok<\/strong>\u00a0egy \u00e1rnyalatnyi\u00a0<strong data-start=\"4334\" data-end=\"4346\">R\u00e1g\u00f3gumi<\/strong>Ez a kever\u00e9k eml\u00e9keztet a gyerekkori finom r\u00e1g\u00f3gumi-\u00e9lm\u00e9nyre, egy gy\u00fcm\u00f6lcs\u00f6s csavar\u00e1ssal, ami egyszerre \u00e9des \u00e9s friss\u00edt\u0151. Az \u00edze\u00a0<strong data-start=\"4506\" data-end=\"4531\">gy\u00fcm\u00f6lcs\u00f6s \u00e9s intenz\u00edv<\/strong>egy \u00e9des eper-v\u00edzimel\u00f3n\u00e1s jegyzettel, amelyet a r\u00e1g\u00f3gumi \u00edze t\u00f6k\u00e9letesen kieg\u00e9sz\u00edt.<\/p>\n<p data-start=\"4181\" data-end=\"4633\"><img loading=\"lazy\" decoding=\"async\" class=\"alignnone wp-image-2302 size-full\" title=\"Arymi IFun 28000 h\u00faz\u00f3 egyszer haszn\u00e1latos e-cigaretta - Juice Peach Ice - Strawberry Watermelon Bubble 2\" src=\"https:\/\/alfakher24h.de\/wp-content\/uploads\/2025\/03\/all1.webp\" sizes=\"auto, (max-width: 904px) 100vw, 904px\" srcset=\"https:\/\/alfakher24h.de\/wp-content\/uploads\/2025\/03\/all1.webp 904w, https:\/\/alfakher24h.de\/wp-content\/uploads\/2025\/03\/all1-212x300.webp 212w, https:\/\/alfakher24h.de\/wp-content\/uploads\/2025\/03\/all1-723x1024.webp 723w, https:\/\/alfakher24h.de\/wp-content\/uploads\/2025\/03\/all1-768x1087.webp 768w, https:\/\/alfakher24h.de\/wp-content\/uploads\/2025\/03\/all1-8x12.webp 8w, https:\/\/alfakher24h.de\/wp-content\/uploads\/2025\/03\/all1-600x850.webp 600w\" alt=\"Arymi IFun 28000 h\u00faz\u00f3 egyszer haszn\u00e1latos e-cigaretta - Juice Peach Ice - Eperdinnye Bubble\" width=\"904\" height=\"1280\" \/><\/p>\n<hr data-start=\"4635\" data-end=\"4638\" \/>\n<h3 data-start=\"4640\" data-end=\"4712\">Mi\u00e9rt \u00e9rdemes megv\u00e1s\u00e1rolni az Arymi IFun 28000 h\u00faz\u00f3s eldobhat\u00f3 e-cigarett\u00e1t<\/h3>\n<h4 data-start=\"4714\" data-end=\"4769\"><strong data-start=\"4718\" data-end=\"4769\">Hossz\u00fa eltarthat\u00f3s\u00e1g a hossz\u00fa t\u00e1v\u00fa \u00f6r\u00f6m\u00e9rt<\/strong><\/h4>\n<p data-start=\"4770\" data-end=\"5114\">K\u00f6sz\u00f6nhet\u0151en a\u00a0<strong data-start=\"4779\" data-end=\"4793\">28 000 vonat<\/strong>\u00a0\u00e9s a nagylelk\u0171\u00a0<strong data-start=\"4814\" data-end=\"4842\">28 ml e-folyad\u00e9k kapacit\u00e1s<\/strong>\u00a0Ez?\u00a0<strong data-start=\"4853\" data-end=\"4875\">Eldobhat\u00f3 e-cigaretta<\/strong>\u00a0a t\u00f6k\u00e9letes v\u00e1laszt\u00e1s a g\u0151z\u00f6l\u0151k sz\u00e1m\u00e1ra, akik egy\u00a0<strong data-start=\"4916\" data-end=\"4937\">hossz\u00fa eltarthat\u00f3s\u00e1g<\/strong>\u00a0minden vonatra r\u00e1 lehet \u00fclni an\u00e9lk\u00fcl, hogy gyakran kellene ut\u00e1nt\u00f6lteni vagy k\u00e9sz\u00fcl\u00e9ket cser\u00e9lni. Minden vonatra felsz\u00e1llhat an\u00e9lk\u00fcl, hogy gondolnia kellene a t\u00f6lt\u00e9sre vagy a k\u00e9sz\u00fcl\u00e9k cser\u00e9j\u00e9re.<\/p>\n<h4 data-start=\"5116\" data-end=\"5172\"><strong data-start=\"5120\" data-end=\"5172\">Pr\u00e9mium min\u0151s\u00e9g\u0171 a kifinomult g\u0151z\u00f6l\u0151 sz\u00e1m\u00e1ra<\/strong><\/h4>\n<p data-start=\"5173\" data-end=\"5473\">Az Arymi IFun nemcsak\u00a0<strong data-start=\"5205\" data-end=\"5236\">nagy kapacit\u00e1s \u00e9s teljes\u00edtm\u00e9ny<\/strong>Hanem szint\u00e9n\u00a0<strong data-start=\"5251\" data-end=\"5278\">nagy \u00e9rt\u00e9k\u0171 \u00f6sszetev\u0151k<\/strong>\u00a0mint ahogy\u00a0<strong data-start=\"5287\" data-end=\"5312\">Mesh-Coil technol\u00f3gia<\/strong>\u00a0\u00e9s a\u00a0<strong data-start=\"5321\" data-end=\"5343\">\u00e1ll\u00edthat\u00f3 l\u00e9g\u00e1raml\u00e1s<\/strong>-Opci\u00f3. Ezek a funkci\u00f3k kiemelked\u0151 g\u0151z\u00f6l\u00e9si \u00e9lm\u00e9nyt biztos\u00edtanak, \u00e9s intenz\u00edv, egyenletes \u00edzt garant\u00e1lnak.<\/p>\n<h4 data-start=\"5475\" data-end=\"5527\"><strong data-start=\"5479\" data-end=\"5527\">T\u00f6k\u00e9letes kezd\u0151k \u00e9s tapasztalt g\u0151z\u00f6l\u0151k sz\u00e1m\u00e1ra<\/strong><\/h4>\n<p data-start=\"5528\" data-end=\"5810\">K\u00f6sz\u00f6nhet\u0151en a\u00a0<strong data-start=\"5537\" data-end=\"5561\">Egyszer\u0171 kezelhet\u0151s\u00e9g<\/strong>A , des\u00a0<strong data-start=\"5567\" data-end=\"5588\">kompakt tervez\u00e9s\u0171<\/strong>\u00a0\u00e9s a\u00a0<strong data-start=\"5597\" data-end=\"5625\">gyakorlati hordozhat\u00f3s\u00e1g<\/strong>\u00a0Alkalmas az Arymi IFun mind a\u00a0<strong data-start=\"5664\" data-end=\"5686\">G\u0151z\u00f6s kezd\u0151knek<\/strong>\u00a0\u00e9s a tapasztalt felhaszn\u00e1l\u00f3k sz\u00e1m\u00e1ra is, akik keresnek egy\u00a0<strong data-start=\"5747\" data-end=\"5781\">nagy \u00e9rt\u00e9k\u0171 \u00e9s megb\u00edzhat\u00f3<\/strong>\u00a0<strong data-start=\"5782\" data-end=\"5804\">Eldobhat\u00f3 e-cigaretta<\/strong>\u00a0vannak.<\/p>\n<hr data-start=\"5812\" data-end=\"5815\" \/>\n<h3 data-start=\"5817\" data-end=\"5849\">Gyik (Gyakran Ism\u00e9telt K\u00e9rd\u00e9sek)<\/h3>\n<p data-start=\"5851\" data-end=\"6044\"><strong data-start=\"5851\" data-end=\"5933\">1. H\u00e1ny sz\u00edv\u00e1st v\u00e1rhatok az Arymi IFun 28000 sz\u00edv\u00e1sos E-cigarett\u00e1t\u00f3l?<\/strong>\u00a0Az Arymi IFun ak\u00e1r  -ot is k\u00edn\u00e1l \u00d6nnek\u00a0<strong data-start=\"5969\" data-end=\"5984\">28 000 vonat<\/strong>ami a piacon el\u00e9rhet\u0151 egyik legnagyobb kapacit\u00e1st jelenti.<\/p>\n<p data-start=\"6046\" data-end=\"6241\"><strong data-start=\"6046\" data-end=\"6118\">2. Az Arymi IFun 28000 Z\u00fcge Einweg-E-Zigarette \u00fajrat\u00f6lthet\u0151?<\/strong>\u00a0Igen, az Arymi IFun rendelkezik egy\u00a0<strong data-start=\"6157\" data-end=\"6181\">Type-C t\u00f6lt\u0151csatlakoz\u00f3<\/strong>\u00edgy sz\u00fcks\u00e9g eset\u00e9n \u00fajra felt\u00f6ltheti az akkumul\u00e1tort.<\/p>\n<p data-start=\"6243\" data-end=\"6408\"><strong data-start=\"6243\" data-end=\"6296\">3. Milyen nikotiner\u0151ss\u00e9g\u0171 az Arymi IFun 28000?<\/strong>\u00a0Die Arymi IFun ist mit einer  -hez nincs el\u00e9g inform\u00e1ci\u00f3\u00a0<strong data-start=\"6326\" data-end=\"6352\">Nikotin er\u0151ss\u00e9ge 2 mg<\/strong>\u00a0felszerelve, ami m\u00e9rs\u00e9kelt nikotinbevitelt biztos\u00edt.<\/p>\n<p data-start=\"6410\" data-end=\"6597\"><strong data-start=\"6410\" data-end=\"6460\">Milyen \u00edzek \u00e9rhet\u0151k el?<\/strong>\u00a0Jelenleg a k\u00f6vetkez\u0151ket k\u00edn\u00e1ljuk:\u00a0<strong data-start=\"6484\" data-end=\"6503\">Juice Peach Ice<\/strong>\u00a0\u00e9s\u00a0<strong data-start=\"6508\" data-end=\"6540\">Eper S\u00e1rgadinnye Bubor\u00e9k<\/strong>\u00a0\u00cdzeket tartalmaz. Tov\u00e1bbi \u00edzek tervez\u00e9s alatt \u00e1llnak.<\/p>\n<p data-start=\"6599\" data-end=\"6811\"><strong data-start=\"6599\" data-end=\"6662\">5. Hogyan tiszt\u00edtsam az Arymi IFun 28000 eldobhat\u00f3 e-cigarett\u00e1t?<\/strong>\u00a0Mivel ez egy\u00a0<strong data-start=\"6682\" data-end=\"6704\">Eldobhat\u00f3 e-cigaretta<\/strong>\u00a0Ezzel kapcsolatban nem kell tiszt\u00edtani \u0151ket.  Teljes haszn\u00e1lat ut\u00e1n egyszer\u0171en megsemmis\u00edtheti \u0151ket.<\/p>\n<hr data-start=\"6813\" data-end=\"6816\" \/>\n<p data-start=\"6818\" data-end=\"7153\">A\u00a0<strong data-start=\"6822\" data-end=\"6866\">Arymi IFun 28000 h\u00faz\u00e1sos eldobhat\u00f3 e-cigaretta<\/strong>\u00a0ide\u00e1lis v\u00e1laszt\u00e1s mindazok sz\u00e1m\u00e1ra, akik egy\u00a0<strong data-start=\"6906\" data-end=\"6970\">Hosszantart\u00f3, \u00edzletes \u00e9s szem\u00e9lyre szabhat\u00f3 g\u0151z\u00f6l\u00e9si \u00e9lm\u00e9ny<\/strong>\u00a0keresnek. Ha \u00d6n\u00a0<strong data-start=\"6988\" data-end=\"7011\">Eldobhat\u00f3 e-cigarett\u00e1k<\/strong>\u00a0v\u00e1s\u00e1rolni szeretn\u00e9nek, l\u00e1togassanak el\u00a0<a href=\"https:\/\/alfakher24h.de\/hu\/\"><strong data-start=\"7041\" data-end=\"7060\">alfakherwelt.de<\/strong><\/a>N\u00e9metorsz\u00e1g legnagyobb online \u00e9rt\u00e9kes\u00edt\u00e9si platformja sz\u00e1m\u00e1ra\u00a0<strong data-start=\"7117\" data-end=\"7152\">Egyszer haszn\u00e1latos e-cigarett\u00e1k nikotinnal<\/strong>.<\/p>","protected":false},"excerpt":{"rendered":"<p>Arymi IFun 28000 sz\u00edv\u00e1s Eldobhat\u00f3 E-cigaretta: A forradalom a vapingen A(z) Arymi IFun 28000 sz\u00edv\u00e1s eldobhat\u00f3 E-cigaretta p\u00e1ratlan vapinglehet\u0151s\u00e9get k\u00edn\u00e1l a n\u00e9metorsz\u00e1gi ig\u00e9nyes g\u0151z\u00f6l\u0151k sz\u00e1m\u00e1ra.  Az ak\u00e1r 28 000 sz\u00edv\u00e1st biztos\u00edt\u00f3, nagy folyad\u00e9kkapacit\u00e1s\u00fa (28 ml) \u00e9s modern mesh-tekercs technol\u00f3gi\u00e1val rendelkez\u0151 eldobhat\u00f3 E-cigaretta t\u00f6k\u00e9letes v\u00e1laszt\u00e1s mindazok sz\u00e1m\u00e1ra, akik a \u00edzre, a teljes\u00edtm\u00e9nyre \u00e9s a k\u00e9nyelemre helyezik a hangs\u00falyt. Ha nikotint tartalmaz\u00f3 eldobhat\u00f3 E-cigarett\u00e1t szeretne v\u00e1s\u00e1rolni, [\u2026]","protected":false},"featured_media":1776,"comment_status":"open","ping_status":"closed","template":"","meta":{"om_disable_all_campaigns":false},"product_brand":[],"product_cat":[45],"product_tag":[],"class_list":{"0":"post-1775","1":"product","2":"type-product","3":"status-publish","4":"has-post-thumbnail","6":"product_cat-arymi-ifun-28000","8":"first","9":"outofstock","10":"shipping-taxable","11":"purchasable","12":"product-type-simple"},"_links":{"self":[{"href":"https:\/\/alfakher24h.de\/hu\/wp-json\/wp\/v2\/product\/1775","targetHints":{"allow":["GET"]}}],"collection":[{"href":"https:\/\/alfakher24h.de\/hu\/wp-json\/wp\/v2\/product"}],"about":[{"href":"https:\/\/alfakher24h.de\/hu\/wp-json\/wp\/v2\/types\/product"}],"replies":[{"embeddable":true,"href":"https:\/\/alfakher24h.de\/hu\/wp-json\/wp\/v2\/comments?post=1775"}],"wp:featuredmedia":[{"embeddable":true,"href":"https:\/\/alfakher24h.de\/hu\/wp-json\/wp\/v2\/media\/1776"}],"wp:attachment":[{"href":"https:\/\/alfakher24h.de\/hu\/wp-json\/wp\/v2\/media?parent=1775"}],"wp:term":[{"taxonomy":"product_brand","embeddable":true,"href":"https:\/\/alfakher24h.de\/hu\/wp-json\/wp\/v2\/product_brand?post=1775"},{"taxonomy":"product_cat","embeddable":true,"href":"https:\/\/alfakher24h.de\/hu\/wp-json\/wp\/v2\/product_cat?post=1775"},{"taxonomy":"product_tag","embeddable":true,"href":"https:\/\/alfakher24h.de\/hu\/wp-json\/wp\/v2\/product_tag?post=1775"}],"curies":[{"name":"wp","href":"https:\/\/api.w.org\/{rel}","templated":true}]}}