{"id":1773,"date":"2025-03-11T11:52:34","date_gmt":"2025-03-11T11:52:34","guid":{"rendered":"https:\/\/alfakher24h.de\/?post_type=product&#038;p=1773"},"modified":"2025-07-12T13:27:54","modified_gmt":"2025-07-12T13:27:54","slug":"httperror-response-code-429-too-many-requests-30","status":"publish","type":"product","link":"https:\/\/alfakher24h.de\/hu\/termek\/httperror-response-code-429-too-many-requests-30\/","title":{"rendered":"Arymi IFun 28000 Z\u00fcge Einweg E-Zigarette \u2013 Mixed Berries \u2013 Pina Colada Rum"},"content":{"rendered":"<hr data-start=\"813\" data-end=\"816\" \/>\n<h3 data-start=\"818\" data-end=\"844\"><strong data-start=\"821\" data-end=\"844\">Term\u00e9kle\u00edr\u00e1s<\/strong><\/h3>\n<p data-start=\"846\" data-end=\"1366\">A\u00a0<strong data-start=\"850\" data-end=\"894\">Arymi IFun 28000 vonatok\u00a0<a href=\"https:\/\/alfakher24h.de\/hu\/\">Egyszer haszn\u00e1latos e-cigaretta<\/a><\/strong>\u00a0biztos\u00edtja \u00d6nnek 28 000 vonalas, leny\u0171g\u00f6z\u0151 sz\u00e1m\u00e1val egy rendk\u00edv\u00fcl hossz\u00fa ideig tart\u00f3 g\u0151zhaj\u00f3z\u00e1si \u00e9lm\u00e9nyt ny\u00fajt. Fel van szerelve egy\u00a0<strong data-start=\"1032\" data-end=\"1067\">nagy, 28 ml-es E-folyad\u00e9k kapacit\u00e1s<\/strong>\u00a0\u00e9s egy\u00a0<strong data-start=\"1078\" data-end=\"1100\">2 % Nikotin er\u0151ss\u00e9g<\/strong>Ez a modell ide\u00e1lis azoknak a vapereknek, akik er\u0151s, de m\u00e9gis kellemes nikotinbevitelt szeretn\u00e9nek.\u00a0<strong data-start=\"1211\" data-end=\"1233\">Egyszer haszn\u00e1latos e-cigaretta<\/strong>\u00a0nemcsak er\u0151s, hanem \u00e1tgondoltan tervezett, hogy maximaliz\u00e1lja az \u00edzt \u00e9s a felhaszn\u00e1l\u00f3i \u00e9lm\u00e9nyt.<\/p>\n<p data-start=\"1368\" data-end=\"1953\">Egyetlen\u00a0<strong data-start=\"1378\" data-end=\"1411\">600 mAh tiszta kobalt akkumul\u00e1tor<\/strong>, amelyek per\u00a0<strong data-start=\"1421\" data-end=\"1431\">Type-C<\/strong>\u00a0felt\u00f6lthet\u0151, akkor biztos lehet benne, hogy az \u00d6n\u00a0<strong data-start=\"1490\" data-end=\"1505\">E-cigaretta<\/strong>\u00a0a teljes haszn\u00e1latuk sor\u00e1n megb\u00edzhat\u00f3an m\u0171k\u00f6d\u00f6tt. A\u00a0<strong data-start=\"1584\" data-end=\"1608\">1,0 \u03a9 Dual Mesh Coil<\/strong>\u00a0k\u00fcl\u00f6n\u00f6sen gazdag \u00e9s intenz\u00edv \u00edz\u00e9rt. K\u00f6sz\u00f6nhet\u0151en annak,\u00a0<strong data-start=\"1678\" data-end=\"1704\">\u00e1ll\u00edthat\u00f3 l\u00e9g\u00e1raml\u00e1sok<\/strong>\u00a0A g\u0151z\u00f6l\u00e9si \u00e9lm\u00e9nyt teljes m\u00e9rt\u00e9kben szem\u00e9lyre szabhatja, \u00e9s \u00edgy megtal\u00e1lhatja a t\u00f6k\u00e9letes vonatot mag\u00e1nak. Ak\u00e1r enyhe, ak\u00e1r intenz\u00edvebb vonatot r\u00e9szes\u00edt el\u0151nyben, a\u00a0<strong data-start=\"1876\" data-end=\"1901\">Arymi IFun 28000 vonatok<\/strong>\u00a0Bietet Ihnen eine erstklassige Anpassungsf\u00e4higkeit. \nnem ig\u00e9nyel ford\u00edt\u00e1st<\/p>\n<p data-start=\"1955\" data-end=\"2349\">Tov\u00e1bbi praktikus funkci\u00f3 a\u00a0<strong data-start=\"1996\" data-end=\"2038\">E-folyad\u00e9k \u00e9s akkumul\u00e1tor \u00e1llapotjelz\u0151<\/strong>, amellyel b\u00e1rmikor figyelemmel k\u00eds\u00e9rheti az akkumul\u00e1tor \u00e9s a folyad\u00e9kk\u00e9szlet aktu\u00e1lis \u00e1llapot\u00e1t. Ennek a kialak\u00edt\u00e1sa\u00a0<strong data-start=\"2167\" data-end=\"2189\">eldobhat\u00f3 e-cigaretta<\/strong>\u00a0nemcsak a funkcionalit\u00e1sra, hanem az eszt\u00e9tik\u00e1ra is tervezt\u00e9k, \u00edgy ezzel a term\u00e9kkel mind a teljes\u00edtm\u00e9ny, mind az optika ter\u00e9n ragyoghat.<\/p>\n<p data-start=\"2351\" data-end=\"2379\"><strong data-start=\"2351\" data-end=\"2379\">R\u00e9szletek egy pillant\u00e1s alatt:<\/strong><\/p>\n<ul data-start=\"2380\" data-end=\"2759\">\n<li data-start=\"2380\" data-end=\"2411\"><strong data-start=\"2382\" data-end=\"2392\">Puffok:<\/strong>\u00a0Legfeljebb 28 000 vonat<\/li>\n<li data-start=\"2412\" data-end=\"2443\"><strong data-start=\"2414\" data-end=\"2437\">E-Liquid kapacit\u00e1s:<\/strong>\u00a028 ml<\/li>\n<li data-start=\"2444\" data-end=\"2476\"><strong data-start=\"2446\" data-end=\"2464\">Nikotintartalom:<\/strong>\u00a02 % Nikotin \n\n(Megjegyz\u00e9s: Nem sz\u00fcks\u00e9ges ford\u00edt\u00e1s, ez\u00e9rt visszat\u00e9r az eredeti sz\u00f6veg)\n2 % Nikotin<\/li>\n<li data-start=\"2477\" data-end=\"2514\"><strong data-start=\"2479\" data-end=\"2492\">Akku:<\/strong>\u00a0600 mAh tiszta kobalt<\/li>\n<li data-start=\"2515\" data-end=\"2577\"><strong data-start=\"2517\" data-end=\"2531\">H\u00e1l\u00f3 tekercs<\/strong>\u00a01,0 \u03a9 Dual Mesh Coil intenz\u00edv \u00edzhez<\/li>\n<li data-start=\"2578\" data-end=\"2641\"><strong data-start=\"2580\" data-end=\"2605\">\u00c1ll\u00edthat\u00f3 l\u00e9g\u00e1raml\u00e1s<\/strong>\u00a0szem\u00e9lyre szabott g\u0151z\u00f6l\u00e9si \u00e9lm\u00e9nyekhez<\/li>\n<li data-start=\"2642\" data-end=\"2681\"><strong data-start=\"2644\" data-end=\"2681\">Elem- \u00e9s folyad\u00e9k kijelz\u0151<\/strong><\/li>\n<li data-start=\"2682\" data-end=\"2728\"><strong data-start=\"2684\" data-end=\"2707\">Csomagol\u00e1si egys\u00e9g:<\/strong>\u00a010 darab\/csomag<\/li>\n<li data-start=\"2729\" data-end=\"2759\"><strong data-start=\"2731\" data-end=\"2753\">S\u00faly darabonk\u00e9nt:<\/strong>\u00a0120 g<\/li>\n<\/ul>\n<hr data-start=\"2761\" data-end=\"2764\" \/>\n<h3 data-start=\"2766\" data-end=\"2842\"><strong data-start=\"2769\" data-end=\"2842\">Mi\u00e9rt \u00e9rdemes megv\u00e1s\u00e1rolni az Arymi IFun 28000 Z\u00fcge eldobhat\u00f3 e-cigarett\u00e1t<\/strong><\/h3>\n<p data-start=\"2844\" data-end=\"3163\">A\u00a0<strong data-start=\"2848\" data-end=\"2892\">Arymi IFun 28000 h\u00faz\u00e1s egyszer haszn\u00e1latos e-cigaretta<\/strong>\u00a0Nemcsak kiv\u00e9teles tart\u00f3ss\u00e1got \u00e9s teljes\u00edtm\u00e9nyt ny\u00fajt, hanem sz\u00e1mos el\u0151nyt is k\u00edn\u00e1l, amelyek miatt a legjobb v\u00e1laszt\u00e1s a g\u0151z\u00f6l\u00e9s szerelmeseinek, akik \u00e9rt\u00e9kelik a min\u0151s\u00e9get \u00e9s az \u00e9lvezetet. Itt van n\u00e9h\u00e1ny ok, mi\u00e9rt \u00e9rdemes ezt a term\u00e9ket v\u00e1lasztania:<\/p>\n<ol data-start=\"3165\" data-end=\"4242\">\n<li data-start=\"3165\" data-end=\"3342\"><strong data-start=\"3168\" data-end=\"3200\">Verhetetlen puffkapacit\u00e1s:<\/strong>\u00a0Legfeljebb\u00a0<strong data-start=\"3212\" data-end=\"3228\">28 000 vonatb\u00f3l<\/strong>\u00a0Biztos\u00edtja az iFun k\u00fcl\u00f6n\u00f6sen hossz\u00fa \u00e9lvezet\u00e9t, \u00edgy nem kell agg\u00f3dnia a gyakori ut\u00e1nv\u00e1s\u00e1rl\u00e1sok miatt.<\/li>\n<li data-start=\"3343\" data-end=\"3558\"><strong data-start=\"3346\" data-end=\"3401\">Hossz\u00fa haszn\u00e1lati id\u0151 a nagy teljes\u00edtm\u00e9ny\u0171 akkumul\u00e1tor miatt:<\/strong>\u00a0A\u00a0<strong data-start=\"3406\" data-end=\"3433\">600 mAh kobalt akkumul\u00e1tor<\/strong>\u00a0biztos\u00edtja a folyamatos teljes\u00edtm\u00e9nyt a haszn\u00e1lat teljes id\u0151tartama alatt, \u00e9s egyszer\u0171en \u00e1t lehet kapcsolni\u00a0<strong data-start=\"3529\" data-end=\"3539\">Type-C<\/strong>\u00a0felt\u00f6lteni.<\/li>\n<li data-start=\"3559\" data-end=\"3747\"><strong data-start=\"3562\" data-end=\"3593\">Sz \u0634\u062e\u0635\u06cc\u00edtett g\u0151z\u00f6l\u00e9s:<\/strong>\u00a0A k\u00f6vetkez\u0151vel\u00a0<strong data-start=\"3602\" data-end=\"3627\">\u00e1ll\u00edthat\u00f3 l\u00e9g\u00e1raml\u00e1s<\/strong>\u00a0A g\u0151z\u00f6l\u00e9si \u00e9lm\u00e9nyt teljes m\u00e9rt\u00e9kben szem\u00e9lyre szabhatja - az enyhe h\u00faz\u00e1st\u00f3l az intenz\u00edv \u00e9lm\u00e9nyig.<\/li>\n<li data-start=\"3748\" data-end=\"3905\"><strong data-start=\"3751\" data-end=\"3789\">Pr\u00e9mium \u00edz a Mesh Coil seg\u00edts\u00e9g\u00e9vel:<\/strong>\u00a0A\u00a0<strong data-start=\"3794\" data-end=\"3818\">1,0 \u03a9 Dual Mesh Coil<\/strong>\u00a0Egyenletes p\u00e1rolg\u00e1st \u00e9s gazdag, intenz\u00edv \u00edzt biztos\u00edt.<\/li>\n<li data-start=\"3906\" data-end=\"4101\"><strong data-start=\"3909\" data-end=\"3936\">Gyakorlati mutat\u00f3k:<\/strong>\u00a0A\u00a0<strong data-start=\"3941\" data-end=\"3975\">Elem \u00e9s E-liquid kijelz\u0151<\/strong>\u00a0Biztos\u00edtj\u00e1k, hogy mindig k\u00e9pben legyen, \u00e9s soha ne \u00e9rje meglepet\u00e9sk\u00e9nt egy lemer\u00fclt akkumul\u00e1tor vagy \u00fcres folyad\u00e9k.<\/li>\n<li data-start=\"4102\" data-end=\"4242\"><strong data-start=\"4105\" data-end=\"4142\">T\u00f6bbf\u00e9le \u00edzvil\u00e1g:<\/strong>\u00a0\u00c9lje \u00e1t a finom arom\u00e1k sz\u00e9les sk\u00e1l\u00e1j\u00e1t, amelyek a g\u0151z\u00f6l\u00e9st igazi \u00e9lvezett\u00e9 teszik.<\/li>\n<\/ol>\n<p><img loading=\"lazy\" decoding=\"async\" class=\"alignnone wp-image-2299 size-full\" title=\"Arymi IFun 28000 Z\u00fcge Einweg E Zigarette - Vegyes Bogy\u00f3k - Pina Colada Rum 2\" src=\"https:\/\/alfakher24h.de\/wp-content\/uploads\/2025\/03\/arymi-hookalit-2.webp\" sizes=\"auto, (max-width: 1077px) 100vw, 1077px\" srcset=\"https:\/\/alfakher24h.de\/wp-content\/uploads\/2025\/03\/arymi-hookalit-2.webp 1077w, https:\/\/alfakher24h.de\/wp-content\/uploads\/2025\/03\/arymi-hookalit-2-300x284.webp 300w, https:\/\/alfakher24h.de\/wp-content\/uploads\/2025\/03\/arymi-hookalit-2-1024x970.webp 1024w, https:\/\/alfakher24h.de\/wp-content\/uploads\/2025\/03\/arymi-hookalit-2-768x727.webp 768w, https:\/\/alfakher24h.de\/wp-content\/uploads\/2025\/03\/arymi-hookalit-2-13x12.webp 13w, https:\/\/alfakher24h.de\/wp-content\/uploads\/2025\/03\/arymi-hookalit-2-600x568.webp 600w\" alt=\"Arymi IFun 28000 Z\u00fcge Einweg E Zigarette - Vegyes Bogy\u00f3k - Pina Colada Rum\" width=\"1077\" height=\"1020\" \/><\/p>\n<h3 data-start=\"4249\" data-end=\"4308\"><strong data-start=\"4252\" data-end=\"4308\">\u00cdzek der\u00a0<a href=\"https:\/\/alfakher24h.de\/hu\/\">Arymi<\/a> IFun 28000 h\u00faz\u00e1s\u00a0\u00a0egyszer haszn\u00e1latos e-cigaretta<\/strong><\/h3>\n<p data-start=\"4310\" data-end=\"4622\">A\u00a0<strong data-start=\"4314\" data-end=\"4358\">Arymi IFun 28000 h\u00faz\u00e1s egyszer haszn\u00e1latos e-cigaretta<\/strong>\u00a0nemcsak kiemelked\u0151 teljes\u00edtm\u00e9nyt, hanem hihetetlen v\u00e1laszt\u00e9kot is k\u00edn\u00e1l\u00a0<strong data-start=\"4442\" data-end=\"4466\">\u00cdzek<\/strong>, amelyek m\u00e9g a legig\u00e9nyesebb g\u0151z\u00f6l\u0151ket is kiel\u00e9g\u00edtik majd. Itt van n\u00e9h\u00e1ny a legn\u00e9pszer\u0171bb \u00edzek k\u00f6z\u00fcl, amelyeket a alfakher24h.de oldalon tal\u00e1lhat:<\/p>\n<h4 data-start=\"4624\" data-end=\"4645\"><strong data-start=\"4628\" data-end=\"4645\">Vegyes Bogy\u00f3k<\/strong><\/h4>\n<p data-start=\"4646\" data-end=\"5111\">Ez az aroma k\u00fcl\u00f6nb\u00f6z\u0151 bogy\u00f3s gy\u00fcm\u00f6lcs\u00f6k \u00e9des \u00e9s friss illatait \u00f6tv\u00f6zi, hogy egyedi \u00edz\u00e9lm\u00e9nyt ny\u00fajtson. A\u00a0<strong data-start=\"4777\" data-end=\"4794\">Vegyes Bogy\u00f3k<\/strong>\u00a0Egy kiegyens\u00falyozott kever\u00e9ket k\u00edn\u00e1lnak m\u00e1ln\u00e1b\u00f3l, eperb\u0151l, \u00e1fony\u00e1b\u00f3l \u00e9s fekete ribizlib\u0151l, amelyek friss gy\u00fcm\u00f6lcs\u00f6ss\u00e9ggel \u00e9s egy csipetnyi \u00e9dess\u00e9ggel k\u00e9nyeztetik az \u00edzlel\u0151bimb\u00f3kat. A\u00a0<strong data-start=\"4979\" data-end=\"4997\">Bogy\u00f3kever\u00e9k<\/strong>\u00a0Biztos\u00edtja az intenz\u00edv \u00e9s hosszan tart\u00f3 \u00edz\u00e9lm\u00e9nyt, ami minden g\u0151z\u00f6l\u00e9si alkalmat k\u00fcl\u00f6nlegess\u00e9 tesz.<\/p>\n<h4 data-start=\"5113\" data-end=\"5136\"><strong data-start=\"5117\" data-end=\"5136\">Pina Colada Rum<\/strong><\/h4>\n<p data-start=\"5137\" data-end=\"5601\">Mer\u00fclj\u00f6n el a tr\u00f3pusi \u00e9lvezetben a\u00a0<strong data-start=\"5186\" data-end=\"5205\">Pina Colada Rum<\/strong>\u00cdz. Ez az e-cigaretta k\u00f6zvetlen\u00fcl elhozza a Karibi-t\u00e9rs\u00e9g egzotikus hangulat\u00e1t \u00d6nnek.\u00a0<strong data-start=\"5295\" data-end=\"5329\">Anan\u00e1sz \u00edze<\/strong>\u00a0keveredik t\u00f6k\u00e9letesen a\u00a0<strong data-start=\"5361\" data-end=\"5383\">kr\u00e9mes k\u00f3kusz<\/strong>\u00a0\u00e9s egy \u00e1rnyalatnyi\u00a0<strong data-start=\"5404\" data-end=\"5411\">Rum<\/strong>Hogy egy finom, \u00e9des \u00e9lm\u00e9nyt ny\u00fajtson, ami azonnal nyaral\u00e1s hangulatot id\u00e9z el\u0151. Minden r\u00fad olyan \u00e9rz\u00e9st kelt, mint egy tr\u00f3pusi \u00e9lvezet - ide\u00e1lis azok sz\u00e1m\u00e1ra, akik szeretik a gy\u00fcm\u00f6lcs\u00f6s \u00e9s friss\u00edt\u0151 \u00edzeket.<\/p>\n<hr data-start=\"5603\" data-end=\"5606\" \/>\n<h3 data-start=\"5608\" data-end=\"5645\"><strong data-start=\"5611\" data-end=\"5645\">Gyik (Gyakran Ism\u00e9telt K\u00e9rd\u00e9sek)<\/strong><\/h3>\n<h4 data-start=\"5647\" data-end=\"5717\"><strong data-start=\"5651\" data-end=\"5717\">A(z) Arymi IFun 28000 eldobhat\u00f3 e-cigaretta k\u00f6r\u00fclbel\u00fcl 28000 f\u00fcst\u00f6l\u00e9st biztos\u00edt.<\/strong><\/h4>\n<p data-start=\"5718\" data-end=\"5875\">A\u00a0<strong data-start=\"5722\" data-end=\"5747\">Arymi IFun 28000 vonatok<\/strong>\u00a0Egy haszn\u00e1latra sz\u00e1nt e-cigaretta ak\u00e1r 28 000 sz\u00edv\u00e1st is biztos\u00edt, ami az egyik leghosszabb \u00e9lettartam\u00fa, piacon kaphat\u00f3 eldobhat\u00f3 vape-ot teszi.<\/p>\n<h4 data-start=\"5877\" data-end=\"5934\"><strong data-start=\"5881\" data-end=\"5934\">Mennyi ideig tart az Arymi IFun 28000 akkumul\u00e1tora?<\/strong><\/h4>\n<p data-start=\"5935\" data-end=\"6168\">A k\u00f6vetkez\u0151vel\u00a0<strong data-start=\"5943\" data-end=\"5970\">600 mAh kobalt akkumul\u00e1tor<\/strong>\u00a0Megtehetik a\u00a0<strong data-start=\"5986\" data-end=\"6006\">Arymi IFun 28000<\/strong>\u00a0nagyon hossz\u00fa ideig haszn\u00e1lja an\u00e9lk\u00fcl, hogy a teljes\u00edtm\u00e9ny cs\u00f6kkenne. Ezenk\u00edv\u00fcl az akkumul\u00e1tor gyorsan \u00e9s egyszer\u0171en felt\u00f6lthet\u0151 a\u00a0<strong data-start=\"6138\" data-end=\"6158\">Type-C csatlakoz\u00f3<\/strong>\u00a0felt\u00f6lteni<\/p>\n<h4 data-start=\"6170\" data-end=\"6219\"><strong data-start=\"6174\" data-end=\"6219\">Lehets\u00e9ges a l\u00e9g\u00e1raml\u00e1s szab\u00e1lyoz\u00e1s\u00e1nak be\u00e1ll\u00edt\u00e1sa?<\/strong><\/h4>\n<p data-start=\"6220\" data-end=\"6383\">Igen, a\u00a0<strong data-start=\"6228\" data-end=\"6272\">Arymi IFun 28000 h\u00faz\u00e1s egyszer haszn\u00e1latos e-cigaretta<\/strong>\u00a0rendelkezik egy\u00a0<strong data-start=\"6291\" data-end=\"6315\">\u00e1ll\u00edthat\u00f3 l\u00e9g\u00e1raml\u00e1s<\/strong>, \u00edgy a g\u0151z\u00f6l\u00e9si \u00e9lm\u00e9nyt az \u00d6n preferenci\u00e1ihoz igaz\u00edthatja.<\/p>\n<h4 data-start=\"6385\" data-end=\"6440\"><strong data-start=\"6389\" data-end=\"6440\">Arymiben  IFun  28.000  mennyi e-liquidet tartalmaz<\/strong><\/h4>\n<p data-start=\"6441\" data-end=\"6592\">A\u00a0<strong data-start=\"6445\" data-end=\"6465\">Arymi IFun 28000<\/strong>\u00a0tartalmaz egy\u00a0<strong data-start=\"6479\" data-end=\"6507\">28 ml e-folyad\u00e9k kapacit\u00e1s<\/strong>, amely hossz\u00fa haszn\u00e1latra elegend\u0151, \u00e9s intenz\u00edv g\u0151z\u00f6l\u00e9si \u00e9lm\u00e9nyt ny\u00fajt.<\/p>\n<hr data-start=\"6594\" data-end=\"6597\" \/>\n<p data-start=\"6599\" data-end=\"6609\"><strong data-start=\"6599\" data-end=\"6609\">K\u00f6vetkeztet\u00e9s:<\/strong><\/p>\n<p data-start=\"6611\" data-end=\"7155\">A\u00a0<strong data-start=\"6615\" data-end=\"6659\">Arymi IFun 28000 vonatok <a href=\"https:\/\/alfakher24h.de\/hu\/\">Egyszer haszn\u00e1latos e-cigaretta<\/a><\/strong>\u00a0Az ide\u00e1lis v\u00e1laszt\u00e1s mindazok sz\u00e1m\u00e1ra, akik egy er\u0151s, tart\u00f3s \u00e9s kiemelked\u0151 \u00edz\u00e9lm\u00e9ny\u0171 g\u0151z\u00f6l\u00e9si tapasztalatot keresnek. Nagy sz\u00e1m\u00fa sz\u00edv\u00e1ssal, praktikus\u00a0<strong data-start=\"6854\" data-end=\"6876\">E-folyad\u00e9k kapacit\u00e1s<\/strong>\u00a0\u00e9s v\u00e1ltozatos\u00a0<strong data-start=\"6894\" data-end=\"6918\">\u00cdzek<\/strong> Biztos\u00edtja ezt a modellt mindent, amit a vaporiz\u00e1l\u00f3 sz\u00edv v\u00e1gyik. L\u00e1togasson el az alfakher24h.de-be, a legnagyobb online boltba\u00a0<strong data-start=\"7038\" data-end=\"7073\">Eldobhat\u00f3 Vape-k N\u00e9metorsz\u00e1gban<\/strong>\u00e9s szerezze be a saj\u00e1tj\u00e1t\u00a0<strong data-start=\"7099\" data-end=\"7143\">Arymi IFun 28000 h\u00faz\u00e1s egyszer haszn\u00e1latos e-cigaretta<\/strong>\u00a0M\u00e9g ma!<\/p>","protected":false},"excerpt":{"rendered":"<p><strong data-start=\"6615\" data-end=\"6659\">Arymi IFun 28000 vonatok <a href=\"https:\/\/alfakher24h.de\/hu\/\">Egyszer haszn\u00e1latos e-cigaretta<\/a><\/strong>\u00a0Az ide\u00e1lis v\u00e1laszt\u00e1s mindazok sz\u00e1m\u00e1ra, akik egy er\u0151s, tart\u00f3s \u00e9s kiemelked\u0151 \u00edz\u00e9lm\u00e9nyt ny\u00fajt\u00f3 g\u0151z\u00f6l\u00e9si tapasztalatot keresnek.<\/p>","protected":false},"featured_media":1774,"comment_status":"open","ping_status":"closed","template":"","meta":{"om_disable_all_campaigns":false},"product_brand":[],"product_cat":[45],"product_tag":[],"class_list":{"0":"post-1773","1":"product","2":"type-product","3":"status-publish","4":"has-post-thumbnail","6":"product_cat-arymi-ifun-28000","8":"first","9":"outofstock","10":"shipping-taxable","11":"purchasable","12":"product-type-simple"},"_links":{"self":[{"href":"https:\/\/alfakher24h.de\/hu\/wp-json\/wp\/v2\/product\/1773","targetHints":{"allow":["GET"]}}],"collection":[{"href":"https:\/\/alfakher24h.de\/hu\/wp-json\/wp\/v2\/product"}],"about":[{"href":"https:\/\/alfakher24h.de\/hu\/wp-json\/wp\/v2\/types\/product"}],"replies":[{"embeddable":true,"href":"https:\/\/alfakher24h.de\/hu\/wp-json\/wp\/v2\/comments?post=1773"}],"wp:featuredmedia":[{"embeddable":true,"href":"https:\/\/alfakher24h.de\/hu\/wp-json\/wp\/v2\/media\/1774"}],"wp:attachment":[{"href":"https:\/\/alfakher24h.de\/hu\/wp-json\/wp\/v2\/media?parent=1773"}],"wp:term":[{"taxonomy":"product_brand","embeddable":true,"href":"https:\/\/alfakher24h.de\/hu\/wp-json\/wp\/v2\/product_brand?post=1773"},{"taxonomy":"product_cat","embeddable":true,"href":"https:\/\/alfakher24h.de\/hu\/wp-json\/wp\/v2\/product_cat?post=1773"},{"taxonomy":"product_tag","embeddable":true,"href":"https:\/\/alfakher24h.de\/hu\/wp-json\/wp\/v2\/product_tag?post=1773"}],"curies":[{"name":"wp","href":"https:\/\/api.w.org\/{rel}","templated":true}]}}