{"id":1771,"date":"2025-03-11T11:28:09","date_gmt":"2025-03-11T11:28:09","guid":{"rendered":"https:\/\/alfakher24h.de\/?post_type=product&#038;p=1771"},"modified":"2025-07-12T13:27:55","modified_gmt":"2025-07-12T13:27:55","slug":"httperror-response-code-429-too-many-requests-27","status":"publish","type":"product","link":"https:\/\/alfakher24h.de\/hu\/termek\/httperror-response-code-429-too-many-requests-27\/","title":{"rendered":"Arymi IFun 28000 h\u00faz\u00e1s egyszerhaszn\u00e1latos e-cigaretta - Citrom Lime - Bluerazz Gummy Bear"},"content":{"rendered":"<div class=\"wp-video\"><\/div>\n<h2 data-start=\"0\" data-end=\"71\"><a href=\"https:\/\/alfakher24h.de\/hu\/\">Arymi IFun 28000 Z\u00fcge\u00a0Einweg E-Zigarette \n\n becomes \n\nArymi IFun 28000 h\u00faz\u00e1s Egyszer haszn\u00e1latos E-cigaretta<\/a> - Az \u00d6n pr\u00e9mium vape-\u00e9lm\u00e9nye<\/h2>\n<div style=\"width: 848px;\" class=\"wp-video\"><video class=\"wp-video-shortcode\" id=\"video-1771-1\" width=\"848\" height=\"478\" preload=\"metadata\" controls=\"controls\"><source type=\"video\/mp4\" src=\"https:\/\/alfakher24h.de\/wp-content\/uploads\/2025\/03\/VID-20241031-WA0010.mp4?_=1\" \/><a href=\"https:\/\/alfakher24h.de\/wp-content\/uploads\/2025\/03\/VID-20241031-WA0010.mp4\">https:\/\/alfakher24h.de\/wp-content\/uploads\/2025\/03\/VID-20241031-WA0010.mp4<\/a><\/video><\/div>\n<p data-start=\"73\" data-end=\"589\">A\u00a0<strong data-start=\"77\" data-end=\"121\">Arymi IFun 28000 h\u00faz\u00e1sos eldobhat\u00f3 e-cigaretta<\/strong>\u00a0nemcsak kiemelked\u0151 \u00edzt, hanem figyelemre m\u00e9lt\u00f3 tart\u00f3ss\u00e1got is k\u00edn\u00e1l. \u00dagy tervezt\u00e9k, hogy a g\u0151z\u00f6l\u00e9st a k\u00f6vetkez\u0151 szintre emelje, ez az eszk\u00f6z \u00f6tv\u00f6zi a kiv\u00e9teles puffsz\u00e1mot, az er\u0151s akkumul\u00e1tort \u00e9s az \u00edzek sz\u00e9les sk\u00e1l\u00e1j\u00e1t. Egy kiv\u00e1l\u00f3 min\u0151s\u00e9g\u0171 eldobhat\u00f3 e-cigarett\u00e1t keres\u00a0<strong data-start=\"475\" data-end=\"490\">N\u00e9metorsz\u00e1g<\/strong>, amelyet teljes m\u00e9rt\u00e9kben \u00e9lvezhet? Akkor az Arymi IFun 28000 a t\u00f6k\u00e9letes v\u00e1laszt\u00e1s az \u00d6n sz\u00e1m\u00e1ra.<\/p>\n<p data-start=\"591\" data-end=\"972\">Egy innovat\u00edv kialak\u00edt\u00e1ssal \u00e9s ak\u00e1r leny\u0171g\u00f6z\u0151 kapacit\u00e1ssal\u00a0<strong data-start=\"667\" data-end=\"683\">28 000 vonatb\u00f3l<\/strong>\u00a0Ezzel az eszk\u00f6zzel sok napon \u00e1t intenz\u00edven g\u0151z\u00f6lhet an\u00e9lk\u00fcl, hogy a ut\u00e1nt\u00f6lt\u00e9sr\u0151l vagy a t\u00f6lt\u00e9sr\u0151l kellene gondoskodnia.\u00a0<strong data-start=\"831\" data-end=\"846\">Nikotinnal<\/strong>\u00a0Kialak\u00edt\u00e1sa r\u00e9v\u00e9n intenz\u00edv \u00e9lm\u00e9nyt ny\u00fajt, amit mind a kezd\u0151k, mind a tapasztalt g\u0151z\u00f6l\u0151k \u00e9rt\u00e9kelni fognak.<\/p>\n<h3 data-start=\"974\" data-end=\"1001\"><strong data-start=\"978\" data-end=\"1001\">Term\u00e9kle\u00edr\u00e1s<\/strong><\/h3>\n<p data-start=\"1003\" data-end=\"1474\">A\u00a0<strong data-start=\"1007\" data-end=\"1051\">Arymi IFun 28000 vonatok <a href=\"https:\/\/alfakher24h.de\/hu\/\">Eldobhat\u00f3 e-cigaretta<\/a><\/strong>\u00a0val\u00f3s kiemelked\u00e9s az egyszer haszn\u00e1latos e-cigarett\u00e1k piac\u00e1n. Egy\u00a0<strong data-start=\"1119\" data-end=\"1147\">28 ml e-folyad\u00e9k kapacit\u00e1s<\/strong>\u00a0felk\u00edn\u00e1l egy p\u00e1ratlan lehet\u0151s\u00e9get\u00a0<strong data-start=\"1181\" data-end=\"1200\">Tart\u00f3ss\u00e1g<\/strong>\u00a0\u00e9s alkalmas mindennapi haszn\u00e1latra, mind hosszabb g\u0151z\u00f6l\u00e9si sessionokra. A praktikus k\u00f6sz\u00f6nhet\u0151en\u00a0<strong data-start=\"1308\" data-end=\"1331\">L\u00e9g\u00e1raml\u00e1s-be\u00e1ll\u00edt\u00e1s<\/strong>\u00a0\u00c1ll\u00edtsa be a huzatellen\u00e1ll\u00e1st szem\u00e9lyes preferenci\u00e1i szerint - legyen sz\u00f3 ak\u00e1r egy l\u00e1gy, laza h\u00faz\u00e1sr\u00f3l, ak\u00e1r egy intenz\u00edvebb, vastagabb g\u0151zr\u0151l.<\/p>\n<p data-start=\"1476\" data-end=\"1802\">Egy tov\u00e1bbi kiemelked\u0151 jellemz\u0151je ennek a term\u00e9knek az a\u00a0<strong data-start=\"1536\" data-end=\"1549\">H\u00e1l\u00f3s tekercs<\/strong>\u00a0egy ellen\u00e1ll\u00e1ssal, amely\u00a0<strong data-start=\"1575\" data-end=\"1584\">1,0 \u03a9<\/strong>Ezek a tekercsek jav\u00edtj\u00e1k a p\u00e1rolg\u00e1st, ami k\u00fcl\u00f6n\u00f6sen intenz\u00edv \u00e9s arom\u00e1s \u00edzhez vezet. \u00cdgy megkapja a lehet\u0151 legjobb g\u0151z\u00f6l\u00e9si \u00e9lm\u00e9nyt, tiszta \u00e9s egyenletes \u00edzzel.<\/p>\n<p data-start=\"1804\" data-end=\"2189\">A\u00a0<strong data-start=\"1808\" data-end=\"1824\">600 mAh akkumul\u00e1tor<\/strong>\u00a0biztos\u00edtja a hossz\u00fa \u00fczemid\u0151t, \u00e9s a\u00a0<strong data-start=\"1869\" data-end=\"1892\">Type-C t\u00f6lt\u00e9si funkci\u00f3<\/strong>\u00a0Lehet\u0151v\u00e9 teszi a gyors t\u00f6lt\u00e9st, hogy sz\u00fcks\u00e9g eset\u00e9n meghosszabb\u00edtsa az e-cigaretta \u00e9lettartam\u00e1t. Ezenk\u00edv\u00fcl a k\u00e9sz\u00fcl\u00e9k praktikus\u00a0<strong data-start=\"2043\" data-end=\"2077\">Elem \u00e9s E-liquid kijelz\u0151<\/strong>, amely b\u00e1rmikor t\u00e1j\u00e9koztatja \u00d6nt az \u00d6n Vape aktu\u00e1lis \u00e1llapot\u00e1r\u00f3l, \u00edgy soha nem fogja hi\u00e1nyolni az energi\u00e1t vagy a folyad\u00e9kot.<\/p>\n<p data-start=\"2191\" data-end=\"2357\">A dobozban tal\u00e1lja\u00a0<strong data-start=\"2213\" data-end=\"2225\">10 darab<\/strong>\u00a0a\u00a0<strong data-start=\"2230\" data-end=\"2274\">Arymi IFun 28000 h\u00faz\u00e1sos eldobhat\u00f3 e-cigaretta<\/strong>ami megb\u00edzhat\u00f3 k\u00e9szletlehet\u0151s\u00e9get biztos\u00edt hosszabb id\u0151tartamra.<\/p>\n<h3 data-start=\"2359\" data-end=\"2425\"><strong data-start=\"2363\" data-end=\"2425\">F\u0151 jellemz\u0151k  Arymi IFun 28000 vonatok\u00a0<a href=\"https:\/\/alfakher24h.de\/hu\/\">Eldobhat\u00f3 e-cigaretta<\/a><\/strong><\/h3>\n<ul data-start=\"2427\" data-end=\"3144\">\n<li data-start=\"2427\" data-end=\"2530\"><strong data-start=\"2429\" data-end=\"2468\">Leny\u0171g\u00f6z\u0151 Puff Sz\u00e1m (28.000 sz\u00edv\u00e1s)<\/strong>: Ide\u00e1lis a hossz\u00fa ideig tart\u00f3 g\u0151z\u00f6l\u00e9shez \u00e1lland\u00f3 ut\u00e1nt\u00f6lt\u00e9s n\u00e9lk\u00fcl.<\/li>\n<li data-start=\"2531\" data-end=\"2621\"><strong data-start=\"2533\" data-end=\"2587\">\u00dajrat\u00f6lthet\u0151 akkumul\u00e1tor Type-C t\u00f6lt\u0151csatlakoz\u00f3val<\/strong>: Gyors \u00e9s hat\u00e9kony t\u00f6lt\u00e9s.<\/li>\n<li data-start=\"2622\" data-end=\"2695\"><strong data-start=\"2624\" data-end=\"2652\">30 ml e-folyad\u00e9k kapacit\u00e1s<\/strong>Hosszabb haszn\u00e1lat gyakori ut\u00e1nt\u00f6lt\u00e9s n\u00e9lk\u00fcl.<\/li>\n<li data-start=\"2696\" data-end=\"2787\"><strong data-start=\"2698\" data-end=\"2742\">Pr\u00e9mium Mesh tekercs (1,0 \u03a9 Dual Mesh Coil)<\/strong>Intenz\u00edv \u00edzhez \u00e9s s\u0171r\u0171 g\u0151zh\u00f6z.<\/li>\n<li data-start=\"2788\" data-end=\"2911\"><strong data-start=\"2790\" data-end=\"2838\">\u00c1ll\u00edthat\u00f3 l\u00e9g\u00e1raml\u00e1s (Airflow Adjustable)<\/strong>: Az \u00d6n szem\u00e9lyes preferenci\u00e1ihoz igaz\u00edthat\u00f3 az ide\u00e1lis h\u00faz\u00e1si ellen\u00e1ll\u00e1s \u00e9rdek\u00e9ben.<\/li>\n<li data-start=\"2912\" data-end=\"2995\"><strong data-start=\"2914\" data-end=\"2951\">K\u00fcl\u00f6nb\u00f6z\u0151 \u00edzek<\/strong>: Minden \u00edzl\u00e9shez ill\u0151 \u00e9lm\u00e9ny.<\/li>\n<li data-start=\"2996\" data-end=\"3082\"><strong data-start=\"2998\" data-end=\"3032\">Elem \u00e9s E-liquid kijelz\u0151<\/strong>Egyszer\u0171 t\u00f6lt\u00e9s \u00e9s folyad\u00e9k \u00e1llapot figyel\u00e9s.<\/li>\n<li data-start=\"3083\" data-end=\"3144\"><strong data-start=\"3085\" data-end=\"3109\">Ergonomikus kialak\u00edt\u00e1s<\/strong>Kompakt \u00e9s k\u00e9nyelmes \u00fatk\u00f6zben.<\/li>\n<\/ul>\n<h3 data-start=\"3146\" data-end=\"3224\"><strong data-start=\"3150\" data-end=\"3224\">Mi\u00e9rt \u00e9rdemes megv\u00e1s\u00e1rolni az Arymi IFun 28000 Z\u00fcge eldobhat\u00f3 e-cigarett\u00e1t?<\/strong><\/h3>\n<ol data-start=\"3226\" data-end=\"4355\">\n<li data-start=\"3226\" data-end=\"3409\"><strong data-start=\"3229\" data-end=\"3261\">Meghaladhatatlan \u00e9lettartam<\/strong>: Legfeljebb\u00a0<strong data-start=\"3294\" data-end=\"3310\">28 000 vonatb\u00f3l<\/strong>\u00a0nem kell agg\u00f3dniauk a gyakori ut\u00e1np\u00f3tl\u00e1s miatt. Ide\u00e1lis azoknak a felhaszn\u00e1l\u00f3knak, akik sokat g\u0151z\u00f6lnek.<\/li>\n<li data-start=\"3410\" data-end=\"3640\"><strong data-start=\"3413\" data-end=\"3442\">Magas nikotinkoncentr\u00e1ci\u00f3<\/strong>: Mit\u00a0<strong data-start=\"3448\" data-end=\"3463\">2 % Nikotin \n\n(Megjegyz\u00e9s: Nem sz\u00fcks\u00e9ges ford\u00edt\u00e1s, ez\u00e9rt visszat\u00e9r az eredeti sz\u00f6veg)\n2 % Nikotin<\/strong>\u00a0Ez az eldobhat\u00f3 e-cigaretta kiel\u00e9g\u00edt\u0151 nikotin\u00e9lm\u00e9nyt ny\u00fajt, amely t\u00f6k\u00e9letes a hagyom\u00e1nyos cigarett\u00e1kr\u00f3l val\u00f3 \u00e1tt\u00e9r\u00e9shez vagy rendszeres haszn\u00e1latra.<\/li>\n<li data-start=\"3641\" data-end=\"3838\"><strong data-start=\"3644\" data-end=\"3671\">Els\u0151 oszt\u00e1ly\u00fa \u00edzl\u00e9s<\/strong>: \u00c9lvezze minden alkalommal a teljes, intenz\u00edv \u00edzt, k\u00f6sz\u00f6nhet\u0151en a\u00a0<strong data-start=\"3741\" data-end=\"3766\">Mesh-Coil technol\u00f3gia<\/strong>, amely optimaliz\u00e1lja az e-folyad\u00e9k p\u00e1rolg\u00e1s\u00e1t \u00e9s intenz\u00edvebb\u00e9 teszi az arom\u00e1t.<\/li>\n<li data-start=\"3839\" data-end=\"4024\"><strong data-start=\"3842\" data-end=\"3869\">\u00c1ll\u00edthat\u00f3 l\u00e9g\u00e1raml\u00e1s<\/strong>: \u00d6n egy\u00e9nileg \u00e1ll\u00edthatja be a l\u00e9g\u00e1raml\u00e1st, hogy szem\u00e9lyre szabja a g\u0151z\u00f6l\u00e9si \u00e9lm\u00e9nyt, \u00e9s ig\u00e9ny szerint t\u00f6bb vagy kevesebb ellen\u00e1ll\u00e1st \u00e9lvezzen.<\/li>\n<li data-start=\"4025\" data-end=\"4177\"><strong data-start=\"4028\" data-end=\"4050\">Gyors t\u00f6lt\u00e9s<\/strong>: A seg\u00edts\u00e9g\u00e9vel\u00a0<strong data-start=\"4060\" data-end=\"4084\">Type-C t\u00f6lt\u0151csatlakoz\u00f3<\/strong>\u00a0Gyorsan \u00e9s k\u00e9nyelmesen \u00fajrat\u00f6ltheti az e-cigarett\u00e1j\u00e1t an\u00e9lk\u00fcl, hogy sok id\u0151t vesztene.<\/li>\n<li data-start=\"4178\" data-end=\"4355\"><strong data-start=\"4181\" data-end=\"4213\">T\u00f6k\u00e9letes m\u00e9ret utaz\u00e1shoz<\/strong>Kompakt \u00e9s k\u00f6nny\u0171, \u00edgy egyszer\u0171en hordozhat\u00f3\u00a0<strong data-start=\"4250\" data-end=\"4294\">Arymi IFun 28000 h\u00faz\u00e1sos eldobhat\u00f3 e-cigaretta<\/strong>\u00a0K\u00f6nnyed\u00e9n elf\u00e9r minden zsebben, \u00e9s b\u00e1rhov\u00e1 mag\u00e1val viheti.<\/li>\n<\/ol>\n<p data-start=\"4181\" data-end=\"4633\"><img loading=\"lazy\" decoding=\"async\" class=\"alignnone wp-image-2302 size-full\" title=\"Arymi IFun 28000 Z\u00fcge Einweg E Zigarette - Citrom Lime - Bluerazz Gumi Medve 2\" src=\"https:\/\/alfakher24h.de\/wp-content\/uploads\/2025\/03\/all1.webp\" sizes=\"auto, (max-width: 904px) 100vw, 904px\" srcset=\"https:\/\/alfakher24h.de\/wp-content\/uploads\/2025\/03\/all1.webp 904w, https:\/\/alfakher24h.de\/wp-content\/uploads\/2025\/03\/all1-212x300.webp 212w, https:\/\/alfakher24h.de\/wp-content\/uploads\/2025\/03\/all1-723x1024.webp 723w, https:\/\/alfakher24h.de\/wp-content\/uploads\/2025\/03\/all1-768x1087.webp 768w, https:\/\/alfakher24h.de\/wp-content\/uploads\/2025\/03\/all1-8x12.webp 8w, https:\/\/alfakher24h.de\/wp-content\/uploads\/2025\/03\/all1-600x850.webp 600w\" alt=\"Arymi IFun 28000 h\u00faz\u00e1s egyszerhaszn\u00e1latos e-cigaretta - Citrom Lime - Bluerazz Gummy Bear\" width=\"904\" height=\"1280\" \/><\/p>\n<hr data-start=\"4635\" data-end=\"4638\" \/>\n<h3 data-start=\"4357\" data-end=\"4417\"><strong data-start=\"4361\" data-end=\"4417\">\u00cdzek az Arymi IFun 28000 h\u00faz\u00e1s eldobhat\u00f3 e-cigaretta<\/strong><\/h3>\n<p data-start=\"4419\" data-end=\"4570\">A\u00a0<strong data-start=\"4423\" data-end=\"4443\">Arymi IFun 28000<\/strong>\u00a0k\u00fcl\u00f6nb\u00f6z\u0151 \u00edzletesekben\u00a0<strong data-start=\"4476\" data-end=\"4500\">\u00cdzek<\/strong>\u00a0El\u00e9rhet\u0151, amely minden g\u0151z\u00f6l\u00e9st egyediv\u00e9 tesz:<\/p>\n<h4 data-start=\"4572\" data-end=\"4591\"><strong data-start=\"4577\" data-end=\"4591\">Lemon Lime<\/strong><\/h4>\n<p data-start=\"4592\" data-end=\"4997\">A\u00a0<strong data-start=\"4596\" data-end=\"4610\">Lemon Lime<\/strong>\u00cdz\u00e9lm\u00e9ny egy friss\u00edt\u0151, ropog\u00f3s \u00e9rz\u00e9s, amely t\u00f6k\u00e9letes egyens\u00falyt teremt a citrus frissess\u00e9g \u00e9s a\u00a0<strong data-start=\"4721\" data-end=\"4732\">Citrom<\/strong>\u00a0\u00e9s az \u00e9des\u00e9nek\u00a0<strong data-start=\"4750\" data-end=\"4761\">M\u00e9sz<\/strong>\u00a0Felaj\u00e1nlja. Ez az \u00edz ide\u00e1lis azoknak a vapereknek, akik egy friss\u00edt\u0151, enyh\u00e9n savanyk\u00e1s arom\u00e1t r\u00e9szes\u00edtenek el\u0151nyben, amely eg\u00e9sz nap kellemes marad. T\u00f6k\u00e9letes ny\u00e1rra vagy b\u00e1rmely napra, amikor valami frissre \u00e9s \u00e9l\u00e9nk\u00edt\u0151re van sz\u00fcks\u00e9g\u00fck.<\/p>\n<h4 data-start=\"4999\" data-end=\"5027\"><strong data-start=\"5004\" data-end=\"5027\">Bluerazz Gummy Bear<\/strong><\/h4>\n<p data-start=\"5028\" data-end=\"5415\">A\u00a0<strong data-start=\"5032\" data-end=\"5055\">Bluerazz Gummy Bear<\/strong>\u00cdz\u00e9ben \u00e9des \u00e9s gy\u00fcm\u00f6lcs\u00f6s robban\u00e1s k\u00edn\u00e1lkozik, amely a n\u00e9pszer\u0171 gumicukorr\u00e1ra eml\u00e9keztet, intenz\u00edv\u00a0<strong data-start=\"5172\" data-end=\"5184\">\u00c1fonya<\/strong>\u00cdz, amelyhez egy csipetnyi\u00a0<strong data-start=\"5220\" data-end=\"5232\">M\u00e1lna<\/strong>\u00a0\u00d6sszehangzik. Ez az \u00edzvil\u00e1g ide\u00e1lis az \u00e9des, gy\u00fcm\u00f6lcs\u00f6s arom\u00e1k szerelmeseinek, \u00e9s t\u00f6k\u00e9letesen megfelel azoknak a vapereknek, akik az \u00e9des \u00e9s friss jegyek j\u00e1t\u00e9k\u00e1t keresik.<\/p>\n<h3 data-start=\"5417\" data-end=\"5454\"><strong data-start=\"5421\" data-end=\"5454\">Gyik (Gyakran Ism\u00e9telt K\u00e9rd\u00e9sek)<\/strong><\/h3>\n<p data-start=\"5456\" data-end=\"5628\"><strong data-start=\"5456\" data-end=\"5521\">Az Arymi IFun 28000 h\u00faz\u00f3 Egyszer haszn\u00e1latos E-cigaretta nikotinnal?<\/strong>\u00a0Igen, ez az e-cigaretta tartalmaz\u00a0<strong data-start=\"5552\" data-end=\"5567\">2 % Nikotin \n\n(Megjegyz\u00e9s: Nem sz\u00fcks\u00e9ges ford\u00edt\u00e1s, ez\u00e9rt visszat\u00e9r az eredeti sz\u00f6veg)\n2 % Nikotin<\/strong>Ide\u00e1lis azoknak a vaporiz\u00e1l\u00f3knak, akik a k\u00edv\u00e1nt nikotin-l\u00f6ketet keresik.<\/p>\n<p data-start=\"5630\" data-end=\"5810\"><strong data-start=\"5630\" data-end=\"5694\">Mennyi ideig tart az Arymi IFun 28000 h\u00faz\u00e1sos eldobhat\u00f3 e-cigaretta?<\/strong>\u00a0Az e-cigaretta ak\u00e1r\u00a0<strong data-start=\"5725\" data-end=\"5740\">28 000 vonat<\/strong>, ami miatt az egyik leghosszabb \u00e9lettartam\u00fa eldobhat\u00f3 vape a piacon.<\/p>\n<p data-start=\"5812\" data-end=\"6024\"><strong data-start=\"5812\" data-end=\"5879\">Nem, az Arymi IFun 28000 Z\u00fcge Einweg E-Zigarette nem \u00fajrat\u00f6lthet\u0151.<\/strong>\u00a0igen igen,  ez az e-cigaretta egy  -gyel van ell\u00e1tva\u00a0<strong data-start=\"5916\" data-end=\"5942\">\u00fajrat\u00f6lthet\u0151 akkumul\u00e1tor<\/strong>\u00a0ausgestattet, der \u00fcber einen\u00a0<strong data-start=\"5972\" data-end=\"5992\">Type-C csatlakoz\u00f3<\/strong>\u00a0gyorsan felt\u00f6lthet\u0151.<\/p>\n<p data-start=\"6026\" data-end=\"6248\"><strong data-start=\"6026\" data-end=\"6091\">Hogyan tiszt\u00edtsam meg az Arymi IFun 28000 sz\u00edv\u00e1sos eldobhat\u00f3 e-cigarett\u00e1t?<\/strong>\u00a0Mivel ez egy\u00a0<strong data-start=\"6111\" data-end=\"6133\">Eldobhat\u00f3 e-cigaretta<\/strong>\u00a0nem sz\u00fcks\u00e9ges tiszt\u00edtani. A teljes elfogyaszt\u00e1s ut\u00e1n a k\u00e9sz\u00fcl\u00e9ket biztons\u00e1gosan megsemmis\u00edtheti.<\/p>\n<p data-start=\"6250\" data-end=\"6549\"><strong data-start=\"6250\" data-end=\"6318\">Hol lehet megv\u00e1s\u00e1rolni az Arymi IFun 28000 Z\u00fcge Einweg E-Zigarette-ot?<\/strong>\u00a0Sie k\u00f6nnen die\u00a0<strong data-start=\"6334\" data-end=\"6378\">Arymi IFun 28000 h\u00faz\u00e1sos eldobhat\u00f3 e-cigaretta<\/strong> \u00e9s sok m\u00e1s kiv\u00e1l\u00f3 min\u0151s\u00e9g\u0171 eldobhat\u00f3 e-cigaretta v\u00e1s\u00e1rl\u00e1sa oldalunkon, az alfakher24h.de-n, a legnagyobb\u00a0<strong data-start=\"6488\" data-end=\"6548\">Online \u00e9rt\u00e9kes\u00edt\u00e9si platform eldobhat\u00f3 vape term\u00e9kekhez N\u00e9metorsz\u00e1gban<\/strong>.<\/p>\n<h3 data-start=\"6551\" data-end=\"6564\"><strong data-start=\"6555\" data-end=\"6564\">K\u00f6vetkeztet\u00e9s<\/strong><\/h3>\n<p data-start=\"6566\" data-end=\"7095\" data-is-last-node=\"\">A\u00a0<strong data-start=\"6570\" data-end=\"6614\">Arymi IFun 28000 h\u00faz\u00e1sos eldobhat\u00f3 e-cigaretta<\/strong>\u00a0a t\u00f6k\u00e9letes v\u00e1laszt\u00e1s mindazok sz\u00e1m\u00e1ra, akik hossz\u00fa \u00e9lettartam\u00fa, \u00edzletes \u00e9s felhaszn\u00e1l\u00f3bar\u00e1t g\u0151z\u00f6l\u00e9si \u00e9lm\u00e9nyt keresnek. Ak\u00e1r\u00a0<strong data-start=\"6742\" data-end=\"6758\">28 000 vonatb\u00f3l<\/strong>egynek\u00a0<strong data-start=\"6766\" data-end=\"6793\">\u00fcd\u00edt\u0151 \u00edz<\/strong>\u00a0\u00e9s egynek\u00a0<strong data-start=\"6804\" data-end=\"6826\">gyakorlati kialak\u00edt\u00e1s<\/strong>\u00a0Ez a term\u00e9k mindent tartalmaz, amit egy kiv\u00e1l\u00f3 min\u0151s\u00e9g\u0171 eldobhat\u00f3 e-cigarett\u00e1t\u00f3l elv\u00e1rhat.\u00a0<strong data-start=\"6916\" data-end=\"7007\">V\u00e1s\u00e1rolja meg m\u00e9g ma az Arymi IFun 28000 h\u00faz\u00e1sos eldobhat\u00f3 e-cigarett\u00e1j\u00e1t <a href=\"https:\/\/alfakher24h.de\/hu\/\">alfakher24h.de<\/a><\/strong>a legjobb platform sz\u00e1m\u00e1ra\u00a0<strong data-start=\"7034\" data-end=\"7058\">Vapok N\u00e9metorsz\u00e1gban<\/strong>\u00e9s \u00e9lvezze a t\u00f6k\u00e9letes vonatot!<\/p>","protected":false},"excerpt":{"rendered":"<p><strong data-start=\"6570\" data-end=\"6614\">Arymi IFun 28000 h\u00faz\u00e1sos eldobhat\u00f3 e-cigaretta<\/strong>\u00a0a t\u00f6k\u00e9letes v\u00e1laszt\u00e1s mindazok sz\u00e1m\u00e1ra, akik hossz\u00fa \u00e9lettartam\u00fa, \u00edzletes \u00e9s felhaszn\u00e1l\u00f3bar\u00e1t g\u0151z\u00f6l\u00e9si \u00e9lm\u00e9nyt keresnek. Ak\u00e1r\u00a0<strong data-start=\"6742\" data-end=\"6758\">28 000 vonatb\u00f3l<\/strong>,<\/p>","protected":false},"featured_media":1772,"comment_status":"open","ping_status":"closed","template":"","meta":{"om_disable_all_campaigns":false},"product_brand":[],"product_cat":[45],"product_tag":[],"class_list":{"0":"post-1771","1":"product","2":"type-product","3":"status-publish","4":"has-post-thumbnail","6":"product_cat-arymi-ifun-28000","8":"first","9":"outofstock","10":"shipping-taxable","11":"purchasable","12":"product-type-simple"},"_links":{"self":[{"href":"https:\/\/alfakher24h.de\/hu\/wp-json\/wp\/v2\/product\/1771","targetHints":{"allow":["GET"]}}],"collection":[{"href":"https:\/\/alfakher24h.de\/hu\/wp-json\/wp\/v2\/product"}],"about":[{"href":"https:\/\/alfakher24h.de\/hu\/wp-json\/wp\/v2\/types\/product"}],"replies":[{"embeddable":true,"href":"https:\/\/alfakher24h.de\/hu\/wp-json\/wp\/v2\/comments?post=1771"}],"wp:featuredmedia":[{"embeddable":true,"href":"https:\/\/alfakher24h.de\/hu\/wp-json\/wp\/v2\/media\/1772"}],"wp:attachment":[{"href":"https:\/\/alfakher24h.de\/hu\/wp-json\/wp\/v2\/media?parent=1771"}],"wp:term":[{"taxonomy":"product_brand","embeddable":true,"href":"https:\/\/alfakher24h.de\/hu\/wp-json\/wp\/v2\/product_brand?post=1771"},{"taxonomy":"product_cat","embeddable":true,"href":"https:\/\/alfakher24h.de\/hu\/wp-json\/wp\/v2\/product_cat?post=1771"},{"taxonomy":"product_tag","embeddable":true,"href":"https:\/\/alfakher24h.de\/hu\/wp-json\/wp\/v2\/product_tag?post=1771"}],"curies":[{"name":"wp","href":"https:\/\/api.w.org\/{rel}","templated":true}]}}