{"id":1769,"date":"2025-03-11T11:15:30","date_gmt":"2025-03-11T11:15:30","guid":{"rendered":"https:\/\/alfakher24h.de\/?post_type=product&#038;p=1769"},"modified":"2025-07-12T13:27:55","modified_gmt":"2025-07-12T13:27:55","slug":"httperror-response-code-429-too-many-requests-32","status":"publish","type":"product","link":"https:\/\/alfakher24h.de\/hu\/termek\/httperror-response-code-429-too-many-requests-32\/","title":{"rendered":"Arymi IFun 28000 h\u00faz\u00e1s egyszerhaszn\u00e1latos e-cigaretta - M\u00e1lna Sz\u0151l\u0151 - Eper S\u00e1rk\u00e1ny Gy\u00fcm\u00f6lcs"},"content":{"rendered":"<h2 data-start=\"0\" data-end=\"91\">Arymi IFun 28000 Z\u00fcge\u00a0Einweg E-Zigarette: Az ultimate \u00e9lvezet a vaperek sz\u00e1m\u00e1ra N\u00e9metorsz\u00e1gban<\/h2>\n<p data-start=\"93\" data-end=\"698\">A\u00a0<strong data-start=\"97\" data-end=\"141\">Arymi IFun 28000 h\u00faz\u00e1sos eldobhat\u00f3 e-cigaretta<\/strong>\u00a0a t\u00f6k\u00e9letes v\u00e1laszt\u00e1s mindazok sz\u00e1m\u00e1ra, akik egy er\u0151s, hossz\u00fa \u00e9lettartam\u00fa \u00e9s kiv\u00e1l\u00f3 \u00edz\u0171 vape-\u00e9lm\u00e9nyt keresnek. N\u00e9metorsz\u00e1gban nagy az ig\u00e9ny a kiv\u00e1l\u00f3 min\u0151s\u00e9g\u0171 eldobhat\u00f3 e-cigarett\u00e1kra, k\u00fcl\u00f6n\u00f6sen az olyanokra, amelyekkel\u00a0<strong data-start=\"367\" data-end=\"378\">Nikotin<\/strong>, az elm\u00falt \u00e9vekben er\u0151sen megn\u0151tt. A\u00a0<strong data-start=\"428\" data-end=\"448\">Arymi IFun 28000<\/strong>\u00a0K\u00edn\u00e1lunk \u00d6nnek egy term\u00e9ket, amely nemcsak figyelemre m\u00e9lt\u00f3\u00a0<strong data-start=\"517\" data-end=\"532\">Puffsz\u00e1m<\/strong>\u00a0legfeljebb\u00a0<strong data-start=\"544\" data-end=\"560\">28 000 vonatb\u00f3l<\/strong>hanem fejletts\u00e9g\u00e9vel is\u00a0<strong data-start=\"604\" data-end=\"619\">Technol\u00f3gia<\/strong>,\u00a0<strong data-start=\"621\" data-end=\"646\">nagy teljes\u00edtm\u00e9ny\u0171 akkumul\u00e1tor<\/strong>\u00a0\u00e9s v\u00e1ltozatos\u00a0<strong data-start=\"664\" data-end=\"688\">\u00cdzek<\/strong>\u00a0megveszteget.<\/p>\n<p data-start=\"700\" data-end=\"954\">Ha, ha, ha\u00a0<strong data-start=\"714\" data-end=\"736\">Eldobhat\u00f3 e-cigaretta<\/strong>\u00a0keres, amely t\u00f6bbet ny\u00fajt, mint a hagyom\u00e1nyos modellek, akkor itt pontosan j\u00f3 helyen j\u00e1r. Itt lehet a\u00a0<strong data-start=\"831\" data-end=\"851\">Arymi IFun 28000<\/strong>\u00a0k\u00e9nyelmes\u00a0<strong data-start=\"859\" data-end=\"882\">auf alfakher24h.de<\/strong>\u00a0v\u00e1s\u00e1rl\u00e1s - a legnagyobb platform sz\u00e1m\u00e1ra\u00a0<strong data-start=\"918\" data-end=\"938\">eldobhat\u00f3 vape-ok<\/strong>\u00a0N\u00e9metorsz\u00e1gban.<\/p>\n<h3 data-start=\"956\" data-end=\"1013\">Term\u00e9kl\u00edr\u00e1s: Er\u0151s \u00e9s hossz\u00fa hat\u00e1s\u00fa<\/h3>\n<p data-start=\"1015\" data-end=\"1464\">A\u00a0<strong data-start=\"1019\" data-end=\"1063\">Arymi IFun 28000 h\u00faz\u00e1sos eldobhat\u00f3 e-cigaretta<\/strong>\u00a0kiemelked\u0151 term\u00e9k, amely minden elv\u00e1r\u00e1st fel\u00fclm\u00fal egy eldobhat\u00f3 e-cigaretta eset\u00e9ben. Egy\u00a0<strong data-start=\"1166\" data-end=\"1198\">28 ml kapacit\u00e1s E-liquidhez<\/strong>\u00a0\u00e9s egynek\u00a0<strong data-start=\"1209\" data-end=\"1234\">Nikotintartalma 2 %<\/strong>\u00a0biztos\u00edtja ezt a modellt egy\u00a0<strong data-start=\"1261\" data-end=\"1285\">hossz\u00fa t\u00e1v\u00fa haszn\u00e1lat<\/strong>\u00a0sz ig\u00e9nyes g\u0151z\u00f6l\u0151 sz\u00e1m\u00e1ra. Mit\u00a0<strong data-start=\"1316\" data-end=\"1339\">legfeljebb 28 000 vonat<\/strong>\u00a0Az egyik-e\u00a0<strong data-start=\"1357\" data-end=\"1382\">a legtov\u00e1bb eltarthat\u00f3<\/strong>\u00a0Term\u00e9kek a piacon, ami ide\u00e1lis v\u00e1laszt\u00e1ss\u00e1 teszi a mindennapi haszn\u00e1latra.<\/p>\n<p data-start=\"1466\" data-end=\"1868\">A\u00a0<strong data-start=\"1470\" data-end=\"1490\">Arymi IFun 28000<\/strong>\u00a0nemcsak leny\u0171g\u00f6z\u0151 tart\u00f3ss\u00e1got, hanem \n(sz\u00edn)\u00a0<strong data-start=\"1559\" data-end=\"1584\">k\u00f6nnyen haszn\u00e1lhat\u00f3<\/strong>\u00a0Alkalmaz\u00e1s. Egy\u00a0<strong data-start=\"1606\" data-end=\"1641\">egyszer\u0171, ergonomikus kialak\u00edt\u00e1s<\/strong>\u00a0k\u00fcl\u00f6n\u00f6sen felhaszn\u00e1l\u00f3bar\u00e1t \u00e9s k\u00e9nyelmes a kezel\u00e9se. K\u00f6sz\u00f6nhet\u0151en az\u00a0<strong data-start=\"1723\" data-end=\"1757\">\u00e1ll\u00edthat\u00f3 l\u00e9g\u00e1raml\u00e1s funkci\u00f3<\/strong>\u00a0A vonat viselked\u00e9s\u00e9t teljesen az \u00d6n ig\u00e9nyeihez igaz\u00edthatja, \u00e9s szem\u00e9lyre szabott g\u0151z\u00f6l\u00e9si \u00e9lm\u00e9nyt \u00e9lvezhet.<\/p>\n<h3 data-start=\"1870\" data-end=\"1932\">Az Arymi IFun 28000 vonatok  eldobhat\u00f3 e-cigaretta tulajdons\u00e1gai<\/h3>\n<ul data-start=\"1934\" data-end=\"2943\">\n<li data-start=\"1934\" data-end=\"2089\"><strong data-start=\"1936\" data-end=\"1978\">Hossz\u00fa eltarthat\u00f3s\u00e1g (legfeljebb 28 000 sz\u00edv\u00e1s)<\/strong>: \u00c9lvezze a hosszantart\u00f3 vaporiz\u00e1ci\u00f3s \u00e9lm\u00e9nyt an\u00e9lk\u00fcl, hogy gyakran kellene ut\u00e1nt\u00f6ltenie.<\/li>\n<li data-start=\"2090\" data-end=\"2201\"><strong data-start=\"2092\" data-end=\"2120\">28 ml e-folyad\u00e9k kapacit\u00e1s<\/strong>: Nagy mennyis\u00e9g\u0171 folyad\u00e9kot biztos\u00edt t\u00f6bb h\u00e9tig intenz\u00edv haszn\u00e1latra.<\/li>\n<li data-start=\"2202\" data-end=\"2311\"><strong data-start=\"2204\" data-end=\"2229\">2 1\/3%<\/strong>Ide\u00e1lis azoknak a doh\u00e1nyosoknak, akiknek kellemesen adagolt nikotinbevitelre van sz\u00fcks\u00e9g\u00fck.<\/li>\n<li data-start=\"2312\" data-end=\"2454\"><strong data-start=\"2314\" data-end=\"2356\">600 mAh akkumul\u00e1tor (\u00fajrat\u00f6lthet\u0151 Type-C-n kereszt\u00fcl)<\/strong>Egyenletes teljes\u00edtm\u00e9nyt biztos\u00edt, \u00e9s lehet\u0151v\u00e9 teszi a k\u00e9sz\u00fcl\u00e9k egyszer\u0171 t\u00f6lt\u00e9s\u00e9t ig\u00e9ny szerint.<\/li>\n<li data-start=\"2455\" data-end=\"2584\"><strong data-start=\"2457\" data-end=\"2501\">Pr\u00e9mium h\u00e1l\u00f3 tekercs (1,0 \u03a9 dupla h\u00e1l\u00f3 tekercs)<\/strong>S\u0171r\u0171, \u00edzletes g\u0151zfelh\u0151ket hoz l\u00e9tre az intenz\u00edv \u00edz\u00e9lm\u00e9ny \u00e9rdek\u00e9ben.<\/li>\n<li data-start=\"2585\" data-end=\"2700\"><strong data-start=\"2587\" data-end=\"2611\">\u00c1ll\u00edthat\u00f3 l\u00e9g\u00e1raml\u00e1s<\/strong>: Lehet\u0151v\u00e9 teszi a l\u00e9g\u00e1ram finomhangol\u00e1s\u00e1t a szem\u00e9lyre szabott g\u0151ztermel\u00e9s \u00e9rdek\u00e9ben.<\/li>\n<li data-start=\"2701\" data-end=\"2835\"><strong data-start=\"2703\" data-end=\"2734\">Elem- \u00e9s folyad\u00e9k kijelz\u0151<\/strong>: A praktikus kijelz\u0151kkel mindig tudja, mennyi energia \u00e9s folyad\u00e9k \u00e1ll m\u00e9g rendelkez\u00e9sre.<\/li>\n<li data-start=\"2836\" data-end=\"2943\"><strong data-start=\"2838\" data-end=\"2860\">K\u00f6nny\u0171 \u00e9s kompakt<\/strong>A k\u00e9sz\u00fcl\u00e9k mind\u00f6ssze 120 g s\u00faly\u00fa darabonk\u00e9nt, \u00edgy k\u00fcl\u00f6n\u00f6sen k\u00e9zre\u00e1ll\u00f3 \u00e9s hordozhat\u00f3.<\/li>\n<\/ul>\n<p data-start=\"2945\" data-end=\"3095\"><strong data-start=\"2945\" data-end=\"2964\">Csomagol\u00e1si egys\u00e9g<\/strong>: 10 darab dobozonk\u00e9nt<br data-start=\"2982\" data-end=\"2985\" \/><strong data-start=\"2985\" data-end=\"3008\">S\u00faly csomagonk\u00e9nt<\/strong>: 120 g \/ darab<br data-start=\"3023\" data-end=\"3026\" \/><strong data-start=\"3026\" data-end=\"3046\">Mennyis\u00e9g kartonk\u00e9nt<\/strong>: 200 darab<br data-start=\"3057\" data-end=\"3060\" \/><strong data-start=\"3060\" data-end=\"3088\">Teljes s\u00faly kartonk\u00e9nt<\/strong>: 25 kg<\/p>\n<h2 data-start=\"0\" data-end=\"71\"><img loading=\"lazy\" decoding=\"async\" class=\"alignnone wp-image-2302 size-full\" title=\"Arymi IFun 28000 h\u00faz\u00f3 egyszer haszn\u00e1latos e-cigaretta - M\u00e1lna Sz\u0151l\u0151 - Eper S\u00e1rk\u00e1ny Gy\u00fcm\u00f6lcs 2\" src=\"https:\/\/alfakher24h.de\/wp-content\/uploads\/2025\/03\/all1.webp\" sizes=\"auto, (max-width: 904px) 100vw, 904px\" srcset=\"https:\/\/alfakher24h.de\/wp-content\/uploads\/2025\/03\/all1.webp 904w, https:\/\/alfakher24h.de\/wp-content\/uploads\/2025\/03\/all1-212x300.webp 212w, https:\/\/alfakher24h.de\/wp-content\/uploads\/2025\/03\/all1-723x1024.webp 723w, https:\/\/alfakher24h.de\/wp-content\/uploads\/2025\/03\/all1-768x1087.webp 768w, https:\/\/alfakher24h.de\/wp-content\/uploads\/2025\/03\/all1-8x12.webp 8w, https:\/\/alfakher24h.de\/wp-content\/uploads\/2025\/03\/all1-600x850.webp 600w\" alt=\"Arymi IFun 28000 h\u00faz\u00e1s egyszerhaszn\u00e1latos E-cigaretta - M\u00e1lna Sz\u0151l\u0151 - Eper S\u00e1rk\u00e1ny Gy\u00fcm\u00f6lcs\" width=\"904\" height=\"1280\" \/><\/h2>\n<hr data-start=\"4635\" data-end=\"4638\" \/>\n<h3 data-start=\"3097\" data-end=\"3143\">\u00cdzek: Robban\u00e1sszer\u0171 \u00edz\u00e9lm\u00e9ny minden sz\u00edv\u00e1ssal<\/h3>\n<p data-start=\"3145\" data-end=\"3568\">A\u00a0<strong data-start=\"3149\" data-end=\"3193\"><a href=\"https:\/\/alfakherwelt.de\/product-category\/arymi-ifun-28000\/\" target=\"_blank\" rel=\"noopener\">Arymi IFun 28000 vonatok<\/a>\u00a0Eldobhat\u00f3 e-cigaretta<\/strong>\u00a0leny\u0171g\u00f6z\u0151 v\u00e1laszt\u00e9kot k\u00edn\u00e1l\u00a0<strong data-start=\"3232\" data-end=\"3256\">\u00cdzek<\/strong>, amelyek minden vapper sz\u00e1m\u00e1ra k\u00edn\u00e1lnak valamit. Minden sz\u00edv\u00e1s egy \u00edzrobban\u00e1st hoz, amelyet nem fogsz hamar elfelejteni. A k\u00e9t legn\u00e9pszer\u0171bb v\u00e1ltozat az\u00a0<strong data-start=\"3426\" data-end=\"3444\">M\u00e1lna sz\u0151l\u0151<\/strong>\u00a0\u00e9s\u00a0<strong data-start=\"3449\" data-end=\"3473\">Eper-s\u00e1rk\u00e1ny gy\u00fcm\u00f6lcs<\/strong>A v\u00e1laszt\u00e9k azonban folyamatosan n\u00f6vekszik. Itt van egy r\u00e9szletes le\u00edr\u00e1s e k\u00e9t \u00edzr\u0151l:<\/p>\n<h4 data-start=\"3570\" data-end=\"3595\"><strong data-start=\"3575\" data-end=\"3593\">M\u00e1lna sz\u0151l\u0151<\/strong><\/h4>\n<p data-start=\"3596\" data-end=\"4205\">Egy gy\u00fcm\u00f6lcs\u00f6s mix, amely l\u00e9d\u00fas m\u00e1ln\u00e1t \u00e9s \u00e9des sz\u0151l\u0151t \u00f6tv\u00f6z, egyes\u00edtve mindk\u00e9t vil\u00e1g legjobbj\u00e1t. Az \u00edz egyszerre \u00e9des \u00e9s enyh\u00e9n savanyk\u00e1s, \u00e9s friss\u00edt\u0151 \u00e9lm\u00e9nyt ny\u00fajt, amely csalogatja az \u00edzlel\u0151bimb\u00f3kat. Minden sz\u00edv\u00e1sn\u00e1l \u00e9lvezheti e k\u00e9t gy\u00fcm\u00f6lcs term\u00e9szetes frissess\u00e9g\u00e9t \u00e9s intenz\u00edv \u00edz\u00e9t, amelyek t\u00f6k\u00e9letesen harmoniz\u00e1lnak. A gy\u00fcm\u00f6lcs\u00f6s \u00e9s \u00e9des \u00edz hossz\u00fa ideig tart, \u00e9s minden bel\u00e9gz\u00e9sn\u00e9l felismerhet\u0151 marad. Ide\u00e1lis mindazok sz\u00e1m\u00e1ra, akik egy\u00a0<strong data-start=\"4069\" data-end=\"4103\">gy\u00fcm\u00f6lcs\u00f6s \u00e9s \u00e9des \u00edz<\/strong>\u00a0el\u0151nyben r\u00e9szes\u00edtik \u00e9s a frissess\u00e9g jegy\u00e9ben\u00a0<strong data-start=\"4140\" data-end=\"4153\">M\u00e1ln\u00e1k<\/strong>\u00a0a kombin\u00e1ci\u00f3j\u00e1ban a\u00a0<strong data-start=\"4177\" data-end=\"4197\">sz\u0151l\u0151cukor<\/strong>\u00a0Szeretni.<\/p>\n<h4 data-start=\"4207\" data-end=\"4238\"><strong data-start=\"4212\" data-end=\"4236\">Eper-s\u00e1rk\u00e1ny gy\u00fcm\u00f6lcs<\/strong><\/h4>\n<p data-start=\"4239\" data-end=\"4852\">Ez a kombin\u00e1ci\u00f3 \u00f6sszehozza a friss \u00e9s \u00e9des epret az egzotikus \u00edz\u00e9vel\u00a0<strong data-start=\"4336\" data-end=\"4352\">s\u00e1rk\u00e1nygy\u00fcm\u00f6lcs<\/strong>. A\u00a0<strong data-start=\"4358\" data-end=\"4374\">s\u00e1rk\u00e1nygy\u00fcm\u00f6lcs<\/strong>Dragon gy\u00fcm\u00f6lcs, m\u00e1s n\u00e9ven Pitaya, enyhe, kiss\u00e9 \u00e9des jegyekkel rendelkezik, amelyek t\u00f6k\u00e9letesen illeszkednek az eper frissess\u00e9g\u00e9hez \u00e9s intenzit\u00e1s\u00e1hoz. Az \u00edze nemcsak gy\u00fcm\u00f6lcs\u00f6s, hanem enyh\u00e9n vir\u00e1gos is, ami k\u00fcl\u00f6n\u00f6sen vonz\u00f3v\u00e1 teszi\u00a0<strong data-start=\"4599\" data-end=\"4611\">egzotikus<\/strong>\u00a0\u00e9s\u00a0<strong data-start=\"4616\" data-end=\"4628\">\u00e9l\u0151<\/strong>\u00a0Ez teszi. Ha intenz\u00edv, de nem t\u00fal neh\u00e9z gy\u00fcm\u00f6lcs \u00edzt keres, akkor ez a kombin\u00e1ci\u00f3 biztosan tetszeni fog. Ide\u00e1lis v\u00e1laszt\u00e1s azoknak a vapereknek, akik\u00a0<strong data-start=\"4816\" data-end=\"4845\">\u00c9des \u00e9s tr\u00f3pusi arom\u00e1k<\/strong>\u00a0szeretnek.<\/p>\n<p data-start=\"4854\" data-end=\"4918\"><strong data-start=\"4854\" data-end=\"4915\">Tov\u00e1bbi lehets\u00e9ges \u00edzek (hamarosan el\u00e9rhet\u0151)<\/strong>:<\/p>\n<ul data-start=\"4919\" data-end=\"5007\">\n<li data-start=\"4919\" data-end=\"4939\"><strong data-start=\"4921\" data-end=\"4937\">Mango-Papaya<\/strong><\/li>\n<li data-start=\"4940\" data-end=\"4961\"><strong data-start=\"4942\" data-end=\"4959\">Ment\u00e1s-lime<\/strong><\/li>\n<li data-start=\"4962\" data-end=\"4987\"><strong data-start=\"4964\" data-end=\"4985\">Tr\u00f3pusi gy\u00fcm\u00f6lcs\u00f6k<\/strong><\/li>\n<li data-start=\"4988\" data-end=\"5007\"><strong data-start=\"4990\" data-end=\"5007\">Van\u00edliakr\u00e9m<\/strong><\/li>\n<\/ul>\n<h3 data-start=\"5009\" data-end=\"5082\">Mi\u00e9rt \u00e9rdemes megv\u00e1s\u00e1rolni az Arymi IFun 28000 h\u00faz\u00f3s eldobhat\u00f3 e-cigarett\u00e1t<\/h3>\n<ol data-start=\"5084\" data-end=\"5767\">\n<li data-start=\"5084\" data-end=\"5231\"><strong data-start=\"5087\" data-end=\"5104\">Tart\u00f3ss\u00e1g<\/strong>: Mit\u00a0<strong data-start=\"5110\" data-end=\"5126\">28 000 vonatb\u00f3l<\/strong>\u00a0Van olyan garancia, hogy az \u00d6n vape k\u00e9sz\u00fcl\u00e9ke hossz\u00fa ideig tart. Nem kell folyamatosan a p\u00f3tl\u00e1s miatt agg\u00f3dnia.<\/li>\n<li data-start=\"5232\" data-end=\"5340\"><strong data-start=\"5235\" data-end=\"5256\">Pr\u00e9mium \u00edz<\/strong>: A\u00a0<strong data-start=\"5262\" data-end=\"5275\">Mesh Coil<\/strong>\u00a0Biztos\u00edtja az intenz\u00edv, \u00edzletes g\u0151z\u00f6l\u00e9st minden sz\u00edv\u00e1ssal.<\/li>\n<li data-start=\"5341\" data-end=\"5449\"><strong data-start=\"5344\" data-end=\"5367\">Egyszer\u0171 kezel\u00e9s<\/strong>: Nincs ut\u00e1nt\u00f6lt\u00e9s, nincs \u00fajrat\u00f6lt\u00e9s (csak ha az akkumul\u00e1tor lemer\u00fclt), egyszer\u0171en csak \u00e9lvezze.<\/li>\n<li data-start=\"5450\" data-end=\"5620\"><strong data-start=\"5453\" data-end=\"5489\">T\u00f6bbf\u00e9le \u00edzvil\u00e1g<\/strong>: Egal, ob Sie fruchtige, s\u00fc\u00dfe oder exotische Aromen bevorzugen \u2013 die\u00a0<strong data-start=\"5559\" data-end=\"5579\">Arymi IFun 28000<\/strong>\u00a0Minden \u00edzl\u00e9snek van mit k\u00edn\u00e1lnia.<\/li>\n<li data-start=\"5621\" data-end=\"5767\"><strong data-start=\"5624\" data-end=\"5650\">T\u00f6k\u00e9letes nikotintartalom<\/strong>2 % nikotintartalommal kellemes nikotind\u00f3zist kap, amely ide\u00e1lis doh\u00e1nyosok \u00e9s kor\u00e1bbi doh\u00e1nyosok sz\u00e1m\u00e1ra.<\/li>\n<\/ol>\n<h3 data-start=\"5769\" data-end=\"5821\">GYIK az Arymi IFun 28000 h\u00faz\u00f3s eldobhat\u00f3 e-cigarett\u00e1r\u00f3l<\/h3>\n<p data-start=\"5823\" data-end=\"6066\"><strong data-start=\"5823\" data-end=\"5890\">1. Mennyi ideig tart az Arymi IFun 28000 h\u00faz\u00e1sos eldobhat\u00f3 e-cigaretta?<\/strong><br data-start=\"5890\" data-end=\"5893\" \/>A\u00a0<strong data-start=\"5897\" data-end=\"5922\">Arymi IFun 28000 vonatok<\/strong>\u00a0Felaj\u00e1nlja\u00a0<strong data-start=\"5930\" data-end=\"5952\">legfeljebb 28 000 vonat<\/strong>amiatt, hogy t\u00f6bb h\u00e9tig vagy h\u00f3napig tartson a napi haszn\u00e1lat sor\u00e1n, a haszn\u00e1lat gyakoris\u00e1g\u00e1t\u00f3l f\u00fcgg\u0151en.<\/p>\n<p data-start=\"6068\" data-end=\"6242\"><strong data-start=\"6068\" data-end=\"6121\">2. Mennyi nikotint tartalmaz az Arymi IFun 28000?<\/strong><br data-start=\"6121\" data-end=\"6124\" \/>A nikotintartalma\u00a0<strong data-start=\"6150\" data-end=\"6157\">2 %<\/strong>, amely m\u00e9rs\u00e9kelt nikotinell\u00e1t\u00e1st biztos\u00edt, a legt\u00f6bb vape felhaszn\u00e1l\u00f3 sz\u00e1m\u00e1ra megfelel\u0151.<\/p>\n<p data-start=\"6244\" data-end=\"6483\"><strong data-start=\"6244\" data-end=\"6309\">3. Az Arymi IFun 28000 eldobhat\u00f3 e-cigarett\u00e1t fel kell t\u00f6ltenem?<\/strong><br data-start=\"6309\" data-end=\"6312\" \/>Igen, az akkumul\u00e1tor az\u00a0<strong data-start=\"6329\" data-end=\"6348\">\u00fajrat\u00f6lthet\u0151<\/strong>\u00a0\u00e1t\u00a0<strong data-start=\"6354\" data-end=\"6364\">Type-C<\/strong>Az akkumul\u00e1tor a folyad\u00e9k teljes \u00e9lettartama alatt kitart, de ha lemer\u00fcl, akkor k\u00f6nnyen \u00fajra felt\u00f6lthet\u0151.<\/p>\n<p data-start=\"6485\" data-end=\"6702\"><strong data-start=\"6485\" data-end=\"6527\">4. \u00c1ll\u00edthat\u00f3 a leveg\u0151 be\u00e1raml\u00e1sa?<\/strong><br data-start=\"6527\" data-end=\"6530\" \/>Igen, a\u00a0<strong data-start=\"6538\" data-end=\"6563\">Arymi IFun 28000 vonatok<\/strong>\u00a0rendelkezik egy\u00a0<strong data-start=\"6582\" data-end=\"6606\">\u00e1ll\u00edthat\u00f3 l\u00e9g\u00e1raml\u00e1s<\/strong>, amellyel tetsz\u00e9s szerint \u00e1ll\u00edthatja be a l\u00e9g\u00e1raml\u00e1st a g\u0151z\u00f6l\u00e9si \u00e9lm\u00e9ny optimaliz\u00e1l\u00e1sa \u00e9rdek\u00e9ben.<\/p>\n<p data-start=\"6704\" data-end=\"6922\"><strong data-start=\"6704\" data-end=\"6751\">5. Hol v\u00e1s\u00e1rolhatom meg az Arymi IFun 28000-ot?<\/strong><br data-start=\"6751\" data-end=\"6754\" \/>Sie k\u00f6nnen die\u00a0<strong data-start=\"6769\" data-end=\"6808\">Arymi IFun 28000 eldobhat\u00f3 e-cigaretta<\/strong> K\u00e9nyelmesen \u00e9s biztons\u00e1gosan v\u00e1s\u00e1roljon az alfakher24h.de oldalon - a legnagyobb platformon\u00a0<strong data-start=\"6886\" data-end=\"6906\">eldobhat\u00f3 vape-ok<\/strong>\u00a0N\u00e9metorsz\u00e1gban.<\/p>\n<h3 data-start=\"6924\" data-end=\"6933\">K\u00f6vetkeztet\u00e9s<\/h3>\n<p data-start=\"6935\" data-end=\"7461\" data-is-last-node=\"\">A\u00a0<strong data-start=\"6939\" data-end=\"6983\">Arymi IFun 28000 h\u00faz\u00e1sos eldobhat\u00f3 e-cigaretta<\/strong>\u00a0t\u00f6bb mint egy \u00e1tlagos vape - ez a t\u00f6k\u00e9letes v\u00e1laszt\u00e1s mindazok sz\u00e1m\u00e1ra, akik hossz\u00fa \u00e9lettartam\u00fa, kiv\u00e1l\u00f3 min\u0151s\u00e9g\u0171 \u00e9s \u00edzben kiemelked\u0151 eldobhat\u00f3 e-cigarett\u00e1t keresnek. A vele\u00a0<strong data-start=\"7174\" data-end=\"7202\">sz\u00e1mottev\u0151 Puff\u6570\u91cf \n helyett:  sz\u00e1mottev\u0151 puffsz\u00e1m<\/strong>den\u00a0<strong data-start=\"7208\" data-end=\"7245\">t\u00f6bbf\u00e9le \u00edzvil\u00e1g<\/strong>\u00a0\u00e9s a\u00a0<strong data-start=\"7254\" data-end=\"7278\">Egyszer\u0171 kezelhet\u0151s\u00e9g<\/strong>\u00a0ide\u00e1lis v\u00e1laszt\u00e1s minden vape sz\u00e1m\u00e1ra\u00a0<strong data-start=\"7321\" data-end=\"7336\">N\u00e9metorsz\u00e1g<\/strong>V\u00e1s\u00e1rolja meg m\u00e9g ma a\u00a0<strong data-start=\"7365\" data-end=\"7385\">Arymi IFun 28000<\/strong> Az alfakher24h.de oldalon \u00e9s tapasztalja meg a Vapinget egy teljesen \u00faj szinten!<\/p>","protected":false},"excerpt":{"rendered":"<p><strong data-start=\"6939\" data-end=\"6983\">Arymi IFun 28000 h\u00faz\u00e1sos eldobhat\u00f3 e-cigaretta<\/strong>\u00a0t\u00f6bb mint egy \u00e1tlagos vape - ez a t\u00f6k\u00e9letes v\u00e1laszt\u00e1s mindazok sz\u00e1m\u00e1ra, akik hossz\u00fa \u00e9lettartam\u00fa, kiv\u00e1l\u00f3 min\u0151s\u00e9g\u0171 \u00e9s \u00edzben kiemelked\u0151 eldobhat\u00f3 e-cigarett\u00e1t keresnek. A vele\u00a0<strong data-start=\"7174\" data-end=\"7202\">sz\u00e1mottev\u0151 Puff\u6570\u91cf \n helyett:  sz\u00e1mottev\u0151 puffsz\u00e1m<\/strong>,<\/p>","protected":false},"featured_media":1770,"comment_status":"open","ping_status":"closed","template":"","meta":{"om_disable_all_campaigns":false},"product_brand":[],"product_cat":[45],"product_tag":[],"class_list":{"0":"post-1769","1":"product","2":"type-product","3":"status-publish","4":"has-post-thumbnail","6":"product_cat-arymi-ifun-28000","8":"first","9":"outofstock","10":"shipping-taxable","11":"purchasable","12":"product-type-simple"},"_links":{"self":[{"href":"https:\/\/alfakher24h.de\/hu\/wp-json\/wp\/v2\/product\/1769","targetHints":{"allow":["GET"]}}],"collection":[{"href":"https:\/\/alfakher24h.de\/hu\/wp-json\/wp\/v2\/product"}],"about":[{"href":"https:\/\/alfakher24h.de\/hu\/wp-json\/wp\/v2\/types\/product"}],"replies":[{"embeddable":true,"href":"https:\/\/alfakher24h.de\/hu\/wp-json\/wp\/v2\/comments?post=1769"}],"wp:featuredmedia":[{"embeddable":true,"href":"https:\/\/alfakher24h.de\/hu\/wp-json\/wp\/v2\/media\/1770"}],"wp:attachment":[{"href":"https:\/\/alfakher24h.de\/hu\/wp-json\/wp\/v2\/media?parent=1769"}],"wp:term":[{"taxonomy":"product_brand","embeddable":true,"href":"https:\/\/alfakher24h.de\/hu\/wp-json\/wp\/v2\/product_brand?post=1769"},{"taxonomy":"product_cat","embeddable":true,"href":"https:\/\/alfakher24h.de\/hu\/wp-json\/wp\/v2\/product_cat?post=1769"},{"taxonomy":"product_tag","embeddable":true,"href":"https:\/\/alfakher24h.de\/hu\/wp-json\/wp\/v2\/product_tag?post=1769"}],"curies":[{"name":"wp","href":"https:\/\/api.w.org\/{rel}","templated":true}]}}