{"id":1766,"date":"2025-03-11T06:02:06","date_gmt":"2025-03-11T06:02:06","guid":{"rendered":"https:\/\/alfakher24h.de\/?post_type=product&#038;p=1766"},"modified":"2025-07-12T13:27:55","modified_gmt":"2025-07-12T13:27:55","slug":"httperror-response-code-429-too-many-requests-29","status":"publish","type":"product","link":"https:\/\/alfakher24h.de\/hu\/termek\/httperror-response-code-429-too-many-requests-29\/","title":{"rendered":"Arymi IFun 28000 h\u00faz\u00e1s egyszerhaszn\u00e1latos e-cigaretta \u2013 Ment\u00e1s J\u00e9g \u2013 Ban\u00e1n Milkshake"},"content":{"rendered":"<h2><a href=\"https:\/\/alfakher24h.de\/hu\/\">Arymi IFun 28000 h\u00faz\u00e1s Egyutas E-cigaretta<\/a>: A v\u00e9gs\u0151 v\u00e1laszt\u00e1s a kifinomult g\u0151z\u00f6l\u0151k sz\u00e1m\u00e1ra<\/h2>\n<div style=\"width: 848px;\" class=\"wp-video\"><video class=\"wp-video-shortcode\" id=\"video-1766-1\" width=\"848\" height=\"478\" preload=\"metadata\" controls=\"controls\"><source type=\"video\/mp4\" src=\"https:\/\/alfakher24h.de\/wp-content\/uploads\/2025\/03\/VID-20241031-WA0010.mp4?_=1\" \/><a href=\"https:\/\/alfakher24h.de\/wp-content\/uploads\/2025\/03\/VID-20241031-WA0010.mp4\">https:\/\/alfakher24h.de\/wp-content\/uploads\/2025\/03\/VID-20241031-WA0010.mp4<\/a><\/video><\/div>\n<p data-start=\"92\" data-end=\"802\">A\u00a0<strong data-start=\"96\" data-end=\"140\">Arymi IFun 28000 h\u00faz\u00e1s egyszer haszn\u00e1latos e-cigaretta<\/strong>\u00a0a t\u00f6k\u00e9letes megold\u00e1s mindazok sz\u00e1m\u00e1ra, akik hossz\u00fa \u00e9lettartam\u00fa, felhaszn\u00e1l\u00f3bar\u00e1t \u00e9s \u00edzletes vaporiz\u00e1ci\u00f3s \u00e9lm\u00e9nyt keresnek.  Az 28 000 sz\u00edv\u00e1ssal, a b\u0151 E-liquid kapacit\u00e1ssal \u00e9s az innovat\u00edv funkci\u00f3kkal ez a term\u00e9k kiv\u00e9teles teljes\u00edtm\u00e9nyt ny\u00fajt, amely meggy\u0151zi \u00d6nt.  Ebben a cikkben megtudhatja mindent, amit err\u0151l a\u00a0<strong data-start=\"509\" data-end=\"542\">Arymi IFun eldobhat\u00f3 e-cigaretta<\/strong>\u00a0tudniuk kell, a figyelemre m\u00e9lt\u00f3 jellemz\u0151kt\u0151l kezdve az \u00edzek r\u00e9szletes le\u00edr\u00e1s\u00e1ig. V\u00e1s\u00e1rolja meg a\u00a0<strong data-start=\"678\" data-end=\"700\">Egyszer haszn\u00e1latos e-cigaretta<\/strong> k\u00f6zvetlen\u00fcl az \/alfakher24h.de-n, N\u00e9metorsz\u00e1g legnagyobb eldobhat\u00f3 vape online \u00e9rt\u00e9kes\u00edt\u00e9si platformj\u00e1n.<\/p>\n<hr data-start=\"804\" data-end=\"807\" \/>\n<h3 data-start=\"809\" data-end=\"886\"><strong data-start=\"812\" data-end=\"886\">Mi\u00e9rt az Arymi IFun 28000 h\u00faz\u00e1sok <a href=\"https:\/\/alfakher24h.de\/hu\/\">Egyszer haszn\u00e1latos e-cigaretta<\/a> Az els\u0151 v\u00e1laszt\u00e1suk<\/strong><\/h3>\n<p data-start=\"888\" data-end=\"1358\">A\u00a0<strong data-start=\"892\" data-end=\"936\">Arymi IFun 28000 h\u00faz\u00e1s egyszer haszn\u00e1latos e-cigaretta<\/strong>\u00a0Vil\u00e1gos c\u00e9llal fejlesztett\u00e9k ki: hogy magas sz\u00ednvonal\u00fa, hossz\u00fa \u00e9lettartam\u00fa \u00e9s sokoldal\u00fa g\u0151z\u00f6l\u00e9si \u00e9lm\u00e9nyt ny\u00fajtson. Ak\u00e1r kezd\u0151, ak\u00e1r tapasztalt g\u0151z\u00f6l\u0151 vagy, ez az eszk\u00f6z minden bizonnyal fel\u00fclm\u00falja majd elv\u00e1r\u00e1saidat. A hatalmas sz\u00e1m\u00fa sz\u00edv\u00e1s \u00e9s az els\u0151 oszt\u00e1ly\u00fa mesh-tekercs technol\u00f3gia kombin\u00e1ci\u00f3ja egyenletes, intenz\u00edv g\u0151z\u00f6l\u00e9st biztos\u00edt, lehet\u0151v\u00e9 t\u00e9ve, hogy minden m\u00e1sodpercet \u00e9lvezz.<\/p>\n<h3><strong data-start=\"1364\" data-end=\"1426\">ArymI IFun 28000 vonal  Egyutas E-cigaretta f\u0151 jellemz\u0151i<\/strong><\/h3>\n<ul data-start=\"1428\" data-end=\"2738\">\n<li data-start=\"1428\" data-end=\"1602\"><strong data-start=\"1430\" data-end=\"1465\">Maxim\u00e1lis vonatsz\u00e1m: 28 000 vonat<\/strong>: Rendk\u00edv\u00fcl magas vonatsz\u00e1mmal ez az egyszer haszn\u00e1latos e-cigaretta ny\u00fajtja a leghosszabb haszn\u00e1latot a piacon.<\/li>\n<li data-start=\"1603\" data-end=\"1742\"><strong data-start=\"1605\" data-end=\"1640\">Nagy e-folyad\u00e9k kapacit\u00e1s: 28 ml<\/strong>A 28 ml-es folyad\u00e9ktart\u00e1ly biztos\u00edtja, hogy hosszabb ideig tudjon g\u0151z\u00f6lni an\u00e9lk\u00fcl, hogy \u00fajra kellene t\u00f6ltenie.<\/li>\n<li data-start=\"1743\" data-end=\"1906\"><strong data-start=\"1745\" data-end=\"1770\">Nikotintartalma 2 %<\/strong>Ide\u00e1lis azok sz\u00e1m\u00e1ra, akik ugyanannyi nikotintartalommal szeretn\u00e9nek rendelkezni, mint egy hagyom\u00e1nyos cigaretta, de a g\u0151z\u00f6l\u00e9s el\u0151nyeivel.<\/li>\n<li data-start=\"1907\" data-end=\"2050\"><strong data-start=\"1909\" data-end=\"1938\">Akku: 600 mAh tiszta kobalt<\/strong>A nagy teljes\u00edtm\u00e9ny\u0171 akkumul\u00e1tor biztos\u00edtja a folyamatos teljes\u00edtm\u00e9nyt, amely hossz\u00fa g\u0151z\u00f6l\u00e9si munkamenetek sor\u00e1n sem cs\u00f6kken.<\/li>\n<li data-start=\"2051\" data-end=\"2252\"><strong data-start=\"2053\" data-end=\"2099\">Pr\u00e9mium h\u00e1l\u00f3 tekercs 1,0 \u03a9-os dupla h\u00e1l\u00f3 tekerccsel<\/strong>: Az innovat\u00edv Mesh-Coil technol\u00f3gia biztos\u00edtja a folyad\u00e9k egyenletes elp\u00e1rologtat\u00e1s\u00e1t, \u00e9s ez\u00e1ltal intenz\u00edv \u00edzt \u00e9s s\u0171r\u0171 g\u0151ztermel\u00e9st eredm\u00e9nyez.<\/li>\n<li data-start=\"2253\" data-end=\"2412\"><strong data-start=\"2255\" data-end=\"2282\">\u00e1ll\u00edthat\u00f3 leveg\u0151bevitel<\/strong>: \u00c1ll\u00edtsa be a l\u00e9g\u00e1raml\u00e1st az \u00d6n preferenci\u00e1i szerint, hogy szem\u00e9lyre szabja a vape-\u00e9lm\u00e9nyt \u00e9s \u00e9lvezze a t\u00f6k\u00e9letes f\u00faj\u00e1st.<\/li>\n<li data-start=\"2413\" data-end=\"2587\"><strong data-start=\"2415\" data-end=\"2451\">Elem \u00e9s E-folyad\u00e9k kijelz\u0151<\/strong>: Tartsa szemmel az akkumul\u00e1tor \u00e1llapot\u00e1t \u00e9s a folyad\u00e9k mennyis\u00e9g\u00e9t, hogy mindig biztos lehet abban, hogy elegend\u0151 teljes\u00edtm\u00e9nye \u00e9s folyad\u00e9ka van.<\/li>\n<li data-start=\"2588\" data-end=\"2738\"><strong data-start=\"2590\" data-end=\"2616\">K\u00e9nyelmes kezel\u00e9s<\/strong>A k\u00e9sz\u00fcl\u00e9k k\u00f6nny\u0171, k\u00e9zre\u00e1ll\u00f3 \u00e9s azonnal haszn\u00e1latra k\u00e9sz, an\u00e9lk\u00fcl, hogy tov\u00e1bbi be\u00e1ll\u00edt\u00e1sokkal kellene foglalkoznia.<\/li>\n<\/ul>\n<hr data-start=\"2740\" data-end=\"2743\" \/>\n<h3 data-start=\"2745\" data-end=\"2804\"><strong data-start=\"2748\" data-end=\"2804\">\u00cdzek az Arymi IFun 28000 h\u00faz\u00e1s eldobhat\u00f3 E cigaretta<\/strong><\/h3>\n<h4 data-start=\"2806\" data-end=\"2822\"><strong data-start=\"2810\" data-end=\"2822\">Mint Ice<\/strong><\/h4>\n<p data-start=\"2824\" data-end=\"3278\">A\u00a0<strong data-start=\"2828\" data-end=\"2840\">Mint Ice<\/strong>Az \u00edz mindenki sz\u00e1m\u00e1ra t\u00f6k\u00e9letes, aki a h\u0171s, friss\u00edt\u0151 g\u0151z\u00f6l\u00e9si \u00e9lm\u00e9nyeket kedveli. A friss menta \u00e9s a jeges f\u00faj\u00e1s kombin\u00e1ci\u00f3ja azonnali frissess\u00e9get ny\u00fajt. A menta term\u00e9szetes frissess\u00e9ge, p\u00e1ros\u00edtva a h\u0171s j\u00e9gkrist\u00e1lyos jegyekkel, kellemes, intenz\u00edv \u00e9lm\u00e9nyt ny\u00fajt, amely soha nem tolakod\u00f3. T\u00f6k\u00e9letes a nap ind\u00edt\u00e1s\u00e1hoz vagy egy friss\u00edt\u0151 g\u0151z\u00f6l\u00e9si pillanat \u00e9lvez\u00e9s\u00e9hez.<\/p>\n<h4 data-start=\"3280\" data-end=\"3304\"><strong data-start=\"3284\" data-end=\"3304\">Ban\u00e1n Turmix<\/strong><\/h4>\n<p data-start=\"3306\" data-end=\"3763\">A\u00a0<strong data-start=\"3310\" data-end=\"3330\">Ban\u00e1n Turmix<\/strong>Az \u00edz egy cs\u00e1b\u00edt\u00f3 kombin\u00e1ci\u00f3ja az \u00e9des ban\u00e1nnak \u00e9s a kr\u00e9mes milkshake jegyeknek. Ez az \u00edz eml\u00e9keztet egy klasszikus, friss ban\u00e1n milkshake-re, amely egyenesen a b\u00e1rb\u00f3l \u00e9rkezik. A kr\u00e9mes text\u00fara l\u00e1gy \u00e9s kellemes vaporiz\u00e1ci\u00f3s \u00e9lm\u00e9nyt ny\u00fajt, amely egyszerre \u00e9des \u00e9s kiel\u00e9g\u00edt\u0151. Azok sz\u00e1m\u00e1ra, akik \u00e9des, de nem t\u00fal neh\u00e9z lehet\u0151s\u00e9get keresnek, ez az \u00edz kiv\u00e1l\u00f3 v\u00e1laszt\u00e1s.<\/p>\n<h2 data-start=\"0\" data-end=\"107\"><img loading=\"lazy\" decoding=\"async\" class=\"alignnone wp-image-2299 size-full\" title=\"Arymi IFun 28000 Z\u00fcge Einweg E Zigarette - Ment\u00e1s J\u00e9g - Ban\u00e1n Tejturmix 2\" src=\"https:\/\/alfakher24h.de\/wp-content\/uploads\/2025\/03\/arymi-hookalit-2.webp\" sizes=\"auto, (max-width: 1077px) 100vw, 1077px\" srcset=\"https:\/\/alfakher24h.de\/wp-content\/uploads\/2025\/03\/arymi-hookalit-2.webp 1077w, https:\/\/alfakher24h.de\/wp-content\/uploads\/2025\/03\/arymi-hookalit-2-300x284.webp 300w, https:\/\/alfakher24h.de\/wp-content\/uploads\/2025\/03\/arymi-hookalit-2-1024x970.webp 1024w, https:\/\/alfakher24h.de\/wp-content\/uploads\/2025\/03\/arymi-hookalit-2-768x727.webp 768w, https:\/\/alfakher24h.de\/wp-content\/uploads\/2025\/03\/arymi-hookalit-2-13x12.webp 13w, https:\/\/alfakher24h.de\/wp-content\/uploads\/2025\/03\/arymi-hookalit-2-600x568.webp 600w\" alt=\"Arymi IFun 28000 h\u00faz\u00e1s egyszerhaszn\u00e1latos e-cigaretta - Ment\u00e1s J\u00e9g - Ban\u00e1n Milkshake\" width=\"1077\" height=\"1020\" \/><\/h2>\n<h3 data-start=\"3770\" data-end=\"3840\"><strong data-start=\"3773\" data-end=\"3840\">Az Arymi IFun 28000 sz\u00edv\u00e1s egyszerhaszn\u00e1latos e-cigaretta v\u00e1s\u00e1rl\u00e1s\u00e1nak el\u0151nyei<\/strong><\/h3>\n<ul data-start=\"3842\" data-end=\"4862\">\n<li data-start=\"3842\" data-end=\"4043\"><strong data-start=\"3844\" data-end=\"3871\">Hossz\u00fa t\u00e1v\u00fa haszn\u00e1lat<\/strong>28 000 h\u00faz\u00e1ssal ez a term\u00e9k rendk\u00edv\u00fcl hossz\u00fa \u00e9lettartamot k\u00edn\u00e1l, \u00e9s ide\u00e1lis a mindennapi haszn\u00e1latra an\u00e9lk\u00fcl, hogy r\u00f6vid id\u0151 ut\u00e1n ki kellene cser\u00e9lni.<\/li>\n<li data-start=\"4044\" data-end=\"4298\"><strong data-start=\"4046\" data-end=\"4078\">Nincs sz\u00fcks\u00e9g ut\u00e1nt\u00f6lt\u00e9sre<\/strong>Mivel ez egy egyszer haszn\u00e1latos e-cigaretta, nem kell agg\u00f3dnia a folyad\u00e9k \u00fajrat\u00f6lt\u00e9se miatt. Amint az akkumul\u00e1tor vagy a folyad\u00e9k kifogy, egyszer\u0171en dobja ki a k\u00e9sz\u00fcl\u00e9ket \u00e9s haszn\u00e1ljon egy \u00fajat.<\/li>\n<li data-start=\"4299\" data-end=\"4470\"><strong data-start=\"4301\" data-end=\"4324\">Egyszer\u0171 kezel\u00e9s<\/strong>: Nincs sz\u00fcks\u00e9g bonyolult be\u00e1ll\u00edt\u00e1sra. Nyissa ki a csomagol\u00e1st \u00e9s azonnal kezdjen el g\u0151z\u00f6lni - t\u00f6k\u00e9letes kezd\u0151k \u00e9s elfoglalt emberek sz\u00e1m\u00e1ra.<\/li>\n<li data-start=\"4471\" data-end=\"4653\"><strong data-start=\"4473\" data-end=\"4498\">T\u00f6k\u00e9letes hordozhat\u00f3s\u00e1g<\/strong>Kompakt \u00e9s k\u00f6nny\u0171, az Arymi IFun probl\u00e9ma n\u00e9lk\u00fcl elf\u00e9r a zseb\u00e9ben vagy a h\u00e1tizs\u00e1kj\u00e1ban, \u00edgy b\u00e1rhol \u00e9s b\u00e1rmikor k\u00e9nyelmesen haszn\u00e1lhatja.<\/li>\n<li data-start=\"4654\" data-end=\"4862\"><strong data-start=\"4656\" data-end=\"4692\">T\u00f6bbf\u00e9le \u00edzvil\u00e1g<\/strong>Egy sor \u00edzletes \u00edz k\u00f6z\u00fcl v\u00e1laszthat, az eg\u00e9szen friss ment\u00e1s l\u00f6ketekt\u0151l az \u00e9des, kr\u00e9mes gy\u00fcm\u00f6lcs kre\u00e1ci\u00f3kig, biztosan mindenki megtal\u00e1lja a saj\u00e1t \u00edzl\u00e9s\u00e9nek megfelel\u0151t.<\/li>\n<\/ul>\n<hr data-start=\"4864\" data-end=\"4867\" \/>\n<h3 data-start=\"4869\" data-end=\"4965\"><strong data-start=\"4872\" data-end=\"4965\">Mi\u00e9rt \u00e9rdemes az Arymi IFun 28000 Z\u00fcge Einweg E Zigarette-t megv\u00e1s\u00e1rolni a \/alfakher24h.de oldalon<\/strong><\/h3>\n<p data-start=\"4967\" data-end=\"5318\"><strong data-start=\"4967\" data-end=\"4986\">\/alfakher24h.de Alfakherwelt.de<\/strong>\u00a0a legnagyobb online platform v\u00e1s\u00e1rl\u00e1sra\u00a0<strong data-start=\"5036\" data-end=\"5059\">Egyszer haszn\u00e1latos e-cigarett\u00e1k<\/strong>\u00a0N\u00e9metorsz\u00e1gban \u00e9s sz\u00e9les v\u00e1laszt\u00e9kot k\u00edn\u00e1lunk \u00d6nnek g\u0151z\u00f6l\u00e9ssel kapcsolatos term\u00e9kekb\u0151l. Weboldalunkat \u00fagy tervezt\u00fck, hogy ne csak gyors \u00e9s biztons\u00e1gos sz\u00e1ll\u00edt\u00e1st garant\u00e1ljon, hanem felhaszn\u00e1l\u00f3bar\u00e1t \u00e9s egyszer\u0171 v\u00e1s\u00e1rl\u00e1si \u00e9lm\u00e9nyt is ny\u00fajtson.<\/p>\n<h3><strong data-start=\"5324\" data-end=\"5350\">Mi\u00e9rt alfakher24h.de?<\/strong><\/h3>\n<ul data-start=\"5351\" data-end=\"5879\">\n<li data-start=\"5351\" data-end=\"5527\"><strong data-start=\"5353\" data-end=\"5370\">Sz\u00e9les v\u00e1laszt\u00e9k<\/strong>Sz\u00e9les v\u00e1laszt\u00e9kot k\u00edn\u00e1lunk\u00a0<strong data-start=\"5412\" data-end=\"5435\">Egyszer haszn\u00e1latos e-cigarett\u00e1k<\/strong>bele\u00e9rtve a\u00a0<strong data-start=\"5456\" data-end=\"5481\">Arymi IFun 28000 vonatok<\/strong>hogy a legjobb term\u00e9keket megtal\u00e1lhassa.<\/li>\n<li data-start=\"5528\" data-end=\"5649\"><strong data-start=\"5530\" data-end=\"5552\">Gyors sz\u00e1ll\u00edt\u00e1s<\/strong>: R\u00e9szes\u00fclj\u00f6n a gyors sz\u00e1ll\u00edt\u00e1sb\u00f3l, hogy azonnal \u00e9lvezhesse vape term\u00e9keit.<\/li>\n<li data-start=\"5650\" data-end=\"5755\"><strong data-start=\"5652\" data-end=\"5672\">Biztons\u00e1gos v\u00e1s\u00e1rl\u00e1s<\/strong>Adatai n\u00e1lunk biztons\u00e1gban vannak, \u00e9s z\u00f6kken\u0151mentes fizet\u00e9st biztos\u00edtunk.<\/li>\n<li data-start=\"5756\" data-end=\"5879\"><strong data-start=\"5758\" data-end=\"5780\">Exkluz\u00edv aj\u00e1nlatok<\/strong>Mint vezet\u0151 platform, rendszeresen k\u00edn\u00e1lunk exkluz\u00edv aj\u00e1nlatokat \u00e9s kedvezm\u00e9nyeket \u00fcgyfeleinknek.<\/li>\n<\/ul>\n<hr data-start=\"5881\" data-end=\"5884\" \/>\n<h3 data-start=\"5886\" data-end=\"5952\"><strong data-start=\"5889\" data-end=\"5952\">Gyakran ism\u00e9telt k\u00e9rd\u00e9sek a <a href=\"https:\/\/alfakher24h.de\/hu\/\">Arymi<\/a> IFun 28000 h\u00faz\u00e1s egyszer haszn\u00e1latos e-cigaretta<\/strong><\/h3>\n<h3 data-start=\"5954\" data-end=\"6031\"><strong data-start=\"5958\" data-end=\"6031\">Mennyi ideig tart az Arymi IFun 28000 h\u00faz\u00e1s eldobhat\u00f3 e-cigaretta akkumul\u00e1tora?<\/strong><\/h3>\n<p data-start=\"6033\" data-end=\"6232\">Az akkumul\u00e1tor a\u00a0<strong data-start=\"6046\" data-end=\"6060\">Arymi IFun<\/strong>\u00a0600 mAh kapacit\u00e1s\u00fa, \u00e9s elegend\u0151 energi\u00e1t szolg\u00e1ltat a teljes 28 000 sz\u00edv\u00e1s t\u00e1mogat\u00e1s\u00e1hoz. \u00dagy tervezt\u00e9k, hogy intenz\u00edv haszn\u00e1lat mellett is hossz\u00fa ideig tartson.<\/p>\n<h3 data-start=\"6234\" data-end=\"6289\"><strong data-start=\"6238\" data-end=\"6289\">Milyen gyakran kell ut\u00e1nt\u00f6ltenem a folyad\u00e9k tart\u00e1lyt?<\/strong><\/h3>\n<p data-start=\"6291\" data-end=\"6494\">A\u00a0<strong data-start=\"6295\" data-end=\"6339\">Arymi IFun 28000 h\u00faz\u00e1s egyszer haszn\u00e1latos e-cigaretta<\/strong>\u00a0Ez egy egyszer haszn\u00e1latos term\u00e9k, \u00e9s nem kell ut\u00e1nt\u00f6lteni.  Amint a folyad\u00e9k elfogy, a e-cigaretta  eldobhat\u00f3 \u00e9s \u00faj haszn\u00e1lhat\u00f3.<\/p>\n<h3 data-start=\"6496\" data-end=\"6539\"><strong data-start=\"6500\" data-end=\"6539\">Be\u00e1ll\u00edthatom a leveg\u0151 be\u00e1raml\u00e1s\u00e1t?<\/strong><\/h3>\n<p data-start=\"6541\" data-end=\"6751\">Igen, a\u00a0<strong data-start=\"6549\" data-end=\"6593\">Arymi IFun 28000 h\u00faz\u00e1s egyszer haszn\u00e1latos e-cigaretta<\/strong>\u00a0\u00e1ll\u00edthat\u00f3 leveg\u0151be\u00e1raml\u00e1s biztos\u00edtott, \u00edgy \u00d6n az \u00d6n ig\u00e9nyeihez igaz\u00edthatja a l\u00e9g\u00e1raml\u00e1st, hogy szem\u00e9lyre szabott g\u0151z\u00f6l\u00e9si \u00e9lm\u00e9nyben r\u00e9szes\u00fclj\u00f6n.<\/p>\n<h3 data-start=\"6753\" data-end=\"6803\"><strong data-start=\"6757\" data-end=\"6803\">Kaphat\u00f3-e a term\u00e9k N\u00e9metorsz\u00e1gban?<\/strong><\/h3>\n<p data-start=\"6805\" data-end=\"6961\">Igen, a\u00a0<strong data-start=\"6813\" data-end=\"6857\">Arymi IFun 28000 h\u00faz\u00e1s egyszer haszn\u00e1latos e-cigaretta<\/strong> N\u00e9metorsz\u00e1gban kaphat\u00f3, \u00e9s egyszer\u0171en megrendelhet\u0151 weboldalunkon kereszt\u00fcl\/ <a href=\"https:\/\/alfakher24h.de\/hu\/\">alfakher24h.de<\/a>\u00a0megrendelhet\u0151.<\/p>\n<hr data-start=\"6963\" data-end=\"6966\" \/>\n<p data-start=\"6968\" data-end=\"7202\" data-is-last-node=\"\">A k\u00f6vetkez\u0151vel\u00a0<strong data-start=\"6976\" data-end=\"7020\">Arymi IFun 28000 vonatok <a href=\"https:\/\/alfakher24h.de\/hu\/\">Egyszer haszn\u00e1latos e-cigaretta<\/a><\/strong> V\u00e1lasszon egy kiv\u00e1l\u00f3 min\u0151s\u00e9g\u0171, tart\u00f3s \u00e9s \u00edzletes g\u0151z\u00f6l\u00e9si \u00e9lm\u00e9nyt. Rendeljen m\u00e9g ma az alfakher24h.de oldalon, \u00e9s \u00e9lvezze a g\u0151z\u00f6l\u00e9s j\u00f6v\u0151j\u00e9t!<\/p>","protected":false},"excerpt":{"rendered":"<p>A k\u00f6vetkez\u0151vel\u00a0<strong data-start=\"6976\" data-end=\"7020\">Arymi IFun 28000 vonatok <a href=\"https:\/\/alfakher24h.de\/hu\/\">Egyszer haszn\u00e1latos e-cigaretta<\/a><\/strong> V\u00e1lasszon egy kiv\u00e1l\u00f3 min\u0151s\u00e9g\u0171, tart\u00f3s \u00e9s \u00edzletes g\u0151z\u00f6l\u00e9si \u00e9lm\u00e9nyt. Rendeljen m\u00e9g ma az alfakher24h.de oldalon, \u00e9s \u00e9lvezze a g\u0151z\u00f6l\u00e9s j\u00f6v\u0151j\u00e9t!<\/p>","protected":false},"featured_media":1767,"comment_status":"open","ping_status":"closed","template":"","meta":{"om_disable_all_campaigns":false},"product_brand":[],"product_cat":[45],"product_tag":[],"class_list":{"0":"post-1766","1":"product","2":"type-product","3":"status-publish","4":"has-post-thumbnail","6":"product_cat-arymi-ifun-28000","8":"first","9":"outofstock","10":"shipping-taxable","11":"purchasable","12":"product-type-simple"},"_links":{"self":[{"href":"https:\/\/alfakher24h.de\/hu\/wp-json\/wp\/v2\/product\/1766","targetHints":{"allow":["GET"]}}],"collection":[{"href":"https:\/\/alfakher24h.de\/hu\/wp-json\/wp\/v2\/product"}],"about":[{"href":"https:\/\/alfakher24h.de\/hu\/wp-json\/wp\/v2\/types\/product"}],"replies":[{"embeddable":true,"href":"https:\/\/alfakher24h.de\/hu\/wp-json\/wp\/v2\/comments?post=1766"}],"wp:featuredmedia":[{"embeddable":true,"href":"https:\/\/alfakher24h.de\/hu\/wp-json\/wp\/v2\/media\/1767"}],"wp:attachment":[{"href":"https:\/\/alfakher24h.de\/hu\/wp-json\/wp\/v2\/media?parent=1766"}],"wp:term":[{"taxonomy":"product_brand","embeddable":true,"href":"https:\/\/alfakher24h.de\/hu\/wp-json\/wp\/v2\/product_brand?post=1766"},{"taxonomy":"product_cat","embeddable":true,"href":"https:\/\/alfakher24h.de\/hu\/wp-json\/wp\/v2\/product_cat?post=1766"},{"taxonomy":"product_tag","embeddable":true,"href":"https:\/\/alfakher24h.de\/hu\/wp-json\/wp\/v2\/product_tag?post=1766"}],"curies":[{"name":"wp","href":"https:\/\/api.w.org\/{rel}","templated":true}]}}