{"id":1762,"date":"2025-03-11T05:43:45","date_gmt":"2025-03-11T05:43:45","guid":{"rendered":"https:\/\/alfakher24h.de\/?post_type=product&#038;p=1762"},"modified":"2025-07-12T13:27:56","modified_gmt":"2025-07-12T13:27:56","slug":"httperror-response-code-429-too-many-requests-22","status":"publish","type":"product","link":"https:\/\/alfakher24h.de\/hu\/termek\/httperror-response-code-429-too-many-requests-22\/","title":{"rendered":"Arymi IFun 28000 h\u00faz\u00e1s egyszerhaszn\u00e1latos e-cigaretta \u2013 Blueberry Raspberry \u2013 Mojito"},"content":{"rendered":"<h2 data-start=\"0\" data-end=\"92\"><strong data-start=\"0\" data-end=\"92\"><a href=\"https:\/\/alfakher24h.de\/hu\/\">Arymi IFun 28000 Z\u00fcge\u00a0Einweg E-Zigarette \n\n becomes \n\nArymi IFun 28000 h\u00faz\u00e1s Egyszer haszn\u00e1latos E-cigaretta<\/a> \u2013 Az ultimate vaping-\u00e9lm\u00e9ny N\u00e9metorsz\u00e1gban<\/strong><\/h2>\n<div style=\"width: 848px;\" class=\"wp-video\"><video class=\"wp-video-shortcode\" id=\"video-1762-1\" width=\"848\" height=\"478\" preload=\"metadata\" controls=\"controls\"><source type=\"video\/mp4\" src=\"https:\/\/alfakher24h.de\/wp-content\/uploads\/2025\/03\/VID-20241031-WA0010.mp4?_=1\" \/><a href=\"https:\/\/alfakher24h.de\/wp-content\/uploads\/2025\/03\/VID-20241031-WA0010.mp4\">https:\/\/alfakher24h.de\/wp-content\/uploads\/2025\/03\/VID-20241031-WA0010.mp4<\/a><\/video><\/div>\n<p data-start=\"94\" data-end=\"675\">A\u00a0<strong data-start=\"98\" data-end=\"142\">Arymi IFun 28000 vonatok <a href=\"https:\/\/alfakher24h.de\/hu\/\">Eldobhat\u00f3 e-cigaretta<\/a><\/strong>\u00a0az egyik leg\u00fajabb innov\u00e1ci\u00f3 a piacon, \u00e9s rendk\u00edv\u00fcli g\u0151z\u00f6l\u00e9si \u00e9lm\u00e9nyt ny\u00fajt, amely minden v\u00e1rakoz\u00e1st fel\u00fclm\u00fal. Leny\u0171g\u00f6z\u0151 sz\u00e1mmal\u00a0<strong data-start=\"315\" data-end=\"331\">28 000 vonatb\u00f3l<\/strong> \u00e9s sz\u00e1mos kiv\u00e1l\u00f3 min\u0151s\u00e9g\u0171 funkci\u00f3val rendelkezik, ez az eszk\u00f6z p\u00e1ratlan teljes\u00edtm\u00e9nyt ny\u00fajt, amely leny\u0171g\u00f6zi \u00d6nt. Ebben a cikkben megtudhatja mindent, amit tudnia kell err\u0151l a kiemelked\u0151 term\u00e9kr\u0151l, \u00e9s mi\u00e9rt \u00e9rdemes megv\u00e1s\u00e1rolni az alfakher24h.de oldalon, N\u00e9metorsz\u00e1g legnagyobb egyszer haszn\u00e1latos e-cigaretta online boltj\u00e1ban.<\/p>\n<hr data-start=\"677\" data-end=\"680\" \/>\n<h3 data-start=\"682\" data-end=\"763\">R\u00e9szletes term\u00e9kle\u00edr\u00e1s az Arymi IFun 28000 h\u00faz\u00e1s egyszer haszn\u00e1latos e-cigaretta<\/h3>\n<p data-start=\"765\" data-end=\"1293\">A\u00a0<strong data-start=\"769\" data-end=\"813\">Arymi IFun 28000 h\u00faz\u00e1sos eldobhat\u00f3 e-cigaretta<\/strong>\u00a0k\u00fcl\u00f6n\u00f6sen ig\u00e9nyes vaperek sz\u00e1m\u00e1ra tervezt\u00e9k, akik hossz\u00fa \u00e9lettartam\u00fa, er\u0151s \u00e9s \u00edzletes \u00e9lm\u00e9nyt keresnek. Egy\u00a0<strong data-start=\"951\" data-end=\"983\">28 ml e-folyad\u00e9k kapacit\u00e1s<\/strong>\u00a0\u00e9s egynek\u00a0<strong data-start=\"994\" data-end=\"1019\">Nikotintartalma 2 %<\/strong>\u00a0Ez az eszk\u00f6z nemcsak hossz\u00fa \u00e9lettartamot, hanem kellemes, nikotint tartalmaz\u00f3 p\u00e1rologtat\u00e1si \u00e9lm\u00e9nyt is ny\u00fajt. Ide\u00e1lis t\u00e1rs mindenki sz\u00e1m\u00e1ra, aki nagy teljes\u00edtm\u00e9ny\u0171, k\u00f6nnyen haszn\u00e1lhat\u00f3 eszk\u00f6zt szeretne, amely kiv\u00e1l\u00f3an alkalmas a mindennapi haszn\u00e1latra.<\/p>\n<p data-start=\"1295\" data-end=\"1773\">K\u00f6sz\u00f6nhet\u0151en a\u00a0<strong data-start=\"1304\" data-end=\"1329\">1,0 \u03a9 Dual Mesh Coils<\/strong>\u00a0\u00e9s a\u00a0<strong data-start=\"1338\" data-end=\"1373\">\u00e1ll\u00edthat\u00f3 l\u00e9g\u00e1raml\u00e1s funkci\u00f3<\/strong>\u00a0A vonalaikat tetsz\u00e9s szerint \u00e1ll\u00edthatja be, \u00e9s el\u00e9rheti a k\u00edv\u00e1nt vaporiz\u00e1ci\u00f3s \u00e9lm\u00e9nyt. A\u00a0<strong data-start=\"1467\" data-end=\"1492\">Mesh Coil technol\u00f3gia<\/strong>\u00a0biztos\u00edtja a intenz\u00edv \u00e9s egyenletes g\u0151zt, amely teljes pomp\u00e1j\u00e1ban kibontakoztatja az arom\u00e1kat. Ak\u00e1r tapasztalt vaporiz\u00e1l\u00f3r\u00f3l van sz\u00f3, ak\u00e1r csak most kezdik, a\u00a0<strong data-start=\"1658\" data-end=\"1702\">Arymi IFun 28000 h\u00faz\u00e1sos eldobhat\u00f3 e-cigaretta<\/strong>\u00a0Minden, amire sz\u00fcks\u00e9ge van egy kiemelked\u0151 \u00e9lm\u00e9nyhez.<\/p>\n<hr data-start=\"1775\" data-end=\"1778\" \/>\n<h3 data-start=\"1780\" data-end=\"1841\">Kulcsfontoss\u00e1g\u00fa jellemz\u0151k  Arymi IFun 28000 h\u00faz\u00e1sok\u00a0<a href=\"https:\/\/alfakher24h.de\/hu\/\">Eldobhat\u00f3 e-cigaretta<\/a><\/h3>\n<ul data-start=\"1843\" data-end=\"3054\">\n<li data-start=\"1843\" data-end=\"1979\"><strong data-start=\"1845\" data-end=\"1884\">Leny\u0171g\u00f6z\u0151 Puff Sz\u00e1m (28.000 sz\u00edv\u00e1s)<\/strong>: Legfeljebb 28 000 h\u00faz\u00e1ssal elegend\u0151 k\u00e9szlettel rendelkezik hetekre, vagy ak\u00e1r h\u00f3napokra is, haszn\u00e1lat\u00e1t\u00f3l f\u00fcgg\u0151en.<\/li>\n<li data-start=\"1980\" data-end=\"2207\"><strong data-start=\"1982\" data-end=\"2036\">\u00dajrat\u00f6lthet\u0151 akkumul\u00e1tor Type-C t\u00f6lt\u0151csatlakoz\u00f3val<\/strong>: \u00c9lvezze a folyamatos teljes\u00edtm\u00e9nyt az \u00fajrat\u00f6lthet\u0151\u00a0<strong data-start=\"2102\" data-end=\"2129\">600 mAh kobalt akkumul\u00e1tor<\/strong>. A\u00a0<strong data-start=\"2135\" data-end=\"2159\">Type-C t\u00f6lt\u0151csatlakoz\u00f3<\/strong>\u00a0Biztos\u00edtja a gyors \u00e9s egyszer\u0171 t\u00f6lt\u00e9st.<\/li>\n<li data-start=\"2208\" data-end=\"2333\"><strong data-start=\"2210\" data-end=\"2238\">30 ml e-folyad\u00e9k kapacit\u00e1s<\/strong>: 28 ml e-liquid kapacit\u00e1ssal b\u0151s\u00e9ges mennyis\u00e9get kap a folyamatos g\u0151z\u00f6l\u00e9shez.<\/li>\n<li data-start=\"2334\" data-end=\"2494\"><strong data-start=\"2336\" data-end=\"2382\">Pr\u00e9mium h\u00e1l\u00f3tekercs az intenz\u00edv \u00edzhez<\/strong>: A\u00a0<strong data-start=\"2388\" data-end=\"2406\">Du\u00e1lis Mesh Tekercs<\/strong>\u00a0Biztos\u00edtja a egyenletes, teljes g\u0151zt \u00e9s intenz\u00edvv\u00e9 teszi minden egyes sz\u00edv\u00e1s \u00edz\u00e9t.<\/li>\n<li data-start=\"2495\" data-end=\"2670\"><strong data-start=\"2497\" data-end=\"2524\">\u00c1ll\u00edthat\u00f3 l\u00e9g\u00e1raml\u00e1s<\/strong>: A seg\u00edts\u00e9g\u00e9vel\u00a0<strong data-start=\"2534\" data-end=\"2570\">\u00e1ll\u00edthat\u00f3 l\u00e9g\u00e1raml\u00e1s-szab\u00e1lyoz\u00e1s<\/strong>\u00a0A leveg\u0151 \u00e1raml\u00e1s\u00e1t az \u00d6n \u00edzl\u00e9se szerint \u00e1ll\u00edthatja be, hogy el\u00e9rje a t\u00f6k\u00e9letes g\u0151z\u00f6l\u00e9si \u00e9lm\u00e9nyt.<\/li>\n<li data-start=\"2671\" data-end=\"2852\"><strong data-start=\"2673\" data-end=\"2709\">Elem \u00e9s E-folyad\u00e9k kijelz\u0151<\/strong>: Egy praktikus\u00a0<strong data-start=\"2727\" data-end=\"2763\">Elem \u00e9s E-folyad\u00e9k kijelz\u0151<\/strong>\u00a0Mindig naprak\u00e9szen tartja \u00d6nt, \u00edgy soha nem kell \u00fcres akkumul\u00e1torral vagy e-liquid n\u00e9lk\u00fcl maradnia.<\/li>\n<li data-start=\"2853\" data-end=\"3054\"><strong data-start=\"2855\" data-end=\"2873\">Kompakt m\u00e9ret<\/strong>: Az IFun 28000 nagy kapacit\u00e1sa \u00e9s sz\u00e1mos funkci\u00f3ja ellen\u00e9re meglep\u0151en kompakt \u00e9s k\u00f6nny\u0171. K\u00e9nyelmesen hordozhatja a k\u00e9sz\u00fcl\u00e9ket a zseb\u00e9ben, \u00e9s b\u00e1rmikor \u00e9lvezheti.<\/li>\n<\/ul>\n<hr data-start=\"3056\" data-end=\"3059\" \/>\n<h3 data-start=\"3061\" data-end=\"3128\">\u00cdz\u00e9lm\u00e9ny Arymi IFun 28000 h\u00faz\u00e1sok  eldobhat\u00f3 e-cigaretta<\/h3>\n<p data-start=\"3130\" data-end=\"3476\">A\u00a0<strong data-start=\"3134\" data-end=\"3178\">Arymi IFun 28000 h\u00faz\u00e1sos eldobhat\u00f3 e-cigaretta<\/strong>\u00a0sz\u00ednes \u00e9s \u00edzletes arom\u00e1k sz\u00e9les sk\u00e1l\u00e1j\u00e1t k\u00edn\u00e1lja, amelyek k\u00e9nyeztetik az \u00e9rz\u00e9keket \u00e9s minden g\u0151z\u00f6l\u00e9si \u00e9lm\u00e9nyt k\u00fcl\u00f6nlegess\u00e9 tesznek. K\u00fcl\u00f6n\u00f6sen \u00e9rdemes kiemelni az egyedi \u00e9s n\u00e9pszer\u0171\u00a0<strong data-start=\"3359\" data-end=\"3382\">\u00c1fonya M\u00e1lna<\/strong>- \u00e9s\u00a0<strong data-start=\"3388\" data-end=\"3398\">Mojito<\/strong>\u00cdzek. Itt megtudhatja, mi teszi ezeket az arom\u00e1kat olyan k\u00fcl\u00f6nlegess\u00e9:<\/p>\n<h4 data-start=\"3478\" data-end=\"3507\"><strong data-start=\"3483\" data-end=\"3506\">\u00c1fonya M\u00e1lna<\/strong>:<\/h4>\n<p data-start=\"3508\" data-end=\"4027\">Ez az \u00edz egy igazi \u00edzrobban\u00e1s. A\u00a0<strong data-start=\"3565\" data-end=\"3607\">friss \u00edz \u00e9des \u00e1fony\u00e1val<\/strong>\u00a0tal\u00e1lkozik az \u00fcd\u00edt\u0151 jegy\u00e9vel a\u00a0<strong data-start=\"3645\" data-end=\"3658\">M\u00e1ln\u00e1k<\/strong>, ami egy gy\u00fcm\u00f6lcs\u00f6s, de nem t\u00fal \u00e9des vape-\u00e9lm\u00e9nyhez vezet. A\u00a0<strong data-start=\"3732\" data-end=\"3746\">\u00c1fonya<\/strong>\u00a0biztos\u00edtj\u00e1k a k\u00f6nnyed, de m\u00e9ly \u00e9dess\u00e9get, m\u00edg a\u00a0<strong data-start=\"3808\" data-end=\"3821\">M\u00e1ln\u00e1k<\/strong>\u00a0Az \u00edzlel\u0151bimb\u00f3kat frissess\u00e9g\u00e9nek \u00e9s enyh\u00e9n savanyk\u00e1s hangjainak finom \u00e9rint\u00e9s\u00e9vel csiklandozza.  \u00d6sszess\u00e9g\u00e9ben harmonikus gy\u00fcm\u00f6lcs\u00edz kever\u00e9k\u00e9t eredm\u00e9nyezi, amely ism\u00e9t \u00e9s ism\u00e9t leny\u0171g\u00f6zi az e-cigaretta szerelmeseit.<\/p>\n<h4 data-start=\"4029\" data-end=\"4045\"><strong data-start=\"4034\" data-end=\"4044\">Mojito<\/strong>:<\/h4>\n<p data-start=\"4046\" data-end=\"4482\">A friss \u00e9s ropog\u00f3s arom\u00e1k rajong\u00f3inak sz\u00f3l a\u00a0<strong data-start=\"4103\" data-end=\"4113\">Mojito<\/strong>\u00edzl\u00e9s a t\u00f6k\u00e9letes v\u00e1laszt\u00e1s. Ez a kever\u00e9k \u00f6tv\u00f6zi a\u00a0<strong data-start=\"4173\" data-end=\"4190\">friss menta<\/strong>den\u00a0<strong data-start=\"4196\" data-end=\"4226\">m\u00e9szsavas citrus \u00edz<\/strong>\u00a0\u00e9s egy \u00e1rnyalatnyi\u00a0<strong data-start=\"4247\" data-end=\"4261\">N\u00e1d<\/strong>\u00a0Egy h\u0171s\u00edt\u0151, \u00e9l\u00e9nk\u00edt\u0151 \u00e9s nagyon friss\u00edt\u0151 \u00e9lm\u00e9nyhez. Olyan \u00e9rz\u00e9s, mintha egy igazi Mojito italt fogyasztana - csak alkohol n\u00e9lk\u00fcl, viszont intenz\u00edv \u00edzzel, ami a nyarat hozza a t\u00e9lbe.<\/p>\n<h2 data-start=\"0\" data-end=\"91\"><img loading=\"lazy\" decoding=\"async\" class=\"alignnone wp-image-2302 size-full\" title=\"Arymi IFun 28000 Z\u00fcge Einweg E Zigarette - Blueberry Raspberry - Mojito 2 (Arymi IFun 28000 h\u00faz\u00e1s eldobhat\u00f3 e-cigaretta - Blueberry Raspberry - Mojito 2)  becomes Arymi IFun 28000 h\u00faz\u00e1s eldobhat\u00f3 e-cigaretta - \u00c1fonya M\u00e1lna - Mojito 2\" src=\"https:\/\/alfakher24h.de\/wp-content\/uploads\/2025\/03\/all1.webp\" sizes=\"auto, (max-width: 904px) 100vw, 904px\" srcset=\"https:\/\/alfakher24h.de\/wp-content\/uploads\/2025\/03\/all1.webp 904w, https:\/\/alfakher24h.de\/wp-content\/uploads\/2025\/03\/all1-212x300.webp 212w, https:\/\/alfakher24h.de\/wp-content\/uploads\/2025\/03\/all1-723x1024.webp 723w, https:\/\/alfakher24h.de\/wp-content\/uploads\/2025\/03\/all1-768x1087.webp 768w, https:\/\/alfakher24h.de\/wp-content\/uploads\/2025\/03\/all1-8x12.webp 8w, https:\/\/alfakher24h.de\/wp-content\/uploads\/2025\/03\/all1-600x850.webp 600w\" alt=\"Arymi IFun 28000 Z\u00fcge Einweg E Zigarette - Blueberry Raspberry - Mojito m\u00e1rka: Arymi term\u00e9k: IFun darab: 28000 t\u00edpus: Einweg E-cigaretta \u00edzek: - Blueberry - Raspberry - Mojito\" width=\"904\" height=\"1280\" \/><\/h2>\n<hr data-start=\"4635\" data-end=\"4638\" \/>\n<h3 data-start=\"4489\" data-end=\"4563\">Mi\u00e9rt \u00e9rdemes megv\u00e1s\u00e1rolni az Arymi IFun 28000 Z\u00fcge eldobhat\u00f3 e-cigarett\u00e1t?<\/h3>\n<p data-start=\"4565\" data-end=\"4866\">A\u00a0<strong data-start=\"4569\" data-end=\"4613\">Arymi IFun 28000 h\u00faz\u00e1sos eldobhat\u00f3 e-cigaretta<\/strong>\u00a0nem csak ny\u00fajt\u00a0<strong data-start=\"4631\" data-end=\"4646\">28 000 vonat<\/strong>\u00a0\u00e9s\u00a0<strong data-start=\"4651\" data-end=\"4669\">30 ml E-Liquid<\/strong>Hanem sz\u00e1mos tov\u00e1bbi el\u0151nnyel j\u00e1r, amelyek a legjobb v\u00e1laszt\u00e1ss\u00e1 teszik a vaporiz\u00e1l\u00f3 rajong\u00f3k sz\u00e1m\u00e1ra. Itt van n\u00e9h\u00e1ny ok, hogy mi\u00e9rt \u00e9rdemes megv\u00e1s\u00e1rolni ezt a term\u00e9ket az alfakher24h.de oldalon:<\/p>\n<ol data-start=\"4868\" data-end=\"5841\">\n<li data-start=\"4868\" data-end=\"5060\"><strong data-start=\"4871\" data-end=\"4894\">Hossz\u00fa \u00e9lettartam<\/strong>: Legfeljebb\u00a0<strong data-start=\"4907\" data-end=\"4923\">28 000 vonatb\u00f3l<\/strong>\u00a0nem kell agg\u00f3dnia, hogy az eszk\u00f6z t\u00fal gyorsan lemer\u00fcl. Ez teszi az IFun 28000-at k\u00fcl\u00f6n\u00f6sen vonz\u00f3v\u00e1 a nagy ig\u00e9nybev\u00e9tel\u0171 g\u0151z\u00f6l\u0151k sz\u00e1m\u00e1ra.<\/li>\n<li data-start=\"5061\" data-end=\"5258\"><strong data-start=\"5064\" data-end=\"5087\">Egyszer\u0171 kezel\u00e9s<\/strong>A k\u00e9sz\u00fcl\u00e9k az\u00a0<strong data-start=\"5103\" data-end=\"5131\">nemcsak er\u0151s<\/strong>Hanem felhaszn\u00e1l\u00f3bar\u00e1t is. Ide\u00e1lis mindazok sz\u00e1m\u00e1ra, akik egyszer\u0171, praktikus \u00e9s gondtalan g\u0151z\u00f6l\u00e9si \u00e9lm\u00e9nyt keresnek.<\/li>\n<li data-start=\"5259\" data-end=\"5479\"><strong data-start=\"5262\" data-end=\"5284\">Magas min\u0151s\u00e9g\u0171 arom\u00e1k<\/strong>: Olyan egzotikus arom\u00e1kkal, mint p\u00e9ld\u00e1ul\u00a0<strong data-start=\"5316\" data-end=\"5339\">\u00c1fonya M\u00e1lna<\/strong>\u00a0\u00e9s\u00a0<strong data-start=\"5344\" data-end=\"5354\">Mojito<\/strong>\u00a0\u00c9lje \u00e1t az intenz\u00edv \u00e9s \u00edzletes \u00edz\u00e9lm\u00e9nyt, amely felfriss\u00edti \u00e9rz\u00e9keit \u00e9s hossz\u00fa t\u00e1v\u00fa \u00f6r\u00f6m\u00f6t biztos\u00edt.<\/li>\n<li data-start=\"5480\" data-end=\"5677\"><strong data-start=\"5483\" data-end=\"5508\">Legmodernebb technol\u00f3gia<\/strong>: A seg\u00edts\u00e9g\u00e9vel\u00a0<strong data-start=\"5518\" data-end=\"5531\">Mesh Coil<\/strong>\u00a0\u00e9s a\u00a0<strong data-start=\"5540\" data-end=\"5576\">\u00e1ll\u00edthat\u00f3 l\u00e9g\u00e1raml\u00e1s-szab\u00e1lyoz\u00e1s<\/strong>\u00a0Ez az eszk\u00f6z els\u0151 oszt\u00e1ly\u00fa teljes\u00edtm\u00e9nyt ny\u00fajt, amelyet egyetlen m\u00e1sik eldobhat\u00f3 vape-ban sem tal\u00e1l.<\/li>\n<li data-start=\"5678\" data-end=\"5841\"><strong data-start=\"5681\" data-end=\"5706\">T\u00f6k\u00e9letes \u00fatk\u00f6zben<\/strong>: A kompakt m\u00e9ret \u00e9s a k\u00e9sz\u00fcl\u00e9k k\u00e9nyelmes t\u00f6lt\u00e9s\u00e9nek lehet\u0151s\u00e9ge ide\u00e1lis k\u00eds\u00e9r\u0151v\u00e9 teszi a mindennapokhoz, utaz\u00e1sokhoz \u00e9s m\u00e1sokhoz.<\/li>\n<\/ol>\n<hr data-start=\"5843\" data-end=\"5846\" \/>\n<h3 data-start=\"5848\" data-end=\"5882\">Gyik (Gyakran Ism\u00e9telt K\u00e9rd\u00e9sek)<\/h3>\n<p data-start=\"5884\" data-end=\"6066\"><strong data-start=\"5884\" data-end=\"5952\">1. Az Arymi IFun 28000 h\u00faz\u00f3s eldobhat\u00f3 e-cigaretta nikotint tartalmaz?<\/strong>\u00a0Igen, a\u00a0<strong data-start=\"5961\" data-end=\"5981\">Arymi IFun 28000<\/strong>\u00a0tartalmaz\u00a0<strong data-start=\"5990\" data-end=\"6005\">2 % Nikotin \n\n(Megjegyz\u00e9s: Nem sz\u00fcks\u00e9ges ford\u00edt\u00e1s, ez\u00e9rt visszat\u00e9r az eredeti sz\u00f6veg)\n2 % Nikotin<\/strong>Ide\u00e1lis azoknak a vapereknek, akik k\u00f6nny\u0171 nikotinell\u00e1t\u00e1st keresnek.<\/p>\n<p data-start=\"6068\" data-end=\"6327\"><strong data-start=\"6068\" data-end=\"6120\">2. Mennyi ideig tart az Arymi IFun 28000 akkumul\u00e1tora?<\/strong>\u00a0Az akkumul\u00e1tor a\u00a0<strong data-start=\"6134\" data-end=\"6154\">Arymi IFun 28000<\/strong>\u00a0egy\u00fctt j\u00e1r egy\u00a0<strong data-start=\"6169\" data-end=\"6196\">600 mAh kobalt akkumul\u00e1tor<\/strong>\u00a0felszerelve, amely ak\u00e1r\u00a0<strong data-start=\"6226\" data-end=\"6241\">28 000 vonat<\/strong>\u00a0ausreicht. Das Ger\u00e4t kann bei Bedarf \u00fcber den\u00a0<strong data-start=\"6288\" data-end=\"6308\">Type-C csatlakoz\u00f3<\/strong>\u00a0felt\u00f6lteni.<\/p>\n<p data-start=\"6329\" data-end=\"6503\"><strong data-start=\"6329\" data-end=\"6372\">Milyen az e-folyad\u00e9k kapacit\u00e1sa?<\/strong>\u00a0A\u00a0<strong data-start=\"6377\" data-end=\"6399\">E-Liquid kapacit\u00e1s<\/strong>\u00a0A k\u00e9sz\u00fcl\u00e9k m\u00e9rete\u00a0<strong data-start=\"6419\" data-end=\"6428\">28 ml<\/strong>amely sz\u00e9lesk\u00f6r\u0171 haszn\u00e1latot biztos\u00edt, gyakori ut\u00e1nt\u00f6lt\u00e9s n\u00e9lk\u00fcl.<\/p>\n<p data-start=\"6505\" data-end=\"6660\"><strong data-start=\"6505\" data-end=\"6544\">Hogyan tudom felt\u00f6lteni az eszk\u00f6zt?<\/strong>\u00a0A k\u00e9sz\u00fcl\u00e9k egy\u00a0<strong data-start=\"6569\" data-end=\"6593\">Type-C t\u00f6lt\u0151csatlakoz\u00f3<\/strong>\u00a0Fel van szerelve, amely gyors \u00e9s egyszer\u0171 t\u00f6lt\u00e9st tesz lehet\u0151v\u00e9.<\/p>\n<p data-start=\"6662\" data-end=\"6865\"><strong data-start=\"6662\" data-end=\"6699\">Milyen arom\u00e1k \u00e9rhet\u0151k el?<\/strong>\u00a0Jelenleg a  szolg\u00e1ltat\u00e1s  nem \u00e9rhet\u0151 el.\u00a0<strong data-start=\"6719\" data-end=\"6739\">Arymi IFun 28000<\/strong>\u00a0k\u00e9t n\u00e9pszer\u0171 \u00edzes\u00edt\u00e9s:\u00a0<strong data-start=\"6762\" data-end=\"6785\">\u00c1fonya M\u00e1lna<\/strong>\u00a0\u00e9s\u00a0<strong data-start=\"6790\" data-end=\"6800\">Mojito<\/strong>Tov\u00e1bbi \u00edzek a j\u00f6v\u0151ben esetleg el\u00e9rhet\u0151ek lesznek.<\/p>\n<hr data-start=\"6867\" data-end=\"6870\" \/>\n<h3 data-start=\"6872\" data-end=\"6881\">K\u00f6vetkeztet\u00e9s<\/h3>\n<p data-start=\"6883\" data-end=\"7489\">A\u00a0<strong data-start=\"6887\" data-end=\"6931\"><a href=\"https:\/\/alfakher24h.de\/hu\/\">Arymi<\/a> IFun 28000 h\u00faz\u00e1sos eldobhat\u00f3 e-cigaretta<\/strong>\u00a0Egy er\u0151s, sokoldal\u00fa \u00e9s k\u00f6nnyen haszn\u00e1lhat\u00f3 eszk\u00f6z, amely mind az \u00faj, mind a tapasztalt vapereket lek\u00f6ti. Egy\u00a0<strong data-start=\"7068\" data-end=\"7100\">28 ml e-folyad\u00e9k kapacit\u00e1s<\/strong>,\u00a0<strong data-start=\"7102\" data-end=\"7118\">28 000 vonatb\u00f3l<\/strong>,\u00a0<strong data-start=\"7120\" data-end=\"7146\">nagy \u00e9rt\u00e9k\u0171 Mesh Coil<\/strong>\u00a0\u00e9s\u00a0<strong data-start=\"7151\" data-end=\"7178\">\u00e1ll\u00edthat\u00f3 l\u00e9g\u00e1raml\u00e1s<\/strong>\u00a0Ez az eszk\u00f6z mindent tartalmaz, amire sz\u00fcks\u00e9ge van egy intenz\u00edv \u00e9s \u00e9lvezetes vape-\u00e9lm\u00e9nyhez. Fedezze fel az ultimate g\u0151z\u00f6l\u00e9si \u00e9lm\u00e9nyt \u00e9s v\u00e1s\u00e1rolja meg a\u00a0<strong data-start=\"7339\" data-end=\"7383\">Arymi IFun 28000 h\u00faz\u00e1sos eldobhat\u00f3 e-cigaretta<\/strong>\u00a0M\u00e9g ma alfakher24h.de, a legnagyobb online boltja\u00a0<strong data-start=\"7450\" data-end=\"7488\">Egyszer haszn\u00e1latos e-cigarett\u00e1k N\u00e9metorsz\u00e1gban<\/strong>.<\/p>","protected":false},"excerpt":{"rendered":"<p><strong data-start=\"6887\" data-end=\"6931\">Arymi IFun 28000 h\u00faz\u00e1sos eldobhat\u00f3 e-cigaretta<\/strong>\u00a0Egy er\u0151s, sokoldal\u00fa \u00e9s k\u00f6nnyen haszn\u00e1lhat\u00f3 eszk\u00f6z, amely mind az \u00faj, mind a tapasztalt vapereket lek\u00f6ti. Egy\u00a0<strong data-start=\"7068\" data-end=\"7100\">28 ml e-folyad\u00e9k kapacit\u00e1s<\/strong>,\u00a0<strong data-start=\"7102\" data-end=\"7118\">28 000 vonatb\u00f3l<\/strong>,\u00a0<strong data-start=\"7120\" data-end=\"7146\">nagy \u00e9rt\u00e9k\u0171 Mesh Coil<\/strong>\u00a0\u00e9s\u00a0<strong data-start=\"7151\" data-end=\"7178\">\u00e1ll\u00edthat\u00f3 l\u00e9g\u00e1raml\u00e1s<\/strong>\u00a0Ez az eszk\u00f6z mindent tartalmaz, amire sz\u00fcks\u00e9ge van egy intenz\u00edv \u00e9s \u00e9lvezetes vape-\u00e9lm\u00e9nyhez. Fedezze fel az ultimate g\u0151z\u00f6l\u00e9si \u00e9lm\u00e9nyt \u00e9s v\u00e1s\u00e1rolja meg a\u00a0<strong data-start=\"7339\" data-end=\"7383\">Arymi IFun 28000 h\u00faz\u00e1sos eldobhat\u00f3 e-cigaretta<\/strong><\/p>","protected":false},"featured_media":1763,"comment_status":"open","ping_status":"closed","template":"","meta":{"om_disable_all_campaigns":false},"product_brand":[],"product_cat":[45],"product_tag":[],"class_list":{"0":"post-1762","1":"product","2":"type-product","3":"status-publish","4":"has-post-thumbnail","6":"product_cat-arymi-ifun-28000","8":"first","9":"outofstock","10":"shipping-taxable","11":"purchasable","12":"product-type-simple"},"_links":{"self":[{"href":"https:\/\/alfakher24h.de\/hu\/wp-json\/wp\/v2\/product\/1762","targetHints":{"allow":["GET"]}}],"collection":[{"href":"https:\/\/alfakher24h.de\/hu\/wp-json\/wp\/v2\/product"}],"about":[{"href":"https:\/\/alfakher24h.de\/hu\/wp-json\/wp\/v2\/types\/product"}],"replies":[{"embeddable":true,"href":"https:\/\/alfakher24h.de\/hu\/wp-json\/wp\/v2\/comments?post=1762"}],"wp:featuredmedia":[{"embeddable":true,"href":"https:\/\/alfakher24h.de\/hu\/wp-json\/wp\/v2\/media\/1763"}],"wp:attachment":[{"href":"https:\/\/alfakher24h.de\/hu\/wp-json\/wp\/v2\/media?parent=1762"}],"wp:term":[{"taxonomy":"product_brand","embeddable":true,"href":"https:\/\/alfakher24h.de\/hu\/wp-json\/wp\/v2\/product_brand?post=1762"},{"taxonomy":"product_cat","embeddable":true,"href":"https:\/\/alfakher24h.de\/hu\/wp-json\/wp\/v2\/product_cat?post=1762"},{"taxonomy":"product_tag","embeddable":true,"href":"https:\/\/alfakher24h.de\/hu\/wp-json\/wp\/v2\/product_tag?post=1762"}],"curies":[{"name":"wp","href":"https:\/\/api.w.org\/{rel}","templated":true}]}}