{"id":1760,"date":"2025-03-11T05:34:06","date_gmt":"2025-03-11T05:34:06","guid":{"rendered":"https:\/\/alfakher24h.de\/?post_type=product&#038;p=1760"},"modified":"2025-07-12T13:27:56","modified_gmt":"2025-07-12T13:27:56","slug":"httperror-response-code-429-too-many-requests-24","status":"publish","type":"product","link":"https:\/\/alfakher24h.de\/hu\/termek\/httperror-response-code-429-too-many-requests-24\/","title":{"rendered":"Arymi IFun 28000 h\u00faz\u00e1s egyszer haszn\u00e1latos e-cigaretta - Double alma - \u00e1fonya cseresznye t\u0151zeg\u00e1fonya"},"content":{"rendered":"<h2 data-start=\"493\" data-end=\"598\"><strong data-start=\"497\" data-end=\"598\">Arymi IFun 28000 Z\u00fcge\u00a0Einweg E-Zigarette: Az Ultimate V\u00e1laszt\u00e1s a N\u00e9metorsz\u00e1gi G\u0151z\u00f6l\u00e9s Szerelmeseinek<\/strong><\/h2>\n<div style=\"width: 848px;\" class=\"wp-video\"><video class=\"wp-video-shortcode\" id=\"video-1760-1\" width=\"848\" height=\"478\" preload=\"metadata\" controls=\"controls\"><source type=\"video\/mp4\" src=\"https:\/\/alfakher24h.de\/wp-content\/uploads\/2025\/03\/VID-20241031-WA0010.mp4?_=1\" \/><a href=\"https:\/\/alfakher24h.de\/wp-content\/uploads\/2025\/03\/VID-20241031-WA0010.mp4\">https:\/\/alfakher24h.de\/wp-content\/uploads\/2025\/03\/VID-20241031-WA0010.mp4<\/a><\/video><\/div>\n<p data-start=\"600\" data-end=\"1130\">A\u00a0<strong data-start=\"604\" data-end=\"648\">Arymi IFun 28000 h\u00faz\u00e1sos eldobhat\u00f3 e-cigaretta<\/strong>\u00a0Val\u00f3di forradalmat jelent az egyszer haszn\u00e1latos vape term\u00e9kek piac\u00e1n, \u00faj m\u00e9rc\u00e9ket \u00e1ll\u00edtva fel a min\u0151s\u00e9g, az \u00edz \u00e9s a felhaszn\u00e1l\u00f3i \u00e9lm\u00e9ny ter\u00e9n.  Leny\u0171g\u00f6z\u0151, 28 000 sz\u00edv\u00e1snyi kapacit\u00e1s\u00e1val \u00e9s felhaszn\u00e1l\u00f3bar\u00e1t kialak\u00edt\u00e1s\u00e1val ez az e-cigaretta az ide\u00e1lis v\u00e1laszt\u00e1s azoknak a vapereknek, akik hossz\u00fa \u00e9lettartamot \u00e9s els\u0151 oszt\u00e1ly\u00fa \u00edzt keresnek.  Itt nem csak magas teljes\u00edtm\u00e9nyt, hanem arom\u00e1k sokas\u00e1g\u00e1t is megtal\u00e1lja, amelyek minden egyes vapoz\u00e1s pillanat\u00e1t egyediv\u00e9 var\u00e1zsolj\u00e1k.<\/p>\n<h4 data-start=\"1132\" data-end=\"1160\"><strong data-start=\"1137\" data-end=\"1160\">Term\u00e9kle\u00edr\u00e1s<\/strong><\/h4>\n<p data-start=\"1162\" data-end=\"1744\">A\u00a0<strong data-start=\"1166\" data-end=\"1210\">Arymi IFun 28000 h\u00faz\u00e1sos eldobhat\u00f3 e-cigaretta<\/strong>\u00a0fejlett azzal a c\u00e9llal, hogy p\u00e1ratlan g\u0151z\u00f6l\u00e9si \u00e9lm\u00e9nyt ny\u00fajtson. Egy t\u00e1gas\u00a0<strong data-start=\"1311\" data-end=\"1334\">28 ml kapacit\u00e1s<\/strong>\u00a0E-Liquid \u00e9s egy \nE-liquid \u00e9s egy\u00a0<strong data-start=\"1354\" data-end=\"1378\">2% \nnem ford\u00edtand\u00f3<\/strong>\u00a0alkalmas azok sz\u00e1m\u00e1ra, akik mind az \u00edzt, mind a nikotint szeretn\u00e9k \u00e9lvezni. A\u00a0<strong data-start=\"1480\" data-end=\"1512\">600 mAh tiszta kobalt akkumul\u00e1tor<\/strong>\u00a0biztos\u00edtja, hogy minden h\u00faz\u00e1st az utols\u00f3 p\u00f6f\u00e9kel\u00e9sig \u00e9lvezhessen. K\u00f6sz\u00f6nhet\u0151en az\u00a0<strong data-start=\"1592\" data-end=\"1640\">Mesh Coil technol\u00f3gia (1,0 \u03a9 Dual Mesh Coil)<\/strong>\u00a0Az \u00edz intenz\u00edvv\u00e9 \u00e9s telt test\u0171v\u00e9 v\u00e1lik, ami k\u00fcl\u00f6n\u00f6sen \u00edzletes g\u0151z\u00f6l\u00e9si \u00e9lm\u00e9nyhez vezet.<\/p>\n<p data-start=\"1746\" data-end=\"2170\">Kiemelend\u0151 jellemz\u0151je ennek az e-cigaret\u00e1nak a\u00a0<strong data-start=\"1800\" data-end=\"1826\">\u00e1ll\u00edthat\u00f3 l\u00e9g\u00e1raml\u00e1s<\/strong>, amely lehet\u0151v\u00e9 teszi a felhaszn\u00e1l\u00f3 sz\u00e1m\u00e1ra, hogy saj\u00e1t preferenci\u00e1i szerint \u00e1ll\u00edtsa be a g\u0151z\u00f6l\u00e9si \u00e9lm\u00e9nyt. Ak\u00e1r egy l\u00e1gy f\u00fcst\u00f6t, ak\u00e1r egy er\u0151s, intenz\u00edv \u00edzt prefer\u00e1l, az IFun 28000 mindkett\u0151t k\u00e9pes ny\u00fajtani. Ezenk\u00edv\u00fcl biztos\u00edtja a\u00a0<strong data-start=\"2057\" data-end=\"2093\">Elem \u00e9s E-folyad\u00e9k kijelz\u0151<\/strong>\u00a0Az\u00e9rt, hogy mindig tudj\u00e1k, mikor van itt az ideje a k\u00f6vetkez\u0151 vape v\u00e1s\u00e1rl\u00e1s\u00e1nak.<\/p>\n<p data-start=\"2172\" data-end=\"2428\">K\u00f6sz\u00f6nhet\u0151en a praktikus \u00e9s kompakt kialak\u00edt\u00e1snak\u00a0<strong data-start=\"2219\" data-end=\"2239\">Arymi IFun 28000<\/strong>\u00a0Ezt az e-cigarett\u00e1t b\u00e1rhova mag\u00e1val viheti. Nemcsak k\u00f6nnyen haszn\u00e1lhat\u00f3, hanem nagyon megb\u00edzhat\u00f3 is - ide\u00e1lis \u00fatk\u00f6zben, utaz\u00e1sokon vagy otthoni laz\u00edt\u00e1sra.<\/p>\n<h3 data-start=\"2430\" data-end=\"2500\"><strong data-start=\"2434\" data-end=\"2500\">Fontos jellemz\u0151k  Arymi IFun 28000 vonatok  eldobhat\u00f3  e-cigaretta<\/strong><\/h3>\n<ul data-start=\"2502\" data-end=\"3487\">\n<li data-start=\"2502\" data-end=\"2679\"><strong data-start=\"2504\" data-end=\"2550\">Leny\u0171g\u00f6z\u0151 sz\u00e1m\u00fa vonat (28 000 vonat)<\/strong>: Az egyik legmagasabb puffsz\u00e1m\u00e1val a piacon t\u00f6bb mint el\u00e9g h\u00faz\u00e1st kapsz, miel\u0151tt \u00faj e-cigarett\u00e1ra lenne sz\u00fcks\u00e9g.<\/li>\n<li data-start=\"2680\" data-end=\"2835\"><strong data-start=\"2682\" data-end=\"2714\">28 ml e-folyad\u00e9k kapacit\u00e1s<\/strong>B\u0151s\u00e9ges folyad\u00e9kkapacit\u00e1s, amely hosszantart\u00f3 \u00e9lvezetet biztos\u00edt, \u00fajrat\u00f6lt\u00e9s n\u00e9lk\u00fcl.<\/li>\n<li data-start=\"2836\" data-end=\"2953\"><strong data-start=\"2838\" data-end=\"2862\">21%<\/strong>Ide\u00e1lis azok sz\u00e1m\u00e1ra, akik k\u00f6zepes mennyis\u00e9g\u0171 nikotint szeretn\u00e9nek an\u00e9lk\u00fcl, hogy t\u00fal er\u0151sen adagoln\u00e1k.<\/li>\n<li data-start=\"2954\" data-end=\"3091\"><strong data-start=\"2956\" data-end=\"2993\">Nagy \u00e9rt\u00e9k\u0171 Mesh Coil technol\u00f3gia<\/strong>: Az 1,0 \u03a9 Dual Mesh Coil egyenletes p\u00e1rologtat\u00e1st \u00e9s intenz\u00edv \u00edzt biztos\u00edt.<\/li>\n<li data-start=\"3092\" data-end=\"3204\"><strong data-start=\"3094\" data-end=\"3121\">\u00c1ll\u00edthat\u00f3 l\u00e9g\u00e1raml\u00e1s<\/strong>: \u00c1ll\u00edtsa be a g\u0151z\u00f6l\u00e9si \u00e9lm\u00e9ny\u00e9t, az enyh\u00e9t\u0151l az er\u0151teljesig, ig\u00e9nyeinek megfelel\u0151en.<\/li>\n<li data-start=\"3205\" data-end=\"3326\"><strong data-start=\"3207\" data-end=\"3248\">E-folyad\u00e9k \u00e9s akkumul\u00e1tor indik\u00e1torok<\/strong>: Mindig legyen tiszt\u00e1ban a t\u00f6lt\u00e9si szinttel \u00e9s az akkumul\u00e1tor t\u00f6lt\u00f6tts\u00e9g\u00e9vel.<\/li>\n<li data-start=\"3327\" data-end=\"3487\"><strong data-start=\"3329\" data-end=\"3352\">Mobil \u00e9s praktikus<\/strong>: Az IFun 28000 mind\u00f6ssze 120 g-os s\u00falya \u00e9s praktikus kialak\u00edt\u00e1sa miatt ide\u00e1lis v\u00e1laszt\u00e1s a mindennapi haszn\u00e1latra.<\/li>\n<\/ul>\n<h3 data-start=\"3489\" data-end=\"3548\"><strong data-start=\"3493\" data-end=\"3548\">Az Arymi IFun 28000 h\u00faz\u00f3s eldobhat\u00f3 e-cigaretta \u00edzek<\/strong><\/h3>\n<p data-start=\"3550\" data-end=\"3815\">Az Arymi IFun 28000 h\u00faz\u00f3egyszer haszn\u00e1latos e-cigaretta sz\u00e9les sk\u00e1l\u00e1j\u00fa izgalmas arom\u00e1kban kaphat\u00f3, amelyek t\u00f6k\u00e9letesen illeszkednek az \u00edzlel\u0151bimb\u00f3khoz. Itt bemutatjuk \u00d6nnek a legn\u00e9pszer\u0171bb arom\u00e1kat, amelyek a\u00a0<strong data-start=\"3766\" data-end=\"3786\">Arymi IFun 28000<\/strong>\u00a0E-cigaretta kaphat\u00f3:<\/p>\n<h4 data-start=\"3817\" data-end=\"3841\"><strong data-start=\"3822\" data-end=\"3841\">Dupla Alma<\/strong><\/h4>\n<p data-start=\"3842\" data-end=\"4394\">Az \u00edze von\u00a0<strong data-start=\"3860\" data-end=\"3876\">Dupla Alma<\/strong>\u00a0Minden alma szerelmese sz\u00e1m\u00e1ra igazi \u00edzrobban\u00e1s. Az \u00e9des \u00e9s enyh\u00e9n savanyk\u00e1s alma jegyek kever\u00e9k\u00e9vel, amelyek t\u00f6k\u00e9letesen \u00f6ssze vannak hangolva, ez az \u00edz friss, ropog\u00f3s \u00e9lm\u00e9nyt ny\u00fajt, amely eg\u00e9sz nap friss marad. Az \u00e9dess\u00e9g \u00e9s a frissess\u00e9g kiegyens\u00falyozott ar\u00e1nya miatt ez az aroma ide\u00e1lis t\u00e1rsa az \u00d6n vapoz\u00e1s \u00fatj\u00e1nak. Az enyh\u00e9n gy\u00fcm\u00f6lcs\u00f6s \u00edz elrep\u00edti \u00d6nt a l\u00e9d\u00fas alma sz\u00fcret hangulat\u00e1ba, \u00e9s term\u00e9szetes frissess\u00e9get hoz minden sz\u00edv\u00e1sba.<\/p>\n<h4 data-start=\"4396\" data-end=\"4417\"><strong data-start=\"4401\" data-end=\"4417\">2. \u00c1fonya<\/strong><\/h4>\n<p data-start=\"4418\" data-end=\"4974\">Az\u00a0<strong data-start=\"4422\" data-end=\"4435\">\u00c1fonya<\/strong>Az Aroma egy finom \u00e9s intenz\u00edv \u00edzt k\u00edn\u00e1l \u00e9rett, friss \u00e1fony\u00e1b\u00f3l. Minden sz\u00edv\u00e1s sor\u00e1n egy \u00e9des \u00e9s enyh\u00e9n savanyk\u00e1s jegy bontakozik ki, amely felfriss\u00edti az \u00e9rz\u00e9keket \u00e9s kellemes \u00e9dess\u00e9get ny\u00fajt. Az \u00e1fony\u00e1k arom\u00e1s \u00e9lm\u00e9nny\u00e9 v\u00e1lnak, amely egy ny\u00e1ri mesehez hasonl\u00edt - egyszer\u0171en t\u00f6k\u00e9letes mindazok sz\u00e1m\u00e1ra, akik a teljes gy\u00fcm\u00f6lcs\u00edzt szeretn\u00e9k \u00e9lvezni. Minden bel\u00e9gz\u00e9ssel \u00e9rezheti, ahogy a friss bogy\u00f3s gy\u00fcm\u00f6lcs \u00edze sz\u00e9tter\u00fcl a sz\u00e1j\u00e1ban, \u00e9s kiel\u00e9g\u00edt\u0151 vape-\u00e9lm\u00e9nyt ny\u00fajt.<\/p>\n<h4 data-start=\"4976\" data-end=\"4994\"><strong data-start=\"4981\" data-end=\"4994\">3. Cherry<\/strong><\/h4>\n<p data-start=\"4995\" data-end=\"5406\"><strong data-start=\"4995\" data-end=\"5005\">Cherry<\/strong>\u00a0A cseresznye egy m\u00e1sik n\u00e9pszer\u0171 \u00edz, amely t\u00f6k\u00e9letesen megragadja a cseresznye \u00e9des \u00e9s enyh\u00e9n fanyar \u00edz\u00e9t. Ez a gy\u00fcm\u00f6lcs\u00f6ss\u00e9g megtestes\u00edt\u0151je, \u00e9s harmonikus, kellemes \u00edzt eredm\u00e9nyez, amely k\u00e9nyezteti az \u00edzlel\u0151bimb\u00f3kat. Ak\u00e1r m\u00e1s gy\u00fcm\u00f6lcs\u00f6kkel kombin\u00e1lva, ak\u00e1r \u00f6n\u00e1ll\u00f3 \u00edzk\u00e9nt, a\u00a0<strong data-start=\"5328\" data-end=\"5338\">Cherry<\/strong>-Az opci\u00f3 mindig friss \u00e9s \u00e9des vape-\u00e9lm\u00e9nyt ny\u00fajt.<\/p>\n<h4 data-start=\"5408\" data-end=\"5429\"><strong data-start=\"5413\" data-end=\"5429\">4. \u00e1fonya<\/strong><\/h4>\n<p data-start=\"5430\" data-end=\"5940\">A\u00a0<strong data-start=\"5434\" data-end=\"5447\">\u00c1fonya<\/strong>Az \u00edzes\u00edt\u00e9s friss\u00edt\u0151 savass\u00e1got hoz, amely kellemesen kiemelkedik az \u00e9desebb gy\u00fcm\u00f6lcsarom\u00e1k k\u00f6z\u00fcl.  A t\u0151zeg\u00e1fonya fanyar \u00edze enyhe \u00e9dess\u00e9ggel egyens\u00falyozott, ami kiegyens\u00falyozott \u00e9s friss p\u00e1rol\u00e1si \u00e9lm\u00e9nyhez vezet.  Ez az aroma t\u00f6k\u00e9letes azok sz\u00e1m\u00e1ra, akik olyan gy\u00fcm\u00f6lcs\u00f6s \u00edzt keresnek, amely egyszerre friss\u00edt\u0151 \u00e9s kiss\u00e9 szokatlan.  A friss, enyh\u00e9n fanyar \u00edz kellemes v\u00e1ltozatoss\u00e1got biztos\u00edt, \u00e9s ide\u00e1lis a napi fogyaszt\u00e1shoz.<\/p>\n<h2 data-start=\"0\" data-end=\"91\"><img loading=\"lazy\" decoding=\"async\" class=\"alignnone wp-image-2302 size-full\" title=\"Arymi IFun 28000 Z\u00fcge Einweg E-Zigarette - Double Apple - Blaubeere Kirsche Cranberry 2\" src=\"https:\/\/alfakher24h.de\/wp-content\/uploads\/2025\/03\/all1.webp\" sizes=\"auto, (max-width: 904px) 100vw, 904px\" srcset=\"https:\/\/alfakher24h.de\/wp-content\/uploads\/2025\/03\/all1.webp 904w, https:\/\/alfakher24h.de\/wp-content\/uploads\/2025\/03\/all1-212x300.webp 212w, https:\/\/alfakher24h.de\/wp-content\/uploads\/2025\/03\/all1-723x1024.webp 723w, https:\/\/alfakher24h.de\/wp-content\/uploads\/2025\/03\/all1-768x1087.webp 768w, https:\/\/alfakher24h.de\/wp-content\/uploads\/2025\/03\/all1-8x12.webp 8w, https:\/\/alfakher24h.de\/wp-content\/uploads\/2025\/03\/all1-600x850.webp 600w\" alt=\"Arymi IFun 28000 h\u00faz\u00e1s egyszer haszn\u00e1latos e-cigaretta - Dupla alma - \u00e1fonya cseresznye t\u0151zeg\u00e1fonya\" width=\"904\" height=\"1280\" \/><\/h2>\n<hr data-start=\"4635\" data-end=\"4638\" \/>\n<h3 data-start=\"5942\" data-end=\"6019\"><strong data-start=\"5946\" data-end=\"6019\">Mi\u00e9rt \u00e9rdemes megv\u00e1s\u00e1rolni az Arymi IFun 28000 h\u00faz\u00f3s eldobhat\u00f3 e-cigarett\u00e1t<\/strong><\/h3>\n<p data-start=\"6021\" data-end=\"6541\">A\u00a0<strong data-start=\"6025\" data-end=\"6069\">Arymi IFun 28000 h\u00faz\u00e1sos eldobhat\u00f3 e-cigaretta<\/strong>\u00a0Azok sz\u00e1m\u00e1ra a t\u00f6k\u00e9letes v\u00e1laszt\u00e1s, akik hossz\u00fa t\u00e1v\u00fa \u00e9s \u00edzletes g\u0151z\u00f6l\u00e9si \u00e9lm\u00e9nyt keresnek. A nagy sz\u00e1m\u00fa sz\u00edv\u00e1ssal, a nagy e-liquid kapacit\u00e1ssal \u00e9s a er\u0151s akkumul\u00e1torral ez az e-cigaretta hossz\u00fa haszn\u00e1latot biztos\u00edt gyakori ut\u00e1nt\u00f6lt\u00e9s vagy \u00fajrat\u00f6lt\u00e9s n\u00e9lk\u00fcl. A \u00e1ll\u00edthat\u00f3 l\u00e9g\u00e1ram lehet\u0151v\u00e9 teszi, hogy az egy\u00e9ni preferenci\u00e1k szerint \u00e1ll\u00edtsa be a g\u0151z\u00f6l\u00e9si \u00e9lm\u00e9nyt, m\u00edg a k\u00fcl\u00f6nb\u00f6z\u0151 arom\u00e1k minden \u00edzl\u00e9st kiel\u00e9g\u00edtenek.<\/p>\n<p data-start=\"6543\" data-end=\"7035\">Haute qualit\u00e9, longue dur\u00e9e de vie, cigarettes \u00e9lectroniques jetables en Allemagne, si vous recherchez une exp\u00e9rience gustative incomparable, c'est la\u00a0<strong data-start=\"6698\" data-end=\"6742\">Arymi IFun 28000 h\u00faz\u00e1sos eldobhat\u00f3 e-cigaretta<\/strong>\u00a0Az ide\u00e1lis v\u00e1laszt\u00e1s.\u00a0<strong data-start=\"6760\" data-end=\"6833\">V\u00e1s\u00e1rolja meg az egyszer haszn\u00e1latos e-cigarett\u00e1j\u00e1t k\u00f6zvetlen\u00fcl n\u00e1lunk az alfakher24h.de oldalon<\/strong>, N\u00e9metorsz\u00e1g legnagyobb eldobhat\u00f3 vape \u00e9rt\u00e9kes\u00edt\u00e9si platformja. Nemcsak a legjobb \u00e1rakat k\u00edn\u00e1ljuk \u00d6nnek, hanem sz\u00e1mos \u00edzt \u00e9s els\u0151 oszt\u00e1ly\u00fa term\u00e9ket is ig\u00e9nyei szerint.<\/p>\n<h3 data-start=\"7037\" data-end=\"7094\"><strong data-start=\"7041\" data-end=\"7094\">GYIK az Arymi IFun 28000 h\u00faz\u00f3s eldobhat\u00f3 e-cigarett\u00e1r\u00f3l<\/strong><\/h3>\n<p data-start=\"7096\" data-end=\"7282\"><strong data-start=\"7096\" data-end=\"7158\">1. Az Arymi IFun 28000 e-cigaretta h\u00e1ny vonatot k\u00edn\u00e1l?<\/strong><br data-start=\"7158\" data-end=\"7161\" \/>Az Arymi IFun ak\u00e1r  -ot is k\u00edn\u00e1l  \u2192  Az Arymi IFun ak\u00e1r\u00a0<strong data-start=\"7190\" data-end=\"7205\">28 000 vonat<\/strong>, ami miatt az egyik leghosszabb \u00e9lettartam\u00fa eldobhat\u00f3 e-cigarett\u00e1v\u00e1 v\u00e1lik a piacon.<\/p>\n<p data-start=\"7284\" data-end=\"7461\"><strong data-start=\"7284\" data-end=\"7345\">Milyen nikotintartalom tal\u00e1lhat\u00f3 az IFun 28000-ben?<\/strong><br data-start=\"7345\" data-end=\"7348\" \/>A\u00a0<strong data-start=\"7352\" data-end=\"7372\">Arymi IFun 28000<\/strong>\u00a0tartalmaz\u00a0<strong data-start=\"7381\" data-end=\"7395\">2% Nikotin<\/strong>Ide\u00e1lis azok sz\u00e1m\u00e1ra, akik k\u00f6zepes nikotind\u00f3zist prefer\u00e1lnak.<\/p>\n<p data-start=\"7463\" data-end=\"7706\"><strong data-start=\"7463\" data-end=\"7536\">Milyen arom\u00e1k \u00e9rhet\u0151k el az Arymi IFun 28000 E-cigarett\u00e1ban?<\/strong><br data-start=\"7536\" data-end=\"7539\" \/>A legn\u00e9pszer\u0171bb \u00edzek k\u00f6z\u00e9 tartoznak\u00a0<strong data-start=\"7574\" data-end=\"7590\">Dupla Alma<\/strong>,\u00a0<strong data-start=\"7592\" data-end=\"7605\">\u00c1fonya<\/strong>,\u00a0<strong data-start=\"7607\" data-end=\"7617\">Cherry<\/strong>\u00a0\u00e9s\u00a0<strong data-start=\"7622\" data-end=\"7635\">\u00c1fonya<\/strong>Minden aroma egyedi \u00e9s intenz\u00edv g\u0151z\u00f6l\u00e9si \u00e9lm\u00e9nyt ny\u00fajt.<\/p>\n<p data-start=\"7708\" data-end=\"7915\"><strong data-start=\"7708\" data-end=\"7760\">4. Mennyi ideig tart az Arymi IFun 28000 akkumul\u00e1tora?<\/strong><br data-start=\"7760\" data-end=\"7763\" \/>A\u00a0<strong data-start=\"7767\" data-end=\"7787\">Arymi IFun 28000<\/strong>\u00a0tart\u00f3san rendelkez\u00e9sre \u00e1ll\u00f3\u00a0<strong data-start=\"7817\" data-end=\"7837\">600 mAh akkumul\u00e1tor<\/strong>, amely sokf\u00e9le vonathoz elegend\u0151, miel\u0151tt \u00fajrat\u00f6lt\u00e9sre lenne sz\u00fcks\u00e9g.<\/p>\n<p data-start=\"7917\" data-end=\"8097\"><strong data-start=\"7917\" data-end=\"7965\">5. Az Arymi IFun 28000 \u00fajrat\u00f6lthet\u0151?<\/strong><br data-start=\"7965\" data-end=\"7968\" \/>Igen, a\u00a0<strong data-start=\"7976\" data-end=\"7996\">Arymi IFun 28000<\/strong>\u00a0egy\u00fctt j\u00e1r egy\u00a0<strong data-start=\"8011\" data-end=\"8035\">Type-C t\u00f6lt\u0151csatlakoz\u00f3<\/strong>\u00a0Kialak\u00edt\u00e1s\u00e1nak k\u00f6sz\u00f6nhet\u0151en az akkumul\u00e1tort sz\u00fcks\u00e9g eset\u00e9n felt\u00f6ltheti.<\/p>\n<hr data-start=\"8099\" data-end=\"8102\" \/>\n<p data-start=\"8104\" data-end=\"8277\" data-is-last-node=\"\">Tov\u00e1bbi inform\u00e1ci\u00f3k\u00e9rt \u00e9s a\u00a0<strong data-start=\"8135\" data-end=\"8150\">Vape v\u00e1s\u00e1rl\u00e1s<\/strong>L\u00e1togassa meg weboldalunkat<a href=\"https:\/\/alfakher24h.de\/hu\/\"> alfakher24h.de<\/a>, Az \u00d6n els\u0151 v\u00e1laszt\u00e1sa az eldobhat\u00f3 vape-k sz\u00e1m\u00e1ra N\u00e9metorsz\u00e1gban!<\/p>","protected":false},"excerpt":{"rendered":"<p><strong data-start=\"6025\" data-end=\"6069\">Arymi IFun 28000 h\u00faz\u00e1sos eldobhat\u00f3 e-cigaretta<\/strong>\u00a0Azok sz\u00e1m\u00e1ra a t\u00f6k\u00e9letes v\u00e1laszt\u00e1s, akik hossz\u00fa t\u00e1v\u00fa \u00e9s \u00edzletes g\u0151z\u00f6l\u00e9si \u00e9lm\u00e9nyt keresnek. A nagy sz\u00e1m\u00fa sz\u00edv\u00e1ssal, a nagy e-liquid kapacit\u00e1ssal \u00e9s a er\u0151s akkumul\u00e1torral ez az e-cigaretta hossz\u00fa haszn\u00e1latot biztos\u00edt gyakori ut\u00e1nt\u00f6lt\u00e9s vagy \u00fajrat\u00f6lt\u00e9s n\u00e9lk\u00fcl. A \u00e1ll\u00edthat\u00f3 l\u00e9g\u00e1ram lehet\u0151v\u00e9 teszi, hogy az egy\u00e9ni preferenci\u00e1k szerint \u00e1ll\u00edtsa be a g\u0151z\u00f6l\u00e9si \u00e9lm\u00e9nyt, m\u00edg a k\u00fcl\u00f6nb\u00f6z\u0151 arom\u00e1k minden \u00edzl\u00e9st kiel\u00e9g\u00edtenek.<\/p>","protected":false},"featured_media":1761,"comment_status":"open","ping_status":"closed","template":"","meta":{"om_disable_all_campaigns":false},"product_brand":[],"product_cat":[45],"product_tag":[],"class_list":{"0":"post-1760","1":"product","2":"type-product","3":"status-publish","4":"has-post-thumbnail","6":"product_cat-arymi-ifun-28000","8":"first","9":"outofstock","10":"shipping-taxable","11":"purchasable","12":"product-type-simple"},"_links":{"self":[{"href":"https:\/\/alfakher24h.de\/hu\/wp-json\/wp\/v2\/product\/1760","targetHints":{"allow":["GET"]}}],"collection":[{"href":"https:\/\/alfakher24h.de\/hu\/wp-json\/wp\/v2\/product"}],"about":[{"href":"https:\/\/alfakher24h.de\/hu\/wp-json\/wp\/v2\/types\/product"}],"replies":[{"embeddable":true,"href":"https:\/\/alfakher24h.de\/hu\/wp-json\/wp\/v2\/comments?post=1760"}],"wp:featuredmedia":[{"embeddable":true,"href":"https:\/\/alfakher24h.de\/hu\/wp-json\/wp\/v2\/media\/1761"}],"wp:attachment":[{"href":"https:\/\/alfakher24h.de\/hu\/wp-json\/wp\/v2\/media?parent=1760"}],"wp:term":[{"taxonomy":"product_brand","embeddable":true,"href":"https:\/\/alfakher24h.de\/hu\/wp-json\/wp\/v2\/product_brand?post=1760"},{"taxonomy":"product_cat","embeddable":true,"href":"https:\/\/alfakher24h.de\/hu\/wp-json\/wp\/v2\/product_cat?post=1760"},{"taxonomy":"product_tag","embeddable":true,"href":"https:\/\/alfakher24h.de\/hu\/wp-json\/wp\/v2\/product_tag?post=1760"}],"curies":[{"name":"wp","href":"https:\/\/api.w.org\/{rel}","templated":true}]}}