{"id":1758,"date":"2025-03-11T05:16:32","date_gmt":"2025-03-11T05:16:32","guid":{"rendered":"https:\/\/alfakher24h.de\/?post_type=product&#038;p=1758"},"modified":"2025-07-12T13:27:56","modified_gmt":"2025-07-12T13:27:56","slug":"httperror-response-code-429-too-many-requests-33","status":"publish","type":"product","link":"https:\/\/alfakher24h.de\/hu\/termek\/httperror-response-code-429-too-many-requests-33\/","title":{"rendered":"Arymi IFun 28000 h\u00faz\u00e1s egyszerhaszn\u00e1latos e-cigaretta \u2013 V\u00f6r\u00f6s alma \u2013 Vimto Crush"},"content":{"rendered":"<h2 data-start=\"0\" data-end=\"95\"><strong data-start=\"0\" data-end=\"95\"><a href=\"https:\/\/alfakher24h.de\/hu\/?post_type=product&amp;p=1758&amp;preview=true\">Arymi IFun 28000 h\u00faz\u00e1s Egyutas E-cigaretta<\/a> - Az ig\u00e9nyes g\u0151z\u00f6l\u0151k v\u00e9gs\u0151 \u00e9lm\u00e9nye<\/strong><\/h2>\n<div style=\"width: 848px;\" class=\"wp-video\"><video class=\"wp-video-shortcode\" id=\"video-1758-1\" width=\"848\" height=\"478\" preload=\"metadata\" controls=\"controls\"><source type=\"video\/mp4\" src=\"https:\/\/alfakher24h.de\/wp-content\/uploads\/2025\/03\/VID-20241031-WA0010.mp4?_=1\" \/><a href=\"https:\/\/alfakher24h.de\/wp-content\/uploads\/2025\/03\/VID-20241031-WA0010.mp4\">https:\/\/alfakher24h.de\/wp-content\/uploads\/2025\/03\/VID-20241031-WA0010.mp4<\/a><\/video><\/div>\n<p data-start=\"97\" data-end=\"762\">A\u00a0<strong data-start=\"101\" data-end=\"145\">Arymi IFun 28000 h\u00faz\u00e1s egyszer haszn\u00e1latos e-cigaretta<\/strong>\u00a0forradalmi l\u00e9p\u00e9st jelent a ter\u00fclet\u00e9n\u00a0<strong data-start=\"197\" data-end=\"220\">Eldobhat\u00f3 e-cigarett\u00e1k<\/strong>\u00a0\u00e9s k\u00edn\u00e1l g\u0151z\u00f6l\u0151knek\u00a0<strong data-start=\"248\" data-end=\"263\">N\u00e9metorsz\u00e1g<\/strong>\u00a0Egy \u00f6sszehasonl\u00edthatatlan g\u0151z\u00f6l\u00e9si \u00e9lm\u00e9ny. Nagyvonal\u00fa folyad\u00e9kkapacit\u00e1ssal, leny\u0171g\u00f6z\u0151en magas sz\u00e1m\u00fa sz\u00edv\u00e1ssal \u00e9s sz\u00e1mos egyedi \u00edzvari\u00e1ci\u00f3val ez az e-cigaretta abszol\u00fat k\u00f6telez\u0151 mindenki sz\u00e1m\u00e1ra, aki egy magas sz\u00ednvonal\u00fa \u00e9s hossz\u00fa t\u00e1v\u00fa g\u0151z\u00f6l\u00e9si \u00e9lm\u00e9nyt keres. Ha \u00d6n a legjobb ut\u00e1n kutat\u00a0<strong data-start=\"611\" data-end=\"633\">Egyszer haszn\u00e1latos e-cigaretta<\/strong> sind, dann k\u00f6nnen Sie diese exklusiv auf alfakher24h.de, N\u00e9metorsz\u00e1g legnagyobb online boltj\u00e1ban v\u00e1s\u00e1rolni\u00a0<strong data-start=\"733\" data-end=\"753\">Eldobhat\u00f3 Vape-ok<\/strong>V\u00e1s\u00e1rolni.<\/p>\n<h3 data-start=\"764\" data-end=\"787\">Term\u00e9kle\u00edr\u00e1s<\/h3>\n<p data-start=\"789\" data-end=\"1214\">A\u00a0<strong data-start=\"793\" data-end=\"837\">Arymi IFun 28000 h\u00faz\u00e1s egyszer haszn\u00e1latos e-cigaretta<\/strong>\u00a0A legmagasabb szinten keresik a min\u0151s\u00e9get, a k\u00e9nyelmet \u00e9s az \u00e9lvezetet. Egy\u00a0<strong data-start=\"939\" data-end=\"971\">28 ml kapacit\u00e1s E-liquidhez<\/strong>\u00a0\u00e9s egy\u00a0<strong data-start=\"982\" data-end=\"1006\">Nikotin mennyis\u00e9ge 2 mg<\/strong>\u00a0biztos\u00edtja, hogy ez a modell mindent tartalmaz, amit egy ig\u00e9nyes g\u0151z\u00f6l\u0151 k\u00edv\u00e1n. A magas sz\u00e1ma\u00a0<strong data-start=\"1107\" data-end=\"1122\">28 000 vonatb\u00f3l<\/strong>\u00a0hosszantart\u00f3 \u00e9lm\u00e9nyt biztos\u00edt, amely ide\u00e1lis a mindennapi haszn\u00e1latra.<\/p>\n<p data-start=\"1216\" data-end=\"1509\">Az innovat\u00edv vape diz\u00e1jn biztos\u00edtja, hogy a haszn\u00e1lat intuit\u00edv \u00e9s k\u00e9nyelmes legyen. A\u00a0<strong data-start=\"1314\" data-end=\"1341\">\u00e1ll\u00edthat\u00f3 leveg\u0151bevitel<\/strong>\u00a0Lehet\u0151v\u00e9 teszi a felhaszn\u00e1l\u00f3k sz\u00e1m\u00e1ra, hogy saj\u00e1t ig\u00e9nyeik szerint \u00e1ll\u00edts\u00e1k be a g\u0151z\u00f6l\u00e9si \u00e9lm\u00e9nyt - ak\u00e1r intenz\u00edvebb, ak\u00e1r enyh\u00e9bb sz\u00edv\u00e1st prefer\u00e1lnak, ez a funkci\u00f3 lehet\u0151v\u00e9 teszi.<\/p>\n<p data-start=\"1511\" data-end=\"1859\">A\u00a0<strong data-start=\"1515\" data-end=\"1562\">\u00fajrat\u00f6lthet\u0151 akkumul\u00e1tor Type-C t\u00f6lt\u0151csatlakoz\u00f3val<\/strong>\u00a0nemcsak er\u0151s, hanem k\u00f6rnyezetbar\u00e1t is, \u00e9s lehet\u0151v\u00e9 teszi az e-cigaretta gyors felt\u00f6lt\u00e9s\u00e9t b\u00e1rmikor, \u00edgy soha nem kell lemondania a g\u0151z\u00f6l\u00e9s \u00e9lm\u00e9ny\u00e9r\u0151l. A\u00a0<strong data-start=\"1748\" data-end=\"1772\">1,0 \u03a9 Dual Mesh Coil<\/strong>\u00a0egyenletes p\u00e1rol\u00e1st biztos\u00edt \u00e9s er\u0151s\u00edti a\u00a0<strong data-start=\"1833\" data-end=\"1846\">\u00cdzl\u00e9s<\/strong>\u00a0Minden vonatnak.<\/p>\n<h3 data-start=\"1861\" data-end=\"1938\">A legfontosabb jellemz\u0151k a\u00a0<strong data-start=\"1894\" data-end=\"1938\">Arymi IFun 28000 vonatok\u00a0<a href=\"https:\/\/alfakher24h.de\/hu\/\">Egyszer haszn\u00e1latos e-cigaretta<\/a><\/strong><\/h3>\n<ul data-start=\"1940\" data-end=\"3243\">\n<li data-start=\"1940\" data-end=\"2178\"><strong data-start=\"1942\" data-end=\"1982\">Leny\u0171g\u00f6z\u0151 Puff Sz\u00e1m (28.000 sz\u00edv\u00e1s):<\/strong>\u00a0Leny\u0171g\u00f6z\u0151 sz\u00e1mmal\u00a0<strong data-start=\"2018\" data-end=\"2034\">28 000 vonatb\u00f3l<\/strong>\u00a0teljes \u00e9lvezet\u00e9t biztos\u00edtja ennek\u00a0<strong data-start=\"2071\" data-end=\"2093\">Egyszer haszn\u00e1latos e-cigaretta<\/strong>\u00a0hossz\u00fa id\u0151n kereszt\u00fcl haszn\u00e1lni, an\u00e9lk\u00fcl, hogy folyamatosan cser\u00e9lni kellene az e-cigarett\u00e1t.<\/li>\n<li data-start=\"2179\" data-end=\"2369\"><strong data-start=\"2181\" data-end=\"2204\">E-Liquid kapacit\u00e1s:<\/strong>\u00a0Egyetlen\u00a0<strong data-start=\"2215\" data-end=\"2243\">28 ml e-folyad\u00e9k kapacit\u00e1s<\/strong>\u00a0nem kell agg\u00f3dnia, hogy a folyad\u00e9k gyorsan elfogy. Elegend\u0151 kapacit\u00e1st biztos\u00edt az intenz\u00edv \u00e9lvezethez.<\/li>\n<li data-start=\"2370\" data-end=\"2548\"><strong data-start=\"2372\" data-end=\"2388\">2 % Nikotin: \n2 % nikotin<\/strong>\u00a0Ide\u00e1lis azoknak a g\u0151z\u00f6l\u0151knek, akik k\u00f6nny\u0171 nikotintartalmat keresnek. Ezek\u00a0<strong data-start=\"2455\" data-end=\"2478\">Nikotin e-cigaretta<\/strong>\u00a0kiegyens\u00falyozott \u00edzt \u00e9s a k\u00edv\u00e1nt nikotinlead\u00e1st ny\u00fajtja.<\/li>\n<li data-start=\"2549\" data-end=\"2754\"><strong data-start=\"2551\" data-end=\"2584\">600 mAh tiszta kobalt akkumul\u00e1tor:<\/strong>\u00a0Az akkumul\u00e1tor hossz\u00fa \u00e9lettartamot biztos\u00edt, \u00e9s egyszer\u0171en \u00fajrat\u00f6lthet\u0151\u00a0<strong data-start=\"2652\" data-end=\"2672\">Type-C t\u00f6lt\u0151k\u00e1bel<\/strong>\u00a0felt\u00f6lteni. Ez\u00e1ltal gyors \u00e9s hat\u00e9kony t\u00f6lt\u00e9s garant\u00e1lt.<\/li>\n<li data-start=\"2755\" data-end=\"2903\"><strong data-start=\"2757\" data-end=\"2779\">Pr\u00e9mium Mesh tekercs:<\/strong>\u00a0A\u00a0<strong data-start=\"2784\" data-end=\"2808\">1,0 \u03a9 Dual Mesh Coil<\/strong>\u00a0Biztos\u00edtja a egyenletes p\u00e1rol\u00e1st \u00e9s az intenz\u00edv \u00edzt, amely k\u00e9nyezteti az \u00edzlel\u0151bimb\u00f3kat.<\/li>\n<li data-start=\"2904\" data-end=\"3078\"><strong data-start=\"2906\" data-end=\"2934\">\u00e1ll\u00edthat\u00f3 leveg\u0151bevitel<\/strong>\u00a0\u00c1ll\u00edtsa be a leveg\u0151 \u00e1raml\u00e1s\u00e1t tetsz\u00e9se szerint, hogy szem\u00e9lyre szabja a g\u0151z\u00f6l\u00e9st, \u00e9s megtal\u00e1lja az optim\u00e1lis l\u00e9g\u00e1raml\u00e1st az \u00d6n \u00edz\u00e9lm\u00e9ny\u00e9hez.<\/li>\n<li data-start=\"3079\" data-end=\"3243\"><strong data-start=\"3081\" data-end=\"3119\">K\u00fcl\u00f6nb\u00f6z\u0151 \u00edzek:<\/strong>\u00a0V\u00e1lasszon a sz\u00e1mos \u00edzvari\u00e1ci\u00f3 k\u00f6z\u00fcl, amelyek minden \u00edzl\u00e9st kiel\u00e9g\u00edtenek - az gy\u00fcm\u00f6lcs\u00f6st\u0151l az \u00e9des \u00e9s friss\u00edt\u0151ig.<\/li>\n<\/ul>\n<h3 data-start=\"3245\" data-end=\"3293\">\u00cdzek - Az ultimate \u00edz\u00e9lm\u00e9ny<\/h3>\n<p data-start=\"3295\" data-end=\"3464\">A\u00a0<strong data-start=\"3299\" data-end=\"3343\">Arymi IFun 28000 h\u00faz\u00e1s egyszer haszn\u00e1latos e-cigaretta<\/strong>\u00a0sz\u00e1mos \u00edzes\u00edt\u00e9st k\u00edn\u00e1l, amelyek minden g\u0151z\u00f6s utaz\u00e1st p\u00e1ratlan \u00e9lm\u00e9nny\u00e9 tesznek. R\u00e9szletesen:<\/p>\n<ol data-start=\"3466\" data-end=\"4757\">\n<li data-start=\"3466\" data-end=\"4102\">\n<p data-start=\"3469\" data-end=\"4102\"><strong data-start=\"3469\" data-end=\"3483\">Piros Alma:<\/strong>\u00a0A\u00a0<strong data-start=\"3488\" data-end=\"3501\">Piros Alma<\/strong>\u00a0Az \u00edz egy klasszikus kedvenc a g\u0151z\u00f6l\u0151k k\u00f6r\u00e9ben, amely egy l\u00e9d\u00fas v\u00f6r\u00f6s alma teljes, friss \u00edz\u00e9t adja. Az \u00edz \u00e9des \u00e9s egyszerre friss\u00edt\u0151, term\u00e9szetes gy\u00fcm\u00f6lcs\u00f6s jegyekkel, amelyeket t\u00f6k\u00e9letesen lehet eg\u00e9sz nap \u00e9lvezni. Minden sz\u00edv\u00e1s olyan \u00e9rz\u00e9s, mintha egy frissen szedett alm\u00e1ba harapn\u00e1nk - ropog\u00f3s, friss \u00e9s gy\u00fcm\u00f6lcs\u00f6s. Az \u00e9des, de nem t\u00falzott \u00edz ide\u00e1lis azoknak a g\u0151z\u00f6l\u0151knek, akik enyhe \u00e9s m\u00e9gis kiel\u00e9g\u00edt\u0151 \u00e9lm\u00e9nyt keresnek.\u00a0<strong data-start=\"4005\" data-end=\"4018\">Piros Alma<\/strong>\u00a0Ez biztos\u00edtja az \u00e9dess\u00e9g \u00e9s a frissess\u00e9g harmonikus kever\u00e9k\u00e9t, amely a nyelven marad.<\/p>\n<\/li>\n<li data-start=\"4104\" data-end=\"4757\">\n<p data-start=\"4107\" data-end=\"4757\"><strong data-start=\"4107\" data-end=\"4123\">Vimto Crush:<\/strong>\u00a0Minden egzotikus \u00e9s egyedi gy\u00fcm\u00f6lcs \u00ednyenc sz\u00e1m\u00e1ra k\u00edn\u00e1lja a\u00a0<strong data-start=\"4210\" data-end=\"4225\">Vimto Crush<\/strong>\u00a0\u00edz egy intenz\u00edv \u00e9s izgalmas \u00e9lm\u00e9ny.  Az olyan n\u00e9pszer\u0171, gy\u00fcm\u00f6lcs\u00f6s klasszikus Vimto ital kever\u00e9k ihlette, ez az e-cigaretta  finom kombin\u00e1ci\u00f3j\u00e1t k\u00edn\u00e1lja  a fekete ribizli, m\u00e1lna \u00e9s egy kis citrom.  Az \u00edz eleven, gy\u00fcm\u00f6lcs\u00f6s \u00e9s m\u00e9gis kiegyens\u00falyozott.\u00a0<strong data-start=\"4545\" data-end=\"4560\">Vimto Crush<\/strong>\u00a0Meggy\u0151z\u0151 komplexit\u00e1s\u00e1val \u00e9s frissess\u00e9g\u00e9vel, amely \u00e9l\u00e9nk\u00edt\u0151 g\u0151z\u00f6l\u00e9si \u00e9lm\u00e9nyt ny\u00fajt. Nagyszer\u0171 v\u00e1laszt\u00e1s azoknak a g\u0151z\u00f6l\u0151knek, akik valami egyedi \u00e9s izgalmasat keresnek.<\/p>\n<\/li>\n<\/ol>\n<h2 data-start=\"0\" data-end=\"107\"><img loading=\"lazy\" decoding=\"async\" class=\"alignnone wp-image-2299 size-full\" title=\"Arymi IFun 28000 h\u00faz\u00e1s egyszerhaszn\u00e1latos e-cigaretta - V\u00f6r\u00f6s alma - Vimto Crush 2\" src=\"https:\/\/alfakher24h.de\/wp-content\/uploads\/2025\/03\/arymi-hookalit-2.webp\" sizes=\"auto, (max-width: 1077px) 100vw, 1077px\" srcset=\"https:\/\/alfakher24h.de\/wp-content\/uploads\/2025\/03\/arymi-hookalit-2.webp 1077w, https:\/\/alfakher24h.de\/wp-content\/uploads\/2025\/03\/arymi-hookalit-2-300x284.webp 300w, https:\/\/alfakher24h.de\/wp-content\/uploads\/2025\/03\/arymi-hookalit-2-1024x970.webp 1024w, https:\/\/alfakher24h.de\/wp-content\/uploads\/2025\/03\/arymi-hookalit-2-768x727.webp 768w, https:\/\/alfakher24h.de\/wp-content\/uploads\/2025\/03\/arymi-hookalit-2-13x12.webp 13w, https:\/\/alfakher24h.de\/wp-content\/uploads\/2025\/03\/arymi-hookalit-2-600x568.webp 600w\" alt=\"Arymi IFun 28000 h\u00faz\u00e1s egyszerhaszn\u00e1latos e-cigaretta - V\u00f6r\u00f6s alma - Vimto Crush\" width=\"1077\" height=\"1020\" \/><\/h2>\n<h3 data-start=\"4759\" data-end=\"4836\">Mi\u00e9rt \u00d6n\u00f6k a\u00a0<strong data-start=\"4777\" data-end=\"4821\">Arymi IFun 28000 vonatok\u00a0<a href=\"https:\/\/alfakher24h.de\/hu\/\">Egyszer haszn\u00e1latos e-cigaretta<\/a><\/strong>\u00a0v\u00e1s\u00e1rolniuk kellene<\/h3>\n<ul data-start=\"4838\" data-end=\"5735\">\n<li data-start=\"4838\" data-end=\"5011\"><strong data-start=\"4840\" data-end=\"4858\">Tart\u00f3ss\u00e1g<\/strong>\u00a0Egyetlen\u00a0<strong data-start=\"4869\" data-end=\"4898\">28000 vonat kapacit\u00e1sa<\/strong>\u00a0Szerezzen rendk\u00edv\u00fcl hossz\u00fa ideig tart\u00f3 g\u0151z\u00f6l\u00e9si \u00e9lm\u00e9nyt - ide\u00e1lis a mindennapi haszn\u00e1latra \u00e9s \u00fatk\u00f6zben is.<\/li>\n<li data-start=\"5012\" data-end=\"5196\"><strong data-start=\"5014\" data-end=\"5052\">Gyakorlati \u00e9s k\u00f6nnyen haszn\u00e1lhat\u00f3:<\/strong>\u00a0Az\u00a0<strong data-start=\"5057\" data-end=\"5087\">felhaszn\u00e1l\u00f3bar\u00e1t kialak\u00edt\u00e1s<\/strong>\u00a0a\u00a0<strong data-start=\"5092\" data-end=\"5114\">Egyszer haszn\u00e1latos e-cigaretta<\/strong>\u00a0nem ig\u00e9nyel bonyolult kezel\u00e9st. Egyszer\u0171en kivessz\u00fck, elp\u00e1r\u00e1s\u00edtjuk \u00e9s \u00e9lvezz\u00fck.<\/li>\n<li data-start=\"5197\" data-end=\"5358\"><strong data-start=\"5199\" data-end=\"5236\">T\u00f6bbf\u00e9le \u00edzvil\u00e1g:<\/strong>\u00a0A\u00a0<strong data-start=\"5241\" data-end=\"5264\">sokf\u00e9le aroma<\/strong>\u00a0hogyan\u00a0<strong data-start=\"5269\" data-end=\"5282\">Piros Alma<\/strong>\u00a0\u00e9s\u00a0<strong data-start=\"5287\" data-end=\"5302\">Vimto Crush<\/strong>\u00a0Biztos\u00edtj\u00e1k minden \u00edzl\u00e9shez a t\u00f6k\u00e9letes g\u0151z\u00f6l\u00e9si \u00e9lm\u00e9nyt.<\/li>\n<li data-start=\"5359\" data-end=\"5562\"><strong data-start=\"5361\" data-end=\"5393\">K\u00e9nyelmes \u00e9s k\u00f6rnyezetbar\u00e1t:<\/strong>\u00a0K\u00f6sz\u00f6nhet\u0151en a\u00a0<strong data-start=\"5403\" data-end=\"5449\">\u00fajrat\u00f6lthet\u0151 akkumul\u00e1tor Type-C t\u00f6lt\u00e9ssel<\/strong>\u00a0Ez a term\u00e9k nemcsak k\u00e9nyelmesen haszn\u00e1lhat\u00f3, hanem k\u00f6rnyezetbar\u00e1tabb is, mint a hagyom\u00e1nyos eldobhat\u00f3 term\u00e9kek.<\/li>\n<li data-start=\"5563\" data-end=\"5735\"><strong data-start=\"5565\" data-end=\"5592\">Optim\u00e1lis nikotintartalom:<\/strong>\u00a0Egyetlen\u00a0<strong data-start=\"5603\" data-end=\"5627\">Nikotin mennyis\u00e9ge 2 mg<\/strong>\u00a0Ez az e-cigaretta t\u00f6k\u00e9letes kompromisszumot k\u00edn\u00e1l azoknak a vapereknek, akik kiegyens\u00falyozott vaporiz\u00e1ci\u00f3s \u00e9lm\u00e9nyt szeretn\u00e9nek.<\/li>\n<\/ul>\n<h3 data-start=\"5737\" data-end=\"5745\">GYIK<\/h3>\n<p data-start=\"5747\" data-end=\"5823\"><strong data-start=\"5747\" data-end=\"5823\">1. Az Arymi IFun 28000 Z\u00fcge Einweg E Zigarette \u00fajrat\u00f6lthet\u0151?<\/strong><\/p>\n<p data-start=\"5825\" data-end=\"5986\">Igen, a\u00a0<strong data-start=\"5833\" data-end=\"5877\">Arymi IFun 28000 h\u00faz\u00e1s egyszer haszn\u00e1latos e-cigaretta<\/strong>\u00a0egy\u00fctt j\u00e1r egy\u00a0<strong data-start=\"5892\" data-end=\"5919\">600 mAh kobalt akkumul\u00e1tor<\/strong>\u00a0felszerelve, melyeket per\u00a0<strong data-start=\"5942\" data-end=\"5962\">Type-C t\u00f6lt\u0151k\u00e1bel<\/strong>\u00a0felt\u00f6lthet\u0151.<\/p>\n<p data-start=\"5988\" data-end=\"6051\"><strong data-start=\"5988\" data-end=\"6051\">2. H\u00e1ny sz\u00edv\u00e1st tudok \u00e9lvezni ezzel az e-cigarett\u00e1val?<\/strong><\/p>\n<p data-start=\"6053\" data-end=\"6189\">A k\u00f6vetkez\u0151vel\u00a0<strong data-start=\"6061\" data-end=\"6105\">Arymi IFun 28000 h\u00faz\u00e1s egyszer haszn\u00e1latos e-cigaretta<\/strong>\u00a0Tudnak ak\u00e1r\u00a0<strong data-start=\"6124\" data-end=\"6138\">28 000 vonat<\/strong>\u00a0Ezzel hossz\u00fa \u00e9lettartamot garant\u00e1lnak.<\/p>\n<p data-start=\"6191\" data-end=\"6256\"><strong data-start=\"6191\" data-end=\"6256\">3. Tudom szem\u00e9lyre szabni a g\u0151z\u00f6l\u00e9si \u00e9lm\u00e9nyt az ig\u00e9nyeim szerint?<\/strong><\/p>\n<p data-start=\"6258\" data-end=\"6403\">Igen, a\u00a0<strong data-start=\"6266\" data-end=\"6288\">Egyszer haszn\u00e1latos e-cigaretta<\/strong>\u00a0rendelkezik egy\u00a0<strong data-start=\"6307\" data-end=\"6334\">\u00e1ll\u00edthat\u00f3 leveg\u0151bevitel<\/strong>, amellyel szem\u00e9lyre szabhatja a g\u0151z\u00f6l\u00e9st az \u00d6n ig\u00e9nyei szerint.<\/p>\n<p data-start=\"6405\" data-end=\"6455\"><strong data-start=\"6405\" data-end=\"6455\">4. Mennyi nikotint tartalmaz ez az e-cigaretta?<\/strong><\/p>\n<p data-start=\"6457\" data-end=\"6568\">A\u00a0<strong data-start=\"6461\" data-end=\"6505\">Arymi IFun 28000 h\u00faz\u00e1s egyszer haszn\u00e1latos e-cigaretta<\/strong>\u00a0tartalmaz\u00a0<strong data-start=\"6514\" data-end=\"6529\">2 % Nikotin \n\n(Megjegyz\u00e9s: Nem sz\u00fcks\u00e9ges ford\u00edt\u00e1s, ez\u00e9rt visszat\u00e9r az eredeti sz\u00f6veg)\n2 % Nikotin<\/strong>, ami biztos\u00edtja az egyens\u00falyi d\u00f3zist.<\/p>\n<p data-start=\"6570\" data-end=\"6645\"><strong data-start=\"6570\" data-end=\"6645\">Hol kaphatom meg az Arymi IFun 28000 Z\u00fcge Einweg E Zigarette-ot?<\/strong><\/p>\n<p data-start=\"6647\" data-end=\"6809\">A\u00a0<strong data-start=\"6651\" data-end=\"6695\">Arymi IFun 28000 h\u00faz\u00e1s egyszer haszn\u00e1latos e-cigaretta<\/strong> exkluz\u00edvan el\u00e9rhet\u0151 a  alfakher24h.de  -en, a legnagyobb online boltban  sz\u00e1m\u00e1ra\u00a0<strong data-start=\"6773\" data-end=\"6793\">Eldobhat\u00f3 Vape-ok<\/strong>\u00a0N\u00e9metorsz\u00e1gban.<\/p>\n<h3 data-start=\"6811\" data-end=\"6820\">K\u00f6vetkeztet\u00e9s<\/h3>\n<p data-start=\"6822\" data-end=\"7266\">A\u00a0<strong data-start=\"6826\" data-end=\"6870\">Arymi IFun 28000 h\u00faz\u00e1s egyszer haszn\u00e1latos e-cigaretta<\/strong>\u00a0ide\u00e1lis v\u00e1laszt\u00e1s a g\u0151z\u00f6l\u0151k sz\u00e1m\u00e1ra\u00a0<strong data-start=\"6906\" data-end=\"6921\">N\u00e9metorsz\u00e1g<\/strong>, akik egy magas sz\u00ednvonal\u00fa, hossz\u00fa \u00e9lettartam\u00fa \u00e9s \u00edzben gazdag e-cigarett\u00e1t keresnek. Egy kapacit\u00e1ssal rendelkez\u0151\u00a0<strong data-start=\"7043\" data-end=\"7061\">28 ml E-Liquid<\/strong>impoz\u00e1ns sz\u00e1m\u00fa\u00a0<strong data-start=\"7094\" data-end=\"7109\">28 000 vonatb\u00f3l<\/strong>\u00a0\u00e9s egy v\u00e1logat\u00e1s finom \u00edzekb\u0151l, mint p\u00e9ld\u00e1ul\u00a0<strong data-start=\"7167\" data-end=\"7180\">Piros Alma<\/strong>\u00a0\u00e9s\u00a0<strong data-start=\"7185\" data-end=\"7200\">Vimto Crush<\/strong>\u00a0Ez a modell mindent tartalmaz, amit egy g\u0151z\u00f6s sz\u00edve k\u00edv\u00e1n.<\/p>\n<p data-start=\"7268\" data-end=\"7413\" data-is-last-node=\"\">V\u00e1s\u00e1rolja meg a\u00a0<strong data-start=\"7283\" data-end=\"7327\">Arymi IFun 28000 h\u00faz\u00e1s egyszer haszn\u00e1latos e-cigaretta<\/strong> M\u00e9g ma is ell\u00e1togathat az aufalfakher24h.de oldalra \u00e9s megtapasztalhatja a g\u0151z\u00f6l\u00e9st egy \u00faj szinten!<\/p>","protected":false},"excerpt":{"rendered":"<p><strong data-start=\"6826\" data-end=\"6870\">Arymi IFun 28000 h\u00faz\u00e1s egyszer haszn\u00e1latos e-cigaretta<\/strong>\u00a0ide\u00e1lis v\u00e1laszt\u00e1s a g\u0151z\u00f6l\u0151k sz\u00e1m\u00e1ra\u00a0<strong data-start=\"6906\" data-end=\"6921\">N\u00e9metorsz\u00e1g<\/strong>, akik egy magas sz\u00ednvonal\u00fa, hossz\u00fa \u00e9lettartam\u00fa \u00e9s \u00edzben gazdag e-cigarett\u00e1t keresnek. Egy kapacit\u00e1ssal rendelkez\u0151\u00a0<strong data-start=\"7043\" data-end=\"7061\">28 ml E-Liquid<\/strong><\/p>","protected":false},"featured_media":1759,"comment_status":"open","ping_status":"closed","template":"","meta":{"om_disable_all_campaigns":false},"product_brand":[],"product_cat":[45],"product_tag":[],"class_list":{"0":"post-1758","1":"product","2":"type-product","3":"status-publish","4":"has-post-thumbnail","6":"product_cat-arymi-ifun-28000","8":"first","9":"outofstock","10":"shipping-taxable","11":"purchasable","12":"product-type-simple"},"_links":{"self":[{"href":"https:\/\/alfakher24h.de\/hu\/wp-json\/wp\/v2\/product\/1758","targetHints":{"allow":["GET"]}}],"collection":[{"href":"https:\/\/alfakher24h.de\/hu\/wp-json\/wp\/v2\/product"}],"about":[{"href":"https:\/\/alfakher24h.de\/hu\/wp-json\/wp\/v2\/types\/product"}],"replies":[{"embeddable":true,"href":"https:\/\/alfakher24h.de\/hu\/wp-json\/wp\/v2\/comments?post=1758"}],"wp:featuredmedia":[{"embeddable":true,"href":"https:\/\/alfakher24h.de\/hu\/wp-json\/wp\/v2\/media\/1759"}],"wp:attachment":[{"href":"https:\/\/alfakher24h.de\/hu\/wp-json\/wp\/v2\/media?parent=1758"}],"wp:term":[{"taxonomy":"product_brand","embeddable":true,"href":"https:\/\/alfakher24h.de\/hu\/wp-json\/wp\/v2\/product_brand?post=1758"},{"taxonomy":"product_cat","embeddable":true,"href":"https:\/\/alfakher24h.de\/hu\/wp-json\/wp\/v2\/product_cat?post=1758"},{"taxonomy":"product_tag","embeddable":true,"href":"https:\/\/alfakher24h.de\/hu\/wp-json\/wp\/v2\/product_tag?post=1758"}],"curies":[{"name":"wp","href":"https:\/\/api.w.org\/{rel}","templated":true}]}}