{"id":1749,"date":"2025-03-10T11:26:46","date_gmt":"2025-03-10T11:26:46","guid":{"rendered":"https:\/\/alfakher24h.de\/?post_type=product&#038;p=1749"},"modified":"2025-07-12T13:27:56","modified_gmt":"2025-07-12T13:27:56","slug":"httperror-response-code-429-too-many-requests-31","status":"publish","type":"product","link":"https:\/\/alfakher24h.de\/hu\/termek\/httperror-response-code-429-too-many-requests-31\/","title":{"rendered":"Arymi IFun 28000 h\u00faz\u00e1s egyszerhaszn\u00e1latos e-cigaretta \u2013 Rainbow cukorka \u2013 Energiaital"},"content":{"rendered":"<h2 data-start=\"0\" data-end=\"91\"><strong data-start=\"0\" data-end=\"91\"><a href=\"https:\/\/alfakher24h.de\/hu\/?post_type=product&amp;p=1749&amp;preview=true\">Arymi IFun 28000 Z\u00fcge\u00a0Einweg E-Zigarette \n\n becomes \n\nArymi IFun 28000 h\u00faz\u00e1s Egyszer haszn\u00e1latos E-cigaretta<\/a> A t\u00f6k\u00e9letes v\u00e1laszt\u00e1s a hossz\u00fa t\u00e1v\u00fa \u00e9lvezethez<\/strong><\/h2>\n<div style=\"width: 848px;\" class=\"wp-video\"><video class=\"wp-video-shortcode\" id=\"video-1749-1\" width=\"848\" height=\"478\" preload=\"metadata\" controls=\"controls\"><source type=\"video\/mp4\" src=\"https:\/\/alfakher24h.de\/wp-content\/uploads\/2025\/03\/VID-20241031-WA0010.mp4?_=1\" \/><a href=\"https:\/\/alfakher24h.de\/wp-content\/uploads\/2025\/03\/VID-20241031-WA0010.mp4\">https:\/\/alfakher24h.de\/wp-content\/uploads\/2025\/03\/VID-20241031-WA0010.mp4<\/a><\/video><\/div>\n<p data-start=\"93\" data-end=\"107\"><strong data-start=\"93\" data-end=\"107\">Bevezet\u00e9s<\/strong><\/p>\n<p data-start=\"109\" data-end=\"652\">A\u00a0<strong data-start=\"113\" data-end=\"157\">Arymi IFun 28000 vonatok<a href=\"https:\/\/alfakher24h.de\/hu\/\"> Eldobhat\u00f3 e-cigaretta<\/a><\/strong>\u00a0az egyik legjobb v\u00e1laszt\u00e1s mindazok sz\u00e1m\u00e1ra, akik intenz\u00edv, hossz\u00fa t\u00e1v\u00fa vaporiz\u00e1ci\u00f3s \u00e9lm\u00e9nyt keresnek. Ez\u00a0<strong data-start=\"263\" data-end=\"285\">Eldobhat\u00f3 e-cigaretta<\/strong>\u00a0nemcsak er\u0151s \u00e9s megb\u00edzhat\u00f3, hanem sz\u00e9les v\u00e1laszt\u00e9kban k\u00edn\u00e1lja a finom arom\u00e1kat is, amelyek minden sz\u00edv\u00e1sn\u00e1l maximaliz\u00e1lj\u00e1k az \u00e9lvezetet.  Ak\u00e1r\u00a0<strong data-start=\"477\" data-end=\"493\">28 000 vonatb\u00f3l<\/strong>\u00a0\u00e9s gazdag\u00a0<strong data-start=\"518\" data-end=\"540\">E-Liquid kapacit\u00e1s<\/strong>\u00a030 ml-es kiszerel\u00e9s\u00e9vel az Arymi IFun k\u00f6telez\u0151 mindenki sz\u00e1m\u00e1ra, aki a k\u00f6vetkez\u0151 szintre szeretn\u00e9 emelni a vaporiz\u00e1l\u00e1s \u00e9lm\u00e9ny\u00e9t.<\/p>\n<p data-start=\"654\" data-end=\"980\">A legnagyobb online keresked\u0151 mint\u00a0<strong data-start=\"685\" data-end=\"708\">Eldobhat\u00f3 e-cigarett\u00e1k<\/strong> N\u00e9metorsz\u00e1gban az alfakher24h.de  lehet\u0151s\u00e9get k\u00edn\u00e1l \u00d6nnek, hogy ezt a kiv\u00e1l\u00f3 min\u0151s\u00e9g\u0171 term\u00e9ket\u00a0<strong data-start=\"792\" data-end=\"822\">nikotint tartalmaz\u00f3 vape<\/strong>\u00a0k\u00e9nyelmesen \u00e9s biztons\u00e1gosan v\u00e1s\u00e1rolni. Fedezze fel az el\u0151nyeit a\u00a0<strong data-start=\"883\" data-end=\"927\">Arymi IFun 28000 h\u00faz\u00e1sos eldobhat\u00f3 e-cigaretta<\/strong>\u00a0\u00e9s tapasztalja meg a p\u00e1ratlan g\u0151z\u00f6l\u00e9si \u00e9lm\u00e9nyt.<\/p>\n<hr data-start=\"982\" data-end=\"985\" \/>\n<h3 data-start=\"987\" data-end=\"1058\"><strong data-start=\"990\" data-end=\"1058\">Term\u00e9klap  Arymi IFun 28000 h\u00faz\u00e1s\u00a0<a href=\"https:\/\/alfakher24h.de\/hu\/\">Eldobhat\u00f3 e-cigaretta<\/a><\/strong><\/h3>\n<p data-start=\"1060\" data-end=\"1531\">A\u00a0<strong data-start=\"1064\" data-end=\"1108\">Arymi IFun 28000 h\u00faz\u00e1sos eldobhat\u00f3 e-cigaretta<\/strong>\u00a0egy pr\u00e9mium vape, amelyet kifejezetten azoknak a vapereknek fejlesztettek ki, akik min\u0151s\u00e9get, teljes\u00edtm\u00e9nyt \u00e9s \u00edzt k\u00f6vetelnek. Ez\u00a0<strong data-start=\"1232\" data-end=\"1254\">Eldobhat\u00f3 e-cigaretta<\/strong>\u00a0nemcsak praktikus, hanem rendk\u00edv\u00fcl tart\u00f3s is. Egy\u00a0<strong data-start=\"1322\" data-end=\"1355\">600 mAh kapacit\u00e1s\u00fa akkumul\u00e1tor<\/strong>\u00a0\u00e9s annak lehet\u0151s\u00e9g\u00e9vel, hogy egy\u00a0<strong data-start=\"1387\" data-end=\"1411\">USB Type-C csatlakoz\u00f3<\/strong>\u00a0Fel kell t\u00f6lteni, ez az e-cigaretta biztos\u00edtja, hogy mindig legyen el\u00e9g energia a folyamatos g\u0151z\u00f6l\u00e9shez.<\/p>\n<p data-start=\"1533\" data-end=\"2033\">A\u00a0<strong data-start=\"1537\" data-end=\"1565\">28 ml e-folyad\u00e9k kapacit\u00e1s<\/strong>\u00a0biztos\u00edt hossz\u00fa \u00e9lettartamot \u00e9s lehet\u0151v\u00e9 teszi a felhaszn\u00e1l\u00f3 sz\u00e1m\u00e1ra, hogy ak\u00e1r\u00a0<strong data-start=\"1633\" data-end=\"1648\">28 000 vonat<\/strong>\u00a0\u00e9lvezni, an\u00e9lk\u00fcl, hogy folyamatosan fel kellene t\u00f6lteni a Vape-ot. K\u00f6sz\u00f6nhet\u0151en az\u00a0<strong data-start=\"1715\" data-end=\"1729\">Mesh Coils<\/strong>\u00a0egy ellen\u00e1ll\u00e1ssal, amely\u00a0<strong data-start=\"1755\" data-end=\"1779\">1,0 \u03a9 Dual Mesh Coil<\/strong>\u00a0minden h\u00faz\u00e1s \u00f6sszehasonl\u00edthatatlan \u00e9lm\u00e9nny\u00e9 v\u00e1lik, s\u0171r\u0171, \u00edzletes g\u0151zfelh\u0151vel.\u00a0<strong data-start=\"1885\" data-end=\"1909\">\u00e1ll\u00edthat\u00f3 l\u00e9g\u00e1raml\u00e1s<\/strong>\u00a0Lehet\u0151v\u00e9 teszi a felhaszn\u00e1l\u00f3 sz\u00e1m\u00e1ra, hogy saj\u00e1t preferenci\u00e1i szerint \u00e1ll\u00edtsa be a l\u00e9g\u00e1ram intenzit\u00e1s\u00e1t, ami tov\u00e1bb fokozza az \u00e9lvezetet.<\/p>\n<p data-start=\"2035\" data-end=\"2482\">A\u00a0<strong data-start=\"2039\" data-end=\"2083\">Arymi IFun 28000 h\u00faz\u00e1sos eldobhat\u00f3 e-cigaretta<\/strong>\u00a0praktikus egyedi csomagol\u00e1sban kaphat\u00f3\u00a0<strong data-start=\"2132\" data-end=\"2151\">120 g darabonk\u00e9nt<\/strong>\u00a0\u00e9s egy csomagban ker\u00fcl forgalomba\u00a0<strong data-start=\"2182\" data-end=\"2194\">10 darab<\/strong>\u00a0Sz\u00e1ll\u00edtva.  Az \u00fcgyfelek sz\u00e1m\u00e1ra egyszer\u0171 v\u00e1s\u00e1rl\u00e1si \u00e9lm\u00e9ny biztos\u00edt\u00e1sa \u00e9rdek\u00e9ben a\u00a0<strong data-start=\"2271\" data-end=\"2285\">Arymi IFun<\/strong>\u00a0egy kartondobozban is\u00a0<strong data-start=\"2311\" data-end=\"2324\">200 darab<\/strong>\u00a0Felaj\u00e1nlva. Ez az e-cigaretta ide\u00e1lis a mindennapi haszn\u00e1latra \u00e9s kiv\u00e1l\u00f3 egyens\u00falyt ny\u00fajt a teljes\u00edtm\u00e9ny, a hordozhat\u00f3s\u00e1g \u00e9s a felhaszn\u00e1l\u00f3bar\u00e1ts\u00e1g k\u00f6z\u00f6tt.<\/p>\n<hr data-start=\"2484\" data-end=\"2487\" \/>\n<h3 data-start=\"2489\" data-end=\"2553\"><strong data-start=\"2492\" data-end=\"2553\">Kulcsfontoss\u00e1g\u00fa jellemz\u0151k  Arymi IFun 28000 h\u00faz\u00e1s\u00fa  eldobhat\u00f3  e-cigaretta<\/strong><\/h3>\n<ul data-start=\"2555\" data-end=\"3348\">\n<li data-start=\"2555\" data-end=\"2730\"><strong data-start=\"2557\" data-end=\"2596\">Leny\u0171g\u00f6z\u0151 Puff Sz\u00e1m (28.000 sz\u00edv\u00e1s)<\/strong>\u00a0\u2013 A piacon az egyik legmagasabb sz\u00e1mmal az IFun 28000 ak\u00e1r 28 000 sz\u00edv\u00e1st is lehet\u0151v\u00e9 tesz a hossz\u00fa t\u00e1v\u00fa g\u0151z\u00f6l\u00e9si \u00e9lm\u00e9ny \u00e9rdek\u00e9ben.<\/li>\n<li data-start=\"2731\" data-end=\"2884\"><strong data-start=\"2733\" data-end=\"2778\">\u00dajrat\u00f6lthet\u0151 akkumul\u00e1tor Type-C t\u00f6lt\u00e9ssel<\/strong>\u00a0Gyakorlati\u00a0<strong data-start=\"2792\" data-end=\"2815\">Type-C t\u00f6lt\u00e9si funkci\u00f3<\/strong>\u00a0Biztos\u00edtja a gyors \u00e9s egyszer\u0171 felt\u00f6lt\u00e9st\u00a0<strong data-start=\"2863\" data-end=\"2883\">600 mAh akkumul\u00e1tor<\/strong>.<\/li>\n<li data-start=\"2885\" data-end=\"2963\"><strong data-start=\"2887\" data-end=\"2914\">30 ml e-folyad\u00e9k kapacit\u00e1s<\/strong>\u00a0Hosszabb ideig tart\u00f3 \u00e9lvezet \u00fajrat\u00f6lt\u00e9s n\u00e9lk\u00fcl.<\/li>\n<li data-start=\"2964\" data-end=\"3106\"><strong data-start=\"2966\" data-end=\"3018\">Pr\u00e9mium h\u00e1l\u00f3tekercs az intenz\u00edv \u00edz\u00e9rt<\/strong>\u00a0- A\u00a0<strong data-start=\"3025\" data-end=\"3043\">Du\u00e1lis Mesh Tekercs<\/strong>\u00a0Biztos\u00edtja a leveg\u0151 egyenletes \u00e1raml\u00e1s\u00e1t \u00e9s maximaliz\u00e1lja az \u00edzt.<\/li>\n<li data-start=\"3107\" data-end=\"3203\"><strong data-start=\"3109\" data-end=\"3133\">\u00c1ll\u00edthat\u00f3 l\u00e9g\u00e1raml\u00e1s<\/strong>\u00a0Optimaliz\u00e1lja a huzal viselked\u00e9s\u00e9t a szem\u00e9lyre szabott vaporiz\u00e1ci\u00f3s \u00e9lm\u00e9ny \u00e9rdek\u00e9ben.<\/li>\n<li data-start=\"3204\" data-end=\"3348\"><strong data-start=\"3206\" data-end=\"3228\">Sz\u00e1mos aroma<\/strong>\u00a0- A\u00a0<strong data-start=\"3235\" data-end=\"3255\">Arymi IFun 28000<\/strong>\u00a0Sz\u00e9les \u00edzv\u00e1laszt\u00e9kot k\u00edn\u00e1l, bele\u00e9rtve a Rainbow Candy \u00e9s az Energy Drink-et is.<\/li>\n<\/ul>\n<hr data-start=\"3350\" data-end=\"3353\" \/>\n<h3 data-start=\"3355\" data-end=\"3398\"><strong data-start=\"3358\" data-end=\"3398\">R\u00e9szletes le\u00edr\u00e1s az \u00edzekr\u0151l<\/strong><\/h3>\n<p data-start=\"3400\" data-end=\"3652\">A\u00a0<strong data-start=\"3404\" data-end=\"3414\">Arom\u00e1k<\/strong>\u00a0a\u00a0<strong data-start=\"3419\" data-end=\"3463\">Arymi IFun 28000 h\u00faz\u00e1sos eldobhat\u00f3 e-cigaretta<\/strong>\u00a0\u00cdzletes v\u00e1ltozatoss\u00e1got k\u00edn\u00e1lnak, amely m\u00e9g a legig\u00e9nyesebb g\u0151z\u00f6l\u0151ket is kiel\u00e9g\u00edti. Az al\u00e1bbiakban r\u00e9szletes le\u00edr\u00e1st tal\u00e1l a legn\u00e9pszer\u0171bb \u00edzekr\u0151l:<\/p>\n<h4 data-start=\"3654\" data-end=\"3675\"><strong data-start=\"3658\" data-end=\"3675\">Sziv\u00e1rv\u00e1nyos Cukorka<\/strong><\/h4>\n<p data-start=\"3677\" data-end=\"4156\">A\u00a0<strong data-start=\"3681\" data-end=\"3698\">Sziv\u00e1rv\u00e1nyos Cukorka<\/strong>Ez az \u00edzes\u00edt\u00e9si v\u00e1ltozat val\u00f3ban az arom\u00e1k mesterm\u0171ve. K\u00e9pzeljen el egy sz\u00ednes kever\u00e9ket k\u00fcl\u00f6nb\u00f6z\u0151 gy\u00fcm\u00f6lcs\u00f6s cukork\u00e1kb\u00f3l - az savas citrusos jegyekt\u0151l az \u00e9des eperig \u00e9s csereszny\u00e9ig. Minden ilyen e-cigaretta sz\u00edv\u00e1s felfedez egy sz\u00ednes kavalk\u00e1dot a gy\u00fcm\u00f6lcs\u00f6s arom\u00e1kb\u00f3l, amely a sz\u00e1jpadl\u00e1st \u00e9dess\u00e9ggel \u00e9s friss\u00edt\u0151 frissess\u00e9ggel k\u00e9nyezteti. Az \u00edz hossz\u00fa ideig megmarad a sz\u00edv\u00e1s ut\u00e1n, \u00e9s \u00edgy biztos\u00edtja a t\u00f6k\u00e9letes g\u0151z\u00f6l\u00e9si \u00e9lm\u00e9nyt.<\/p>\n<p data-start=\"4158\" data-end=\"4406\">Ez a gy\u00fcm\u00f6lcs\u00f6s \u00e9dess\u00e9gek kever\u00e9ke eml\u00e9keztet a n\u00e9pszer\u0171 sziv\u00e1rv\u00e1nyos cukork\u00e1kra, \u00e9s elmer\u00edti \u00d6nt gyermekkor\u00e1nak eml\u00e9keiben. T\u00f6k\u00e9letes v\u00e1laszt\u00e1s mindazok sz\u00e1m\u00e1ra, akik \u00e9des, de nem t\u00fal neh\u00e9z \u00edzt keresnek.<\/p>\n<h4 data-start=\"4408\" data-end=\"4428\"><strong data-start=\"4412\" data-end=\"4428\">Energiaital<\/strong><\/h4>\n<p data-start=\"4430\" data-end=\"4878\">Azok sz\u00e1m\u00e1ra, akik szeretik az \u00e9l\u00e9nk\u00edt\u0151 energiaital \u00edz\u00e9t, aj\u00e1nlja a\u00a0<strong data-start=\"4514\" data-end=\"4558\">Arymi IFun 28000 h\u00faz\u00e1sos eldobhat\u00f3 e-cigaretta<\/strong>\u00a0Egy klasszikus energiaital arom\u00e1ja. Ez az \u00edzes\u00edt\u00e9s friss citrusos jegyeket \u00f6tv\u00f6z egy \u00e9des bogy\u00f3s illat \u00e1rnyalat\u00e1val, ami \u00e9l\u00e9nk\u00edt\u0151, friss \u00e9rz\u00e9st k\u00f6lcs\u00f6n\u00f6z a g\u0151z\u00f6l\u00e9snek.  Az \u00edz eml\u00e9keztet egy j\u00f3l leh\u0171t\u00f6tt ital cs\u00edp\u0151s frissess\u00e9g\u00e9re, amely energi\u00e1t \u00e9s vitalit\u00e1st k\u00f6zvet\u00edt.<\/p>\n<p data-start=\"4880\" data-end=\"5187\">Ez az \u00edz ide\u00e1lis azok sz\u00e1m\u00e1ra, akik energial\u00f6ketet keresnek, \u00e9s a klasszikus doh\u00e1ny\u00edzekn\u00e9l friss\u00edt\u0151bb alternat\u00edv\u00e1t r\u00e9szes\u00edtenek el\u0151nyben. Az \u00e9dess\u00e9g \u00e9s a savass\u00e1g k\u00f6z\u00f6tti egyens\u00faly biztos\u00edtja az egyenletes, nem t\u00fal intenz\u00edv g\u0151z\u00f6l\u00e9st, amely minden pillanatot k\u00fcl\u00f6nleges \u00e9lvezett\u00e9 tesz.<\/p>\n<h2 data-start=\"0\" data-end=\"91\"><img loading=\"lazy\" decoding=\"async\" class=\"alignnone wp-image-2302 size-full\" title=\"Arymi IFun 28000 h\u00faz\u00e1s egyszerhaszn\u00e1latos e-cigaretta - Rainbow cukorka - Energy Drink 2\" src=\"https:\/\/alfakher24h.de\/wp-content\/uploads\/2025\/03\/all1.webp\" sizes=\"auto, (max-width: 904px) 100vw, 904px\" srcset=\"https:\/\/alfakher24h.de\/wp-content\/uploads\/2025\/03\/all1.webp 904w, https:\/\/alfakher24h.de\/wp-content\/uploads\/2025\/03\/all1-212x300.webp 212w, https:\/\/alfakher24h.de\/wp-content\/uploads\/2025\/03\/all1-723x1024.webp 723w, https:\/\/alfakher24h.de\/wp-content\/uploads\/2025\/03\/all1-768x1087.webp 768w, https:\/\/alfakher24h.de\/wp-content\/uploads\/2025\/03\/all1-8x12.webp 8w, https:\/\/alfakher24h.de\/wp-content\/uploads\/2025\/03\/all1-600x850.webp 600w\" alt=\"Arymi IFun 28000 h\u00faz\u00e1s egyszerhaszn\u00e1latos E-cigaretta - Rainbow cukorka - Energiaital\" width=\"904\" height=\"1280\" \/><\/h2>\n<hr data-start=\"4635\" data-end=\"4638\" \/>\n<h3 data-start=\"5194\" data-end=\"5270\"><strong data-start=\"5197\" data-end=\"5270\">Mi\u00e9rt \u00e9rdemes megv\u00e1s\u00e1rolni az Arymi IFun 28000 Z\u00fcge eldobhat\u00f3 e-cigarett\u00e1t<\/strong><\/h3>\n<p data-start=\"5272\" data-end=\"5406\">A\u00a0<strong data-start=\"5276\" data-end=\"5320\">Arymi IFun 28000 h\u00faz\u00e1sos eldobhat\u00f3 e-cigaretta<\/strong>\u00a0Sz\u00e1mos el\u0151nyt k\u00edn\u00e1l, amelyek miatt sok g\u0151z\u00f6s sz\u00e1m\u00e1ra a legjobb v\u00e1laszt\u00e1s:<\/p>\n<ul data-start=\"5408\" data-end=\"6253\">\n<li data-start=\"5408\" data-end=\"5565\"><strong data-start=\"5410\" data-end=\"5427\">Tart\u00f3ss\u00e1g<\/strong>: Legfeljebb\u00a0<strong data-start=\"5440\" data-end=\"5456\">28 000 vonatb\u00f3l<\/strong>\u00a0Ez az eldobhat\u00f3 vape rendk\u00edv\u00fcl hossz\u00fa \u00e9lettartamot k\u00edn\u00e1l m\u00e1s eldobhat\u00f3 e-cigarett\u00e1khoz k\u00e9pest.<\/li>\n<li data-start=\"5566\" data-end=\"5743\"><strong data-start=\"5568\" data-end=\"5586\">Sokoldal\u00fas\u00e1g<\/strong>: A\u00a0<strong data-start=\"5592\" data-end=\"5616\">\u00e1ll\u00edthat\u00f3 l\u00e9g\u00e1raml\u00e1s<\/strong>\u00a0Lehet\u0151v\u00e9 teszi, hogy a g\u0151z\u00f6l\u00e9st az \u00d6n preferenci\u00e1i szerint alak\u00edtsa, az enyhe \u00e9s intenz\u00edvebb \u00e9lm\u00e9nyig.<\/li>\n<li data-start=\"5744\" data-end=\"5876\"><strong data-start=\"5746\" data-end=\"5757\">K\u00e9nyelem<\/strong>: A\u00a0<strong data-start=\"5763\" data-end=\"5783\">600 mAh akkumul\u00e1tor<\/strong>\u00a0\u00e9s a\u00a0<strong data-start=\"5792\" data-end=\"5816\">Type-C t\u00f6lt\u0151csatlakoz\u00f3<\/strong>\u00a0Az adatok felt\u00f6lt\u00e9se\u00a0<strong data-start=\"5841\" data-end=\"5849\">Vape<\/strong>\u00a0Gyors \u00e9s egyszer\u0171.<\/li>\n<li data-start=\"5877\" data-end=\"6050\"><strong data-start=\"5879\" data-end=\"5899\">Pr\u00e9mium min\u0151s\u00e9g<\/strong>: Egy\u00a0<strong data-start=\"5911\" data-end=\"5933\">E-Liquid kapacit\u00e1s<\/strong>\u00a0-t\u00f3l \n-t\u0151l\u00a0<strong data-start=\"5938\" data-end=\"5947\">30 ml<\/strong>\u00a0\u00e9s egynek\u00a0<strong data-start=\"5958\" data-end=\"5971\">Mesh Coil<\/strong>\u00a0Ez az e-cigaretta intenz\u00edv \u00edz\u00e9lm\u00e9nyt \u00e9s s\u0171r\u0171 f\u00fcstfelh\u0151ket biztos\u00edt.<\/li>\n<li data-start=\"6051\" data-end=\"6253\"><strong data-start=\"6053\" data-end=\"6071\">K\u00e9nyelem<\/strong>Mivel a\u00a0<strong data-start=\"6080\" data-end=\"6124\">Arymi IFun 28000 h\u00faz\u00e1sos eldobhat\u00f3 e-cigaretta<\/strong>\u00a0m\u00e1r teljesen fel van t\u00f6ltve \u00e9s ezzel\u00a0<strong data-start=\"6168\" data-end=\"6180\">E-Liquid<\/strong>\u00a0T\u00f6lt\u00e9s ut\u00e1n semmi m\u00e1st nem kell tennie, mint \u00e9lvezni a Vape-ot!<\/li>\n<\/ul>\n<p data-start=\"6255\" data-end=\"6413\">Ez az e-cigaretta t\u00f6k\u00e9letes mindazok sz\u00e1m\u00e1ra, akik \u00e9rt\u00e9kelik a min\u0151s\u00e9get, az \u00edzt \u00e9s a felhaszn\u00e1l\u00f3bar\u00e1t kialak\u00edt\u00e1st, \u00e9s hossz\u00fa t\u00e1v\u00fa megold\u00e1st keresnek a g\u0151z\u00f6l\u00e9shez.<\/p>\n<hr data-start=\"6415\" data-end=\"6418\" \/>\n<h3 data-start=\"6420\" data-end=\"6502\"><strong data-start=\"6423\" data-end=\"6502\">GYIK \u2013 Az Arymi IFun 28000 h\u00faz\u00f3s eldobhat\u00f3 e-cigaretta gyakran ism\u00e9telt k\u00e9rd\u00e9sei<\/strong><\/h3>\n<h4 data-start=\"6504\" data-end=\"6572\"><strong data-start=\"6508\" data-end=\"6572\">Mennyi ideig tart az Arymi IFun 28000 h\u00faz\u00e1sos eldobhat\u00f3 e-cigaretta?<\/strong><\/h4>\n<p data-start=\"6573\" data-end=\"6814\">A\u00a0<strong data-start=\"6577\" data-end=\"6621\">Arymi IFun 28000 h\u00faz\u00e1sos eldobhat\u00f3 e-cigaretta<\/strong>\u00a0tart ak\u00e1r\u00a0<strong data-start=\"6634\" data-end=\"6649\">28 000 vonat<\/strong>ami miatt az egyik leghosszabb \u00e9lettartam\u00fa eldobhat\u00f3 vape-k\u00e9nt ker\u00fcl be a piacra. A hossz\u00fa \u00e9lettartam biztos\u00edtja, hogy ne kelljen folyamatosan \u00faj vape-ot keresnie.<\/p>\n<h4 data-start=\"6816\" data-end=\"6861\"><strong data-start=\"6820\" data-end=\"6861\">Az Arymi IFun 28000 nikotint tartalmaz?<\/strong><\/h4>\n<p data-start=\"6862\" data-end=\"7032\">Igen, a\u00a0<strong data-start=\"6870\" data-end=\"6914\">Arymi IFun 28000 h\u00faz\u00e1sos eldobhat\u00f3 e-cigaretta<\/strong>\u00a0tartalmaz\u00a0<strong data-start=\"6923\" data-end=\"6938\">2 % Nikotin \n\n(Megjegyz\u00e9s: Nem sz\u00fcks\u00e9ges ford\u00edt\u00e1s, ez\u00e9rt visszat\u00e9r az eredeti sz\u00f6veg)\n2 % Nikotin<\/strong>, ami ide\u00e1liss\u00e1 teszi \u0151ket azok sz\u00e1m\u00e1ra, akik a klasszikus cigarettah\u00faz\u00e1s \u00e9rz\u00e9s\u00e9re v\u00e1gynak.<\/p>\n<h4 data-start=\"7034\" data-end=\"7093\"><strong data-start=\"7038\" data-end=\"7093\">Az Arymi IFun 28000 \u00fajrat\u00f6lthet\u0151?<\/strong><\/h4>\n<p data-start=\"7094\" data-end=\"7265\">Igen, a\u00a0<strong data-start=\"7102\" data-end=\"7122\">Arymi IFun 28000<\/strong>\u00a0rendelkezik egy\u00a0<strong data-start=\"7141\" data-end=\"7170\">\u00fajrat\u00f6lthet\u0151 akkumul\u00e1tor<\/strong>\u00a0egy\u00fctt egy\u00a0<strong data-start=\"7181\" data-end=\"7205\">Type-C t\u00f6lt\u0151csatlakoz\u00f3<\/strong>\u00edgy sz\u00fcks\u00e9g eset\u00e9n k\u00e9nyelmesen felt\u00f6ltheti az akkumul\u00e1tort.<\/p>\n<h4 data-start=\"7267\" data-end=\"7304\"><strong data-start=\"7271\" data-end=\"7304\">Milyen arom\u00e1k \u00e9rhet\u0151k el?<\/strong><\/h4>\n<p data-start=\"7305\" data-end=\"7487\">Jelenleg a  szolg\u00e1ltat\u00e1s  nem \u00e9rhet\u0151 el.\u00a0<strong data-start=\"7324\" data-end=\"7368\">Arymi IFun 28000 h\u00faz\u00e1sos eldobhat\u00f3 e-cigaretta<\/strong>\u00a0az arom\u00e1k\u00a0<strong data-start=\"7380\" data-end=\"7397\">Sziv\u00e1rv\u00e1nyos Cukorka<\/strong>\u00a0\u00e9s\u00a0<strong data-start=\"7402\" data-end=\"7418\">Energiaital<\/strong>Mindk\u00e9t \u00edz egyed\u00fcl\u00e1ll\u00f3 \u00e9s finom g\u0151z\u00f6l\u00e9si \u00e9lm\u00e9nyt ny\u00fajt.<\/p>\n<hr data-start=\"7489\" data-end=\"7492\" \/>\n<p data-start=\"7494\" data-end=\"7767\" data-is-last-node=\"\">Egy egyszer\u0171 \u00e9s gyors rendel\u00e9shez\u00a0<strong data-start=\"7540\" data-end=\"7584\">Arymi IFun 28000 h\u00faz\u00e1sos eldobhat\u00f3 e-cigaretta<\/strong>\u00a0Egyszer\u0171en l\u00e1togasson el<a href=\"https:\/\/alfakher24h.de\/hu\/\"> alfakher24h.de<\/a>A legnagyobb v\u00e1laszt\u00e9kot k\u00edn\u00e1ljuk \u00d6nnek\u00a0<strong data-start=\"7666\" data-end=\"7704\">Egyszer haszn\u00e1latos e-cigarett\u00e1k N\u00e9metorsz\u00e1gban<\/strong>\u00a0\u00e9s gyors sz\u00e1ll\u00edt\u00e1st \u00e9s biztons\u00e1gos fizet\u00e9st garant\u00e1lunk.<\/p>","protected":false},"excerpt":{"rendered":"<p><strong data-start=\"7540\" data-end=\"7584\">Arymi IFun 28000 h\u00faz\u00e1sos eldobhat\u00f3 e-cigaretta<\/strong>\u00a0L\u00e1togassa meg egyszer\u0171en az alfakher24h.de oldalt.  A legnagyobb v\u00e1laszt\u00e9kot k\u00edn\u00e1ljuk \u00d6nnek\u00a0<strong data-start=\"7666\" data-end=\"7704\">Egyszer haszn\u00e1latos e-cigarett\u00e1k N\u00e9metorsz\u00e1gban<\/strong>\u00a0\u00e9s gyors sz\u00e1ll\u00edt\u00e1st \u00e9s biztons\u00e1gos fizet\u00e9st garant\u00e1lunk.<\/p>","protected":false},"featured_media":1750,"comment_status":"open","ping_status":"closed","template":"","meta":{"om_disable_all_campaigns":false},"product_brand":[],"product_cat":[45],"product_tag":[],"class_list":{"0":"post-1749","1":"product","2":"type-product","3":"status-publish","4":"has-post-thumbnail","6":"product_cat-arymi-ifun-28000","8":"first","9":"outofstock","10":"shipping-taxable","11":"purchasable","12":"product-type-simple"},"_links":{"self":[{"href":"https:\/\/alfakher24h.de\/hu\/wp-json\/wp\/v2\/product\/1749","targetHints":{"allow":["GET"]}}],"collection":[{"href":"https:\/\/alfakher24h.de\/hu\/wp-json\/wp\/v2\/product"}],"about":[{"href":"https:\/\/alfakher24h.de\/hu\/wp-json\/wp\/v2\/types\/product"}],"replies":[{"embeddable":true,"href":"https:\/\/alfakher24h.de\/hu\/wp-json\/wp\/v2\/comments?post=1749"}],"wp:featuredmedia":[{"embeddable":true,"href":"https:\/\/alfakher24h.de\/hu\/wp-json\/wp\/v2\/media\/1750"}],"wp:attachment":[{"href":"https:\/\/alfakher24h.de\/hu\/wp-json\/wp\/v2\/media?parent=1749"}],"wp:term":[{"taxonomy":"product_brand","embeddable":true,"href":"https:\/\/alfakher24h.de\/hu\/wp-json\/wp\/v2\/product_brand?post=1749"},{"taxonomy":"product_cat","embeddable":true,"href":"https:\/\/alfakher24h.de\/hu\/wp-json\/wp\/v2\/product_cat?post=1749"},{"taxonomy":"product_tag","embeddable":true,"href":"https:\/\/alfakher24h.de\/hu\/wp-json\/wp\/v2\/product_tag?post=1749"}],"curies":[{"name":"wp","href":"https:\/\/api.w.org\/{rel}","templated":true}]}}