{"id":1738,"date":"2025-03-10T04:52:38","date_gmt":"2025-03-10T04:52:38","guid":{"rendered":"https:\/\/alfakher24h.de\/?post_type=product&#038;p=1738"},"modified":"2025-03-10T04:52:38","modified_gmt":"2025-03-10T04:52:38","slug":"httperror-response-code-429-too-many-requests-12","status":"publish","type":"product","link":"https:\/\/alfakher24h.de\/hu\/termek\/httperror-response-code-429-too-many-requests-12\/","title":{"rendered":"Arymi Hookalit 40000 h\u00faz\u00f3 Egyhaszn\u00e1latos E-cigaretta \u2013 Blue Razz Lemonade"},"content":{"rendered":"<h2><strong>Arymi Hookalit 40000 vonatok\u00a0<a href=\"https:\/\/alfakher24h.de\/hu\/\">Eldobhat\u00f3 e-cigaretta<\/a>: A v\u00e9gs\u0151 vaping-\u00e9lm\u00e9ny N\u00e9metorsz\u00e1gban<\/strong><\/h2>\n<div style=\"width: 1020px;\" class=\"wp-video\"><video class=\"wp-video-shortcode\" id=\"video-1738-1\" width=\"1020\" height=\"574\" preload=\"metadata\" controls=\"controls\"><source type=\"video\/mp4\" src=\"https:\/\/alfakher24h.de\/wp-content\/uploads\/2025\/03\/arymi-hookalit-40000-\u89c6\u9891.mp4?_=1\" \/><a href=\"https:\/\/alfakher24h.de\/wp-content\/uploads\/2025\/03\/arymi-hookalit-40000-\u89c6\u9891.mp4\">https:\/\/alfakher24h.de\/wp-content\/uploads\/2025\/03\/arymi-hookalit-40000-\u89c6\u9891.mp4<\/a><\/video><\/div>\n<p>A\u00a0<strong>Arymi Hookalit 40000 h\u00faz\u00e1sos eldobhat\u00f3 e-cigaretta<\/strong>\u00a0leg\u00fajabb innov\u00e1ci\u00f3 a ter\u00fclet\u00e9n\u00a0<strong>Eldobhat\u00f3 e-cigarett\u00e1k<\/strong>\u00a0\u00e9s k\u00edn\u00e1l a vape rajong\u00f3knak in\u00a0<strong>N\u00e9metorsz\u00e1g<\/strong>\u00a0egy \u00f6sszehasonl\u00edthatatlan \u00e9lm\u00e9ny. Egy leny\u0171g\u00f6z\u0151 kapacit\u00e1ssal rendelkez\u0151\u00a0<strong>40 ml E-Liquid<\/strong>\u00a0\u00e9s sz\u00e1mos funkci\u00f3val ez az egyszer haszn\u00e1latos vape sokkal t\u00f6bb, mint egy praktikus eszk\u00f6z - ez egy olyan \u00e9lm\u00e9ny, amely mind a kezd\u0151ket, mind a tapasztalt g\u0151z\u00f6l\u0151ket leny\u0171g\u00f6zi majd. Ez az egyszer haszn\u00e1latos e-cigaretta\u00a0<strong>Nikotin<\/strong>\u00a0Minden, amire sz\u00fcks\u00e9ged van egy k\u00e9nyelmes \u00e9s kellemes g\u0151z\u00f6l\u00e9shez - a magas sz\u00e1m\u00fa sz\u00edv\u00e1st\u00f3l az extr\u00e9m hiteles arom\u00e1kig.<\/p>\n<h3><strong>Term\u00e9kle\u00edr\u00e1s:<\/strong><\/h3>\n<p>A\u00a0<strong>Arymi Hookalit 40000 h\u00faz\u00e1sos eldobhat\u00f3 e-cigaretta<\/strong>\u00a0fordul\u00f3pontot jelent a p\u00e1rologtat\u00e1s vil\u00e1g\u00e1ban. Ezt az egyszer haszn\u00e1latos vape-ot kifejezetten \u00fagy tervezt\u00e9k, hogy hossz\u00fa t\u00e1v\u00fa \u00e9s m\u00e9gis egyszer\u0171en haszn\u00e1lhat\u00f3 megold\u00e1st ny\u00fajtson a p\u00e1rologtat\u00f3knak. Ide\u00e1lis a napi haszn\u00e1latra, ak\u00e1r\u00a0<strong>40 000 vonat<\/strong>\u00a0amikor\u00a0<strong>MTL (sz\u00e1jb\u00f3l a t\u00fcd\u0151be)<\/strong>\u00a0Doh\u00e1nyz\u00e1s \u00e9s ak\u00e1r\u00a0<strong>20 000 vonat<\/strong>\u00a0amikor\u00a0<strong>DL (Direct to Lung)<\/strong>\u00a0P\u00e1rolni. A-val\u00a0<strong>be\u00e9p\u00edtett 1300mAh akkumul\u00e1tor<\/strong>-Kapacit\u00e1s \u00e9s egy\u00a0<strong>USB Type-C t\u00f6lt\u0151csatlakoz\u00f3<\/strong>\u00a0\u00f3r\u00e1kon \u00e1t tart\u00f3 \u00e9lvezetet biztos\u00edt.<\/p>\n<p>Egy kiemelked\u0151 jellemz\u0151je a\u00a0<strong>Arymi Hookalit 40000<\/strong>\u00a0felhaszn\u00e1l\u00f3bar\u00e1t kialak\u00edt\u00e1s\u00e1nak k\u00f6sz\u00f6nhet\u0151en.\u00a0<strong>Kivon\u00e1s-aktiv\u00e1lt<\/strong>\u00a0A technol\u00f3gia lehet\u0151v\u00e9 teszi a g\u0151z aktiv\u00e1l\u00e1s\u00e1t egyszer\u0171 h\u00faz\u00e1ssal, ami minden felhaszn\u00e1l\u00f3 sz\u00e1m\u00e1ra intuit\u00edvv\u00e1 teszi a haszn\u00e1latot. Ezenk\u00edv\u00fcl a l\u00e9g\u00e1raml\u00e1s tetsz\u00e9s szerint \u00e1ll\u00edthat\u00f3, \u00edgy az MTL \u00e9s a DL g\u0151z\u00f6l\u0151k is megtal\u00e1lj\u00e1k a sz\u00e1m\u00edt\u00e1sukat.<\/p>\n<p>De m\u00e9g nem minden. A\u00a0<strong>0,6 ohmos Lit Mesh tekercs<\/strong>\u00a0biztos\u00edtja a egyenletes \u00e9s intenz\u00edv g\u0151zt, ami minden h\u00faz\u00e1st \u00e9lvezett\u00e9 tesz. A\u00a0<strong>hiteles v\u00edzipipa \u00edzek<\/strong>\u00a0biztos\u00edtj\u00e1k, hogy \u00fagy \u00e9rezze mag\u00e1t, mintha egy hagyom\u00e1nyos shisha-lounge-ban lenne. K\u00fcl\u00f6n\u00f6sen figyelemre m\u00e9lt\u00f3 az\u00a0<strong>Blue Razz Lemonade<\/strong>Egy friss\u00edt\u0151en \u00e9des \u00e9s enyh\u00e9n savanyk\u00e1s \u00edzkombin\u00e1ci\u00f3t biztos\u00edt\u00f3 aroma.<\/p>\n<h3><strong>Funkci\u00f3k der <a href=\"https:\/\/alfakher24h.de\/hu\/\">Arymi<\/a> Hookalit 40 000 Z\u00fcge <a href=\"https:\/\/alfakher24h.de\/hu\/\">Eldobhat\u00f3 e-cigaretta<\/a><\/strong><\/h3>\n<ul>\n<li><strong>Nagy e-folyad\u00e9k kapacit\u00e1s<\/strong>: 40 ml - ide\u00e1lis a hossz\u00fa ideig tart\u00f3 \u00e9lvezethez<\/li>\n<li><strong>Hossz\u00fa \u00e9lettartam<\/strong>: K\u00f6r\u00fclbel\u00fcl 40.000 vonat (MTL) illetve 20.000 vonat (DL)<\/li>\n<li><strong>Teljes\u00edtm\u00e9ny\u0171 akkumul\u00e1tor<\/strong>: 1300 mAh integr\u00e1lt akkumul\u00e1tor \u00f3r\u00e1s haszn\u00e1lat\u00e9rt<\/li>\n<li><strong>K\u00f6nnyen haszn\u00e1lhat\u00f3<\/strong>: Rajzol\u00e1s k\u00f6zbeni aktiv\u00e1l\u00e1s (Automatikus aktiv\u00e1l\u00e1s h\u00faz\u00e1s k\u00f6zben)<\/li>\n<li><strong>USB Type-C t\u00f6lt\u0151aljzat<\/strong>: Egyszer\u0171 akkumul\u00e1tor t\u00f6lt\u00e9s (t\u00f6lt\u0151k\u00e1bel nem tartoz\u00e9k)<\/li>\n<li><strong>Eredeti shisha \u00edzek<\/strong>: T\u00f6k\u00e9letes a DTL g\u0151z\u00f6l\u00e9shez<\/li>\n<li><strong>Nikotiner\u0151ss\u00e9g<\/strong>: 0,5 % (5 mg\/ml) \u2013 f\u00fcr einen angenehmen Nikotinschub<\/li>\n<li><strong>Mesh-Coil technol\u00f3gia<\/strong>: 0,6 Ohm Lit Mesh Coil intenz\u00edv g\u0151z\u00f6l\u00e9shez<\/li>\n<li><strong>\u00c1ll\u00edthat\u00f3 l\u00e9g\u00e1raml\u00e1s<\/strong>: \u00c1ll\u00edthat\u00f3 MTL vagy DL g\u0151z\u00f6l\u00e9shez<\/li>\n<li><strong>Trinkhalm-\u00e4hnliche Spitze \nnem ig\u00e9nyel ford\u00edt\u00e1st<\/strong>: Ergonomikus kialak\u00edt\u00e1s a k\u00e9nyelmes g\u0151z\u00f6l\u00e9shez<\/li>\n<li><strong>Egyszer\u0171 k\u00e9perny\u0151<\/strong>: K\u00f6nnyen \u00e9rthet\u0151 digit\u00e1lis kijelz\u0151<\/li>\n<\/ul>\n<h3><strong>\u00cdzek - Az \u00edz\u00e9lm\u00e9ny<\/strong><\/h3>\n<p>A\u00a0<strong>Arymi Hookalit 40000 h\u00faz\u00e1sos eldobhat\u00f3 e-cigaretta<\/strong>\u00a0egy sz\u00e9les sk\u00e1l\u00e1j\u00e1t k\u00edn\u00e1lja a finom \u00e9teleknek\u00a0<strong>Arom\u00e1k<\/strong>amely \u00e9rz\u00e9keidet utaz\u00e1sra k\u00fcldi. A\u00a0<strong>Blue Razz Lemonade<\/strong>\u00a0Az Aroma abszol\u00fat kedvenc a g\u0151z\u00f6l\u00e9s szerelmesei k\u00f6r\u00e9ben, \u00e9s friss\u00edt\u0151en gy\u00fcm\u00f6lcs\u00f6s \u00e9lm\u00e9nyt ny\u00fajt, ami egyszerre \u00e9des \u00e9s enyh\u00e9n savanyk\u00e1s. Ez az aroma t\u00f6k\u00e9letes a ny\u00e1rra, \u00e9s azt az \u00e9rz\u00e9st kelti benned, mintha egy sz\u00e9nsavas limon\u00e1d\u00e9t inn\u00e1l egy extra adag \u00e1fony\u00e1val.<\/p>\n<h4><strong>Blue Razz Lemonade \u2013 Egy friss\u00edt\u0151 \u00edz\u00e9lm\u00e9ny<\/strong><\/h4>\n<p>A\u00a0<strong>Blue Razz Lemonade<\/strong>\u00a0Az \u00edz egy harmonikus kombin\u00e1ci\u00f3ja a gy\u00fcm\u00f6lcs\u00f6s, \u00e9des \u00e1fony\u00e1s \u00edznek \u00e9s a citromlimon\u00e1d\u00e9 frissess\u00e9g\u00e9nek. M\u00e1r az els\u0151 korty ut\u00e1n intenz\u00edv \u00e1fony\u00e1s jegyekkel k\u00f6sz\u00f6ntenek, amelyek azonnal \u00e1tadj\u00e1k a hely\u00fcket a limon\u00e1d\u00e9 friss\u00edt\u0151 citrusos jegyeinek. Az \u00edz nem t\u00fal \u00e9des, hanem t\u00f6k\u00e9letesen kiegyens\u00falyozott - egy friss\u00edt\u0151 kever\u00e9k, amely azt az \u00e9rz\u00e9st kelti benned, mintha egy poh\u00e1r hideg limon\u00e1d\u00e9t inn\u00e1l egy forr\u00f3 ny\u00e1ri napon.<\/p>\n<p>A vapok sz\u00e1m\u00e1ra, akik a gy\u00fcm\u00f6lcs\u00f6s \u00e9s friss\u00edt\u0151 arom\u00e1kat r\u00e9szes\u00edtik el\u0151nyben, az\u00a0<strong>Blue Razz Lemonade<\/strong>\u00a0Az Aroma val\u00f3di felfedez\u00e9s. Az \u00edze v\u00e9gig \u00e1lland\u00f3 marad a g\u0151z\u00f6l\u00e9s sor\u00e1n, \u00edgy b\u00e1rmikor kellemes \u00e9s friss\u00edt\u0151 \u00e9lm\u00e9nyben lehet r\u00e9szed.<\/p>\n<p>A\u00a0<strong>Arymi Hookalit 40000<\/strong>\u00a0biztos\u00edtja, hogy az aroma az els\u0151t\u0151l az utols\u00f3 f\u00faj\u00e1sig egyenletesen intenz\u00edv maradjon. A haszn\u00e1lt\u00a0<strong>Mesh-Coil technol\u00f3gia<\/strong>\u00a0Biztos\u00edtja, hogy az \u00edz egyenletesen szabaduljon fel, \u00e9s minden sz\u00edv\u00e1sn\u00e1l teljes \u00e9lvezetet tapasztaljon. Ak\u00e1r \u00fatk\u00f6zben van, ak\u00e1r otthon pihen, ez az aroma mindig friss, gy\u00fcm\u00f6lcs\u00f6s intenzit\u00e1s\u00e1val k\u00eds\u00e9r majd.<\/p>\n<h3><strong>Mi\u00e9rt \u00e9rdemes megv\u00e1s\u00e1rolni az Arymi Hookalit 40000 Z\u00fcge eldobhat\u00f3 e-cigarett\u00e1t<\/strong><\/h3>\n<p>A\u00a0<strong>Arymi Hookalit 40000 h\u00faz\u00e1sos eldobhat\u00f3 e-cigaretta<\/strong>\u00a0Nemcsak hatalmas sz\u00e1m\u00fa vonatot k\u00edn\u00e1l, hanem sz\u00e1mos praktikus funkci\u00f3t is tartalmaz, amelyek a g\u0151z\u00f6l\u00e9st luxuri\u00e1lis \u00e9lm\u00e9nny\u00e9 teszik. Itt van n\u00e9h\u00e1ny ok, mi\u00e9rt \u00e9rdemes kipr\u00f3b\u00e1lnia ezt az eszk\u00f6zt:<\/p>\n<ol>\n<li><strong>Tart\u00f3ss\u00e1g<\/strong>Legfeljebb 40 000 sz\u00edv\u00e1ssal (MTL) \u00e9s kiv\u00e1l\u00f3 akkumul\u00e1tor-kapacit\u00e1ssal hossz\u00fa ideig tart\u00f3 g\u0151z\u00f6l\u00e9sre sz\u00e1m\u00edthatsz, an\u00e9lk\u00fcl, hogy folyamatosan gondolkodnod kellene az ut\u00e1nt\u00f6lt\u00e9sr\u0151l.<\/li>\n<li><strong>Egyszer\u0171 kezel\u00e9s<\/strong>: A\u00a0<strong>Kivon\u00e1s-aktiv\u00e1lt<\/strong>\u00a0A technol\u00f3gia biztos\u00edtja, hogy a vape-ot nagyon egyszer\u0171en haszn\u00e1lhasd, felesleges gombok vagy be\u00e1ll\u00edt\u00e1sok n\u00e9lk\u00fcl.<\/li>\n<li><strong>K\u00fcl\u00f6nb\u00f6z\u0151 \u00edzek<\/strong>: A\u00a0<strong>hiteles v\u00edzipipa \u00edzek<\/strong>\u00a0Egy megfoghatatlan \u00edz\u00e9lm\u00e9nyt k\u00edn\u00e1lnak, amely mindig \u00fajra visszavezet a vonathoz.<\/li>\n<li><strong>\u00c1ll\u00edthat\u00f3 l\u00e9g\u00e1raml\u00e1s<\/strong>: Van lehet\u0151s\u00e9ged a l\u00e9g\u00e1raml\u00e1st a saj\u00e1t ig\u00e9nyeid szerint \u00e1ll\u00edtani, ami a vapiz\u00e1l\u00e1st mind az MTL-, mind a DL-vaperek sz\u00e1m\u00e1ra ide\u00e1liss\u00e1 teszi.<\/li>\n<li><strong>Hordozhat\u00f3 \u00e9s praktikus<\/strong>Kompakt, k\u00e9zben tarthat\u00f3 \u00e9s ide\u00e1lis \u00fatk\u00f6zben \u2013 a\u00a0<strong>Arymi Hookalit 40000<\/strong>\u00a0Illik minden zsebbe \u00e9s b\u00e1rmikor haszn\u00e1latra k\u00e9sz.<\/li>\n<li><strong>Magas nikotintartalom<\/strong>: 5 mg\/ml nikotintartalommal megkapja a k\u00edv\u00e1nt nikotint, an\u00e9lk\u00fcl, hogy az \u00edzvesztes\u00e9g szenvedne.<\/li>\n<\/ol>\n<h3><strong>GYIK az Arymi Hookalit 40000 h\u00faz\u00e1s\u00fa eldobhat\u00f3 e-cigarett\u00e1r\u00f3l<\/strong><\/h3>\n<p><strong>1. H\u00e1ny vonatot k\u00edn\u00e1l az Arymi Hookalit 40000?<\/strong><br \/>\nA\u00a0<strong>Arymi Hookalit 40000<\/strong>\u00a0legfeljebb\u00a0<strong>40 000 vonat<\/strong>\u00a0MTL g\u0151z\u00f6l\u00e9sn\u00e9l \u00e9s\u00a0<strong>20 000 vonat<\/strong>\u00a0DL g\u0151z\u00f6l\u00e9sn\u00e9l.<\/p>\n<p><strong>2. Milyen arom\u00e1k \u00e9rhet\u0151k el az Arymi Hookalit 40000-ben?<\/strong><br \/>\nJelenleg az aroma\u00a0<strong>Blue Razz Lemonade<\/strong>\u00a0El\u00e9rhet\u0151, amely gy\u00fcm\u00f6lcs\u00f6s \u00e9s friss \u00edz\u00e9lm\u00e9nyt ny\u00fajt.<\/p>\n<p><strong>3. Az Arymi Hookalit 40000 \u00fajrat\u00f6lthet\u0151?<\/strong><br \/>\nIgen, a\u00a0<strong>Arymi Hookalit 40000<\/strong>\u00a0j\u00f6n egygel\u00a0<strong>1300 mAh akkumul\u00e1tor<\/strong>\u00a0\u00e9s egynek\u00a0<strong>USB Type-C t\u00f6lt\u0151aljzat<\/strong>\u00a0Egyszer\u0171 t\u00f6lt\u00e9shez.<\/p>\n<p><strong>4. Alkalmas-e az e-cigaretta kezd\u0151k sz\u00e1m\u00e1ra?<\/strong><br \/>\nAbszol\u00fat! A\u00a0<strong>Arymi Hookalit 40000<\/strong>\u00a0az \u0151 k\u00f6sz\u00f6nhet\u0151en\u00a0<strong>Kivon\u00e1s-aktiv\u00e1lt<\/strong>\u00a0A technol\u00f3gia \u00e9s az egyszer\u0171 kialak\u00edt\u00e1s miatt szint\u00e9n ide\u00e1lis kezd\u0151k sz\u00e1m\u00e1ra.<\/p>\n<p><strong>5. Az Arymi Hookalit 40000 nikotintartalma milyen er\u0151s?<\/strong><br \/>\nA nikotintartalma\u00a0<strong>5 mg\/ml (0,51 TP3T)<\/strong>, amely kellemes, de \u00e9rezhet\u0151 nikotinl\u00f6ketet ad.<\/p>\n<h3><strong>V\u00e1s\u00e1rolja meg Arymi Hookalit 40000 h\u00faz\u00e1s eldobhat\u00f3 e-cigarett\u00e1j\u00e1t <a href=\"https:\/\/alfakher24h.de\/hu\/\">alfakher24h.de<\/a><\/strong><\/h3>\n<p>Ha legjobb ut\u00e1n kutatsz\u00a0<strong>Eldobhat\u00f3 e-cigaretta<\/strong>\u00a0in\u00a0<strong>N\u00e9metorsz\u00e1g<\/strong>\u00a0akkor megtal\u00e1lod a\u00a0<strong>Arymi Hookalit 40000 h\u00faz\u00e1sos eldobhat\u00f3 e-cigaretta<\/strong> az alfakher24h.de oldalon,  a legnagyobb platformj\u00e1n\u00a0<strong>Eldobhat\u00f3 Vape-ok<\/strong>\u00a0N\u00e9metorsz\u00e1gban. Gy\u0151z\u0151dj\u00f6n meg saj\u00e1t maga a hossz\u00fa \u00e9lettartamr\u00f3l, a nagyszer\u0171 \u00edzekr\u0151l \u00e9s a k\u00f6nny\u0171 kezelhet\u0151s\u00e9gr\u0151l - rendeljen m\u00e9g ma!<\/p>","protected":false},"excerpt":{"rendered":"<p>Ha legjobb ut\u00e1n kutatsz\u00a0<strong>Eldobhat\u00f3 e-cigaretta<\/strong>\u00a0in\u00a0<strong>N\u00e9metorsz\u00e1g<\/strong>\u00a0akkor megtal\u00e1lod a\u00a0<strong>Arymi Hookalit 40000 h\u00faz\u00e1sos eldobhat\u00f3 e-cigaretta<\/strong> az alfakher24h.de oldalon,  a legnagyobb platformj\u00e1n\u00a0<strong>Eldobhat\u00f3 Vape-ok<\/strong>\u00a0N\u00e9metorsz\u00e1gban<\/p>","protected":false},"featured_media":1739,"comment_status":"open","ping_status":"closed","template":"","meta":{"om_disable_all_campaigns":false},"product_brand":[],"product_cat":[44],"product_tag":[],"class_list":{"0":"post-1738","1":"product","2":"type-product","3":"status-publish","4":"has-post-thumbnail","6":"product_cat-arymi-hookalit-40000","8":"first","9":"instock","10":"shipping-taxable","11":"purchasable","12":"product-type-simple"},"_links":{"self":[{"href":"https:\/\/alfakher24h.de\/hu\/wp-json\/wp\/v2\/product\/1738","targetHints":{"allow":["GET"]}}],"collection":[{"href":"https:\/\/alfakher24h.de\/hu\/wp-json\/wp\/v2\/product"}],"about":[{"href":"https:\/\/alfakher24h.de\/hu\/wp-json\/wp\/v2\/types\/product"}],"replies":[{"embeddable":true,"href":"https:\/\/alfakher24h.de\/hu\/wp-json\/wp\/v2\/comments?post=1738"}],"wp:featuredmedia":[{"embeddable":true,"href":"https:\/\/alfakher24h.de\/hu\/wp-json\/wp\/v2\/media\/1739"}],"wp:attachment":[{"href":"https:\/\/alfakher24h.de\/hu\/wp-json\/wp\/v2\/media?parent=1738"}],"wp:term":[{"taxonomy":"product_brand","embeddable":true,"href":"https:\/\/alfakher24h.de\/hu\/wp-json\/wp\/v2\/product_brand?post=1738"},{"taxonomy":"product_cat","embeddable":true,"href":"https:\/\/alfakher24h.de\/hu\/wp-json\/wp\/v2\/product_cat?post=1738"},{"taxonomy":"product_tag","embeddable":true,"href":"https:\/\/alfakher24h.de\/hu\/wp-json\/wp\/v2\/product_tag?post=1738"}],"curies":[{"name":"wp","href":"https:\/\/api.w.org\/{rel}","templated":true}]}}