{"id":1732,"date":"2025-03-10T04:35:15","date_gmt":"2025-03-10T04:35:15","guid":{"rendered":"https:\/\/alfakher24h.de\/?post_type=product&#038;p=1732"},"modified":"2025-03-10T04:38:53","modified_gmt":"2025-03-10T04:38:53","slug":"httperror-response-code-429-too-many-requests-20","status":"publish","type":"product","link":"https:\/\/alfakher24h.de\/hu\/termek\/httperror-response-code-429-too-many-requests-20\/","title":{"rendered":"Arymi Hookalit 40000 sz\u00e1l egyszer haszn\u00e1latos e-cigaretta - Passi\u00f3gy\u00fcm\u00f6lcs"},"content":{"rendered":"<h2><strong><a href=\"https:\/\/alfakher24h.de\/hu\/\">Arymi<\/a> Hookalit 40000 Z\u00fcge Einweg E-Zigarette: \u00c9lje \u00e1t a v\u00e9gs\u0151 vape-\u00e9lm\u00e9nyt N\u00e9metorsz\u00e1gban<\/strong><\/h2>\n<div style=\"width: 1020px;\" class=\"wp-video\"><video class=\"wp-video-shortcode\" id=\"video-1732-1\" width=\"1020\" height=\"574\" preload=\"metadata\" controls=\"controls\"><source type=\"video\/mp4\" src=\"https:\/\/alfakher24h.de\/wp-content\/uploads\/2025\/03\/arymi-hookalit-40000-\u89c6\u9891.mp4?_=1\" \/><a href=\"https:\/\/alfakher24h.de\/wp-content\/uploads\/2025\/03\/arymi-hookalit-40000-\u89c6\u9891.mp4\">https:\/\/alfakher24h.de\/wp-content\/uploads\/2025\/03\/arymi-hookalit-40000-\u89c6\u9891.mp4<\/a><\/video><\/div>\n<p>A\u00a0<strong>Arymi Hookalit 40000 h\u00faz\u00e1sos eldobhat\u00f3 e-cigaretta<\/strong>\u00a0\u00faj m\u00e9rc\u00e9ket \u00e1ll\u00edt fel az eldobhat\u00f3 e-cigarett\u00e1k vil\u00e1g\u00e1ban.  Legfeljebb\u00a0<strong>40 000 vonatb\u00f3l<\/strong>\u00a0\u00c9s egy kiv\u00e9teles teljes\u00edtm\u00e9ny mellett ez az eszk\u00f6z p\u00e1ratlan g\u0151z\u00f6l\u00e9si \u00e9lm\u00e9nyt ny\u00fajt. Ide\u00e1lis azoknak a g\u0151z\u00f6l\u0151knek, akik min\u0151s\u00e9get, k\u00e9nyelmet \u00e9s sokf\u00e9le arom\u00e1t keresnek, az Arymi Hookalit mindent tartalmaz, amire sz\u00fcks\u00e9ge van a t\u00f6k\u00e9letes vape-\u00e9lvezethez.<\/p>\n<p>Ebben a cikkben r\u00e9szletes inform\u00e1ci\u00f3kat ny\u00fajtunk \u00d6nnek arr\u00f3l, hogy\u00a0<strong>Arymi Hookalit 40000 h\u00faz\u00e1sos eldobhat\u00f3 e-cigaretta<\/strong>saj\u00e1tos tulajdons\u00e1gaikat \u00e9s arom\u00e1ikat. Ha megb\u00edzhat\u00f3 \u00e9s er\u0151s\u00a0<strong><a href=\"https:\/\/alfakher24h.de\/hu\/\">Eldobhat\u00f3 e-cigaretta<\/a> nikotinnal<\/strong> Megtal\u00e1lhat\u00f3 a legjobb aj\u00e1nlat a weboldalunkon, alfakher24h.de.<\/p>\n<h3><strong>Term\u00e9kle\u00edr\u00e1s:<\/strong><\/h3>\n<p>A\u00a0<strong>Arymi Hookalit 40000 h\u00faz\u00e1sos eldobhat\u00f3 e-cigaretta<\/strong>\u00a0Egyike a legfejlettebb \u00e9s leger\u0151sebb egyszer haszn\u00e1latos vapeoknak, amelyek jelenleg el\u00e9rhet\u0151ek a piacon. Egy\u00a0<strong>40ml E-Liquid<\/strong>\u00a0Ez az eszk\u00f6z nemcsak hossz\u00fa \u00e9lettartamot, hanem leny\u0171g\u00f6z\u0151 sokoldal\u00fas\u00e1got k\u00edn\u00e1l az \u00edz \u00e9s a g\u0151z\u00f6l\u00e9si \u00e9lm\u00e9ny tekintet\u00e9ben is. Ak\u00e1r a klasszikus\u00a0<strong>MTL<\/strong>\u00a0(Mouth to Lung) prefer\u00eancia vagy\u00a0<strong>DL<\/strong>\u00a0K\u00f6zvetlen t\u00fcd\u0151be ) G\u0151z\u00f6lni szeretn\u00e9nek - a\u00a0<strong>Arymi Hookalit<\/strong>\u00a0Illeszkedik t\u00f6k\u00e9letesen az \u00d6n ig\u00e9nyeihez.<\/p>\n<p>A\u00a0<strong>integr\u00e1lt 1300mAh<\/strong>\u00a0\u00fajrat\u00f6lthet\u0151 akkumul\u00e1tor biztos\u00edtja, hogy a\u60a8\u7684 -t nem kell ford\u00edtani, csak a t\u00f6bbi r\u00e9szt ford\u00edtom \n\u00fajrat\u00f6lthet\u0151 akkumul\u00e1tor biztos\u00edtja, hogy\u00a0<strong>Eldobhat\u00f3 e-cigaretta<\/strong>\u00a0b\u00e1rmikor \u00fczemk\u00e9sz, \u00e9s hossz\u00fa \u00e9lettartamot biztos\u00edt \u00d6nnek. K\u00f6sz\u00f6nhet\u0151en az\u00a0<strong>USB Type-C t\u00f6lt\u00e9s<\/strong>\u00a0(A k\u00e1bel nem tartoz\u00e9k) seg\u00edts\u00e9g\u00e9vel gyorsan felt\u00f6ltheti az akkumul\u00e1tort, hogy a g\u0151z\u00f6l\u00e9si \u00e9lm\u00e9nyt hossz\u00fa le\u00e1ll\u00e1sok n\u00e9lk\u00fcl folytathassa.<\/p>\n<p>Tov\u00e1bbi kiemelked\u0151 jellemz\u0151je a\u00a0<strong>0,6 ohm Mesh Coil<\/strong>, amely egyenletes \u00e9s intenz\u00edv g\u0151ztermel\u00e9st biztos\u00edt. A\u00a0<strong>Sz\u00edv\u00f3sz\u00e1l-szer\u0171 cseppent\u0151<\/strong>\u00a0biztos\u00edtja a kellemes huzat \u00e9rzetet, \u00e9s a\u00a0<strong>digit\u00e1lis kijelz\u0151<\/strong>\u00a0Lehet\u0151v\u00e9 teszi a be\u00e1ll\u00edt\u00e1sok egyszer\u0171 kezel\u00e9s\u00e9t \u00e9s vez\u00e9rl\u00e9s\u00e9t.<\/p>\n<p>A\u00a0<strong>Arymi Hookalit 40000 h\u00faz\u00e1sos eldobhat\u00f3 e-cigaretta<\/strong>\u00a0j\u00f6n egy\u00a0<strong>k\u00f6nnyen haszn\u00e1lhat\u00f3 vonataktiv\u00e1l\u00e1s<\/strong>, hogy egyszer\u0171en megh\u00fazhatja az e-cigarett\u00e1t, hogy \u00e9lvezze a f\u00fcst\u00f6t. Azok sz\u00e1m\u00e1ra, akik a rugalmass\u00e1got \u00e9rt\u00e9kelik, a\u00a0<strong>\u00e1ll\u00edthat\u00f3 l\u00e9g\u00e1raml\u00e1s-szab\u00e1lyoz\u00e1s<\/strong>\u00a0Mindk\u00e9t MTL- \u00e9s DL-g\u0151z\u00f6l\u00e9shez t\u00f6k\u00e9letes be\u00e1ll\u00edt\u00e1s.<\/p>\n<p>Az\u00a0<strong>5 mg\/ml nikotintartalma<\/strong>\u00a0(0,5%) kiegyens\u00falyozott kever\u00e9ket k\u00edn\u00e1l azok sz\u00e1m\u00e1ra, akik a m\u00e9rs\u00e9kelt nikotinbevitelt r\u00e9szes\u00edtik el\u0151nyben. Ak\u00e1r tapasztalt vaporiz\u00e1l\u00f3, ak\u00e1r kezd\u0151 vagy, a\u00a0<strong>Arymi Hookalit<\/strong>\u00a0K\u00edn\u00e1l \u00d6nnek egy kellemes g\u0151z\u00f6l\u00e9si \u00e9lm\u00e9nyt minden utaz\u00e1s sor\u00e1n.<\/p>\n<h2><img loading=\"lazy\" decoding=\"async\" class=\"alignnone wp-image-2120 size-full\" title=\"Arymi Hookalit 40000 h\u00faz\u00f3 egyszer haszn\u00e1latos e-cigaretta - Passi\u00f3gy\u00fcm\u00f6lcs 2\" src=\"https:\/\/alfakher24h.de\/wp-content\/uploads\/2025\/03\/arymi-hookalit-40000.webp\" sizes=\"auto, (max-width: 2000px) 100vw, 2000px\" srcset=\"https:\/\/alfakher24h.de\/wp-content\/uploads\/2025\/03\/arymi-hookalit-40000.webp 2000w, https:\/\/alfakher24h.de\/wp-content\/uploads\/2025\/03\/arymi-hookalit-40000-300x300.webp 300w, https:\/\/alfakher24h.de\/wp-content\/uploads\/2025\/03\/arymi-hookalit-40000-1024x1024.webp 1024w, https:\/\/alfakher24h.de\/wp-content\/uploads\/2025\/03\/arymi-hookalit-40000-150x150.webp 150w, https:\/\/alfakher24h.de\/wp-content\/uploads\/2025\/03\/arymi-hookalit-40000-768x768.webp 768w, https:\/\/alfakher24h.de\/wp-content\/uploads\/2025\/03\/arymi-hookalit-40000-1536x1536.webp 1536w, https:\/\/alfakher24h.de\/wp-content\/uploads\/2025\/03\/arymi-hookalit-40000-12x12.webp 12w, https:\/\/alfakher24h.de\/wp-content\/uploads\/2025\/03\/arymi-hookalit-40000-600x600.webp 600w, https:\/\/alfakher24h.de\/wp-content\/uploads\/2025\/03\/arymi-hookalit-40000-100x100.webp 100w\" alt=\"Arymi Hookalit 40000 h\u00faz\u00f3 Egyhaszn\u00e1latos E-cigaretta - Passi\u00f3gy\u00fcm\u00f6lcs\" width=\"2000\" height=\"2000\" \/><\/h2>\n<h3><strong>Term\u00e9ktulajdons\u00e1gok\u00a0<a href=\"https:\/\/alfakher24h.de\/hu\/\">Arymi<\/a> Hookalit 40 000 sz\u00e1l eldobhat\u00f3 e-cigaretta:<\/strong><\/h3>\n<ul>\n<li><strong>40 ml e-folyad\u00e9k kapacit\u00e1s:<\/strong>\u00a0K\u00fcl\u00f6n\u00f6sen hossz\u00fa \u00e9lettartamot k\u00edn\u00e1l, ak\u00e1r 40 000 h\u00faz\u00e1sig az MTL st\u00edlusban \u00e9s 20 000 h\u00faz\u00e1sig a DL st\u00edlusban.<\/li>\n<li><strong>1300mAh \u00fajrat\u00f6lthet\u0151 akkumul\u00e1tor:<\/strong>\u00a0Hossz\u00fa haszn\u00e1latot tesz lehet\u0151v\u00e9, \u00e9s k\u00e9nyelmesen t\u00f6lthet\u0151 USB Type-C-n kereszt\u00fcl.<\/li>\n<li><strong>0,6 Ohm Mesh Coil<\/strong>\u00a0Biztos\u00edtja a egyenletes \u00e9s intenz\u00edv g\u0151ztermel\u00e9st.<\/li>\n<li><strong>Sz\u00edv\u00f3sz\u00e1l-szer\u0171 cseppent\u0151fej:<\/strong>\u00a0K\u00e9nyelmes utaz\u00e1si \u00e9rz\u00e9s \u00e9s egyszer\u0171 k\u00e9nyelem.<\/li>\n<li><strong>Be\u00e1ll\u00edthat\u00f3 l\u00e9g\u00e1raml\u00e1s szab\u00e1lyoz\u00e1s:<\/strong>\u00a0Optimaliz\u00e1lja a g\u0151z\u00f6l\u00e9si tapasztalatot MTL vagy DL szerint az \u00d6n preferenci\u00e1i alapj\u00e1n.<\/li>\n<li><strong>Digit\u00e1lis k\u00e9perny\u0151:<\/strong>\u00a0Egyszer\u0171 felhaszn\u00e1l\u00f3i fel\u00fcletet biztos\u00edt a vape param\u00e9terek figyel\u00e9s\u00e9re.<\/li>\n<li><strong>Nikotin-tartalom:<\/strong>\u00a00,5% nikotin (5 mg\/ml), t\u00f6k\u00e9letes a m\u00e9rs\u00e9kelt fogyaszt\u00e1shoz.<\/li>\n<li><strong>Eredeti v\u00edzipipa \u00edzek:<\/strong>\u00a0Ide\u00e1lis DTL (Direct to Lung) g\u0151z\u00f6l\u00e9shez \u00e9s sz\u00e9les \u00edzv\u00e1laszt\u00e9khoz.<\/li>\n<li><strong>Vonat aktiv\u00e1l\u00e1sa:<\/strong>\u00a0\u00c9lvezze a stresszmentes g\u0151z\u00f6l\u00e9si \u00e9lm\u00e9nyt, amely a vonatra reag\u00e1l.<\/li>\n<li><strong>USB Type-C t\u00f6lt\u00e9s:<\/strong>\u00a0A gyors t\u00f6lt\u00e9shez hossz\u00fa v\u00e1rakoz\u00e1si id\u0151k n\u00e9lk\u00fcl.<\/li>\n<\/ul>\n<p><strong>A csomag tartalma Arymi Hookalit 40000 h\u00faz\u00e1s\u00fa eldobhat\u00f3 e-cigaretta:<\/strong><\/p>\n<ul>\n<li>1 x Arymi Hookalit 40K egyszerhaszn\u00e1latos k\u00e9szlet<\/li>\n<\/ul>\n<hr \/>\n<h3><strong>Arom\u00e1k Arymi Hookalit 40000 h\u00faz\u00e1s<a href=\"https:\/\/alfakher24h.de\/hu\/\">\u00a0Eldobhat\u00f3 e-cigaretta<\/a>:<\/strong><\/h3>\n<p>A\u00a0<strong>Arymi Hookalit 40000 h\u00faz\u00e1sos eldobhat\u00f3 e-cigaretta<\/strong>\u00a0sz\u00e1mos \u00edzt k\u00edn\u00e1l, amely \u00faj szintre emeli a g\u0151z\u00f6l\u00e9s \u00e9lm\u00e9ny\u00e9t. Jelenleg a k\u00f6vetkez\u0151 term\u00e9keket k\u00edn\u00e1ljuk a v\u00e1laszt\u00e9kunkban:\u00a0<strong>Passionfruit<\/strong>-Illat, amely gy\u00fcm\u00f6lcs\u00f6s, egzotikus \u00e9dess\u00e9g\u00e9vel \u00e9s friss\u00edt\u0151 savass\u00e1g\u00e1val biztos\u00edtja a t\u00f6k\u00e9letes vape-\u00e9lvezetet. De ez m\u00e9g nem minden! Itt vannak a r\u00e9szletes illatok:<\/p>\n<h3><strong>Maracuj\u00e1<\/strong><\/h3>\n<p>A\u00a0<strong>Passionfruit<\/strong>\u00a0egy tr\u00f3pusi szuperaroma, amely egyed\u00fcl\u00e1ll\u00f3 \u00e9dess\u00e9g \u00e9s frissess\u00e9g egyens\u00faly\u00e1r\u00f3l ismert. A\u00a0<strong>gy\u00fcm\u00f6lcs\u00f6s \u00e9dess\u00e9g<\/strong>\u00a0A szenved\u00e9lygy\u00fcm\u00f6lcs\u00f6t kellemes\u00a0<strong>savany\u00fa hang<\/strong>\u00a0k\u00eds\u00e9rve, amelyek egy\u00fctt friss\u00edt\u0151 \u00e9s \u00e9l\u00e9nk\u00edt\u0151 \u00edzrobban\u00e1st k\u00edn\u00e1lnak. Az \u00edz eleven, \u00e9s a passi\u00f3gy\u00fcm\u00f6lcs frissess\u00e9ge biztos\u00edtja, hogy minden f\u00faj\u00e1s eml\u00e9keztessen egy tr\u00f3pusi nyaral\u00e1sra. Ez az \u00edzkompoz\u00edci\u00f3 k\u00fcl\u00f6n\u00f6sen n\u00e9pszer\u0171 a g\u0151z\u00f6l\u0151k k\u00f6r\u00e9ben, akik a gy\u00fcm\u00f6lcs\u00f6s \u00e9s \u00e9des arom\u00e1kat r\u00e9szes\u00edtik el\u0151nyben, amelyek egyszerre friss\u00edt\u0151ek \u00e9s nem t\u00fal er\u0151teljesek.<\/p>\n<p>Az \u00edze a\u00a0<strong>Passionfruit<\/strong>\u00a0speci\u00e1lisan j\u00f3l alkalmas az\u00a0<strong>Direct-to-Lung (DL)<\/strong>\u00a0Stil, mivel teljes \u00edz\u00e9t kibontakoztatja \u00e9s teljes \u00e9rt\u00e9k\u0171 g\u0151z\u00f6l\u00e9si \u00e9lm\u00e9nyt ny\u00fajt. A\u00a0<strong>gy\u00fcm\u00f6lcs\u00f6s intenzit\u00e1s<\/strong>\u00a0Ez az aroma az Arymi Hookalit kiemelked\u0151 g\u0151ztermel\u00e9se miatt m\u00e9g tov\u00e1bb er\u0151s\u00f6dik, \u00edgy minden sz\u00edv\u00e1s val\u00f3di \u00edz\u00e9lm\u00e9nyt ny\u00fajt.<\/p>\n<p>Ak\u00e1r otthoni pihentet\u0151 g\u0151z\u00f6l\u00e9sr\u0151l, ak\u00e1r \u00fatk\u00f6zbeni haszn\u00e1latr\u00f3l van sz\u00f3, a\u00a0<strong>Passionfruit<\/strong>\u00a0Biztos\u00edtja az \u00e1lland\u00f3 \u00edzrobban\u00e1st, amely k\u00e9nyezteti az \u00edzlel\u0151bimb\u00f3kat. Ez az aroma k\u00fcl\u00f6n\u00f6sen alkalmas azoknak a vapereknek, akik egyedi, tr\u00f3pusi \u00edzt keresnek, amely kellemesen \u00e9s hosszan tart\u00f3an bontakozik ki a nyelven.<\/p>\n<hr \/>\n<h3><strong>Mi\u00e9rt \u00e9rdemes megv\u00e1s\u00e1rolni az Arymi Hookalit 40000 h\u00faz\u00e1s\u00fa eldobhat\u00f3 e-cigarett\u00e1t:<\/strong><\/h3>\n<p>A\u00a0<strong>Arymi Hookalit 40000 h\u00faz\u00e1sos eldobhat\u00f3 e-cigaretta<\/strong>\u00a0Sz\u00e1mos kiemelked\u0151 el\u0151nyt k\u00edn\u00e1l, amelyekkel m\u00e1s, piacon l\u00e9v\u0151 term\u00e9kek nem rendelkeznek. Itt van n\u00e9h\u00e1ny ok, ami\u00e9rt ez a term\u00e9k lehet az \u00d6n els\u0151 v\u00e1laszt\u00e1sa:<\/p>\n<ol>\n<li><strong>Hossz\u00fa \u00e9lettartam:<\/strong>\u00a0Egy leny\u0171g\u00f6z\u0151 e-folyad\u00e9k kapacit\u00e1ssal rendelkez\u0151\u00a0<strong>40ml<\/strong>\u00a0\u00e9s ak\u00e1r  puffsz\u00e1mig\u00a0<strong>40 000 vonatb\u00f3l<\/strong>\u00a0Az (MTL) egyike a leghosszabb \u00e9lettartam\u00fa eldobhat\u00f3 e-cigarett\u00e1knak a piacon.<\/li>\n<li><strong>Sokoldal\u00fas\u00e1g<\/strong>\u00a0A\u00a0<strong>\u00e1ll\u00edthat\u00f3 l\u00e9g\u00e1raml\u00e1s-szab\u00e1lyoz\u00e1s<\/strong>\u00a0\u00e9s a lehet\u0151s\u00e9g, hogy v\u00e1ltson k\u00f6z\u00f6tt\u00fck\u00a0<strong>MTL \u00e9s DL<\/strong>\u00a0K\u00fcl\u00f6nb\u00f6z\u0151 g\u0151z\u00f6l\u00e9si st\u00edlusokhoz nagyfok\u00fa rugalmass\u00e1got k\u00edn\u00e1lnak.<\/li>\n<li><strong>K\u00e9nyelmes t\u00f6lt\u00e9s:<\/strong>\u00a0K\u00f6sz\u00f6nhet\u0151en a\u00a0<strong>USB Type-C t\u00f6lt\u00e9si funkci\u00f3<\/strong>\u00a0Gyorsan felt\u00f6ltheti az eszk\u00f6zt, \u00e9s mindig k\u00e9szen \u00e1ll a haszn\u00e1latra.<\/li>\n<li><strong>Eredeti v\u00edzipipa \u00edzek:<\/strong>\u00a0Az igazi shisha-\u00edzes\u00edt\u0151k haszn\u00e1lata autentikus \u00e9s kiv\u00e1l\u00f3 min\u0151s\u00e9g\u0171 \u00edz\u00e9lm\u00e9nyt biztos\u00edt.<\/li>\n<li><strong>K\u00f6nnyen haszn\u00e1lhat\u00f3:<\/strong>\u00a0A k\u00f6vetkez\u0151vel\u00a0<strong>Vonat aktiv\u00e1l\u00e1s<\/strong>\u00a0A g\u0151z\u00f6l\u00e9s gyerekj\u00e1t\u00e9k \u00e9s nem ig\u00e9nyel bonyolult kezel\u00e9st.<\/li>\n<li><strong>Kiv\u00e1l\u00f3 arom\u00e1k:<\/strong>\u00a0K\u00fcl\u00f6n\u00f6sen a\u00a0<strong>Passionfruit<\/strong>\u00a0Biztos\u00edtja az \u00e9l\u00e9nk\u00edt\u0151 \u00e9s friss\u00edt\u0151 g\u0151z\u00f6l\u00e9si \u00e9lm\u00e9nyt.<\/li>\n<\/ol>\n<hr \/>\n<h3><strong>Gyik (Gyakran Ism\u00e9telt K\u00e9rd\u00e9sek):<\/strong><\/h3>\n<h4><strong>1. Az Arymi Hookalit 40000 eldobhat\u00f3 e-cigaretta h\u00e1ny f\u00faj\u00e1st k\u00edn\u00e1l?<\/strong><\/h4>\n<p>A\u00a0<strong>Arymi Hookalit 40000 eldobhat\u00f3 e-cigaretta<\/strong>\u00a0Felaj\u00e1nlja\u00a0<strong>legfeljebb 40 000 vonat MTL m\u00f3dban<\/strong>\u00a0\u00e9s\u00a0<strong>legfeljebb 20 000 vonat DL m\u00f3dban<\/strong>.<\/p>\n<h4><strong>2. Mi az Arymi Hookalit nikotinszintje?<\/strong><\/h4>\n<p>A k\u00e9sz\u00fcl\u00e9k tartalmaz\u00a0<strong>0,5% Nikotin<\/strong>\u00a0(5 mg\/ml), amely a legt\u00f6bb g\u0151zfogyaszt\u00f3 sz\u00e1m\u00e1ra kiegyens\u00falyozott nikotinbevitelt biztos\u00edt.<\/p>\n<h4><strong>3. Az Arymi Hookalit 40000 egyszer haszn\u00e1latos e-cigarett\u00e1t lehet \u00fajrat\u00f6lteni?<\/strong><\/h4>\n<p>Igen, a\u00a0<strong>Arymi Hookalit 40000<\/strong>\u00a0rendelkezik egy\u00a0<strong>\u00fajrat\u00f6lthet\u0151 1300mAh akkumul\u00e1tor<\/strong>amelyekr\u0151l\u00a0<strong>USB Type-C<\/strong>\u00a0felt\u00f6lthet\u0151 (a t\u00f6lt\u0151k\u00e1bel nem tartoz\u00e9k).<\/p>\n<h4><strong>Milyen arom\u00e1k \u00e9rhet\u0151k el?<\/strong><\/h4>\n<p>Jelenleg a k\u00f6vetkez\u0151ket k\u00edn\u00e1ljuk:\u00a0<strong>Passionfruit<\/strong>Az an aroma, amely friss gy\u00fcm\u00f6lcs\u00f6s \u00e9dess\u00e9g\u00e9r\u0151l ismert. Tov\u00e1bbi \u00edzek j\u00f6hetnek.<\/p>\n<h4><strong>5. Hogyan v\u00e1s\u00e1rolhatom meg az Arymi Hookalit 40000-et?<\/strong><\/h4>\n<p>L\u00e1togassa meg weboldalunkat alfakher24h.de\u00a0a legnagyobb online platform\u00a0<a href=\"https:\/\/alfakher24h.de\/hu\/\"><strong>Eldobhat\u00f3 e-cigarett\u00e1k<\/strong><\/a>\u00a0in\u00a0<strong>N\u00e9metorsz\u00e1g<\/strong>\u00e9s biztos\u00edtsa a saj\u00e1tj\u00e1t\u00a0<strong>Arymi Hookalit 40000 h\u00faz\u00e1sos eldobhat\u00f3 e-cigaretta<\/strong>\u00a0M\u00e9g.<\/p>","protected":false},"excerpt":{"rendered":"<p>L\u00e1togassa meg weboldalunkat alfakher24h.de\u00a0a legnagyobb online platform\u00a0<a href=\"https:\/\/alfakher24h.de\/hu\/\"><strong>Eldobhat\u00f3 e-cigarett\u00e1k<\/strong><\/a>\u00a0in\u00a0<strong>N\u00e9metorsz\u00e1g<\/strong>\u00e9s biztos\u00edtsa a saj\u00e1tj\u00e1t\u00a0<strong>Arymi Hookalit 40000 h\u00faz\u00e1sos eldobhat\u00f3 e-cigaretta<\/strong>\u00a0M\u00e9g.<\/p>","protected":false},"featured_media":1735,"comment_status":"open","ping_status":"closed","template":"","meta":{"om_disable_all_campaigns":false},"product_brand":[],"product_cat":[44],"product_tag":[],"class_list":{"0":"post-1732","1":"product","2":"type-product","3":"status-publish","4":"has-post-thumbnail","6":"product_cat-arymi-hookalit-40000","8":"first","9":"instock","10":"shipping-taxable","11":"purchasable","12":"product-type-simple"},"_links":{"self":[{"href":"https:\/\/alfakher24h.de\/hu\/wp-json\/wp\/v2\/product\/1732","targetHints":{"allow":["GET"]}}],"collection":[{"href":"https:\/\/alfakher24h.de\/hu\/wp-json\/wp\/v2\/product"}],"about":[{"href":"https:\/\/alfakher24h.de\/hu\/wp-json\/wp\/v2\/types\/product"}],"replies":[{"embeddable":true,"href":"https:\/\/alfakher24h.de\/hu\/wp-json\/wp\/v2\/comments?post=1732"}],"wp:featuredmedia":[{"embeddable":true,"href":"https:\/\/alfakher24h.de\/hu\/wp-json\/wp\/v2\/media\/1735"}],"wp:attachment":[{"href":"https:\/\/alfakher24h.de\/hu\/wp-json\/wp\/v2\/media?parent=1732"}],"wp:term":[{"taxonomy":"product_brand","embeddable":true,"href":"https:\/\/alfakher24h.de\/hu\/wp-json\/wp\/v2\/product_brand?post=1732"},{"taxonomy":"product_cat","embeddable":true,"href":"https:\/\/alfakher24h.de\/hu\/wp-json\/wp\/v2\/product_cat?post=1732"},{"taxonomy":"product_tag","embeddable":true,"href":"https:\/\/alfakher24h.de\/hu\/wp-json\/wp\/v2\/product_tag?post=1732"}],"curies":[{"name":"wp","href":"https:\/\/api.w.org\/{rel}","templated":true}]}}