{"id":1714,"date":"2025-03-07T06:34:45","date_gmt":"2025-03-07T06:34:45","guid":{"rendered":"https:\/\/alfakher24h.de\/?post_type=product&#038;p=1714"},"modified":"2025-05-21T04:35:18","modified_gmt":"2025-05-21T04:35:18","slug":"httperror-response-code-429-too-many-requests-38","status":"publish","type":"product","link":"https:\/\/alfakher24h.de\/hu\/termek\/httperror-response-code-429-too-many-requests-38\/","title":{"rendered":"AI Fakher Crown Bar 15000 h\u00faz\u00e1s eldobhat\u00f3 e-cigaretta - Gum Mint"},"content":{"rendered":"<h2>Al Fakher Crown Bar 15000 PRO: Eldobhat\u00f3 e-cigaretta intenz\u00edv aromav\u00e1laszt\u00e9kkal \u00e9s maxim\u00e1lis teljes\u00edtm\u00e9nnyel<\/h2>\n<p>A\u00a0<strong>Al Fakher Crown Bar 15000 PRO<\/strong>\u00a0K\u00edn\u00e1l egy p\u00e1ratlan g\u0151z\u00f6l\u00e9si \u00f6r\u00f6met, \u00e9s azok sz\u00e1m\u00e1ra k\u00e9sz\u00fclt, akik \u00e9rt\u00e9kelik a min\u0151s\u00e9get, az arom\u00e1t \u00e9s a tart\u00f3ss\u00e1got. Ez az innovat\u00edv vape k\u00e9sz\u00fcl\u00e9k er\u0151teljes, 600mAh-es, USB-C \u00fajrat\u00f6lthet\u0151 akkumul\u00e1tort, leny\u0171g\u00f6z\u0151 22ml-es e-liquid kapacit\u00e1st \u00e9s ak\u00e1r 15 000 sz\u00edv\u00e1st k\u00edn\u00e1l. Ezzel az \u00faj kialak\u00edt\u00e1ssal az Al Fakher \u00faj szintre emeli a g\u0151z\u00f6l\u00e9st - k\u00fcl\u00f6n\u00f6sen azok sz\u00e1m\u00e1ra, akik N\u00e9metorsz\u00e1gban keresnek megb\u00edzhat\u00f3 \u00e9s er\u0151s eldobhat\u00f3 e-cigarett\u00e1t.<\/p>\n<h3>Egyedi jellemz\u0151k az Al Fakher Crown Bar 15000 PRO<\/h3>\n<ul>\n<li><strong>Impoz\u00e1ns vonatok:<\/strong>\u00a0Ak\u00e1r 15 000 h\u00faz\u00e1s - ide\u00e1lis a hossz\u00fa t\u00e1v\u00fa g\u0151z\u00f6l\u00e9shez.<\/li>\n<li><strong>Akkumul\u00e1tor \u00e9lettartam: \nM\u00e1sk\u00e9nt:  Akkumul\u00e1tor \u00fczemid\u0151<\/strong>\u00a0A 600mAh-s akkumul\u00e1tor biztos\u00edtja, hogy az eszk\u00f6z addig tartson, am\u00edg az \u00f6sszes e-folyad\u00e9k el nem fogy - praktikus \u00e9s megb\u00edzhat\u00f3.<\/li>\n<li><strong>22ml e-folyad\u00e9k kapacit\u00e1s:<\/strong>\u00a0\u00c9lvezze a nagy mennyis\u00e9g\u0171 folyad\u00e9kot an\u00e9lk\u00fcl, hogy folyamatosan \u00fajra kellene t\u00f6ltenie.<\/li>\n<li><strong>Nikotintartalma 5% (50mg):<\/strong>\u00a0T\u00f6k\u00e9letesen megfelel sok g\u0151z\u00f6l\u0151 ig\u00e9nyeinek.<\/li>\n<li><strong>Modern diz\u00e1jn:<\/strong>\u00a0Egy LED kijelz\u0151vel az akkumul\u00e1tor \u00e9s a folyad\u00e9k szintj\u00e9t mindig figyelemmel k\u00eds\u00e9rheti.<\/li>\n<li><strong>K\u00f6nny\u0171 kezelhet\u0151s\u00e9g \u00e9s \u00fajrat\u00f6lthet\u0151s\u00e9g:<\/strong>\u00a0A USB-t\u00edpus\u00fa C csatlakoz\u00f3 (k\u00e1bel nem tartoz\u00e9k) egyszer\u0171 \u00e9s gyors t\u00f6lt\u00e9st tesz lehet\u0151v\u00e9.<\/li>\n<\/ul>\n<p>L\u00e1togasson el oldalunkra, alfakher24h.de \u00e9s fedezze fel sz\u00e9lesk\u00f6r\u0171 k\u00edn\u00e1latunkat az eldobhat\u00f3 e-cigarett\u00e1kb\u00f3l.<\/p>\n<hr \/>\n<h2>A r\u00e9szletes betekint\u00e9s az Al Fakher Crown Bar 15000 PRO \u00edzvil\u00e1g\u00e1ba<\/h2>\n<p>Al Fakher z\u00f6kkenymentesen \u00e1tadta szak\u00e9rtelm\u00e9t a hagyom\u00e1nyos v\u00edzipipa szegmensb\u0151l a vape-piacra.  Az autentikus \u00e9s intenz\u00edv \u00edz\u0171 arom\u00e1k leny\u0171g\u00f6z\u0151 v\u00e1ltozatoss\u00e1g\u00e1val minden vapoz\u00e1s igazi \u00e9lvezeti pillanatt\u00e1 v\u00e1lik.<\/p>\n<h3>\u00cdz\u00e9lm\u00e9ny: Gum Mint<\/h3>\n<p><strong>Gum Mint<\/strong>\u00a0Ez egy friss\u00edt\u0151 kever\u00e9k, amely a h\u0171s ment\u00e1t egy leheletnyi \u00e9des r\u00e1g\u00f3gumival \u00f6tv\u00f6zi. Minden sz\u00edv\u00e1sn\u00e1l megtapasztalhatja a menta frissess\u00e9g\u00e9t, amelyet egy ismer\u0151s r\u00e1g\u00f3gumi \u00edz \u00e9dess\u00e9ge eg\u00e9sz\u00edt ki. T\u00f6k\u00e9letes v\u00e1laszt\u00e1s azok sz\u00e1m\u00e1ra, akik egy kis frissess\u00e9get szeretn\u00e9nek egy ismer\u0151s, \u00e9des arom\u00e1val. Az \u00edzkombin\u00e1ci\u00f3 hossz\u00fa ideig tart\u00f3 arom\u00e1t k\u00edn\u00e1l, amelyet \u00fajra \u00e9s \u00fajra sz\u00edvesen fogyaszt.<\/p>\n<p><img loading=\"lazy\" decoding=\"async\" class=\"alignnone wp-image-824 size-full\" title=\"AI Fakher Crown Bar 15000 h\u00faz\u00e1s eldobhat\u00f3 e-cigaretta - Gum Mint 2\" src=\"https:\/\/alfakher24h.de\/wp-content\/uploads\/2025\/03\/1AI-Fakher-Crown-Bar-15000.webp\" sizes=\"auto, (max-width: 1080px) 100vw, 1080px\" srcset=\"https:\/\/alfakher24h.de\/wp-content\/uploads\/2025\/03\/1AI-Fakher-Crown-Bar-15000.webp 1080w, https:\/\/alfakher24h.de\/wp-content\/uploads\/2025\/03\/1AI-Fakher-Crown-Bar-15000-225x300.webp 225w, https:\/\/alfakher24h.de\/wp-content\/uploads\/2025\/03\/1AI-Fakher-Crown-Bar-15000-768x1024.webp 768w, https:\/\/alfakher24h.de\/wp-content\/uploads\/2025\/03\/1AI-Fakher-Crown-Bar-15000-600x800.webp 600w\" alt=\"AI Fakher Crown Bar 15000 h\u00faz\u00e1s eldobhat\u00f3 e-cigaretta - Gum Mint \" width=\"1080\" height=\"1440\" \/><\/p>\n<hr \/>\n<h2>Mi\u00e9rt az Al Fakher Crown Bar 15000 PRO a legjobb v\u00e1laszt\u00e1s a g\u0151z\u00f6l\u0151k sz\u00e1m\u00e1ra<\/h2>\n<ol>\n<li><strong>Min\u0151s\u00e9g \u00e9s megb\u00edzhat\u00f3s\u00e1g:<\/strong>\u00a0Az Al Fakher magas feldolgoz\u00e1si min\u0151s\u00e9ge garant\u00e1lja a hossz\u00fa \u00e9lettartam\u00fa k\u00e9sz\u00fcl\u00e9ket, amely nem hagy cserben.<\/li>\n<li><strong>Intenz\u00edv g\u0151z\u00e9lm\u00e9ny:<\/strong>\u00a0Legfeljebb 15 000 h\u00faz\u00e1ssal tart\u00f3s \u00e9s intenz\u00edv g\u0151z\u00e9lm\u00e9nyben r\u00e9szes\u00fclhet.<\/li>\n<li><strong>Egyszer\u0171 t\u00f6lt\u00e9s:<\/strong>\u00a0Az USB-C t\u00f6lt\u0151aljzat egyszer\u0171 \u00e9s gyors \u00fajrat\u00f6lt\u00e9st tesz lehet\u0151v\u00e9.<\/li>\n<li><strong>Magas nikotintartalom:<\/strong>\u00a0Az 5%-os nikotintartalma k\u00fcl\u00f6n\u00f6sen a tapasztalt g\u0151z\u00f6l\u0151ket sz\u00f3l\u00edtja meg, akik intenz\u00edvebb \u00e9lm\u00e9nyt keresnek.<\/li>\n<li><strong>Arom\u00e1s v\u00e1ltozatoss\u00e1g:<\/strong>\u00a0A sz\u00e9les \u00edzv\u00e1laszt\u00e9knak k\u00f6sz\u00f6nhet\u0151en mindenki megtal\u00e1lja a saj\u00e1t \u00edzl\u00e9s\u00e9nek megfelel\u0151t.<\/li>\n<\/ol>\n<p>&nbsp;<\/p>\n<p>A\u00a0<strong>Al Fakher Crown Bar 15000 PRO<\/strong> T\u00f6bb, mint egy egyszer haszn\u00e1latos e-cigaretta - min\u0151s\u00e9gi \u00e9s teljes\u00edtm\u00e9nybeli nyilatkozat. Ak\u00e1r \u00d6n tapasztalt g\u0151z\u00f6l\u0151, ak\u00e1r kezd\u0151, ez az eszk\u00f6z mindent megad, amire sz\u00fcks\u00e9ge van ahhoz, hogy a g\u0151z\u00f6l\u00e9s \u00f6r\u00f6m\u00e9t a k\u00f6vetkez\u0151 szintre emelje. L\u00e1togasson el hozz\u00e1nk az alfakher24h.de oldalon, \u00e9s biztos\u00edtsa be k\u00e9sz\u00fcl\u00e9k\u00e9t m\u00e9g ma!<\/p>\n<p><img loading=\"lazy\" decoding=\"async\" class=\"alignnone size-full wp-image-855\" title=\"AI Fakher Crown Bar 15000 h\u00faz\u00e1s Eldobhat\u00f3 E Cigaretta - Gum Mint 3\" src=\"https:\/\/alfakher24h.de\/wp-content\/uploads\/2025\/03\/2AI-Fakher-Crown-Bar-15000-1.webp\" sizes=\"auto, (max-width: 1920px) 100vw, 1920px\" srcset=\"https:\/\/alfakher24h.de\/wp-content\/uploads\/2025\/03\/2AI-Fakher-Crown-Bar-15000-1.webp 1920w, https:\/\/alfakher24h.de\/wp-content\/uploads\/2025\/03\/2AI-Fakher-Crown-Bar-15000-1-300x169.webp 300w, https:\/\/alfakher24h.de\/wp-content\/uploads\/2025\/03\/2AI-Fakher-Crown-Bar-15000-1-1024x576.webp 1024w, https:\/\/alfakher24h.de\/wp-content\/uploads\/2025\/03\/2AI-Fakher-Crown-Bar-15000-1-768x432.webp 768w, https:\/\/alfakher24h.de\/wp-content\/uploads\/2025\/03\/2AI-Fakher-Crown-Bar-15000-1-1536x864.webp 1536w, https:\/\/alfakher24h.de\/wp-content\/uploads\/2025\/03\/2AI-Fakher-Crown-Bar-15000-1-600x338.webp 600w\" alt=\"AI Fakher Crown Bar 15000 h\u00faz\u00e1s eldobhat\u00f3 e-cigaretta - Gum Mint \" width=\"1920\" height=\"1080\" \/><\/p>","protected":false},"excerpt":{"rendered":"<p><strong>Al Fakher Crown Bar 15000 PRO<\/strong> T\u00f6bb, mint egy egyszer haszn\u00e1latos e-cigaretta - min\u0151s\u00e9gi \u00e9s teljes\u00edtm\u00e9nybeli nyilatkozat. Ak\u00e1r \u00d6n hossz\u00fa \u00e9vek \u00f3ta g\u0151z\u00f6l, ak\u00e1r kezd\u0151, ez az eszk\u00f6z mindent k\u00edn\u00e1l, amire sz\u00fcks\u00e9ge van.<\/p>","protected":false},"featured_media":1715,"comment_status":"open","ping_status":"closed","template":"","meta":{"om_disable_all_campaigns":false},"product_brand":[],"product_cat":[43],"product_tag":[],"class_list":{"0":"post-1714","1":"product","2":"type-product","3":"status-publish","4":"has-post-thumbnail","6":"product_cat-al-fakher-crown-bar-15000","8":"first","9":"outofstock","10":"shipping-taxable","11":"purchasable","12":"product-type-simple"},"_links":{"self":[{"href":"https:\/\/alfakher24h.de\/hu\/wp-json\/wp\/v2\/product\/1714","targetHints":{"allow":["GET"]}}],"collection":[{"href":"https:\/\/alfakher24h.de\/hu\/wp-json\/wp\/v2\/product"}],"about":[{"href":"https:\/\/alfakher24h.de\/hu\/wp-json\/wp\/v2\/types\/product"}],"replies":[{"embeddable":true,"href":"https:\/\/alfakher24h.de\/hu\/wp-json\/wp\/v2\/comments?post=1714"}],"wp:featuredmedia":[{"embeddable":true,"href":"https:\/\/alfakher24h.de\/hu\/wp-json\/wp\/v2\/media\/1715"}],"wp:attachment":[{"href":"https:\/\/alfakher24h.de\/hu\/wp-json\/wp\/v2\/media?parent=1714"}],"wp:term":[{"taxonomy":"product_brand","embeddable":true,"href":"https:\/\/alfakher24h.de\/hu\/wp-json\/wp\/v2\/product_brand?post=1714"},{"taxonomy":"product_cat","embeddable":true,"href":"https:\/\/alfakher24h.de\/hu\/wp-json\/wp\/v2\/product_cat?post=1714"},{"taxonomy":"product_tag","embeddable":true,"href":"https:\/\/alfakher24h.de\/hu\/wp-json\/wp\/v2\/product_tag?post=1714"}],"curies":[{"name":"wp","href":"https:\/\/api.w.org\/{rel}","templated":true}]}}