{"id":1712,"date":"2025-03-06T09:22:05","date_gmt":"2025-03-06T09:22:05","guid":{"rendered":"https:\/\/alfakher24h.de\/?post_type=product&#038;p=1712"},"modified":"2025-05-21T04:35:19","modified_gmt":"2025-05-21T04:35:19","slug":"httperror-response-code-429-too-many-requests-3","status":"publish","type":"product","link":"https:\/\/alfakher24h.de\/hu\/termek\/httperror-response-code-429-too-many-requests-3\/","title":{"rendered":"AI Fakher Crown Bar 15000 h\u00faz\u00e1s Eldobhat\u00f3 E Cigaretta \u2013 Tiszta \u00c1lom"},"content":{"rendered":"<h2><strong><a href=\"https:\/\/alfakher24h.de\/hu\/\">Al Fakher Crown Bar 15000 PRO<\/a> Eldobhat\u00f3 Vape \u2013 Eldobhat\u00f3 e-cigaretta nagy teljes\u00edtm\u00e9nnyel \u00e9s \u00edzzel<\/strong><\/h2>\n<hr \/>\n<h3>A term\u00e9kr\u0151l<\/h3>\n<p>\u00c9lje \u00e1t a v\u00e9gs\u0151 vapingot a\u00a0<strong><a href=\"https:\/\/alfakher24h.de\/hu\/\">Al Fakher<\/a> Crown Bar 15000 PRO<\/strong>\u00a0- egy nagy teljes\u00edtm\u00e9ny\u0171, eldobhat\u00f3 e-cigarett\u00e1r\u00f3l, amely innovat\u00edv funkci\u00f3kkal \u00e9s p\u00e1ratlan \u00e9lvezettel gy\u0151z meg. Ez a fejlett vape leny\u0171g\u00f6z\u0151 teljes\u00edtm\u00e9nyt ny\u00fajt\u00a0<strong>15 000 vonatb\u00f3l<\/strong>egy\u00a0<strong>\u00fajrat\u00f6lthet\u0151 600mAh USB-C akkumul\u00e1tor<\/strong>\u00a0\u00e9s egynek\u00a0<strong>22ml e-folyad\u00e9k tart\u00e1ly<\/strong>. Az Al Fakher, amely ismert a kiv\u00e1l\u00f3 min\u0151s\u00e9g\u0171 term\u00e9kekr\u0151l, ezzel az e-cigarett\u00e1val egy olyan \u00e9lm\u00e9nyt fejlesztett ki, amely kifejezetten a n\u00e9metorsz\u00e1gi ig\u00e9nyes vaperek \u00edzl\u00e9s\u00e9re \u00e9s ig\u00e9nyeire szabott.<\/p>\n<p>Egy egyedi LED-kijelz\u0151vel figyelemmel k\u00eds\u00e9rheti a folyad\u00e9k szintj\u00e9t \u00e9s az akkumul\u00e1tor \u00e9lettartam\u00e1t - ide\u00e1lis azok sz\u00e1m\u00e1ra, akik \u00e9rt\u00e9kelik a \u00e1tl\u00e1that\u00f3s\u00e1got \u00e9s a kontrollt. Az Al Fakher Crown Bar 15000 PRO t\u00f6k\u00e9letes egy intenz\u00edv, hossz\u00fa t\u00e1v\u00fa g\u0151z\u00f6l\u00e9si \u00e9lm\u00e9nyhez, \u00e9s modern kialak\u00edt\u00e1s\u00e1val \u00e9s hossz\u00fa \u00e9lettartam\u00e1val ide\u00e1lis v\u00e1laszt\u00e1s a nagy felhaszn\u00e1l\u00f3k sz\u00e1m\u00e1ra.<\/p>\n<hr \/>\n<h3>F\u0151 jellemz\u0151k<\/h3>\n<ul>\n<li><strong>Puffsz\u00e1m<\/strong>: Legfeljebb\u00a0<strong>15 000 vonat<\/strong>amely rendk\u00edv\u00fcl hossz\u00fa ideig tart\u00f3 g\u0151z\u00f6l\u00e9si \u00e9lm\u00e9nyt biztos\u00edt.<\/li>\n<li><strong>E-liquid kapacit\u00e1s<\/strong>: 22ml, t\u00f6k\u00e9letesen \u00f6sszehangolva a magas f\u00faj\u00e1ssz\u00e1mmal a hossz\u00fa t\u00e1v\u00fa \u00e9lvezet \u00e9rdek\u00e9ben.<\/li>\n<li><strong>Elem<\/strong>\u00dajrat\u00f6lthet\u0151\u00a0<strong>600mAh USB-C akkumul\u00e1tor<\/strong>\u00a0(K\u00e1bel nem tartoz\u00e9k) a rugalmas haszn\u00e1lat\u00e9rt \u00e9s hossz\u00fa akkumul\u00e1tor-\u00e9lettartam\u00e9rt.<\/li>\n<li><strong>Nikotintartalom<\/strong>: 5% (50mg) Nikotin \u2013 egy er\u0151ss\u00e9g, amely mind a rendszeres g\u0151z\u00f6l\u0151k, mind a v\u00e1lt\u00f3k sz\u00e1m\u00e1ra alkalmas.<\/li>\n<li><strong>Tervez\u00e9si kiemel\u00e9s<\/strong>: A grav\u00edrozott Al Fakher log\u00f3 a h\u00e1zon st\u00edlusos k\u00eds\u00e9r\u0151v\u00e9 \u00e9s szemet vonz\u00f3v\u00e1 teszi az e-cigarett\u00e1t.<\/li>\n<li><strong>Egyszer\u0171 kezel\u00e9s<\/strong>: Az Al Fakher Crown Bar 15000 PRO kompakt \u00e9s k\u00e9zbar\u00e1t form\u00e1j\u00e1nak k\u00f6sz\u00f6nhet\u0151en ide\u00e1lis utaz\u00e1shoz.<\/li>\n<\/ul>\n<hr \/>\n<h3>Mi\u00e9rt v\u00e1s\u00e1rolja meg az Al Fakher Crown Bar 15000 PRO-t?<\/h3>\n<p>Ez az eldobhat\u00f3 e-cigaretta nemcsak technol\u00f3giai cs\u00facsot \u00e9r el, hanem megfelel a min\u0151s\u00e9gi \u00e9s tervez\u00e9si k\u00f6vetelm\u00e9nyeknek is. Kifejezetten N\u00e9metorsz\u00e1gban \u00e9l\u0151 vaperek sz\u00e1m\u00e1ra fejlesztett\u00e9k ki, \u00e9s t\u00f6k\u00e9letes kombin\u00e1ci\u00f3j\u00e1t ny\u00fajtja a felhaszn\u00e1l\u00f3bar\u00e1ts\u00e1gnak \u00e9s a teljes\u00edtm\u00e9nynek. A magas puffsz\u00e1m\u00e1val \u00e9s a b\u0151kez\u0171 folyad\u00e9kmennyis\u00e9g\u00e9vel nemcsak praktikus, hanem rendk\u00edv\u00fcl gazdas\u00e1gos is. Mindenki sz\u00e1m\u00e1ra, aki hossz\u00fa g\u0151z\u00f6l\u00e9si tapasztalatot keres \u00e1lland\u00f3 \u00fajrat\u00f6lt\u00e9s n\u00e9lk\u00fcl, az Al Fakher Crown Bar 15000 PRO a t\u00f6k\u00e9letes v\u00e1laszt\u00e1s.<\/p>\n<hr \/>\n<h3>Egy intenz\u00edv \u00edzvil\u00e1g<\/h3>\n<p>Al Fakher sz\u00e9lesk\u00f6r\u0171, a v\u00edzipipa-iparban szerzett tapasztalat\u00e1val hozta l\u00e9tre az autentikus \u00e9s kiv\u00e1l\u00f3 min\u0151s\u00e9g\u0171 \u00edzek sk\u00e1l\u00e1j\u00e1t.  Ez a szak\u00e9rtelmess\u00e9g t\u00fckr\u00f6z\u0151dik a Crown Bar 15000 PRO e-liquidjeiben is, \u00e9s a vapel\u00e9s szerelmeseinek rendk\u00edv\u00fcl v\u00e1ltozatos \u00edzvil\u00e1got k\u00edn\u00e1l:<\/p>\n<h4><strong>Tiszt\u00e1n \u00e1lmodni<\/strong><\/h4>\n<p>Egy \u00edz\u00e9lm\u00e9ny, amely elrep\u00edt egy \u00e1lomvil\u00e1gba.\u00a0<strong>Tiszt\u00e1n \u00e1lmodni<\/strong>\u00a0Egy egzotikus kever\u00e9ket k\u00edn\u00e1l gy\u00fcm\u00f6lcs\u00f6s \u00e9s kr\u00e9mes jegyekb\u0151l, amelyek l\u00e1gy \u00e9s intenz\u00edv g\u0151z\u00f6l\u00e9si \u00e9lm\u00e9nyt biztos\u00edtanak. Az \u00edz t\u00f6k\u00e9letes azoknak a vapereknek, akik a \u00e9dess\u00e9g \u00e9s a frissess\u00e9g harmonikus egyens\u00faly\u00e1t r\u00e9szes\u00edtik el\u0151nyben. A kr\u00e9mes \u00e1rnyalatok selymesen puh\u00e1v\u00e1 teszik a f\u00fcst\u00f6t, m\u00edg a gy\u00fcm\u00f6lcs\u00f6s arom\u00e1k frissess\u00e9get k\u00f6lcs\u00f6n\u00f6znek neki. Minden sz\u00edv\u00e1s gazdag, telt \u00edzt szabad\u00edt fel, amely hosszabb fogyaszt\u00e1s ut\u00e1n sem vesz\u00edt intenzit\u00e1s\u00e1b\u00f3l.<\/p>\n<hr \/>\n<h3>Term\u00e9kel\u0151ny\u00f6k r\u00e9szletesen<\/h3>\n<p>Az Al Fakher Crown Bar 15000 PRO-val nem csak egy kiemelked\u0151 vaporiz\u00e1l\u00f3 k\u00e9sz\u00fcl\u00e9ket kap, hanem egy megb\u00edzhat\u00f3 t\u00e1rsat a mindennapokban.<\/p>\n<ul>\n<li><strong>Hossz\u00fa \u00e9lettartam &amp; Teljes\u00edtm\u00e9ny<\/strong>15 000 db von vonatok \u00e9s egy nagy e-folyad\u00e9k kapacit\u00e1s biztos\u00edtja, hogy a g\u0151z\u00f6l\u00e9s \u00e9lm\u00e9ny\u00e9t hosszabb ideig \u00e9lvezhesse, kompromisszumok n\u00e9lk\u00fcl.<\/li>\n<li><strong>\u00fajrat\u00f6lthet\u0151s\u00e9g<\/strong>A lehet\u0151s\u00e9g, hogy az akkumul\u00e1tort USB-C-n kereszt\u00fcl t\u00f6lts\u00e9k, k\u00fcl\u00f6n\u00f6sen rugalmas \u00e9s k\u00f6rnyezetbar\u00e1t haszn\u00e1latot tesz lehet\u0151v\u00e9.<\/li>\n<li><strong>Ergonomikus kialak\u00edt\u00e1s<\/strong>A karcs\u00fa \u00e9s kompakt e-cigaretta kialak\u00edt\u00e1s\u00e1nak k\u00f6sz\u00f6nhet\u0151en k\u00e9nyelmesen elf\u00e9r b\u00e1rmely zsebben, \u00e9s t\u00f6k\u00e9letesen alkalmas \u00fatk\u00f6zbeni haszn\u00e1latra.<\/li>\n<li><strong>Val\u00f3di \u00edz\u00e9lm\u00e9ny<\/strong>: Az Al Fakher a min\u0151s\u00e9get k\u00e9pviseli, \u00e9s olyan \u00edzeket k\u00edn\u00e1l, amelyek hitelesek \u00e9s gazdagok.<\/li>\n<\/ul>","protected":false},"excerpt":{"rendered":"<p>Al Fakher Crown Bar 15000 PRO eldobhat\u00f3 vape - Egyszeri haszn\u00e1latos e-cigaretta nagy teljes\u00edtm\u00e9nnyel \u00e9s \u00edzzel  A term\u00e9kr\u0151l  \u00c9lje \u00e1t az ultimate vape-\u00e9lm\u00e9nyt az Al Fakher Crown Bar 15000 PRO-val - egy er\u0151s egyszeri haszn\u00e1latos e-cigarett\u00e1val, amely innovat\u00edv funkci\u00f3kkal \u00e9s p\u00e1ratlan \u00e9lvezettel gy\u0151zi meg. Ez a fejlett vape leny\u0171g\u00f6z\u0151 teljes\u00edtm\u00e9nyt ny\u00fajt 15000 sz\u00edv\u00e1ssal, \u00fajrat\u00f6lthet\u0151 600mAh USB-C akkumul\u00e1torral \u00e9s 22ml e-folyad\u00e9k tart\u00e1llyal. Al Fakher, [\u2026]","protected":false},"featured_media":1713,"comment_status":"open","ping_status":"closed","template":"","meta":{"om_disable_all_campaigns":false},"product_brand":[],"product_cat":[43],"product_tag":[],"class_list":{"0":"post-1712","1":"product","2":"type-product","3":"status-publish","4":"has-post-thumbnail","6":"product_cat-al-fakher-crown-bar-15000","8":"first","9":"outofstock","10":"shipping-taxable","11":"purchasable","12":"product-type-simple"},"_links":{"self":[{"href":"https:\/\/alfakher24h.de\/hu\/wp-json\/wp\/v2\/product\/1712","targetHints":{"allow":["GET"]}}],"collection":[{"href":"https:\/\/alfakher24h.de\/hu\/wp-json\/wp\/v2\/product"}],"about":[{"href":"https:\/\/alfakher24h.de\/hu\/wp-json\/wp\/v2\/types\/product"}],"replies":[{"embeddable":true,"href":"https:\/\/alfakher24h.de\/hu\/wp-json\/wp\/v2\/comments?post=1712"}],"wp:featuredmedia":[{"embeddable":true,"href":"https:\/\/alfakher24h.de\/hu\/wp-json\/wp\/v2\/media\/1713"}],"wp:attachment":[{"href":"https:\/\/alfakher24h.de\/hu\/wp-json\/wp\/v2\/media?parent=1712"}],"wp:term":[{"taxonomy":"product_brand","embeddable":true,"href":"https:\/\/alfakher24h.de\/hu\/wp-json\/wp\/v2\/product_brand?post=1712"},{"taxonomy":"product_cat","embeddable":true,"href":"https:\/\/alfakher24h.de\/hu\/wp-json\/wp\/v2\/product_cat?post=1712"},{"taxonomy":"product_tag","embeddable":true,"href":"https:\/\/alfakher24h.de\/hu\/wp-json\/wp\/v2\/product_tag?post=1712"}],"curies":[{"name":"wp","href":"https:\/\/api.w.org\/{rel}","templated":true}]}}