{"id":1710,"date":"2025-03-06T09:18:00","date_gmt":"2025-03-06T09:18:00","guid":{"rendered":"https:\/\/alfakher24h.de\/?post_type=product&#038;p=1710"},"modified":"2025-05-21T04:35:19","modified_gmt":"2025-05-21T04:35:19","slug":"httperror-response-code-429-too-many-requests-4","status":"publish","type":"product","link":"https:\/\/alfakher24h.de\/hu\/termek\/httperror-response-code-429-too-many-requests-4\/","title":{"rendered":"AI Fakher Crown Bar 15000 h\u00faz\u00e1s eldobhat\u00f3 e-cigaretta - Lush Ice"},"content":{"rendered":"<h2>Al Fakher Crown Bar 15000 PRO eldobhat\u00f3 vape - Egyszeri haszn\u00e1latos e-cigaretta st\u00edlussal \u00e9s teljes\u00edtm\u00e9nnyel<\/h2>\n<p><img loading=\"lazy\" decoding=\"async\" class=\"alignnone size-full wp-image-1703\" src=\"https:\/\/alfakher24h.de\/wp-content\/uploads\/2025\/03\/5AI-Fakher-Crown-Bar-15000.webp\" alt=\"\" width=\"800\" height=\"800\" title=\"\" srcset=\"https:\/\/alfakher24h.de\/wp-content\/uploads\/2025\/03\/5AI-Fakher-Crown-Bar-15000.webp 800w, https:\/\/alfakher24h.de\/wp-content\/uploads\/2025\/03\/5AI-Fakher-Crown-Bar-15000-300x300.webp 300w, https:\/\/alfakher24h.de\/wp-content\/uploads\/2025\/03\/5AI-Fakher-Crown-Bar-15000-150x150.webp 150w, https:\/\/alfakher24h.de\/wp-content\/uploads\/2025\/03\/5AI-Fakher-Crown-Bar-15000-768x768.webp 768w, https:\/\/alfakher24h.de\/wp-content\/uploads\/2025\/03\/5AI-Fakher-Crown-Bar-15000-12x12.webp 12w, https:\/\/alfakher24h.de\/wp-content\/uploads\/2025\/03\/5AI-Fakher-Crown-Bar-15000-600x600.webp 600w, https:\/\/alfakher24h.de\/wp-content\/uploads\/2025\/03\/5AI-Fakher-Crown-Bar-15000-100x100.webp 100w\" sizes=\"auto, (max-width: 800px) 100vw, 800px\" \/><\/p>\n<p>\u00c9lje \u00e1t a g\u0151z\u00f6l\u00e9s k\u00f6vetkez\u0151 gener\u00e1ci\u00f3j\u00e1t az Al Fakher Crown Bar 15000 PRO-val, az ultimate eldobhat\u00f3 e-cigarett\u00e1val az \u00e9lvezet \u00e9s a teljes\u00edtm\u00e9ny \u00e9rdek\u00e9ben. 15 000 sz\u00edv\u00e1s leny\u0171g\u00f6z\u0151 teljes\u00edtm\u00e9nykapacit\u00e1s\u00e1val \u00e9s \u00fajonnan kifejlesztett diz\u00e1jnj\u00e1val ez az eszk\u00f6z egyes\u00edti az er\u0151t, a st\u00edlust \u00e9s az Al Fakher-re jellemz\u0151 megk\u00fcl\u00f6nb\u00f6ztet\u0151 \u00edzt. T\u00f6k\u00e9letes kezd\u0151k \u00e9s tapasztalt g\u0151z\u00f6l\u0151k sz\u00e1m\u00e1ra egyar\u00e1nt, a Crown Bar 15000 els\u0151 oszt\u00e1ly\u00fa g\u0151z\u00f6l\u00e9si \u00e9lm\u00e9nyt ny\u00fajt, amelyet b\u00e1rhol \u00e9s b\u00e1rmikor \u00e9lvezhet.<\/p>\n<h3>Legmagasabb min\u0151s\u00e9g \u00e9s innovat\u00edv technika<\/h3>\n<p>22 ml E-liquid kapacit\u00e1ssal \u00e9s 5% nikotiner\u0151ss\u00e9ggel az Al Fakher Crown Bar 15000 PRO t\u00f6bb mint egyszer\u0171en egy\u00a0<a href=\"https:\/\/alfakherwelt.de\/\" target=\"_blank\" rel=\"noopener\">Egyszer haszn\u00e1latos e-cigaretta<\/a>\u00a0- Ez egy nyilatkozat a g\u0151z vil\u00e1g\u00e1ban.  Az integr\u00e1lt, USB-C-n kereszt\u00fcl \u00fajrat\u00f6lthet\u0151 600mAh-s akkumul\u00e1tor biztos\u00edtja, hogy a k\u00e9sz\u00fcl\u00e9k az utols\u00f3 csepp e-liquidig kitartson, \u00edgy egyetlen \u00e9rt\u00e9kes sz\u00edv\u00e1s sem v\u00e9sz el.<\/p>\n<ul>\n<li><strong>Kapazit\u00e4t<\/strong>\u00a022 ml magas min\u0151s\u00e9g\u0171 e-folyad\u00e9k, amely tart\u00f3s, intenz\u00edv g\u0151ztermel\u00e9st garant\u00e1l<\/li>\n<li><strong>Nikotin er\u0151ss\u00e9ge:<\/strong>\u00a05% (50 mg) f\u00fcr ein starkes und befriedigendes Dampferlebnis<\/li>\n<li><strong>Akku<\/strong>\u00a0\u00dajrat\u00f6lthet\u0151 600mAh-s akkumul\u00e1tor, USB-C (t\u00f6lt\u0151k\u00e1bel nem tartoz\u00e9k), biztos\u00edtja a hossz\u00fa t\u00e1v\u00fa teljes\u00edtm\u00e9nyt<\/li>\n<li><strong>Vonatok:<\/strong>\u00a0T\u00f6bb mint 15 000 vonat a hossz\u00fa t\u00e1v\u00fa \u00e9lvezethez<\/li>\n<li><strong>LED kijelz\u0151:<\/strong>\u00a0Halad\u00f3 kijelz\u0151 az akkumul\u00e1tor t\u00f6lt\u00f6tts\u00e9g\u00e9r\u0151l \u00e9s az e-liquid szintr\u0151l<\/li>\n<\/ul>\n<h3>Mi\u00e9rt az Al Fakher Crown Bar 15000 PRO a megfelel\u0151 v\u00e1laszt\u00e1s<\/h3>\n<ol>\n<li><strong>Meghaladhatatlan \u00e9lettartam:<\/strong>\u00a0Ak\u00e1r 15 000 sz\u00edv\u00e1st is \u00e9lvezhet - maxim\u00e1lis teljes\u00edtm\u00e9ny \u00e9s \u00e9rt\u00e9k.<\/li>\n<li><strong>Eleg\u00e1ns \u00e9s egyedi design:<\/strong>\u00a0Az ikonikus Al Fakher log\u00f3 \u00e9s az eleg\u00e1ns kialak\u00edt\u00e1s miatt a k\u00e9sz\u00fcl\u00e9k szemet gy\u00f6ny\u00f6rk\u00f6dtet\u0151.<\/li>\n<li><strong>USB-C \u00fajrat\u00f6lthet\u0151s\u00e9g:<\/strong>\u00a0Az \u00fajrat\u00f6lthet\u0151 600mAh-s akkumul\u00e1torral meghosszabb\u00edthatja a g\u0151z\u00f6l\u00e9si \u00e9lm\u00e9nyt, amikor csak sz\u00fcks\u00e9ge van r\u00e1.<\/li>\n<li><strong>Halad\u00f3 LED kijelz\u0151:<\/strong>\u00a0A Crown Bar 15000 mindig megjelen\u00edti az e-liquid \u00e9s az akkumul\u00e1tor \u00e1llapot\u00e1t, hogy \u00d6n mindig t\u00e1j\u00e9kozott legyen.<\/li>\n<li><strong>Egyszer\u0171 kezel\u00e9s:<\/strong>\u00a0Nincs ut\u00e1nt\u00f6lt\u00e9s vagy bonyolult be\u00e1ll\u00edt\u00e1s - egyszer\u0171en csak \u00e9lvezze.<\/li>\n<\/ol>\n<hr \/>\n<h3>R\u00e9szletes le\u00edr\u00e1s az \u00edzvil\u00e1gr\u00f3l<\/h3>\n<h4>Lush Ice<\/h4>\n<p>A Lush Ice \u00edze elrep\u00edt egy frissess\u00e9ggel \u00e9s gy\u00fcm\u00f6lcs\u00f6ss\u00e9ggel teli vil\u00e1gba. Minden sz\u00edv\u00e1sn\u00e1l egy l\u00e9d\u00fas g\u00f6r\u00f6gdinnye alap bontakozik ki, amelyet egy mentol \u00e1rnyalat\u00e1val t\u00f6k\u00e9letesen kieg\u00e9sz\u00edt. Ez az aroma ide\u00e1lis mindazok sz\u00e1m\u00e1ra, akik egy friss\u00edt\u0151 \u00e9s gy\u00fcm\u00f6lcs\u00f6s g\u0151z\u00f6l\u00e9si \u00e9lm\u00e9nyt keresnek, amely leh\u0171ti \u00e9s felfriss\u00edti az \u00ednyeket. Az \u00e9des g\u00f6r\u00f6gdinnye \u00e9s az intenz\u00edv mentol k\u00f6z\u00f6tti egyens\u00faly kellemes ut\u00f3\u00edzt biztos\u00edt, amely t\u00f6bbet k\u00edv\u00e1n. Minden sz\u00edv\u00e1s egy utaz\u00e1s a tr\u00f3pusi frissess\u00e9gbe, amely soha nem v\u00e1lik unalmass\u00e1.<\/p>\n<hr \/>\n<h3>\u00cdzrobban\u00e1sok minden pillanatra<\/h3>\n<p>Az Al Fakher Crown Bar 15000 PRO \u00fagy lett kialak\u00edtva, hogy sz\u00e9les sk\u00e1l\u00e1j\u00e1t k\u00edn\u00e1lja az intenz\u00edv \u00e9s izgalmas \u00edzeknek. Fedezze fel azt a p\u00e1ratlan aromak\u00eds\u00e9rletet, amelyet az Al Fakher hoz az egyszer haszn\u00e1latos vape vil\u00e1g\u00e1ba \u2013 egy v\u00e1ltozatoss\u00e1g, amely \u00fajra\u00e9rtelmezi minden egyes g\u0151z\u00f6l\u00e9si \u00e9lm\u00e9nyt.<\/p>\n<hr \/>\n<h3>Mi\u00e9rt v\u00e1s\u00e1roljon n\u00e1lunk?<\/h3>\n<p>N\u00e9metorsz\u00e1g legnagyobb egyszer haszn\u00e1latos e-cigaretta online sz\u00e1ll\u00edt\u00f3jak\u00e9nt boltunk - alfakher24h.de -  a piacon el\u00e9rhet\u0151 legjobb \u00e9s legaktu\u00e1lisabb egyszer haszn\u00e1latos vape-k sz\u00e9les v\u00e1laszt\u00e9k\u00e1t k\u00edn\u00e1lja. A min\u0151s\u00e9gre \u00e9s az \u00fcgyf\u00e9lszolg\u00e1latra \u00f6sszpontos\u00edtva mi vagyunk a legjobb hely azok sz\u00e1m\u00e1ra, akik magas sz\u00ednvonal\u00fa \u00e9s megb\u00edzhat\u00f3 g\u0151z\u00f6l\u00e9si \u00e9lm\u00e9nyt keresnek.<\/p>","protected":false},"excerpt":{"rendered":"<p>Al Fakher Crown Bar 15000 PRO-t \u00fagy tervezt\u00e9k, hogy sz\u00e9les sk\u00e1l\u00e1j\u00e1t k\u00edn\u00e1lja az intenz\u00edv \u00e9s izgalmas \u00edzvil\u00e1goknak. Fedezze fel az \u00f6sszehasonl\u00edthatatlan aromak\u00eds\u00e9rletet<\/p>","protected":false},"featured_media":1711,"comment_status":"open","ping_status":"closed","template":"","meta":{"om_disable_all_campaigns":false},"product_brand":[],"product_cat":[43],"product_tag":[],"class_list":{"0":"post-1710","1":"product","2":"type-product","3":"status-publish","4":"has-post-thumbnail","6":"product_cat-al-fakher-crown-bar-15000","8":"first","9":"outofstock","10":"shipping-taxable","11":"purchasable","12":"product-type-simple"},"_links":{"self":[{"href":"https:\/\/alfakher24h.de\/hu\/wp-json\/wp\/v2\/product\/1710","targetHints":{"allow":["GET"]}}],"collection":[{"href":"https:\/\/alfakher24h.de\/hu\/wp-json\/wp\/v2\/product"}],"about":[{"href":"https:\/\/alfakher24h.de\/hu\/wp-json\/wp\/v2\/types\/product"}],"replies":[{"embeddable":true,"href":"https:\/\/alfakher24h.de\/hu\/wp-json\/wp\/v2\/comments?post=1710"}],"wp:featuredmedia":[{"embeddable":true,"href":"https:\/\/alfakher24h.de\/hu\/wp-json\/wp\/v2\/media\/1711"}],"wp:attachment":[{"href":"https:\/\/alfakher24h.de\/hu\/wp-json\/wp\/v2\/media?parent=1710"}],"wp:term":[{"taxonomy":"product_brand","embeddable":true,"href":"https:\/\/alfakher24h.de\/hu\/wp-json\/wp\/v2\/product_brand?post=1710"},{"taxonomy":"product_cat","embeddable":true,"href":"https:\/\/alfakher24h.de\/hu\/wp-json\/wp\/v2\/product_cat?post=1710"},{"taxonomy":"product_tag","embeddable":true,"href":"https:\/\/alfakher24h.de\/hu\/wp-json\/wp\/v2\/product_tag?post=1710"}],"curies":[{"name":"wp","href":"https:\/\/api.w.org\/{rel}","templated":true}]}}