{"id":1671,"date":"2025-02-15T02:04:33","date_gmt":"2025-02-15T02:04:33","guid":{"rendered":"https:\/\/alfakher24h.de\/?post_type=product&#038;p=1671"},"modified":"2025-05-21T04:35:19","modified_gmt":"2025-05-21T04:35:19","slug":"ai-fakher-crown-bar-15000-zuege-einweg-e-cigaretta-cseresznye-fiesta","status":"publish","type":"product","link":"https:\/\/alfakher24h.de\/hu\/termek\/ai-fakher-crown-bar-15000-zuege-einweg-e-cigaretta-cseresznye-fiesta\/","title":{"rendered":"AI Fakher Crown Bar 15000 h\u00faz\u00e1s eldobhat\u00f3 e-cigaretta \u2013 Cherry Fiesta"},"content":{"rendered":"<h2><strong>Al Fakher Crown Bar 15000 PRO eldobhat\u00f3 vape - Egyhaszn\u00e1latos e-cigaretta 15 000 sz\u00edv\u00e1sra tervezve, felejthetetlen g\u0151z\u00f6l\u00e9si \u00e9lm\u00e9ny\u00e9rt<\/strong><\/h2>\n<h3><strong>Term\u00e9kinform\u00e1ci\u00f3 \u00e1ttekint\u00e9se<\/strong><\/h3>\n<p>Az Al Fakher Crown Bar 15000 PRO eldobhat\u00f3 e-cigaretta az ig\u00e9nyes g\u0151z\u00f6l\u0151k leg\u00fajabb innov\u00e1ci\u00f3ja, akik a min\u0151s\u00e9gre, az \u00edzre \u00e9s a tart\u00f3ss\u00e1gra t\u00e1maszkodnak. A 22 ml-es e-folyad\u00e9k kapacit\u00e1s\u00e1val, az akkumul\u00e1tor \u00e9lettartam\u00e1val, amely folyamatos haszn\u00e1latot garant\u00e1l, \u00e9s a b\u0151s\u00e9ges 15 000 sz\u00edv\u00e1ssal ez az e-cigaretta t\u00f6bb napig lesz a t\u00e1rsa. A 600 mAh-es \u00fajrat\u00f6lthet\u0151 USB-C akkumul\u00e1torral (k\u00e1bel nem tartoz\u00e9k), a k\u00e9sz\u00fcl\u00e9k kiv\u00e9teles g\u0151z\u00e9lvezet\u00e9st kombin\u00e1l a tart\u00f3ss\u00e1g praktikus el\u0151ny\u00e9vel. A fejlett LED kijelz\u0151nek k\u00f6sz\u00f6nhet\u0151en mindig \u00e1tl\u00e1that\u00f3 az akkumul\u00e1tor \u00e1llapota \u00e9s az e-folyad\u00e9k mennyis\u00e9ge - ide\u00e1lis \u00fatk\u00f6zben.<\/p>\n<h3><strong>Term\u00e9kkiemel\u00e9sek<\/strong><\/h3>\n<ul>\n<li><strong>15 000 vonat kapacit\u00e1s<\/strong>: Az Al Fakher Crown Bar 15000 minden h\u00faz\u00e1ssal egyenletes \u00e9s arom\u00e1s \u00edzt biztos\u00edt, \u00e9s hossz\u00fa t\u00e1v\u00fa haszn\u00e1latot biztos\u00edt ut\u00e1nt\u00f6lt\u00e9s n\u00e9lk\u00fcl.<\/li>\n<li><strong>22 ml-es E-liquid kapacit\u00e1s<\/strong>: Gazdag e-folyad\u00e9kkal t\u00f6ltve, ez az eszk\u00f6z intenz\u00edv \u00edz\u00e9lm\u00e9nyt ny\u00fajt, amely minden \u00ednyenc sz\u00e1m\u00e1ra alkalmas.<\/li>\n<li><strong>\u00dajrat\u00f6lthet\u0151 600 mAh USB-C akkumul\u00e1tor<\/strong>: Az akkumul\u00e1tor ebben az eszk\u00f6zben tart\u00f3s \u00e9lvezetet biztos\u00edt az utols\u00f3 csepp e-liquidig.  K\u00f6nnyen \u00fajrat\u00f6lthet\u0151 USB-C k\u00e1bellel, ide\u00e1lis utaz\u00e1shoz.<\/li>\n<li><strong>5%<\/strong>: 50 mg nikotintartalmat tartalmaz\u00f3 eszk\u00f6z kellemes kiel\u00e9g\u00fcl\u00e9st ny\u00fajt a kor\u00e1bbi doh\u00e1nyosok \u00e9s a tapasztalt g\u0151z\u00f6l\u0151k sz\u00e1m\u00e1ra.<\/li>\n<li><strong>Modern diz\u00e1jn LED kijelz\u0151vel<\/strong>: A LED kijelz\u0151 lehet\u0151v\u00e9 teszi az akkumul\u00e1tor \u00e9s az e-liquid szint egyszer\u0171 ellen\u0151rz\u00e9s\u00e9t.<\/li>\n<\/ul>\n<h3><strong>Mi\u00e9rt v\u00e1lassza az Al Fakher Crown Bar 15000-et?<\/strong><\/h3>\n<ol>\n<li><strong>Egyed\u00fcl\u00e1ll\u00f3 hossz\u00fa \u00e9lettartam<\/strong>: A 15 000 h\u00faz\u00e1ssal rendelkez\u0151 Al Fakher Crown Bar 15000-as modellje az egyik legnagyobb p\u00f6f\u00e9kel\u00e9si kapacit\u00e1st k\u00edn\u00e1lja a piacon, ami cs\u00f6kkenti a gyakori ut\u00e1nv\u00e1s\u00e1rl\u00e1s vagy \u00fajrat\u00f6lt\u00e9s sz\u00fcks\u00e9gess\u00e9g\u00e9t.<\/li>\n<li><strong>Azonnali \u00e9lvezet<\/strong>K\u00f6sz\u00f6nhet\u0151en az el\u0151re felt\u00f6lt\u00f6tt e-liquid kapacit\u00e1snak \u00e9s az \u00fajrat\u00f6lthet\u0151 akkumul\u00e1tornak, a haszn\u00e1lat azonnal megkezdhet\u0151 - egyszer\u0171en t\u00f6ltse fel az akkumul\u00e1tort \u00e9s \u00e9lvezze.<\/li>\n<li><strong>Pr\u00e9mium min\u0151s\u00e9g \u00e9s autentikus arom\u00e1k<\/strong>: Az Al Fakher min\u0151s\u00e9gi e-folyad\u00e9kair\u00f3l ismert, \u00e9s minden sz\u00edv\u00e1sn\u00e1l ugyanazt az intenz\u00edv \u00edzt k\u00edn\u00e1lja.<\/li>\n<li><strong>Maxim\u00e1lis mobilit\u00e1s<\/strong>: Az \u00fajrat\u00f6lthet\u0151 funkci\u00f3 ide\u00e1liss\u00e1 teszi a k\u00e9sz\u00fcl\u00e9ket \u00fatk\u00f6zben, an\u00e9lk\u00fcl, hogy a g\u0151zmin\u0151s\u00e9get vesz\u00e9lyeztetn\u00e9.<\/li>\n<li><strong>Egyszer\u0171 alkalmaz\u00e1s<\/strong>: Nincs sz\u00fcks\u00e9g bonyolult be\u00e1ll\u00edt\u00e1sra vagy tiszt\u00edt\u00e1sra - egyszer\u0171en t\u00f6ltse fel \u00e9s haszn\u00e1lja.<\/li>\n<\/ol>\n<h3><strong>Kiz\u00e1r\u00f3lagos aromav\u00e1laszt\u00e9k<\/strong><\/h3>\n<p>Az Al Fakher sz\u00e9lesk\u00f6r\u0171 \u00edzv\u00e1laszt\u00e9kot hozott l\u00e9tre az eldobhat\u00f3 e-cigarett\u00e1k vil\u00e1g\u00e1ban, amely minden \u00edzl\u00e9snek megfelel. Az arom\u00e1kat gondosan fejlesztett\u00e9k ki, hogy biztos\u00edts\u00e1k az autentikus \u00edzt, amelyet a hagyom\u00e1nyos doh\u00e1nykult\u00far\u00e1b\u00f3l ismer\u00fcnk, p\u00e1ros\u00edtva egy modern csavar\u00e1ssal a g\u0151z\u00f6l\u00e9si \u00e9lm\u00e9nyhez.<\/p>\n<h4><strong>Cherry Fiesta<\/strong><\/h4>\n<p>K\u00fcl\u00f6n\u00f6sen intenz\u00edv cseresznye aroma, amely gy\u00fcm\u00f6lcs\u00f6s \u00e9dess\u00e9ggel var\u00e1zsol el. A Cherry Fiesta \u00e9letre kelti az \u00e9rett cseresznye \u00edz\u00e9t, \u00e9s olyan \u00e9lm\u00e9nyt ny\u00fajt, amely egyszerre l\u00e1gy \u00e9s intenz\u00edv. Minden sz\u00edv\u00e1sn\u00e1l m\u00e9ly, term\u00e9szetes \u00e9dess\u00e9g bontakozik ki, amely a friss, l\u00e9d\u00fas csereszny\u00e9re eml\u00e9keztet. Ez az \u00edz ide\u00e1lis azok sz\u00e1m\u00e1ra, akik a klasszikus, m\u00e9gis intenz\u00edv gy\u00fcm\u00f6lcs\u00edzt \u00e9rt\u00e9kelik, amely soha nem t\u0171nik tolakod\u00f3nak.<\/p>\n<h3><strong>A t\u00f6k\u00e9letes v\u00e1laszt\u00e1s egy intenz\u00edv \u00edzhez<\/strong><\/h3>\n<p>Az Al Fakher Crown Bar 15000 eldobhat\u00f3 e-cigaretta egyed\u00fcl\u00e1ll\u00f3 egyens\u00falyt k\u00edn\u00e1l a teljes\u00edtm\u00e9ny, az \u00edz \u00e9s a mobilit\u00e1s k\u00f6z\u00f6tt. Minden sz\u00edv\u00e1s egy \u00f6n\u00e1ll\u00f3 \u00e9lm\u00e9ny, amely izgatja a vapereket \u00e9s visszahozza \u0151ket. Pr\u00f3b\u00e1lja ki ezt a hossz\u00fa \u00e9lettartam\u00fa \u00e9s k\u00f6nnyen haszn\u00e1lhat\u00f3 eldobhat\u00f3 e-cigarett\u00e1t az alfakher24h.de oldalon, \u00e9s fedezze fel, mi\u00e9rt ez az els\u0151 v\u00e1laszt\u00e1s a n\u00e9met vaperek k\u00f6r\u00e9ben.<\/p>","protected":false},"excerpt":{"rendered":"<p>Az Al Fakher Crown Bar 15000 eldobhat\u00f3 e-cigaretta egyed\u00fcl\u00e1ll\u00f3 egyens\u00falyt k\u00edn\u00e1l a teljes\u00edtm\u00e9ny, az \u00edz \u00e9s a mobilit\u00e1s k\u00f6z\u00f6tt. Minden sz\u00edv\u00e1s egy \u00f6n\u00e1ll\u00f3 \u00e9lm\u00e9ny, amely izgatja a vapereket \u00e9s \u0151ket<\/p>","protected":false},"featured_media":1672,"comment_status":"open","ping_status":"closed","template":"","meta":{"om_disable_all_campaigns":false},"product_brand":[],"product_cat":[43],"product_tag":[],"class_list":{"0":"post-1671","1":"product","2":"type-product","3":"status-publish","4":"has-post-thumbnail","6":"product_cat-al-fakher-crown-bar-15000","8":"first","9":"outofstock","10":"shipping-taxable","11":"purchasable","12":"product-type-simple"},"_links":{"self":[{"href":"https:\/\/alfakher24h.de\/hu\/wp-json\/wp\/v2\/product\/1671","targetHints":{"allow":["GET"]}}],"collection":[{"href":"https:\/\/alfakher24h.de\/hu\/wp-json\/wp\/v2\/product"}],"about":[{"href":"https:\/\/alfakher24h.de\/hu\/wp-json\/wp\/v2\/types\/product"}],"replies":[{"embeddable":true,"href":"https:\/\/alfakher24h.de\/hu\/wp-json\/wp\/v2\/comments?post=1671"}],"wp:featuredmedia":[{"embeddable":true,"href":"https:\/\/alfakher24h.de\/hu\/wp-json\/wp\/v2\/media\/1672"}],"wp:attachment":[{"href":"https:\/\/alfakher24h.de\/hu\/wp-json\/wp\/v2\/media?parent=1671"}],"wp:term":[{"taxonomy":"product_brand","embeddable":true,"href":"https:\/\/alfakher24h.de\/hu\/wp-json\/wp\/v2\/product_brand?post=1671"},{"taxonomy":"product_cat","embeddable":true,"href":"https:\/\/alfakher24h.de\/hu\/wp-json\/wp\/v2\/product_cat?post=1671"},{"taxonomy":"product_tag","embeddable":true,"href":"https:\/\/alfakher24h.de\/hu\/wp-json\/wp\/v2\/product_tag?post=1671"}],"curies":[{"name":"wp","href":"https:\/\/api.w.org\/{rel}","templated":true}]}}