{"id":1669,"date":"2025-02-15T01:56:01","date_gmt":"2025-02-15T01:56:01","guid":{"rendered":"https:\/\/alfakher24h.de\/?post_type=product&#038;p=1669"},"modified":"2025-05-21T04:35:19","modified_gmt":"2025-05-21T04:35:19","slug":"ai-fakher-crown-bar-15000-zuege-einweg-e-cigaretta-szolo-menta","status":"publish","type":"product","link":"https:\/\/alfakher24h.de\/hu\/termek\/ai-fakher-crown-bar-15000-zuege-einweg-e-cigaretta-szolo-menta\/","title":{"rendered":"AI Fakher Crown Bar 15000 h\u00faz\u00e1s eldobhat\u00f3 e-cigaretta - Sz\u0151l\u0151 Menta"},"content":{"rendered":"<h2><a href=\"https:\/\/alfakher24h.de\/hu\/\">Al Fakher Crown Bar 15000 PRO<\/a>: A forradalom az eldobhat\u00f3 e-cigarett\u00e1k k\u00f6z\u00f6tt<\/h2>\n<p>A\u00a0<strong>Al Fakher Crown Bar 15000 PRO<\/strong>\u00a0Az eldobhat\u00f3 e-cigarett\u00e1k leg\u00fajabb innov\u00e1ci\u00f3ja, amely t\u00f6k\u00e9letesen megfelel a n\u00e9met piacnak, \u00e9s kiemelked\u0151 g\u0151z\u00f6l\u00e9si \u00e9lm\u00e9nyt ny\u00fajt. Egyed\u00fcl\u00e1ll\u00f3 kombin\u00e1ci\u00f3ban \u00f6tv\u00f6zi a kiv\u00e1l\u00f3 diz\u00e1jnt, a leny\u0171g\u00f6z\u0151 teljes\u00edtm\u00e9nyt \u00e9s a felhaszn\u00e1l\u00f3bar\u00e1t funkcionalit\u00e1st, ezzel \u00faj m\u00e9rc\u00e9t \u00e1ll\u00edtva fel a vapel\u00e9s vil\u00e1g\u00e1ban. \u00c9lvezze az intenz\u00edv arom\u00e1kat \u00e9s a hossz\u00fa t\u00e1v\u00fa \u00f6r\u00f6m\u00f6t 15 000 sz\u00edv\u00e1ssal - igazi forradalom a vapel\u00e9sek szerelmeseinek.<\/p>\n<p>L\u00e1togasson el az alfakher24h.de oldalra, N\u00e9metorsz\u00e1g legnagyobb eldobhat\u00f3 e-cigarett\u00e1k online \u00e9rt\u00e9kes\u00edt\u00e9si platformj\u00e1ra, \u00e9s fedezze fel az Al Fakher Crown Bar 15000 PRO-t.<\/p>\n<p>&nbsp;<\/p>\n<h3>Egyedi kialak\u00edt\u00e1s \u00e9s kiv\u00e1l\u00f3 min\u0151s\u00e9g\u0171 megmunk\u00e1l\u00e1s<\/h3>\n<p>Az Al Fakher Crown Bar 15000 PRO diz\u00e1jnja \u00e9ppoly leny\u0171g\u00f6z\u0151, mint funkcion\u00e1lis. A robusztus konstrukci\u00f3 \u00e9s a modern h\u00e1z nem csak eleg\u00e1ns megjelen\u00e9st k\u00f6lcs\u00f6n\u00f6z az e-ciginek, hanem tart\u00f3ss\u00e1 \u00e9s praktikus\u00e1v\u00e1 is teszi a mindennapi haszn\u00e1latra. Az innovat\u00edv LED-kijelz\u0151 b\u00e1rmikor mutatja az akkumul\u00e1tor \u00e1llapot\u00e1t \u00e9s a fennmarad\u00f3 e-liquid mennyis\u00e9g\u00e9t, \u00edgy mindig szemmel tarthatja az e-cigij\u00e9t.<\/p>\n<h3><strong>Al Fakher Crown Bar 15000 PRO<\/strong>\u00a0Funkci\u00f3k \u00e1ttekint\u00e9se<\/h3>\n<ul>\n<li><strong>Hossz\u00fa \u00e9lettartam<\/strong>: Legfeljebb\u00a0<strong>15 000 vonat<\/strong>Ez azt jelenti, hogy t\u00f6bb napon kereszt\u00fcl \u00e9lvezheti an\u00e9lk\u00fcl, hogy gyakran \u00fajra kellene t\u00f6lteni.<\/li>\n<li><strong>Nagy e-folyad\u00e9k kapacit\u00e1s<\/strong>:\u00a0<strong>22ml el\u0151t\u00f6lt\u00f6tt folyad\u00e9k<\/strong>\u00a0Biztos\u00edtja a folyamatos \u00edzrobban\u00e1st.<\/li>\n<li><strong>Akkumul\u00e1tor kapacit\u00e1s<\/strong>:\u00a0<strong>600mAh<\/strong>\u00a0\u00fajrat\u00f6lthet\u0151 USB-C akkumul\u00e1tor, gyors \u00e9s egyszer\u0171 t\u00f6lt\u00e9shez.<\/li>\n<li><strong>LED-kijelz\u0151<\/strong>: T\u00e1j\u00e9koztat a folyad\u00e9k szintj\u00e9r\u0151l \u00e9s az akkumul\u00e1tor \u00e1llapot\u00e1r\u00f3l \u2013 val\u00f3di el\u0151ny a k\u00e9nyelem \u00e9s a biztons\u00e1g szempontj\u00e1b\u00f3l.<\/li>\n<li><strong>Er\u0151s nikotinkoncentr\u00e1ci\u00f3<\/strong>:\u00a0<strong>5% Nikotin<\/strong>\u00a0intenz\u00edv kiel\u00e9g\u00fcl\u00e9shez, k\u00fcl\u00f6n\u00f6sen alkalmas azoknak a doh\u00e1nyosoknak \u00e9s g\u0151z\u00f6l\u0151knek, akik v\u00e1llalj\u00e1k a v\u00e1lt\u00e1st.<\/li>\n<\/ul>\n<h3>Mi\u00e9rt v\u00e1s\u00e1rolja meg az Al Fakher Crown Bar 15000 PRO-t?<\/h3>\n<p>Az Al Fakher Crown Bar 15000 PRO-t \u00fagy tervezt\u00e9k, hogy a lehet\u0151 legt\u00f6bbet hozza ki a g\u0151z\u00f6l\u00e9s \u00e9lm\u00e9ny\u00e9b\u0151l. Er\u0151s nikotin-l\u00f6keteket, hossz\u00fa \u00e9lettartam\u00fa g\u0151ztermel\u00e9st \u00e9s sz\u00e9les v\u00e1laszt\u00e9kot k\u00edn\u00e1l intenz\u00edv arom\u00e1kb\u00f3l, amelyek t\u00f6k\u00e9letesen t\u00fckr\u00f6zik az Al Fakher szak\u00e9rtelm\u00e9t az \u00edzfejleszt\u00e9sben. Az e-cigaretta t\u00f6k\u00e9letes mindazok sz\u00e1m\u00e1ra, akik komplik\u00e1ci\u00f3mentes, magas sz\u00ednvonal\u00fa g\u0151z\u00f6l\u00e9si \u00e9lm\u00e9nyt keresnek \u00fajrat\u00f6lt\u00e9s vagy rendszeres t\u00f6lt\u00e9s n\u00e9lk\u00fcl.<\/p>\n<ol>\n<li><strong>Er\u0151teljes g\u0151z\u00f6r\u00f6m<\/strong>\u00a0\u2013 Ak\u00e1r 15 000 vonat biztos\u00edtja a t\u00f6bb \u00f3r\u00e1s g\u0151z\u00f6l\u00e9s \u00f6r\u00f6m\u00e9t, ide\u00e1lis hossz\u00fa napokra \u00e9s \u00e9jszak\u00e1kra.<\/li>\n<li><strong>\u00dajrat\u00f6lthet\u0151 akkumul\u00e1tor<\/strong>\u00a0\u2013 Az ak\u00e1r 600mAh kapacit\u00e1s\u00fa akkumul\u00e1tor garant\u00e1lja, hogy a g\u0151z ne fogyjon el, miel\u0151tt a folyad\u00e9k kimer\u00fclne.<\/li>\n<li><strong>Felhaszn\u00e1l\u00f3bar\u00e1t kialak\u00edt\u00e1s<\/strong>\u00a0\u2013 Az LED kijelz\u0151vel mindig \u00e1tl\u00e1thatja az e-cigarett\u00e1j\u00e1t.<\/li>\n<li><strong>Al Fakhers bev\u00e1lt min\u0151s\u00e9ge<\/strong>\u00a0\u00c9vtizedes tapasztalat az \u00edzek fejleszt\u00e9s\u00e9ben, hogy \u00f6sszehasonl\u00edthatatlan vaporiz\u00e1ci\u00f3s \u00e9lm\u00e9nyt ny\u00fajtson.<\/li>\n<li><strong>Magas nikotinkoncentr\u00e1ci\u00f3<\/strong>\u00a0- Ide\u00e1lis mindazok sz\u00e1m\u00e1ra, akik nagyra \u00e9rt\u00e9kelik a min\u0151s\u00e9gi nikotintapasztalatot.<\/li>\n<\/ol>\n<h3>Intenz\u00edv \u00edz - Soksz\u00edn\u0171s\u00e9g \u00e9s Hiteless\u00e9g<\/h3>\n<p>Az Al Fakher Crown Bar 15000 PRO \u00edzei nem csak v\u00e1ltozatosak, hanem autentikus \u00e9s intenz\u00edv \u00e9lm\u00e9nyt is ny\u00fajtanak, amit az Al Fakher rajong\u00f3i im\u00e1dni fognak. Itt van egy r\u00e9szletes pillant\u00e1s az arom\u00e1kra:<\/p>\n<h4>Sz\u0151l\u0151 Menta - A frissess\u00e9g \u00e9s az \u00e9dess\u00e9g t\u00f6k\u00e9letes kever\u00e9ke<\/h4>\n<p>Egy felismerhet\u0151 \u00edz, amely a sz\u0151l\u0151 \u00e9des, l\u00e9d\u00fas frissess\u00e9g\u00e9t \u00f6tv\u00f6zi a h\u0171v\u00f6s menta enyhe \u00e9rint\u00e9s\u00e9vel. A t\u00f6k\u00e9letes egyens\u00faly az \u00e9dess\u00e9g \u00e9s a frissess\u00e9g k\u00f6z\u00f6tt, amely fel\u00e9leszti az \u00edzlel\u0151bimb\u00f3kat, \u00e9s b\u00e1rmely napszakban kellemes.<\/p>\n<ul>\n<li><strong>\u00cdz\u00e9lm\u00e9ny<\/strong>A sz\u0151l\u0151 \u00e9des, telt jegyeit egy finom ment\u00e1s jegy t\u00f6k\u00e9letesen kieg\u00e9sz\u00edti, \u00e9s kellemesen h\u0171s lecseng\u00e9st eredm\u00e9nyez.<\/li>\n<li><strong>Hiteless\u00e9g<\/strong>: Az Al Fakher nagy hangs\u00falyt fektetett az aroma hiteless\u00e9g\u00e9re, hogy minden sz\u00edv\u00e1s elkapja a friss sz\u0151l\u0151 \u00edz\u00e9t.<\/li>\n<li><strong>Alkalmaz\u00e1s<\/strong>Ide\u00e1lis a friss, gy\u00fcm\u00f6lcs\u00f6s arom\u00e1k szerelmeseinek, akik tiszta \u00e9s intenz\u00edv \u00edzt keresnek.<\/li>\n<\/ul>\n<h4>Sz\u00e9les aromav\u00e1laszt\u00e9k <a href=\"https:\/\/alfakher24h.de\/hu\/\">Al Fakher<\/a><\/h4>\n<p>A Grape Mint mellett az Al Fakher Crown Bar 15000 PRO sz\u00e1mos \u00edzes\u00edt\u00e9st k\u00edn\u00e1l. Minden \u00edz gondosan k\u00e9sz\u00fclt, hogy egyed\u00fcl\u00e1ll\u00f3 p\u00e1rol\u00e1si \u00e9lm\u00e9nyt ny\u00fajtson, \u00e9s t\u00f6k\u00e9letesen t\u00fckr\u00f6zze az Al Fakher e-cigarett\u00e1k \u00edzvil\u00e1g\u00e1t. Ak\u00e1r gy\u00fcm\u00f6lcs\u00f6s, \u00e9des, vagy keserny\u00e9s jegyeket kedveli - a Crown Bar 15000 minden \u00edzl\u00e9shez k\u00edn\u00e1l valamit.<\/p>\n<h3>Hogyan haszn\u00e1lja az Al Fakher Crown Bar 15000 PRO-t<a href=\"https:\/\/alfakher24h.de\/hu\/\"> alfakher24h.de<\/a>\u00a0v\u00e1s\u00e1rolni<\/h3>\n<p>L\u00e1togasson el az alfakher24h.de oldalra, \u00e9s b\u00f6ng\u00e9sszen sz\u00e9les v\u00e1laszt\u00e9kunkban <a href=\"https:\/\/alfakher24h.de\/hu\/\">Eldobhat\u00f3 e-cigarett\u00e1k<\/a>Mint a legnagyobb eldobhat\u00f3 vape platform N\u00e9metorsz\u00e1gban, exkluz\u00edv Al Fakher term\u00e9kv\u00e1laszt\u00e9kot k\u00edn\u00e1lunk \u00d6nnek, amelyet kiv\u00e1l\u00f3 min\u0151s\u00e9g \u00e9s innovat\u00edv funkci\u00f3k jellemeznek.<\/p>\n<p>V\u00e1lassza az Al Fakher Crown Bar 15000 PRO-t \u00e9s tapasztaljon meg egy p\u00e1ratlan g\u0151z\u00f6l\u00e9si \u00f6r\u00f6m\u00f6t.<\/p>","protected":false},"excerpt":{"rendered":"<p>L\u00e1togasson el az alfakher24h.de oldalra, \u00e9s b\u00f6ng\u00e9sszen sz\u00e9les v\u00e1laszt\u00e9kunkban <a href=\"https:\/\/alfakher24h.de\/hu\/\">Eldobhat\u00f3 e-cigarett\u00e1k<\/a>Mint a legnagyobb eldobhat\u00f3 vape platform N\u00e9metorsz\u00e1gban, exkluz\u00edv Al Fakher term\u00e9kv\u00e1laszt\u00e9kot k\u00edn\u00e1lunk \u00d6nnek, amelyet kiv\u00e1l\u00f3 min\u0151s\u00e9g \u00e9s innovat\u00edv funkci\u00f3k jellemeznek.<\/p>","protected":false},"featured_media":1670,"comment_status":"open","ping_status":"closed","template":"","meta":{"om_disable_all_campaigns":false},"product_brand":[],"product_cat":[43],"product_tag":[],"class_list":{"0":"post-1669","1":"product","2":"type-product","3":"status-publish","4":"has-post-thumbnail","6":"product_cat-al-fakher-crown-bar-15000","8":"first","9":"outofstock","10":"shipping-taxable","11":"purchasable","12":"product-type-simple"},"_links":{"self":[{"href":"https:\/\/alfakher24h.de\/hu\/wp-json\/wp\/v2\/product\/1669","targetHints":{"allow":["GET"]}}],"collection":[{"href":"https:\/\/alfakher24h.de\/hu\/wp-json\/wp\/v2\/product"}],"about":[{"href":"https:\/\/alfakher24h.de\/hu\/wp-json\/wp\/v2\/types\/product"}],"replies":[{"embeddable":true,"href":"https:\/\/alfakher24h.de\/hu\/wp-json\/wp\/v2\/comments?post=1669"}],"wp:featuredmedia":[{"embeddable":true,"href":"https:\/\/alfakher24h.de\/hu\/wp-json\/wp\/v2\/media\/1670"}],"wp:attachment":[{"href":"https:\/\/alfakher24h.de\/hu\/wp-json\/wp\/v2\/media?parent=1669"}],"wp:term":[{"taxonomy":"product_brand","embeddable":true,"href":"https:\/\/alfakher24h.de\/hu\/wp-json\/wp\/v2\/product_brand?post=1669"},{"taxonomy":"product_cat","embeddable":true,"href":"https:\/\/alfakher24h.de\/hu\/wp-json\/wp\/v2\/product_cat?post=1669"},{"taxonomy":"product_tag","embeddable":true,"href":"https:\/\/alfakher24h.de\/hu\/wp-json\/wp\/v2\/product_tag?post=1669"}],"curies":[{"name":"wp","href":"https:\/\/api.w.org\/{rel}","templated":true}]}}