{"id":1667,"date":"2025-02-15T01:51:45","date_gmt":"2025-02-15T01:51:45","guid":{"rendered":"https:\/\/alfakher24h.de\/?post_type=product&#038;p=1667"},"modified":"2025-05-21T04:35:19","modified_gmt":"2025-05-21T04:35:19","slug":"ai-fakher-crown-bar-15000-zuege-einweg-e-cigaretta-citromos-menta","status":"publish","type":"product","link":"https:\/\/alfakher24h.de\/hu\/termek\/ai-fakher-crown-bar-15000-zuege-einweg-e-cigaretta-citromos-menta\/","title":{"rendered":"AI Fakher Crown Bar 15000 h\u00faz\u00e1s eldobhat\u00f3 e-cigaretta - Citrom Menta"},"content":{"rendered":"<h2><a href=\"https:\/\/alfakher24h.de\/hu\/\">Eldobhat\u00f3 e-cigaretta<\/a>\u00a0Al Fakher Crown Bar 15000 PRO \u2013 Az Ultimate Vaping-\u00c9lm\u00e9ny<\/h2>\n<p>Fedezze fel a k\u00f6nny\u0171 g\u0151z\u00f6l\u00e9s vil\u00e1g\u00e1t a\u00a0<strong>Al Fakher Crown Bar 15000 PRO eldobhat\u00f3 e-cigaretta<\/strong>\u00a0- a k\u00f6telez\u0151 darab minden vape-rajong\u00f3 sz\u00e1m\u00e1ra N\u00e9metorsz\u00e1gban! Megnyer\u0151\u00a0<strong>15 000 vonatb\u00f3l<\/strong>ezzel az er\u0151teljes\u00a0<strong>600mAh USB-C akkumul\u00e1tor<\/strong>\u00a0\u00e9s 22ml els\u0151 oszt\u00e1ly\u00fa e-folyad\u00e9kkal ez az eszk\u00f6z olyan vape-\u00e9lm\u00e9nyt ny\u00fajt, amely le fogja ny\u0171g\u00f6zni. Ak\u00e1r utaz\u00e1s k\u00f6zben, ak\u00e1r otthon, ezzel az eldobhat\u00f3 e-cigarett\u00e1val t\u00f6k\u00e9letesen fel van szerelve a tiszta \u00edz \u00e9s a praktikus kezel\u00e9s \u00e9lvezet\u00e9hez.<\/p>\n<h3>Mi\u00e9rt A\u00a0<a href=\"https:\/\/alfakher24h.de\/hu\/\">Al Fakher Crown Bar 15000 PRO<\/a>?<\/h3>\n<p>Ez az e-cigaretta kiemelkedik az \u00e1ltal, hogy \u00f3ri\u00e1si\u00a0<strong>Kapacit\u00e1s<\/strong>\u00a0\u00e9s innovat\u00edv r\u00e9szleteiben is k\u00fcl\u00f6nb\u00f6zik a versenyt\u00e1rsakt\u00f3l. Itt nem csak az\u00a0<strong>Egyedi tervez\u00e9s<\/strong>Hanem a teljes\u00edtm\u00e9ny is kiemelked\u0151. Az Al Fakher Crown Bar-t hossz\u00fa t\u00e1v\u00fa \u00e9lvezeti pillanatokra tervezt\u00e9k, \u00e9s ide\u00e1lis azok sz\u00e1m\u00e1ra, akik kompromisszumok n\u00e9lk\u00fcli vape-\u00e9lm\u00e9nyt keresnek.<\/p>\n<p><strong>Most jelen van N\u00e9metorsz\u00e1g legnagyobb egyszer haszn\u00e1latos e-cigaretta online boltj\u00e1ban<\/strong>\u00a0\u2013\u00a0<strong>alfakherwelt.de<\/strong>\u00a0El\u00e9rhet\u0151.<\/p>\n<hr \/>\n<h3>Al Fakher Crown Bar 15000 PRO f\u0151bb jellemz\u0151i<\/h3>\n<ul>\n<li><strong>Puffsz\u00e1m<\/strong>: \u00dcber\u00a0<strong>15 000 vonat<\/strong>\u00a0- figyelemre m\u00e9lt\u00f3 kapacit\u00e1s hetekig tart\u00f3 g\u0151z\u00f6l\u00e9si k\u00e9nyelemhez.<\/li>\n<li><strong>E-folyad\u00e9k kapacit\u00e1s<\/strong>Tartalmaz\u00a0<strong>22ml<\/strong>\u00a0Magas min\u0151s\u00e9g\u0171 e-folyad\u00e9k intenz\u00edv \u00e9s tart\u00f3s \u00edzhez.<\/li>\n<li><strong>Akku kapacit\u00e1s<\/strong>: A\u00a0<strong>600mAh USB-C \u00fajrat\u00f6lthet\u0151 akkumul\u00e1tor<\/strong>\u00a0Biztos\u00edtja, hogy a k\u00e9sz\u00fcl\u00e9k az utols\u00f3 folyad\u00e9kig kitartson.<\/li>\n<li><strong>Nikotintartalom<\/strong>: Nikotintartalma:\u00a0<strong>5% (50mg)<\/strong>\u00a0Kell\u0151en testes l\u00f6ketet k\u00edn\u00e1l, ide\u00e1lis a v\u00e1lt\u00f3knak \u00e9s a tapasztalt g\u0151z\u00f6l\u0151knek.<\/li>\n<li><strong>LED-kijelz\u0151<\/strong>: Egy integr\u00e1lt kijelz\u0151 mutatja\u00a0<strong>Akkumul\u00e1tor \u00e1llapota \u00e9s folyad\u00e9kszintje<\/strong>\u00a0- t\u00f6k\u00e9letes, hogy mindig t\u00e1j\u00e9kozott legyen.<\/li>\n<li><strong>Eleg\u00e1ns design log\u00f3val<\/strong>: A k\u00e9sz\u00fcl\u00e9k b\u00fcszk\u00e9n viseli az Al Fakher log\u00f3t, \u00e9s \u00edgy a vape rajong\u00f3k besz\u00e9lget\u00e9s\u00e9nek t\u00e1rgy\u00e1v\u00e1 v\u00e1lik.<\/li>\n<\/ul>\n<hr \/>\n<h2>\u00c9lje \u00e1t a p\u00e1ratlan \u00edzt - Al Fakher Aroma v\u00e1ltozatoss\u00e1g<\/h2>\n<p>Al Fakher ismert a kiv\u00e1l\u00f3 \u00edzvil\u00e1g\u00e1r\u00f3l, amely a shisha kult\u00far\u00e1b\u00f3l inspir\u00e1l\u00f3dva ker\u00fclt \u00e1t az egyszer haszn\u00e1latos vape term\u00e9kcsal\u00e1dba. Az e-cigaretta \u00edzei autentikus \u00e9s gazdag aromakokt\u00e9lt k\u00edn\u00e1lnak, amely t\u00f6bbet k\u00edv\u00e1n.<\/p>\n<h3>Intenz\u00edv \u00edz\u00e9lm\u00e9nyek - \u00d6r\u00f6m minden \u00e9rz\u00e9knek<\/h3>\n<p>A\u00a0<a href=\"https:\/\/alfakherwelt.de\/product-category\/ai-fakher-crown-bar-15000\/\" target=\"_blank\" rel=\"noopener\"><strong>Al Fakher Crown Bar 15000 PRO<\/strong><\/a>\u00a0Egy sor finom \u00edzt k\u00edn\u00e1l, amelyek gondosan v\u00e1logatott arom\u00e1kra t\u00e1maszkodnak a legmagasabb min\u0151s\u00e9g biztos\u00edt\u00e1sa \u00e9rdek\u00e9ben. Itt van egy \u00e1ttekint\u00e9s az intenz\u00edv \u00e9s izgalmas arom\u00e1kr\u00f3l:<\/p>\n<ol>\n<li><strong>Citrom Menta<\/strong>\u00a0Ez az \u00e9l\u00e9nk\u00edt\u0151 kever\u00e9k a l\u00e9d\u00fas citrom arom\u00e1j\u00e1b\u00f3l \u00e9s a friss menta \u00e9rint\u00e9s\u00e9b\u0151l h\u0171s\u00edt\u0151 \u00e9s friss\u00edt\u0151 g\u0151z\u00f6l\u00e9si \u00e9lm\u00e9nyt ny\u00fajt. A citrusos jegyek spriccelnek \u00e9s teli vannak, m\u00edg a menta gyeng\u00e9den friss\u00edti az \u00ednyet.<\/li>\n<li><strong>Berry Blast<\/strong>\u00a0- \u00c9des, \u00e9rett erdei gy\u00fcm\u00f6lcs\u00f6k kever\u00e9ke, amely egy meleg ny\u00e1ri napra eml\u00e9keztet. Minden bel\u00e9gz\u00e9sn\u00e9l szeder, m\u00e1lna \u00e9s \u00e1fonya arom\u00e1i bontakoznak ki - t\u00f6k\u00e9letes azok sz\u00e1m\u00e1ra, akik a gy\u00fcm\u00f6lcs\u00f6s \u00edzeket szeretik.<\/li>\n<li><strong>Van\u00edlia kr\u00e9m<\/strong>\u00a0- A kr\u00e9mes \u00e9s l\u00e1gy \u00edzek kedvel\u0151i sz\u00e1m\u00e1ra a van\u00edlia kr\u00e9m igazi \u00ednyencs\u00e9g. A selymes van\u00edli\u00e1t kr\u00e9mes jegyek k\u00eds\u00e9rik, \u00e9s csod\u00e1latosan puha \u00e9s \u00e9des \u00e9lm\u00e9nyt ny\u00fajt.<\/li>\n<li><strong>Mango Delight<\/strong>\u00a0\u2013 A tr\u00f3pusi mang\u00f3 jegyzetek egzotikus \u00e9rz\u00e9st hoznak \u00e9s \u00e9des, telt \u00edz\u00e1rnyalatokat eredm\u00e9nyeznek, amelyek intenz\u00edvek \u00e9s kiel\u00e9g\u00edt\u0151ek egyar\u00e1nt.<\/li>\n<li><strong>Cool Mint<\/strong>\u00a0- Klasszikus ment\u00e1s aroma, amely h\u0171v\u00f6s, friss\u00edt\u0151 f\u00faj\u00e1st ny\u00fajt egyik a m\u00e1sik ut\u00e1n. Ide\u00e1lis mindazok sz\u00e1m\u00e1ra, akik a friss \u00e9s k\u00f6nnyed dolgokat szeretik.<\/li>\n<\/ol>\n<p>&nbsp;<\/p>\n<p>&nbsp;<\/p>\n<hr \/>\n<h3>Mi\u00e9rt \u00d6n\u00f6k A<a href=\"https:\/\/alfakher24h.de\/hu\/\"> Al Fakher<\/a> Crown Bar 15000 PRO-t n\u00e1lunk v\u00e1s\u00e1roljon<\/h3>\n<p>A haszn\u00e1lhat\u00f3 egyszerhaszn\u00e1latos e-cigaretta megv\u00e1s\u00e1rl\u00e1sakor d\u00f6nt\u0151 fontoss\u00e1g\u00fa, hogy olyan term\u00e9ket v\u00e1lasszon, amely \u00f6tv\u00f6zi a min\u0151s\u00e9get \u00e9s a felhaszn\u00e1l\u00f3bar\u00e1ts\u00e1got. A\u00a0<strong>Al Fakher Crown Bar 15000 PRO<\/strong>\u00a0pontosan ezt ny\u00fajtja:<\/p>\n<ul>\n<li><strong>Tart\u00f3ss\u00e1g<\/strong>: Nagy von\u00f3kapacit\u00e1s\u00e1val \u00e9s er\u0151s akkumul\u00e1tor\u00e1val ez az eszk\u00f6z hosszantart\u00f3 \u00e9lvezetre tervezett - ide\u00e1lis \u00fatk\u00f6zben \u00e9s t\u00f6bb napos haszn\u00e1latra.<\/li>\n<li><strong>Gyakorlati kezel\u00e9s<\/strong>K\u00f6nnyen haszn\u00e1lhat\u00f3 \u00e9s \u00fajrat\u00f6lthet\u0151, a k\u00e9sz\u00fcl\u00e9k megszabad\u00edtja \u00d6nt a patronok kellemetlen felt\u00f6lt\u00e9s\u00e9t\u0151l \u00e9s cser\u00e9j\u00e9t\u0151l.<\/li>\n<li><strong>Hiteles \u00edz<\/strong>: \u00c9lvezze az Al Fakher szak\u00e9rtelm\u00e9t, amely intenz\u00edv arom\u00e1ir\u00f3l ismert \u00e9s t\u00f6k\u00e9letes g\u0151z\u00f6l\u00e9si \u00e9lm\u00e9nyt ny\u00fajt.<\/li>\n<li><strong>Egyszer\u0171 \u00e9s Mobil<\/strong>: Nincs k\u00f6r\u00fclm\u00e9nyes be\u00e1ll\u00edt\u00e1s vagy tiszt\u00edt\u00e1si munka - egyszer\u0171en t\u00f6ltse fel \u00e9s \u00e9lvezze.<\/li>\n<li><strong>Diszkr\u00e9t tervez\u00e9s<\/strong>Kompakt \u00e9s eleg\u00e1ns form\u00e1j\u00e1nak k\u00f6sz\u00f6nhet\u0151en a k\u00e9sz\u00fcl\u00e9k minden zsebben \u00e9szrev\u00e9tlen\u00fcl elf\u00e9r.<\/li>\n<\/ul>\n<div class=\"thumbnail thumbnail-image\"><\/div>\n<div class=\"details\">\n<div class=\"filename\"><\/div>\n<\/div>\n<p><img loading=\"lazy\" decoding=\"async\" class=\"alignnone wp-image-855 size-full\" title=\"AI Fakher Crown Bar 15000 h\u00faz\u00e1s eldobhat\u00f3 e-cigaretta - Citrom Menta 3\" src=\"https:\/\/alfakher24h.de\/wp-content\/uploads\/2025\/02\/2AI-Fakher-Crown-Bar-15000-1.webp\" sizes=\"auto, (max-width: 1920px) 100vw, 1920px\" srcset=\"https:\/\/alfakher24h.de\/wp-content\/uploads\/2025\/02\/2AI-Fakher-Crown-Bar-15000-1.webp 1920w, https:\/\/alfakher24h.de\/wp-content\/uploads\/2025\/02\/2AI-Fakher-Crown-Bar-15000-1-300x169.webp 300w, https:\/\/alfakher24h.de\/wp-content\/uploads\/2025\/02\/2AI-Fakher-Crown-Bar-15000-1-1024x576.webp 1024w, https:\/\/alfakher24h.de\/wp-content\/uploads\/2025\/02\/2AI-Fakher-Crown-Bar-15000-1-768x432.webp 768w, https:\/\/alfakher24h.de\/wp-content\/uploads\/2025\/02\/2AI-Fakher-Crown-Bar-15000-1-1536x864.webp 1536w, https:\/\/alfakher24h.de\/wp-content\/uploads\/2025\/02\/2AI-Fakher-Crown-Bar-15000-1-600x338.webp 600w\" alt=\"AI Fakher Crown Bar 15000 h\u00faz\u00e1s eldobhat\u00f3 e-cigaretta - Citrom Menta\" width=\"1920\" height=\"1080\" \/><\/p>","protected":false},"excerpt":{"rendered":"<p>A haszn\u00e1lhat\u00f3 egyszerhaszn\u00e1latos e-cigaretta megv\u00e1s\u00e1rl\u00e1sakor d\u00f6nt\u0151 fontoss\u00e1g\u00fa, hogy olyan term\u00e9ket v\u00e1lasszon, amely \u00f6tv\u00f6zi a min\u0151s\u00e9get \u00e9s a felhaszn\u00e1l\u00f3bar\u00e1ts\u00e1got. A\u00a0<strong>Al Fakher Crown Bar 15000 PRO<\/strong>\u00a0pontosan ezt ny\u00fajtja:<\/p>\n<ul>\n<li><\/li>\n<\/ul>","protected":false},"featured_media":1668,"comment_status":"open","ping_status":"closed","template":"","meta":{"om_disable_all_campaigns":false},"product_brand":[],"product_cat":[43],"product_tag":[],"class_list":{"0":"post-1667","1":"product","2":"type-product","3":"status-publish","4":"has-post-thumbnail","6":"product_cat-al-fakher-crown-bar-15000","8":"first","9":"outofstock","10":"shipping-taxable","11":"purchasable","12":"product-type-simple"},"_links":{"self":[{"href":"https:\/\/alfakher24h.de\/hu\/wp-json\/wp\/v2\/product\/1667","targetHints":{"allow":["GET"]}}],"collection":[{"href":"https:\/\/alfakher24h.de\/hu\/wp-json\/wp\/v2\/product"}],"about":[{"href":"https:\/\/alfakher24h.de\/hu\/wp-json\/wp\/v2\/types\/product"}],"replies":[{"embeddable":true,"href":"https:\/\/alfakher24h.de\/hu\/wp-json\/wp\/v2\/comments?post=1667"}],"wp:featuredmedia":[{"embeddable":true,"href":"https:\/\/alfakher24h.de\/hu\/wp-json\/wp\/v2\/media\/1668"}],"wp:attachment":[{"href":"https:\/\/alfakher24h.de\/hu\/wp-json\/wp\/v2\/media?parent=1667"}],"wp:term":[{"taxonomy":"product_brand","embeddable":true,"href":"https:\/\/alfakher24h.de\/hu\/wp-json\/wp\/v2\/product_brand?post=1667"},{"taxonomy":"product_cat","embeddable":true,"href":"https:\/\/alfakher24h.de\/hu\/wp-json\/wp\/v2\/product_cat?post=1667"},{"taxonomy":"product_tag","embeddable":true,"href":"https:\/\/alfakher24h.de\/hu\/wp-json\/wp\/v2\/product_tag?post=1667"}],"curies":[{"name":"wp","href":"https:\/\/api.w.org\/{rel}","templated":true}]}}