{"id":166,"date":"2024-09-12T13:26:30","date_gmt":"2024-09-12T13:26:30","guid":{"rendered":"https:\/\/alfakher24h.de\/?post_type=product&#038;p=166"},"modified":"2025-02-26T06:11:27","modified_gmt":"2025-02-26T06:11:27","slug":"al-fakher-koronarud-8000-szivas-eldobhato-e-cigi-nikotinnal-edes-maracuja","status":"publish","type":"product","link":"https:\/\/alfakher24h.de\/hu\/termek\/al-fakher-koronarud-8000-szivas-eldobhato-e-cigi-nikotinnal-edes-maracuja\/","title":{"rendered":"AL Fakher Crown Bar 8000 h\u00faz\u00e1s eldobhat\u00f3 e-cigaretta nikotinnal - \u00c9des Passi\u00f3gy\u00fcm\u00f6lcs"},"content":{"rendered":"<h2><strong><a href=\"https:\/\/alfakher24h.de\/hu\/termekkategoria\/al-fakher-koronarud-8000\/\">AL Fakher Crown Bar 8000 h\u00faz\u00e1s<\/a> Egyszer haszn\u00e1latos e-cigaretta nikotinnal - \u00c9des Passi\u00f3gy\u00fcm\u00f6lcs<\/strong><\/h2>\n<h3><strong>Egyed\u00fcl\u00e1ll\u00f3 g\u0151z\u00f6l\u00e9si \u00e9lm\u00e9ny \u00e9des passi\u00f3gy\u00fcm\u00f6lcs \u00edzzel<\/strong><\/h3>\n<p>\u00c9lje \u00e1t az \u00f6sszehasonl\u00edthatatlan \u00f6r\u00f6m\u00e9t az <strong>AL Fakher Crown Bar 8000 <a href=\"https:\/\/alfakher24h.de\/hu\/\">Egyutas E-cigaretta<\/a><\/strong> az egzotikus \u00edzzel <strong>\u00c9des Passi\u00f3gy\u00fcm\u00f6lcs<\/strong> Ez az eldobhat\u00f3 e-cigaretta p\u00e1ratlan kombin\u00e1ci\u00f3ban k\u00edn\u00e1lja a tart\u00f3ss\u00e1got, az eleg\u00e1ns diz\u00e1jnt \u00e9s a kiv\u00e9teles arom\u00e1t. Ak\u00e1r 8000 sz\u00edv\u00e1sig haszn\u00e1lhat\u00f3 k\u00e9sz\u00fcl\u00e9kenk\u00e9nt, t\u00f6k\u00e9letes a hossz\u00fa t\u00e1v\u00fa g\u0151z\u00f6l\u00e9shez \u00e9s intenz\u00edv, nikotinban gazdag \u00e9lm\u00e9nyt ny\u00fajt.<\/p>\n<p>A <strong>AL Fakher Crown Bar 8000<\/strong> nem csak egy g\u0151z\u00f6l\u00e9si \u00e9lm\u00e9ny, hanem egy divatos nyilatkozat is. A karcs\u00fa kialak\u00edt\u00e1s \u00e9s a kompakt fel\u00e9p\u00edt\u00e9s ide\u00e1lis k\u00eds\u00e9r\u0151v\u00e9 teszi \u00fatk\u00f6zben, m\u00edg az \u00fajrat\u00f6lthet\u0151 <strong>600 mAh-s akkumul\u00e1tor<\/strong> (USB-C) biztos\u00edtja a megb\u00edzhat\u00f3 \u00e9s felhaszn\u00e1l\u00f3bar\u00e1t haszn\u00e1latot.<\/p>\n<p>&nbsp;<\/p>\n<div style=\"width: 360px;\" class=\"wp-video\"><video class=\"wp-video-shortcode\" id=\"video-166-1\" width=\"360\" height=\"640\" preload=\"metadata\" controls=\"controls\"><source type=\"video\/mp4\" src=\"https:\/\/alfakher24h.de\/wp-content\/uploads\/2024\/09\/AL-Fakher-Crown-Bar-8000-Zuege-Einweg-E-Zigarette-Mit-Nikotin-Sweet-Passionfruit.mp4?_=1\" \/><a href=\"https:\/\/alfakher24h.de\/wp-content\/uploads\/2024\/09\/AL-Fakher-Crown-Bar-8000-Zuege-Einweg-E-Zigarette-Mit-Nikotin-Sweet-Passionfruit.mp4\">https:\/\/alfakher24h.de\/wp-content\/uploads\/2024\/09\/AL-Fakher-Crown-Bar-8000-Zuege-Einweg-E-Zigarette-Mit-Nikotin-Sweet-Passionfruit.mp4<\/a><\/video><\/div>\n<hr \/>\n<h2><strong>AL Fakher Crown Bar 8000 h\u00faz\u00e1s <\/strong><strong>Term\u00e9k r\u00e9szletek<\/strong><\/h2>\n<ul>\n<li><strong>E-folyad\u00e9k kapacit\u00e1s<\/strong> : 18 ml<\/li>\n<li><strong>Nikotintartalom<\/strong> : 5 % (50 mg)<\/li>\n<li><strong>Akkumul\u00e1tor kapacit\u00e1s<\/strong> : USB-C \u00fajrat\u00f6lthet\u0151, 600 mAh (t\u00f6lt\u0151k\u00e1bel nem tartoz\u00e9k)<\/li>\n<li><strong>Vonatsz\u00e1m<\/strong> : 8000+<\/li>\n<li><strong>\u00cdzek<\/strong> : 21 el\u00e9rhet\u0151 \u00edzes\u00edt\u00e9s<\/li>\n<\/ul>\n<hr \/>\n<h2><strong>AL Fakher Crown Bar 8000 h\u00faz\u00e1s <\/strong><strong>Term\u00e9ktulajdons\u00e1gok<\/strong><\/h2>\n<ul>\n<li><strong>Hosszantart\u00f3 g\u0151z\u00f6r\u00f6m<\/strong> 18 ml e-folyad\u00e9k kapacit\u00e1ssal \u00e9s 8000 sz\u00edv\u00e1ssal hossz\u00fa ideig tart\u00f3 g\u0151z\u00f6l\u00e9si teljes\u00edtm\u00e9nyt \u00e9lvezhet, amely k\u00e9nyezteti \u00e9rz\u00e9keit.<\/li>\n<li><strong>Egyedi \u00edzvil\u00e1gok<\/strong> V\u00e1lasszon 21 k\u00fcl\u00f6nb\u00f6z\u0151 \u00edz k\u00f6z\u00fcl, amelyek mindegyike egyedi \u00edzvil\u00e1ggal rendelkezik, hogy gazdag\u00edtsa g\u0151z\u00f6l\u00e9si \u00e9lm\u00e9ny\u00e9t.<\/li>\n<li><strong>Er\u0151sebb akkumul\u00e1tor<\/strong> : Az \u00fajrat\u00f6lthet\u0151 600 mAh-s akkumul\u00e1tor biztos\u00edtja, hogy k\u00e9sz\u00fcl\u00e9ke mindig haszn\u00e1latra k\u00e9sz legyen, \u00edgy teljes m\u00e9rt\u00e9kben kihaszn\u00e1lhatja a 8000 h\u00faz\u00e1st.<\/li>\n<li><strong>Gyakorlati USB-C t\u00f6lt\u00e9s<\/strong> : Egyszer\u0171en \u00e9s gyorsan \u00fajrat\u00f6lthet\u0151 USB-C-vel, ide\u00e1lis utaz\u00e1shoz.<\/li>\n<li><strong>Modern \u00e9s \u00e1ramvonalas kialak\u00edt\u00e1s<\/strong> : Eleg\u00e1ns \u00e9s k\u00e9zbar\u00e1t - a t\u00f6k\u00e9letes kieg\u00e9sz\u00edt\u0151 a modern g\u0151z\u00f6l\u0151 sz\u00e1m\u00e1ra.<\/li>\n<li><strong>Nikotinban gazdag<\/strong> : Az AL Fakher Crown Bar 5  (50 mg) nikotintartalm\u00e1val er\u0151s \u00e9s kiel\u00e9g\u00edt\u0151 nikotinlead\u00e1st biztos\u00edt.<\/li>\n<li><strong>T\u00fcd\u0151 k\u00f6zvetlen \u00e9rint\u00e9se<\/strong> Ide\u00e1lis tapasztalt g\u0151z\u00f6l\u0151k sz\u00e1m\u00e1ra, akik er\u0151s \u00e9s intenz\u00edv inhal\u00e1ci\u00f3s \u00e9lm\u00e9nyt keresnek.<\/li>\n<\/ul>\n<hr \/>\n<h2><strong>AL Fakher Crown Bar 8000 h\u00faz\u00e1s <\/strong><strong>Mi\u00e9rt \u00e9rdemes megv\u00e1s\u00e1rolni az AL Fakher Crown Bar 8000 Sweet Passionfruit-ot<\/strong><\/h2>\n<p>A <strong><a href=\"https:\/\/alfakher24h.de\/hu\/\">AL Fakher<\/a> Crown Bar 8000 \u00c9des Passi\u00f3gy\u00fcm\u00f6lcs<\/strong> nem csak a vonatok kiemelked\u0151 sz\u00e1m\u00e1t k\u00edn\u00e1lja, hanem egy olyan \u00edzprofilt is, amely egzotikus vid\u00e9kekre rep\u00edti \u00d6nt. H\u00e1la annak <strong>\u00fajrat\u00f6lthet\u0151 akkumul\u00e1torok<\/strong> \u00e9s a <strong>komfortos USB-C t\u00f6lt\u0151csatlakoz\u00f3<\/strong> Gyorsan felt\u00f6ltheti a k\u00e9sz\u00fcl\u00e9ket minden haszn\u00e1lat ut\u00e1n, \u00e9s mindig k\u00e9szen \u00e1ll a haszn\u00e1latra.<\/p>\n<p>Nem kell t\u00f6bb\u00e9 agg\u00f3dnia az e-liquid ut\u00e1nt\u00f6lt\u00e9s vagy a tekercsek cser\u00e9je miatt. Ez az eldobhat\u00f3 e-cigaretta z\u00f6kken\u0151mentes \u00e9s tiszta alternat\u00edv\u00e1t k\u00edn\u00e1l mindazok sz\u00e1m\u00e1ra, akik maxim\u00e1lis k\u00e9nyelmet szeretn\u00e9nek. Egyszer\u0171en csak r\u00e1 <strong>alfakher24h.de<\/strong> Megrendelheti \u00e9s m\u00e1r hamarosan \u00e9lvezheti a luxuri\u00e1lis g\u0151z\u00f6l\u00e9si \u00e9lm\u00e9nyt.<\/p>\n<hr \/>\n<h2><strong>AL Fakher Crown Bar 8000 h\u00faz\u00e1s <\/strong><strong>R\u00e9szletes aromale\u00edr\u00e1s: \u00c9des passi\u00f3gy\u00fcm\u00f6lcs<\/strong><\/h2>\n<p>Mer\u00fclj\u00f6n el az intenz\u00edv \u00edzben <strong>\u00c9des Passi\u00f3gy\u00fcm\u00f6lcs<\/strong> , amely minden h\u00faz\u00e1ssal cs\u00e1b\u00edtja az \u00edzlel\u0151bimb\u00f3it. Ennek az egzotikus arom\u00e1ja <strong>Eldobhat\u00f3 e-cigaretta<\/strong> T\u00f6k\u00e9letes egyens\u00falyt teremt az \u00e9dess\u00e9g \u00e9s a frissess\u00e9g k\u00f6z\u00f6tt, \u00e9s kiel\u00e9g\u00edt\u0151, megk\u00fcl\u00f6nb\u00f6ztethet\u0151 p\u00e1rol\u00e1si \u00e9lm\u00e9nyt ny\u00fajt.<\/p>\n<p>A passi\u00f3gy\u00fcm\u00f6lcs \u00e9dess\u00e9g\u00e9t finom tr\u00f3pusi jegyek eg\u00e9sz\u00edtik ki, amelyek teljes \u00e9s friss\u00edt\u0151 \u00edzt biztos\u00edtanak. Minden sz\u00edv\u00e1s azt az \u00e9rz\u00e9st kelti, mintha k\u00f6zvetlen\u00fcl egy napos tr\u00f3pusi szigetre rep\u00edten\u00e9nek, mik\u00f6zben a vastag g\u0151zfelh\u0151 \u00edzletes o\u00e1zisba burkolja \u00d6n k\u00f6r\u00fcl.<\/p>\n<p>Az arom\u00e1ja  von <strong>\u00c9des Passi\u00f3gy\u00fcm\u00f6lcs<\/strong> Kifejezetten a g\u0151z\u00f6l\u0151 felhaszn\u00e1l\u00f3k sz\u00e1m\u00e1ra k\u00e9sz\u00fclt, akik gy\u00fcm\u00f6lcs\u00f6s \u00e9s egyben enyhe nikotin\u00e9lm\u00e9nyt keresnek. T\u00f6k\u00e9letes mindazok sz\u00e1m\u00e1ra, akik \u00e9rt\u00e9kelik a term\u00e9szetes gy\u00fcm\u00f6lcs\u00f6k \u00edz\u00e9t, \u00e9s k\u00f6zben er\u0151s nikotinkiad\u00e1sra v\u00e1gynak.<\/p>\n<p>A <strong>k\u00f6zvetlen t\u00fcd\u0151h\u00faz\u00e1s<\/strong> Tov\u00e1bb er\u0151s\u00edti az \u00edz\u00e9lm\u00e9nyt, mivel a gy\u00fcm\u00f6lcs\u00f6s arom\u00e1kat k\u00f6zvetlen\u00fcl a t\u00fcd\u0151be sz\u00edvj\u00e1k be, ami n\u00f6veli minden egyes sz\u00edv\u00e1s intenzit\u00e1s\u00e1t. K\u00fcl\u00f6n\u00f6sen alkalmas ez a v\u00e1ltozat tapasztalt g\u0151z\u00f6l\u0151kre, akik intenz\u00edv \u00e9lm\u00e9nyt keresnek \u00e9s k\u00e9szek egy er\u0151s \u00e9s tiszta \u00edzre r\u00e1hangol\u00f3dni.<\/p>\n<p><img loading=\"lazy\" decoding=\"async\" class=\"alignnone size-full wp-image-169\" src=\"https:\/\/alfakher24h.de\/wp-content\/uploads\/2024\/09\/AL-Fakher-Crown-Bar-8000-Zuege-Einweg-E-Zigarette-Mit-Nikotin-Sweet-Passionfruit.webp\" alt=\"AL-Fakher-Crown-Bar-8000-Z\u00fcge-Einweg-E-Zigarette-Mit-Nikotin-Sweet-Passionfruit\" width=\"1080\" height=\"1080\" title=\"\" srcset=\"https:\/\/alfakher24h.de\/wp-content\/uploads\/2024\/09\/AL-Fakher-Crown-Bar-8000-Zuege-Einweg-E-Zigarette-Mit-Nikotin-Sweet-Passionfruit.webp 1080w, https:\/\/alfakher24h.de\/wp-content\/uploads\/2024\/09\/AL-Fakher-Crown-Bar-8000-Zuege-Einweg-E-Zigarette-Mit-Nikotin-Sweet-Passionfruit-300x300.webp 300w, https:\/\/alfakher24h.de\/wp-content\/uploads\/2024\/09\/AL-Fakher-Crown-Bar-8000-Zuege-Einweg-E-Zigarette-Mit-Nikotin-Sweet-Passionfruit-1024x1024.webp 1024w, https:\/\/alfakher24h.de\/wp-content\/uploads\/2024\/09\/AL-Fakher-Crown-Bar-8000-Zuege-Einweg-E-Zigarette-Mit-Nikotin-Sweet-Passionfruit-150x150.webp 150w, https:\/\/alfakher24h.de\/wp-content\/uploads\/2024\/09\/AL-Fakher-Crown-Bar-8000-Zuege-Einweg-E-Zigarette-Mit-Nikotin-Sweet-Passionfruit-768x768.webp 768w, https:\/\/alfakher24h.de\/wp-content\/uploads\/2024\/09\/AL-Fakher-Crown-Bar-8000-Zuege-Einweg-E-Zigarette-Mit-Nikotin-Sweet-Passionfruit-600x600.webp 600w, https:\/\/alfakher24h.de\/wp-content\/uploads\/2024\/09\/AL-Fakher-Crown-Bar-8000-Zuege-Einweg-E-Zigarette-Mit-Nikotin-Sweet-Passionfruit-100x100.webp 100w\" sizes=\"auto, (max-width: 1080px) 100vw, 1080px\" \/><\/p>\n<hr \/>\n<h2><strong>AL Fakher Crown Bar 8000 h\u00faz\u00e1s <\/strong><strong>Rendelje meg az AL Fakher Crown Bar 8000-et a alfakher24h.de oldalon<\/strong><\/h2>\n<p>Min\u0151s\u00e9gi szempontb\u00f3l magas sz\u00ednvonal\u00fa megold\u00e1st keresnek <a href=\"https:\/\/alfakher24h.de\/hu\/\">Egyszer haszn\u00e1latos e-cigaretta nikotinnal<\/a>amely mind a diz\u00e1jn, mind a teljes\u00edtm\u00e9ny tekintet\u00e9ben meggy\u0151z\u0151? Auf <strong>alfakher24h.de<\/strong> , a legnagyobb online boltja az egyszer haszn\u00e1latos vape term\u00e9keknek N\u00e9metorsz\u00e1gban, megtal\u00e1lja a <strong>AL Fakher Crown Bar 8000<\/strong> sz\u00e1mos \u00edzes\u00edt\u00e9sben - bele\u00e9rtve az ellen\u00e1llhatatlan <strong>\u00c9des Passi\u00f3gy\u00fcm\u00f6lcs<\/strong> .<\/p>\n<p>Mit <strong>8000 vonatb\u00f3l<\/strong> egynek <strong>\u00fajrat\u00f6lthet\u0151 akkumul\u00e1tor<\/strong> \u00e9s egynek <strong>Nikotintartalma 5 mg<\/strong> az <strong>AL Fakher Crown Bar 8000<\/strong> Az ide\u00e1lis t\u00e1rs mindenki sz\u00e1m\u00e1ra, aki rendk\u00edv\u00fcli g\u0151z\u00f6l\u00e9si \u00e9lm\u00e9nyt keres. Most kapcs\u00e1n<a href=\"https:\/\/alfakher24h.de\/hu\/\"> <strong>alfakher24h.de<\/strong> <\/a>V\u00e1s\u00e1roljon \u00e9s hozza ki a legt\u00f6bbet a g\u0151z\u00f6l\u00e9s \u00e9lm\u00e9ny\u00e9b\u0151l!<\/p>\n<hr \/>\n<h2><strong>AL Fakher Crown Bar 8000 h\u00faz\u00e1s <\/strong><strong>K\u00f6vetkeztet\u00e9s<\/strong><\/h2>\n<p>A <strong>AL Fakher Crown Bar 8000 \u00c9des Passi\u00f3gy\u00fcm\u00f6lcs Egyszerhaszn\u00e1latos E-Cigaretta<\/strong> egyes\u00edtik a hossz\u00fa \u00e9lettartamot, a teljes\u00edtm\u00e9nyt \u00e9s az \u00edzt. Exotikus <strong>passi\u00f3gy\u00fcm\u00f6lcs aroma<\/strong> \u00e9s a hatalmas <strong>Vonatkapacit\u00e1s<\/strong> Bietet sie ein unschlagbares Dampferlebnis. Bestellen Sie jetzt auf <strong>alfakher24h.de<\/strong> \u00c9s \u00e9lvezze az egyed\u00fcl\u00e1ll\u00f3 \u00edzt \u00e9s a k\u00e9nyelmes kezel\u00e9st, amelyet ez az innovat\u00edv e-cigaretta ny\u00fajt!<\/p>","protected":false},"excerpt":{"rendered":"<p>A <strong>AL Fakher Crown Bar 8000 eldobhat\u00f3 e-cigaretta nikotinnal<\/strong>aj\u00e1nlja velem<strong>\u00c9des passi\u00f3gy\u00fcm\u00f6lcs<\/strong>&#8211;<\/p>","protected":false},"featured_media":167,"comment_status":"open","ping_status":"closed","template":"","meta":{"om_disable_all_campaigns":false},"product_brand":[],"product_cat":[15],"product_tag":[],"class_list":{"0":"post-166","1":"product","2":"type-product","3":"status-publish","4":"has-post-thumbnail","6":"product_cat-al-fakher-crown-bar-pro-8000","8":"first","9":"instock","10":"shipping-taxable","11":"purchasable","12":"product-type-simple"},"_links":{"self":[{"href":"https:\/\/alfakher24h.de\/hu\/wp-json\/wp\/v2\/product\/166","targetHints":{"allow":["GET"]}}],"collection":[{"href":"https:\/\/alfakher24h.de\/hu\/wp-json\/wp\/v2\/product"}],"about":[{"href":"https:\/\/alfakher24h.de\/hu\/wp-json\/wp\/v2\/types\/product"}],"replies":[{"embeddable":true,"href":"https:\/\/alfakher24h.de\/hu\/wp-json\/wp\/v2\/comments?post=166"}],"wp:featuredmedia":[{"embeddable":true,"href":"https:\/\/alfakher24h.de\/hu\/wp-json\/wp\/v2\/media\/167"}],"wp:attachment":[{"href":"https:\/\/alfakher24h.de\/hu\/wp-json\/wp\/v2\/media?parent=166"}],"wp:term":[{"taxonomy":"product_brand","embeddable":true,"href":"https:\/\/alfakher24h.de\/hu\/wp-json\/wp\/v2\/product_brand?post=166"},{"taxonomy":"product_cat","embeddable":true,"href":"https:\/\/alfakher24h.de\/hu\/wp-json\/wp\/v2\/product_cat?post=166"},{"taxonomy":"product_tag","embeddable":true,"href":"https:\/\/alfakher24h.de\/hu\/wp-json\/wp\/v2\/product_tag?post=166"}],"curies":[{"name":"wp","href":"https:\/\/api.w.org\/{rel}","templated":true}]}}