{"id":1631,"date":"2025-02-08T15:05:32","date_gmt":"2025-02-08T15:05:32","guid":{"rendered":"https:\/\/alfakher24h.de\/?post_type=product&#038;p=1631"},"modified":"2025-05-21T05:11:13","modified_gmt":"2025-05-21T05:11:13","slug":"solobar-solo-30000-zuege-einweg-e-zigarette-raspberry-cherry-ice","status":"publish","type":"product","link":"https:\/\/alfakher24h.de\/hu\/termek\/solobar-solo-30000-zuege-einweg-e-zigarette-raspberry-cherry-ice\/","title":{"rendered":"Solobar Solo 30 000 sz\u00edv\u00e1s egyszer haszn\u00e1latos e-cigaretta \u2013 M\u00e1lna Cseresznye J\u00e9g"},"content":{"rendered":"<div style=\"width: 1020px;\" class=\"wp-video\"><video class=\"wp-video-shortcode\" id=\"video-1631-1\" width=\"1020\" height=\"574\" preload=\"metadata\" controls=\"controls\"><source type=\"video\/mp4\" src=\"https:\/\/alfakher24h.de\/wp-content\/uploads\/2025\/02\/solobar-solo-30000-2.mp4?_=1\" \/><a href=\"https:\/\/alfakher24h.de\/wp-content\/uploads\/2025\/02\/solobar-solo-30000-2.mp4\">https:\/\/alfakher24h.de\/wp-content\/uploads\/2025\/02\/solobar-solo-30000-2.mp4<\/a><\/video><\/div>\n<h2><strong>Solobar Solo 30000 Z\u00fcge Einweg E-Zigarette \u2013 Die perfekte Wahl f\u00fcr vaping-Erlebnisse<\/strong><\/h2>\n<p>A\u00a0<strong>Solobar Solo 30000 h\u00faz\u00e1s egyszer haszn\u00e1latos e-cigaretta<\/strong> Az ide\u00e1lis v\u00e1laszt\u00e1s mindazok sz\u00e1m\u00e1ra, akik els\u0151 oszt\u00e1ly\u00fa \u00e9s hossz\u00fa t\u00e1v\u00fa vape-\u00e9lm\u00e9nyt keresnek. N\u00e9metorsz\u00e1gban ismert a kiv\u00e1l\u00f3 min\u0151s\u00e9g\u0171 feldolgoz\u00e1sr\u00f3l \u00e9s az innovat\u00edv technol\u00f3gi\u00e1r\u00f3l, ez az eldobhat\u00f3 e-cigaretta biztos\u00edtja a t\u00f6k\u00e9letes kombin\u00e1ci\u00f3t a teljes\u00edtm\u00e9ny, az \u00edz \u00e9s a felhaszn\u00e1l\u00f3bar\u00e1t kialak\u00edt\u00e1s k\u00f6z\u00f6tt. Ha megb\u00edzhat\u00f3, felhaszn\u00e1l\u00f3bar\u00e1t \u00e9s \u00edzben intenz\u00edv e-cigarett\u00e1t keres, a Solobar Solo 30000 Z\u00fcge eldobhat\u00f3 e-cigaretta pontosan az, amire sz\u00fcks\u00e9ge van. A \/alfakher24h.de-n, N\u00e9metorsz\u00e1g legnagyobb eldobhat\u00f3 e-cigarett\u00e1k online keresked\u0151j\u00e9n\u00e9l k\u00e9nyelmesen megv\u00e1s\u00e1rolhatja \u00e9s \u00e9lvezheti ezt az innovat\u00edv term\u00e9ket.<\/p>\n<h3><strong>A Solobar Solo 30000 sz\u00edv\u00e1s eldobhat\u00f3 E-cigaretta f\u0151bb jellemz\u0151i<\/strong><\/h3>\n<p>A\u00a0<strong>Solobar Solo 30000 h\u00faz\u00e1s egyszer haszn\u00e1latos e-cigaretta<\/strong>\u00a0Leny\u0171g\u00f6z\u0151 modern felszerelts\u00e9g\u00e9vel \u00e9s felhaszn\u00e1l\u00f3bar\u00e1t kialak\u00edt\u00e1s\u00e1val. \u00dagy tervezt\u00e9k, hogy a lehet\u0151 legjobb g\u0151z\u00f6l\u00e9si \u00e9lm\u00e9nyt ny\u00fajtsa \u00d6nnek. Itt van n\u00e9h\u00e1ny kiemelked\u0151 jellemz\u0151je:<\/p>\n<p><strong>LED kijelz\u0151 egyszer\u0171 figyel\u00e9shez<\/strong><\/p>\n<p>Az LED kijelz\u0151 b\u00e1rmikor t\u00e1j\u00e9koztatja \u00d6nt az e-cigaretta aktu\u00e1lis \u00e1llapot\u00e1r\u00f3l. Tiszt\u00e1n t\u00e1j\u00e9koztat\u00e1st ny\u00fajt az e-cigaretta t\u00f6lt\u00f6tts\u00e9gi szintj\u00e9r\u0151l \u00e9s haszn\u00e1lat\u00e1r\u00f3l, \u00edgy mindig pontosan tudja, mikor van itt az ideje a k\u00f6vetkez\u0151 sz\u00edv\u00e1snak.<\/p>\n<p><strong>30 000 h\u00faz\u00e1s hossz\u00fa t\u00e1v\u00fa \u00e9lvezet\u00e9rt<\/strong><\/p>\n<p>Leny\u0171g\u00f6z\u0151, ak\u00e1r 30 000 f\u00faj\u00e1ssal rendelkez\u0151 Solobar Solo 30000 Z\u00fcge eldobhat\u00f3 e-cigaretta k\u00fcl\u00f6n\u00f6sen tart\u00f3s.  Hosszabb ideig \u00e9lvezheti a teljes \u00e9lm\u00e9nyt an\u00e9lk\u00fcl, hogy gyakran kellene ut\u00e1nt\u00f6ltenie vagy t\u00f6lt\u00e9si probl\u00e9m\u00e1kkal foglalkoznia.  T\u00f6k\u00e9letes \u00fatk\u00f6zben \u00e9s a mindennapi haszn\u00e1latra!<\/p>\n<h4><strong>L\u00e9g\u00e1raml\u00e1s szab\u00e1lyoz\u00e1s az egy\u00e9ni g\u0151z\u00f6l\u00e9si \u00e9lm\u00e9nyekhez<\/strong><\/h4>\n<p>A Solobar Solo lehet\u0151v\u00e9 teszi a l\u00e9g\u00e1raml\u00e1s pontos szab\u00e1lyoz\u00e1s\u00e1t, \u00edgy \u00d6n az \u00d6n saj\u00e1t preferenci\u00e1i szerint \u00e1ll\u00edthatja be a g\u0151z\u00f6l\u00e9si \u00e9lm\u00e9nyt. \u00c1ll\u00edtsa be a l\u00e9g\u00e1raml\u00e1st, hogy ak\u00e1r intenz\u00edvebb g\u0151ztermel\u00e9st, ak\u00e1r nyugodtabb, l\u00e1gyabb sz\u00edv\u00e1st \u00e9rjen el.<\/p>\n<h4><strong>Er\u0151s teljes\u00edtm\u00e9ny 10-30W teljes\u00edtm\u00e9ny kimenet<\/strong><\/h4>\n<p>10-30W teljes\u00edtm\u00e9ny\u00e9vel a Solobar Solo biztos\u00edtja, hogy mindig \u00e1lland\u00f3 \u00e9s er\u0151s g\u0151ztermel\u00e9st tapasztaljon. Nem kell agg\u00f3dnia a gyenge sz\u00edv\u00e1sok miatt - minden sz\u00edv\u00e1s er\u0151snek \u00e9s teljesnek \u00e9rzi mag\u00e1t.<\/p>\n<h4><strong>880 mAh akkumul\u00e1tor a folyamatos \u00e9lvezet\u00e9rt<\/strong><\/h4>\n<p>Az 880 mAh-s akkumul\u00e1tor biztos\u00edtja az e-cigaretta hossz\u00fa \u00e9lettartam\u00e1t. \u00dajrat\u00f6lthet\u0151, \u00edgy a Solobar Solo-t sz\u00fcks\u00e9g eset\u00e9n gyorsan \u00fajra felt\u00f6ltheti an\u00e9lk\u00fcl, hogy le kellene mondania a nagyszer\u0171 g\u0151z\u00f6l\u00e9si \u00e9lm\u00e9nyr\u0151l.<\/p>\n<h4><strong>Ambient Light tov\u00e1bbi hangulat\u00e9rt<\/strong><\/h4>\n<p>A Solobar Solo k\u00f6rnyezeti f\u00e9nnyel rendelkezik, amely t\u00f6k\u00e9letesen kieg\u00e9sz\u00edti az e-cigaretta diz\u00e1jnj\u00e1t. Ig\u00e9ny szerint be- vagy kikapcsolhat\u00f3, \u00edgy a f\u00e9nyt hangulat\u00e1nak vagy ig\u00e9nyeinek megfelel\u0151en aktiv\u00e1lhatja.<\/p>\n<h4><strong>Du\u00e1lis Mesh Coil az intenz\u00edv \u00edzhez<\/strong><\/h4>\n<p>A Dual Mesh Coil biztos\u00edtja a m\u00e9g egyenletesebb \u00e9s intenz\u00edvebb p\u00e1rologtat\u00e1st. Ez azt jelenti, hogy minden sz\u00edv\u00e1s tele van \u00edzzel \u00e9s g\u0151zzel. \u00c9rezni fogja a f\u00fcst\u00f6s, \u00e9des arom\u00e1j\u00e1t a kedvenc \u00edz\u00e9nek minden g\u0151zk\u00f6dben.<\/p>\n<h4><strong>Kezd\u0151bar\u00e1t<\/strong><\/h4>\n<p>A Solobar Solo \u00fagy lett kialak\u00edtva, hogy minden tapasztalati szint\u0171 g\u0151z\u00f6l\u0151 sz\u00e1m\u00e1ra alkalmas legyen. K\u00f6nnyen haszn\u00e1lhat\u00f3 \u00e9s nem ig\u00e9nyel bonyolult be\u00e1ll\u00edt\u00e1st. Ak\u00e1r kezd\u0151, ak\u00e1r tapasztalt g\u0151z\u00f6l\u0151 vagy, ez az e-cigaretta z\u00f6kken\u0151mentes \u00e9s kellemes \u00e9lm\u00e9nyt ny\u00fajt.<\/p>\n<h3><strong>Term\u00e9k tartalma \u00e9s sz\u00e1ll\u00edtm\u00e1ny tartalma<\/strong><\/h3>\n<p>Ha ha nincs el\u00e9g sz\u00f6vegr\u00e9sz ahhoz hogy leford\u00edtsam\u00a0<strong>Solobar Solo 30000 h\u00faz\u00e1sos eldobhat\u00f3 e-cigaretta<\/strong>\u00a0d\u00f6nt\u00e9se alapj\u00e1n,  egy \u00e1tfog\u00f3 k\u00e9szletet kap, amely mindent tartalmaz, amire sz\u00fcks\u00e9ge van egy fantasztikus g\u0151z\u00f6l\u00e9si \u00e9lm\u00e9nyhez:<\/p>\n<ul>\n<li>1 x\u00a0<strong>SOLOBAR Solo 30K 30000 Vape \n\nm\u00e1rka SOLOBAR \nmodell Solo 30K \ndarab 30000 \nt\u00edpus Vape<\/strong>\u00a0E-cigaretta<\/li>\n<\/ul>\n<p>Mind\u00f6ssze annyit kell tennie, hogy kivesse a k\u00e9sz\u00fcl\u00e9ket a csomagol\u00e1sb\u00f3l \u00e9s azonnal elkezdje a g\u0151z\u00f6l\u00e9st. Egyszer\u0171bb enn\u00e9l!<\/p>\n<h3><strong>Intenz\u00edv \u00e9s felejthetetlen arom\u00e1k - Raspberry Cherry Ice<\/strong><\/h3>\n<p>\u00edzl\u00e9s egy d\u00f6nt\u0151 t\u00e9nyez\u0151 a g\u0151z\u00f6l\u00e9sn\u00e9l, \u00e9s a\u00a0<strong>Solobar Solo 30000 h\u00faz\u00e1s egyszer haszn\u00e1latos e-cigaretta<\/strong>\u00a0nem hagy k\u00edv\u00e1nnival\u00f3t maga ut\u00e1n. K\u00fcl\u00f6n kiemel\u00e9sre m\u00e9lt\u00f3 a n\u00e9pszer\u0171\u00a0<strong>M\u00e1lna Cseresznye J\u00e9g<\/strong>\u00cdz, amely ebben az e-cigarett\u00e1ban val\u00f3di \u00edzrobban\u00e1st eredm\u00e9nyez.<\/p>\n<h4><strong>M\u00e1lna Cherry Ice - \u00cdz\u00e9lm\u00e9ny az \u00e9rz\u00e9keknek<\/strong><\/h4>\n<p>A\u00a0<strong>M\u00e1lna Cseresznye J\u00e9g<\/strong>A zamatos kombin\u00e1lja az \u00e9rett m\u00e1lna \u00e9dess\u00e9g\u00e9t a cseresznye gy\u00fcm\u00f6lcs\u00f6s jegyeivel \u00e9s egy friss\u00edt\u0151 h\u0171v\u00f6ss\u00e9ggel, ami a g\u0151z\u00f6l\u00e9snek j\u00e9ghideg frissess\u00e9get k\u00f6lcs\u00f6n\u00f6z. K\u00e9pzelje el, hogy harap egy l\u00e9d\u00fas m\u00e1ln\u00e1ba \u00e9s egy friss csereszny\u00e9be, mik\u00f6zben egy h\u0171s\u00edt\u0151 fuvallat j\u00e1tssza k\u00f6r\u00fcl az \u00e9rz\u00e9keit - pontosan \u00edgy \u00e9rzi mag\u00e1t minden egyes sz\u00edv\u00e1s ebb\u0151l az e-cigib\u0151l.<\/p>\n<p>Az \u00edze a\u00a0<strong>M\u00e1lna Cseresznye J\u00e9g<\/strong>Az egyszer haszn\u00e1latos e-cigaretta t\u00f6k\u00e9letesen kiegyens\u00falyozott. A gy\u00fcm\u00f6lcs \u00e9dess\u00e9ge kieg\u00e9sz\u00fcl a j\u00e9ghideg frissess\u00e9ggel, an\u00e9lk\u00fcl, hogy b\u00e1rmelyik aspektus t\u00falzott lenne. Minden sz\u00edv\u00e1s harmonikus kever\u00e9ket hoz l\u00e9tre a gy\u00fcm\u00f6lcs\u00f6s \u00e9dess\u00e9gb\u0151l \u00e9s a friss\u00edt\u0151 h\u0171v\u00f6ss\u00e9gb\u0151l, ami k\u00fcl\u00f6n\u00f6sen a forr\u00f3 ny\u00e1ri napokon vagy b\u00e1rmilyen alkalommal friss\u00edt\u0151 \u00e9lm\u00e9nyt ny\u00fajt.<\/p>\n<p>Ezek az arom\u00e1k nem csak k\u00fcl\u00f6n\u00f6sen kellemesek, hanem hossz\u00fa ideig tart\u00f3sak is. Az eg\u00e9sz g\u0151z\u00f6l\u00e9si \u00e9lm\u00e9ny sor\u00e1n a \u00edz friss \u00e9s finom marad - ide\u00e1lis azok sz\u00e1m\u00e1ra, akik egyedi \u00e9s hossz\u00fa t\u00e1v\u00fa \u00edz\u00e9lm\u00e9nyt keresnek.<\/p>\n<h3><strong>Mi\u00e9rt \u00e9rdemes megv\u00e1s\u00e1rolni a Solobar Solo 30000 h\u00faz\u00e1s egyszer haszn\u00e1latos e-cigarett\u00e1t?<\/strong><\/h3>\n<h4><strong>1. Tart\u00f3ss\u00e1g \u00e9s k\u00e9nyelem<\/strong><\/h4>\n<p>30 000 h\u00faz\u00e1ssal nem kell agg\u00f3dnia a folyamatos ut\u00e1nt\u00f6lt\u00e9s vagy az e-cigaretta cser\u00e9je miatt. Ez kevesebb stresszt \u00e9s t\u00f6bb id\u0151t jelent a g\u0151z\u00f6l\u00e9s teljes \u00e9lvezet\u00e9hez.<\/p>\n<h4><strong>2. Egyszer\u0171 haszn\u00e1lat b\u00e1rki sz\u00e1m\u00e1ra<\/strong><\/h4>\n<p>A Solobar Solo 30000 h\u00faz\u00e1sos eldobhat\u00f3 e-cigaretta k\u00fcl\u00f6n\u00f6sen felhaszn\u00e1l\u00f3bar\u00e1t. Azonnal haszn\u00e1latra k\u00e9sz, nem ig\u00e9nyel bonyolult be\u00e1ll\u00edt\u00e1st, \u00e9s t\u00f6k\u00e9letesen megfelel kezd\u0151knek \u00e9s tapasztalt g\u0151z\u00f6l\u0151knek is.<\/p>\n<h4><strong>3. T\u00f6k\u00e9letes arom\u00e1k<\/strong><\/h4>\n<p>A\u00a0<strong>M\u00e1lna Cseresznye J\u00e9g<\/strong>\u00cdzvil\u00e1g\u00e1ban egy p\u00e1ratlan \u00edz\u00e9lm\u00e9nyt k\u00edn\u00e1l. Az \u00e9des gy\u00fcm\u00f6lcs\u00f6k \u00e9s a friss\u00edt\u0151 j\u00e9g kever\u00e9ke olyan \u00e9lvezetet ny\u00fajt, amelyet nem szeretne t\u00f6bb\u00e9 n\u00e9lk\u00fcl\u00f6zni.<\/p>\n<h4><strong>4. Legmodernebb technika<\/strong><\/h4>\n<p>Az olyan funkci\u00f3kkal, mint az LED kijelz\u0151, az Airflow Control, a Dual Mesh Coil \u00e9s egy er\u0151s akkumul\u00e1tor, a Solobar Solo 30000 h\u00faz\u00e1sos eldobhat\u00f3 e-cigaretta kiv\u00e1l\u00f3 teljes\u00edtm\u00e9nyt \u00e9s megk\u00fcl\u00f6nb\u00f6ztethet\u0151 g\u0151z\u00f6l\u00e9si \u00e9lm\u00e9nyt ny\u00fajt.<\/p>\n<h4><strong>5. Ide\u00e1lis \u00fatk\u00f6zben<\/strong><\/h4>\n<p>A kompakt tervez\u00e9snek \u00e9s a hossz\u00fa \u00e9lettartamnak k\u00f6sz\u00f6nhet\u0151en a Solobar Solo a t\u00f6k\u00e9letes v\u00e1laszt\u00e1s \u00fatk\u00f6zben. Probl\u00e9ma n\u00e9lk\u00fcl hordozhatja a t\u00e1sk\u00e1j\u00e1ban, \u00e9s b\u00e1rmikor \u00e9lvezheti.<\/p>\n<p><img loading=\"lazy\" decoding=\"async\" class=\"alignnone wp-image-1855 size-full\" title=\"Solobar Solo 30 000 sz\u00edv\u00e1s egyszer haszn\u00e1latos e-cigaretta - M\u00e1lna Cseresznye J\u00e9g 2\" src=\"https:\/\/alfakher24h.de\/wp-content\/uploads\/2025\/02\/solobar-solo-30000-4.webp\" sizes=\"auto, (max-width: 1024px) 100vw, 1024px\" srcset=\"https:\/\/alfakher24h.de\/wp-content\/uploads\/2025\/02\/solobar-solo-30000-4.webp 1024w, https:\/\/alfakher24h.de\/wp-content\/uploads\/2025\/02\/solobar-solo-30000-4-300x174.webp 300w, https:\/\/alfakher24h.de\/wp-content\/uploads\/2025\/02\/solobar-solo-30000-4-768x446.webp 768w, https:\/\/alfakher24h.de\/wp-content\/uploads\/2025\/02\/solobar-solo-30000-4-18x10.webp 18w, https:\/\/alfakher24h.de\/wp-content\/uploads\/2025\/02\/solobar-solo-30000-4-600x348.webp 600w\" alt=\"Solobar Solo 30 000 sz\u00edv\u00e1s Eldobhat\u00f3 E-cigaretta - M\u00e1lna Cseresznye J\u00e9g\" width=\"1024\" height=\"594\" \/><\/p>\n<div class=\"flex-1 overflow-hidden @container\/thread\">\n<div class=\"h-full\">\n<div class=\"react-scroll-to-bottom--css-kyafg-79elbk h-full\">\n<div class=\"react-scroll-to-bottom--css-kyafg-1n7m0yu\">\n<div class=\"flex flex-col text-sm md:pb-9\">\n<article class=\"w-full scroll-mb-[var(--thread-trailing-height,150px)] text-token-text-primary focus-visible:outline-2 focus-visible:outline-offset-[-4px]\" dir=\"auto\" data-testid=\"conversation-turn-3\" data-scroll-anchor=\"true\">\n<div class=\"m-auto text-base py-[18px] px-3 md:px-4 w-full md:px-5 lg:px-4 xl:px-5\">\n<div class=\"mx-auto flex flex-1 gap-4 text-base md:gap-5 lg:gap-6 md:max-w-3xl lg:max-w-[40rem] xl:max-w-[48rem]\">\n<div class=\"group\/conversation-turn relative flex w-full min-w-0 flex-col agent-turn\">\n<div class=\"flex-col gap-1 md:gap-3\">\n<div class=\"flex max-w-full flex-col flex-grow\">\n<div class=\"min-h-8 text-message flex w-full flex-col items-end gap-2 whitespace-normal break-words text-start [.text-message+&amp;]:mt-5\" dir=\"auto\" data-message-author-role=\"assistant\" data-message-id=\"fda66e34-14d2-41e7-8c3d-231a0be2fd20\" data-message-model-slug=\"gpt-4o\">\n<div class=\"flex w-full flex-col gap-1 empty:hidden first:pt-[3px]\">\n<div class=\"markdown prose w-full break-words dark:prose-invert light\">\n<div class=\"flex-1 overflow-hidden @container\/thread\">\n<div class=\"h-full\">\n<div class=\"react-scroll-to-bottom--css-uwpvj-79elbk h-full\">\n<div class=\"react-scroll-to-bottom--css-uwpvj-1n7m0yu\">\n<div class=\"flex flex-col text-sm md:pb-9\">\n<article class=\"w-full scroll-mb-[var(--thread-trailing-height,150px)] text-token-text-primary focus-visible:outline-2 focus-visible:outline-offset-[-4px]\" dir=\"auto\" data-testid=\"conversation-turn-3\" data-scroll-anchor=\"true\">\n<div class=\"m-auto text-base py-[18px] px-3 md:px-4 w-full md:px-5 lg:px-4 xl:px-5\">\n<div class=\"mx-auto flex flex-1 gap-4 text-base md:gap-5 lg:gap-6 md:max-w-3xl lg:max-w-[40rem] xl:max-w-[48rem]\">\n<div class=\"group\/conversation-turn relative flex w-full min-w-0 flex-col agent-turn\">\n<div class=\"flex-col gap-1 md:gap-3\">\n<div class=\"flex max-w-full flex-col flex-grow\">\n<div class=\"min-h-8 text-message flex w-full flex-col items-end gap-2 whitespace-normal break-words text-start [.text-message+&amp;]:mt-5\" dir=\"auto\" data-message-author-role=\"assistant\" data-message-id=\"6f1c4ac8-ea94-4f09-b7d1-13a9a5054a86\" data-message-model-slug=\"gpt-4o\">\n<div class=\"flex w-full flex-col gap-1 empty:hidden first:pt-[3px]\">\n<div class=\"markdown prose w-full break-words dark:prose-invert light\">\n<h3>**6. V\u00e1s\u00e1roljon a \/alfakher24h.de oldalon<\/h3>\n<p>Ha min\u0151s\u00e9gi term\u00e9ket keres\u00a0<strong>Egyszer haszn\u00e1latos e-cigaretta<\/strong> N\u00e9metorsz\u00e1gban az \/alfakher24h.de  a legjobb v\u00e1laszt\u00e1s. Mi vagyunk a legnagyobb online keresked\u0151\u00a0<strong>Egyszer haszn\u00e1latos e-cigarett\u00e1k nikotinnal<\/strong>\u00a0\u00e9s sz\u00e9les v\u00e1laszt\u00e9kot k\u00edn\u00e1lunk \u00d6nnek a legjobb term\u00e9kekb\u0151l. V\u00e1s\u00e1rolja meg most a Solobar Solo 30000 h\u00faz\u00e1s eldobhat\u00f3 e-cigarett\u00e1t \u00e9s \u00e9lvezze a p\u00e1ratlan g\u0151z\u00f6l\u00e9si \u00e9lm\u00e9nyt!<\/p>\n<h2><strong>K\u00f6vetkeztet\u00e9s<\/strong><\/h2>\n<p>A\u00a0<strong>Solobar Solo 30000 h\u00faz\u00e1s egyszer haszn\u00e1latos e-cigaretta<\/strong>\u00a0t\u00f6bb, mint egy \u00fajabb vape term\u00e9k - egyedi megold\u00e1s azok sz\u00e1m\u00e1ra, akik hossz\u00fa t\u00e1v\u00fa, \u00edzletes \u00e9s felhaszn\u00e1l\u00f3bar\u00e1t g\u0151z\u00f6l\u00e9si \u00e9lm\u00e9nyt keresnek. A\u00a0<strong>M\u00e1lna Cseresznye J\u00e9g<\/strong>-Minden \u00edzben val\u00f3 g\u0151z\u00f6l\u00e9s igazi \u00e9lm\u00e9nny\u00e9 v\u00e1lik.  V\u00e1s\u00e1roljon m\u00e9g ma a \/alfakher24h.de oldalon, \u00e9s tapasztalja meg a Vapinget \u00faj szinten!<\/p>\n<\/div>\n<\/div>\n<\/div>\n<\/div>\n<\/div>\n<\/div>\n<\/div>\n<\/div>\n<\/article>\n<\/div>\n<\/div>\n<\/div>\n<\/div>\n<\/div>\n<\/div>\n<\/div>\n<\/div>\n<\/div>\n<\/div>\n<\/div>\n<\/div>\n<\/div>\n<\/article>\n<\/div>\n<\/div>\n<\/div>\n<\/div>\n<\/div>","protected":false},"excerpt":{"rendered":"<p><strong>Solobar Solo 30000 h\u00faz\u00e1s egyszer haszn\u00e1latos e-cigaretta<\/strong>\u00a0T\u00f6bb, mint egy \u00fajabb vape term\u00e9k - egyedi megold\u00e1s azok sz\u00e1m\u00e1ra, akik hossz\u00fa t\u00e1v\u00fa megold\u00e1st keresnek<\/p>","protected":false},"featured_media":1630,"comment_status":"open","ping_status":"closed","template":"","meta":{"om_disable_all_campaigns":false},"product_brand":[],"product_cat":[41],"product_tag":[],"class_list":{"0":"post-1631","1":"product","2":"type-product","3":"status-publish","4":"has-post-thumbnail","6":"product_cat-solobar-solo-30000","8":"first","9":"outofstock","10":"shipping-taxable","11":"purchasable","12":"product-type-simple"},"_links":{"self":[{"href":"https:\/\/alfakher24h.de\/hu\/wp-json\/wp\/v2\/product\/1631","targetHints":{"allow":["GET"]}}],"collection":[{"href":"https:\/\/alfakher24h.de\/hu\/wp-json\/wp\/v2\/product"}],"about":[{"href":"https:\/\/alfakher24h.de\/hu\/wp-json\/wp\/v2\/types\/product"}],"replies":[{"embeddable":true,"href":"https:\/\/alfakher24h.de\/hu\/wp-json\/wp\/v2\/comments?post=1631"}],"wp:featuredmedia":[{"embeddable":true,"href":"https:\/\/alfakher24h.de\/hu\/wp-json\/wp\/v2\/media\/1630"}],"wp:attachment":[{"href":"https:\/\/alfakher24h.de\/hu\/wp-json\/wp\/v2\/media?parent=1631"}],"wp:term":[{"taxonomy":"product_brand","embeddable":true,"href":"https:\/\/alfakher24h.de\/hu\/wp-json\/wp\/v2\/product_brand?post=1631"},{"taxonomy":"product_cat","embeddable":true,"href":"https:\/\/alfakher24h.de\/hu\/wp-json\/wp\/v2\/product_cat?post=1631"},{"taxonomy":"product_tag","embeddable":true,"href":"https:\/\/alfakher24h.de\/hu\/wp-json\/wp\/v2\/product_tag?post=1631"}],"curies":[{"name":"wp","href":"https:\/\/api.w.org\/{rel}","templated":true}]}}