{"id":1629,"date":"2025-02-08T15:01:09","date_gmt":"2025-02-08T15:01:09","guid":{"rendered":"https:\/\/alfakher24h.de\/?post_type=product&#038;p=1629"},"modified":"2025-05-21T05:11:13","modified_gmt":"2025-05-21T05:11:13","slug":"solobar-solo-30000-zuege-einweg-e-zigarette-sour-apple","status":"publish","type":"product","link":"https:\/\/alfakher24h.de\/hu\/termek\/solobar-solo-30000-zuege-einweg-e-zigarette-sour-apple\/","title":{"rendered":"Solobar Solo 30 000 sz\u00edv\u00e1s Eldobhat\u00f3 E-cigaretta \u2013 Savany\u00fa Alma"},"content":{"rendered":"<div style=\"width: 1020px;\" class=\"wp-video\"><video class=\"wp-video-shortcode\" id=\"video-1629-1\" width=\"1020\" height=\"574\" preload=\"metadata\" controls=\"controls\"><source type=\"video\/mp4\" src=\"https:\/\/alfakher24h.de\/wp-content\/uploads\/2025\/02\/solobar-solo-30000-2.mp4?_=1\" \/><a href=\"https:\/\/alfakher24h.de\/wp-content\/uploads\/2025\/02\/solobar-solo-30000-2.mp4\">https:\/\/alfakher24h.de\/wp-content\/uploads\/2025\/02\/solobar-solo-30000-2.mp4<\/a><\/video><\/div>\n<h2><strong>Solobar Solo 30000 Z\u00fcge\u00a0Einweg E-Zigarette: A v\u00e9gs\u0151 g\u0151z\u00f6l\u00e9si \u00e9lm\u00e9ny N\u00e9metorsz\u00e1gban<\/strong><\/h2>\n<p>A\u00a0<strong>Solobar Solo 30000 h\u00faz\u00e1s egyszer haszn\u00e1latos e-cigaretta<\/strong>\u00a0forradalmas\u00edtja a g\u0151z\u00f6l\u00e9s vil\u00e1g\u00e1t, \u00e9s p\u00e1ratlan \u00e9lm\u00e9nyt ny\u00fajt mindazok sz\u00e1m\u00e1ra, akik kiv\u00e1l\u00f3 min\u0151s\u00e9g\u0171, felhaszn\u00e1l\u00f3bar\u00e1t eldobhat\u00f3 vape-ot keresnek.  Leny\u0171g\u00f6z\u0151\u00a0<strong>30 000 h\u00faz\u00e1s \u00e9lettartama<\/strong>\u00a0Ez az e-cigaretta nemcsak tart\u00f3s, hanem innovat\u00edv funkci\u00f3kkal is fel van szerelve, amelyek k\u00e9nyelmesebb\u00e9 \u00e9s intenz\u00edvebb\u00e9 teszik a g\u0151z\u00f6l\u00e9st. Mint vezet\u0151 \u00e9rt\u00e9kes\u00edt\u00e9si platform\u00a0<strong>Eldobhat\u00f3 Vape-k N\u00e9metorsz\u00e1gban<\/strong>alfakher24h.de\u00a0<strong>Solobar Solo 30000<\/strong>\u00a0A vil\u00e1gban az egyszer haszn\u00e1latos e-cigarett\u00e1k \u00faj sztenderdet \u00e1ll\u00edt fel.<\/p>\n<h3>Mi\u00e9rt a Solobar Solo 30000 h\u00faz\u00e1s egyszer haszn\u00e1latos e-cigaretta?<\/h3>\n<p>A\u00a0<strong>Solobar Solo 30000<\/strong>\u00a0Bietet Ihnen mehr als nur einen gew\u00f6hnlichen Vape. Sie ist eine meisterhafte Kombination aus hoher Leistung, benutzerfreundlicher Bedienung und einer riesigen Auswahl an k\u00f6stlichen Aromen. Wenn Sie ein \nszak\u00e9rt\u0151 vagy kezd\u0151 vagy, akkor is megtal\u00e1lja a sz\u00e1m\u00edt\u00e1s\u00e1t, hiszen a k\u00e9sz\u00fcl\u00e9k k\u00f6nnyen haszn\u00e1lhat\u00f3 \u00e9s sz\u00e1mos be\u00e1ll\u00edt\u00e1si lehet\u0151s\u00e9get k\u00edn\u00e1l. A sz\u00e9lesk\u00f6r\u0171 aromav\u00e1laszt\u00e9knak k\u00f6sz\u00f6nhet\u0151en biztos lehet abban, hogy mindenki megtal\u00e1lja a saj\u00e1t kedvenc\u00e9t.\u00a0<strong>Vape v\u00e1s\u00e1rl\u00e1s<\/strong>\u00a0k\u00edv\u00e1natos, hogy mind er\u0151s, mind tart\u00f3s legyen, akkor az a\u00a0<strong>Solobar Solo 30000 h\u00faz\u00e1s egyszer haszn\u00e1latos e-cigaretta<\/strong>\u00a0a t\u00f6k\u00e9letes v\u00e1laszt\u00e1s. Egy\u00a0<strong>30 000 vonat kapacit\u00e1sa<\/strong>\u00a0Biztos\u00edtja a rendk\u00edv\u00fcli g\u0151z\u00f6l\u00e9si \u00e9lm\u00e9nyt, amely hossz\u00fa ideig tart - ide\u00e1lis kezd\u0151k \u00e9s tapasztalt g\u0151z\u00f6l\u0151k sz\u00e1m\u00e1ra egyar\u00e1nt.<\/p>\n<h3>Solobar Solo 30000 Z\u00fcge\u00a0Einweg E-Zigarette: Jellemz\u0151k \u00e9s el\u0151ny\u00f6k<\/h3>\n<p>A\u00a0<strong>Solobar Solo 30000<\/strong>\u00a0Meggy\u0151z\u0151en sz\u00e1mos tulajdons\u00e1ggal, amelyek a g\u0151z\u00f6l\u00e9st k\u00e9nyelmes \u00e9s felejthetetlen \u00e9lm\u00e9nny\u00e9 teszik:<\/p>\n<ul>\n<li><strong>LED kijelz\u0151<\/strong>: Egy innovat\u00edv LED-kijelz\u0151 mutatja az aktu\u00e1lis akkumul\u00e1tor-\u00e1llapotot, valamint a h\u00e1tral\u00e9v\u0151 vonatokat, \u00edgy mindig tudja, mennyi energia \u00e1ll m\u00e9g rendelkez\u00e9sre.<\/li>\n<li><strong>30 000 vonat<\/strong>: Egy leny\u0171g\u00f6z\u0151 30 000 f\u00faj\u00e1ssal ez az eldobhat\u00f3 e-cigaretta k\u00fcl\u00f6n\u00f6sen tart\u00f3s, \u00e9s lehet\u0151v\u00e9 teszi, hogy eg\u00e9sz nap p\u00f6f\u00e9keljen an\u00e9lk\u00fcl, hogy agg\u00f3dnia kellene a t\u00f6lt\u00e9s vagy a patron cser\u00e9je miatt.<\/li>\n<li><strong>Leveg\u0151\u00e1raml\u00e1s-szab\u00e1lyoz\u00e1s<\/strong>: A\u00a0<strong>L\u00e9g\u00e1raml\u00e1s szab\u00e1lyoz\u00e1s<\/strong>\u00a0Lehet\u0151v\u00e9 teszi, hogy a l\u00e9g\u00e1raml\u00e1st az \u00d6n preferenci\u00e1i szerint \u00e1ll\u00edtsa be, \u00edgy a huzat intenzit\u00e1s\u00e1t \u00e9s ellen\u00e1ll\u00e1s\u00e1t t\u00f6k\u00e9letesen \u00f6sszehangolhatja a g\u0151z\u00f6l\u00e9si \u00e9lm\u00e9nnyel.<\/li>\n<li><strong>10-30W teljes\u00edtm\u00e9nykimenet<\/strong>: 10-30W teljes\u00edtm\u00e9ny\u00e9vel a\u00a0<strong>Solobar Solo 30000<\/strong>\u00a0Kiemelked\u0151 g\u0151ztermel\u00e9st biztos\u00edt, amely k\u00fcl\u00f6nb\u00f6z\u0151 aromast\u00edlusokkal harmoniz\u00e1l.<\/li>\n<li><strong>880 mAh \u00fajrat\u00f6lthet\u0151 akkumul\u00e1tor<\/strong>A hossz\u00fa \u00e9lettartam\u00fa \u00e9s \u00fajrat\u00f6lthet\u0151 akkumul\u00e1tor biztos\u00edtja a folyamatos teljes\u00edtm\u00e9nyt a vape teljes \u00e9lettartama alatt.<\/li>\n<li><strong>K\u00f6rnyezeti f\u00e9ny be\/ki<\/strong>: A k\u00f6rnyezeti f\u00e9ny funkci\u00f3val szem\u00e9lyre szabhatja az e-cigaretta diz\u00e1jnj\u00e1t - teljesen az \u00d6n hangulat\u00e1hoz igaz\u00edtva.<\/li>\n<li><strong>Dupla tekercs\u0171 mesh<\/strong>A haszn\u00e1lat\u00e1val\u00a0<strong>Du\u00e1lis h\u00e1l\u00f3 tekercsek<\/strong>\u00a0A h\u0151 egyenletesen oszlik el, ami biztos\u00edtja a folyamatosan magas g\u0151zmin\u0151s\u00e9get.<\/li>\n<li><strong>Kezd\u0151bar\u00e1t<\/strong>: A\u00a0<strong>Solobar Solo 30000<\/strong>\u00a0Rendk\u00edv\u00fcl egyszer\u0171 haszn\u00e1lni, \u00edgy ide\u00e1lis kezd\u0151k sz\u00e1m\u00e1ra is, akik csak most kezdik el a vaporiz\u00e1l\u00e1st.<\/li>\n<\/ul>\n<p><img loading=\"lazy\" decoding=\"async\" class=\"alignnone wp-image-1853 size-full\" title=\"Solobar Solo 30 000 sz\u00edv\u00e1s egyszer haszn\u00e1latos e-cigaretta - Savany\u00fa Alma 2\" src=\"https:\/\/alfakher24h.de\/wp-content\/uploads\/2025\/02\/solobar-solo-30000-2.webp\" sizes=\"auto, (max-width: 1024px) 100vw, 1024px\" srcset=\"https:\/\/alfakher24h.de\/wp-content\/uploads\/2025\/02\/solobar-solo-30000-2.webp 1024w, https:\/\/alfakher24h.de\/wp-content\/uploads\/2025\/02\/solobar-solo-30000-2-300x145.webp 300w, https:\/\/alfakher24h.de\/wp-content\/uploads\/2025\/02\/solobar-solo-30000-2-768x371.webp 768w, https:\/\/alfakher24h.de\/wp-content\/uploads\/2025\/02\/solobar-solo-30000-2-18x9.webp 18w, https:\/\/alfakher24h.de\/wp-content\/uploads\/2025\/02\/solobar-solo-30000-2-600x289.webp 600w\" alt=\"Solobar Solo 30 000 sz\u00edv\u00e1s egyszer haszn\u00e1latos e-cigaretta - Savany\u00fa Alma\" width=\"1024\" height=\"494\" \/><\/p>\n<h3>R\u00e9szletes le\u00edr\u00e1s a Solobar Solo 30000 h\u00faz\u00e1s eldobhat\u00f3 e-cigaretta \u00edzeir\u0151l<\/h3>\n<p>Az \u00edzei a\u00a0<strong>Solobar Solo 30000 h\u00faz\u00e1s egyszer haszn\u00e1latos e-cigaretta<\/strong>\u00a0Sz\u00e9les sk\u00e1l\u00e1j\u00e1t k\u00edn\u00e1lj\u00e1k az \u00edzeknek, amelyek mind a kezd\u0151, mind a tapasztalt vapereknek tetszeni fognak. Minden arom\u00e1t gondosan fejlesztettek ki, hogy val\u00f3s\u00e1gh\u0171 \u00e9s kellemes \u00edz\u00e9lm\u00e9nyt ny\u00fajtsanak.<\/p>\n<h4>Savany\u00fa Alma<\/h4>\n<p>A\u00a0<strong>Savany\u00fa Alma<\/strong>Az \u00edz egy izgalmas kever\u00e9ke az \u00e9des \u00e9s savany\u00fa alm\u00e1nak. A friss almah\u00e9jat enyhe savass\u00e1g k\u00eds\u00e9ri, ami a g\u0151z\u00f6l\u00e9snek friss\u00edt\u0151 l\u00f6ketet ad. Ez az aroma t\u00f6k\u00e9letesen megfelel azoknak a g\u0151z\u00f6l\u0151knek, akik gy\u00fcm\u00f6lcs\u00f6s \u00e9s enyh\u00e9n cs\u00edp\u0151s jegyet szeretnek. Az \u00edz nem t\u00fal \u00e9des, hanem t\u00f6k\u00e9letesen harmoniz\u00e1l a kellemes savass\u00e1ggal.<\/p>\n<h4>Erdbeere Wassermelone<\/h4>\n<p>A kombin\u00e1ci\u00f3b\u00f3l\u00a0<strong>Erdbeere<\/strong>\u00a0\u00e9s\u00a0<strong>V\u00edzimelone<\/strong>\u00a0\u00e9des \u00e9s friss\u00edt\u0151 arom\u00e1t eredm\u00e9nyez, amely t\u00f6k\u00e9letesen megfelel a ny\u00e1rra. A\u00a0<strong>Erdbeere<\/strong>\u00a0hozz\u00e1ad egy \u00e9des, l\u00e9d\u00fas gy\u00fcm\u00f6lcs\u00f6ss\u00e9get, m\u00edg a\u00a0<strong>V\u00edzimelone<\/strong>\u00a0H\u0171s\u00edt\u0151, friss\u00edt\u0151 hat\u00e1st ad hozz\u00e1.  Ezek a k\u00e9t gy\u00fcm\u00f6lcs egy\u00fctt kiegyens\u00falyozott \u00e9s finom vape-\u00e9lm\u00e9nyt teremtenek.<\/p>\n<h4>Blue Razz Ice<\/h4>\n<p>azok sz\u00e1m\u00e1ra, akik szeretik a h\u0171v\u00f6s \u00e9s gy\u00fcm\u00f6lcs\u00f6s \u00edzt,\u00a0<strong>Blue Razz Ice<\/strong>\u00a0a t\u00f6k\u00e9letes v\u00e1laszt\u00e1s. A\u00a0<strong>k\u00e9k m\u00e1lna \u00edz<\/strong>\u00a0intenz\u00edv \u00e9s \u00e9des, m\u00edg a\u00a0<strong>J\u00e9g<\/strong>Megjegyz\u00e9s: friss\u00edt\u0151 h\u0171v\u00f6ss\u00e9get biztos\u00edt. Ez az aroma csod\u00e1latos egyens\u00falyt k\u00edn\u00e1l a gy\u00fcm\u00f6lcs\u00f6s \u00edz \u00e9s a jeges frissess\u00e9g k\u00f6z\u00f6tt.<\/p>\n<h4>Mango J\u00e9g (Mango Eis)<\/h4>\n<p>Egy\u00a0<strong>tr\u00f3pusi<\/strong>\u00a0Tapasztalat a\u00a0<strong>Mango j\u00e9g<\/strong>\u00cdz. A\u00a0<strong>Mango<\/strong>\u00a0\u00e9des \u00e9s l\u00e9d\u00fas gy\u00fcm\u00f6lcs\u00f6ss\u00e9get hoz, amely t\u00f6k\u00e9letesen illik a h\u0171s\u00edt\u0151h\u00f6z\u00a0<strong>Jegy nulla<\/strong>\u00a0Harmoniz\u00e1l. Ez az aroma ide\u00e1lis azoknak a vapereknek, akik szeretik a tr\u00f3pusi gy\u00fcm\u00f6lcs\u00f6ket \u00e9s az \u00fcd\u00edt\u0151 h\u0171s\u00e9st.<\/p>\n<h4>Anan\u00e1sz Alma K\u00f6rte<\/h4>\n<p>A\u00a0<strong>Anan\u00e1sz Alma K\u00f6rte<\/strong>kever\u00e9k, amely t\u00f6k\u00e9letes egyens\u00falyt k\u00edn\u00e1l a tr\u00f3pusi\u00a0<strong>Anan\u00e1sz<\/strong>friss\u00a0<strong>alma<\/strong>\u00a0\u00e9s \u00e9desebb\u00a0<strong>k\u00f6rte<\/strong>Ez a kombin\u00e1ci\u00f3 gy\u00fcm\u00f6lcs\u00f6s g\u0151z\u00f6l\u00e9si \u00e9lm\u00e9nyt ny\u00fajt, amely egyszerre \u00e9des \u00e9s friss\u00edt\u0151. Az egzotikus\u00a0<strong>Anan\u00e1sz<\/strong>\u00a0\u00e9s a ropog\u00f3s\u00a0<strong>k\u00f6rte<\/strong>\u00a0Ez az aroma egyed\u00fcl\u00e1ll\u00f3 \u00edz\u00e9lm\u00e9nyt ny\u00fajt.<\/p>\n<h4>Juicy Peach (Saftiger Pfirsich) \nSzaftos \u0150szibar\u00e1t<\/h4>\n<p>A\u00a0<strong>L\u00e9d\u00fas \u0150szibar\u00e1t<\/strong>\u00edzl\u00e9s igaz\u00e1n friss\u00edt\u0151 minden gy\u00fcm\u00f6lcs szerelmese sz\u00e1m\u00e1ra. Az \u00edze a l\u00e9d\u00fas, \u00e9rett\u00a0<strong>\u0150szibar\u00e1tok<\/strong>\u00a0Teljesen testes \u00e9s \u00e9des, enyhe frissess\u00e9ggel. Ez az \u00edz kiv\u00e1l\u00f3an alkalmas a mindennapi haszn\u00e1latra, \u00e9s kellemes, puha g\u0151z\u00f6l\u00e9st biztos\u00edt.<\/p>\n<h4>Eper Kiwi J\u00e9g (Erdbeere Kiwi Eis) helyett egyszer\u0171en:  Eper Kiwi Eis \nv\u00e1lasz helyett: Strawberry Kiwi Ice \n legyen ink\u00e1bb  Erdbeere Kiwi Eis \nErdbeere Kiwi Eis magyarul: Eper-Kiwi fagylalt \nEper Kiwi Eis<\/h4>\n<p>A kever\u00e9kb\u0151l\u00a0<strong>Erdbeere<\/strong>\u00a0\u00e9s\u00a0<strong>Kiwi<\/strong>\u00a0biztos\u00edtja a gy\u00fcm\u00f6lcs\u00f6s, enyh\u00e9n savanyk\u00e1s \u00e9lm\u00e9nyt, amelyet a\u00a0<strong>Jegy nulla<\/strong>\u00a0t\u00f6k\u00e9letesen lekerek\u00edtett. Az \u00e9rett gy\u00fcm\u00f6lcs\u00f6k \u00edze\u00a0<strong>Erdbeeren \nnem kell ford\u00edtani \n\nVagy \nEper<\/strong>\u00a0fogja permetezni\u00a0<strong>Kiwi<\/strong>\u00a0kombin\u00e1lt, \u00e9s a h\u0171t\u0151\u00a0<strong>J\u00e9g<\/strong>A jegyzet friss\u00edt\u0151 hat\u00e1st kelt.<\/p>\n<h4>S\u00e1rgadinnye J\u00e9g (V\u00edzimelone Fagylalt)<\/h4>\n<p>A\u00a0<strong>V\u00edzimelone j\u00e9g<\/strong>A v\u00e1ltozat \u00f6tv\u00f6zi az \u00e9des, friss\u00edt\u0151 \u00edzt\u00a0<strong>V\u00edzimelone<\/strong>\u00a0h\u0171t\u0151 hat\u00e1s\u00faval\u00a0<strong>J\u00e9g<\/strong>Megjegyz\u00e9s. Ez az aroma t\u00f6k\u00e9letesen megfelel a forr\u00f3 ny\u00e1ri napokra, amikor friss, gy\u00fcm\u00f6lcs\u00f6s \u00e9lm\u00e9nyre v\u00e1gyik, amely kellemes h\u0171s\u00edt\u00e9st is ny\u00fajt.<\/p>\n<h4>\u0150szibar\u00e1t-Bogy\u00f3 J\u00e9g (Pfirsich Beere Eis)<\/h4>\n<p>A kombin\u00e1ci\u00f3b\u00f3l\u00a0<strong>barack<\/strong>\u00a0\u00e9s\u00a0<strong>Gy\u00fcm\u00f6lcs\u00f6k<\/strong>\u00a0eredm\u00e9nyez egy gy\u00fcm\u00f6lcs\u00f6s, \u00e9des arom\u00e1t, amelyet a\u00a0<strong>J\u00e9g<\/strong>Jegyzet egy friss\u00edt\u0151 h\u0171v\u00f6ss\u00e9get kap.\u00a0<strong>barack<\/strong>\u00a0szaftos \u00e9s \u00e9des, m\u00edg a\u00a0<strong>Gy\u00fcm\u00f6lcs\u00f6k<\/strong>\u00a0enyh\u00e9n savanyk\u00e1s hangot ad hozz\u00e1, amely t\u00f6k\u00e9letesen illik a h\u0171v\u00f6ss\u00e9g\u00e9hez\u00a0<strong>J\u00e9g<\/strong>\u00a0harmoniz\u00e1l.<\/p>\n<h4>M\u00e1lna Cseresznye J\u00e9g (Himbeere Kirsche Eis)<\/h4>\n<p>Az\u00a0<strong>M\u00e1lna Cseresznye J\u00e9g<\/strong>-Aroma egyes\u00edti a gy\u00fcm\u00f6lcs\u00f6ss\u00e9get\u00a0<strong>M\u00e1ln\u00e1k<\/strong>\u00a0\u00e9s\u00a0<strong>Kirschen -&gt; Csereszny\u00e9k<\/strong>\u00a0egy friss\u00edt\u0151vel\u00a0<strong>J\u00e9g<\/strong>Megjegyz\u00e9s. A k\u00e9t bogy\u00f3 kombin\u00e1ci\u00f3ja kiegyens\u00falyozott, gy\u00fcm\u00f6lcs\u00f6s \u00edz\u00e9lm\u00e9nyt ny\u00fajt, amelyet a h\u0171t\u0151 hat\u00e1s tov\u00e1bb er\u0151s\u00edt\u00a0<strong>J\u00e9g<\/strong>\u00a0M\u00e9g tov\u00e1bb er\u0151s\u00f6dik.<\/p>\n<h3>K\u00f6vetkeztet\u00e9s: A t\u00f6k\u00e9letes v\u00e1laszt\u00e1s minden g\u0151z\u00f6l\u0151 sz\u00e1m\u00e1ra<\/h3>\n<p>A\u00a0<strong>Solobar Solo 30000 h\u00faz\u00e1sos eldobhat\u00f3 e-cigaretta<\/strong>\u00a0nemcsak kiemelked\u0151 teljes\u00edtm\u00e9nyt ny\u00fajt, hanem sz\u00e1mos finom arom\u00e1t is k\u00edn\u00e1l, amelyek a vaporiz\u00e1l\u00e1st igaz\u00e1n \u00e9lvezetess\u00e9 teszik. A\u00a0<strong>LED-kijelz\u0151<\/strong>der\u00a0<strong>Leveg\u0151\u00e1raml\u00e1s-szab\u00e1lyoz\u00e1s<\/strong>\u00a0\u00e9s a\u00a0<strong>hossz\u00fa \u00e9lettartam<\/strong>\u00a030 000 sz\u00edv\u00e1sig ez az e-cigaretta az ide\u00e1lis v\u00e1laszt\u00e1s mindazok sz\u00e1m\u00e1ra, akik megb\u00edzhat\u00f3 \u00e9s felhaszn\u00e1l\u00f3bar\u00e1t k\u00e9sz\u00fcl\u00e9ket keresnek\u00a0<strong>Eldobhat\u00f3 Vape<\/strong>\u00a0vannak. Fedezze fel a\u00a0<strong>Solobar Solo 30000 h\u00faz\u00e1s egyszer haszn\u00e1latos e-cigaretta<\/strong> bei alfakher24h.de, a legnagyobb\u00a0<strong>Eldobhat\u00f3 vape-ok platformja N\u00e9metorsz\u00e1gban<\/strong>.<\/p>","protected":false},"excerpt":{"rendered":"<p><strong>Solobar Solo 30000 h\u00faz\u00e1sos eldobhat\u00f3 e-cigaretta<\/strong>\u00a0nemcsak kiemelked\u0151 teljes\u00edtm\u00e9nyt ny\u00fajt, hanem sz\u00e1mos finom arom\u00e1t is k\u00edn\u00e1l, amelyek a vaporiz\u00e1l\u00e1st igaz\u00e1n \u00e9lvezetess\u00e9 teszik. A\u00a0<strong>LED-kijelz\u0151<\/strong><\/p>","protected":false},"featured_media":1630,"comment_status":"open","ping_status":"closed","template":"","meta":{"om_disable_all_campaigns":false},"product_brand":[],"product_cat":[41],"product_tag":[],"class_list":{"0":"post-1629","1":"product","2":"type-product","3":"status-publish","4":"has-post-thumbnail","6":"product_cat-solobar-solo-30000","8":"first","9":"outofstock","10":"shipping-taxable","11":"purchasable","12":"product-type-simple"},"_links":{"self":[{"href":"https:\/\/alfakher24h.de\/hu\/wp-json\/wp\/v2\/product\/1629","targetHints":{"allow":["GET"]}}],"collection":[{"href":"https:\/\/alfakher24h.de\/hu\/wp-json\/wp\/v2\/product"}],"about":[{"href":"https:\/\/alfakher24h.de\/hu\/wp-json\/wp\/v2\/types\/product"}],"replies":[{"embeddable":true,"href":"https:\/\/alfakher24h.de\/hu\/wp-json\/wp\/v2\/comments?post=1629"}],"wp:featuredmedia":[{"embeddable":true,"href":"https:\/\/alfakher24h.de\/hu\/wp-json\/wp\/v2\/media\/1630"}],"wp:attachment":[{"href":"https:\/\/alfakher24h.de\/hu\/wp-json\/wp\/v2\/media?parent=1629"}],"wp:term":[{"taxonomy":"product_brand","embeddable":true,"href":"https:\/\/alfakher24h.de\/hu\/wp-json\/wp\/v2\/product_brand?post=1629"},{"taxonomy":"product_cat","embeddable":true,"href":"https:\/\/alfakher24h.de\/hu\/wp-json\/wp\/v2\/product_cat?post=1629"},{"taxonomy":"product_tag","embeddable":true,"href":"https:\/\/alfakher24h.de\/hu\/wp-json\/wp\/v2\/product_tag?post=1629"}],"curies":[{"name":"wp","href":"https:\/\/api.w.org\/{rel}","templated":true}]}}