{"id":1627,"date":"2025-02-08T14:56:05","date_gmt":"2025-02-08T14:56:05","guid":{"rendered":"https:\/\/alfakher24h.de\/?post_type=product&#038;p=1627"},"modified":"2025-05-21T05:11:14","modified_gmt":"2025-05-21T05:11:14","slug":"solobar-solo-30000-zuege-einweg-e-zigarette-pineapple-apple-pear","status":"publish","type":"product","link":"https:\/\/alfakher24h.de\/hu\/termek\/solobar-solo-30000-zuege-einweg-e-zigarette-pineapple-apple-pear\/","title":{"rendered":"Solobar Solo 30 000 sz\u00edv\u00e1s Eldobhat\u00f3 E-cigaretta \u2013 Anan\u00e1sz Alma K\u00f6rte"},"content":{"rendered":"<h2><strong><a href=\"https:\/\/alfakher24h.de\/hu\/\">Solobar Solo 30000 h\u00faz\u00e1sos eldobhat\u00f3 e-cigaretta<\/a> \u2013 A forradalom a g\u0151z\u00f6l\u00e9sben<\/strong><\/h2>\n<p>Ha min\u0151s\u00e9gi \u00e9s megb\u00edzhat\u00f3\u00a0<strong>Egyszer haszn\u00e1latos e-cigaretta<\/strong>\u00a0amelyek mind teljes\u00edtm\u00e9ny\u00fckben, mind \u00edz\u00fckben meggy\u0151z\u0151ek, azok a\u00a0<strong>Solobar Solo 30000 h\u00faz\u00e1s egyszer haszn\u00e1latos e-cigaretta<\/strong>\u00a0A t\u00f6k\u00e9letes v\u00e1laszt\u00e1s. Ez az egyszer haszn\u00e1latos e-cigaretta \u00f6tv\u00f6zi a fejlett technol\u00f3gi\u00e1t egy megk\u00fcl\u00f6nb\u00f6ztethet\u0151 \u00edz\u00e9lm\u00e9nnyel. Ide\u00e1lis mindazok sz\u00e1m\u00e1ra, akik egy felhaszn\u00e1l\u00f3bar\u00e1t \u00e9s nagy teljes\u00edtm\u00e9ny\u0171 p\u00e1rologtat\u00f3 megold\u00e1st keresnek, an\u00e9lk\u00fcl, hogy le akarn\u00e1nak mondani a k\u00e9nyelemr\u0151l \u00e9s a k\u00f6nny\u0171 kezelhet\u0151s\u00e9gr\u0151l.<\/p>\n<h3>Egyedi jellemz\u0151k  Solobar Solo 30000 h\u00faz\u00e1s  eldobhat\u00f3 E cigaretta<\/h3>\n<p>A\u00a0<strong>Solobar Solo 30000 h\u00faz\u00e1s egyszer haszn\u00e1latos e-cigaretta<\/strong>\u00a0Kiemelkedik rendk\u00edv\u00fcli funkcionalit\u00e1s\u00e1val \u00e9s diz\u00e1jnj\u00e1val. Nemcsak hossz\u00fa \u00e9lettartamot k\u00edn\u00e1l, hanem szem\u00e9lyre szabott vaporiz\u00e1ci\u00f3s \u00e9lm\u00e9nyt ny\u00fajt, amely kezd\u0151k \u00e9s tapasztalt vaperek sz\u00e1m\u00e1ra egyar\u00e1nt alkalmas. Itt vannak ennek a fejlett eldobhat\u00f3 e-cigarett\u00e1nak a kiemelked\u0151 jellemz\u0151i:<\/p>\n<h4><strong>LED kijelz\u0151<\/strong><\/h4>\n<p>Egy kiemel\u00e9s a\u00a0<strong>Solobar Solo 30000 h\u00faz\u00e1s <a href=\"https:\/\/alfakher24h.de\/hu\/\">Egyszer haszn\u00e1latos e-cigaretta<\/a><\/strong><a href=\"https:\/\/alfakher24h.de\/hu\/\">\u00a0<\/a>Ez az innovat\u00edv LED-kijelz\u0151, amely egyszerre ny\u00fajtja a legfontosabb inform\u00e1ci\u00f3kat. B\u00e1rhol \u00e9s b\u00e1rmikor k\u00f6nnyen leolvashatja az akkumul\u00e1tor \u00e1llapot\u00e1t \u00e9s a k\u00e9sz\u00fcl\u00e9k aktu\u00e1lis \u00e1llapot\u00e1t. A kijelz\u0151 nemcsak a felhaszn\u00e1l\u00f3i \u00e9lm\u00e9nyt jav\u00edtja, hanem a elektromos cigarett\u00e1nak is modern, st\u00edlusos megjelen\u00e9st k\u00f6lcs\u00f6n\u00f6z.<\/p>\n<h4><strong>30 000 vonatok \u2013 Hosszabb ideig \u00e9lvezni<\/strong><\/h4>\n<p>Hiszthetetlen\u00a0<strong>30 000 h\u00faz\u00e1s \u00e9lettartama<\/strong>\u00a0Ez az e-cigaretta a piacon l\u00e9v\u0151 egyik legtart\u00f3sabb k\u00e9sz\u00fcl\u00e9khez tartozik. Teh\u00e1t biztos lehet egy hosszabb haszn\u00e1latban an\u00e9lk\u00fcl, hogy cser\u00e9re vagy ut\u00e1nt\u00f6lt\u00e9sre lenne sz\u00fcks\u00e9g. Ide\u00e1lis \u00fatk\u00f6zben, utaz\u00e1sokhoz vagy napi haszn\u00e1latra.<\/p>\n<h4><strong>Egy\u00e9ni \u00e9lvezet leveg\u0151\u00e1raml\u00e1s\u00e1nak szab\u00e1lyoz\u00e1sa<\/strong><\/h4>\n<p>A\u00a0<strong>Solobar Solo 30000 h\u00faz\u00e1s egyszer haszn\u00e1latos e-cigaretta<\/strong>\u00a0Lehet\u0151s\u00e9get ny\u00fajt a l\u00e9g\u00e1raml\u00e1s szab\u00e1lyoz\u00e1s\u00e1ra, lehet\u0151v\u00e9 t\u00e9ve a t\u00f6k\u00e9letes sz\u00edv\u00e1si viselked\u00e9s be\u00e1ll\u00edt\u00e1s\u00e1t. Ez a alkalmazkod\u00f3k\u00e9pess\u00e9g m\u00e9g intenz\u00edvebb \u00e9s kellemesebb vaporiz\u00e1ci\u00f3s \u00e9lm\u00e9nyt eredm\u00e9nyez. Ak\u00e1r intenz\u00edv, k\u00f6zvetlen inhal\u00e1l\u00e1st prefer\u00e1l, ak\u00e1r egy l\u00e1gy sz\u00edv\u00e1st k\u00edv\u00e1n - a l\u00e9g\u00e1raml\u00e1s-szab\u00e1lyoz\u00e1s lehet\u0151v\u00e9 teszi.<\/p>\n<h4><strong>Er\u0151s akkumul\u00e1tor \u00e9s kett\u0151s h\u00e1l\u00f3 tekercs<\/strong><\/h4>\n<p>A cigaretta egy olyan k\u00e9sz\u00fcl\u00e9kkel van ell\u00e1tva\u00a0<strong>880 mAh \u00fajrat\u00f6lthet\u0151 akkumul\u00e1tor<\/strong>\u00a0kialak\u00edt\u00e1ssal, amely hossz\u00fa t\u00e1v\u00fa haszn\u00e1latot biztos\u00edt. Kombin\u00e1lva a\u00a0<strong>Du\u00e1l h\u00e1l\u00f3s tekercs technol\u00f3gia<\/strong>, amely jobb \u00edzt \u00e9s s\u0171r\u0171 g\u0151zfelh\u0151ket biztos\u00edt, a Solobar Solo p\u00e1ratlan teljes\u00edtm\u00e9nyt ny\u00fajt. Az akkumul\u00e1tor hossz\u00fa t\u00e1von megb\u00edzhat\u00f3 haszn\u00e1latot garant\u00e1l, \u00e9s k\u00f6nnyen \u00fajrat\u00f6lthet\u0151 an\u00e9lk\u00fcl, hogy az eg\u00e9sz e-cigarett\u00e1t ki kellene cser\u00e9lni.<\/p>\n<h4><strong>K\u00f6rnyezeti f\u00e9ny be\/ki kapcsol\u00e1sa az egy\u00e9ni hangulat\u00e9rt<\/strong><\/h4>\n<p>A\u00a0<strong>Solobar Solo 30000 h\u00faz\u00e1s egyszer haszn\u00e1latos e-cigaretta<\/strong>\u00a0rendelkezik egy\u00a0<strong>Ambient Light<\/strong>, amely tov\u00e1bb n\u00f6veli az e-cigaretta megjelen\u00e9s\u00e9t.  Be- \u00e9s kikapcsolhatja ezt a f\u00e9nyt ig\u00e9ny szerint, \u00e9s \u00edgy szem\u00e9lyre szabhatja a vapeol\u00e1s hangulat\u00e1t.<\/p>\n<h4><strong>Egyszer\u0171 haszn\u00e1lat - T\u00f6k\u00e9letes kezd\u0151k sz\u00e1m\u00e1ra<\/strong><\/h4>\n<p>Felhaszn\u00e1l\u00f3i \u00e9lm\u00e9ny\u00e9t\u00a0<strong>Solobar Solo 30000 h\u00faz\u00e1s egyszer haszn\u00e1latos e-cigaretta<\/strong>\u00a0Ez teszi k\u00fcl\u00f6n\u00f6sen vonz\u00f3v\u00e1 a g\u0151z\u00f6l\u00e9s vil\u00e1g\u00e1ba \u00fajonnan bel\u00e9p\u0151k sz\u00e1m\u00e1ra. Az egyszer\u0171 kialak\u00edt\u00e1s\u00e1val \u00e9s a k\u00f6nny\u0171 kezel\u00e9s\u00e9vel t\u00f6k\u00e9letes mindazok sz\u00e1m\u00e1ra, akik el akarj\u00e1k kezdeni a g\u0151z\u00f6l\u00e9st. A praktikus\u00a0<strong>Egyir\u00e1ny\u00fa f\u00fcggv\u00e9ny<\/strong>\u00a0Nincs sz\u00fcks\u00e9g ut\u00e1nt\u00f6lt\u00e9sre vagy k\u00f6r\u00fclm\u00e9nyes teker\u00e9sre - egyszer\u0171en csak haszn\u00e1lja az e-cigarett\u00e1t \u00e9s \u00e9lvezze.<\/p>\n<h3>Mi tartozik a csomaghoz?<\/h3>\n<p>Ha ha nincs el\u00e9g sz\u00f6vegr\u00e9sz ahhoz hogy leford\u00edtsam\u00a0<strong>Solobar Solo 30000 h\u00faz\u00e1s egyszer haszn\u00e1latos e-cigaretta<\/strong>\u00a0A v\u00e1laszt\u00e1s ut\u00e1n a k\u00f6vetkez\u0151ket kapja a csomagban:<\/p>\n<ul>\n<li><strong>1 x SOLOBAR Solo 30K 30000 Vape \n\nnem ig\u00e9nyel ford\u00edt\u00e1st, \u00edgy:\n1 x SOLOBAR Solo 30K 30000 Vape<\/strong><br \/>\nEz az eldobhat\u00f3 e-cigaretta azonnal haszn\u00e1latra k\u00e9sz, \u00e9s tov\u00e1bbi tartoz\u00e9kok n\u00e9lk\u00fcl haszn\u00e1lhat\u00f3.<\/li>\n<\/ul>\n<h3>\u00cdz\u00e9lm\u00e9ny extra oszt\u00e1ly - Flavors der\u00a0<a href=\"https:\/\/alfakher24h.de\/hu\/\">Solobar Solo 30000<\/a> Egyutas E Cigaretta<\/h3>\n<p>k\u00fcl\u00f6n\u00f6sen fontos szempont az e-cigaretta v\u00e1s\u00e1rl\u00e1s\u00e1n\u00e1l az \u00edz, amely befoly\u00e1solja az eg\u00e9sz vaporiz\u00e1ci\u00f3s \u00e9lm\u00e9nyt. Az\u00a0<strong>Solobar Solo 30000 h\u00faz\u00e1s egyszer haszn\u00e1latos e-cigaretta<\/strong>\u00a0Felaj\u00e1nlja velem\u00a0<strong>Anan\u00e1sz Alma K\u00f6rte<\/strong>\u00cdz\u00f6sszet\u00e9tel egy k\u00fcl\u00f6n\u00f6sen k\u00fcl\u00f6nleges \u00edz\u00e9lm\u00e9ny. Engedje meg, hogy r\u00e9szletesen le\u00edrjuk ezt az \u00edzkombin\u00e1ci\u00f3t:<\/p>\n<h4><strong>Anan\u00e1sz Alma K\u00f6rte<\/strong><\/h4>\n<p>A kever\u00e9kb\u0151l\u00a0<strong>Anan\u00e1sz, alma \u00e9s k\u00f6rte<\/strong>\u00a0harmonikus kombin\u00e1ci\u00f3, amely t\u00f6k\u00e9letesen megfelel minden gy\u00fcm\u00f6lcs szerelmeseinek. A friss, tr\u00f3pusi \u00edz a\u00a0<strong>Anan\u00e1sz<\/strong>\u00a0hozz\u00e1 egy \u00e9des, enyh\u00e9n savanyk\u00e1s jegyet, ami azonnal felfriss\u00edti az \u00edzlel\u0151bimb\u00f3kat. Ezt \u00fcgyesen eg\u00e9sz\u00edti ki a\u00a0<strong>Az alma \u00e9des frissess\u00e9ge<\/strong>\u00a0kieg\u00e9sz\u00edti, amely kellemes \u00e9dess\u00e9get ny\u00fajt an\u00e9lk\u00fcl, hogy t\u00falterheln\u00e9. A\u00a0<strong>k\u00f6rte<\/strong>\u00a0Hozz\u00e1ad egy finom, l\u00e1gyabb gy\u00fcm\u00f6lcs\u00f6ss\u00e9get, amely kieg\u00e9sz\u00edti az \u00edz\u00e9lm\u00e9nyt \u00e9s egy telt, testes \u00edzt ny\u00fajt.<\/p>\n<p>Minden egyes sz\u00edv\u00e1s ezzel az e-cigarett\u00e1val egy naps\u00fct\u00e9ses napra rep\u00edt el a tr\u00f3pusi p\u00e1lm\u00e1k alatt, mik\u00f6zben a gy\u00fcm\u00f6lcs\u00edzek harmonikusan \u00f6sszeolvadnak. Ez egy olyan \u00edz, amely nemcsak friss\u00edt\u0151, hanem hossz\u00fa ideig tart\u00f3, kiel\u00e9g\u00edt\u0151 \u00e9rz\u00e9st is hagy maga ut\u00e1n. A\u00a0<strong>Anan\u00e1sz Alma K\u00f6rte<\/strong>-Kombination eignet sich hervorragend f\u00fcr den t\u00e4glichen Gebrauch und ist die perfekte Wahl f\u00fcr alle, die fruchtige, s\u00fc\u00dfe Aromen bevorzugen, ohne dass es zu intensiv oder zu k\u00fcnstlich wirkt.\n\n becomes \n\nA kombin\u00e1ci\u00f3 kiv\u00e1l\u00f3an alkalmas a mindennapi haszn\u00e1latra, \u00e9s t\u00f6k\u00e9letes v\u00e1laszt\u00e1s azok sz\u00e1m\u00e1ra, akik a gy\u00fcm\u00f6lcs\u00f6s, \u00e9des arom\u00e1kat r\u00e9szes\u00edtik el\u0151nyben, an\u00e9lk\u00fcl, hogy t\u00fal intenz\u00edv vagy t\u00fal mesters\u00e9ges lenne.<\/p>\n<p>A friss \u00e9s term\u00e9szetes \u00edzvil\u00e1g\u00e1g egyed\u00fcl\u00e1ll\u00f3 \u00edz\u00e9lm\u00e9nyt ny\u00fajt, ami minden sz\u00edv\u00e1st \u00f6r\u00f6mm\u00e9 tesz. Ha teh\u00e1t olyan e-cigarett\u00e1t keres, amely nemcsak teljes\u00edtm\u00e9ny\u00e9vel, hanem \u00edz\u00e9vel is meggy\u0151z\u0151, akkor a\u00a0<strong>Solobar Solo 30000 h\u00faz\u00e1s egyszer haszn\u00e1latos e-cigaretta<\/strong>\u00a0mit\u00a0<strong>Anan\u00e1sz Alma K\u00f6rte<\/strong>\u00a0\u0150 garant\u00e1lja, hogy lelkes\u00edt.<\/p>\n<h2><img loading=\"lazy\" decoding=\"async\" class=\"alignnone wp-image-1853 size-full\" title=\"Solobar Solo 30 000 h\u00faz\u00e1s eldobhat\u00f3 e-cigaretta - Anan\u00e1sz Alma K\u00f6rte 2\" src=\"https:\/\/alfakher24h.de\/wp-content\/uploads\/2025\/02\/solobar-solo-30000-2.webp\" sizes=\"auto, (max-width: 1024px) 100vw, 1024px\" srcset=\"https:\/\/alfakher24h.de\/wp-content\/uploads\/2025\/02\/solobar-solo-30000-2.webp 1024w, https:\/\/alfakher24h.de\/wp-content\/uploads\/2025\/02\/solobar-solo-30000-2-300x145.webp 300w, https:\/\/alfakher24h.de\/wp-content\/uploads\/2025\/02\/solobar-solo-30000-2-768x371.webp 768w, https:\/\/alfakher24h.de\/wp-content\/uploads\/2025\/02\/solobar-solo-30000-2-18x9.webp 18w, https:\/\/alfakher24h.de\/wp-content\/uploads\/2025\/02\/solobar-solo-30000-2-600x289.webp 600w\" alt=\"Solobar Solo 30 000 sz\u00edv\u00e1s Eldobhat\u00f3 E-cigaretta - Anan\u00e1sz Alma K\u00f6rte \" width=\"1024\" height=\"494\" \/><\/h2>\n<h3>Mi\u00e9rt \u00e9rdemes megv\u00e1s\u00e1rolni a Solobar Solo 30000 h\u00faz\u00e1s egyszer haszn\u00e1latos e-cigarett\u00e1t?<\/h3>\n<p>A\u00a0<strong>Solobar Solo 30000 h\u00faz\u00e1s egyszer haszn\u00e1latos e-cigaretta<\/strong>\u00a0az ide\u00e1lis v\u00e1laszt\u00e1s mindazok sz\u00e1m\u00e1ra, akik els\u0151 oszt\u00e1ly\u00fa\u00a0<strong>Egyszer haszn\u00e1latos e-cigaretta<\/strong>\u00a0Leny\u0171g\u00f6z\u0151 teljes\u00edtm\u00e9nnyel \u00e9s \u00edzzel keresnek. Itt vannak az okok, mi\u00e9rt \u00e9rdemes ezt a term\u00e9ket n\u00e1lunk megv\u00e1s\u00e1rolni:<\/p>\n<ul>\n<li><strong>Hossz\u00fa eltarthat\u00f3s\u00e1g<\/strong>: Mit\u00a0<strong>30 000 vonattal<\/strong>\u00a0Hossz\u00fa t\u00e1v\u00fa haszn\u00e1latra megb\u00edzhat\u00f3 - ide\u00e1lis a mindennapi haszn\u00e1latra \u00e9s \u00fatk\u00f6zben is.<\/li>\n<li><strong>Els\u0151 oszt\u00e1ly\u00fa \u00edzl\u00e9s<\/strong>: A\u00a0<strong>Anan\u00e1sz Alma K\u00f6rte<\/strong>Az arom\u00e1k egyedi gy\u00fcm\u00f6lcsfrissess\u00e9get k\u00edn\u00e1lnak, amely nem fog csal\u00f3d\u00e1st okozni.<\/li>\n<li><strong>Felhaszn\u00e1l\u00f3bar\u00e1t<\/strong>Ez az e-cigaretta t\u00f6k\u00e9letes kezd\u0151k sz\u00e1m\u00e1ra, mivel nem ig\u00e9nyel bonyolult kezel\u00e9st \u00e9s azonnal haszn\u00e1latra k\u00e9sz.<\/li>\n<li><strong>Technol\u00f3giailag fejlett<\/strong>: Olyan funkci\u00f3kkal mint\u00a0<strong>L\u00e9g\u00e1raml\u00e1s szab\u00e1lyoz\u00e1s<\/strong>,\u00a0<strong>LED-kijelz\u0151<\/strong>\u00e9s\u00a0<strong>Du\u00e1lis Mesh Tekercs<\/strong>\u00a0\u00c9lje \u00e1t a kiv\u00e9teles teljes\u00edtm\u00e9nyt \u00e9s a p\u00e1ratlan vape-\u00e9lm\u00e9nyt.<\/li>\n<\/ul>\n<p>Ha legjobb\u00a0<strong>Egyszer haszn\u00e1latos e-cigaretta<\/strong>\u00a0in\u00a0<strong>N\u00e9metorsz\u00e1g<\/strong>\u00a0amelyek egyszer\u0171 kezel\u00e9st \u00e9s nagyszer\u0171 \u00edz\u00e9lm\u00e9nyt ny\u00fajtanak, akkor \u00e9rdemes szem\u00fcgyre venni a\u00a0<strong>Solobar Solo 30000 h\u00faz\u00e1s egyszer haszn\u00e1latos e-cigaretta<\/strong> nem szabad kihagyni. L\u00e1togasson el az alfakher24h.de-re, a legnagyobb online platformra\u00a0<strong>eldobhat\u00f3 vape-ok<\/strong>\u00a0N\u00e9metorsz\u00e1gban, \u00e9s tapasztalja meg a Vaping j\u00f6v\u0151j\u00e9t.<\/p>","protected":false},"excerpt":{"rendered":"<p><strong>Egyszer haszn\u00e1latos e-cigaretta<\/strong>\u00a0in\u00a0<strong>N\u00e9metorsz\u00e1g<\/strong>\u00a0amelyek egyszer\u0171 kezel\u00e9st \u00e9s nagyszer\u0171 \u00edz\u00e9lm\u00e9nyt ny\u00fajtanak, akkor \u00e9rdemes szem\u00fcgyre venni a\u00a0<strong>Solobar Solo 30000 h\u00faz\u00e1s egyszer haszn\u00e1latos e-cigaretta<\/strong> Ne hagyja ki. L\u00e1togasson el az alfakher24h.de oldalra<\/p>","protected":false},"featured_media":1628,"comment_status":"open","ping_status":"closed","template":"","meta":{"om_disable_all_campaigns":false},"product_brand":[],"product_cat":[41],"product_tag":[],"class_list":{"0":"post-1627","1":"product","2":"type-product","3":"status-publish","4":"has-post-thumbnail","6":"product_cat-solobar-solo-30000","8":"first","9":"outofstock","10":"shipping-taxable","11":"purchasable","12":"product-type-simple"},"_links":{"self":[{"href":"https:\/\/alfakher24h.de\/hu\/wp-json\/wp\/v2\/product\/1627","targetHints":{"allow":["GET"]}}],"collection":[{"href":"https:\/\/alfakher24h.de\/hu\/wp-json\/wp\/v2\/product"}],"about":[{"href":"https:\/\/alfakher24h.de\/hu\/wp-json\/wp\/v2\/types\/product"}],"replies":[{"embeddable":true,"href":"https:\/\/alfakher24h.de\/hu\/wp-json\/wp\/v2\/comments?post=1627"}],"wp:featuredmedia":[{"embeddable":true,"href":"https:\/\/alfakher24h.de\/hu\/wp-json\/wp\/v2\/media\/1628"}],"wp:attachment":[{"href":"https:\/\/alfakher24h.de\/hu\/wp-json\/wp\/v2\/media?parent=1627"}],"wp:term":[{"taxonomy":"product_brand","embeddable":true,"href":"https:\/\/alfakher24h.de\/hu\/wp-json\/wp\/v2\/product_brand?post=1627"},{"taxonomy":"product_cat","embeddable":true,"href":"https:\/\/alfakher24h.de\/hu\/wp-json\/wp\/v2\/product_cat?post=1627"},{"taxonomy":"product_tag","embeddable":true,"href":"https:\/\/alfakher24h.de\/hu\/wp-json\/wp\/v2\/product_tag?post=1627"}],"curies":[{"name":"wp","href":"https:\/\/api.w.org\/{rel}","templated":true}]}}