{"id":1623,"date":"2025-02-08T14:41:57","date_gmt":"2025-02-08T14:41:57","guid":{"rendered":"https:\/\/alfakher24h.de\/?post_type=product&#038;p=1623"},"modified":"2025-05-21T05:11:14","modified_gmt":"2025-05-21T05:11:14","slug":"solobar-solo-30000-zuege-einweg-e-zigarette-strawberry-kiwi-ice","status":"publish","type":"product","link":"https:\/\/alfakher24h.de\/hu\/termek\/solobar-solo-30000-zuege-einweg-e-zigarette-strawberry-kiwi-ice\/","title":{"rendered":"Solobar Solo 30 000 sz\u00edv\u00e1s egyszer haszn\u00e1latos e-cigaretta - Eper Kivi J\u00e9g"},"content":{"rendered":"<div style=\"width: 1020px;\" class=\"wp-video\"><video class=\"wp-video-shortcode\" id=\"video-1623-1\" width=\"1020\" height=\"574\" preload=\"metadata\" controls=\"controls\"><source type=\"video\/mp4\" src=\"https:\/\/alfakher24h.de\/wp-content\/uploads\/2025\/02\/solobar-solo-30000-2.mp4?_=1\" \/><a href=\"https:\/\/alfakher24h.de\/wp-content\/uploads\/2025\/02\/solobar-solo-30000-2.mp4\">https:\/\/alfakher24h.de\/wp-content\/uploads\/2025\/02\/solobar-solo-30000-2.mp4<\/a><\/video><\/div>\n<h2><strong>Solobar Solo 30000 Z\u00fcge Einweg E-Zigarette \u2013 Az ultimate vape-\u00e9lm\u00e9ny<\/strong><\/h2>\n<p>A\u00a0<em>Solobar Solo 30000 h\u00faz\u00e1s egyszer haszn\u00e1latos e-cigaretta<\/em>\u00a0\u00daj m\u00e9rc\u00e9ket \u00e1ll\u00edt fel a g\u0151z\u00f6l\u00e9s vil\u00e1g\u00e1ban, \u00e9s kiemelked\u0151 \u00e9lm\u00e9nyt ny\u00fajt mindazok sz\u00e1m\u00e1ra, akik egy er\u0151s, felhaszn\u00e1l\u00f3bar\u00e1t \u00e9s \u00edzben v\u00e1ltozatos e-cigarett\u00e1t keresnek. A leny\u0171g\u00f6z\u0151 30 000 sz\u00edv\u00e1ssal, innovat\u00edv funkci\u00f3kkal \u00e9s friss \u00edz\u00e9lm\u00e9nnyel ez az eldobhat\u00f3 vape a t\u00f6k\u00e9letes v\u00e1laszt\u00e1s a n\u00e9metorsz\u00e1gi g\u0151z\u00f6l\u0151k sz\u00e1m\u00e1ra.<\/p>\n<p><strong>Mi\u00e9rt a Solobar Solo 30000 h\u00faz\u00e1s eldobhat\u00f3 e-cigaretta a legjobb v\u00e1laszt\u00e1s \u00d6nnek<\/strong><\/p>\n<p>Egy olyan vil\u00e1gban, ahol az e-cigarett\u00e1k egyre n\u00e9pszer\u0171bbek, fontos, hogy olyan term\u00e9ket v\u00e1lasszon, amely nemcsak min\u0151s\u00e9gi, hanem funkcionalit\u00e1sban, diz\u00e1jnban \u00e9s \u00edzben is meggy\u0151z\u0151. A Solobar Solo 30000 Z\u00fcge Einweg E Zigarette pontosan ilyen term\u00e9k. Sz\u00e1mos innovat\u00edv funkci\u00f3val \u00e9s leny\u0171g\u00f6z\u0151 sz\u00e1m\u00fa sz\u00edv\u00e1ssal biztos\u00edtja, hogy a g\u0151z\u00f6l\u00e9si \u00e9lm\u00e9ny mindig kellemes \u00e9s kiel\u00e9g\u00edt\u0151 legyen.<\/p>\n<p>A Solobar Solo t\u00f6bb mint egy egyszer\u0171 vape - minden g\u0151z\u00f6l\u0151 megb\u00edzhat\u00f3 t\u00e1rsa. \u00dagy tervezt\u00e9k, hogy felhaszn\u00e1l\u00f3bar\u00e1t \u00e9s er\u0151s legyen, sz\u00e1mos el\u0151nyt k\u00edn\u00e1lva, amelyek kiemelik a piacon l\u00e9v\u0151 t\u00f6bbi term\u00e9kt\u0151l.<\/p>\n<hr \/>\n<h3><strong>A Solobar Solo 30000 h\u00faz\u00f3 Egyszer\u0171s\u00edtett Egyhaszn\u00e1latos E-cigaretta f\u0151bb jellemz\u0151i<\/strong><\/h3>\n<ul>\n<li><strong>LED k\u00e9perny\u0151 kijelz\u0151:<\/strong>\u00a0A Solobar Solo modern LED-kijelz\u0151je tiszta \u00e9s pontos kijelz\u0151t biztos\u00edt, amely egy pillant\u00e1ssal megmutatja az \u00f6sszes fontos inform\u00e1ci\u00f3t, p\u00e9ld\u00e1ul a h\u00e1tral\u00e9v\u0151 sz\u00edv\u00e1sok sz\u00e1m\u00e1t \u00e9s az akkumul\u00e1tor \u00e1llapot\u00e1t. \u00cdgy mindig \u00e1tl\u00e1that\u00f3 a helyzet, \u00e9s ennek megfelel\u0151en tudja m\u00f3dos\u00edtani a vape-\u00e9lm\u00e9nyt.<\/li>\n<li><strong>30 000 vonat:<\/strong>\u00a0A Solobar Solo 30 000 h\u00faz\u00e1ssal hihetetlen\u00fcl hossz\u00fa \u00e9lettartamot biztos\u00edt. Ez azt jelenti, hogy hosszabb ideig \u00e9lvezheti a v\u00e1ltozatlan, kiv\u00e1l\u00f3 min\u0151s\u00e9g\u0171 g\u0151z\u00f6l\u00e9si \u00e9lm\u00e9nyt an\u00e9lk\u00fcl, hogy agg\u00f3dnia kellene a ut\u00e1nt\u00f6lt\u00e9s vagy a csere miatt.<\/li>\n<li><strong>L\u00e9g\u00e1raml\u00e1s szab\u00e1lyoz\u00e1s:<\/strong>\u00a0\u00c1ll\u00edtsa be a l\u00e9g\u00e1raml\u00e1st az \u00d6n egy\u00e9ni ig\u00e9nyeinek megfelel\u0151en. Az Airflow Control technol\u00f3gia lehet\u0151v\u00e9 teszi, hogy sz\u00fcks\u00e9g szerint szab\u00e1lyozza a l\u00e9g\u00e1raml\u00e1st, hogy el\u00e9rje a t\u00f6k\u00e9letes g\u0151z\u00f6l\u00e9si \u00e9lm\u00e9nyt - legyen sz\u00f3 ak\u00e1r egy pihentet\u0151, enyhe g\u0151z\u00f6l\u00e9sr\u0151l, ak\u00e1r egy intenz\u00edv, er\u0151s sz\u00edv\u00e1sr\u00f3l.<\/li>\n<li><strong>10-30W teljes\u00edtm\u00e9nykimenet:<\/strong>\u00a0A 10-30W teljes\u00edtm\u00e9nytartom\u00e1ny optim\u00e1lis g\u0151ztermel\u00e9st biztos\u00edt. A v\u00e1lasztott teljes\u00edtm\u00e9nyt\u0151l f\u00fcggetlen\u00fcl mindig egyenletes, er\u0151s g\u0151zt kap.<\/li>\n<li><strong>880 mAh \u00fajrat\u00f6lthet\u0151 akkumul\u00e1tor:<\/strong>\u00a0Egy 880 mAh \u00fajrat\u00f6lthet\u0151 akkumul\u00e1torral felszerelve, a Solobar Solo stabil teljes\u00edtm\u00e9nyt ny\u00fajt hossz\u00fa ideig. A nagyvonal\u00fa kapacit\u00e1s biztos\u00edtja, hogy ne kelljen folyamatosan t\u00f6ltenie, ami m\u00e9g k\u00e9nyelmesebb\u00e9 teszi a g\u0151z\u00f6l\u00e9st.<\/li>\n<li><strong>K\u00f6rnyezeti f\u00e9ny be\/ki:<\/strong>\u00a0A Solobar Solo k\u00f6rnyezeti f\u00e9ny funkci\u00f3val rendelkezik, amely kellemes vizu\u00e1lis l\u00e9gk\u00f6rt teremt. A f\u00e9nyt ig\u00e9nye szerint be- vagy kikapcsolhatja, hogy szem\u00e9lyre szabja g\u0151z\u00f6l\u00e9si \u00e9lm\u00e9ny\u00e9t.<\/li>\n<li><strong>Dual Mesh Coil:<\/strong>\u00a0A kett\u0151s h\u00e1l\u00f3 biztos\u00edtja az egyenletes \u00e9s \u00e1lland\u00f3 p\u00e1rologtat\u00e1st, ami garant\u00e1lja a kiv\u00e1l\u00f3 \u00edzfejleszt\u00e9st \u00e9s a s\u0171r\u0171 p\u00e1r\u00e1t. Ez k\u00fcl\u00f6n\u00f6sen fontos az arom\u00e1k v\u00e1ltozatoss\u00e1ga szempontj\u00e1b\u00f3l, \u00e9s biztos\u00edtja, hogy minden sz\u00edv\u00e1s \u00e9lvezet legyen.<\/li>\n<li><strong>Kezd\u0151bar\u00e1t:<\/strong>\u00a0A Solobar Solo kezd\u0151k sz\u00e1m\u00e1ra k\u00e9sz\u00fclt. A felhaszn\u00e1l\u00f3bar\u00e1t kezel\u00e9s \u00e9s a k\u00f6nny\u0171 haszn\u00e1lat ide\u00e1lis bel\u00e9p\u00e9st ny\u00fajt a g\u0151z\u00f6l\u00e9s vil\u00e1g\u00e1ba. Nem kell agg\u00f3dnia a bonyolult be\u00e1ll\u00edt\u00e1sok vagy m\u00f3dos\u00edt\u00e1sok miatt - egyszer\u0171en kicsomagolja \u00e9s elkezdi a g\u0151z\u00f6l\u00e9st!<\/li>\n<\/ul>\n<hr \/>\n<h3><strong>Solobar Solo 30 000 sz\u00edv\u00e1s eldobhat\u00f3 e-cigaretta - R\u00e9szletes \u00edzek<\/strong><\/h3>\n<p>A megfelel\u0151 \u00edz kiv\u00e1laszt\u00e1sa d\u00f6nt\u0151 fontoss\u00e1g\u00fa a g\u0151z\u00f6l\u00e9si \u00e9lm\u00e9nyhez. A Solobar Solo 30000 h\u00faz\u00e1s eldobhat\u00f3 e-cigaretta sz\u00e1mos \u00edzes\u00edt\u00e9ssel \u00e9rkezik, amelyek mind k\u00e9nyeztetik az \u00edzlel\u0151bimb\u00f3it. A\u00a0<em>Eper Kivi J\u00e9g<\/em>\u00a0Az \u00edz k\u00fcl\u00f6n\u00f6sen n\u00e9pszer\u0171, \u00e9s friss\u00edt\u0151 kombin\u00e1ci\u00f3t k\u00edn\u00e1l \u00e9des, gy\u00fcm\u00f6lcs\u00f6s arom\u00e1kb\u00f3l, h\u0171s\u00edt\u0151 j\u00e9gkever\u00e9kkel.<\/p>\n<p><strong>Eper Kivi J\u00e9g - Egy gy\u00fcm\u00f6lcs\u00f6s friss\u00edt\u00e9s<\/strong><\/p>\n<p>A\u00a0<em>Eper Kivi J\u00e9g<\/em>\u00a0A Solobar Solo \u00edze egy harmonikus kombin\u00e1ci\u00f3ja az \u00e9rett, l\u00e9d\u00fas epernek \u00e9s a kiwi egzotikus \u00e9dess\u00e9g\u00e9nek. A gy\u00fcm\u00f6lcs\u00f6s \u00edzt egy friss\u00edt\u0151 j\u00e9ghideg k\u00eds\u00e9r\u0151\u00edz k\u00eds\u00e9ri, amely kellemes, h\u0171t\u0151 hat\u00e1st biztos\u00edt. Ez az \u00edz t\u00f6k\u00e9letesen megfelel mindazoknak, akik egy gy\u00fcm\u00f6lcs\u00f6s \u00e9s friss\u00edt\u0151 g\u0151z\u00f6l\u00e9si \u00e9lm\u00e9nyt keresnek, amely mind a meleg ny\u00e1ri napokon, mind pedig az \u00e9v b\u00e1rmely m\u00e1s szak\u00e1ban friss\u00edt\u0151 sz\u00fcnetet biztos\u00edt.<\/p>\n<ul>\n<li><strong>Erdbeere<\/strong>\u00a0Az eper \u00edze a\u00a0<em>Eper Kivi J\u00e9g<\/em>\u00a0A kever\u00e9k \u00e9des \u00e9s l\u00e9d\u00fas, term\u00e9szetes gy\u00fcm\u00f6lcs\u00f6ss\u00e9ggel, amely a vaporiz\u00e1l\u00e1st igazi \u00e9lvezett\u00e9 teszi. Friss, \u00e9l\u00e9nk \u00e9s term\u00e9szetes, tiszta eper \u00edzt k\u00edn\u00e1l, amely soha nem t\u00fal \u00e9des.<\/li>\n<li><strong>Kiwi<\/strong>\u00a0A kivi egzotikus jegyet hoz a mixbe. Enyh\u00e9n savanyk\u00e1s \u00e9s egyszerre \u00e9des \u00edzkomponense t\u00f6k\u00e9letesen illeszkedik az eperhez, \u00e9s kiegyens\u00falyozott, \u00f6sszetett \u00edz\u00e9lm\u00e9nyt biztos\u00edt. A kivi frissess\u00e9get \u00e9s egy leheletnyi tr\u00f3pusi gy\u00fcm\u00f6lcs\u00f6ss\u00e9get hoz, amely k\u00e9nyezteti az \u00edzlel\u0151bimb\u00f3kat.<\/li>\n<li><strong>J\u00e9g:<\/strong>\u00a0A j\u00e9g h\u0171t\u0151 hat\u00e1sa kieg\u00e9sz\u00edti az \u00edz\u00e9lm\u00e9nyt. A jeges frissess\u00e9g biztos\u00edtja, hogy a g\u0151z kellemesen h\u0171v\u00f6s \u00e9s friss maradjon, an\u00e9lk\u00fcl, hogy elnyomn\u00e1 a gy\u00fcm\u00f6lcs\u00f6s arom\u00e1kat. Az \"Ice\" hat\u00e1s nem t\u00fal er\u0151s, hanem pontosan a megfelel\u0151 mennyis\u00e9g\u0171 h\u0171v\u00f6ss\u00e9get k\u00edn\u00e1lja, hogy fokozza az \u00edzt \u00e9s m\u00e9g kellemesebb\u00e9 tegye a g\u0151z\u00f6l\u00e9st.<\/li>\n<\/ul>\n<p>A\u00a0<em>Eper Kivi J\u00e9g<\/em>\u00a0Az \u00edz a t\u00f6k\u00e9letes v\u00e1laszt\u00e1s azoknak a vapereknek, akik friss \u00e9s gy\u00fcm\u00f6lcs\u00f6s \u00e9lm\u00e9nyre v\u00e1gynak, amelyet eg\u00e9sz \u00e9vben \u00e9lvezhetnek. Ak\u00e1r tapasztalt vaperr\u0151l van sz\u00f3, ak\u00e1r csak most kezdik, ez az \u00edz biztosan leny\u0171g\u00f6zi majd!<\/p>\n<hr \/>\n<h3><strong>Mi\u00e9rt \u00e9rdemes megv\u00e1s\u00e1rolni a Solobar Solo 30000 h\u00faz\u00e1s egyszer haszn\u00e1latos e-cigarett\u00e1t<\/strong><\/h3>\n<ul>\n<li><strong>Hossz\u00fa eltarthat\u00f3s\u00e1g:<\/strong>\u00a030 000 h\u00faz\u00e1ssal a Solobar Solo rendk\u00edv\u00fcl hossz\u00fa haszn\u00e1latot k\u00edn\u00e1l, \u00edgy minden g\u0151z\u00f6l\u0151 sz\u00e1m\u00e1ra k\u00f6lts\u00e9ghat\u00e9kony v\u00e1laszt\u00e1snak sz\u00e1m\u00edt.<\/li>\n<li><strong>Kiemelked\u0151 arom\u00e1k:<\/strong>\u00a0A Solobar Solo egy megk\u00fcl\u00f6nb\u00f6ztet\u0151 \u00e9s intenz\u00edv \u00edz\u00e9lm\u00e9nyt biztos\u00edt, amelyet a kett\u0151s mesh-tekercs technol\u00f3gia \u00e9s a l\u00e9g\u00e1raml\u00e1s-szab\u00e1lyoz\u00e1s tov\u00e1bb er\u0151s\u00edt.<\/li>\n<li><strong>K\u00e9nyelem \u00e9s komfort:<\/strong>\u00a0A k\u00f6nny\u0171 haszn\u00e1lat \u00e9s az \u00fajrat\u00f6lthet\u0151 akkumul\u00e1tor biztos\u00edtja, hogy ne kelljen agg\u00f3dnia a p\u00f3tl\u00e1s vagy a folyamatos t\u00f6lt\u00e9s miatt.<\/li>\n<li><strong>T\u00f6k\u00e9letes kezd\u0151knek:<\/strong>\u00a0K\u00f6nny\u0171 kezelhet\u0151s\u00e9g\u00e9vel a Solobar Solo kezd\u0151k sz\u00e1m\u00e1ra is ide\u00e1lis. Nincs sz\u00fcks\u00e9g bonyolult be\u00e1ll\u00edt\u00e1sokra \u2013 egyszer\u0171en csak h\u00fazza fel \u00e9s \u00e9lvezze.<\/li>\n<li><strong>St\u00edlusos kialak\u00edt\u00e1s:<\/strong>\u00a0A modern diz\u00e1jn \u00e9s az LED-kijelz\u0151 teszik a Solobar Solot eleg\u00e1ns \u00e9s praktikus k\u00fcty\u00fcv\u00e9, amely nem csak j\u00f3l n\u00e9z ki, hanem kiv\u00e1l\u00f3an is m\u0171k\u00f6dik.<\/li>\n<\/ul>\n<p><img loading=\"lazy\" decoding=\"async\" class=\"alignnone wp-image-1855 size-full\" title=\"Solobar Solo 30 000 sz\u00edv\u00e1s egyszer haszn\u00e1latos e-cigaretta - Eper Kivi J\u00e9g 2\" src=\"https:\/\/alfakher24h.de\/wp-content\/uploads\/2025\/02\/solobar-solo-30000-4.webp\" sizes=\"auto, (max-width: 1024px) 100vw, 1024px\" srcset=\"https:\/\/alfakher24h.de\/wp-content\/uploads\/2025\/02\/solobar-solo-30000-4.webp 1024w, https:\/\/alfakher24h.de\/wp-content\/uploads\/2025\/02\/solobar-solo-30000-4-300x174.webp 300w, https:\/\/alfakher24h.de\/wp-content\/uploads\/2025\/02\/solobar-solo-30000-4-768x446.webp 768w, https:\/\/alfakher24h.de\/wp-content\/uploads\/2025\/02\/solobar-solo-30000-4-18x10.webp 18w, https:\/\/alfakher24h.de\/wp-content\/uploads\/2025\/02\/solobar-solo-30000-4-600x348.webp 600w\" alt=\"Solobar Solo 30 000 sz\u00edv\u00e1s Eldobhat\u00f3 E-cigaretta - Eper Kivi J\u00e9g \" width=\"1024\" height=\"594\" \/><\/p>\n<div class=\"flex-1 overflow-hidden @container\/thread\">\n<div class=\"h-full\">\n<div class=\"react-scroll-to-bottom--css-kyafg-79elbk h-full\">\n<div class=\"react-scroll-to-bottom--css-kyafg-1n7m0yu\">\n<div class=\"flex flex-col text-sm md:pb-9\">\n<article class=\"w-full scroll-mb-[var(--thread-trailing-height,150px)] text-token-text-primary focus-visible:outline-2 focus-visible:outline-offset-[-4px]\" dir=\"auto\" data-testid=\"conversation-turn-3\" data-scroll-anchor=\"true\">\n<div class=\"m-auto text-base py-[18px] px-3 md:px-4 w-full md:px-5 lg:px-4 xl:px-5\">\n<div class=\"mx-auto flex flex-1 gap-4 text-base md:gap-5 lg:gap-6 md:max-w-3xl lg:max-w-[40rem] xl:max-w-[48rem]\">\n<div class=\"group\/conversation-turn relative flex w-full min-w-0 flex-col agent-turn\">\n<div class=\"flex-col gap-1 md:gap-3\">\n<div class=\"flex max-w-full flex-col flex-grow\">\n<div class=\"min-h-8 text-message flex w-full flex-col items-end gap-2 whitespace-normal break-words text-start [.text-message+&amp;]:mt-5\" dir=\"auto\" data-message-author-role=\"assistant\" data-message-id=\"fda66e34-14d2-41e7-8c3d-231a0be2fd20\" data-message-model-slug=\"gpt-4o\">\n<div class=\"flex w-full flex-col gap-1 empty:hidden first:pt-[3px]\">\n<div class=\"markdown prose w-full break-words dark:prose-invert light\">\n<h4><strong>K\u00f6vetkeztet\u00e9s:<\/strong><br \/>\nA\u00a0<em>Solobar Solo 30000 h\u00faz\u00e1sos eldobhat\u00f3 e-cigaretta<\/em> kiv\u00e1l\u00f3 v\u00e1laszt\u00e1s mindenki sz\u00e1m\u00e1ra, aki megb\u00edzhat\u00f3, er\u0151s \u00e9s \u00edzben kiemelked\u0151 vape-\u00e9lm\u00e9nyt keres. Nemcsak hossz\u00fa haszn\u00e1lati id\u0151t biztos\u00edt, hanem sz\u00e1mos olyan funkci\u00f3val is rendelkezik, amelyek m\u00e9g kellemesebb\u00e9 teszik a p\u00e1rologtat\u00e1st. L\u00e1togasson el az alfakher24h.de oldalra, hogy kiv\u00e1laszthassa a megfelel\u0151t\u00a0<em>Solobar Solo<\/em>\u00a0V\u00e1s\u00e1roljon \u00e9s tapasztalja meg a legjobb vape-ot, amit N\u00e9metorsz\u00e1g k\u00edn\u00e1l!<\/h4>\n<\/div>\n<\/div>\n<\/div>\n<\/div>\n<\/div>\n<\/div>\n<\/div>\n<\/div>\n<\/article>\n<\/div>\n<\/div>\n<\/div>\n<\/div>\n<\/div>","protected":false},"excerpt":{"rendered":"<h4><em>Solobar Solo 30000 h\u00faz\u00e1sos eldobhat\u00f3 e-cigaretta<\/em> kiv\u00e1l\u00f3 v\u00e1laszt\u00e1s mindazok sz\u00e1m\u00e1ra, akik megb\u00edzhat\u00f3 ut\u00e1n kutatnak,<\/h4>","protected":false},"featured_media":1624,"comment_status":"open","ping_status":"closed","template":"","meta":{"om_disable_all_campaigns":false},"product_brand":[],"product_cat":[41],"product_tag":[],"class_list":{"0":"post-1623","1":"product","2":"type-product","3":"status-publish","4":"has-post-thumbnail","6":"product_cat-solobar-solo-30000","8":"first","9":"outofstock","10":"shipping-taxable","11":"purchasable","12":"product-type-simple"},"_links":{"self":[{"href":"https:\/\/alfakher24h.de\/hu\/wp-json\/wp\/v2\/product\/1623","targetHints":{"allow":["GET"]}}],"collection":[{"href":"https:\/\/alfakher24h.de\/hu\/wp-json\/wp\/v2\/product"}],"about":[{"href":"https:\/\/alfakher24h.de\/hu\/wp-json\/wp\/v2\/types\/product"}],"replies":[{"embeddable":true,"href":"https:\/\/alfakher24h.de\/hu\/wp-json\/wp\/v2\/comments?post=1623"}],"wp:featuredmedia":[{"embeddable":true,"href":"https:\/\/alfakher24h.de\/hu\/wp-json\/wp\/v2\/media\/1624"}],"wp:attachment":[{"href":"https:\/\/alfakher24h.de\/hu\/wp-json\/wp\/v2\/media?parent=1623"}],"wp:term":[{"taxonomy":"product_brand","embeddable":true,"href":"https:\/\/alfakher24h.de\/hu\/wp-json\/wp\/v2\/product_brand?post=1623"},{"taxonomy":"product_cat","embeddable":true,"href":"https:\/\/alfakher24h.de\/hu\/wp-json\/wp\/v2\/product_cat?post=1623"},{"taxonomy":"product_tag","embeddable":true,"href":"https:\/\/alfakher24h.de\/hu\/wp-json\/wp\/v2\/product_tag?post=1623"}],"curies":[{"name":"wp","href":"https:\/\/api.w.org\/{rel}","templated":true}]}}