{"id":1621,"date":"2025-02-08T14:37:20","date_gmt":"2025-02-08T14:37:20","guid":{"rendered":"https:\/\/alfakher24h.de\/?post_type=product&#038;p=1621"},"modified":"2025-05-21T05:11:14","modified_gmt":"2025-05-21T05:11:14","slug":"solobar-solo-30000-zuege-einweg-e-zigarette-blue-razz-ice","status":"publish","type":"product","link":"https:\/\/alfakher24h.de\/hu\/termek\/solobar-solo-30000-zuege-einweg-e-zigarette-blue-razz-ice\/","title":{"rendered":"Solobar Solo 30 000 h\u00faz\u00e1s eldobhat\u00f3 e-cigaretta \u2013 Blue Razz Ice"},"content":{"rendered":"<div style=\"width: 1020px;\" class=\"wp-video\"><video class=\"wp-video-shortcode\" id=\"video-1621-1\" width=\"1020\" height=\"574\" preload=\"metadata\" controls=\"controls\"><source type=\"video\/mp4\" src=\"https:\/\/alfakher24h.de\/wp-content\/uploads\/2025\/02\/solobar-solo-30000-2.mp4?_=1\" \/><a href=\"https:\/\/alfakher24h.de\/wp-content\/uploads\/2025\/02\/solobar-solo-30000-2.mp4\">https:\/\/alfakher24h.de\/wp-content\/uploads\/2025\/02\/solobar-solo-30000-2.mp4<\/a><\/video><\/div>\n<h2><strong>Solobar Solo 30000 Z\u00fcge\u00a0Einweg E Zigarette \u2013 Deine perfekte Wahl f\u00fcr den modernen Vaping-Genuss \nford\u00edt\u00e1sa:\nSolobar Solo 30000 h\u00faz\u00e1s eldobhat\u00f3 e-cigaretta \u2013 A modern vaporiz\u00e1ci\u00f3s \u00e9lvezet t\u00f6k\u00e9letes v\u00e1laszt\u00e1sa<\/strong><\/h2>\n<p>A\u00a0<strong>Solobar Solo 30000 h\u00faz\u00e1s egyszer haszn\u00e1latos e-cigaretta<\/strong>\u00a0az ide\u00e1lis megold\u00e1s mindazok sz\u00e1m\u00e1ra, akik egy er\u0151s, felhaszn\u00e1l\u00f3bar\u00e1t \u00e9s \u00edzben kiemelked\u0151 g\u0151z\u00f6l\u00e9si \u00e9lm\u00e9nyt keresnek.  Leny\u0171g\u00f6z\u0151 kapacit\u00e1ssal rendelkezik\u00a0<strong>30 000 vonattal<\/strong>\u00a0\u00e9s sz\u00e1mos innovat\u00edv funkci\u00f3val ez a term\u00e9k nemcsak kiv\u00e9teles teljes\u00edtm\u00e9nyt, hanem rendk\u00edv\u00fcli diz\u00e1jnt is k\u00edn\u00e1l, amely mind a kezd\u0151, mind a tapasztalt g\u0151z\u00f6l\u0151ket leny\u0171g\u00f6zi. A vezet\u0151 sz\u00e1ll\u00edt\u00f3k egyikek\u00e9nt\u00a0<strong>Egyszer haszn\u00e1latos e-cigarett\u00e1k N\u00e9metorsz\u00e1gban<\/strong>, van <strong>alfakherwelt.de<\/strong> Ezt a term\u00e9ket exkluz\u00edvan k\u00edn\u00e1ljuk a v\u00e1laszt\u00e9kunkban, hogy a legjobb g\u0151z\u00f6l\u00e9si \u00e9lm\u00e9nyt ny\u00fajthassuk neked.<\/p>\n<h3><strong>Term\u00e9kl\u00edr\u00e1s - Er\u0151s \u00e9s felhaszn\u00e1l\u00f3bar\u00e1t<\/strong><\/h3>\n<p>A\u00a0<strong>Solobar Solo 30000 h\u00faz\u00e1s egyszer haszn\u00e1latos e-cigaretta<\/strong>\u00a0Mindent tartalmaz, amire sz\u00fcks\u00e9ge van egy leny\u0171g\u00f6z\u0151 g\u0151z\u00f6l\u00e9si \u00e9lm\u00e9nyhez. Egy hatalmas\u00a0<strong>Puff-kapacit\u00e1s<\/strong>\u00a0K\u00f6r\u00fclbel\u00fcl 30 000 sz\u00edv\u00e1sig hosszabb ideig \u00e9lvezheti a vape-ot, an\u00e9lk\u00fcl, hogy folyamatosan ut\u00e1nt\u00f6lt\u00e9st vagy \u00faj e-cigarett\u00e1t kellene keresnie. Ez a hossz\u00fa \u00e9lettartam\u00fa\u00a0<strong>Eldobhat\u00f3 e-cigaretta<\/strong>\u00a0a t\u00f6k\u00e9letes v\u00e1laszt\u00e1s \u00fatk\u00f6zben, ha praktikus \u00e9s megb\u00edzhat\u00f3 alternat\u00edv\u00e1t keresel a hagyom\u00e1nyos e-cigarett\u00e1k helyett. A be\u00e9p\u00edtett akkumul\u00e1tor kapacit\u00e1sa\u00a0<strong>880 mAh<\/strong>\u00a0biztos\u00edtja, hogy a te\u00a0<strong>Solobar Solo 30000 h\u00faz\u00e1s egyszer haszn\u00e1latos e-cigaretta<\/strong>\u00a0A teljes haszn\u00e1lat sor\u00e1n megb\u00edzhat\u00f3an m\u0171k\u00f6dik.<\/p>\n<p>Egyetlen\u00a0<strong>LED-kijelz\u0151<\/strong>\u00a0k\u00f6nny\u0171 gyerekk\u00e9nt meg\u00e1llap\u00edtani az e-cigaretta t\u00f6lt\u00f6tts\u00e9gi szintj\u00e9t egy pillant\u00e1ssal. Das\u00a0<strong>L\u00e9g\u00e1raml\u00e1s-szab\u00e1lyoz\u00f3 rendszer<\/strong>\u00a0lehet\u0151v\u00e9 teszi, hogy tetsz\u00e9s szerint \u00e1ll\u00edtsa be a l\u00e9g\u00e1raml\u00e1st, \u00e9s \u00edgy el\u00e9rje a t\u00f6k\u00e9letes g\u0151z\u00f6l\u00e9si \u00e9lm\u00e9nyt. V\u00e1laszthatja, hogy a\u00a0<strong>Ambient f\u00e9ny be-\/kikapcsol\u00e1sa funkci\u00f3<\/strong>\u00a0Az \u00d6n ig\u00e9nyeinek megfelel\u0151en aktiv\u00e1lhat\u00f3 \u00e9s szem\u00e9lyre szabhat\u00f3 az e-cigaretta megjelen\u00e9se. A felhaszn\u00e1l\u00f3bar\u00e1t kialak\u00edt\u00e1s k\u00fcl\u00f6n\u00f6sen a kezd\u0151k sz\u00e1m\u00e1ra alkalmas, \u00edgy azonnal elkezdhet g\u0151z\u00f6lni an\u00e9lk\u00fcl, hogy bonyolult be\u00e1ll\u00edt\u00e1st kellene v\u00e9grehajtania.<\/p>\n<h3><strong>A Solobar Solo 30000 h\u00faz\u00f3ssz\u00e1m\u00fa eldobhat\u00f3 e-cigaretta term\u00e9kjellemz\u0151i<\/strong><\/h3>\n<ul>\n<li><strong>LED Kijelz\u0151<\/strong>\u00a0\u2013 N\u00e9zd egy pillant\u00e1ssal az akkumul\u00e1tor t\u00f6lt\u00f6tts\u00e9gi szintj\u00e9t\u00a0<strong>Eldobhat\u00f3 e-cigaretta<\/strong>.<\/li>\n<li><strong>30 000 vonat<\/strong>\u00a0- Nagyon hossz\u00fa \u00e9lettartamot k\u00edn\u00e1l, \u00edgy hosszabb ideig \u00e9lvezheti an\u00e9lk\u00fcl, hogy \u00faj e-cigarett\u00e1t kellene keresnie.<\/li>\n<li><strong>L\u00e9g\u00e1raml\u00e1s szab\u00e1lyoz\u00e1s<\/strong>\u00a0- Az l\u00e9g\u00e1raml\u00e1s egy\u00e9ni be\u00e1ll\u00edt\u00e1sa a t\u00f6k\u00e9letes g\u0151z\u00f6l\u00e9si \u00e9lm\u00e9ny\u00e9rt.<\/li>\n<li><strong>10-30W teljes\u00edtm\u00e9ny<\/strong>\u00a0- Megadja a sz\u00fcks\u00e9ges g\u0151zt a szem\u00e9lyes g\u0151z\u00f6l\u00e9si ig\u00e9nyeid kiel\u00e9g\u00edt\u00e9s\u00e9re.<\/li>\n<li><strong>880 mAh \u00fajrat\u00f6lthet\u0151 akkumul\u00e1tor<\/strong>\u00a0Biztos\u00edtja a megb\u00edzhat\u00f3 \u00e9s hossz\u00fa t\u00e1v\u00fa haszn\u00e1latot.<\/li>\n<li><strong>K\u00f6rnyezeti f\u00e9ny be\/ki<\/strong>\u00a0\u2013 Adja hozz\u00e1 az e-cigaret\u00e1j\u00e1hoz egy st\u00edlusos r\u00e9szletet, hangulat\u00e1nak megfelel\u0151en.<\/li>\n<li><strong>Du\u00e1lis Mesh Tekercs<\/strong>\u00a0Intenz\u00edv \u00edz \u00e9s egyenletes g\u0151z \u00e9rdek\u00e9ben.<\/li>\n<li><strong>Kezd\u0151bar\u00e1t<\/strong>\u00a0- Egyszer\u0171 fel\u00e9p\u00edt\u00e9s, azonnal haszn\u00e1lhat\u00f3.<\/li>\n<\/ul>\n<h3><strong>A Solobar Solo 30000 Z\u00fcge egyedi eldobhat\u00f3 e-cigaretta legn\u00e9pszer\u0171bb \u00edzei<\/strong><\/h3>\n<p>Egyik kiemelked\u0151 tulajdons\u00e1ga a\u00a0<strong>Solobar Solo 30000 h\u00faz\u00e1s egyszer haszn\u00e1latos e-cigaretta<\/strong>\u00a0a lehet\u0151s\u00e9ge, hogy kiv\u00e1laszd az \u00edzvil\u00e1got, amely megfelel a szem\u00e9lyes \u00edzl\u00e9sednek. Az egyik legn\u00e9pszer\u0171bb \u00e9s legfrissebb \u00edzprofil, amelyet \u00e9lvezhetsz, az\u00a0<strong>Blue Razz Ice<\/strong>.<\/p>\n<h4><strong>Blue Razz Ice: Egy friss\u00edt\u0151 gy\u00fcm\u00f6lcs \u00e9lvezet<\/strong><\/h4>\n<p>A\u00a0<strong>Blue Razz Ice<\/strong>\u00cdzvari\u00e1ci\u00f3k  k\u00f6z\u00fcl  a  Solobar  Solo  30000  h\u00faz\u00e1s  eldobhat\u00f3  E  cigaretta  egy  harmonikus  gy\u00fcm\u00f6lcs  kombin\u00e1ci\u00f3t  k\u00edn\u00e1l\u00a0<strong>\u00c1fonya<\/strong>\u00a0\u00e9s friss\u00edt\u0151\u00a0<strong>M\u00e1lna<\/strong>\u00a0(Himbeere), t\u00f6k\u00e9letesen lekerek\u00edtett egy h\u0171s\u00edt\u0151vel\u00a0<strong>J\u00e9g<\/strong>hat\u00e1s. M\u00e1r az els\u0151 h\u00faz\u00e1sn\u00e1l el\u00e1rasztja majd az \u00edz intenzit\u00e1sa \u00e9s frissess\u00e9ge. Az \u00e9des, gy\u00fcm\u00f6lcs\u00f6s \u00e1fonya \u00e9s a savanyk\u00e1s m\u00e1lna kever\u00e9ke intenz\u00edv \u00edz\u00e9lm\u00e9nyt ny\u00fajt, amelyet a h\u0171s\u00edt\u0151 j\u00e9gkever\u00e9k kellemesen kieg\u00e9sz\u00edt. A\u00a0<strong>Blue Razz Ice<\/strong>\u00a0\u00cdz a t\u00f6k\u00e9letes v\u00e1laszt\u00e1s mindazok sz\u00e1m\u00e1ra, akik egy friss\u00edt\u0151 \u00e9s egyszerre \u00e9des-gy\u00fcm\u00f6lcs\u00f6s g\u0151z\u00f6l\u00e9si \u00e9lm\u00e9nyt keresnek. A gy\u00fcm\u00f6lcs \u00e9s a h\u0171v\u00f6ss\u00e9g finom egyens\u00falya teszi ezt az \u00edzt sok g\u0151z\u00f6l\u0151 kedvenc\u00e9v\u00e9.<\/p>\n<p>F\u00fcr\u00a0<strong>Vape v\u00e1s\u00e1rl\u00f3k<\/strong>\u00a0N\u00e9metorsz\u00e1gban, akik egy hossz\u00fa \u00e9lettartam\u00fa \u00e9s nagy teljes\u00edtm\u00e9ny\u0171 term\u00e9ket keresnek, azok a\u00a0<strong>Solobar Solo 30000 h\u00faz\u00e1s egyszer haszn\u00e1latos e-cigaretta<\/strong>\u00a0a-ban\u00a0<strong>Blue Razz Ice<\/strong>\u00cdzvari\u00e1ci\u00f3 - abszol\u00fat k\u00f6telez\u0151. Az els\u0151 oszt\u00e1ly\u00fa technol\u00f3gia \u00e9s a kiv\u00e1l\u00f3 \u00edzv\u00e1laszt\u00e9k kombin\u00e1ci\u00f3ja felejthetetlen g\u0151z\u00f6l\u00e9si \u00e9lm\u00e9nyt ny\u00fajt. A h\u0171s\u00edt\u0151 \u00e9rint\u00e9s\u00a0<strong>J\u00e9g<\/strong>Az effekt ide\u00e1lis ahhoz, hogy a meleg napokon is kellemes \u00e9s friss \u00e9rz\u00e9st ny\u00fajtson \u00d6nnek.<\/p>\n<h4><strong>Tov\u00e1bbi \u00edz\u00e9lm\u00e9nyek<\/strong><\/h4>\n<p>B\u00e1r a\u00a0<strong>Blue Razz Ice<\/strong>\u00a0k\u00fcl\u00f6n\u00f6sen n\u00e9pszer\u0171, ez\u00e9rt a\u00a0<strong>Solobar Solo 30000 h\u00faz\u00e1sos eldobhat\u00f3 e-cigaretta<\/strong>\u00a0M\u00e9g sok m\u00e1s finom lehet\u0151s\u00e9g. V\u00e1laszthatsz a k\u00fcl\u00f6nb\u00f6z\u0151 \u00edzek sz\u00e9les sk\u00e1l\u00e1j\u00e1b\u00f3l, bele\u00e9rtve a gy\u00fcm\u00f6lcs\u00f6s arom\u00e1kat, az \u00e9des desszert \u00edzeket \u00e9s a friss\u00edt\u0151 mentolos v\u00e1ltozatokat, amelyek minden vaporiz\u00e1ci\u00f3s \u00e9lm\u00e9nyt egyed\u00fcl\u00e1ll\u00f3 \u00e9lvezett\u00e9 tesznek.<\/p>\n<p><img loading=\"lazy\" decoding=\"async\" class=\"alignnone wp-image-1855 size-full\" title=\"Solobar Solo 30 000 h\u00faz\u00e1s eldobhat\u00f3 e-cigaretta - Blue Razz Ice 2\" src=\"https:\/\/alfakher24h.de\/wp-content\/uploads\/2025\/02\/solobar-solo-30000-4.webp\" sizes=\"auto, (max-width: 1024px) 100vw, 1024px\" srcset=\"https:\/\/alfakher24h.de\/wp-content\/uploads\/2025\/02\/solobar-solo-30000-4.webp 1024w, https:\/\/alfakher24h.de\/wp-content\/uploads\/2025\/02\/solobar-solo-30000-4-300x174.webp 300w, https:\/\/alfakher24h.de\/wp-content\/uploads\/2025\/02\/solobar-solo-30000-4-768x446.webp 768w, https:\/\/alfakher24h.de\/wp-content\/uploads\/2025\/02\/solobar-solo-30000-4-18x10.webp 18w, https:\/\/alfakher24h.de\/wp-content\/uploads\/2025\/02\/solobar-solo-30000-4-600x348.webp 600w\" alt=\"Solobar Solo 30 000 h\u00faz\u00e1s eldobhat\u00f3 e-cigaretta - Blue Razz Ice \" width=\"1024\" height=\"594\" \/><\/p>\n<div class=\"flex-1 overflow-hidden @container\/thread\">\n<div class=\"h-full\">\n<div class=\"react-scroll-to-bottom--css-kyafg-79elbk h-full\">\n<div class=\"react-scroll-to-bottom--css-kyafg-1n7m0yu\">\n<div class=\"flex flex-col text-sm md:pb-9\">\n<article class=\"w-full scroll-mb-[var(--thread-trailing-height,150px)] text-token-text-primary focus-visible:outline-2 focus-visible:outline-offset-[-4px]\" dir=\"auto\" data-testid=\"conversation-turn-3\" data-scroll-anchor=\"true\">\n<div class=\"m-auto text-base py-[18px] px-3 md:px-4 w-full md:px-5 lg:px-4 xl:px-5\">\n<div class=\"mx-auto flex flex-1 gap-4 text-base md:gap-5 lg:gap-6 md:max-w-3xl lg:max-w-[40rem] xl:max-w-[48rem]\">\n<div class=\"group\/conversation-turn relative flex w-full min-w-0 flex-col agent-turn\">\n<div class=\"flex-col gap-1 md:gap-3\">\n<div class=\"flex max-w-full flex-col flex-grow\">\n<div class=\"min-h-8 text-message flex w-full flex-col items-end gap-2 whitespace-normal break-words text-start [.text-message+&amp;]:mt-5\" dir=\"auto\" data-message-author-role=\"assistant\" data-message-id=\"fda66e34-14d2-41e7-8c3d-231a0be2fd20\" data-message-model-slug=\"gpt-4o\">\n<div class=\"flex w-full flex-col gap-1 empty:hidden first:pt-[3px]\">\n<div class=\"markdown prose w-full break-words dark:prose-invert light\">\n<h3><strong>Mi\u00e9rt v\u00e1laszd a Solobar Solo 30000 h\u00faz\u00e1sos eldobhat\u00f3 e-cigarett\u00e1t?<\/strong><\/h3>\n<ul>\n<li><strong>Hossz\u00fa \u00e9lettartam<\/strong>: Mit\u00a0<strong>30 000 vonattal<\/strong>\u00a0Hossz\u00fa ideig \u00f6r\u00f6m\u00f6t okoz a term\u00e9ked, ami cs\u00f6kkenti a gyakori v\u00e1s\u00e1rl\u00e1sok sz\u00fcks\u00e9gess\u00e9g\u00e9t, \u00e9s id\u0151t \u00e9s p\u00e9nzt takar\u00edt meg neked.<\/li>\n<li><strong>Felhaszn\u00e1l\u00f3bar\u00e1t<\/strong>: A\u00a0<strong>Solobar Solo 30000 h\u00faz\u00e1s egyszer haszn\u00e1latos e-cigaretta<\/strong>\u00a0Ide\u00e1lis kezd\u0151k sz\u00e1m\u00e1ra. K\u00f6nnyen haszn\u00e1lhat\u00f3, bonyolult be\u00e1ll\u00edt\u00e1sok n\u00e9lk\u00fcl.<\/li>\n<li><strong>T\u00f6bbf\u00e9le \u00edzvil\u00e1g<\/strong>: Sz\u00e9les \u00edzv\u00e1laszt\u00e9kkal, bele\u00e9rtve a n\u00e9pszer\u0171eket is\u00a0<strong>Blue Razz Ice<\/strong>Megtal\u00e1lhatod az \u00edzl\u00e9sednek megfelel\u0151 t\u00f6k\u00e9letes \u00edzt.<\/li>\n<li><strong>Innovat\u00edv funkci\u00f3k<\/strong>: Az\u00a0<strong>LED-kijelz\u0151<\/strong>,\u00a0<strong>L\u00e9g\u00e1raml\u00e1s-szab\u00e1lyoz\u00e1s<\/strong>\u00a0\u00e9s a\u00a0<strong>Du\u00e1lis Mesh Tekercs<\/strong>\u00a0Biztos\u00edtj\u00e1k a p\u00e1ratlan g\u0151z\u00f6l\u00e9si \u00e9lm\u00e9nyt, amit m\u00e1s term\u00e9kekkel nem lehet \u00f6sszehasonl\u00edtani.<\/li>\n<li><strong>Kompakt \u00e9s st\u00edlusos<\/strong>: Ez\u00a0<strong>Eldobhat\u00f3 e-cigaretta<\/strong>\u00a0nemcsak teljes\u00edtm\u00e9nyben er\u0151s, hanem l\u00e1tv\u00e1nyban is igaz\u00e1n szemet gy\u00f6ny\u00f6rk\u00f6dtet\u0151, azzal a lehet\u0151s\u00e9ggel, hogy a\u00a0<strong>Ambient Light<\/strong>\u00a0Kiigaz\u00edtani.<\/li>\n<li><strong>El\u00e9rhet\u0151 a(z) alfakherwelt.de oldalon<\/strong>Szerezd meg magadnak\u00a0<strong>Solobar Solo 30000 h\u00faz\u00e1s egyszer haszn\u00e1latos e-cigaretta<\/strong>\u00a0\u00e9s m\u00e9g sokan m\u00e1sok\u00a0<strong>Eldobhat\u00f3 Vape-ok<\/strong> exkluz\u00edvan <strong>alfakherwelt.de<\/strong>a legnagyobb online platformja sz\u00e1m\u00e1ra\u00a0<strong>Eldobhat\u00f3 Vape-k N\u00e9metorsz\u00e1gban<\/strong>.<\/li>\n<\/ul>\n<h3><strong>Fazit \u2013 Az ide\u00e1lis k\u00eds\u00e9r\u0151d a t\u00f6k\u00e9letes g\u0151z\u00f6l\u00e9si \u00e9lm\u00e9nyhez<\/strong><\/h3>\n<p>A\u00a0<strong>Solobar Solo 30000 h\u00faz\u00e1s egyszer haszn\u00e1latos e-cigaretta<\/strong>\u00a0a t\u00f6k\u00e9letes v\u00e1laszt\u00e1s mindazok sz\u00e1m\u00e1ra, akik hossz\u00fa \u00e9lettartam\u00fa, nagy teljes\u00edtm\u00e9ny\u0171 \u00e9s rendk\u00edv\u00fcl \u00edzletes g\u0151z\u00f6l\u00e9si \u00e9lm\u00e9nyt keresnek. Kapacit\u00e1sa:\u00a0<strong>30 000 vonattal<\/strong>A gyakorlatias\u00a0<strong>L\u00e9g\u00e1raml\u00e1s-szab\u00e1lyoz\u00e1s<\/strong>\u00a0\u00e9s sz\u00e1mos \u00edzes\u00edt\u00e9ssel, bele\u00e9rtve az \u00fcd\u00edt\u0151\u00a0<strong>Blue Razz Ice<\/strong>Ez az e-cigaretta minden tapasztalati szint\u0171 g\u0151z\u00f6l\u0151 sz\u00e1m\u00e1ra ide\u00e1lis megold\u00e1s.<\/p>\n<p>Szerezz most magadnak\u00a0<strong>Solobar Solo 30000 h\u00faz\u00e1s egyszer haszn\u00e1latos e-cigaretta<\/strong> \u00e9s tapasztalja meg a k\u00fcl\u00f6nbs\u00e9get <strong>alfakherwelt.de<\/strong>\u00a0- Az els\u0151 c\u00edm  v\u00e1s\u00e1rl\u00e1shoz\u00a0<strong>Eldobhat\u00f3 Vape-ok<\/strong>\u00a0N\u00e9metorsz\u00e1gban!<\/p>\n<\/div>\n<\/div>\n<\/div>\n<\/div>\n<\/div>\n<\/div>\n<\/div>\n<\/div>\n<\/article>\n<\/div>\n<\/div>\n<\/div>\n<\/div>\n<\/div>","protected":false},"excerpt":{"rendered":"<p><strong>Solobar Solo 30000 h\u00faz\u00e1s egyszer haszn\u00e1latos e-cigaretta<\/strong>\u00a0a t\u00f6k\u00e9letes v\u00e1laszt\u00e1s mindazok sz\u00e1m\u00e1ra, akik hossz\u00fa \u00e9lettartam\u00fa, nagy teljes\u00edtm\u00e9ny\u0171 \u00e9s rendk\u00edv\u00fcl \u00edzletes g\u0151z\u00f6l\u00e9si \u00e9lm\u00e9nyt keresnek. Kapacit\u00e1sa:\u00a0<strong>30 000 vonattal<\/strong><\/p>","protected":false},"featured_media":1622,"comment_status":"open","ping_status":"closed","template":"","meta":{"om_disable_all_campaigns":false},"product_brand":[],"product_cat":[41],"product_tag":[],"class_list":{"0":"post-1621","1":"product","2":"type-product","3":"status-publish","4":"has-post-thumbnail","6":"product_cat-solobar-solo-30000","8":"first","9":"outofstock","10":"shipping-taxable","11":"purchasable","12":"product-type-simple"},"_links":{"self":[{"href":"https:\/\/alfakher24h.de\/hu\/wp-json\/wp\/v2\/product\/1621","targetHints":{"allow":["GET"]}}],"collection":[{"href":"https:\/\/alfakher24h.de\/hu\/wp-json\/wp\/v2\/product"}],"about":[{"href":"https:\/\/alfakher24h.de\/hu\/wp-json\/wp\/v2\/types\/product"}],"replies":[{"embeddable":true,"href":"https:\/\/alfakher24h.de\/hu\/wp-json\/wp\/v2\/comments?post=1621"}],"wp:featuredmedia":[{"embeddable":true,"href":"https:\/\/alfakher24h.de\/hu\/wp-json\/wp\/v2\/media\/1622"}],"wp:attachment":[{"href":"https:\/\/alfakher24h.de\/hu\/wp-json\/wp\/v2\/media?parent=1621"}],"wp:term":[{"taxonomy":"product_brand","embeddable":true,"href":"https:\/\/alfakher24h.de\/hu\/wp-json\/wp\/v2\/product_brand?post=1621"},{"taxonomy":"product_cat","embeddable":true,"href":"https:\/\/alfakher24h.de\/hu\/wp-json\/wp\/v2\/product_cat?post=1621"},{"taxonomy":"product_tag","embeddable":true,"href":"https:\/\/alfakher24h.de\/hu\/wp-json\/wp\/v2\/product_tag?post=1621"}],"curies":[{"name":"wp","href":"https:\/\/api.w.org\/{rel}","templated":true}]}}