{"id":162,"date":"2024-09-12T12:21:16","date_gmt":"2024-09-12T12:21:16","guid":{"rendered":"https:\/\/alfakher24h.de\/?post_type=product&#038;p=162"},"modified":"2025-07-23T04:17:27","modified_gmt":"2025-07-23T04:17:27","slug":"al-fakher-koronarud-8000-szivas-eldobhato-e-cigi-nikotinos-epres-punccsal","status":"publish","type":"product","link":"https:\/\/alfakher24h.de\/hu\/termek\/al-fakher-koronarud-8000-szivas-eldobhato-e-cigi-nikotinos-epres-punccsal\/","title":{"rendered":"AL Fakher Crown Bar 8000 h\u00faz\u00e1s eldobhat\u00f3 e-cigaretta nikotinnal - eper punch"},"content":{"rendered":"<h2><a href=\"https:\/\/alfakher24h.de\/hu\/termekkategoria\/al-fakher-koronarud-8000\/\">AL Fakher Crown Bar 8000 h\u00faz\u00e1s<\/a> <a href=\"https:\/\/alfakher24h.de\/hu\/\">Egyszer haszn\u00e1latos e-cigaretta nikotinnal<\/a> Eper Punch<\/h2>\n<p>A <strong>AL Fakher Crown Bar 8000 h\u00faz\u00e1s eldobhat\u00f3 e-cigaretta<\/strong> az ide\u00e1lis t\u00e1rs a g\u0151z\u00f6l\u0151k sz\u00e1m\u00e1ra, akik intenz\u00edv \u00e9s hossz\u00fa t\u00e1v\u00fa \u00edz\u00e9lm\u00e9nyt keresnek. Ak\u00e1r 8000 h\u00faz\u00e1ssal \u00e9s 18 ml nikotint tartalmaz\u00f3 e-liquid\u00e9vel kiv\u00e1l\u00f3 v\u00e1laszt\u00e1s azok sz\u00e1m\u00e1ra, akik nagyra \u00e9rt\u00e9kelik a min\u0151s\u00e9get \u00e9s a teljes\u00edtm\u00e9nyt. Az \u00edzes\u00edt\u00e9s <strong>Eper \u00dcd\u00edt\u0151<\/strong> Intenz\u00edv, gy\u00fcm\u00f6lcs\u00f6s \u00e9lvezetet ny\u00fajt, \u00e9s nem hagy k\u00edv\u00e1nnival\u00f3t maga ut\u00e1n.<\/p>\n<p>Ez az eldobhat\u00f3 e-cigaretta \u00fajrat\u00f6lthet\u0151 600mAh-os akkumul\u00e1torral van ell\u00e1tva, \u00e9s k\u00f6zvetlen t\u00fcd\u0151be sz\u00edv\u00e1sra (Direct Lung) optimaliz\u00e1lva. Ez m\u00e9ly, \u00edzletes g\u0151zfelh\u0151t eredm\u00e9nyez, amely k\u00fcl\u00f6n\u00f6sen intenz\u00edv. Ezenk\u00edv\u00fcl a k\u00e9sz\u00fcl\u00e9k k\u00f6nnyen haszn\u00e1lhat\u00f3 - nincs sz\u00fcks\u00e9g ut\u00e1nt\u00f6lt\u00e9sre, podok vagy tekercsek cser\u00e9j\u00e9re. Amint a folyad\u00e9k vagy az akkumul\u00e1tor kimer\u00fcl, egyszer\u0171en v\u00e1s\u00e1roljon egy \u00faj k\u00e9sz\u00fcl\u00e9ket \u00e9s tov\u00e1bbra is \u00e9lvezze a teljes g\u0151z\u00f6l\u00e9si \u00e9lm\u00e9nyt.<\/p>\n<div style=\"width: 360px;\" class=\"wp-video\"><video class=\"wp-video-shortcode\" id=\"video-162-1\" width=\"360\" height=\"640\" preload=\"metadata\" controls=\"controls\"><source type=\"video\/mp4\" src=\"https:\/\/alfakher24h.de\/wp-content\/uploads\/2024\/09\/AL-Fakher-Crown-Bar-8000-Zuege-Einweg-E-Zigarette-Mit-Nikotin-Strawberry-Punch.mp4?_=1\" \/><a href=\"https:\/\/alfakher24h.de\/wp-content\/uploads\/2024\/09\/AL-Fakher-Crown-Bar-8000-Zuege-Einweg-E-Zigarette-Mit-Nikotin-Strawberry-Punch.mp4\">https:\/\/alfakher24h.de\/wp-content\/uploads\/2024\/09\/AL-Fakher-Crown-Bar-8000-Zuege-Einweg-E-Zigarette-Mit-Nikotin-Strawberry-Punch.mp4<\/a><\/video><\/div>\n<hr \/>\n<h2>AL Fakher Crown Bar 8000 Z\u00fcge \n\n Term\u00e9kle\u00edr\u00e1s<\/h2>\n<p>A <strong>AL Fakher Crown Bar 8000 <a href=\"https:\/\/alfakher24h.de\/hu\/\">Egyutas E-cigaretta<\/a><\/strong> \u00edzben <strong>Eper \u00dcd\u00edt\u0151<\/strong> K\u00edn\u00e1l egy pr\u00e9mium g\u0151z\u00f6l\u00e9si \u00e9lm\u00e9nyt. 18ml el\u0151t\u00f6lt\u00f6tt e-folyad\u00e9kkal \u00e9s 5% (20mg\/ml) nikotintartalommal ez az e-cigaretta ak\u00e1r 8000 sz\u00edv\u00e1sig is kitart, \u00e9s ezzel az egyik leghosszabb \u00e9lettartam\u00fa eldobhat\u00f3 vape a piacon. A be\u00e9p\u00edtett 600mAh-s akkumul\u00e1tor USB-C csatlakoz\u00f3n kereszt\u00fcl gyorsan \u00fajrat\u00f6lthet\u0151, miel\u0151tt az eszk\u00f6z teljesen lemer\u00fclne.<\/p>\n<p>A kompakt \u00e9s hordozhat\u00f3 kialak\u00edt\u00e1s ide\u00e1liss\u00e1 teszi a Crown Bar 8000-et a mindennapi haszn\u00e1latra. K\u00f6nny\u0171, k\u00e9zbe ill\u0151 \u00e9s t\u00f6k\u00e9letesen belef\u00e9r b\u00e1rmely zsebbe. Az eldobhat\u00f3 funkci\u00f3 megsp\u00f3rolja a f\u00e1raszt\u00f3 \u00fajrat\u00f6lt\u00e9st \u00e9s a karbantart\u00e1st, ami kiv\u00e1l\u00f3 v\u00e1laszt\u00e1ss\u00e1 teszi \u00fatk\u00f6zben. A k\u00e9sz\u00fcl\u00e9k k\u00fcl\u00f6n\u00f6sen alkalmas azok sz\u00e1m\u00e1ra, akik a hagyom\u00e1nyos cigarett\u00e1r\u00f3l a g\u0151z\u00f6l\u00e9sre szeretn\u00e9nek \u00e1t\u00e1llni, de a tapasztalt g\u0151z\u00f6l\u0151k is \u00e9rt\u00e9kelni fogj\u00e1k a teljes\u00edtm\u00e9nyt \u00e9s az \u00edzt.<\/p>\n<hr \/>\n<h2>AL Fakher Crown Bar 8000 h\u00faz\u00e1s jellemz\u0151i  AL Fakher Crown Bar Strawberry Punch 8000 h\u00faz\u00e1s eldobhat\u00f3 e-cigaretta<\/h2>\n<ul>\n<li><strong>Legfeljebb 8000 vonat<\/strong>: K\u00fcl\u00f6nleges hossz\u00fa \u00e9lettartam, amely hossz\u00fa t\u00e1v\u00fa g\u0151z\u00f6l\u00e9si \u00e9lm\u00e9nyt ny\u00fajt.<\/li>\n<li><strong>18 ml e-folyad\u00e9k kapacit\u00e1s<\/strong>: El\u0151re t\u00f6ltve 18ml nikotin e-liquidkel (5% nikotin), ide\u00e1lis azoknak a vapereknek, akik magas nikotintartalmat r\u00e9szes\u00edtenek el\u0151nyben.<\/li>\n<li><strong>\u00dajrat\u00f6lthet\u0151 600mAh akkumul\u00e1tor<\/strong>: K\u00f6nnyen t\u00f6lthet\u0151 a Type-C csatlakoz\u00f3n kereszt\u00fcl, ami biztos\u00edtja a k\u00e9nyelmet \u00e9s a rugalmass\u00e1got.<\/li>\n<li><strong>Intenz\u00edv eper punch \u00edz<\/strong>: Egy gy\u00fcm\u00f6lcs\u00f6sen \u00e9des \u00e9lm\u00e9ny, amely t\u00f6k\u00e9letesen megragadja az \u00e9rett eper \u00edz\u00e9t.<\/li>\n<li><strong>T\u00fcd\u0151be t\u00f6rt\u00e9n\u0151 k\u00f6zvetlen inhal\u00e1ci\u00f3<\/strong>: M\u00e9ly l\u00e9gz\u00e9sekhez optimaliz\u00e1lva, hogy intenz\u00edvebb g\u0151z\u00e9lm\u00e9nyt ny\u00fajtson.<\/li>\n<li><strong>Kompakt \u00e9s hordozhat\u00f3<\/strong>K\u00f6nny\u0171 \u00e9s t\u00f6k\u00e9letes \u00fatk\u00f6zben, belef\u00e9r b\u00e1rmilyen zsebbe \u00e9s azonnal haszn\u00e1latra k\u00e9sz.<\/li>\n<li><strong>Nagy \u00e9rt\u00e9k\u0171 h\u00e1l\u00f3tekercs<\/strong>: Egyenletes g\u0151ztermel\u00e9st biztos\u00edt \u00e9s er\u0151s\u00edti az \u00edzt.<\/li>\n<li><strong>K\u00f6nnyen haszn\u00e1lhat\u00f3<\/strong>: Nincs bonyolult haszn\u00e1lat, egyszer\u0171en kicsomagol\u00e1s \u00e9s g\u0151z\u00f6l\u00e9s.<\/li>\n<li><strong>Egyszer haszn\u00e1latos eszk\u00f6z<\/strong>: Nincs sz\u00fcks\u00e9g a pods ut\u00e1nt\u00f6lt\u00e9s\u00e9re vagy cser\u00e9j\u00e9re, egyszer\u0171 \u00e9s praktikus.<\/li>\n<\/ul>\n<hr \/>\n<h2>AL Fakher Crown Bar 8000 h\u00faz\u00e1sok Mi\u00e9rt v\u00e1s\u00e1rolja meg az AL Fakher Crown Bar 8000 eper \u00fct\u00e9s<\/h2>\n<p>A <strong>AL Fakher Crown Bar 8000 h\u00faz\u00e1s eldobhat\u00f3 e-cigaretta<\/strong> Mindent, amit egy ig\u00e9nyes g\u0151z\u00f6l\u0151 sz\u00fcks\u00e9ge - legyen az az intenz\u00edv \u00edze <strong>Eper \u00dcd\u00edt\u0151<\/strong> vagy a k\u00e9nyelmes kezel\u00e9s. Kompakt m\u00e9ret\u00e9vel \u00e9s \u00fajrat\u00f6lthet\u0151 akkumul\u00e1tor\u00e1val ide\u00e1lis a mindennapi haszn\u00e1latra. Ezenk\u00edv\u00fcl a Crown Bar 8000 ak\u00e1r 8000 sz\u00edv\u00e1sig terjed\u0151 leny\u0171g\u00f6z\u0151 \u00e9lettartamot k\u00edn\u00e1l, ami a legjobb eldobhat\u00f3 e-cigarett\u00e1k k\u00f6z\u00e9 teszi a piacon.<\/p>\n<p>Ha intenz\u00edv, gy\u00fcm\u00f6lcs\u00f6s g\u0151z\u00f6l\u00e9si \u00e9lm\u00e9nyt keresel, akkor a Strawberry Punch \u00e9ppen neked val\u00f3. Az \u00edze egy l\u00e9d\u00fas, \u00e9des eperre eml\u00e9keztet, amely minden sz\u00edv\u00e1ssal \u00f6r\u00f6met okoz az \u00edzlel\u0151bimb\u00f3idnak. Ak\u00e1r tapasztalt g\u0151z\u00f6l\u0151 vagy, ak\u00e1r csak most v\u00e1ltasz hagyom\u00e1nyos cigarett\u00e1r\u00f3l, az AL Fakher Crown Bar 8000 biztosan leny\u0171g\u00f6z majd. \u00c9s a legjobb: k\u00e9nyelmesen megv\u00e1s\u00e1rolhatod weboldalunkon <strong>alfakher24h.de<\/strong> V\u00e1s\u00e1roljon \u00e9s k\u00f6zvetlen\u00fcl az otthon\u00e1ba sz\u00e1ll\u00edttassa.<\/p>\n<hr \/>\n<h2>AL Fakher Crown Bar 8000 Z\u00fcge Geschmackserlebnis \u2013 Eper \u00dct\u00e9s<\/h2>\n<p>\u00cdz <strong>Eper \u00dcd\u00edt\u0151<\/strong> Az AL Fakher Crown Bar val\u00f3di \u00e9lvezet mindenki sz\u00e1m\u00e1ra, aki szereti a gy\u00fcm\u00f6lcs\u00f6s arom\u00e1kat. Az \u00e9rett eper friss \u00edze t\u00f6k\u00e9letesen megragadva, \u00e9s egy gazdag, \u00e9des vape-\u00e9lm\u00e9nyt ny\u00fajt. Minden sz\u00edv\u00e1s olyan \u00e9rz\u00e9s, mint egy falat egy l\u00e9d\u00fas eperbe, ahol a gy\u00fcm\u00f6lcs term\u00e9szetes \u00e9dess\u00e9ge csod\u00e1latosan \u00e9rv\u00e9nyes\u00fcl.<\/p>\n<p>A Strawberry Punch \u00edze az eszk\u00f6z haszn\u00e1lata sor\u00e1n v\u00e9gig intenz\u00edv marad, k\u00f6sz\u00f6nhet\u0151en a fejlett Mesh-Coil technol\u00f3gi\u00e1nak. Ez a tekercs biztos\u00edtja, hogy a g\u0151z egyenletesen \u00e9s teljes m\u00e9rt\u00e9kben termel\u0151dj\u00f6n, ami jobb \u00e9s autentikusabb \u00edzhez vezet. A Crown Bar 8000 minden vaporiz\u00e1ci\u00f3s \u00e9lm\u00e9nybe elhozza a friss eper tiszta \u00edz\u00e9t, \u00e9s hossz\u00fa t\u00e1v\u00fa \u00e9lvezetet biztos\u00edt.<\/p>\n<p>Ez a gy\u00fcm\u00f6lcs\u00f6s aroma k\u00fcl\u00f6n\u00f6sen j\u00f3l megfelel azoknak a vapereknek, akik intenz\u00edv \u00e9s \u00e9des \u00edzt r\u00e9szes\u00edtenek el\u0151nyben, an\u00e9lk\u00fcl, hogy az mesters\u00e9ges lenne. Az \u00edz term\u00e9szetes \u00e9s friss marad, t\u00f6k\u00e9letes hossz\u00fa ny\u00e1ri napokra vagy ellazult est\u00e9kre. <strong>Eper \u00dcd\u00edt\u0151<\/strong> A t\u00f6k\u00e9letes v\u00e1laszt\u00e1s mindazok sz\u00e1m\u00e1ra, akik \u00e9rt\u00e9kelik a gy\u00fcm\u00f6lcs\u00f6s arom\u00e1kat, \u00e9s k\u00fcl\u00f6nleges g\u0151z\u00f6l\u00e9si \u00e9lm\u00e9nyt keresnek.<\/p>\n<p><img loading=\"lazy\" decoding=\"async\" class=\"alignnone size-full wp-image-164\" src=\"https:\/\/alfakher24h.de\/wp-content\/uploads\/2024\/09\/AL-Fakher-Crown-Bar-8000-Zuege-Einweg-E-Zigarette-Mit-Nikotin-Strawberry-Punch-2.webp\" alt=\"AL-Fakher-Crown-Bar-8000-Z\u00fcge-Einweg-E-Zigarette-Mit-Nikotin-Erdbeeren-Punch\" width=\"750\" height=\"649\" title=\"\" srcset=\"https:\/\/alfakher24h.de\/wp-content\/uploads\/2024\/09\/AL-Fakher-Crown-Bar-8000-Zuege-Einweg-E-Zigarette-Mit-Nikotin-Strawberry-Punch-2.webp 750w, https:\/\/alfakher24h.de\/wp-content\/uploads\/2024\/09\/AL-Fakher-Crown-Bar-8000-Zuege-Einweg-E-Zigarette-Mit-Nikotin-Strawberry-Punch-2-300x260.webp 300w, https:\/\/alfakher24h.de\/wp-content\/uploads\/2024\/09\/AL-Fakher-Crown-Bar-8000-Zuege-Einweg-E-Zigarette-Mit-Nikotin-Strawberry-Punch-2-600x519.webp 600w\" sizes=\"auto, (max-width: 750px) 100vw, 750px\" \/><\/p>\n<hr \/>\n<h2>AL Fakher Crown Bar 8000 Z\u00fcge Einweg E Zigarette v\u00e1s\u00e1rl\u00e1s Alfakher24h.hu<\/h2>\n<p>Ha egy egyszer haszn\u00e1latos e-cigarett\u00e1t keresel, amely nemcsak teljes\u00edtm\u00e9ny\u00e9vel, hanem intenz\u00edv \u00edz\u00e9vel is meggy\u0151z, akkor rendeld meg a <strong>AL Fakher Crown Bar 8000 h\u00faz\u00e1s eldobhat\u00f3 e-cigaretta<\/strong> Az \u00edzes\u00edt\u00e9s Strawberry Punch-on <strong>alfakher24h.de<\/strong>N\u00e9metorsz\u00e1g legnagyobb eldobhat\u00f3 vape-sz\u00e1ll\u00edt\u00f3jak\u00e9nt sz\u00e9les v\u00e1laszt\u00e9kot k\u00edn\u00e1lunk \u00d6nnek kiv\u00e1l\u00f3 min\u0151s\u00e9g\u0171 term\u00e9kekb\u0151l, amelyeket k\u00f6zvetlen\u00fcl az \u00d6n otthon\u00e1ba sz\u00e1ll\u00edtunk. Nincs hossz\u00fa v\u00e1rakoz\u00e1si id\u0151, nincs kompromisszum - egyszer\u0171en a t\u00f6k\u00e9letes g\u0151z\u00f6l\u00e9si \u00e9lm\u00e9ny gombnyom\u00e1sra.<\/p>\n<p>L\u00e1togassa meg m\u00e9g ma weboldalunkat <a href=\"https:\/\/alfakher24h.de\/hu\/\"><strong>alfakher24h.de<\/strong> <\/a>\u00e9s fedezze fel az eldobhat\u00f3 e-cigarett\u00e1k vil\u00e1g\u00e1t, amelyek innovat\u00edv technol\u00f3gi\u00e1val, hossz\u00fa ideig tart\u00f3 \u00edzzel \u00e9s vonz\u00f3 diz\u00e1jnnal rendelkeznek. Az AL Fakher Crown Bar 8000 megv\u00e1s\u00e1rl\u00e1s\u00e1val nemcsak egy pr\u00e9mium term\u00e9ket, hanem egy p\u00e1ratlan g\u0151z\u00f6l\u00e9si \u00e9lm\u00e9nyt is kap.<\/p>\n<hr \/>\n<h2>AL Fakher Crown Bar 8000 Z\u00fcge \n\n (No translation needed for \"AL Fakher Crown Bar 8000 Z\u00fcge\" as it seems to be a product name or model, however I will try)\n\n AL Fakher Crown Bar 8000 h\u00faz\u00e1s \n (However \"Z\u00fcge\" seems to be German for \"h\u00faz\u00e1s\" or \"darab\" in Hungarian -  translation provided for text part only)\n\n Fakher Crown b\u00e1r 8000 h\u00faz\u00e1s<\/h2>\n<p>A <strong><a href=\"https:\/\/alfakher24h.de\/hu\/\">AL Fakher<\/a> Korona B\u00e1r 8000 h\u00faz\u00e1s eldobhat\u00f3 e-cigaretta<\/strong> \u00edzben <strong>Eper \u00dcd\u00edt\u0151<\/strong> Az ide\u00e1lis v\u00e1laszt\u00e1s azoknak a vapereknek, akik intenz\u00edv, gy\u00fcm\u00f6lcs\u00f6s vaporeredm\u00e9nyt keresnek nagy felhajt\u00e1s n\u00e9lk\u00fcl. Ak\u00e1r 8000 h\u00faz\u00e1ssal, \u00fajrat\u00f6lthet\u0151 akkumul\u00e1torral \u00e9s a praktikus eldobhat\u00f3 funkci\u00f3val \u00f6tv\u00f6zi a k\u00e9nyelmet, a teljes\u00edtm\u00e9nyt \u00e9s az \u00edzt egy k\u00e9sz\u00fcl\u00e9kben.<\/p>\n<p>Ne hagyja ki a lehet\u0151s\u00e9get, hogy kipr\u00f3b\u00e1lja ezt a kiv\u00e1l\u00f3 min\u0151s\u00e9g\u0171 term\u00e9ket. Rendeljen most a <strong>alfakher24h.de<\/strong> \u00e9s megtapasztalja, mi\u00e9rt esk\u00fcsznek olyan sokan a vapeerek az AL Fakher Crown Bar-ra - a komplik\u00e1ci\u00f3mentes \u00e9s \u00e9lvezetes g\u0151z\u00f6l\u00e9s\u00e9rt a legmagasabb szinten.<\/p>","protected":false},"excerpt":{"rendered":"<p>AL Fakher Crown Bar 8000 Z\u00fcge Einweg E Zigarette Mit Nikotin \u2013 Strawberry Punch Die AL Fakher Crown Bar 8000 Z\u00fcge Einweg E Zigarette ist der ideale Begleiter f\u00fcr Dampfer, die ein intensives und langanhaltendes Geschmackserlebnis suchen. Mit bis zu 8000 Z\u00fcgen und einem nikotinhaltigen E-Liquid von 18ml ist sie eine ausgezeichnete Wahl f\u00fcr diejenigen, [\u2026]","protected":false},"featured_media":163,"comment_status":"open","ping_status":"closed","template":"","meta":{"om_disable_all_campaigns":false},"product_brand":[],"product_cat":[19,15],"product_tag":[],"class_list":{"0":"post-162","1":"product","2":"type-product","3":"status-publish","4":"has-post-thumbnail","6":"product_cat-al-fakher-crown-bar-8000","7":"product_cat-al-fakher-crown-bar-pro-8000","9":"first","10":"instock","11":"shipping-taxable","12":"purchasable","13":"product-type-simple"},"_links":{"self":[{"href":"https:\/\/alfakher24h.de\/hu\/wp-json\/wp\/v2\/product\/162","targetHints":{"allow":["GET"]}}],"collection":[{"href":"https:\/\/alfakher24h.de\/hu\/wp-json\/wp\/v2\/product"}],"about":[{"href":"https:\/\/alfakher24h.de\/hu\/wp-json\/wp\/v2\/types\/product"}],"replies":[{"embeddable":true,"href":"https:\/\/alfakher24h.de\/hu\/wp-json\/wp\/v2\/comments?post=162"}],"wp:featuredmedia":[{"embeddable":true,"href":"https:\/\/alfakher24h.de\/hu\/wp-json\/wp\/v2\/media\/163"}],"wp:attachment":[{"href":"https:\/\/alfakher24h.de\/hu\/wp-json\/wp\/v2\/media?parent=162"}],"wp:term":[{"taxonomy":"product_brand","embeddable":true,"href":"https:\/\/alfakher24h.de\/hu\/wp-json\/wp\/v2\/product_brand?post=162"},{"taxonomy":"product_cat","embeddable":true,"href":"https:\/\/alfakher24h.de\/hu\/wp-json\/wp\/v2\/product_cat?post=162"},{"taxonomy":"product_tag","embeddable":true,"href":"https:\/\/alfakher24h.de\/hu\/wp-json\/wp\/v2\/product_tag?post=162"}],"curies":[{"name":"wp","href":"https:\/\/api.w.org\/{rel}","templated":true}]}}