{"id":1600,"date":"2025-02-05T05:10:39","date_gmt":"2025-02-05T05:10:39","guid":{"rendered":"https:\/\/alfakher24h.de\/?post_type=product&#038;p=1600"},"modified":"2025-05-21T05:11:14","modified_gmt":"2025-05-21T05:11:14","slug":"1600","status":"publish","type":"product","link":"https:\/\/alfakher24h.de\/hu\/termek\/1600\/","title":{"rendered":"Solobar Solo 30 000 sz\u00edv\u00e1s egyszer haszn\u00e1latos e-cigaretta - Mang\u00f3 j\u00e9g"},"content":{"rendered":"<h2>Solobar Solo 30000 Z\u00fcge\u00a0Einweg E Zigarette \u2013 Perfekte Wahl f\u00fcr Einsteiger und Profis \n\nford\u00edt\u00e1sa:\n\nSolobar Solo 30000 h\u00faz\u00e1s eldobhat\u00f3 e-cigaretta \u2013 T\u00f6k\u00e9letes v\u00e1laszt\u00e1s kezd\u0151knek \u00e9s profiknak egyar\u00e1nt<\/h2>\n<p>A\u00a0<a href=\"https:\/\/alfakher24h.de\/hu\/\"><strong>Solobar Solo 30000 h\u00faz\u00e1s egyszer haszn\u00e1latos e-cigaretta<\/strong><\/a>\u00a0az ide\u00e1lis k\u00e9sz\u00fcl\u00e9k mindazok sz\u00e1m\u00e1ra, akik keresnek egy\u00a0<strong>nagy teljes\u00edtm\u00e9ny\u0171, tart\u00f3s<\/strong>\u00a0\u00e9s\u00a0<strong>k\u00f6nnyen haszn\u00e1lhat\u00f3<\/strong>\u00a0E-cigarett\u00e1k. Egy rendk\u00edv\u00fcl\u00a0<strong>30 000 vonat kapacit\u00e1sa<\/strong>\u00a0fel\u00fclm\u00falhatatlan modellt k\u00edn\u00e1l\u00a0<strong>\u00c9lettartam<\/strong>, amely a folyamatos k\u00e9nyelemre \u00e9s \u00f6r\u00f6mre v\u00e1gy\u00f3 felhaszn\u00e1l\u00f3k sz\u00e1m\u00e1ra teszi a legjobb v\u00e1laszt\u00e1ss\u00e1. Ebben a cikkben mindent megtudhat arr\u00f3l, hogy a\u00a0<strong>Solobar Solo 30000 h\u00faz\u00e1s egyszer haszn\u00e1latos e-cigaretta<\/strong>az \u00f6v\u00e9k\u00a0<strong>Funkci\u00f3k<\/strong>amelyek\u00a0<strong>R\u00e9szletes \u00edzle\u00edr\u00e1s<\/strong> \u00e9s mi\u00e9rt \u00e9rdemes ezeket az alfakher24h.de platformon megv\u00e1s\u00e1rolni - a legnagyobb online \u00e9rt\u00e9kes\u00edt\u00e9si platformon\u00a0<strong>Eldobhat\u00f3 Vape-k N\u00e9metorsz\u00e1gban<\/strong>.<\/p>\n<h3>Mi\u00e9rt a Solobar Solo 30000 h\u00faz\u00e1s eldobhat\u00f3 e-cigaretta?<\/h3>\n<p>Egy olyan vil\u00e1gban, ahol a piac sz\u00e1m\u00e1ra\u00a0<a href=\"https:\/\/alfakher24h.de\/hu\/\"><strong>Egyszer haszn\u00e1latos e-cigarett\u00e1k<\/strong>\u00a0<\/a>folyamatosan n\u00f6vekszik, a\u00a0<strong>Solobar Solo 30000 h\u00faz\u00e1s<\/strong>\u00a0kiemelked\u0151 poz\u00edci\u00f3t \u00e9rt el. Ezek\u00a0<strong>nikotinnal<\/strong>\u00a0ell\u00e1tott\u00a0<strong>Vape<\/strong>\u00a0nemcsak leny\u0171g\u00f6z\u0151\u00a0<strong>G\u0151ztermel\u00e9s<\/strong>\u00a0\u00e9s egy\u00a0<strong>gazdag \u00edz\u00e9lm\u00e9ny<\/strong>hanem sz\u00e1mos praktikus funkci\u00f3val is rendelkezik, amelyek a g\u0151z\u00f6l\u00e9st kellemes \u00e9lm\u00e9nny\u00e9 teszik. T\u00f6k\u00e9letes kezd\u0151k \u00e9s tapasztalt g\u0151z\u00f6l\u0151k sz\u00e1m\u00e1ra, akik egy egyszer\u0171 k\u00e9sz\u00fcl\u00e9ket keresnek, amely azonnal haszn\u00e1latra k\u00e9sz. Ak\u00e1r \u00d6n a\u00a0<strong>Solobar Solo<\/strong>\u00a0Ak\u00e1r el\u0151sz\u00f6r pr\u00f3b\u00e1lja ki a vape-ot, ak\u00e1r m\u00e1r tapasztalt vaporiz\u00e1l\u00f3, ez a modell minden bizonnyal fel\u00fclm\u00falja majd az elv\u00e1r\u00e1sait.<\/p>\n<h3>Kiemelked\u0151 jellemz\u0151k a Solobar Solo 30000 h\u00faz\u00e1s eldobhat\u00f3 e-cigaretta<\/h3>\n<p>A\u00a0<strong>Solobar Solo 30000 h\u00faz\u00e1s egyszer haszn\u00e1latos e-cigaretta<\/strong>\u00a0Sz\u00e1mos funkci\u00f3t k\u00edn\u00e1l, amelyek kellemesebb\u00e9 \u00e9s felhaszn\u00e1l\u00f3bar\u00e1tabb\u00e1 teszik a g\u0151z\u00f6l\u00e9st. Itt vannak a legfontosabb jellemz\u0151k:<\/p>\n<ul>\n<li><strong>LED kijelz\u0151<\/strong>: Egy praktikus\u00a0<strong>LED-kijelz\u0151<\/strong>\u00a0Megjelen\u00edti az aktu\u00e1lis \u00e1llapotot \u00e9s a h\u00e1tral\u00e9v\u0151 haszn\u00e1lati id\u0151t, \u00edgy mindig pontosan tudja, mennyi ideig b\u00edrja m\u00e9g a k\u00e9sz\u00fcl\u00e9k.<\/li>\n<li><strong>30 000 vonat<\/strong>: Egy rendk\u00edv\u00fcl magas\u00a0<strong>Vonatkapacit\u00e1s<\/strong>\u00a0Ez az eszk\u00f6z k\u00fcl\u00f6n\u00f6sen tart\u00f3s \u00e9s ide\u00e1lis a hosszabb g\u0151z\u00f6l\u00e9si \u00e9lm\u00e9nyekhez. 30 000 sz\u00edv\u00e1s azt jelenti, hogy hossz\u00fa ideig \u00e9lvezheti a vape-ot an\u00e9lk\u00fcl, hogy agg\u00f3dnia kellene a ut\u00e1nt\u00f6lt\u00e9s vagy a csere miatt.<\/li>\n<li><strong>L\u00e9g\u00e1raml\u00e1s-szab\u00e1lyoz\u00e1s<\/strong>: \u00c1ll\u00edtsa be a l\u00e9g\u00e1raml\u00e1st az \u00d6n preferenci\u00e1i szerint. Ezzel szem\u00e9lyre szabottan szab\u00e1lyozhatja a ellen\u00e1ll\u00e1st \u00e9s a g\u0151z intenzit\u00e1s\u00e1t, \u00e9s ezzel t\u00f6k\u00e9letes g\u0151z\u00f6l\u00e9si \u00e9lm\u00e9nyt teremthet.<\/li>\n<li><strong>10-30W teljes\u00edtm\u00e9nykimenet<\/strong>: Egy\u00a0<strong>V\u00e1ltoz\u00f3 teljes\u00edtm\u00e9ny<\/strong>\u00a0Lehet\u0151v\u00e9 teszi a teljes\u00edtm\u00e9ny szab\u00e1lyoz\u00e1s\u00e1t a k\u00edv\u00e1nt g\u0151zintenzit\u00e1snak megfelel\u0151en, ami pontosabb ir\u00e1ny\u00edt\u00e1st tesz lehet\u0151v\u00e9 a g\u0151z\u00e9lm\u00e9ny felett.<\/li>\n<li><strong>880 mAh akkumul\u00e1tor<\/strong>: Az akkumul\u00e1tor est\u00a0<strong>\u00fajrat\u00f6lthet\u0151<\/strong>Ami azt jelenti, hogy hosszabb ideig haszn\u00e1lhatja a k\u00e9sz\u00fcl\u00e9ket an\u00e9lk\u00fcl, hogy gyakran kellene t\u00f6ltenie. A nagy kapacit\u00e1s biztos\u00edtja, hogy a p\u00e1rologtat\u00e1s sok huzaton kereszt\u00fcl \u00e1lland\u00f3 maradjon.<\/li>\n<li><strong>K\u00f6rnyezeti f\u00e9ny be\/ki<\/strong>: Egy leny\u0171g\u00f6z\u0151\u00a0<strong>Ambient Light<\/strong>\u00a0Nemcsak funkcion\u00e1liss\u00e1, hanem optikailag is vonz\u00f3v\u00e1 teszi a g\u0151z\u00f6l\u00e9st. Eleg\u00e1ns \u00e9s modern megjelen\u00e9st k\u00f6lcs\u00f6n\u00f6z az \u00d6n k\u00e9sz\u00fcl\u00e9k\u00e9nek.<\/li>\n<li><strong>Du\u00e1lis Mesh Tekercs<\/strong>: A\u00a0<strong>Dual Mesh Coil technol\u00f3gia<\/strong>\u00a0Biztos\u00edtja a egyenletes meleged\u00e9st \u00e9s a jobb \u00edz kialakul\u00e1s\u00e1t, ami \u00e1ltal minden sz\u00edv\u00e1s intenz\u00edvebb \u00e9s kiel\u00e9g\u00edt\u0151bb lesz.<\/li>\n<li><strong>Felhaszn\u00e1l\u00f3bar\u00e1t<\/strong>: A Solobar Solo 30000 h\u00faz\u00e1sos eldobhat\u00f3 E-cigaretta k\u00fcl\u00f6n\u00f6sen\u00a0<strong>kezd\u0151bar\u00e1t<\/strong>\u00a0\u00e9s nem ig\u00e9nyel bonyolult kezel\u00e9st. Egyszer\u0171en\u00a0<strong>felmegy<\/strong>\u00a0\u00e9s \u00e9lvezze - nincs m\u0171szaki be\u00e1ll\u00edt\u00e1s vagy ut\u00e1nt\u00f6lt\u00e9s, amelyet el kell v\u00e9geznie.<\/li>\n<\/ul>\n<h2><img loading=\"lazy\" decoding=\"async\" class=\"alignnone wp-image-1853 size-full\" title=\"Solobar Solo 30 000 sz\u00edv\u00e1s egyszer haszn\u00e1latos e-cigaretta - Mang\u00f3 j\u00e9g 2\" src=\"https:\/\/alfakher24h.de\/wp-content\/uploads\/2025\/02\/solobar-solo-30000-2.webp\" sizes=\"auto, (max-width: 1024px) 100vw, 1024px\" srcset=\"https:\/\/alfakher24h.de\/wp-content\/uploads\/2025\/02\/solobar-solo-30000-2.webp 1024w, https:\/\/alfakher24h.de\/wp-content\/uploads\/2025\/02\/solobar-solo-30000-2-300x145.webp 300w, https:\/\/alfakher24h.de\/wp-content\/uploads\/2025\/02\/solobar-solo-30000-2-768x371.webp 768w, https:\/\/alfakher24h.de\/wp-content\/uploads\/2025\/02\/solobar-solo-30000-2-18x9.webp 18w, https:\/\/alfakher24h.de\/wp-content\/uploads\/2025\/02\/solobar-solo-30000-2-600x289.webp 600w\" alt=\"Solobar Solo 30000 h\u00faz\u00e1s egyszer haszn\u00e1latos e-cigaretta - Mang\u00f3 J\u00e9g \" width=\"1024\" height=\"494\" \/><\/h2>\n<h3>R\u00e9szletes le\u00edr\u00e1s a Mango Ice \u00edz\u00e9r\u0151l<\/h3>\n<p>Egyik kiemelked\u0151\u00a0<strong>\u00cdzek<\/strong>\u00a0a\u00a0<a href=\"https:\/\/alfakher24h.de\/hu\/\"><strong>Solobar Solo 30000 h\u00faz\u00e1sos eldobhat\u00f3 e-cigaretta<\/strong><\/a>\u00a0van\u00a0<strong>Mango j\u00e9g<\/strong>Egzotikus \u00e9dess\u00e9g\u00e9t  kombin\u00e1lja  a\u00a0<strong>Mango<\/strong>\u00a0egy friss\u00edt\u0151vel\u00a0<strong>j\u00e9g \u00edze<\/strong>amit k\u00fcl\u00f6n\u00f6sen\u00a0<strong>h\u0171t<\/strong>, de\u00a0<strong>gy\u00fcm\u00f6lcs\u00f6sen \u00e9des<\/strong>\u00a0G\u0151z\u00f6s \u00e9lm\u00e9nyhez vezet.<\/p>\n<h4>Mango: Egy gy\u00fcm\u00f6lcs\u00f6s robban\u00e1s<\/h4>\n<p>A\u00a0<strong>Mango<\/strong>\u00a0ismert intenz\u00edv \u00e9dess\u00e9g\u00e9r\u0151l \u00e9s egzotikus \u00edz\u00e9r\u0151l. Minden h\u00faz\u00e1s\u00a0<strong>Mango j\u00e9g<\/strong>\u00a0E-cigaretta teljes \u00edz\u00e9t hozza egy\u00a0<strong>\u00c9retten betakar\u00edtott mang\u00f3<\/strong>\u00a0el\u0151b\u00fajik, amely friss, l\u00e9d\u00fas \u00e9dess\u00e9g\u00e9vel k\u00e9nyezteti az \u00e9rz\u00e9keket. A mang\u00f3 term\u00e9szetes \u00edze k\u00f6zben csod\u00e1latosan autentikus \u00e9s hamis\u00edtatlan marad, ami a g\u0151z\u00f6l\u00e9si \u00e9lm\u00e9nynek friss\u00edt\u0151 \u00e9s m\u00e9gis gazdag dimenzi\u00f3t ad.<\/p>\n<h4>J\u00e9g: A h\u0171s\u00edt\u0151 l\u00f6ket<\/h4>\n<p>A\u00a0<strong>J\u00e9g<\/strong>A jegyzet kellemes h\u0171v\u00f6ss\u00e9get ad az \u00edznek, ami k\u00fcl\u00f6n\u00f6sen a forr\u00f3 ny\u00e1ri napokon vagy azok sz\u00e1m\u00e1ra, akiknek az\u00a0<strong>h\u0171t\u00e9si hat\u00e1s<\/strong>\u00a0szeretettel, \u00fcdv\u00f6z\u00f6lt friss\u00edt\u00e9st ny\u00fajt. Ez a h\u0171t\u0151 hat\u00e1s t\u00f6k\u00e9letesen kieg\u00e9sz\u00edti az \u00edz\u00e9lm\u00e9nyt, \u00e9s gondoskodik egy\u00a0<strong>kiegyens\u00falyozott<\/strong>De ugyanakkor intenz\u00edv p\u00e1rolg\u00e1s. A egy\u00fcttm\u0171k\u00f6d\u00e9s\u00a0<strong>\u00c9des mang\u00f3<\/strong>\u00a0\u00e9s\u00a0<strong>\u00fcd\u00edt\u0151 j\u00e9g<\/strong>\u00a0Harmonikus egyens\u00falyt teremt a frissess\u00e9g \u00e9s a gy\u00fcm\u00f6lcs\u00f6ss\u00e9g k\u00f6z\u00f6tt, amely eg\u00e9sz nap kiel\u00e9g\u00edti az \u00e9lvezetv\u00e1gyat.<\/p>\n<h4>T\u00f6k\u00e9letes kever\u00e9k minden \u00edzl\u00e9shez<\/h4>\n<p>A\u00a0<strong>Mango j\u00e9g<\/strong>Az \u00edz kombin\u00e1ci\u00f3 mindenki sz\u00e1m\u00e1ra megfelel\u0151, aki egy gy\u00fcm\u00f6lcs\u00f6s \u00e9s friss\u00edt\u0151 vape-\u00e9lm\u00e9nyt keres. Ak\u00e1r tapasztalt vapper vagy, ak\u00e1r csak most kezded - ez az \u00edz t\u00f6k\u00e9letes egyens\u00falyt ny\u00fajt a frissess\u00e9g \u00e9s az \u00e9dess\u00e9g k\u00f6z\u00f6tt. A mang\u00f3 \u00e9s a j\u00e9g kombin\u00e1ci\u00f3ja biztos\u00edtja, hogy soha t\u00f6bb\u00e9 ne kelljen m\u00e1s \u00edzt keresned. Minden sz\u00edv\u00e1s egy kis kaland az \u00e9rz\u00e9kek sz\u00e1m\u00e1ra!<\/p>\n<h3>Mi\u00e9rt \u00e9rdemes megv\u00e1s\u00e1rolni a Solobar Solo 30000 h\u00faz\u00e1s eldobhat\u00f3 e-cigarett\u00e1t az alfakher24h.de oldalon?<\/h3>\n<p>alfakher24h.de a vezet\u0151 online piact\u00e9r <strong>Egyszer haszn\u00e1latos e-cigarett\u00e1k N\u00e9metorsz\u00e1gban<\/strong>Haute couture  ut\u00e1n kutatnak\u00a0<strong>nagy \u00e9rt\u00e9k\u0171 elektronikus cigaretta<\/strong>\u00a0amelyeket \u00d6n a\u00a0<strong>N\u00e9metorsz\u00e1g<\/strong>\u00a0gyorsan \u00e9s biztons\u00e1gosan v\u00e1s\u00e1rolhat, platformunk az ide\u00e1lis v\u00e1laszt\u00e1s. Nemcsak els\u0151 oszt\u00e1ly\u00fa term\u00e9keket k\u00edn\u00e1lunk\u00a0<strong>Vapes<\/strong>Hanem kiv\u00e1l\u00f3 \u00fcgyf\u00e9lszolg\u00e1latot \u00e9s felhaszn\u00e1l\u00f3bar\u00e1t rendel\u00e9si folyamatot is ny\u00fajt.<\/p>\n<h3>el\u0151ny\u00f6k a v\u00e1s\u00e1rl\u00e1sn\u00e1l <a href=\"https:\/\/alfakher24h.de\/hu\/\">alfakher24h.de<\/a><\/h3>\n<ul>\n<li><strong>Gyors sz\u00e1ll\u00edt\u00e1s<\/strong>A rendel\u00e9s\u00e9t gyorsan \u00e9s megb\u00edzhat\u00f3an sz\u00e1ll\u00edtjuk.<\/li>\n<li><strong>Sz\u00e9les v\u00e1laszt\u00e9k<\/strong>: Nagy v\u00e1laszt\u00e9kot tal\u00e1l\u00a0<strong>Eldobhat\u00f3 Vape-ok<\/strong>\u00a0\u00e9s tartoz\u00e9kok.<\/li>\n<li><strong>Biztons\u00e1gos fizet\u00e9s<\/strong>Biztons\u00e1gos fizet\u00e9si m\u00f3dokat k\u00edn\u00e1lunk a rendel\u00e9seihez.<\/li>\n<li><strong>\u00dcgyf\u00e9lszolg\u00e1lat<\/strong>Bar\u00e1ts\u00e1gos \u00fcgyf\u00e9lszolg\u00e1latunk sz\u00edvesen seg\u00edt \u00d6nnek minden, a rendel\u00e9s\u00e9vel kapcsolatos k\u00e9rd\u00e9sben.<\/li>\n<\/ul>\n<h3>K\u00f6vetkeztet\u00e9s: Solobar Solo 30000 h\u00faz\u00e1s eldobhat\u00f3 E-cigaretta \u2013 A v\u00e1laszt\u00e1s ig\u00e9nyes g\u0151z\u00f6l\u0151k sz\u00e1m\u00e1ra<\/h3>\n<p>A\u00a0<strong>Solobar Solo 30000 h\u00faz\u00e1s egyszer haszn\u00e1latos e-cigaretta<\/strong>\u00a0egyike a\u00a0<strong>legjobb e-cigarett\u00e1k a piacon<\/strong>hossz\u00fa \u00e9lettartammal, egy\u00a0<strong>gazdag \u00edz<\/strong>\u00a0\u00e9s innovat\u00edv funkci\u00f3ival ez a modell kiv\u00e1l\u00f3 v\u00e1laszt\u00e1s mindazok sz\u00e1m\u00e1ra, akik a vaporiz\u00e1l\u00e1st a k\u00f6vetkez\u0151 szintre szeretn\u00e9k emelni. Ha megb\u00edzhat\u00f3 \u00e9s \u00edzletes\u00a0<strong>Egyszer haszn\u00e1latos e-cigaretta<\/strong>\u00a0keressen, akkor a\u00a0<strong>Solobar Solo 30000 h\u00faz\u00e1s<\/strong>\u00a0Felt\u00e9tlen\u00fcl pr\u00f3b\u00e1lja ki. L\u00e1togasson el m\u00e9g ma az alfakher24h.de oldalra \u00e9s v\u00e1s\u00e1roljon\u00a0<strong>legjobb eldobhat\u00f3 e-cigaretta<\/strong>\u00a0N\u00e9metorsz\u00e1gban.<\/p>","protected":false},"excerpt":{"rendered":"<p><strong>Solobar Solo 30000 h\u00faz\u00e1s egyszer haszn\u00e1latos e-cigaretta<\/strong>\u00a0egyike a\u00a0<strong>legjobb e-cigarett\u00e1k a piacon<\/strong>hossz\u00fa \u00e9lettartammal, egy\u00a0<strong>gazdag \u00edz<\/strong>\u00a0\u00e9s innovat\u00edv funkci\u00f3ival ez a modell kiv\u00e1l\u00f3 v\u00e1laszt\u00e1s mindazok sz\u00e1m\u00e1ra, akik a vaporiz\u00e1l\u00e1st a k\u00f6vetkez\u0151 szintre szeretn\u00e9k emelni<\/p>","protected":false},"featured_media":1601,"comment_status":"open","ping_status":"closed","template":"","meta":{"om_disable_all_campaigns":false},"product_brand":[],"product_cat":[41],"product_tag":[],"class_list":{"0":"post-1600","1":"product","2":"type-product","3":"status-publish","4":"has-post-thumbnail","6":"product_cat-solobar-solo-30000","8":"first","9":"outofstock","10":"shipping-taxable","11":"purchasable","12":"product-type-simple"},"_links":{"self":[{"href":"https:\/\/alfakher24h.de\/hu\/wp-json\/wp\/v2\/product\/1600","targetHints":{"allow":["GET"]}}],"collection":[{"href":"https:\/\/alfakher24h.de\/hu\/wp-json\/wp\/v2\/product"}],"about":[{"href":"https:\/\/alfakher24h.de\/hu\/wp-json\/wp\/v2\/types\/product"}],"replies":[{"embeddable":true,"href":"https:\/\/alfakher24h.de\/hu\/wp-json\/wp\/v2\/comments?post=1600"}],"wp:featuredmedia":[{"embeddable":true,"href":"https:\/\/alfakher24h.de\/hu\/wp-json\/wp\/v2\/media\/1601"}],"wp:attachment":[{"href":"https:\/\/alfakher24h.de\/hu\/wp-json\/wp\/v2\/media?parent=1600"}],"wp:term":[{"taxonomy":"product_brand","embeddable":true,"href":"https:\/\/alfakher24h.de\/hu\/wp-json\/wp\/v2\/product_brand?post=1600"},{"taxonomy":"product_cat","embeddable":true,"href":"https:\/\/alfakher24h.de\/hu\/wp-json\/wp\/v2\/product_cat?post=1600"},{"taxonomy":"product_tag","embeddable":true,"href":"https:\/\/alfakher24h.de\/hu\/wp-json\/wp\/v2\/product_tag?post=1600"}],"curies":[{"name":"wp","href":"https:\/\/api.w.org\/{rel}","templated":true}]}}