{"id":1596,"date":"2025-02-05T05:04:03","date_gmt":"2025-02-05T05:04:03","guid":{"rendered":"https:\/\/alfakher24h.de\/?post_type=product&#038;p=1596"},"modified":"2025-05-21T05:11:14","modified_gmt":"2025-05-21T05:11:14","slug":"solobar-solo-30000-zuege-einweg-e-cigaretta-goeroegdinnye-jeg","status":"publish","type":"product","link":"https:\/\/alfakher24h.de\/hu\/termek\/solobar-solo-30000-zuege-einweg-e-cigaretta-goeroegdinnye-jeg\/","title":{"rendered":"Solobar Solo 30 000 sz\u00edv\u00e1s egyszer haszn\u00e1latos e-cigaretta - G\u00f6r\u00f6gdinnye j\u00e9g"},"content":{"rendered":"<div style=\"width: 1020px;\" class=\"wp-video\"><video class=\"wp-video-shortcode\" id=\"video-1596-1\" width=\"1020\" height=\"574\" preload=\"metadata\" controls=\"controls\"><source type=\"video\/mp4\" src=\"https:\/\/alfakher24h.de\/wp-content\/uploads\/2025\/02\/solobar-solo-30000-2.mp4?_=1\" \/><a href=\"https:\/\/alfakher24h.de\/wp-content\/uploads\/2025\/02\/solobar-solo-30000-2.mp4\">https:\/\/alfakher24h.de\/wp-content\/uploads\/2025\/02\/solobar-solo-30000-2.mp4<\/a><\/video><\/div>\n<h2><strong>Solobar Solo 30000 Z\u00fcge\u00a0Einweg E Zigarette \u2013 Az ultimate v\u00e1laszt\u00e1s a g\u0151z\u00f6l\u0151k sz\u00e1m\u00e1ra N\u00e9metorsz\u00e1gban<\/strong><\/h2>\n<p>A\u00a0<a href=\"https:\/\/alfakher24h.de\/hu\/\"><strong>Solobar Solo 30000 h\u00faz\u00e1s egyszer haszn\u00e1latos e-cigaretta<\/strong><\/a>\u00a0Egy igaz\u00e1n mesterm\u0171 a g\u0151z\u00f6s vil\u00e1g\u00e1ban. Azok sz\u00e1m\u00e1ra, akik innovat\u00edv, felhaszn\u00e1l\u00f3bar\u00e1t \u00e9s nagy teljes\u00edtm\u00e9ny\u0171 term\u00e9ket keresnek, ez az eldobhat\u00f3 e-cigaretta p\u00e1ratlan g\u0151z\u00f6l\u00e9si \u00e9lm\u00e9nyt ny\u00fajt. 30 000 sz\u00edv\u00e1ssal, pontos l\u00e9g\u00e1raml\u00e1s-szab\u00e1lyoz\u00e1ssal \u00e9s fejlett kett\u0151s h\u00e1l\u00f3sz\u00f6vet-technol\u00f3gi\u00e1val a Solobar Solo 30000 kiemelkedik a piacon l\u00e9v\u0151 t\u00f6bbi eldobhat\u00f3 e-cigarett\u00e1t\u00f3l. Engedje meg, hogy r\u00e9szletesen felfedezz\u00fck ennek a term\u00e9knek a sz\u00e1mos funkci\u00f3j\u00e1t \u00e9s el\u0151ny\u00e9t.<\/p>\n<hr \/>\n<h3><strong>Term\u00e9kle\u00edr\u00e1s<\/strong><\/h3>\n<p>A\u00a0<strong>Solobar Solo 30000 h\u00faz\u00e1s egyszer haszn\u00e1latos e-cigaretta<\/strong>\u00a0T\u00f6bb, mint egy hagyom\u00e1nyos egyszer haszn\u00e1latos e-cigaretta. Kifejezetten azoknak a g\u0151z\u00f6l\u0151knek tervezt\u00e9k, akik hossz\u00fa \u00e9lettartamot, kiv\u00e1l\u00f3 teljes\u00edtm\u00e9nyt \u00e9s p\u00e1ratlan \u00edz\u00e9lm\u00e9nyt keresnek. Leny\u0171g\u00f6z\u0151 sz\u00e1ml\u00e1l\u00e1s\u00e1val\u00a0<strong>30 000 vonattal<\/strong>\u00a0\u00e9s egy\u00a0<strong>880 mAh \u00fajrat\u00f6lthet\u0151 akkumul\u00e1tor<\/strong>\u00a0ide\u00e1lis azok sz\u00e1m\u00e1ra, akik rendszeresen g\u0151z\u00f6lnek, de az egyszer haszn\u00e1latos vape egyszer\u0171 kezel\u00e9s\u00e9re v\u00e1gynak.<\/p>\n<p><strong>Mit der Solobar Solo kannst du deine Lieblingsgerichte in nur wenigen Minuten selbst zubereiten.<\/strong><\/p>\n<p>A\u00a0<strong>Solobar Solo 30000 h\u00faz\u00e1s egyszer haszn\u00e1latos e-cigaretta<\/strong>\u00a0biztos\u00edt sz\u00e1mos funkci\u00f3t, amelyek a piacon l\u00e9v\u0151 \u00e9lvonalbeli term\u00e9kekk\u00e9 teszik\u00a0<strong>Egyszer haszn\u00e1latos e-cigarett\u00e1k N\u00e9metorsz\u00e1gban<\/strong>\u00a0Csin\u00e1lni:<\/p>\n<ul>\n<li><strong>LED kijelz\u0151:<\/strong>\u00a0Az LED-kijelz\u0151 megjelen\u00edti a h\u00e1tral\u00e9v\u0151 mozdulatokat \u00e9s az akkumul\u00e1tor \u00e1llapot\u00e1t, \u00edgy mindig pontosan tudja, mikor kell felt\u00f6lteni vagy cser\u00e9lni az eszk\u00f6zt.<\/li>\n<li><strong>30 000 vonat:<\/strong>\u00a0Egy figyelemre m\u00e9lt\u00f3, 30 000 h\u00faz\u00e1ssal rendelkez\u0151 e-cigaretta c\u00e9lja, hogy hossz\u00fa ideig tartson \u00e9s fedezze a napi g\u0151z\u00f6l\u00e9si ig\u00e9nyeket.<\/li>\n<li><strong>L\u00e9g\u00e1raml\u00e1s-szab\u00e1lyoz\u00e1s:<\/strong>\u00a0A pontos l\u00e9g\u00e1raml\u00e1s-szab\u00e1lyoz\u00e1s lehet\u0151v\u00e9 teszi a l\u00e9g\u00e1raml\u00e1s ellen\u00e1ll\u00e1s\u00e1nak tetsz\u00e9s szerinti be\u00e1ll\u00edt\u00e1s\u00e1t, \u00e9s \u00edgy a vapoz\u00e1s \u00e9lm\u00e9ny\u00e9nek szem\u00e9lyre szab\u00e1s\u00e1t.<\/li>\n<li><strong>10-30W teljes\u00edtm\u00e9nykimenet:<\/strong>\u00a0A v\u00e1ltoz\u00f3 teljes\u00edtm\u00e9nykimenet biztos\u00edtja, hogy a k\u00e9sz\u00fcl\u00e9k intenz\u00edvebb vagy enyh\u00e9bb g\u0151z\u00f6l\u00e9shez igaz\u00edthat\u00f3 legyen az \u00d6n preferenci\u00e1i szerint.<\/li>\n<li><strong>880 mAh \u00fajrat\u00f6lthet\u0151 akkumul\u00e1tor:<\/strong>\u00a0A nagy teljes\u00edtm\u00e9ny\u0171 akkumul\u00e1tor hossz\u00fa \u00e9lettartamot garant\u00e1l, m\u00edg a k\u00e9sz\u00fcl\u00e9k t\u00f6lt\u00e9s\u00e9nek lehet\u0151s\u00e9ge biztos\u00edtja, hogy a haszn\u00e1lat soha ne szakadjon meg.<\/li>\n<li><strong>K\u00f6rnyezeti f\u00e9ny be\/ki:<\/strong>\u00a0A k\u00f6rnyezeti f\u00e9ny be- vagy kikapcsol\u00e1s\u00e1nak lehet\u0151s\u00e9ge tov\u00e1bbi hangulatot k\u00f6lcs\u00f6n\u00f6z a vapoz\u00e1s \u00e9lm\u00e9ny\u00e9nek, \u00e9s k\u00fcl\u00f6n\u00f6sen st\u00edlusoss\u00e1 teszi a Solobar Sol\u00f3t.<\/li>\n<li><strong>Dual-h\u00e1l\u00f3s tekercstechnol\u00f3gia:<\/strong>\u00a0Ez a technol\u00f3gia egyenletes \u00e9s intenz\u00edv p\u00e1rologtat\u00e1st biztos\u00edt, ami intenz\u00edvebb\u00e9 teszi az \u00edzt \u00e9s kellemesebb\u00e9 a g\u0151z\u00f6l\u00e9st.<\/li>\n<li><strong>Kezd\u0151bar\u00e1t:<\/strong>\u00a0A Solobar Solo t\u00f6k\u00e9letesen megfelel a kezd\u0151k sz\u00e1m\u00e1ra. K\u00f6nnyen haszn\u00e1lhat\u00f3, nem ig\u00e9nyel bonyolult be\u00e1ll\u00edt\u00e1sokat, \u00e9s ennek ellen\u00e9re kiemelked\u0151 g\u0151z\u00f6l\u00e9si \u00e9lm\u00e9nyt ny\u00fajt.<\/li>\n<\/ul>\n<p>A k\u00f6vetkez\u0151vel\u00a0<strong>Solobar Solo 30000 h\u00faz\u00e1sos eldobhat\u00f3 e-cigaretta<\/strong>\u00a0Ide\u00e1lis k\u00e9sz\u00fcl\u00e9ket k\u00edn\u00e1lunk a k\u00e9nyelmes \u00e9s hossz\u00fa t\u00e1v\u00fa g\u0151z\u00f6l\u00e9si \u00e9lm\u00e9nyhez N\u00e9metorsz\u00e1gban. \u00c9lvezze azt a megfoghatatlan \u00e9rz\u00e9st, amelyet ez az eldobhat\u00f3 e-cigaretta ny\u00fajt, \u00e9s gy\u0151z\u0151dj\u00f6n meg a kiv\u00e9teles min\u0151s\u00e9g\u00e9r\u0151l.<\/p>\n<h2><img loading=\"lazy\" decoding=\"async\" class=\"alignnone wp-image-1853 size-full\" title=\"Solobar Solo 30 000 sz\u00edv\u00e1s egyszer haszn\u00e1latos e-cigaretta - G\u00f6r\u00f6gdinnye j\u00e9g 2\" src=\"https:\/\/alfakher24h.de\/wp-content\/uploads\/2025\/02\/solobar-solo-30000-2.webp\" sizes=\"auto, (max-width: 1024px) 100vw, 1024px\" srcset=\"https:\/\/alfakher24h.de\/wp-content\/uploads\/2025\/02\/solobar-solo-30000-2.webp 1024w, https:\/\/alfakher24h.de\/wp-content\/uploads\/2025\/02\/solobar-solo-30000-2-300x145.webp 300w, https:\/\/alfakher24h.de\/wp-content\/uploads\/2025\/02\/solobar-solo-30000-2-768x371.webp 768w, https:\/\/alfakher24h.de\/wp-content\/uploads\/2025\/02\/solobar-solo-30000-2-18x9.webp 18w, https:\/\/alfakher24h.de\/wp-content\/uploads\/2025\/02\/solobar-solo-30000-2-600x289.webp 600w\" alt=\"Solobar Solo 30000 h\u00faz\u00e1s egyszer haszn\u00e1latos e-cigaretta - G\u00f6r\u00f6gdinnye j\u00e9g \" width=\"1024\" height=\"494\" \/><\/h2>\n<h3><strong>Term\u00e9ktulajdons\u00e1gok r\u00e9szletesen<\/strong><\/h3>\n<p>A\u00a0<strong>Solobar Solo 30000 h\u00faz\u00e1sos eldobhat\u00f3 e-cigaretta<\/strong>\u00a0Meggy\u0151z\u0151, sz\u00e1mos, kifejezetten a g\u0151z\u00f6l\u00e9si \u00e9lm\u00e9nyek jav\u00edt\u00e1s\u00e1ra tervezett funkci\u00f3val:<\/p>\n<h4>1.\u00a0<strong>LED kijelz\u0151<\/strong><\/h4>\n<p>A be\u00e9p\u00edtett LED-kijelz\u0151 t\u00e1j\u00e9koztatja \u00d6nt a h\u00e1tral\u00e9v\u0151 mozdulatokr\u00f3l \u00e9s az akkumul\u00e1tor \u00e1llapot\u00e1r\u00f3l. \u00cdgy mindig \u00e1tl\u00e1that\u00f3 helyzetben van, \u00e9s hat\u00e9konyan haszn\u00e1lhatja az eszk\u00f6zt an\u00e9lk\u00fcl, hogy kellemetlen meglepet\u00e9sek \u00e9rn\u00e9k.<\/p>\n<h4>2.\u00a0<strong>30 000 vonat<\/strong><\/h4>\n<p>Egy vonatsz\u00e1mmal\u00a0<strong>30 000 vonattal<\/strong>\u00a0K\u00edn\u00e1l ez az eldobhat\u00f3 vape rendk\u00edv\u00fcl hossz\u00fa \u00e9lettartamot. T\u00f6k\u00e9letes v\u00e1laszt\u00e1s mindazok sz\u00e1m\u00e1ra, akik gyakran vapoznak \u00e9s megb\u00edzhat\u00f3 t\u00e1rsat keresnek.<\/p>\n<h4>3.\u00a0<strong>Leveg\u0151\u00e1raml\u00e1s-szab\u00e1lyoz\u00e1s<\/strong><\/h4>\n<p>A l\u00e9g\u00e1raml\u00e1ssal szab\u00e1lyozhatja a g\u0151z\u00f6l\u00e9st az \u00d6n \u00e1ltal el\u0151nyben r\u00e9szes\u00edtett m\u00f3don. Intenz\u00edvebb g\u0151ztermel\u00e9st vagy nyugodtabb sz\u00edv\u00e1st szeretne? Ez az eldobhat\u00f3 e-cigaretta minden szabads\u00e1got megad \u00d6nnek, hogy a g\u0151z\u00f6l\u00e9si \u00e9lm\u00e9nyt az \u00d6n ig\u00e9nyei szerint alak\u00edtsa.<\/p>\n<h4>4.\u00a0<strong>Er\u0151s akkumul\u00e1tor (880 mAh)<\/strong><\/h4>\n<p>\u00fajrat\u00f6lthet\u0151\u00a0<strong>880 mAh akkumul\u00e1tor<\/strong>\u00a0Biztos\u00edtja, hogy hossz\u00fa ideig g\u0151z\u00f6lhessen k\u00e9sz\u00fcl\u00e9k\u00e9vel. M\u00e9g akkor is, ha az akkumul\u00e1tor a v\u00e9g\u00e9hez k\u00f6zeledik, egyszer\u0171en felt\u00f6ltheti \u00e9s tov\u00e1bb g\u0151z\u00f6lhet.<\/p>\n<h4>5.\u00a0<strong>Dual-Mesh-Coil<\/strong><\/h4>\n<p>K\u00f6sz\u00f6nhet\u0151en a\u00a0<strong>Dual-Mesh-Coil-Technol\u00f3gia<\/strong>\u00a0\u00c9lje \u00e1t a m\u00e9g egyenletesebb p\u00e1rologtat\u00e1st \u00e9s intenz\u00edvebb \u00edzt. A mesh tekercsek biztos\u00edtj\u00e1k, hogy az \u00edz egyenletesen oszlik el, ami jelent\u0151sen n\u00f6veli minden h\u00faz\u00e1s \u00e9lvezet\u00e9t.<\/p>\n<h4>6.\u00a0<strong>K\u00f6rnyezeti f\u00e9ny funkci\u00f3<\/strong><\/h4>\n<p>A\u00a0<strong>K\u00f6rnyezeti f\u00e9ny funkci\u00f3<\/strong>\u00a0Hozzon l\u00e9tre egy tov\u00e1bbi vizu\u00e1lis \u00e9lm\u00e9nyt az \u00d6n g\u0151z\u00f6l\u00e9s\u00e9ben. \u00c1ll\u00edtsa be a k\u00f6rnyezetet egy egyszer\u0171 kapcsol\u00f3 funkci\u00f3val \u00e9s \u00e9lvezze a st\u00edlusos g\u0151z\u00f6l\u00e9si \u00e9lm\u00e9nyt.<\/p>\n<h4>7.\u00a0<strong>Kezd\u0151bar\u00e1t<\/strong><\/h4>\n<p>A\u00a0<strong>Solobar Solo 30000 h\u00faz\u00e1s egyszer haszn\u00e1latos e-cigaretta<\/strong>\u00a0K\u00fcl\u00f6n\u00f6sen alkalmas kezd\u0151k sz\u00e1m\u00e1ra. Minden sz\u00fcks\u00e9ges funkci\u00f3t k\u00edn\u00e1l a k\u00f6nny\u0171 kezelhet\u0151s\u00e9g \u00e9rdek\u00e9ben, \u00e9s emellett kiemelked\u0151 teljes\u00edtm\u00e9nyt ny\u00fajt.<\/p>\n<hr \/>\n<h3><strong>\u00cdz\u00e9lm\u00e9ny - Solobar Solo 30000 h\u00faz\u00e1s eldobhat\u00f3 e-cigaretta: G\u00f6r\u00f6gdinnye j\u00e9g<\/strong><\/h3>\n<p>Egy d\u00f6nt\u0151 kiemel\u00e9se a<a href=\"https:\/\/alfakher24h.de\/hu\/\">\u00a0<strong>Solobar Solo 30000 h\u00faz\u00e1s egyszer haszn\u00e1latos e-cigaretta<\/strong>\u00a0<\/a>\u00edz\u00e9lm\u00e9nyt ny\u00fajt. Az e-cigaretta egyedi kialak\u00edt\u00e1ssal rendelkezik\u00a0<strong>V\u00edzimelon J\u00e9g<\/strong>\u00cdz, amely a sz\u00e1jpadl\u00e1s\u00e1t friss\u00edt\u0151 kever\u00e9k\u00e9vel k\u00e9nyezteti, \u00e9des g\u00f6r\u00f6gdinnye \u00e9s h\u0171s\u00edt\u0151 j\u00e9g \u00e1rnyalat\u00e1val.<\/p>\n<h4><strong>V\u00edzimelone<\/strong><\/h4>\n<p>A friss g\u00f6r\u00f6gdinnye \u00edze m\u00e1s gy\u00fcm\u00f6lcs\u00f6kh\u00f6z k\u00e9pest k\u00fcl\u00f6n\u00f6sen arom\u00e1s \u00e9s \u00e9des. Minden h\u00faz\u00e1s eml\u00e9keztet a leg\u00e9rettebb g\u00f6r\u00f6gdinny\u00e9k teljes, l\u00e9d\u00fas \u00edz\u00e9re, amelyeket ny\u00e1ron sz\u00fcretelnek. Ez a term\u00e9szetes \u00e9dess\u00e9g t\u00f6k\u00e9letesen harmoniz\u00e1l a frissess\u00e9ggel, amelyet a j\u00e9g elem hozz\u00e1ad.<\/p>\n<h3><strong>J\u00e9g<\/strong><\/h3>\n<p>A\u00a0<strong>J\u00e9g<\/strong>A -hat\u00e1s h\u0171s \u00e9s friss \u00e9rz\u00e9st kelt a sz\u00e1jban. Az \u00e9des g\u00f6r\u00f6gdinnye \u00e9s a j\u00e9ghideg frissess\u00e9g kombin\u00e1ci\u00f3ja a p\u00e1rologtat\u00e1st k\u00fcl\u00f6nleges \u00e9lm\u00e9nny\u00e9 teszi, amely nem csak a szomjat oltja, hanem \u00e9l\u00e9nk\u00edt\u0151 h\u0171s\u00edt\u00e9st is ny\u00fajt. Ez az \u00edz t\u00f6k\u00e9letes mindazok sz\u00e1m\u00e1ra, akik a frissess\u00e9g \u00e9s a gy\u00fcm\u00f6lcs\u00f6ss\u00e9g k\u00f6z\u00f6tti kiegyens\u00falyozott ar\u00e1nyt keresik.<\/p>\n<p><strong>V\u00edzimelon J\u00e9g<\/strong>\u00a0Egy \u00edz, amely azonnal pozit\u00edv \u00e9rzelmeket v\u00e1lt ki. A friss\u00edt\u0151 h\u0171t\u0151hat\u00e1s p\u00e1rosulva a gy\u00fcm\u00f6lcs\u00f6s \u00e9dess\u00e9ggel minden sz\u00edv\u00e1st \u00e9lvezett\u00e9 tesz. Ez az \u00edz t\u00f6k\u00e9letesen megfelel az eg\u00e9sz napra - ak\u00e1r pihen, ak\u00e1r akt\u00edvan \u00faton van.<\/p>\n<hr \/>\n<h3><strong>Mi\u00e9rt \u00e9rdemes megv\u00e1s\u00e1rolni a Solobar Solo 30000 h\u00faz\u00e1s egyszer haszn\u00e1latos e-cigarett\u00e1t?<\/strong><\/h3>\n<p>Sok oka van annak, mi\u00e9rt a\u00a0<strong>Solobar Solo 30000 h\u00faz\u00e1s <a href=\"https:\/\/alfakher24h.de\/hu\/\">Egyszer haszn\u00e1latos e-cigaretta<\/a><\/strong><a href=\"https:\/\/alfakher24h.de\/hu\/\">\u00a0<\/a>A legjobb v\u00e1laszt\u00e1s \u00d6nnek:<\/p>\n<ol>\n<li><strong>Tart\u00f3ss\u00e1g<\/strong>\u00a030 000 h\u00faz\u00e1ssal ez az egyszer haszn\u00e1latos e-cigaretta az egyik leghosszabb \u00e9lettartam\u00fa a piacon, \u00e9s hossz\u00fa \u00e9lettartamot k\u00edn\u00e1l, amely kiel\u00e9g\u00edti a napi ig\u00e9nyeket.<\/li>\n<li><strong>Teljes\u00edtm\u00e9ny:<\/strong>\u00a0A\u00a0<strong>880 mAh \u00fajrat\u00f6lthet\u0151 akkumul\u00e1tor<\/strong>\u00a0\u00e9s a\u00a0<strong>Dual-Mesh-Coil-Technol\u00f3gia<\/strong>\u00a0Els\u0151 oszt\u00e1ly\u00fa teljes\u00edtm\u00e9nyt \u00e9s intenz\u00edv \u00edz\u00e9lm\u00e9nyt biztos\u00edtanak.<\/li>\n<li><strong>Felhaszn\u00e1l\u00f3bar\u00e1ts\u00e1g:<\/strong>\u00a0A\u00a0<strong>Solobar Solo<\/strong>\u00a0T\u00f6k\u00e9letesen megfelel a kezd\u0151k sz\u00e1m\u00e1ra, \u00e9s emellett halad\u00f3 funkci\u00f3kat k\u00edn\u00e1l a tapasztalt g\u0151z\u00f6l\u0151k sz\u00e1m\u00e1ra.<\/li>\n<li><strong>Sokoldal\u00fas\u00e1g<\/strong>\u00a0Funkci\u00f3kkal mint p\u00e9ld\u00e1ul\u00a0<strong>Leveg\u0151\u00e1raml\u00e1s-szab\u00e1lyoz\u00e1s<\/strong>\u00a0\u00e9s\u00a0<strong>Ambient Light<\/strong>\u00a0Egy\u00e9nileg szem\u00e9lyre szabhatja a g\u0151z\u00f6l\u00e9si \u00e9lm\u00e9nyt.<\/li>\n<li><strong>H\u0171s frissess\u00e9g:<\/strong>\u00a0A\u00a0<strong>V\u00edzimelon J\u00e9g<\/strong>Az \u00edzes\u00edt\u00e9s friss\u00edt\u0151 vape-\u00e9lm\u00e9nyt ny\u00fajt, amelyet eg\u00e9sz nap \u00e9lvezhet.<\/li>\n<\/ol>\n<p>Haifins de luxe \u00e9s tart\u00f3s\u00a0<strong>Egyszer haszn\u00e1latos e-cigaretta nikotinnal<\/strong>\u00a0akkor a\u00a0<strong>Solobar Solo 30000 h\u00faz\u00e1s egyszer haszn\u00e1latos e-cigaretta<\/strong>\u00a0A t\u00f6k\u00e9letes v\u00e1laszt\u00e1s. V\u00e1s\u00e1rolja meg a saj\u00e1tj\u00e1t\u00a0<a href=\"https:\/\/alfakher24h.de\/hu\/\"><strong>Egyszer haszn\u00e1latos e-cigaretta<\/strong><\/a> K\u00e9nyelmesen az alfakher24h.de oldalon, a megb\u00edzhat\u00f3 szolg\u00e1ltat\u00f3j\u00e1n\u00e1l\u00a0<strong>Eldobhat\u00f3 Vape-k N\u00e9metorsz\u00e1gban<\/strong>.<\/p>","protected":false},"excerpt":{"rendered":"<p>Keres\u00e9s egy magas sz\u00ednvonal\u00fa \u00e9s tart\u00f3s\u00a0<strong>Egyszer haszn\u00e1latos e-cigaretta nikotinnal<\/strong>\u00a0akkor a\u00a0<strong>Solobar Solo 30000 h\u00faz\u00e1s egyszer haszn\u00e1latos e-cigaretta<\/strong>\u00a0A t\u00f6k\u00e9letes v\u00e1laszt\u00e1s. V\u00e1s\u00e1rolja meg a saj\u00e1tj\u00e1t\u00a0<a href=\"https:\/\/alfakher24h.de\/hu\/\"><strong>Egyszer haszn\u00e1latos e-cigaretta<\/strong><\/a> bequem auf alfakher24h.de<\/p>","protected":false},"featured_media":1597,"comment_status":"open","ping_status":"closed","template":"","meta":{"om_disable_all_campaigns":false},"product_brand":[],"product_cat":[41],"product_tag":[],"class_list":{"0":"post-1596","1":"product","2":"type-product","3":"status-publish","4":"has-post-thumbnail","6":"product_cat-solobar-solo-30000","8":"first","9":"outofstock","10":"shipping-taxable","11":"purchasable","12":"product-type-simple"},"_links":{"self":[{"href":"https:\/\/alfakher24h.de\/hu\/wp-json\/wp\/v2\/product\/1596","targetHints":{"allow":["GET"]}}],"collection":[{"href":"https:\/\/alfakher24h.de\/hu\/wp-json\/wp\/v2\/product"}],"about":[{"href":"https:\/\/alfakher24h.de\/hu\/wp-json\/wp\/v2\/types\/product"}],"replies":[{"embeddable":true,"href":"https:\/\/alfakher24h.de\/hu\/wp-json\/wp\/v2\/comments?post=1596"}],"wp:featuredmedia":[{"embeddable":true,"href":"https:\/\/alfakher24h.de\/hu\/wp-json\/wp\/v2\/media\/1597"}],"wp:attachment":[{"href":"https:\/\/alfakher24h.de\/hu\/wp-json\/wp\/v2\/media?parent=1596"}],"wp:term":[{"taxonomy":"product_brand","embeddable":true,"href":"https:\/\/alfakher24h.de\/hu\/wp-json\/wp\/v2\/product_brand?post=1596"},{"taxonomy":"product_cat","embeddable":true,"href":"https:\/\/alfakher24h.de\/hu\/wp-json\/wp\/v2\/product_cat?post=1596"},{"taxonomy":"product_tag","embeddable":true,"href":"https:\/\/alfakher24h.de\/hu\/wp-json\/wp\/v2\/product_tag?post=1596"}],"curies":[{"name":"wp","href":"https:\/\/api.w.org\/{rel}","templated":true}]}}