{"id":1591,"date":"2025-02-05T04:56:12","date_gmt":"2025-02-05T04:56:12","guid":{"rendered":"https:\/\/alfakher24h.de\/?post_type=product&#038;p=1591"},"modified":"2025-05-21T05:11:14","modified_gmt":"2025-05-21T05:11:14","slug":"solobar-solo-30000-zuege-einweg-e-cigaretta-epernyakon","status":"publish","type":"product","link":"https:\/\/alfakher24h.de\/hu\/termek\/solobar-solo-30000-zuege-einweg-e-cigaretta-epernyakon\/","title":{"rendered":"Solobar Solo 30 000 sz\u00edv\u00e1s egyszer haszn\u00e1latos e-cigaretta - Eper S\u00e1rgadinnye"},"content":{"rendered":"<div style=\"width: 1020px;\" class=\"wp-video\"><video class=\"wp-video-shortcode\" id=\"video-1591-1\" width=\"1020\" height=\"574\" preload=\"metadata\" controls=\"controls\"><source type=\"video\/mp4\" src=\"https:\/\/alfakher24h.de\/wp-content\/uploads\/2025\/02\/solobar-solo-30000-2.mp4?_=1\" \/><a href=\"https:\/\/alfakher24h.de\/wp-content\/uploads\/2025\/02\/solobar-solo-30000-2.mp4\">https:\/\/alfakher24h.de\/wp-content\/uploads\/2025\/02\/solobar-solo-30000-2.mp4<\/a><\/video><\/div>\n<h2><strong><a href=\"https:\/\/alfakher24h.de\/hu\/\">Solobar Solo 30000 h\u00faz\u00e1sos eldobhat\u00f3 e-cigaretta<\/a> A g\u0151z\u00f6l\u00e9s j\u00f6v\u0151je a kezedben<\/strong><\/h2>\n<p>A\u00a0<strong>Solobar Solo 30000 h\u00faz\u00e1s egyszer haszn\u00e1latos e-cigaretta<\/strong>\u00a0innovat\u00edv megold\u00e1s minden g\u0151z\u00f6l\u0151 sz\u00e1m\u00e1ra, akik \u00f6sszehasonl\u00edthatatlan \u00e9lm\u00e9nyt \u00e9s hossz\u00fa \u00e9lettartam\u00fa teljes\u00edtm\u00e9nyt keresnek. A legmodernebb technol\u00f3gi\u00e1val \u00e9s felhaszn\u00e1l\u00f3bar\u00e1t kialak\u00edt\u00e1ssal ez a term\u00e9k biztos\u00edtja, hogy a g\u0151z\u00f6l\u00e9st komplik\u00e1ci\u00f3k n\u00e9lk\u00fcl \u00e9lvezhesse. Ak\u00e1r tapasztalt g\u0151z\u00f6l\u0151, ak\u00e1r kezd\u0151 vagy, a\u00a0<a href=\"https:\/\/alfakher24h.de\/hu\/\"><strong>Solobar Solo 30000<\/strong>\u00a0<\/a>Meghaladja majd az \u00d6n elv\u00e1r\u00e1sait \u00e9s p\u00e1ratlan \u00e9lm\u00e9nyt ny\u00fajt.<\/p>\n<h3><strong>Term\u00e9kle\u00edr\u00e1s<\/strong><\/h3>\n<p>A\u00a0<strong>Solobar Solo 30000 h\u00faz\u00e1s egyszer haszn\u00e1latos e-cigaretta<\/strong>\u00a0speci\u00e1lisan \u00fagy tervezt\u00e9k, hogy gondtalan \u00e9s kellemes g\u0151z\u00f6l\u00e9st biztos\u00edtson \u00d6nnek. Leny\u0171g\u00f6z\u0151\u00a0<strong>30 000 vonattal<\/strong>\u00a0Ez az eldobhat\u00f3 e-cigaretta biztos\u00edtja, hogy \u00d6n egy rendk\u00edv\u00fcl hossz\u00fa \u00e9lettartamot \u00e9lvezhessen, miel\u0151tt azt ki kellene cser\u00e9lni. Ez teszi ide\u00e1lis t\u00e1rs\u00e1v\u00e1 a mindennapi haszn\u00e1latra. Nincs sz\u00fcks\u00e9ge tov\u00e1bbi ut\u00e1nt\u00f6lt\u00e9sekre vagy bonyolult karbantart\u00e1sra - egyszer\u0171en kicsomagolja \u00e9s elkezdheti a g\u0151z\u00f6l\u00e9st!<\/p>\n<p>A fejlett kialak\u00edt\u00e1snak \u00e9s a hat\u00e9kony funkci\u00f3knak k\u00f6sz\u00f6nhet\u0151en ez az egyszer haszn\u00e1latos e-cigaretta nemcsak a tapasztalt g\u0151z\u00f6l\u0151k sz\u00e1m\u00e1ra ide\u00e1lis, hanem a kezd\u0151k sz\u00e1m\u00e1ra is t\u00f6k\u00e9letesen megfelel. A\u00a0<strong>Solobar Solo 30000<\/strong>\u00a0A felhaszn\u00e1l\u00f3i bar\u00e1ts\u00e1g \u00e9s a technol\u00f3gia t\u00f6k\u00e9letes kombin\u00e1ci\u00f3j\u00e1t k\u00edn\u00e1lja.\u00a0<strong>L\u00e9g\u00e1raml\u00e1s-szab\u00e1lyoz\u00e1s<\/strong>\u00a0Lehet\u0151v\u00e9 teszi, hogy szem\u00e9lyre szabja a g\u0151z\u00f6l\u00e9st, \u00edgy pontosan azt a mennyis\u00e9g\u0171 p\u00e1r\u00e1t \u00e9lvezheti, amelyet el\u0151nyben r\u00e9szes\u00edt.<\/p>\n<p>Tov\u00e1bbi kiemel\u00e9se a\u00a0<strong>Solobar Solo 30000<\/strong>\u00a0az\u00a0<strong>LED-kijelz\u0151<\/strong>-K\u00e9perny\u0151, amely egy\u00e9rtelm\u0171en mutatja az akkumul\u00e1tor \u00e1llapot\u00e1t \u00e9s a h\u00e1tral\u00e9v\u0151 h\u00faz\u00e1sok sz\u00e1m\u00e1t. A\u00a0<strong>880 mAh \u00fajrat\u00f6lthet\u0151 akkumul\u00e1tor<\/strong>\u00a0Biztos lehet abban, hogy a g\u0151z\u00f6l\u00e9si \u00e9lm\u00e9ny mindig hossz\u00fa ideig tart. \u00c9s ha az akkumul\u00e1tor majdnem lemer\u00fclt, egyszer\u0171en \u00fajra felt\u00f6ltheti, hogy tov\u00e1bbra is megszak\u00edt\u00e1s n\u00e9lk\u00fcli teljes\u00edtm\u00e9nyt \u00e9lvezhessen.<\/p>\n<h3><strong>A Solobar Solo 30000 h\u00faz\u00f3ssz\u00e1m\u00fa eldobhat\u00f3 e-cigaretta term\u00e9kjellemz\u0151i<\/strong><\/h3>\n<ul>\n<li><strong>LED-kijelz\u0151<\/strong>: Az LED kijelz\u0151 mutatja az akkumul\u00e1tor \u00e1llapot\u00e1t \u00e9s a h\u00e1tral\u00e9v\u0151 sz\u00edv\u00e1sok sz\u00e1m\u00e1t, \u00edgy mindig tudja, mennyi ideig tud m\u00e9g g\u0151z\u00f6lni.<\/li>\n<li><strong>30 000 vonat<\/strong>: Megjegyezhet\u0151en 30 000 sz\u00edv\u00e1ssal ez az eldobhat\u00f3 e-cigaretta nagyon hossz\u00fa \u00e9lettartamot k\u00edn\u00e1l, ami nem fog csal\u00f3d\u00e1st okozni.<\/li>\n<li><strong>L\u00e9g\u00e1raml\u00e1s-szab\u00e1lyoz\u00e1s<\/strong>: \u00c1ll\u00edtsa be a l\u00e9g\u00e1raml\u00e1st, hogy pontosan az \u00d6n \u00edzl\u00e9s\u00e9nek megfelel\u0151en alak\u00edtsa a g\u0151z\u00f6l\u00e9st - egy testes g\u0151z vagy egy k\u00f6nnyebb sz\u00edv\u00e1s \u00e9rdek\u00e9ben.<\/li>\n<li><strong>10-30W teljes\u00edtm\u00e9ny kimenet<\/strong>A 10-30W teljes\u00edtm\u00e9nytartom\u00e1ny biztos\u00edtja, hogy mindig el\u00e9rje a k\u00edv\u00e1nt g\u0151z er\u0151ss\u00e9g\u00e9t \u00e9s h\u0151j\u00e9t, hogy t\u00f6k\u00e9letes g\u0151z\u00f6l\u00e9si \u00e9lm\u00e9nyben r\u00e9szes\u00fclj\u00f6n.<\/li>\n<li><strong>880 mAh \u00fajrat\u00f6lthet\u0151 akkumul\u00e1tor<\/strong>: A nagy teljes\u00edtm\u00e9ny\u0171 \u00e9s hossz\u00fa \u00e9lettartam\u00fa akkumul\u00e1tor biztos\u00edtja, hogy az \u00d6n\u00a0<strong>Solobar Solo 30000<\/strong>\u00a0Egyszer haszn\u00e1latos e-cigaretta, amely az eg\u00e9sz nap folyam\u00e1n megb\u00edzhat\u00f3an m\u0171k\u00f6dik.<\/li>\n<li><strong>K\u00f6rnyezeti f\u00e9ny be\/ki<\/strong>: Tetsz\u00e9s szerint aktiv\u00e1lja vagy deaktiv\u00e1lja a k\u00f6rnyezeti f\u00e9nyt, hogy tov\u00e1bb szem\u00e9lyre szabja a g\u0151z\u00f6l\u00e9si \u00e9lm\u00e9nyt.<\/li>\n<li><strong>Du\u00e1lis Mesh Tekercs<\/strong>: A kett\u0151s tekercs biztos\u00edtja a egyenletes \u00e9s intenz\u00edv \u00edz, ami m\u00e9g kellemesebb\u00e9 teszi a g\u0151z\u00f6l\u00e9st.<\/li>\n<li><strong>Kezd\u0151bar\u00e1t<\/strong>: A felhaszn\u00e1l\u00f3bar\u00e1t kezel\u00e9s a kezd\u0151k sz\u00e1m\u00e1ra is megk\u00f6nny\u00edti a munk\u00e1t az\u00a0<strong>Solobar Solo 30000<\/strong>\u00a0g\u0151z\u00f6lni, an\u00e9lk\u00fcl hogy bonyolult be\u00e1ll\u00edt\u00e1sokkal kellene foglalkozni.<\/li>\n<\/ul>\n<h3><strong>Mi\u00e9rt a Solobar Solo 30000 h\u00faz\u00e1s eldobhat\u00f3 e-cigaretta a legjobb v\u00e1laszt\u00e1s<\/strong><\/h3>\n<p>A\u00a0<strong>Solobar Solo 30000 h\u00faz\u00e1s egyszer haszn\u00e1latos e-cigaretta<\/strong>\u00a0Min\u0151s\u00e9gi kivitelez\u00e9s\u00e9vel \u00e9s felhaszn\u00e1l\u00f3bar\u00e1t kezel\u00e9s\u00e9vel t\u0171nik ki. A hagyom\u00e1nyos e-cigarett\u00e1kkal \u00f6sszehasonl\u00edtva szuperior teljes\u00edtm\u00e9nyt \u00e9s hossz\u00fa \u00e9lettartamot k\u00edn\u00e1l, lehet\u0151v\u00e9 t\u00e9ve, hogy teljesen \u00faj m\u00f3don tapasztalja meg a p\u00e1rologtat\u00e1st.<\/p>\n<p>A\u00a0<strong>L\u00e9g\u00e1raml\u00e1s-szab\u00e1lyoz\u00e1s<\/strong>\u00a0\u00e9s a\u00a0<strong>nagy teljes\u00edtm\u00e9ny\u0171 tekercs<\/strong>\u00a0biztos\u00edtj\u00e1k a folyamatosan intenz\u00edv \u00edzt, amely minden sz\u00edv\u00e1sn\u00e1l k\u00e9nyezteti \u00d6nt. Ezenk\u00edv\u00fcl a\u00a0<strong>Solobar Solo 30000<\/strong>\u00a0ide\u00e1lis mindazok sz\u00e1m\u00e1ra, akik egyszer\u0171, de nagyon hat\u00e9kony megold\u00e1st keresnek azzal\u00a0<strong>Nikotin<\/strong>\u00a0g\u0151z\u00f6lni an\u00e9lk\u00fcl, hogy foglalkoznia kellene a karbantart\u00e1ssal vagy bonyolult be\u00e1ll\u00edt\u00e1sokkal.<\/p>\n<h4><strong>Tart\u00f3ss\u00e1g \u00e9s egyszer\u0171s\u00e9g<\/strong><\/h4>\n<p>Egyik kiemelked\u0151 tulajdons\u00e1ga a\u00a0<strong>Solobar Solo 30000<\/strong>\u00a0kiv\u00e9teles\u00a0<strong>Tart\u00f3ss\u00e1g<\/strong>30 000 sz\u00edv\u00e1ssal haszn\u00e1lhatja az e-cigarett\u00e1t hosszabb ideig, miel\u0151tt ki kellene cser\u00e9lni. Ez jelent\u0151s el\u0151ny m\u00e1s eldobhat\u00f3 e-cigarett\u00e1kkal szemben, amelyek gyakran csak korl\u00e1tozott sz\u00e1m\u00fa sz\u00edv\u00e1st biztos\u00edtanak.<\/p>\n<h4><strong>Optim\u00e1lis \u00edz\u00e9lm\u00e9nyek<\/strong><\/h4>\n<p>A kett\u0151s tekercs \u00e9s a kiv\u00e1l\u00f3 l\u00e9g\u00e1raml\u00e1s-szab\u00e1lyoz\u00e1s egyenletes g\u0151zfejleszt\u00e9st \u00e9s intenz\u00edv \u00edzt eredm\u00e9nyez. Ez lehet\u0151v\u00e9 teszi, hogy minden aroma teljes potenci\u00e1lj\u00e1t \u00e9lvezze an\u00e9lk\u00fcl, hogy az \u00edz eltorzulna vagy elmos\u00f3dna. Ak\u00e1r a\u00a0<strong>Solobar Solo 30000<\/strong>\u00a0Mint ellazul\u00e1si lehet\u0151s\u00e9g, vagy a munkanap sor\u00e1n k\u00eds\u00e9r\u0151k\u00e9nt haszn\u00e1lva - a g\u0151z\u00f6l\u00e9s igazi \u00e9lm\u00e9nny\u00e9 v\u00e1lik.<\/p>\n<p><img loading=\"lazy\" decoding=\"async\" class=\"alignnone size-full wp-image-1855\" title=\"Solobar Solo 30000 Z\u00fcge Einweg E Zigarette - Eper S\u00e1rgadinnye 2\" src=\"https:\/\/alfakher24h.de\/wp-content\/uploads\/2025\/02\/solobar-solo-30000-4.webp\" sizes=\"auto, (max-width: 1024px) 100vw, 1024px\" srcset=\"https:\/\/alfakher24h.de\/wp-content\/uploads\/2025\/02\/solobar-solo-30000-4.webp 1024w, https:\/\/alfakher24h.de\/wp-content\/uploads\/2025\/02\/solobar-solo-30000-4-300x174.webp 300w, https:\/\/alfakher24h.de\/wp-content\/uploads\/2025\/02\/solobar-solo-30000-4-768x446.webp 768w, https:\/\/alfakher24h.de\/wp-content\/uploads\/2025\/02\/solobar-solo-30000-4-18x10.webp 18w, https:\/\/alfakher24h.de\/wp-content\/uploads\/2025\/02\/solobar-solo-30000-4-600x348.webp 600w\" alt=\"Solobar Solo 30000 h\u00faz\u00e1s egyszer haszn\u00e1latos e-cigaretta - Eper S\u00e1rgadinnye\" width=\"1024\" height=\"594\" \/><\/p>\n<h3><strong>A Solobar Solo 30000 eldobhat\u00f3 e-cigaretta legjobb \u00edzei<\/strong><\/h3>\n<p>A\u00a0<strong>Solobar Solo 30000 h\u00faz\u00e1s egyszer haszn\u00e1latos e-cigaretta<\/strong>\u00a0fantasztikus \u00edz\u00e9lm\u00e9nyt ny\u00fajt. K\u00fcl\u00f6n\u00f6sen \u00e9rdemes kiemelni a\u00a0<strong>Eper S\u00e1rgadinnye<\/strong>\u00cdzes\u00edt\u00e9s.<\/p>\n<h4><strong>Eper S\u00e1rgadinnye: A t\u00f6k\u00e9letes ny\u00e1ri \u00e9lvezet<\/strong><\/h4>\n<p>A\u00a0<strong>Eper S\u00e1rgadinnye<\/strong>Az \u00edz egy t\u00f6k\u00e9letes kombin\u00e1ci\u00f3ja a friss eper gy\u00fcm\u00f6lcs\u00f6s \u00e9dess\u00e9g\u00e9nek \u00e9s a friss\u00edt\u0151, l\u00e9d\u00fas g\u00f6r\u00f6gdinnye\u00e9nek.\u00a0<strong>Eper S\u00e1rgadinnye<\/strong>Az arom\u00e1k elragadj\u00e1k \u00edzlel\u0151bimb\u00f3it, egy tr\u00f3pusi paradicsomba, amely elk\u00e9nyezteti az eg\u00e9sz sz\u00e1jpadl\u00e1st. A \u00e9des eper \u00e9s a friss\u00edt\u0151 g\u00f6r\u00f6gdinnye kever\u00e9ke kellemes \u00e9s gy\u00fcm\u00f6lcs\u00f6s g\u0151z\u00f6l\u00e9si \u00e9lm\u00e9nyt ny\u00fajt, amely k\u00fcl\u00f6n\u00f6sen a forr\u00f3 ny\u00e1ri napokon h\u0171s\u00edt.<\/p>\n<p>A\u00a0<strong>gy\u00fcm\u00f6lcs\u00f6s \u00e9desess\u00e9g a szam\u00f3c\u00e1kban<\/strong>\u00a0tal\u00e1lkozik a\u00a0<strong>a g\u00f6r\u00f6gdinnye h\u0171s\u00edt\u0151 frissess\u00e9ge<\/strong>, ami kiegyens\u00falyozott, harmonikus \u00edzhez vezet. Minden sz\u00edv\u00e1s mag\u00e1val hozza egy ny\u00e1ri gy\u00fcm\u00f6lcskokt\u00e9l frissess\u00e9g\u00e9t, amely t\u00f6k\u00e9letesen illik a nap b\u00e1rmely pillanat\u00e1hoz. Ez az \u00edzes\u00edt\u00e9s k\u00fcl\u00f6n\u00f6sen n\u00e9pszer\u0171 azok k\u00f6r\u00e9ben, akik a gy\u00fcm\u00f6lcs\u00f6s, friss\u00edt\u0151 \u00e9s m\u00e9gis \u00e9des arom\u00e1kat kedvelik.<\/p>\n<h3><strong>Mi\u00e9rt \u00e9rdemes a\u00a0<a href=\"https:\/\/alfakher24h.de\/hu\/\">Solobar Solo 30000 h\u00faz\u00e1sos eldobhat\u00f3 e-cigaretta<\/a> V\u00e1s\u00e1rolni?<\/strong><\/h3>\n<ul>\n<li><strong>Hossz\u00fa \u00e9lettartam<\/strong>: 30 000 h\u00faz\u00e1ssal lehet a\u00a0<strong>Solobar Solo 30000<\/strong>\u00a0hossz\u00fa id\u0151n kereszt\u00fcl \u00e9lvezni, miel\u0151tt ki kellene cser\u00e9lni \u0151ket.<\/li>\n<li><strong>Felhaszn\u00e1l\u00f3bar\u00e1ts\u00e1g<\/strong>: Ez az eldobhat\u00f3 e-cigaretta k\u00f6nnyen haszn\u00e1lhat\u00f3 - ide\u00e1lis kezd\u0151k \u00e9s tapasztalt g\u0151z\u00f6l\u0151k sz\u00e1m\u00e1ra egyar\u00e1nt.<\/li>\n<li><strong>Innovat\u00edv technol\u00f3gia<\/strong>: Olyan funkci\u00f3kkal, mint p\u00e9ld\u00e1ul a\u00a0<strong>L\u00e9g\u00e1raml\u00e1s-szab\u00e1lyoz\u00e1s<\/strong>,\u00a0<strong>Du\u00e1lis Mesh Tekercs<\/strong>\u00a0\u00e9s\u00a0<strong>LED-kijelz\u0151<\/strong>\u00a0Szerezzen egy er\u0151s \u00e9s szem\u00e9lyre szabott g\u0151z\u00f6l\u00e9si \u00e9lm\u00e9nyt.<\/li>\n<li><strong>\u00c9des gy\u00fcm\u00f6lcs\u00f6s arom\u00e1k ut\u00e1n v\u00e1gysz<\/strong>: \u00c9lvezze a\u00a0<strong>Eper S\u00e1rgadinnye<\/strong>\u00cdz minden intenzit\u00e1s\u00e1ban \u00e9s frissess\u00e9g\u00e9ben.<\/li>\n<li><strong>Megb\u00edzhat\u00f3s\u00e1g<\/strong>: A\u00a0<strong>Solobar Solo 30000 h\u00faz\u00e1s egyszer haszn\u00e1latos e-cigaretta<\/strong>\u00a0egy\u00fctt j\u00e1r egy\u00a0<strong>880 mAh \u00fajrat\u00f6lthet\u0151 akkumul\u00e1tor<\/strong>\u00a0Kialak\u00edtva, amely hossz\u00fa haszn\u00e1latot tesz lehet\u0151v\u00e9 megszak\u00edt\u00e1sok n\u00e9lk\u00fcl.<\/li>\n<\/ul>\n<h3><strong>V\u00e1s\u00e1rolja meg Solobar Solo 30000 h\u00faz\u00e1s eldobhat\u00f3 e-cigarett\u00e1j\u00e1t az alfakher24h.de oldalon<\/strong><\/h3>\n<p>A\u00a0<strong>Solobar Solo 30000 h\u00faz\u00e1s egyszer haszn\u00e1latos e-cigaretta<\/strong>\u00a0kiemelked\u0151 v\u00e1laszt\u00e1s a n\u00e9metorsz\u00e1gi g\u0151z\u00f6l\u0151k sz\u00e1m\u00e1ra, akik keresik a\u00a0<strong>E-cigaretta nikotinnal<\/strong> amelyek tart\u00f3sak \u00e9s \u00edzben is leny\u0171g\u00f6z\u0151ek. Rendeljen m\u00e9g ma az alfakher24h.de oldalon, a legnagyobb platformon\u00a0<strong>Eldobhat\u00f3 Vape-ok<\/strong>\u00a0N\u00e9metorsz\u00e1gban, \u00e9s tapasztalja meg az e-cigarett\u00e1k technol\u00f3gi\u00e1j\u00e1nak k\u00f6vetkez\u0151 l\u00e9p\u00e9s\u00e9t.<\/p>\n<p>Ne hagyja ki a lehet\u0151s\u00e9get, hogy ezt az innovat\u00edv\u00a0<a href=\"https:\/\/alfakher24h.de\/hu\/\"><strong>Eldobhat\u00f3 e-cigaretta<\/strong><\/a>\u00a0Megv\u00e1s\u00e1rolni \u00e9s a g\u0151z\u00f6l\u00e9si \u00e9lm\u00e9ny\u00e9t a k\u00f6vetkez\u0151 szintre emelni!<\/p>","protected":false},"excerpt":{"rendered":"<p><strong>Olobar Solo 30000 h\u00faz\u00e1s egyszer haszn\u00e1latos e-cigaretta<\/strong>\u00a0kiemelked\u0151 v\u00e1laszt\u00e1s a n\u00e9metorsz\u00e1gi g\u0151z\u00f6l\u0151k sz\u00e1m\u00e1ra, akik keresik a\u00a0<strong>E-cigaretta nikotinnal<\/strong><\/p>","protected":false},"featured_media":1590,"comment_status":"open","ping_status":"closed","template":"","meta":{"om_disable_all_campaigns":false},"product_brand":[],"product_cat":[41],"product_tag":[],"class_list":{"0":"post-1591","1":"product","2":"type-product","3":"status-publish","4":"has-post-thumbnail","6":"product_cat-solobar-solo-30000","8":"first","9":"outofstock","10":"shipping-taxable","11":"purchasable","12":"product-type-simple"},"_links":{"self":[{"href":"https:\/\/alfakher24h.de\/hu\/wp-json\/wp\/v2\/product\/1591","targetHints":{"allow":["GET"]}}],"collection":[{"href":"https:\/\/alfakher24h.de\/hu\/wp-json\/wp\/v2\/product"}],"about":[{"href":"https:\/\/alfakher24h.de\/hu\/wp-json\/wp\/v2\/types\/product"}],"replies":[{"embeddable":true,"href":"https:\/\/alfakher24h.de\/hu\/wp-json\/wp\/v2\/comments?post=1591"}],"wp:featuredmedia":[{"embeddable":true,"href":"https:\/\/alfakher24h.de\/hu\/wp-json\/wp\/v2\/media\/1590"}],"wp:attachment":[{"href":"https:\/\/alfakher24h.de\/hu\/wp-json\/wp\/v2\/media?parent=1591"}],"wp:term":[{"taxonomy":"product_brand","embeddable":true,"href":"https:\/\/alfakher24h.de\/hu\/wp-json\/wp\/v2\/product_brand?post=1591"},{"taxonomy":"product_cat","embeddable":true,"href":"https:\/\/alfakher24h.de\/hu\/wp-json\/wp\/v2\/product_cat?post=1591"},{"taxonomy":"product_tag","embeddable":true,"href":"https:\/\/alfakher24h.de\/hu\/wp-json\/wp\/v2\/product_tag?post=1591"}],"curies":[{"name":"wp","href":"https:\/\/api.w.org\/{rel}","templated":true}]}}