{"id":1564,"date":"2025-01-30T05:52:31","date_gmt":"2025-01-30T05:52:31","guid":{"rendered":"https:\/\/alfakher24h.de\/?post_type=product&#038;p=1564"},"modified":"2025-01-30T05:52:32","modified_gmt":"2025-01-30T05:52:32","slug":"magic-bar-alpha-20000-zuege-einweg-e-cigaretta-kola-jeg","status":"publish","type":"product","link":"https:\/\/alfakher24h.de\/hu\/termek\/magic-bar-alpha-20000-zuege-einweg-e-cigaretta-kola-jeg\/","title":{"rendered":"Magic Bar Alpha 20000 h\u00faz\u00e1sos eldobhat\u00f3 e-cigaretta \u2013 Cola Ice"},"content":{"rendered":"<h2><strong><img loading=\"lazy\" decoding=\"async\" class=\"alignnone size-full wp-image-1471\" src=\"https:\/\/alfakher24h.de\/wp-content\/uploads\/2025\/01\/3Magic-Bar-Alpha-20000-scaled.webp\" alt=\"\" width=\"2560\" height=\"2560\" title=\"\" srcset=\"https:\/\/alfakher24h.de\/wp-content\/uploads\/2025\/01\/3Magic-Bar-Alpha-20000-scaled.webp 2560w, https:\/\/alfakher24h.de\/wp-content\/uploads\/2025\/01\/3Magic-Bar-Alpha-20000-300x300.webp 300w, https:\/\/alfakher24h.de\/wp-content\/uploads\/2025\/01\/3Magic-Bar-Alpha-20000-1024x1024.webp 1024w, https:\/\/alfakher24h.de\/wp-content\/uploads\/2025\/01\/3Magic-Bar-Alpha-20000-150x150.webp 150w, https:\/\/alfakher24h.de\/wp-content\/uploads\/2025\/01\/3Magic-Bar-Alpha-20000-768x768.webp 768w, https:\/\/alfakher24h.de\/wp-content\/uploads\/2025\/01\/3Magic-Bar-Alpha-20000-1536x1536.webp 1536w, https:\/\/alfakher24h.de\/wp-content\/uploads\/2025\/01\/3Magic-Bar-Alpha-20000-2048x2048.webp 2048w, https:\/\/alfakher24h.de\/wp-content\/uploads\/2025\/01\/3Magic-Bar-Alpha-20000-12x12.webp 12w, https:\/\/alfakher24h.de\/wp-content\/uploads\/2025\/01\/3Magic-Bar-Alpha-20000-600x600.webp 600w, https:\/\/alfakher24h.de\/wp-content\/uploads\/2025\/01\/3Magic-Bar-Alpha-20000-100x100.webp 100w\" sizes=\"auto, (max-width: 2560px) 100vw, 2560px\" \/>Magic Bar Alpha 20000 Z\u00fcge Einweg E Zigarette: Az Ultimate \u00c9lvezet a Vaping Rajong\u00f3k sz\u00e1m\u00e1ra N\u00e9metorsz\u00e1gban<\/strong><\/h2>\n<p>A\u00a0<a href=\"https:\/\/alfakher24h.de\/hu\/\"><strong>Magic Bar Alpha 20000 h\u00faz\u00e1sos eldobhat\u00f3 e-cigaretta<\/strong><\/a>\u00a0Egy abszol\u00fat f\u00e9nypont a vaperek rajong\u00f3inak, akik er\u0151teljes, hossz\u00fa \u00e9lettartam\u00fa \u00e9s \u00edzben gazdag e-cigarett\u00e1t keresnek. \u00d6tv\u00f6zi az innovat\u00edv technol\u00f3gi\u00e1t a felhaszn\u00e1l\u00f3bar\u00e1t kialak\u00edt\u00e1ssal, \u00e9s p\u00e1ratlan g\u0151z\u00f6l\u00e9si \u00e9lm\u00e9nyt ny\u00fajt. Ak\u00e1r tapasztalt g\u0151z\u00f6l\u0151 vagy, ak\u00e1r csak most kezded el a g\u0151z\u00f6l\u00e9s vil\u00e1g\u00e1t, ez az eldobhat\u00f3 e-cigaretta kellemes \u00e9s kiel\u00e9g\u00edt\u0151 \u00e9lm\u00e9nyt ny\u00fajt majd neked.<\/p>\n<h3><strong>Mi\u00e9rt v\u00e1lassza a Magic Bar Alpha 20000 h\u00faz\u00e1s\u00fa eldobhat\u00f3 e-cigarett\u00e1t<\/strong><\/h3>\n<p>legfeljebb\u00a0<strong>20 000 vonatb\u00f3l<\/strong>\u00a0\u00e9s egynek\u00a0<strong>25 ml E-Liquid<\/strong>\u00a0felaj\u00e1nlja a\u00a0<strong>Magic Bar Alpha<\/strong>\u00a0Kiv\u00e9teles \u00e1ll\u00f3k\u00e9pess\u00e9g \u00e9s folyamatos, \u00edzletes g\u0151ztermel\u00e9s. Ezt az egyszer haszn\u00e1latos e-cigarett\u00e1t kifejezetten azoknak a felhaszn\u00e1l\u00f3knak tervezt\u00e9k, akik nagy k\u00e9nyelmet \u00e9s hossz\u00fa ideig tart\u00f3 p\u00e1rologtat\u00e1si \u00e9lm\u00e9nyt keresnek.<\/p>\n<p>Azok sz\u00e1m\u00e1ra, akik keresik a\u00a0<strong>Egyszer haszn\u00e1latos e-cigaretta nikotinnal<\/strong>\u00a0ha, akkor ny\u00fajtja a\u00a0<strong>Magic Bar Alpha<\/strong>\u00a0sz\u00e1mos\u00a0<strong>Nikotin-s\u00f3<\/strong>-Er\u0151ss\u00e9gek (0%, 2%, 3%, 5%), hogy megfeleljenek az \u00d6n egyedi ig\u00e9nyeinek. Ez a rugalmass\u00e1g teszi \u0151ket a piacon az egyik legn\u00e9pszer\u0171bb lehet\u0151s\u00e9gg\u00e9\u00a0<strong>N\u00e9metorsz\u00e1g<\/strong>Egyetlen\u00a0<strong>650mAh akkumul\u00e1tor<\/strong>-Kapacit\u00e1s \u00e9s egy\u00a0<strong>0,5\u03a9 Mesh Coil<\/strong>\u00a0felaj\u00e1nlja a\u00a0<strong>Magic Bar Alpha<\/strong>\u00a0Kiemelked\u0151 g\u0151ztermel\u00e9st biztos\u00edt, amely k\u00f6nnyed\u00e9n t\u00e1mogatja mind az MTL, mind a DTL g\u0151z\u00f6l\u00e9st.<\/p>\n<h3><strong>Term\u00e9ktulajdons\u00e1gok r\u00e9szletesen<\/strong><\/h3>\n<ul>\n<li><strong>E-Liquid mennyis\u00e9ge<\/strong>: 25 ml \u2013 Hosszantart\u00f3 \u00e9lvezetet ny\u00fajt gyakori ut\u00e1nt\u00f6lt\u00e9s n\u00e9lk\u00fcl.<\/li>\n<li><strong>Nikotin s\u00f3 koncentr\u00e1ci\u00f3k<\/strong>: 0%, 2%, 3%, 5% \u2013 Ig\u00e9ny szerint k\u00fcl\u00f6nb\u00f6z\u0151 ig\u00e9nyekhez igaz\u00edthat\u00f3.<\/li>\n<li><strong>Elem<\/strong>: 650mAh \u00fajrat\u00f6lthet\u0151 \u2013 Ak\u00e1r 20 000 sz\u00edv\u00e1sig el\u00e9g rendszeres \u00fajrat\u00f6lt\u00e9s n\u00e9lk\u00fcl.<\/li>\n<li><strong>Tekercs<\/strong>: 0,5\u03a9 Mesh Coil \u2013 Intenz\u00edv g\u0151zfejleszt\u00e9shez \u00e9s tiszta \u00edzhez.<\/li>\n<li><strong>MTL\/DTL opci\u00f3<\/strong>: DTL (Direct-to-Lung) \u2013 Egy m\u00e9g intenz\u00edvebb g\u0151ztermel\u00e9s \u00e9rdek\u00e9ben.<\/li>\n<li><strong>M\u00e9ret<\/strong>: 40 x 29 x 110 mm \u2013 Kompakt \u00e9s k\u00e9zbar\u00e1t a k\u00e9nyelmes haszn\u00e1lat \u00e9rdek\u00e9ben.<\/li>\n<li><strong>Tiszt\u00edtott s\u00faly<\/strong>: 110g \u2013 K\u00f6nny\u0171 \u00e9s hordozhat\u00f3.<\/li>\n<li><strong>Csomagol\u00e1si m\u00e9ret<\/strong>: 495 x 355 x H285 mm \u2013 Alkalmas nagy rendel\u00e9sekhez vagy viszontelad\u00f3k sz\u00e1m\u00e1ra.<\/li>\n<\/ul>\n<h3><strong>\u00cdz\u00e9lm\u00e9ny: Cola Ice - Az \u00dcd\u00edt\u0151 \u00c9lvezet<\/strong><\/h3>\n<p>A\u00a0<strong>Magic Bar Alpha 20000 h\u00faz\u00e1sos eldobhat\u00f3 e-cigaretta<\/strong>\u00a0egyedi \u00edzzel \u00e9rkezik:\u00a0<strong>Cola Ice<\/strong>A Cola \u00edze, amely kellemes h\u0171v\u00f6ss\u00e9ggel kombin\u00e1lva \u00e9rkezik, felejthetetlen, friss\u00edt\u0151 \u00e9lm\u00e9nyt ny\u00fajt, amely t\u00fckr\u00f6zi a klasszikus Cola ital teljes \u00e9lvezet\u00e9t g\u0151z form\u00e1j\u00e1ban.<\/p>\n<h4><strong>\u00cdz r\u00e9szletesen<\/strong><\/h4>\n<p><strong>Cola Ice<\/strong>\u00a0T\u00f6bb mint egy egyszer\u0171 k\u00f3la \u00edz. Kezdetben a klasszikus k\u00f3la \u00edze bontakozik ki - \u00e9des, enyhe karamell \u00e1rnyalattal \u00e9s k\u00f6nny\u0171 citrusos jeggyel, amely intenz\u00edvebb\u00e9 teszi az \u00edz\u00e9lm\u00e9nyt. A friss k\u00f3la arom\u00e1k \u00f6sszeolvadnak egy friss\u00edt\u0151 mentol jeggyel, amely kellemes h\u0171s\u00edt\u0151 \u00e9rz\u00e9st biztos\u00edt a torokban, \u00e9s a g\u0151z\u00f6l\u00e9st \u00e9l\u00e9nk\u00edt\u0151 \u00e9lm\u00e9nny\u00e9 teszi.<\/p>\n<p>A\u00a0<strong>Mentolos<\/strong>\u00a0A h\u0171t\u00e9si hat\u00e1s nem t\u00fal intenz\u00edv, hanem t\u00f6k\u00e9letes egyens\u00falyt biztos\u00edt - \u00edgy \u00d6n teljes m\u00e9lys\u00e9g\u00e9ben \u00e9lvezheti a cola \u00edz\u00e9t an\u00e9lk\u00fcl, hogy a friss hat\u00e1s t\u00falterheln\u00e9 az \u00edzt. Ez az egyed\u00fcl\u00e1ll\u00f3 kombin\u00e1ci\u00f3 teszi a Magic Bar Alpha cola j\u00e9g \u00edz\u00e9t N\u00e9metorsz\u00e1g egyik legn\u00e9pszer\u0171bb \u00edz\u00e9v\u00e9 az eldobhat\u00f3 e-cigarett\u00e1k sz\u00e1m\u00e1ra.<\/p>\n<h4><strong>\u00d6r\u00f6m minden pillanatra<\/strong><\/h4>\n<p>Ak\u00e1r r\u00f6vid sz\u00fcnetet szeretne beiktatni, ak\u00e1r egy hossz\u00fa nap ut\u00e1n ellazulni k\u00edv\u00e1n, a\u00a0<strong>Cola Ice<\/strong>A Magic Bar Alpha \u00edze mindig a megfelel\u0151 l\u00f6ketet adja. T\u00f6k\u00e9letes azoknak a vapereknek, akik szeretik a cola friss \u00e9s \u00e9lettel teli \u00edz\u00e9t, \u00e9s k\u00f6zben nem szeretn\u00e9nek lemondani a h\u0171s\u00edt\u0151 frissess\u00e9gr\u0151l. Az \u00e9dess\u00e9g \u00e9s a mentol t\u00f6k\u00e9letes kever\u00e9ke azt az \u00e9rz\u00e9st kelti benned, mintha kol\u00e1t inn\u00e1l j\u00e9gkock\u00e1kkal - \u00e9s ezt minden sz\u00edv\u00e1ssal \u00e9lvezheted.<\/p>\n<p><img loading=\"lazy\" decoding=\"async\" class=\"alignnone wp-image-1774 size-full\" title=\"Magic Bar Alpha 20000 h\u00faz\u00e1s Eldobhat\u00f3 E-cigaretta - Cola Ice 3\" src=\"https:\/\/alfakher24h.de\/wp-content\/uploads\/2025\/01\/9Magic-Bar-Alpha-20000-scaled.webp\" sizes=\"auto, (max-width: 2560px) 100vw, 2560px\" srcset=\"https:\/\/alfakher24h.de\/wp-content\/uploads\/2025\/01\/9Magic-Bar-Alpha-20000-scaled.webp 2560w, https:\/\/alfakher24h.de\/wp-content\/uploads\/2025\/01\/9Magic-Bar-Alpha-20000-300x300.webp 300w, https:\/\/alfakher24h.de\/wp-content\/uploads\/2025\/01\/9Magic-Bar-Alpha-20000-1024x1024.webp 1024w, https:\/\/alfakher24h.de\/wp-content\/uploads\/2025\/01\/9Magic-Bar-Alpha-20000-150x150.webp 150w, https:\/\/alfakher24h.de\/wp-content\/uploads\/2025\/01\/9Magic-Bar-Alpha-20000-768x768.webp 768w, https:\/\/alfakher24h.de\/wp-content\/uploads\/2025\/01\/9Magic-Bar-Alpha-20000-1536x1536.webp 1536w, https:\/\/alfakher24h.de\/wp-content\/uploads\/2025\/01\/9Magic-Bar-Alpha-20000-2048x2048.webp 2048w, https:\/\/alfakher24h.de\/wp-content\/uploads\/2025\/01\/9Magic-Bar-Alpha-20000-12x12.webp 12w, https:\/\/alfakher24h.de\/wp-content\/uploads\/2025\/01\/9Magic-Bar-Alpha-20000-600x600.webp 600w, https:\/\/alfakher24h.de\/wp-content\/uploads\/2025\/01\/9Magic-Bar-Alpha-20000-100x100.webp 100w\" alt=\"Magic Bar Alpha 20000 h\u00faz\u00e1sos eldobhat\u00f3 e-cigaretta - Cola Ice\" width=\"2560\" height=\"2560\" \/><\/p>\n<h3><strong>Mi\u00e9rt \u00e9rdemes megv\u00e1s\u00e1rolni a Magic Bar Alpha 20000 h\u00faz\u00e1sos eldobhat\u00f3 e-cigarett\u00e1t<\/strong><\/h3>\n<ol>\n<li><strong>Hossz\u00fa \u00e9lettartam \u00e9s teljes\u00edtm\u00e9ny<\/strong>20 000 sz\u00edv\u00e1ssal \u00e9s 25 ml e-liquid kapacit\u00e1ssal a Magic Bar Alpha az egyik leghosszabb \u00e9lettartam\u00fa eldobhat\u00f3 e-cigaretta a piacon. \u00cdgy hossz\u00fa ideig \u00e9lvezheti a teljes \u00edzt \u00e9s a teljes sz\u00edv\u00e1st.<\/li>\n<li><strong>T\u00f6bbf\u00e9le nikotin lehet\u0151s\u00e9g<\/strong>: A k\u00fcl\u00f6nb\u00f6z\u0151 k\u00f6sz\u00f6nhet\u0151en\u00a0<strong>Nikotin-s\u00f3<\/strong>-Er\u0151ss\u00e9gek (0%, 2%, 3%, 5%) k\u00f6z\u00fcl v\u00e1laszthatja ki az \u00d6n ig\u00e9nyeinek megfelel\u0151 nikotiner\u0151ss\u00e9get. Ide\u00e1lis kezd\u0151k vagy tapasztalt g\u0151z\u00f6l\u0151k sz\u00e1m\u00e1ra, akik szab\u00e1lyozni szeretn\u00e9k nikotinbevitel\u00fcket.<\/li>\n<li><strong>Els\u0151 oszt\u00e1ly\u00fa \u00edzl\u00e9s<\/strong>: A\u00a0<strong>Cola Ice<\/strong>Az \u00edz egy t\u00f6k\u00e9letes kever\u00e9ke a kol\u00e1nak \u00e9s a mentholnak, amely minden sz\u00edv\u00e1sn\u00e1l elcs\u00e1b\u00edtja az \u00edzlel\u0151bimb\u00f3kat.  Egy \u00faj \u00e9s izgalmas form\u00e1ban kapja meg a friss\u00edt\u0151 cola-\u00e9lm\u00e9nyt.<\/li>\n<li><strong>Felhaszn\u00e1l\u00f3bar\u00e1t<\/strong>: A\u00a0<strong>Magic Bar Alpha<\/strong>\u00a0van\u00a0<strong>egyutas<\/strong>\u00a0\u00e9s\u00a0<strong>\u00fajrat\u00f6lthet\u0151<\/strong>Amit az jelent, hogy nem kell agg\u00f3dnia a ut\u00e1nt\u00f6lt\u00e9sek vagy a bonyolult be\u00e1ll\u00edt\u00e1sok miatt. Egyszer\u0171en csak bedugja \u00e9s \u00e9lvezi.<\/li>\n<li><strong>Kompakt m\u00e9ret<\/strong>Kompaktm\u00e9ret\u00e9vel 40 x 29 x 110 mm \u00e9s mind\u00f6ssze 110g-os k\u00f6nny\u0171 s\u00faly\u00e1val a Magic Bar Alpha k\u00f6nnyen belef\u00e9r b\u00e1rmely zsebbe, \u00e9s ide\u00e1lis t\u00e1rs \u00fatk\u00f6zben.<\/li>\n<li><strong>T\u00f6k\u00e9letes DTL g\u0151z\u00f6l\u00e9shez<\/strong>: A\u00a0<strong>0,5\u03a9 Mesh Coil<\/strong>\u00a0kiv\u00e1l\u00f3 g\u0151ztermel\u00e9st biztos\u00edt, \u00e9s lehet\u0151v\u00e9 teszi a teljes \u00edz\u00e9lm\u00e9nyt egy\u00a0<strong>Direct-to-Lung<\/strong>\u00a0(DTL) \u00c9lvezze az intenz\u00edvebb g\u0151z\u00f6s vonatokat el\u0151nyben r\u00e9szes\u00edt\u0151k sz\u00e1m\u00e1ra ide\u00e1lis.<\/li>\n<\/ol>\n<h3><strong>V\u00e1s\u00e1rolja Most Az Magic Bar Alpha 20000 H\u00faz\u00e1s Eldobhat\u00f3 E Cigarett\u00e1t a alfakher24h.de oldalon<\/strong><\/h3>\n<p>Haifisch  einweg E-Zigarette genau das Richtige f\u00fcr Sie.\u00a0<strong>Magic Bar Alpha 20000 h\u00faz\u00e1sos eldobhat\u00f3 e-cigaretta<\/strong>\u00a0A t\u00f6k\u00e9letes v\u00e1laszt\u00e1s. Rendelje meg a saj\u00e1tj\u00e1t\u00a0<strong>Magic Bar Alpha<\/strong>\u00a0mit\u00a0<strong>Nikotin<\/strong>\u00a0\u00e9s a n\u00e9pszer\u0171\u00a0<strong>Cola Ice<\/strong>\u00cdzes\u00edt\u00e9s  weboldalunkon alfakher24h.hu - a vezet\u0151 platform a v\u00e1s\u00e1rl\u00e1shoz\u00a0<strong>Eldobhat\u00f3 Vape-k N\u00e9metorsz\u00e1gban<\/strong>.<\/p>\n<p>R\u00e9szes\u00fclj\u00f6n a k\u00f6nny\u0171 rendel\u00e9sb\u0151l, gyors sz\u00e1ll\u00edt\u00e1sb\u00f3l \u00e9s sz\u00e9les term\u00e9kv\u00e1laszt\u00e9kb\u00f3l\u00a0<strong>E-cigarett\u00e1k<\/strong>\u00a0\u00e9s\u00a0<strong>E-Liquids \n(nincs sz\u00fcks\u00e9g ford\u00edt\u00e1sra, de ha m\u00e9gis)\nE-folyad\u00e9kok<\/strong>. Ak\u00e1r \u00d6n egy tapasztalt g\u0151z\u00f6l\u0151 vagy kezd\u0151, n\u00e1lunk megtal\u00e1l mindent, ami a t\u00f6k\u00e9letes g\u0151z\u00f6l\u00e9si \u00e9lm\u00e9nyhez sz\u00fcks\u00e9ges. L\u00e1togasson el most az alfakher24h.de oldalra \u00e9s tapasztalja meg az ultimate g\u0151z\u00f6l\u00e9st a\u00a0<strong>Magic Bar Alpha 20000 Z\u00fcge \n\n(Magyar\u00e1zatot nem adok, csak a ford\u00edt\u00e1st) \nVar\u00e1zsp\u00e1lca Alfa 20000 h\u00faz\u00e1s <a href=\"https:\/\/alfakher24h.de\/hu\/\">Egyszer haszn\u00e1latos e-cigaretta<\/a><\/strong>!<\/p>","protected":false},"excerpt":{"rendered":"<p><strong>Magic Bar Alpha<\/strong>\u00a0mit\u00a0<strong>Nikotin<\/strong>\u00a0\u00e9s a n\u00e9pszer\u0171\u00a0<strong>Cola Ice<\/strong>\u00cdzes\u00edt\u00e9s  weboldalunkon alfakher24h.hu - a vezet\u0151 platform a v\u00e1s\u00e1rl\u00e1shoz\u00a0<strong>Eldobhat\u00f3 Vape-k N\u00e9metorsz\u00e1gban<\/strong>.<\/p>","protected":false},"featured_media":1565,"comment_status":"open","ping_status":"closed","template":"","meta":{"om_disable_all_campaigns":false},"product_brand":[],"product_cat":[39],"product_tag":[],"class_list":{"0":"post-1564","1":"product","2":"type-product","3":"status-publish","4":"has-post-thumbnail","6":"product_cat-magic-bar-20000","8":"first","9":"instock","10":"shipping-taxable","11":"purchasable","12":"product-type-simple"},"_links":{"self":[{"href":"https:\/\/alfakher24h.de\/hu\/wp-json\/wp\/v2\/product\/1564","targetHints":{"allow":["GET"]}}],"collection":[{"href":"https:\/\/alfakher24h.de\/hu\/wp-json\/wp\/v2\/product"}],"about":[{"href":"https:\/\/alfakher24h.de\/hu\/wp-json\/wp\/v2\/types\/product"}],"replies":[{"embeddable":true,"href":"https:\/\/alfakher24h.de\/hu\/wp-json\/wp\/v2\/comments?post=1564"}],"wp:featuredmedia":[{"embeddable":true,"href":"https:\/\/alfakher24h.de\/hu\/wp-json\/wp\/v2\/media\/1565"}],"wp:attachment":[{"href":"https:\/\/alfakher24h.de\/hu\/wp-json\/wp\/v2\/media?parent=1564"}],"wp:term":[{"taxonomy":"product_brand","embeddable":true,"href":"https:\/\/alfakher24h.de\/hu\/wp-json\/wp\/v2\/product_brand?post=1564"},{"taxonomy":"product_cat","embeddable":true,"href":"https:\/\/alfakher24h.de\/hu\/wp-json\/wp\/v2\/product_cat?post=1564"},{"taxonomy":"product_tag","embeddable":true,"href":"https:\/\/alfakher24h.de\/hu\/wp-json\/wp\/v2\/product_tag?post=1564"}],"curies":[{"name":"wp","href":"https:\/\/api.w.org\/{rel}","templated":true}]}}