{"id":1530,"date":"2025-01-23T08:58:04","date_gmt":"2025-01-23T08:58:04","guid":{"rendered":"https:\/\/alfakher24h.de\/?post_type=product&#038;p=1530"},"modified":"2025-01-26T14:09:03","modified_gmt":"2025-01-26T14:09:03","slug":"magic-bar-alfa-20000-puff-eldobhato-e-cigaretta-citrom-lime","status":"publish","type":"product","link":"https:\/\/alfakher24h.de\/hu\/termek\/magic-bar-alfa-20000-puff-eldobhato-e-cigaretta-citrom-lime\/","title":{"rendered":"Magic Bar Alpha 20000 h\u00faz\u00e1sos eldobhat\u00f3 e-cigaretta \u2013 Citrom Lime"},"content":{"rendered":"<h2><\/h2>\n<h2><strong><img loading=\"lazy\" decoding=\"async\" class=\"alignnone size-full wp-image-1488\" src=\"https:\/\/alfakher24h.de\/wp-content\/uploads\/2025\/01\/14Magic-Bar-Alpha-20000-scaled.webp\" alt=\"Magic-Bar-Alpha-20000.\" width=\"2560\" height=\"2560\" title=\"\" srcset=\"https:\/\/alfakher24h.de\/wp-content\/uploads\/2025\/01\/14Magic-Bar-Alpha-20000-scaled.webp 2560w, https:\/\/alfakher24h.de\/wp-content\/uploads\/2025\/01\/14Magic-Bar-Alpha-20000-300x300.webp 300w, https:\/\/alfakher24h.de\/wp-content\/uploads\/2025\/01\/14Magic-Bar-Alpha-20000-1024x1024.webp 1024w, https:\/\/alfakher24h.de\/wp-content\/uploads\/2025\/01\/14Magic-Bar-Alpha-20000-150x150.webp 150w, https:\/\/alfakher24h.de\/wp-content\/uploads\/2025\/01\/14Magic-Bar-Alpha-20000-768x768.webp 768w, https:\/\/alfakher24h.de\/wp-content\/uploads\/2025\/01\/14Magic-Bar-Alpha-20000-1536x1536.webp 1536w, https:\/\/alfakher24h.de\/wp-content\/uploads\/2025\/01\/14Magic-Bar-Alpha-20000-2048x2048.webp 2048w, https:\/\/alfakher24h.de\/wp-content\/uploads\/2025\/01\/14Magic-Bar-Alpha-20000-12x12.webp 12w, https:\/\/alfakher24h.de\/wp-content\/uploads\/2025\/01\/14Magic-Bar-Alpha-20000-600x600.webp 600w, https:\/\/alfakher24h.de\/wp-content\/uploads\/2025\/01\/14Magic-Bar-Alpha-20000-100x100.webp 100w\" sizes=\"auto, (max-width: 2560px) 100vw, 2560px\" \/>Magic Bar Alpha 20000 h\u00faz\u00e1s  Eldobhat\u00f3 E-cigaretta: A t\u00f6k\u00e9letes \u00e9lvezet utaz\u00e1shoz<\/strong><\/h2>\n<p>A <a href=\"https:\/\/alfakher24h.de\/hu\/\">Magic Bar Alpha 20000 h\u00faz\u00e1sos eldobhat\u00f3 e-cigaretta<\/a> \u00daj cs\u00facsot \u00e9r el az eldobhat\u00f3 vapes vil\u00e1g\u00e1ban. 20 000 sz\u00edv\u00e1ssal rendelkez\u0151 leny\u0171g\u00f6z\u0151 kapacit\u00e1s\u00e1val ide\u00e1lis v\u00e1laszt\u00e1s a kifinomult g\u0151z\u00f6l\u0151k sz\u00e1m\u00e1ra, akik hossz\u00fa t\u00e1v\u00fa, intenz\u00edv \u00e9lm\u00e9nyt keresnek. Ak\u00e1r tapasztalt g\u0151z\u00f6l\u0151, ak\u00e1r kezd\u0151 vagy, a Magic Bar Alpha mindent tartalmaz, amit egy modern e-cigarett\u00e1t\u00f3l elv\u00e1rhat - kompakt \u00e9s praktikus form\u00e1ban.<\/p>\n<h3><strong>Mi\u00e9rt v\u00e1lassza a Magic Bar Alpha 20000 h\u00faz\u00e1sos eldobhat\u00f3 e-cigarett\u00e1t<\/strong><\/h3>\n<p>A Magic Bar Alpha 20000 h\u00faz\u00e1sos eldobhat\u00f3 e-cigaretta innovat\u00edv technol\u00f3gi\u00e1j\u00e1val \u00e9s felhaszn\u00e1l\u00f3bar\u00e1t kezel\u00e9s\u00e9vel h\u00edvja fel mag\u00e1ra a figyelmet. A kiv\u00e1l\u00f3 min\u0151s\u00e9g\u0171 e-folyad\u00e9k \u00e9s a nagy teljes\u00edtm\u00e9ny\u0171 akkumul\u00e1tor er\u0151s \u00f6sszj\u00e1t\u00e9k\u00e1val rendk\u00edv\u00fcli g\u0151z\u00f6l\u00e9si \u00e9lm\u00e9nyt ny\u00fajt. A vape-\u00e9lvezet intenz\u00edv \u00e9s ugyanakkor kellemesen l\u00e1gy, \u00edgy a Magic Bar Alpha minden alkalomra alkalmas.<\/p>\n<p>Egy tov\u00e1bbi el\u0151ny a Magic Bar Alpha eset\u00e9ben a nikotiner\u0151ss\u00e9gek v\u00e1ltozatos v\u00e1laszt\u00e9ka: v\u00e1laszthat 0%, 2%, 3% \u00e9s 5% nikotin k\u00f6z\u00f6tt, szem\u00e9lyes preferenci\u00e1i szerint. \u00cdgy mind a nem doh\u00e1nyz\u00f3k, mind a szenved\u00e9lyes doh\u00e1nyosok kiv\u00e1laszthatj\u00e1k maguknak az ide\u00e1lis nikotintartalmat.<\/p>\n<p>Az e-cigaretta 25 ml e-folyad\u00e9k kapacit\u00e1ssal rendelkezik, \u00e9s hossz\u00fa t\u00e1v\u00fa g\u0151z\u00f6l\u00e9st biztos\u00edt. A Magic Bar Alph\u00e1t ak\u00e1r 20 000 sz\u00edv\u00e1sig \u00e9lvezheti, ami k\u00fcl\u00f6n\u00f6sen gazdas\u00e1gos v\u00e1laszt\u00e1ss\u00e1 teszi. Ez a kapacit\u00e1s lehet\u0151v\u00e9 teszi, hogy az eg\u00e9sz \u00e9lm\u00e9nyt \u00e1lland\u00f3 ut\u00e1nt\u00f6lt\u00e9s vagy a k\u00e9sz\u00fcl\u00e9kek folyamatos cser\u00e9je n\u00e9lk\u00fcl tapasztalja meg.<\/p>\n<h3><strong>A Magic Bar Alpha 20000 h\u00faz\u00e1s\u00e1nak term\u00e9ktulajdons\u00e1gai<a href=\"https:\/\/alfakher24h.de\/hu\/\"> Egyszer haszn\u00e1latos e-cigaretta<\/a><\/strong><\/h3>\n<ul>\n<li><strong>Nikotin er\u0151ss\u00e9ge:<\/strong>\u00a00%, 2%, 3%, 5% \u2013 ide\u00e1lis k\u00fcl\u00f6nb\u00f6z\u0151 felhaszn\u00e1l\u00f3i ig\u00e9nyekhez.<\/li>\n<li><strong>E-folyad\u00e9k kapacit\u00e1s:<\/strong>\u00a025 ml hossz\u00fa haszn\u00e1latra.<\/li>\n<li><strong>Akku:<\/strong>\u00a0\u00dajrat\u00f6lthet\u0151 650mAh-os akkumul\u00e1tor hossz\u00fa t\u00e1v\u00fa haszn\u00e1latra.<\/li>\n<li><strong>Coil: \nTekercs<\/strong>\u00a00,5 \u03a9 mesh tekercs a sima \u00e9s intenz\u00edv g\u0151z\u00e9rt.<\/li>\n<li><strong>G\u0151z \u00fczemm\u00f3dok:<\/strong>\u00a0MTL (sz\u00e1jb\u00f3l t\u00fcd\u0151be) \u00e9s DTL (k\u00f6zvetlen\u00fcl a t\u00fcd\u0151be) a sokoldal\u00fa g\u0151z\u00f6l\u00e9si \u00e9lm\u00e9nyekhez.<\/li>\n<li><strong>M\u00e9ret:<\/strong>\u00a040 x 29 x 110 mm \u2013 kompakt \u00e9s hordozhat\u00f3.<\/li>\n<li><strong>S\u00faly:<\/strong>\u00a0110 g - k\u00f6nny\u0171 \u00e9s hordozhat\u00f3 \u00fatk\u00f6zben.<\/li>\n<li><strong>Csomagol\u00e1s:<\/strong>\u00a0Kartonm\u00e9ret: 495 x 355 x H285 mm \u2013 biztons\u00e1gosan \u00e9s praktikusan csomagolva.<\/li>\n<\/ul>\n<h3><strong>L\u00e9legzetel\u00e1ll\u00edt\u00f3 arom\u00e1k - Magic Bar Alpha 20000 h\u00faz\u00e1s eldobhat\u00f3 e-cigaretta r\u00e9szletesen<\/strong><\/h3>\n<p>A Magic Bar Alpha 20000 Z\u00fcge Einweg E-Zigarette egyik kiemelked\u0151 pontja a kifinomult arom\u00e1k k\u00edn\u00e1lata, amelyeket kifejezetten az\u00e9rt fejlesztettek ki, hogy egyedi \u00edz\u00e9lm\u00e9nyt ny\u00fajtsanak \u00d6nnek. Az egyik legn\u00e9pszer\u0171bb \u00edzes\u00edt\u00e9s\u00a0<strong>Lemon Lime<\/strong>Egy friss\u00edt\u0151 kombin\u00e1ci\u00f3, amely a citrom sz\u00far\u00f3s savass\u00e1g\u00e1t \u00e9s a lime \u00e9des frissess\u00e9g\u00e9t \u00f6tv\u00f6zi. Ezek az arom\u00e1k t\u00f6k\u00e9letesen harmoniz\u00e1lnak egym\u00e1ssal, \u00e9s felejthetetlen p\u00e1rol\u00e1si \u00e9lm\u00e9nyt teremtenek.<\/p>\n<h3><strong>Lemon Lime \u2013 Friss Citrus Kombin\u00e1ci\u00f3<\/strong><\/h3>\n<p>Az\u00a0<strong>Lemon Lime<\/strong>Az Aroma ide\u00e1lis azoknak a vapereknek, akik egy friss \u00e9s \u00fcd\u00edt\u0151 \u00edzt keresnek, amely felpezsd\u00edti az \u00edzlel\u0151bimb\u00f3kat \u00e9s kellemes, de nem t\u00fal intenz\u00edv g\u0151z\u00f6l\u00e9st biztos\u00edt. A citrom \u00e9s a lime kombin\u00e1ci\u00f3ja frissess\u00e9get ad a g\u0151z\u00f6l\u00e9snek, amely finoman sz\u00e9tter\u00fcl a nyelven an\u00e9lk\u00fcl, hogy t\u00falzottan tolakod\u00f3 lenne.<\/p>\n<p>El\u0151sz\u00f6r a citrom savany\u00fa \u00e9s enyh\u00e9n keserny\u00e9s jegyei \u00e9rz\u0151dnek, amelyek t\u00f6k\u00e9letesen egy\u00fcttm\u0171k\u00f6dnek a lime enyhe \u00e9dess\u00e9g\u00e9vel.\u00a0<a href=\"https:\/\/alfakher24h.de\/hu\/\"><strong>Lemon Lime<\/strong>&#8211;<\/a>\u00cdz\u00e9t a kiv\u00e1l\u00f3 min\u0151s\u00e9g\u0171 nikotin-s\u00f3 haszn\u00e1lat\u00e1val er\u0151s\u00edtik, amely l\u00e1gyabb \u00e9s egyenletesebb g\u0151ztermel\u00e9st biztos\u00edt. Ha egy friss\u00edt\u0151 \u00edzt keres, amely a forr\u00f3 ny\u00e1ri h\u00f3napokban elk\u00eds\u00e9ri, vagy egyszer\u0171en csak valami spriccel\u0151t szeretne a k\u00f6ztes id\u0151re, akkor az\u00a0<strong>Lemon Lime<\/strong>A Magic Bar Alpha \u00edze pontosan megfelel az \u00d6n \u00edzl\u00e9s\u00e9nek.<\/p>\n<h3><strong>Nikotin-s\u00f3 az egyedi g\u0151z\u00f6l\u00e9si \u00e9lm\u00e9nyekhez<\/strong><\/h3>\n<p>Egy m\u00e1sik jellemz\u0151, amely kiemeli a Magic Bar Alph\u00e1t m\u00e1s eldobhat\u00f3 e-cigarett\u00e1k k\u00f6z\u00fcl, az a haszn\u00e1lata\u00a0<strong>Nikotin-s\u00f3<\/strong>A hagyom\u00e1nyos szabad nikotinnal \u00f6sszehasonl\u00edtva a nikotin-s\u00f3 egy l\u00e1gyabb \u00e9s kellemesebb inhal\u00e1ci\u00f3t k\u00edn\u00e1l, ami sok vaporiz\u00e1l\u00f3 sz\u00e1m\u00e1ra k\u00e9nyelmesebb. Ez\u00e9rt a Magic Bar Alpha k\u00fcl\u00f6n\u00f6sen alkalmas azok sz\u00e1m\u00e1ra, akik intenz\u00edv nikotintapasztalatot keresnek an\u00e9lk\u00fcl, hogy a szok\u00e1sos nikotin \u00e9les \u00e9s durva hat\u00e1s\u00e1t tapasztaln\u00e1k.<\/p>\n<p>Az\u00a0<strong>Nikotin-s\u00f3<\/strong>\u00a0Ezenk\u00edv\u00fcl el\u0151seg\u00edti a nikotin gyorsabb felsz\u00edv\u00f3d\u00e1s\u00e1t, ami minim\u00e1lisra cs\u00f6kkenti az er\u0151sebb sz\u00edv\u00e1s ig\u00e9ny\u00e9t. Ez azt jelenti, hogy a k\u00edv\u00e1nt nikotinszintet m\u00e9rs\u00e9kelt sz\u00e1m\u00fa sz\u00edv\u00e1s mellett is el\u00e9rheti, ami m\u00e9g kellemesebb\u00e9 teszi az eg\u00e9sz g\u0151z\u00f6l\u00e9si folyamatot.<\/p>\n<h3><strong>\u00cdzvari\u00e1ci\u00f3k sokoldal\u00fas\u00e1ga - Minden \u00edzl\u00e9shez van valami<\/strong><\/h3>\n<p>Mellett\u00a0<strong>Lemon Lime<\/strong>\u00a0A Magic Bar Alpha 20000 h\u00faz\u00f3egyszer haszn\u00e1latos e-cigaretta sz\u00e1mos m\u00e1s \u00edzes\u00edt\u00e9st k\u00edn\u00e1l, amelyek a sz\u00e9les \u00edzprofilokat lefedik. V\u00e1laszthat k\u00fcl\u00f6nb\u00f6z\u0151 gy\u00fcm\u00f6lcs\u00f6s, mentolos vagy ak\u00e1r \u00e9des arom\u00e1k k\u00f6z\u00fcl - mindegyiket kifejezetten \u00fagy tervezt\u00e9k, hogy gazdag\u00edtsa \u00e9s t\u00f6k\u00e9letes\u00edtse a g\u0151z\u00f6l\u00e9si \u00e9lm\u00e9nyt. Mivel a k\u00e9sz\u00fcl\u00e9k ennyi h\u00faz\u00e1st k\u00edn\u00e1l, k\u00f6nnyen kipr\u00f3b\u00e1lhat k\u00fcl\u00f6nb\u00f6z\u0151 arom\u00e1kat an\u00e9lk\u00fcl, hogy a p\u00f3tl\u00e1sra kellene gondolnia. A sz\u00e9les v\u00e1laszt\u00e9k garant\u00e1lja, hogy minden \u00edzl\u00e9shez van valami.<\/p>\n<p><strong>Mi\u00e9rt \u00e9rdemes n\u00e1lunk megv\u00e1s\u00e1rolni a Magic Bar Alph\u00e1t?<\/strong><\/p>\n<p>A legnagyobb online \u00e9rt\u00e9kes\u00edt\u00e9si platformjak\u00e9nt\u00a0<strong>Egyszer haszn\u00e1latos e-cigarett\u00e1k<\/strong>\u00a0N\u00e9metorsz\u00e1gban sz\u00e9les v\u00e1laszt\u00e9kot k\u00edn\u00e1lunk \u00d6nnek kiv\u00e1l\u00f3 min\u0151s\u00e9g\u0171 term\u00e9kekb\u0151l, bele\u00e9rtve a Magic Bar Alpha 20000 h\u00faz\u00e1s\u00fa eldobhat\u00f3 e-cigarett\u00e1t is. N\u00e1lunk biztos lehet abban, hogy csak a legmagasabb min\u0151s\u00e9gi term\u00e9keket kapja, amelyek megfelelnek az \u00d6n elv\u00e1r\u00e1sainak \u00e9s a legmagasabb biztons\u00e1gi szabv\u00e1nyoknak is. C\u00e9lunk, hogy a lehet\u0151 legjobb g\u0151z\u00f6l\u00e9si \u00e9lm\u00e9nyt ny\u00fajtsuk \u00d6nnek - gyors, biztons\u00e1gos \u00e9s egyszer\u0171.<\/p>\n<p>Ha teh\u00e1t egy megb\u00edzhat\u00f3, tart\u00f3s \u00e9s intenz\u00edv e-cigarett\u00e1t keres, akkor v\u00e1lassza a Magic Bar Alpha 20000 h\u00faz\u00e1s eldobhat\u00f3 e-cigarett\u00e1t. L\u00e1togasson el most weboldalunkra, alfakher24h.de \u00e9s v\u00e1s\u00e1rolja meg k\u00e9sz\u00fcl\u00e9k\u00e9t k\u00e9nyelmesen online, hossz\u00fa v\u00e1rakoz\u00e1si id\u0151k n\u00e9lk\u00fcl. Ak\u00e1r tapasztalt g\u0151z\u00f6l\u0151 vagy \u00fajonc - n\u00e1lunk megtal\u00e1lja az \u00d6n ig\u00e9nyeinek megfelel\u0151 t\u00f6k\u00e9letes megold\u00e1st!<\/p>\n<p><img loading=\"lazy\" decoding=\"async\" class=\"alignnone wp-image-1774 size-full\" title=\"Magic Bar Alpha 20000 h\u00faz\u00e1s Egyszerhaszn\u00e1latos E-cigaretta - Citrom Lime 3\" src=\"https:\/\/alfakher24h.de\/wp-content\/uploads\/2025\/01\/9Magic-Bar-Alpha-20000-scaled.webp\" sizes=\"auto, (max-width: 2560px) 100vw, 2560px\" srcset=\"https:\/\/alfakher24h.de\/wp-content\/uploads\/2025\/01\/9Magic-Bar-Alpha-20000-scaled.webp 2560w, https:\/\/alfakher24h.de\/wp-content\/uploads\/2025\/01\/9Magic-Bar-Alpha-20000-300x300.webp 300w, https:\/\/alfakher24h.de\/wp-content\/uploads\/2025\/01\/9Magic-Bar-Alpha-20000-1024x1024.webp 1024w, https:\/\/alfakher24h.de\/wp-content\/uploads\/2025\/01\/9Magic-Bar-Alpha-20000-150x150.webp 150w, https:\/\/alfakher24h.de\/wp-content\/uploads\/2025\/01\/9Magic-Bar-Alpha-20000-768x768.webp 768w, https:\/\/alfakher24h.de\/wp-content\/uploads\/2025\/01\/9Magic-Bar-Alpha-20000-1536x1536.webp 1536w, https:\/\/alfakher24h.de\/wp-content\/uploads\/2025\/01\/9Magic-Bar-Alpha-20000-2048x2048.webp 2048w, https:\/\/alfakher24h.de\/wp-content\/uploads\/2025\/01\/9Magic-Bar-Alpha-20000-12x12.webp 12w, https:\/\/alfakher24h.de\/wp-content\/uploads\/2025\/01\/9Magic-Bar-Alpha-20000-600x600.webp 600w, https:\/\/alfakher24h.de\/wp-content\/uploads\/2025\/01\/9Magic-Bar-Alpha-20000-100x100.webp 100w\" alt=\"Magic Bar Alpha 20000 h\u00faz\u00e1s eldobhat\u00f3 e-cigaretta - Citrom Lime\" width=\"2560\" height=\"2560\" \/><\/p>\n<p><strong>K\u00f6vetkeztet\u00e9s:<\/strong><\/p>\n<p>A\u00a0<strong>Magic Bar Alpha 20000 h\u00faz\u00e1s  Eldobhat\u00f3 E-cigaretta<\/strong>\u00a0Mindent, amit egy g\u0151z\u00f6l\u0151 ig\u00e9nyel: hossz\u00fa eltarthat\u00f3s\u00e1g, v\u00e1ltozatos nikotintartalom, praktikus \u00e9s hordozhat\u00f3 kialak\u00edt\u00e1s, valamint a friss\u00edt\u0151 arom\u00e1k t\u00f6k\u00e9letes v\u00e1laszt\u00e9ka, mint p\u00e9ld\u00e1ul\u00a0<strong>Lemon Lime<\/strong>Ezzel az e-cigarett\u00e1val a k\u00f6vetkez\u0151 szintre emelheti a g\u0151z\u00f6l\u00e9s \u00e9lm\u00e9ny\u00e9t.  V\u00e1s\u00e1roljon m\u00e9g ma az alfakher24h.de oldalon, \u00e9s \u00e9lvezze a g\u0151z\u00f6l\u00e9st a legjobb technol\u00f3gi\u00e1val \u00e9s a legjobb arom\u00e1kkal!<\/p>","protected":false},"excerpt":{"rendered":"<p><strong>Magic Bar Alpha 20000 h\u00faz\u00e1s  Eldobhat\u00f3 E-cigaretta<\/strong>\u00a0Mindent, amit egy g\u0151z\u00f6l\u0151 ig\u00e9nyel: hossz\u00fa eltarthat\u00f3s\u00e1g, v\u00e1ltozatos nikotintartalom, praktikus \u00e9s hordozhat\u00f3 kialak\u00edt\u00e1s, valamint a friss\u00edt\u0151 arom\u00e1k t\u00f6k\u00e9letes v\u00e1laszt\u00e9ka, mint p\u00e9ld\u00e1ul\u00a0<strong>Lemon Lime<\/strong>.<\/p>","protected":false},"featured_media":1542,"comment_status":"open","ping_status":"closed","template":"","meta":{"om_disable_all_campaigns":false},"product_brand":[],"product_cat":[39],"product_tag":[],"class_list":{"0":"post-1530","1":"product","2":"type-product","3":"status-publish","4":"has-post-thumbnail","6":"product_cat-magic-bar-20000","8":"first","9":"instock","10":"shipping-taxable","11":"purchasable","12":"product-type-simple"},"_links":{"self":[{"href":"https:\/\/alfakher24h.de\/hu\/wp-json\/wp\/v2\/product\/1530","targetHints":{"allow":["GET"]}}],"collection":[{"href":"https:\/\/alfakher24h.de\/hu\/wp-json\/wp\/v2\/product"}],"about":[{"href":"https:\/\/alfakher24h.de\/hu\/wp-json\/wp\/v2\/types\/product"}],"replies":[{"embeddable":true,"href":"https:\/\/alfakher24h.de\/hu\/wp-json\/wp\/v2\/comments?post=1530"}],"wp:featuredmedia":[{"embeddable":true,"href":"https:\/\/alfakher24h.de\/hu\/wp-json\/wp\/v2\/media\/1542"}],"wp:attachment":[{"href":"https:\/\/alfakher24h.de\/hu\/wp-json\/wp\/v2\/media?parent=1530"}],"wp:term":[{"taxonomy":"product_brand","embeddable":true,"href":"https:\/\/alfakher24h.de\/hu\/wp-json\/wp\/v2\/product_brand?post=1530"},{"taxonomy":"product_cat","embeddable":true,"href":"https:\/\/alfakher24h.de\/hu\/wp-json\/wp\/v2\/product_cat?post=1530"},{"taxonomy":"product_tag","embeddable":true,"href":"https:\/\/alfakher24h.de\/hu\/wp-json\/wp\/v2\/product_tag?post=1530"}],"curies":[{"name":"wp","href":"https:\/\/api.w.org\/{rel}","templated":true}]}}