{"id":1500,"date":"2025-01-14T05:46:56","date_gmt":"2025-01-14T05:46:56","guid":{"rendered":"https:\/\/alfakher24h.de\/?post_type=product&#038;p=1500"},"modified":"2025-01-14T05:46:56","modified_gmt":"2025-01-14T05:46:56","slug":"magic-bar-alfa-20000-puff-eldobhato-e-cigaretta-keverek-bogyo","status":"publish","type":"product","link":"https:\/\/alfakher24h.de\/hu\/termek\/magic-bar-alfa-20000-puff-eldobhato-e-cigaretta-keverek-bogyo\/","title":{"rendered":"Magic Bar Alpha 20000 h\u00faz\u00e1sos eldobhat\u00f3 e-cigaretta - Mix Berry"},"content":{"rendered":"<h1><img loading=\"lazy\" decoding=\"async\" class=\"alignnone size-full wp-image-1479\" src=\"https:\/\/alfakher24h.de\/wp-content\/uploads\/2025\/01\/8Magic-Bar-Alpha-20000-scaled.webp\" alt=\"\" width=\"2560\" height=\"2560\" title=\"\" srcset=\"https:\/\/alfakher24h.de\/wp-content\/uploads\/2025\/01\/8Magic-Bar-Alpha-20000-scaled.webp 2560w, https:\/\/alfakher24h.de\/wp-content\/uploads\/2025\/01\/8Magic-Bar-Alpha-20000-300x300.webp 300w, https:\/\/alfakher24h.de\/wp-content\/uploads\/2025\/01\/8Magic-Bar-Alpha-20000-1024x1024.webp 1024w, https:\/\/alfakher24h.de\/wp-content\/uploads\/2025\/01\/8Magic-Bar-Alpha-20000-150x150.webp 150w, https:\/\/alfakher24h.de\/wp-content\/uploads\/2025\/01\/8Magic-Bar-Alpha-20000-768x768.webp 768w, https:\/\/alfakher24h.de\/wp-content\/uploads\/2025\/01\/8Magic-Bar-Alpha-20000-1536x1536.webp 1536w, https:\/\/alfakher24h.de\/wp-content\/uploads\/2025\/01\/8Magic-Bar-Alpha-20000-2048x2048.webp 2048w, https:\/\/alfakher24h.de\/wp-content\/uploads\/2025\/01\/8Magic-Bar-Alpha-20000-12x12.webp 12w, https:\/\/alfakher24h.de\/wp-content\/uploads\/2025\/01\/8Magic-Bar-Alpha-20000-600x600.webp 600w, https:\/\/alfakher24h.de\/wp-content\/uploads\/2025\/01\/8Magic-Bar-Alpha-20000-100x100.webp 100w\" sizes=\"auto, (max-width: 2560px) 100vw, 2560px\" \/><a href=\"https:\/\/alfakher24h.de\/hu\/\">Magic Bar Alpha 20000 h\u00faz\u00e1s  Eldobhat\u00f3 E-cigaretta<\/a> \u2013 Az ultimat\u00edv \u00e9lm\u00e9ny a vaperek sz\u00e1m\u00e1ra N\u00e9metorsz\u00e1gban<\/h1>\n<p>A Magic Bar Alpha 20000 h\u00faz\u00e1sos eldobhat\u00f3 e-cigaretta az eldobhat\u00f3 vapes vil\u00e1g\u00e1nak leg\u00fajabb innov\u00e1ci\u00f3ja, \u00e9s \u00faj m\u00e9rc\u00e9t \u00e1ll\u00edt fel az \u00edz, a teljes\u00edtm\u00e9ny \u00e9s a felhaszn\u00e1l\u00f3bar\u00e1ts\u00e1g ter\u00e9n.  Ez az ig\u00e9nyes vapereknek sz\u00f3l, akik magas nikotinszintet \u00e9s sz\u00e9les aromav\u00e1laszt\u00e9kot keresnek egy praktikus, felhaszn\u00e1l\u00f3bar\u00e1t eldobhat\u00f3 e-cigarett\u00e1ban.  Legfeljebb 20 000 h\u00faz\u00e1sk\u00e9sz\u00fcl\u00e9kenk\u00e9nt, a Magic Bar Alpha 20000 h\u00faz\u00e1s az ide\u00e1lis t\u00e1rs mindazok sz\u00e1m\u00e1ra, akik \u00e9rt\u00e9kelik a min\u0151s\u00e9get \u00e9s a k\u00e9nyelmet egy kompakt kialak\u00edt\u00e1sban.<\/p>\n<p><strong>Mi\u00e9rt a Magic Bar Alpha 20000 h\u00faz\u00e1sok <a href=\"https:\/\/alfakher24h.de\/hu\/\">Egyszer haszn\u00e1latos e-cigaretta<\/a> a t\u00f6k\u00e9letes v\u00e1laszt\u00e1s \u00d6nnek<\/strong><\/p>\n<ul>\n<li><strong>Tart\u00f3ss\u00e1g<\/strong>20 000 h\u00faz\u00e1ssal rendelkez\u0151, leny\u0171g\u00f6z\u0151 kapacit\u00e1ssal rendelkezik, lehet\u0151v\u00e9 t\u00e9ve, hogy hosszabb ideig \u00e9lvezze, an\u00e9lk\u00fcl, hogy agg\u00f3dnia kellene az ut\u00e1nt\u00f6lt\u00e9s vagy a k\u00e9sz\u00fcl\u00e9kek rendszeres cser\u00e9je miatt.<\/li>\n<li><strong>T\u00f6bbf\u00e9le nikotiner\u0151ss\u00e9g<\/strong>: El\u00e9rhet\u0151 az 0%, 2%, 3% \u00e9s 5% nikotiner\u0151ss\u00e9gekben, lehet\u0151v\u00e9 t\u00e9ve, hogy kiv\u00e1lassza az \u00d6n ig\u00e9nyeinek megfelel\u0151 er\u0151ss\u00e9get.<\/li>\n<li><strong>Legmodernebb technol\u00f3gia<\/strong>: Egy 0,5 \u03a9-os mesh tekercsel felszerelve az eszk\u00f6z minden haszn\u00e1lat sor\u00e1n teljesebb \u00e9s intenz\u00edvebb \u00edzt biztos\u00edt.<\/li>\n<li><strong>Hordozhat\u00f3s\u00e1g<\/strong>Csak 40 x 29 x 110 mm-es m\u00e9ret\u00e9vel \u00e9s mind\u00f6ssze 110 g-os s\u00faly\u00e1val a Magic Bar Alpha 20000 h\u00faz  b\u00e1rhova elf\u00e9r \u2013 t\u00f6k\u00e9letes \u00fatk\u00f6zben.<\/li>\n<li><strong>Gazdag \u00edzv\u00e1laszt\u00e9k<\/strong>A k\u00e9sz\u00fcl\u00e9k egy finom Mix Berry \u00edzzel \u00e9rkezik, amely a g\u0151z\u00f6l\u00e9si \u00e9lm\u00e9nyt igazi \u00e9lvezett\u00e9 teszi.<\/li>\n<\/ul>\n<h2>R\u00e9szletes term\u00e9kle\u00edr\u00e1s<\/h2>\n<p>A\u00a0<strong>Magic Bar Alpha 20000 h\u00faz\u00e1s  Eldobhat\u00f3 E-cigaretta<\/strong>\u00a0Kifejezetten \u00fagy tervezt\u00e9k, hogy a vape-\u00e9lm\u00e9nyt \u00faj szintre emelje. Egyes\u00edti az er\u0151s akkumul\u00e1tort a nagy kapacit\u00e1s\u00fa e-folyad\u00e9kkal, \u00e9s k\u00f6zben egyedi \u00edz\u00e9lm\u00e9nyt ny\u00fajt.<\/p>\n<h3>E-Liquid \u00e9s nikotinoptimaliz\u00e1l\u00e1s<\/h3>\n<p>A k\u00e9sz\u00fcl\u00e9kkel\u00a0<strong>25 ml E-Liquid<\/strong>\u00a0el\u0151re t\u00f6ltve, amely n\u00e9gy k\u00fcl\u00f6nb\u00f6z\u0151 nikotinszinten \u00e9rhet\u0151 el: 0%, 2%, 3% \u00e9s 5%. Szem\u00e9lyes ig\u00e9nyeinek megfelel\u0151en d\u00f6nthet arr\u00f3l, hogy melyik er\u0151ss\u00e9g a legalkalmasabb az \u00d6n g\u0151z\u00f6l\u00e9si \u00e9lm\u00e9ny\u00e9hez. A nikotintartalmat\u00a0<strong>Nikotins\u00f3<\/strong>\u00a0ezt \u00e9ri el, ami enyh\u00e9bb inhal\u00e1ci\u00f3t biztos\u00edt, an\u00e9lk\u00fcl, hogy le kellene mondani a megszokott nikotinhat\u00e1sr\u00f3l. Ez teszi a Magic Bar Alph\u00e1t kiv\u00e1l\u00f3 v\u00e1laszt\u00e1ss\u00e1 azok sz\u00e1m\u00e1ra, akik v\u00e1ltani szeretn\u00e9nek, vagy tapasztalt g\u0151z\u00f6l\u0151k, akik intenz\u00edvebb \u00e9lm\u00e9nyre v\u00e1gynak.<\/p>\n<h3>Technika \u00e9s teljes\u00edtm\u00e9ny<\/h3>\n<p>Az innovat\u00edv\u00a0<strong>Mesh Coil<\/strong>\u00a0ezzel 0,5 \u03a9-os ellen\u00e1ll\u00e1s biztos\u00edtja, hogy minden sz\u00edv\u00e1sn\u00e1l egyenletesen intenz\u00edv maradjon az \u00edz. A Mesh Coil egyenletesen meleg\u00edti fel az e-folyad\u00e9kot, ami \u00e1ltal a g\u0151z egyenletesen oszlik el \u00e9s az \u00edz optim\u00e1lisan fejl\u0151dik ki. Ezenk\u00edv\u00fcl lehet\u0151v\u00e9 teszi a\u00a0<strong>650 mAh akkumul\u00e1tor<\/strong>\u00a0Egy hossz\u00fa \u00e9lettartam\u00fa e-cigaretta, \u00edgy ak\u00e1r 20 000 sz\u00edv\u00e1st \u00e9lvezhet, an\u00e9lk\u00fcl, hogy agg\u00f3dnia kellene az akkumul\u00e1tor \u00e9lettartama miatt.<\/p>\n<p>A Magic Bar Alpha 20000 h\u00faz\u00e1sos eldobhat\u00f3 e-cigaretta szint\u00e9n k\u00edn\u00e1lja\u00a0<strong>DTL (Direct to Lung) funkci\u00f3<\/strong>, amely k\u00fcl\u00f6n\u00f6sen azoknak a felhaszn\u00e1l\u00f3knak alkalmas, akik nagyobb mennyis\u00e9g\u0171 p\u00e1r\u00e1t prefer\u00e1lnak. Ez a technika biztos\u00edtja, hogy a g\u0151z k\u00f6zvetlen\u00fcl a t\u00fcd\u0151be ker\u00fclj\u00f6n, ami intenz\u00edvebb \u00edz\u00e9lm\u00e9nyhez vezet.<\/p>\n<h2>\u00cdzvari\u00e1ci\u00f3: Mix Berry<\/h2>\n<p>Egyedi jellemz\u0151i k\u00f6z\u00fcl\u00a0<strong>Magic Bar Alpha 20000 h\u00faz\u00e1s  Eldobhat\u00f3 E-cigaretta<\/strong>\u00a0finom\u00a0<strong>Mix Berry<\/strong>\u00a0\u00cdz, amely egyetlen h\u00faz\u00e1ssal egyes\u00edt egy v\u00e1ltozatoss\u00e1got a friss bogy\u00f3kb\u00f3l. Ez az \u00edz t\u00f6k\u00e9letesen kiegyens\u00falyozott, \u00e9des, gy\u00fcm\u00f6lcs\u00f6s arom\u00e1k kever\u00e9k\u00e9vel, amelyek a nyelven sz\u00e9trobbannak \u00e9s friss\u00edt\u0151, m\u00e9gis enyhe g\u0151z\u00f6l\u00e9si \u00e9lm\u00e9nyt ny\u00fajtanak.<\/p>\n<p><strong>A vegyes bogy\u00f3s \u00edz le\u00edr\u00e1sa<\/strong><\/p>\n<p>A\u00a0<strong>Vegyes Bogy\u00f3 \u00cdz<\/strong>\u00a0Igazi aromarobban\u00e1st hoz, amely harmonikus \u00e9lm\u00e9nny\u00e9 egyes\u00fcl. Az \u00e9rett eper \u00e9des \u00edze kieg\u00e9sz\u00fcl a m\u00e1lna \u00e9s a fekete ribizli friss savass\u00e1g\u00e1val. Az eredm\u00e9ny egy gy\u00fcm\u00f6lcs\u00f6s, friss\u00edt\u0151 mix, amely egyszerre \u00e9des \u00e9s enyh\u00e9n fanyar - ide\u00e1lis azoknak a vapereknek, akik kiegyens\u00falyozott \u00edzkombin\u00e1ci\u00f3t keresnek.<\/p>\n<p>Ami a Mix Berry \u00edzt k\u00fcl\u00f6n\u00f6sen jellemzi, az a sokoldal\u00fas\u00e1ga. Minden sz\u00edv\u00e1s egy \u00faj felfedez\u00e9s - hol \u00e9rzed az \u00edzletes epret, hol megint a m\u00e1lna friss\u00edt\u0151 savass\u00e1g\u00e1t \u00e9s az fekete ribizli intenz\u00edv \u00edz\u00e9t. Az \u00edz mindig tiszta \u00e9s friss marad, mesters\u00e9ges ut\u00f3\u00edz n\u00e9lk\u00fcl, ami biztos\u00edtja az autentikus vaporiz\u00e1l\u00e1si \u00e9lm\u00e9nyt.<\/p>\n<p>Sok vapper sz\u00e1m\u00e1ra fontos, hogy az arom\u00e1k hosszabb ideig \u00e1lland\u00f3ak maradjanak, \u00e9s haszn\u00e1lat k\u00f6zben ne cs\u00f6kkenjenek. A Magic Bar Alpha magas sz\u00ednvonal\u00fa e-liquidjeinek \u00e9s fejlett tekercstechnol\u00f3gi\u00e1j\u00e1nak k\u00f6sz\u00f6nhet\u0151en a Mix Berry \u00edz friss \u00e9s telt marad az utols\u00f3 sz\u00edv\u00e1sig.<\/p>\n<p><strong>Ide\u00e1lis a mindennapi haszn\u00e1latra<\/strong><\/p>\n<p>A Magic Bar Alpha 20000 h\u00faz\u00f3ssz\u00e1m\u00fa eldobhat\u00f3 e-cigaretta Mix Berry \u00edze t\u00f6k\u00e9letesen megfelel a napi haszn\u00e1latra, ak\u00e1r otthon, ak\u00e1r \u00fatk\u00f6zben. Mivel az \u00edze nem t\u00fal er\u0151s, \u00f3r\u00e1kig \u00e9lvezheti an\u00e9lk\u00fcl, hogy f\u00e1raszt\u00f3 lenne. A friss, gy\u00fcm\u00f6lcs\u00f6s \u00edze az ide\u00e1lis t\u00e1rs azok sz\u00e1m\u00e1ra, akik \u00e9rt\u00e9kelik az \u00e9dess\u00e9g \u00e9s a frissess\u00e9g eg\u00e9szs\u00e9ges kever\u00e9k\u00e9t.<\/p>\n<h3>Mi\u00e9rt \u00e9rdemes n\u00e1lunk megv\u00e1s\u00e1rolni a Magic Bar Alpha 20000 Z\u00fcge eldobhat\u00f3 e-cigarett\u00e1t?<\/h3>\n<p>A legnagyobb online keresked\u0151 mint\u00a0<strong>Eldobhat\u00f3 Vape-k N\u00e9metorsz\u00e1gban<\/strong>\u00a0Biztos\u00edtjuk \u00d6nnek a k\u00e9nyelmes \u00e9s biztons\u00e1gos lehet\u0151s\u00e9get, hogy a\u00a0<strong>Magic Bar Alpha 20000 h\u00faz\u00e1sos eldobhat\u00f3 e-cigaretta<\/strong>\u00a0Megv\u00e1s\u00e1rolhat\u00f3. Nemcsak a gyors sz\u00e1ll\u00edt\u00e1st garant\u00e1ljuk \u00d6nnek, hanem a kiv\u00e1l\u00f3 \u00fcgyf\u00e9lszolg\u00e1latot \u00e9s a legmagasabb term\u00e9kmin\u0151s\u00e9get is.<\/p>\n<p>A weboldalunk, alfakher24h.de  az ide\u00e1lis hely, hogy \u00d6n\u00a0<a href=\"https:\/\/alfakher24h.de\/hu\/\"><strong>Magic Bar Alpha 20000 h\u00faz\u00e1sos eldobhat\u00f3 e-cigaretta<\/strong><\/a>\u00a0Megrendel\u00e9sre. A term\u00e9ket k\u00f6zvetlen\u00fcl rakt\u00e1runkb\u00f3l kapja, ami gyors sz\u00e1ll\u00edt\u00e1st biztos\u00edt. Ezenk\u00edv\u00fcl sz\u00e9les v\u00e1laszt\u00e9kot k\u00edn\u00e1lunk \u00d6nnek\u00a0<strong>Nikotiner\u0151ss\u00e9gek \u00e9s \u00edzek<\/strong>\u00a0V\u00e1lasszon, hogy megtal\u00e1lja az \u00d6n sz\u00e1m\u00e1ra megfelel\u0151 \u00e9lm\u00e9nyt.<\/p>\n<p><img loading=\"lazy\" decoding=\"async\" class=\"alignnone wp-image-1774 size-full\" title=\"Magic Bar Alpha 20000 h\u00faz\u00e1s Egyszerhaszn\u00e1latos E-cigaretta - Mix Berry 3\" src=\"https:\/\/alfakher24h.de\/wp-content\/uploads\/2025\/01\/9Magic-Bar-Alpha-20000-scaled.webp\" sizes=\"auto, (max-width: 2560px) 100vw, 2560px\" srcset=\"https:\/\/alfakher24h.de\/wp-content\/uploads\/2025\/01\/9Magic-Bar-Alpha-20000-scaled.webp 2560w, https:\/\/alfakher24h.de\/wp-content\/uploads\/2025\/01\/9Magic-Bar-Alpha-20000-300x300.webp 300w, https:\/\/alfakher24h.de\/wp-content\/uploads\/2025\/01\/9Magic-Bar-Alpha-20000-1024x1024.webp 1024w, https:\/\/alfakher24h.de\/wp-content\/uploads\/2025\/01\/9Magic-Bar-Alpha-20000-150x150.webp 150w, https:\/\/alfakher24h.de\/wp-content\/uploads\/2025\/01\/9Magic-Bar-Alpha-20000-768x768.webp 768w, https:\/\/alfakher24h.de\/wp-content\/uploads\/2025\/01\/9Magic-Bar-Alpha-20000-1536x1536.webp 1536w, https:\/\/alfakher24h.de\/wp-content\/uploads\/2025\/01\/9Magic-Bar-Alpha-20000-2048x2048.webp 2048w, https:\/\/alfakher24h.de\/wp-content\/uploads\/2025\/01\/9Magic-Bar-Alpha-20000-12x12.webp 12w, https:\/\/alfakher24h.de\/wp-content\/uploads\/2025\/01\/9Magic-Bar-Alpha-20000-600x600.webp 600w, https:\/\/alfakher24h.de\/wp-content\/uploads\/2025\/01\/9Magic-Bar-Alpha-20000-100x100.webp 100w\" alt=\"Magic Bar Alpha 20000 h\u00faz\u00e1sos eldobhat\u00f3 e-cigaretta - Mix Berry\" width=\"2560\" height=\"2560\" \/><\/p>\n<div class=\"flex-1 overflow-hidden @container\/thread\">\n<div class=\"h-full\">\n<div class=\"react-scroll-to-bottom--css-krrqp-79elbk h-full\">\n<div class=\"react-scroll-to-bottom--css-krrqp-1n7m0yu\">\n<div class=\"flex flex-col text-sm md:pb-9\">\n<article class=\"w-full scroll-mb-[var(--thread-trailing-height,150px)] text-token-text-primary focus-visible:outline-2 focus-visible:outline-offset-[-4px]\" dir=\"auto\" data-testid=\"conversation-turn-3\" data-scroll-anchor=\"true\">\n<div class=\"m-auto text-base py-[18px] px-3 md:px-4 w-full md:px-5 lg:px-4 xl:px-5\">\n<div class=\"mx-auto flex flex-1 gap-4 text-base md:gap-5 lg:gap-6 md:max-w-3xl lg:max-w-[40rem] xl:max-w-[48rem]\">\n<div class=\"group\/conversation-turn relative flex w-full min-w-0 flex-col agent-turn\">\n<div class=\"flex-col gap-1 md:gap-3\">\n<div class=\"flex max-w-full flex-col flex-grow\">\n<div class=\"min-h-8 text-message flex w-full flex-col items-end gap-2 whitespace-normal break-words text-start [.text-message+&amp;]:mt-5\" dir=\"auto\" data-message-author-role=\"assistant\" data-message-id=\"82060aec-7301-45b0-9c93-8f55a3b2409d\" data-message-model-slug=\"gpt-4o\">\n<div class=\"flex w-full flex-col gap-1 empty:hidden first:pt-[3px]\">\n<div class=\"markdown prose w-full break-words dark:prose-invert light\">\n<h3>A v\u00e1s\u00e1rl\u00e1s el\u0151nyei az alfakher24h.de oldalon:<\/h3>\n<ul>\n<li><strong>Biztons\u00e1gos online \u00e1ruh\u00e1z<\/strong>Fel\u00fclet\u00fcnk felhaszn\u00e1l\u00f3bar\u00e1t, biztons\u00e1gos \u00e9s v\u00e9di adatait.<\/li>\n<li><strong>Gyors sz\u00e1ll\u00edt\u00e1s<\/strong>A rendel\u00e9s\u00e9t a lehet\u0151 legr\u00f6videbb id\u0151 alatt feldolgozzuk \u00e9s elk\u00fcldj\u00fck.<\/li>\n<li><strong>\u00dcgyf\u00e9l-el\u00e9gedetts\u00e9g<\/strong>Szakszer\u0171 \u00fcgyf\u00e9lszolg\u00e1latot ny\u00fajtunk annak biztos\u00edt\u00e1sa \u00e9rdek\u00e9ben, hogy \u00d6n teljes m\u00e9rt\u00e9kben el\u00e9gedett legyen megrendel\u00e9s\u00e9vel.<\/li>\n<li><strong>Sz\u00e9les v\u00e1laszt\u00e9k<\/strong>: N\u00e1lunk sz\u00e1mos\u00a0<strong>Eldobhat\u00f3 Vape-ok<\/strong>E-folyad\u00e9kok \u00e9s tartoz\u00e9kok.<\/li>\n<\/ul>\n<h2>K\u00f6vetkeztet\u00e9s<\/h2>\n<p>A\u00a0<strong>Magic Bar Alpha 20000 Z\u00fcge \n\n(Magyar\u00e1zatot nem adok, csak a ford\u00edt\u00e1st) \nVar\u00e1zsp\u00e1lca Alfa 20000 h\u00faz\u00e1s <a href=\"https:\/\/alfakher24h.de\/hu\/\">Egyszer haszn\u00e1latos e-cigaretta<\/a><\/strong><a href=\"https:\/\/alfakher24h.de\/hu\/\">\u00a0<\/a>biztos\u00edt mindent, amit egy modern g\u0151z\u00f6l\u0151 k\u00edv\u00e1nhat: magas vontat\u00e1si gyakoris\u00e1got, hossz\u00fa \u00e9lettartamot, intenz\u00edv \u00edz\u00e9lm\u00e9nyt \u00e9s egyszer\u0171 kezelhet\u0151s\u00e9get. K\u00fcl\u00f6n\u00f6sen a\u00a0<strong>Vegyes Bogy\u00f3 \u00cdz<\/strong> igaz\u00e1n \u00e9lvezet mindenki sz\u00e1m\u00e1ra, aki \u00e9rt\u00e9keli a gy\u00fcm\u00f6lcs\u00f6s arom\u00e1kat. Rendelje meg most a Magic Bar Alpha 20000 h\u00faz\u00e1st t\u0151l\u00fcnk az alfakher24h.de oldalon, \u00e9s tapasztalja meg a k\u00fcl\u00f6nbs\u00e9get!<\/p>\n<p><strong>Kulcsszavak<\/strong>: Magic Bar Alpha 20000 h\u00faz\u00e1s, eldobhat\u00f3 E cigaretta, Vape v\u00e1s\u00e1rl\u00e1s, N\u00e9metorsz\u00e1g, nikotinnal, Mix Berry, eldobhat\u00f3 g\u0151z\u00f6l\u0151, nikotin-s\u00f3, MTL, DTL, 20.000 h\u00faz\u00e1s<\/p>\n<\/div>\n<\/div>\n<\/div>\n<\/div>\n<\/div>\n<\/div>\n<\/div>\n<\/div>\n<\/article>\n<\/div>\n<\/div>\n<\/div>\n<\/div>\n<\/div>","protected":false},"excerpt":{"rendered":"<p><strong>Magic Bar Alpha 20000 Z\u00fcge \n\n(Magyar\u00e1zatot nem adok, csak a ford\u00edt\u00e1st) \nVar\u00e1zsp\u00e1lca Alfa 20000 h\u00faz\u00e1s <a href=\"https:\/\/alfakher24h.de\/hu\/\">Egyszer haszn\u00e1latos e-cigaretta<\/a><\/strong><a href=\"https:\/\/alfakher24h.de\/hu\/\">\u00a0<\/a>Mindent k\u00edn\u00e1l, amit egy modern g\u0151z\u00f6s k\u00edv\u00e1nhat: magas kihaszn\u00e1lts\u00e1got, hossz\u00fa \u00e9lettartamot<\/p>","protected":false},"featured_media":1501,"comment_status":"open","ping_status":"closed","template":"","meta":{"om_disable_all_campaigns":false},"product_brand":[],"product_cat":[39],"product_tag":[],"class_list":{"0":"post-1500","1":"product","2":"type-product","3":"status-publish","4":"has-post-thumbnail","6":"product_cat-magic-bar-20000","8":"first","9":"instock","10":"shipping-taxable","11":"purchasable","12":"product-type-simple"},"_links":{"self":[{"href":"https:\/\/alfakher24h.de\/hu\/wp-json\/wp\/v2\/product\/1500","targetHints":{"allow":["GET"]}}],"collection":[{"href":"https:\/\/alfakher24h.de\/hu\/wp-json\/wp\/v2\/product"}],"about":[{"href":"https:\/\/alfakher24h.de\/hu\/wp-json\/wp\/v2\/types\/product"}],"replies":[{"embeddable":true,"href":"https:\/\/alfakher24h.de\/hu\/wp-json\/wp\/v2\/comments?post=1500"}],"wp:featuredmedia":[{"embeddable":true,"href":"https:\/\/alfakher24h.de\/hu\/wp-json\/wp\/v2\/media\/1501"}],"wp:attachment":[{"href":"https:\/\/alfakher24h.de\/hu\/wp-json\/wp\/v2\/media?parent=1500"}],"wp:term":[{"taxonomy":"product_brand","embeddable":true,"href":"https:\/\/alfakher24h.de\/hu\/wp-json\/wp\/v2\/product_brand?post=1500"},{"taxonomy":"product_cat","embeddable":true,"href":"https:\/\/alfakher24h.de\/hu\/wp-json\/wp\/v2\/product_cat?post=1500"},{"taxonomy":"product_tag","embeddable":true,"href":"https:\/\/alfakher24h.de\/hu\/wp-json\/wp\/v2\/product_tag?post=1500"}],"curies":[{"name":"wp","href":"https:\/\/api.w.org\/{rel}","templated":true}]}}