{"id":1469,"date":"2025-01-10T06:55:04","date_gmt":"2025-01-10T06:55:04","guid":{"rendered":"https:\/\/alfakher24h.de\/?post_type=product&#038;p=1469"},"modified":"2025-01-10T06:55:05","modified_gmt":"2025-01-10T06:55:05","slug":"magic-bar-alfa-20000-szivas-eldobhato-e-cigaretta-goeroegdinnye-jeg","status":"publish","type":"product","link":"https:\/\/alfakher24h.de\/hu\/termek\/magic-bar-alfa-20000-szivas-eldobhato-e-cigaretta-goeroegdinnye-jeg\/","title":{"rendered":"Magic Bar Alpha 20000 h\u00faz\u00e1sos eldobhat\u00f3 e-cigaretta - G\u00f6r\u00f6gdinnye j\u00e9g"},"content":{"rendered":"<h2><img loading=\"lazy\" decoding=\"async\" class=\"alignnone size-full wp-image-1471\" src=\"https:\/\/alfakher24h.de\/wp-content\/uploads\/2025\/01\/3Magic-Bar-Alpha-20000-scaled.webp\" alt=\"Magic-Bar-Alpha-20000.\" width=\"2560\" height=\"2560\" title=\"\" srcset=\"https:\/\/alfakher24h.de\/wp-content\/uploads\/2025\/01\/3Magic-Bar-Alpha-20000-scaled.webp 2560w, https:\/\/alfakher24h.de\/wp-content\/uploads\/2025\/01\/3Magic-Bar-Alpha-20000-300x300.webp 300w, https:\/\/alfakher24h.de\/wp-content\/uploads\/2025\/01\/3Magic-Bar-Alpha-20000-1024x1024.webp 1024w, https:\/\/alfakher24h.de\/wp-content\/uploads\/2025\/01\/3Magic-Bar-Alpha-20000-150x150.webp 150w, https:\/\/alfakher24h.de\/wp-content\/uploads\/2025\/01\/3Magic-Bar-Alpha-20000-768x768.webp 768w, https:\/\/alfakher24h.de\/wp-content\/uploads\/2025\/01\/3Magic-Bar-Alpha-20000-1536x1536.webp 1536w, https:\/\/alfakher24h.de\/wp-content\/uploads\/2025\/01\/3Magic-Bar-Alpha-20000-2048x2048.webp 2048w, https:\/\/alfakher24h.de\/wp-content\/uploads\/2025\/01\/3Magic-Bar-Alpha-20000-12x12.webp 12w, https:\/\/alfakher24h.de\/wp-content\/uploads\/2025\/01\/3Magic-Bar-Alpha-20000-600x600.webp 600w, https:\/\/alfakher24h.de\/wp-content\/uploads\/2025\/01\/3Magic-Bar-Alpha-20000-100x100.webp 100w\" sizes=\"auto, (max-width: 2560px) 100vw, 2560px\" \/><\/h2>\n<h2><strong>Magic Bar Alpha 20000 h\u00faz\u00e1s  Egyszer haszn\u00e1latos E-cigaretta \u2013 Az ultimate Vaping-\u00f6r\u00f6m minden pillanatra<\/strong><\/h2>\n<p>A Magic Bar Alpha 20000 h\u00faz\u00f3ssz\u00e1m\u00fa eldobhat\u00f3 e-cigaretta kiv\u00e9teles g\u0151z\u00f6l\u00e9si \u00e9lm\u00e9nyt ny\u00fajt, amely forradalmas\u00edtja az eldobhat\u00f3 vapesek sz\u00ednvonal\u00e1t.  A leny\u0171g\u00f6z\u0151 20 000 h\u00faz\u00e1ssz\u00e1mmal \u00e9s a g\u0151z\u00f6l\u00e9s szerelmeseinek ig\u00e9nyeire szabott funkci\u00f3k gazdags\u00e1g\u00e1val ez az e-cigaretta az egyik legjobb v\u00e1laszt\u00e1s a piacon.  T\u00f6k\u00e9letes mindazok sz\u00e1m\u00e1ra, akik az eldobhat\u00f3 rendszer k\u00e9nyelm\u00e9t \u00e9s a kiv\u00e1l\u00f3 min\u0151s\u00e9g\u0171 vape teljes\u00edtm\u00e9ny\u00e9t szeretn\u00e9k \u00e9lvezni, a Magic Bar Alpha kiv\u00e1l\u00f3 v\u00e1laszt\u00e1s \u00d6nnek.<\/p>\n<h3>Mi\u00e9rt a Magic Bar Alpha 20000 h\u00faz\u00e1s eldobhat\u00f3 e-cigaretta a legjobb v\u00e1laszt\u00e1s<\/h3>\n<p>A Magic Bar Alpha c\u00e9lja, hogy biztos\u00edtsa az ultimate g\u0151z\u00f6l\u00e9si \u00e9lm\u00e9nyt. Ez az egyszer haszn\u00e1latos e-cigaretta \u00f6tv\u00f6zi a fejlett technol\u00f3gi\u00e1t a felhaszn\u00e1l\u00f3bar\u00e1t alkalmaz\u00e1ssal. Ide\u00e1lis azok sz\u00e1m\u00e1ra, akik egy egyszer\u0171, er\u0151s \u00e9s hossz\u00fa g\u0151z\u00f6l\u00e9si \u00e9lm\u00e9nyt keresnek, an\u00e9lk\u00fcl, hogy folyamatosan p\u00f3talkatr\u00e9szeket, p\u00e9ld\u00e1ul e-liquidet vagy akkumul\u00e1torokat kellene v\u00e1s\u00e1rolniuk. Itt vannak a Magic Bar Alpha n\u00e9h\u00e1ny kiemelked\u0151 jellemz\u0151i:<\/p>\n<h3><strong>Funkci\u00f3k r\u00e9szletesen:<\/strong><\/h3>\n<ul>\n<li><strong>Hossz\u00fa \u00e9lettartam:<\/strong>\u00a0Legfeljebb\u00a0<strong>20 000 vonatb\u00f3l<\/strong>\u00a0A Magic Bar Alpha impoz\u00e1ns \u00e9lettartamot k\u00edn\u00e1l, amely elegend\u0151 a mindennapi haszn\u00e1latra \u00e9s hossz\u00fa \u00f6r\u00f6met okoz.<\/li>\n<li><strong>Nikotin-s\u00f3k k\u00fcl\u00f6nb\u00f6z\u0151 er\u0151ss\u00e9gekben:<\/strong>\u00a0A Magic Bar Alpha nikotintartalma k\u00fcl\u00f6nb\u00f6z\u0151 er\u0151ss\u00e9gekben kaphat\u00f3:\u00a0<strong>0%, 2%, 3% \u00e9s 5%<\/strong>\u00a0El\u00e9rhet\u0151, \u00edgy pontosan azt a nikotin mennyis\u00e9get v\u00e1laszthatja, amely megfelel az \u00d6n preferenci\u00e1inak.<\/li>\n<li><strong>Nagy E-folyad\u00e9k kapacit\u00e1s:<\/strong>\u00a0Mit\u00a0<strong>25 ml<\/strong>\u00a0Az E-Liquid  a Magic Bar Alph\u00e1val hossz\u00fa eltarthat\u00f3s\u00e1got k\u00edn\u00e1l \u00fajrat\u00f6lt\u00e9s n\u00e9lk\u00fcl.<\/li>\n<li><strong>Teljes\u00edtm\u00e9ny\u0171 akkumul\u00e1tor:<\/strong>\u00a0Ausgestattet mit einem\u00a0<strong>650 mAh akkumul\u00e1tor<\/strong>A  \u00fajrat\u00f6lthet\u0151, ez az eldobhat\u00f3 e-cigaretta biztos\u00edtja, hogy b\u00e1rmikor teljes m\u00e9rt\u00e9kben \u00e9lvezhesse.<\/li>\n<li><strong>Nagy \u00e9rt\u00e9k\u0171 h\u00e1l\u00f3tekercs:<\/strong>\u00a0A\u00a0<strong>0,5 \u03a9 Mesh-Coil \n\n(or leave as is if no translation is needed, however:) \n0,5 \u03a9 h\u00e1l\u00f3s tekercs<\/strong>\u00a0Biztos\u00edtja az egyenletes p\u00e1rolg\u00e1st \u00e9s intenz\u00edv \u00edz\u00e9lm\u00e9nyt ny\u00fajt. Ide\u00e1lis a DTL (Direct to Lung) felhaszn\u00e1l\u00f3k sz\u00e1m\u00e1ra, akik nagy g\u0151z\u00f6l\u00e9si \u00e9lm\u00e9nyt r\u00e9szes\u00edtenek el\u0151nyben.<\/li>\n<li><strong>Kompakt m\u00e9ret:<\/strong>\u00a0A m\u00e9retekkel\u00a0<strong>40 x 29 x 110 mm<\/strong>\u00a0Ez az e-cigaretta kompakt \u00e9s k\u00f6nnyen kezelhet\u0151 - t\u00f6k\u00e9letes \u00fatk\u00f6zben.<\/li>\n<li><strong>Moderne technol\u00f3gia:<\/strong>\u00a0A Mesh-Coil \u00e9s a prec\u00edz technika r\u00e9v\u00e9n a g\u0151z\u00f6l\u00e9s sima \u00e9s k\u00f6vetkezetes.<\/li>\n<li><strong>T\u00f6k\u00e9letes vonatvezet\u00e9si tulajdons\u00e1gok:<\/strong>\u00a0A DTL-design (Direct To Lung) nagy mennyis\u00e9g\u0171 g\u0151zt \u00e9s puha, sima \u00e9lm\u00e9nyt ny\u00fajt megszak\u00edt\u00e1sok n\u00e9lk\u00fcl.<\/li>\n<li><strong>Tervez\u00e9s:<\/strong>\u00a0Az eleg\u00e1ns Magic Bar Alpha diz\u00e1jn t\u00f6k\u00e9letesen illeszkedik a k\u00e9zbe, \u00e9s k\u00e9nyelmesen b\u00e1rhov\u00e1 mag\u00e1val viheti.<\/li>\n<\/ul>\n<h3><strong>A Magic Bar Alpha 20000 Z\u00fcge egy haszn\u00e1latra k\u00e9sz, eldobhat\u00f3 e-cigaretta arom\u00e1i<\/strong><\/h3>\n<p>A Magic Bar Alpha 20000 h\u00faz\u00e1sos eldobhat\u00f3 e-cigaretta nemcsak leny\u0171g\u00f6z\u0151 teljes\u00edtm\u00e9nyt ny\u00fajt, hanem kiv\u00e1l\u00f3 aromav\u00e1laszt\u00e9kot is k\u00edn\u00e1l. K\u00fcl\u00f6n\u00f6sen \u00e9rdemes kiemelni a\u00a0<strong>V\u00edzimelon J\u00e9g<\/strong>\u00a0Aroma, amely egyszerre friss\u00edt\u0151 \u00e9s \u00e9des. A l\u00e9d\u00fas g\u00f6r\u00f6gdinnye \u00e9s a h\u0171s\u00edt\u0151 mentol t\u00f6k\u00e9letes kever\u00e9ke egy megism\u00e9telhetetlen p\u00e1rol\u00e1si \u00e9lm\u00e9nyt ny\u00fajt, amelyet t\u00f6bb\u00e9 nem fog tudni n\u00e9lk\u00fcl\u00f6zni.<\/p>\n<p><strong>V\u00edzimelon J\u00e9g<\/strong>\u00a0- Egy friss\u00edt\u0151, amely lelkes\u00edt<\/p>\n<p><strong>\u00cdz\u00e9lm\u00e9ny:<\/strong>\u00a0Az \u00edze von\u00a0<strong>V\u00edzimelon J\u00e9g<\/strong>\u00a0A Magic Bar Alpha t\u00f6k\u00e9letesen kiegyens\u00falyozott, hogy egyszerre gy\u00fcm\u00f6lcs\u00f6s \u00e9dess\u00e9get \u00e9s friss\u00edt\u0151 h\u0171v\u00f6ss\u00e9get ny\u00fajtson. A\u00a0<strong>L\u00e9d\u00fas g\u00f6r\u00f6gdinnye<\/strong>\u00a0\u00edzletes \u00e9dess\u00e9get k\u00f6lcs\u00f6n\u00f6z a Vape-nak, amely a sz\u00e1jpadl\u00e1st egy ny\u00e1ri lehelettel cs\u00e1b\u00edtja. Ezt k\u00f6veti az\u00a0<strong>Mentolos j\u00e9g<\/strong>, ami az eg\u00e9sz \u00e9lm\u00e9nynek kellemes frissess\u00e9get k\u00f6lcs\u00f6n\u00f6z. A g\u00f6r\u00f6gdinnye term\u00e9szetes \u00e9dess\u00e9ge \u00e9s a mentol h\u0171t\u0151 hat\u00e1s\u00e1nak kombin\u00e1ci\u00f3ja friss\u00edt\u0151, megfoghatatlan \u00edzt eredm\u00e9nyez, amely minden napszakban \u00f6r\u00f6m\u00f6t okoz.<\/p>\n<p><strong>T\u00f6k\u00e9letes ny\u00e1rra:<\/strong>\u00a0Ak\u00e1r egy laz\u00e1n tett s\u00e9ta a parkban, ak\u00e1r egy kellemes \u00fcld\u00f6g\u00e9l\u00e9s a bar\u00e1tokkal -\u00a0<strong>V\u00edzimelon J\u00e9g<\/strong>\u00a0Az ide\u00e1lis \u00edz, hogy elmenek\u00fclj\u00f6n a h\u00e9tk\u00f6znapokb\u00f3l. A h\u0171t\u0151 hat\u00e1s \u00e9l\u00e9nk\u00edt\u0151 \u00e9rz\u00e9st ny\u00fajt \u00e9s m\u00e9g jobban \u00e9lvezheti a pillanatot. Ez a friss gy\u00fcm\u00f6lcs \u00e9s j\u00e9ghideg mentol kever\u00e9ke egyszer\u0171en megk\u00fcl\u00f6nb\u00f6ztethetetlen.<\/p>\n<p><strong>Kiegyens\u00falyozott g\u0151z\u00f6l\u00e9si \u00e9lm\u00e9ny:<\/strong>\u00a0Az \u00edzei a\u00a0<strong>Magic Bar Alpha 20000 h\u00faz\u00e1sos eldobhat\u00f3 e-cigaretta<\/strong>\u00a0olyan m\u00f3don vannak megfogalmazva, hogy a g\u0151z\u00f6l\u00e9s minden szakasz\u00e1ban harmonikus \u00e9lm\u00e9nyt ny\u00fajtsanak. Az els\u0151 h\u00faz\u00e1st\u00f3l az utols\u00f3ig - az intenzit\u00e1s\u00a0<strong>V\u00edzimelon J\u00e9g<\/strong>\u00a0\u00e1lland\u00f3 marad \u00e9s hossz\u00fa ideig tart\u00f3, kellemes \u00edz\u00e9lm\u00e9nyt biztos\u00edt.<\/p>\n<p><strong>Arom\u00e1k v\u00e1ltozatoss\u00e1ga:<\/strong>\u00a0A Magic Bar Alpha k\u00fcl\u00f6nb\u00f6z\u0151 nikotiner\u0151ss\u00e9gekben kaphat\u00f3, \u00edgy megtal\u00e1lhatja az \u00d6n szem\u00e9lyes tapasztalat\u00e1hoz sz\u00fcks\u00e9ges t\u00f6k\u00e9letes egyens\u00falyt a nikotin \u00e9s az \u00edz k\u00f6z\u00f6tt. A\u00a0<strong>Nikotin-s\u00f3 technol\u00f3gia<\/strong>\u00a0Biztos\u00edtja a nikotin gyors felsz\u00edv\u00f3d\u00e1s\u00e1t \u00e9s a l\u00e1gy, m\u00e9gis er\u0151s p\u00e1rolg\u00e1st, amely minden nikotinpreferenci\u00e1nak megfelel.<\/p>\n<h3><strong>Mi\u00e9rt \u00e9rdemes n\u00e1lunk megv\u00e1s\u00e1rolni a Magic Bar Alpha 20000 Z\u00fcge eldobhat\u00f3 e-cigarett\u00e1t?<\/strong><\/h3>\n<p><strong>A Magic Bar Alpha 20000 h\u00faz\u00e1sos eldobhat\u00f3 e-cigaretta<\/strong>\u00a0Nem csak egy \u00fajabb vape a piacon - val\u00f3di innov\u00e1ci\u00f3, amely a k\u00e9nyelmet, a teljes\u00edtm\u00e9nyt \u00e9s az \u00edzt \u00faj szintre emeli. Ha N\u00e9metorsz\u00e1gban keres min\u0151s\u00e9gi, tart\u00f3s \u00e9s k\u00f6nnyen haszn\u00e1lhat\u00f3 eldobhat\u00f3 vapet, akkor n\u00e1lunk pontosan j\u00f3 helyen j\u00e1r.<\/p>\n<p>A legnagyobb online kiskeresked\u0151k\u00e9nt az egyszer haszn\u00e1latos e-cigarett\u00e1k sz\u00e1m\u00e1ra N\u00e9metorsz\u00e1gban, aj\u00e1nljuk \u00d6nnek\u00a0<strong>Gyors sz\u00e1ll\u00edt\u00e1s<\/strong>,\u00a0<strong>Egyszer\u0171 fizet\u00e9si m\u00f3dok<\/strong>\u00a0\u00e9s\u00a0<strong>kiv\u00e1l\u00f3 \u00fcgyf\u00e9lszolg\u00e1lat<\/strong>Az alfakher24h.de oldalon biztos lehet abban, hogy a legjobb \u00e1rakat \u00e9s a legjobb v\u00e1s\u00e1rl\u00e1si \u00e9lm\u00e9nyt kapja.<\/p>\n<p><strong>A v\u00e1s\u00e1rl\u00e1s el\u0151nyei n\u00e1lunk:<\/strong><\/p>\n<ul>\n<li><strong>Gyors sz\u00e1ll\u00edt\u00e1s:<\/strong>\u00a0\u00c9lvezze a luxust, hogy gyorsan \u00e9s megb\u00edzhat\u00f3an megkapja az eldobhat\u00f3 e-cigarett\u00e1j\u00e1t.<\/li>\n<li><strong>Soksz\u00edn\u0171s\u00e9g:<\/strong>\u00a0A Magic Bar Alpha mellett sz\u00e9les v\u00e1laszt\u00e9kban k\u00edn\u00e1lunk tov\u00e1bbiakat\u00a0<strong>Egyszer haszn\u00e1latos e-cigarett\u00e1k<\/strong>\u00a0\u00e9s olyan arom\u00e1k, amelyek megfelelnek az \u00d6n ig\u00e9nyeinek.<\/li>\n<li><strong>Megb\u00edzhat\u00f3s\u00e1g:<\/strong>\u00a0N\u00e9metorsz\u00e1g vezet\u0151 vape v\u00e1s\u00e1rl\u00e1si platformjak\u00e9nt garant\u00e1ljuk \u00d6nnek, hogy n\u00e1lunk csak a legjobb term\u00e9keket kapja.<\/li>\n<li><strong>Biztons\u00e1gos v\u00e1s\u00e1rl\u00e1s:<\/strong>\u00a0Biztons\u00e1gos fizet\u00e9si lehet\u0151s\u00e9gekkel \u00e9s felhaszn\u00e1l\u00f3bar\u00e1t weboldallal k\u00f6nnyed\u00e9n leadhatja rendel\u00e9s\u00e9t.<\/li>\n<\/ul>\n<p><img loading=\"lazy\" decoding=\"async\" class=\"alignnone wp-image-1774 size-full\" title=\"Magic Bar Alpha 20000 h\u00faz\u00e1s Egyszerhaszn\u00e1latos E-cigaretta - G\u00f6r\u00f6gdinnye J\u00e9g 3\" src=\"https:\/\/alfakher24h.de\/wp-content\/uploads\/2025\/01\/9Magic-Bar-Alpha-20000-scaled.webp\" sizes=\"auto, (max-width: 2560px) 100vw, 2560px\" srcset=\"https:\/\/alfakher24h.de\/wp-content\/uploads\/2025\/01\/9Magic-Bar-Alpha-20000-scaled.webp 2560w, https:\/\/alfakher24h.de\/wp-content\/uploads\/2025\/01\/9Magic-Bar-Alpha-20000-300x300.webp 300w, https:\/\/alfakher24h.de\/wp-content\/uploads\/2025\/01\/9Magic-Bar-Alpha-20000-1024x1024.webp 1024w, https:\/\/alfakher24h.de\/wp-content\/uploads\/2025\/01\/9Magic-Bar-Alpha-20000-150x150.webp 150w, https:\/\/alfakher24h.de\/wp-content\/uploads\/2025\/01\/9Magic-Bar-Alpha-20000-768x768.webp 768w, https:\/\/alfakher24h.de\/wp-content\/uploads\/2025\/01\/9Magic-Bar-Alpha-20000-1536x1536.webp 1536w, https:\/\/alfakher24h.de\/wp-content\/uploads\/2025\/01\/9Magic-Bar-Alpha-20000-2048x2048.webp 2048w, https:\/\/alfakher24h.de\/wp-content\/uploads\/2025\/01\/9Magic-Bar-Alpha-20000-12x12.webp 12w, https:\/\/alfakher24h.de\/wp-content\/uploads\/2025\/01\/9Magic-Bar-Alpha-20000-600x600.webp 600w, https:\/\/alfakher24h.de\/wp-content\/uploads\/2025\/01\/9Magic-Bar-Alpha-20000-100x100.webp 100w\" alt=\"Magic Bar Alpha 20000 h\u00faz\u00e1s eldobhat\u00f3 e-cigaretta - G\u00f6r\u00f6gdinnye j\u00e9g\" width=\"2560\" height=\"2560\" \/><\/p>\n<h3><strong>Fazit: A  Magic Bar Alpha 20000 Z\u00fcge  eldobhat\u00f3 e-cigaretta<\/strong><\/h3>\n<p>A Magic Bar Alpha 20000 h\u00faz\u00f3ssz\u00e1m\u00fa eldobhat\u00f3 e-cigaretta az ide\u00e1lis v\u00e1laszt\u00e1s mindazok sz\u00e1m\u00e1ra, akik er\u0151s, tart\u00f3s \u00e9s kiv\u00e1l\u00f3 min\u0151s\u00e9g\u0171 p\u00e1rologtat\u00e1si \u00e9lm\u00e9nyt keresnek. 20 000 h\u00faz\u00e1ssal, arom\u00e1k sz\u00e9les v\u00e1laszt\u00e9k\u00e1val, p\u00e9ld\u00e1ul a friss\u00edt\u0151\u00a0<strong>V\u00edzimelon J\u00e9g<\/strong>\u00a0\u00e9s egy felhaszn\u00e1l\u00f3bar\u00e1t alkalmaz\u00e1ssal a Magic Bar Alpha mindent tartalmaz, amire sz\u00fcks\u00e9ge van egy felejthetetlen g\u0151z\u00f6l\u00e9shez. V\u00e1s\u00e1rolja meg m\u00e9g ma a Magic Bar Alpha-t az alfakher24h.de-n - a legjobb online bolt az eldobhat\u00f3 e-cigarett\u00e1khoz N\u00e9metorsz\u00e1gban.<\/p>","protected":false},"excerpt":{"rendered":"<p>Magic Bar Alpha 20000 h\u00faz\u00e1sos eldobhat\u00f3 e-cigaretta az t\u00f6k\u00e9letes v\u00e1laszt\u00e1s mindazok sz\u00e1m\u00e1ra, akik er\u0151s, tart\u00f3s \u00e9s kiv\u00e1l\u00f3 min\u0151s\u00e9g\u0171 p\u00e1rologtat\u00e1si \u00e9lm\u00e9nyt keresnek. 20 000 h\u00faz\u00e1ssal<\/p>","protected":false},"featured_media":1470,"comment_status":"open","ping_status":"closed","template":"","meta":{"om_disable_all_campaigns":false},"product_brand":[],"product_cat":[39],"product_tag":[],"class_list":{"0":"post-1469","1":"product","2":"type-product","3":"status-publish","4":"has-post-thumbnail","6":"product_cat-magic-bar-20000","8":"first","9":"instock","10":"shipping-taxable","11":"purchasable","12":"product-type-simple"},"_links":{"self":[{"href":"https:\/\/alfakher24h.de\/hu\/wp-json\/wp\/v2\/product\/1469","targetHints":{"allow":["GET"]}}],"collection":[{"href":"https:\/\/alfakher24h.de\/hu\/wp-json\/wp\/v2\/product"}],"about":[{"href":"https:\/\/alfakher24h.de\/hu\/wp-json\/wp\/v2\/types\/product"}],"replies":[{"embeddable":true,"href":"https:\/\/alfakher24h.de\/hu\/wp-json\/wp\/v2\/comments?post=1469"}],"wp:featuredmedia":[{"embeddable":true,"href":"https:\/\/alfakher24h.de\/hu\/wp-json\/wp\/v2\/media\/1470"}],"wp:attachment":[{"href":"https:\/\/alfakher24h.de\/hu\/wp-json\/wp\/v2\/media?parent=1469"}],"wp:term":[{"taxonomy":"product_brand","embeddable":true,"href":"https:\/\/alfakher24h.de\/hu\/wp-json\/wp\/v2\/product_brand?post=1469"},{"taxonomy":"product_cat","embeddable":true,"href":"https:\/\/alfakher24h.de\/hu\/wp-json\/wp\/v2\/product_cat?post=1469"},{"taxonomy":"product_tag","embeddable":true,"href":"https:\/\/alfakher24h.de\/hu\/wp-json\/wp\/v2\/product_tag?post=1469"}],"curies":[{"name":"wp","href":"https:\/\/api.w.org\/{rel}","templated":true}]}}