{"id":1457,"date":"2025-01-10T06:48:11","date_gmt":"2025-01-10T06:48:11","guid":{"rendered":"https:\/\/alfakher24h.de\/?post_type=product&#038;p=1457"},"modified":"2025-01-10T06:48:12","modified_gmt":"2025-01-10T06:48:12","slug":"magic-bar-alfa-20000-szivas-eldobhato-e-cigaretta-afonyas-jeg","status":"publish","type":"product","link":"https:\/\/alfakher24h.de\/hu\/termek\/magic-bar-alfa-20000-szivas-eldobhato-e-cigaretta-afonyas-jeg\/","title":{"rendered":"Magic Bar Alpha 20000 h\u00faz\u00e1sos eldobhat\u00f3 e-cigaretta \u2013 \u00c1fonya j\u00e9g"},"content":{"rendered":"<h2><strong><a href=\"https:\/\/alfakher24h.de\/hu\/\">Magic Bar Alpha 20000 h\u00faz\u00e1s  Eldobhat\u00f3 E-cigaretta<\/a> - A t\u00f6k\u00e9letes k\u00eds\u00e9r\u0151je az \u00e9lvezetnek!<\/strong><\/h2>\n<p>A Magic Bar Alpha 20000 Z\u00fcge Einweg E Zigarette egy kiv\u00e1l\u00f3 min\u0151s\u00e9g\u0171 \u00e9s er\u0151s eldobhat\u00f3 vape k\u00e9sz\u00fcl\u00e9k, amelyet kifejezetten az\u00e9rt terveztek, hogy p\u00e1ratlan g\u0151z\u00f6l\u00e9si \u00e9lm\u00e9nyt ny\u00fajtson. Eleg\u00e1ns kialak\u00edt\u00e1s\u00e1val, leny\u0171g\u00f6z\u0151 sz\u00e1m\u00fa sz\u00edv\u00e1ssal \u00e9s sz\u00e1mos finom arom\u00e1val a Magic Bar Alpha 20k a t\u00f6k\u00e9letes v\u00e1laszt\u00e1s mindazok sz\u00e1m\u00e1ra, akik k\u00e9nyelmes, er\u0151s \u00e9s \u00edzben kiv\u00e1l\u00f3 e-cigarett\u00e1t keresnek. Ez a nikotint tartalmaz\u00f3 e-cigaretta kezd\u0151k \u00e9s tapasztalt g\u0151z\u00f6l\u0151k sz\u00e1m\u00e1ra egyar\u00e1nt alkalmas.<\/p>\n<h3><strong>Term\u00e9kmegtekint\u00e9s \u00e9s jellemz\u0151k:<\/strong><\/h3>\n<p>A Magic Bar Alpha 20k az ultimate eldobhat\u00f3 e-cigaretta, amely sz\u00e1mos innovat\u00edv funkci\u00f3val \u00e9s hossz\u00fa \u00e9lettartammal b\u00fcszk\u00e9lkedik. \u00d6sszesen 20 000 sz\u00edv\u00e1ssal \u00e9s er\u0151s akkumul\u00e1torral k\u00e9pes hossz\u00fa ideig \u00e1lland\u00f3 g\u0151ztermel\u00e9st biztos\u00edtani. A k\u00e9sz\u00fcl\u00e9k felhaszn\u00e1l\u00f3bar\u00e1t \u00e9s nem ig\u00e9nyel bonyolult kezel\u00e9st - egyszer\u0171en kicsomagolja \u00e9s \u00e9lvezi.<\/p>\n<ul>\n<li><strong>E-Liquid kapacit\u00e1s<\/strong>: 25ml<\/li>\n<li><strong>Nikotintartalom<\/strong>: 0%, 2%, 3%, 5% (ig\u00e9ny szerint)<\/li>\n<li><strong>Akku<\/strong>: 650mAh (\u00fajrat\u00f6lthet\u0151)<\/li>\n<li><strong>Tekercs<\/strong>: 0,5\u03a9 Mesh Coil az optim\u00e1lis \u00edzhez<\/li>\n<li><strong>MTL\/DTL<\/strong>: DTL (Direct to Lung) \u2013 intenz\u00edv g\u0151z\u00f6l\u00e9shez<\/li>\n<li><strong>M\u00e9ret<\/strong>: 40 x 29 x 110 mm<\/li>\n<li><strong>S\u00faly<\/strong>: 110g<\/li>\n<li><strong>Karton m\u00e9rete<\/strong>: 495<em>355<\/em>H285mm<\/li>\n<\/ul>\n<p>A Magic Bar Alpha 20k nem csak kiv\u00e9teles teljes\u00edtm\u00e9nyt ny\u00fajt, hanem sz\u00e1mos olyan arom\u00e1t is k\u00edn\u00e1l, amelyek minden g\u0151z\u00f6l\u0151t elragadnak majd. \u00cdzl\u00e9s szerint v\u00e1laszthatja ki a t\u00f6k\u00e9letes vape \u00edzt minden hangulathoz.<\/p>\n<h3><strong>Mi\u00e9rt a Magic Bar Alpha 20000 h\u00faz\u00e1sok\u00a0<a href=\"https:\/\/alfakher24h.de\/hu\/\">Egyszer haszn\u00e1latos e-cigaretta<\/a> A legjobb v\u00e1laszt\u00e1s \u00d6nnek:<\/strong><\/h3>\n<ul>\n<li><strong>Tart\u00f3ss\u00e1g<\/strong>A Magic Bar Alpha 20k k\u00f6r\u00fclbel\u00fcl 20 000 sz\u00edv\u00e1ssal rendelkezik, ami jelent\u0151sen hosszabb, mint sok m\u00e1s, egyszer haszn\u00e1latos e-cigaretta a piacon. Biztos lehet benne, hogy az eszk\u00f6z hosszabb ideig folyamatosan magas teljes\u00edtm\u00e9nyt ny\u00fajt.<\/li>\n<li><strong>Egyszer\u0171 kezel\u00e9s<\/strong>: Nincs sz\u00fcks\u00e9g bonyolult be\u00e1ll\u00edt\u00e1sokra vagy ut\u00e1nt\u00f6lt\u00e9sekre - egyszer\u0171en vegye el\u0151 a Magic Bar Alph\u00e1j\u00e1t \u00e9s \u00e9lvezze az \u00edzt.<\/li>\n<li><strong>T\u00f6bbf\u00e9le nikotin lehet\u0151s\u00e9g<\/strong>: Az 0, 2, 3 \u00e9s 5 rendelkez\u00e9sre \u00e1ll\u00f3 nikotiner\u0151ss\u00e9ggel kiv\u00e1laszthatja az \u00d6nnek megfelel\u0151 nikotink\u00eds\u00e9rletet.<\/li>\n<li><strong>Ergonomikus kialak\u00edt\u00e1s<\/strong>A k\u00e9sz\u00fcl\u00e9k k\u00f6nny\u0171, kompakt \u00e9s ergonomikus kialak\u00edt\u00e1s\u00fa, \u00edgy t\u00f6k\u00e9letesen illeszkedik a k\u00e9zbe, \u00e9s ide\u00e1lisan alkalmas \u00fatk\u00f6zbeni haszn\u00e1latra.<\/li>\n<li><strong>Kiemelked\u0151 arom\u00e1k<\/strong>: A 20 k\u00fcl\u00f6nb\u00f6z\u0151 \u00edzvari\u00e1ci\u00f3val rendelkez\u0151 Magic Bar Alpha v\u00e1ltozatoss\u00e1got k\u00edn\u00e1l, amely minden vape szem\u00e9ly szem\u00e9lyes \u00edzl\u00e9s\u00e9nek megfelel.<\/li>\n<li><strong>\u00fajrat\u00f6lthet\u0151<\/strong>: Az 650mAh-s akkumul\u00e1tor \u00fajrat\u00f6lthet\u0151, \u00e9s biztos\u00edtja, hogy a teljes 20 000 h\u00faz\u00e1st \u00e9lvezhesse an\u00e9lk\u00fcl, hogy agg\u00f3dnia kellene az akkumul\u00e1tor \u00e9lettartama miatt.<\/li>\n<\/ul>\n<p><img loading=\"lazy\" decoding=\"async\" class=\"alignnone wp-image-1774 size-full\" title=\"Magic Bar Alpha 20000 h\u00faz\u00e1s eldobhat\u00f3 e-cigaretta - Blueberry Ice 3\" src=\"https:\/\/alfakher24h.de\/wp-content\/uploads\/2025\/01\/9Magic-Bar-Alpha-20000-scaled.webp\" sizes=\"auto, (max-width: 2560px) 100vw, 2560px\" srcset=\"https:\/\/alfakher24h.de\/wp-content\/uploads\/2025\/01\/9Magic-Bar-Alpha-20000-scaled.webp 2560w, https:\/\/alfakher24h.de\/wp-content\/uploads\/2025\/01\/9Magic-Bar-Alpha-20000-300x300.webp 300w, https:\/\/alfakher24h.de\/wp-content\/uploads\/2025\/01\/9Magic-Bar-Alpha-20000-1024x1024.webp 1024w, https:\/\/alfakher24h.de\/wp-content\/uploads\/2025\/01\/9Magic-Bar-Alpha-20000-150x150.webp 150w, https:\/\/alfakher24h.de\/wp-content\/uploads\/2025\/01\/9Magic-Bar-Alpha-20000-768x768.webp 768w, https:\/\/alfakher24h.de\/wp-content\/uploads\/2025\/01\/9Magic-Bar-Alpha-20000-1536x1536.webp 1536w, https:\/\/alfakher24h.de\/wp-content\/uploads\/2025\/01\/9Magic-Bar-Alpha-20000-2048x2048.webp 2048w, https:\/\/alfakher24h.de\/wp-content\/uploads\/2025\/01\/9Magic-Bar-Alpha-20000-12x12.webp 12w, https:\/\/alfakher24h.de\/wp-content\/uploads\/2025\/01\/9Magic-Bar-Alpha-20000-600x600.webp 600w, https:\/\/alfakher24h.de\/wp-content\/uploads\/2025\/01\/9Magic-Bar-Alpha-20000-100x100.webp 100w\" alt=\"Magic Bar Alpha 20000 h\u00faz\u00e1s eldobhat\u00f3 e-cigaretta - \u00c1fonya j\u00e9g\" width=\"2560\" height=\"2560\" \/><\/p>\n<h3><strong>K\u00fcl\u00f6nb\u00f6z\u0151 \u00edzek a Magic Bar Alpha 20k-b\u00f3l:<\/strong><\/h3>\n<p>A Magic Bar Alpha 20k figyelemre m\u00e9lt\u00f3 aromav\u00e1laszt\u00e9kot k\u00edn\u00e1l, amely k\u00e9nyezteti az \u00edzlel\u0151bimb\u00f3kat. Minden \u00edzvari\u00e1ci\u00f3t szeretettel \u00e9s pontoss\u00e1ggal fejlesztettek ki, hogy felejthetetlen p\u00e1rol\u00e1si \u00e9lm\u00e9nyt ny\u00fajtson.<\/p>\n<ol>\n<li><strong>Blueberry Ice<\/strong><br \/>\nA friss \u00e1fonya \u00edz\u00e9t kellemes, h\u0171s\u00edt\u0151 mentol \u00e1rnyalat eg\u00e9sz\u00edti ki. A Blueberry Ice a t\u00f6k\u00e9letes v\u00e1laszt\u00e1s mindazok sz\u00e1m\u00e1ra, akik \u00e9des, de friss\u00edt\u0151 \u00edzt keresnek.<\/li>\n<li><strong>Cola Ice<\/strong><br \/>\nA Cola Ice a klasszikus cola \u00edzt h\u0171v\u00f6s, friss\u00edt\u0151 jegyekkel \u00f6tv\u00f6zi. Igazi \u00e9lvezet mindenki sz\u00e1m\u00e1ra, aki szereti a sz\u00e9nsavas cola italokat, amelyeket h\u0171v\u00f6s frissess\u00e9g eg\u00e9sz\u00edt ki.<\/li>\n<li><strong>Dupla Alma<\/strong><br \/>\nEgy harmonikus kever\u00e9k \u00e9des \u00e9s friss alma arom\u00e1kb\u00f3l - A Double Apple egy klasszikus a vape \u00edzes\u00edt\u00e9sek k\u00f6z\u00f6tt, amely kiegyens\u00falyozott \u00e9dess\u00e9g\u00e9vel meggy\u0151z.<\/li>\n<li><strong>Gum Mint<\/strong><br \/>\nEgy friss menta \u00e9s \u00e9des r\u00e1g\u00f3gumi kever\u00e9ke - ez az \u00edz visszahozza a gondtalan gyermekkor eml\u00e9keit, \u00e9s friss\u00edt\u0151 ut\u00f3\u00edzt is hagy maga ut\u00e1n.<\/li>\n<li><strong>Lady Killer<\/strong><br \/>\nEgy megk\u00fcl\u00f6nb\u00f6ztethet\u0151, \u00e9des \u00edz, amely k\u00fcl\u00f6nb\u00f6z\u0151 gy\u00fcm\u00f6lcs\u00f6k cs\u00e1b\u00edt\u00f3 kever\u00e9ke. A Lady Killer kiv\u00e1l\u00f3 v\u00e1laszt\u00e1s mindazok sz\u00e1m\u00e1ra, akik a komplex \u00e9s gy\u00fcm\u00f6lcs\u00f6s arom\u00e1kat szeretik.<\/li>\n<li><strong>Lemon Lime<\/strong><br \/>\nA savany\u00fa citrom \u00e9s a friss\u00edt\u0151 lime kombin\u00e1ci\u00f3ja spricces \u00e9lm\u00e9nyt ny\u00fajt, amely fel\u00e9leszti \u00e9s friss\u00edti az \u00edzlel\u0151bimb\u00f3kat.<\/li>\n<li><strong>Citrom Menta<\/strong><br \/>\nA friss, citromos \u00edz h\u0171s ment\u00e1val kombin\u00e1lva - t\u00f6k\u00e9letes mindazok sz\u00e1m\u00e1ra, akik cs\u00edp\u0151s, friss\u00edt\u0151 \u00edzt keresnek.<\/li>\n<li><strong>Love 212<\/strong><br \/>\nEgy titokzatos kever\u00e9k \u00e9des gy\u00fcm\u00f6lcs\u00f6kb\u0151l \u00e9s egy enyhe mentol jegyb\u0151l, amely egyed\u00fcl\u00e1ll\u00f3 \u00e9s sokoldal\u00fa g\u0151z\u00f6l\u00e9si \u00e9lm\u00e9nyt ny\u00fajt \u00d6nnek.<\/li>\n<li><strong>Mix Berry<\/strong><br \/>\nEgy gy\u00fcm\u00f6lcs\u00f6s kokt\u00e9l k\u00fcl\u00f6nb\u00f6z\u0151 bogy\u00f3s gy\u00fcm\u00f6lcs\u00f6kb\u0151l, amely egyszerre \u00e9des \u00e9s friss\u00edt\u0151. A Mix Berry olyan \u00edz\u00e9lm\u00e9nyt ny\u00fajt, amely elcs\u00e1b\u00edtja \u00e9rz\u00e9keit.<\/li>\n<li><strong>\u0150szibar\u00e1t J\u00e9g<\/strong><br \/>\nAz \u00e9rett \u0151szibar\u00e1tok \u00e9des, l\u00e9d\u00fas \u00edz\u00e9t egy h\u0171s\u00edt\u0151 j\u00e9gkever\u00e9k er\u0151s\u00edti fel. A Peach Ice mindenki sz\u00e1m\u00e1ra t\u00f6k\u00e9letes v\u00e1laszt\u00e1s, aki a gy\u00fcm\u00f6lcs\u00f6s \u00e9s egyszerre friss\u00edt\u0151 \u00edzt kedveli.<\/li>\n<li><strong>R\u00f3zsasz\u00edn Citromos \u00dcd\u00edt\u0151<\/strong><br \/>\nEgy klasszikus citromos \u00edz, amely kellemes frissess\u00e9ggel \u00e9s finom \u00e9dess\u00e9ggel gy\u0151z meg. A Pink Lemonade t\u00f6k\u00e9letes ny\u00e1ri vaporiz\u00e1ci\u00f3s \u00e9lm\u00e9nyt ny\u00fajt \u00d6nnek.<\/li>\n<li><strong>M\u00e1lna S\u00e1rgadinnye<\/strong><br \/>\nAz \u00e9des m\u00e1ln\u00e1k \u00e9s a friss\u00edt\u0151 g\u00f6r\u00f6gdinnye gy\u00fcm\u00f6lcs\u00f6s kombin\u00e1ci\u00f3ja eljuttatja \u00d6nt egy tr\u00f3pusi \u00edz\u00e9lm\u00e9nyhez, amely a nyarat a t\u00fcdej\u00e9be hozza.<\/li>\n<li><strong>Eper Ban\u00e1n<\/strong><br \/>\nA finom kombin\u00e1ci\u00f3 az \u00e9des eper \u00e9s az \u00e9rett ban\u00e1n k\u00f6z\u00f6tt t\u00f6k\u00e9letesen kiegyens\u00falyozott arom\u00e1t hoz l\u00e9tre, amely egyszerre gy\u00fcm\u00f6lcs\u00f6s \u00e9s kr\u00e9mes.<\/li>\n<li><strong>Eper J\u00e9g<\/strong><br \/>\nA friss eper \u00edzt egy h\u0171s\u00edt\u0151, friss\u00edt\u0151 mentol ut\u00f3\u00edz k\u00eds\u00e9ri, ami ezt a vape-ot friss\u00edt\u0151 \u00e9lm\u00e9nny\u00e9 teszi.<\/li>\n<li><strong>Eper S\u00e1rgadinnye<\/strong><br \/>\nEgy harmonikus kever\u00e9k az \u00e9des eperb\u0151l \u00e9s a l\u00e9d\u00fas g\u00f6r\u00f6gdinny\u00e9b\u0151l - ez az \u00edz t\u00f6k\u00e9letes mindazok sz\u00e1m\u00e1ra, akik a gy\u00fcm\u00f6lcs\u00f6s \u00e9s friss\u00edt\u0151 arom\u00e1kat szeretik.<\/li>\n<li><strong>V\u00edzimelon Bubble Gum<\/strong><br \/>\nA l\u00e9d\u00fas g\u00f6r\u00f6gdinnye \u00edze kombin\u00e1lva az \u00e9des, klasszikus r\u00e1g\u00f3gumi arom\u00e1val - A Watermelon Bubble Gum elhozza \u00d6nnek a t\u00f6k\u00e9letes ny\u00e1ri \u00e9lm\u00e9nyt.<\/li>\n<li><strong>V\u00edzimelon J\u00e9g<\/strong><br \/>\nA g\u00f6r\u00f6gdinnye tal\u00e1lkozik a mentollal - egy t\u00f6k\u00e9letes kombin\u00e1ci\u00f3 az \u00e9des, l\u00e9d\u00fas gy\u00fcm\u00f6lcsb\u0151l \u00e9s az \u00fcd\u00edt\u0151 h\u0171s\u00edt\u0151 hat\u00e1sb\u00f3l. A Watermelon Ice a t\u00f6k\u00e9letes k\u00eds\u00e9r\u0151 a forr\u00f3 napokra.<\/li>\n<\/ol>\n<p><strong>Mi\u00e9rt v\u00e1s\u00e1roljon n\u00e1lunk?<\/strong><\/p>\n<p>L\u00e1togassa meg weboldalunkat, az alfakher24h.de-ot,  a legnagyobb online platformot  sz\u00e1m\u00e1ra\u00a0<strong>Eldobhat\u00f3 Vape-ok<\/strong>\u00a0in\u00a0<strong>N\u00e9metorsz\u00e1g<\/strong>\u00e9s fedezze fel a Magic Bar Alpha 20k vil\u00e1g\u00e1t. K\u00edn\u00e1latunk v\u00e1ltozatos \u00e9s tartalmazza az \u00f6sszes n\u00e9pszer\u0171 \u00edzt ezekb\u0151l a kiv\u00e1l\u00f3 min\u0151s\u00e9g\u0171 eldobhat\u00f3 e-cigarett\u00e1kb\u00f3l. Nemcsak kiv\u00e1l\u00f3 term\u00e9keket k\u00edn\u00e1lunk, hanem gyors \u00e9s megb\u00edzhat\u00f3 sz\u00e1ll\u00edt\u00e1st is. N\u00e1lunk v\u00e1s\u00e1rolva \u00e9lvezze a legjobb g\u0151z\u00f6l\u00e9si \u00e9lm\u00e9nyt!<\/p>\n<h3><strong>K\u00f6vetkeztet\u00e9s<\/strong>:<\/h3>\n<p>A\u00a0<a href=\"https:\/\/alfakher24h.de\/hu\/\"><strong>Magic Bar Alpha 20000 h\u00faz\u00e1sos eldobhat\u00f3 e-cigaretta<\/strong> i<\/a>az ide\u00e1lis v\u00e1laszt\u00e1s mindazok sz\u00e1m\u00e1ra, akik egy er\u0151s, k\u00f6nnyen kezelhet\u0151 \u00e9s \u00edzben kiv\u00e1l\u00f3 vape k\u00e9sz\u00fcl\u00e9ket keresnek. A sz\u00e1mos \u00edzletes aroma \u00e9s hossz\u00fa \u00e9lettartam miatt ez az e-cigaretta ide\u00e1lis a napi haszn\u00e1latra. Rendeljen most <a href=\"https:\/\/alfakher24h.de\/hu\/\">alfakher24h.de<\/a>\u00a0\u00e9s tapasztalja meg a g\u0151z\u00f6l\u00e9st egy \u00faj dimenzi\u00f3ban.<\/p>","protected":false},"excerpt":{"rendered":"<p><a href=\"https:\/\/alfakher24h.de\/hu\/\"><strong>Magic Bar Alpha 20000 h\u00faz\u00e1sos eldobhat\u00f3 e-cigaretta<\/strong> i<\/a>az a t\u00f6k\u00e9letes v\u00e1laszt\u00e1s mindazok sz\u00e1m\u00e1ra, akik egy er\u0151s, k\u00f6nnyen kezelhet\u0151 \u00e9s \u00edzben kiv\u00e1l\u00f3 vape k\u00e9sz\u00fcl\u00e9ket keresnek<\/p>","protected":false},"featured_media":1458,"comment_status":"open","ping_status":"closed","template":"","meta":{"om_disable_all_campaigns":false},"product_brand":[],"product_cat":[39],"product_tag":[],"class_list":{"0":"post-1457","1":"product","2":"type-product","3":"status-publish","4":"has-post-thumbnail","6":"product_cat-magic-bar-20000","8":"first","9":"instock","10":"shipping-taxable","11":"purchasable","12":"product-type-simple"},"_links":{"self":[{"href":"https:\/\/alfakher24h.de\/hu\/wp-json\/wp\/v2\/product\/1457","targetHints":{"allow":["GET"]}}],"collection":[{"href":"https:\/\/alfakher24h.de\/hu\/wp-json\/wp\/v2\/product"}],"about":[{"href":"https:\/\/alfakher24h.de\/hu\/wp-json\/wp\/v2\/types\/product"}],"replies":[{"embeddable":true,"href":"https:\/\/alfakher24h.de\/hu\/wp-json\/wp\/v2\/comments?post=1457"}],"wp:featuredmedia":[{"embeddable":true,"href":"https:\/\/alfakher24h.de\/hu\/wp-json\/wp\/v2\/media\/1458"}],"wp:attachment":[{"href":"https:\/\/alfakher24h.de\/hu\/wp-json\/wp\/v2\/media?parent=1457"}],"wp:term":[{"taxonomy":"product_brand","embeddable":true,"href":"https:\/\/alfakher24h.de\/hu\/wp-json\/wp\/v2\/product_brand?post=1457"},{"taxonomy":"product_cat","embeddable":true,"href":"https:\/\/alfakher24h.de\/hu\/wp-json\/wp\/v2\/product_cat?post=1457"},{"taxonomy":"product_tag","embeddable":true,"href":"https:\/\/alfakher24h.de\/hu\/wp-json\/wp\/v2\/product_tag?post=1457"}],"curies":[{"name":"wp","href":"https:\/\/api.w.org\/{rel}","templated":true}]}}