{"id":1436,"date":"2025-01-07T06:31:07","date_gmt":"2025-01-07T06:31:07","guid":{"rendered":"https:\/\/alfakher24h.de\/?post_type=product&#038;p=1436"},"modified":"2025-01-07T06:32:03","modified_gmt":"2025-01-07T06:32:03","slug":"szensavas-nagyszeru-10000-szivas-eldobhato-e-cigi-ananasz-oszibarack-maracuja","status":"publish","type":"product","link":"https:\/\/alfakher24h.de\/hu\/termek\/szensavas-nagyszeru-10000-szivas-eldobhato-e-cigi-ananasz-oszibarack-maracuja\/","title":{"rendered":"Fizzy GREAT 10000 Z\u00fcge Einweg E Zigarette \u2013 Anan\u00e1sz \u0150szibar\u00e1t Passion Fruit"},"content":{"rendered":"<h2><strong>Fizzy GREAT 10000 Z\u00fcge Einweg E Zigarette \u2013 Der ultimative Vape-Genuss \nnem ig\u00e9nyel ford\u00edt\u00e1st, de ha m\u00e9gis \n\nA Fizzy GREAT 10000 egy haszn\u00e1latra k\u00e9sz, eldobhat\u00f3 elektronikus cigaretta, amely a v\u00e9gs\u0151 vape-\u00e9lm\u00e9nyt ny\u00fajtja. <\/strong>\u0150szibar\u00e1t Passi\u00f3gy\u00fcm\u00f6lcs<\/h2>\n<p>Fedezze fel az \u00fajat\u00a0<a href=\"https:\/\/alfakher24h.de\/hu\/\"><em>Fizzy NAGY 10000 h\u00faz\u00e1s eldobhat\u00f3 E cigaretta<\/em><\/a>a t\u00f6k\u00e9letes t\u00e1rs mindenki sz\u00e1m\u00e1ra, aki hossz\u00fa t\u00e1v\u00fa, intenz\u00edv g\u0151z\u00f6l\u00e9si \u00e9lm\u00e9nyt keres. Az ak\u00e1r 10 000 sz\u00edv\u00e1sig terjed\u0151 leny\u0171g\u00f6z\u0151 kapacit\u00e1s\u00e1val ez az eldobhat\u00f3 vape nemcsak \u00f3ri\u00e1si \u00e9lettartamot, hanem sz\u00e1mos izgalmas \u00edzt k\u00edn\u00e1l, amelyek a g\u0151z\u00f6l\u00e9st igazi \u00e9lvezett\u00e9 teszik. Ak\u00e1r egy praktikus megold\u00e1st keres \u00fatk\u00f6zben, ak\u00e1r egyszer\u0171en egy kiv\u00e1l\u00f3 min\u0151s\u00e9g\u0171 vape-\u00e9lm\u00e9nyt, a<a href=\"https:\/\/alfakher24h.de\/hu\/\">\u00a0<em>Fizzy NAGY<\/em>\u00a0i<\/a>Ez pontosan az, amit sz\u00fcks\u00e9ge van.<\/p>\n<h3><strong>A Fizzy GREAT 10000 Z\u00fcge Einweg E-cigaretta term\u00e9ktulajdons\u00e1gai:<\/strong><\/h3>\n<ul>\n<li><strong>M\u00e1rka:<\/strong>\u00a0FIZZY<\/li>\n<li><strong>Modell<\/strong>\u00a0FIZZY GREAT<\/li>\n<li><strong>M\u00e9ret:<\/strong>\u00a085,3mm x 53mm<\/li>\n<li><strong>Akkumul\u00e1tor kapacit\u00e1s:<\/strong>\u00a0650mAh (\u00fajrat\u00f6lthet\u0151 Type-C-vel)<\/li>\n<li><strong>Pod kapacit\u00e1s:<\/strong>\u00a018ml<\/li>\n<li><strong>Nikotintartalom:<\/strong>\u00a02% vagy 5% Salt Nic<\/li>\n<li><strong>Vonatok:<\/strong>\u00a0Legfeljebb 10 000 vonat<\/li>\n<\/ul>\n<h3><strong>Mi\u00e9rt \u00e9rdemes megv\u00e1s\u00e1rolni a Fizzy GREAT 10000 Z\u00fcge Egyhaszn\u00e1latos E-cigarett\u00e1t<\/strong><\/h3>\n<p>A\u00a0<a href=\"https:\/\/alfakher24h.de\/hu\/\"><em>Fizzy NAGY 10000 h\u00faz\u00e1s eldobhat\u00f3 E cigaretta<\/em><\/a>\u00a0Nemcsak nagy kapacit\u00e1st \u00e9s hossz\u00fa \u00e9lettartamot k\u00edn\u00e1l, hanem k\u00fcl\u00f6n\u00f6sen felhaszn\u00e1l\u00f3bar\u00e1t kezel\u00e9st is. A Type-C t\u00f6lt\u00e9si technol\u00f3gia gyors \u00e9s hat\u00e9kony t\u00f6lt\u00e9st biztos\u00edt, m\u00edg az 650mAh-s akkumul\u00e1tor megb\u00edzhat\u00f3 \u00e1ramell\u00e1t\u00e1st ny\u00fajt. Nem kell agg\u00f3dnia a gyakori \u00fajrat\u00f6lt\u00e9s miatt - t\u00f6bb id\u0151t t\u00f6lthet a Vape k\u00e9sz\u00fcl\u00e9k\u00e9vel.<\/p>\n<p>A diz\u00e1jn kompakt \u00e9s hordozhat\u00f3, \u00edgy a Fizzy GREAT minden zsebbe vagy k\u00e9zit\u00e1sk\u00e1ba belef\u00e9r. Ide\u00e1lis t\u00e1rs \u00fatk\u00f6zben, \u00e9s garant\u00e1lja a kellemes g\u0151z\u00f6l\u00e9st, b\u00e1rhol is tart\u00f3zkodjon.<\/p>\n<p>Egy m\u00e1sik kiemelked\u0151 jellemz\u0151 a fejlett mesh coil technol\u00f3gia, amely optimaliz\u00e1lja a g\u0151ztermel\u00e9st \u00e9s az \u00edzt. Ez a technol\u00f3gia biztos\u00edtja, hogy a\u00a0<em>Fizzy NAGY<\/em>\u00a0nemcsak egyenletes g\u0151zlead\u00e1st biztos\u00edt, hanem intenz\u00edv \u00edzt \u00e9s \u00e1lland\u00f3an magas min\u0151s\u00e9get k\u00edn\u00e1l a vape teljes \u00e9lettartama alatt.<\/p>\n<h3><strong>A legjobb \u00edz\u00e9lm\u00e9nyek Fizzy GREAT-tel:<\/strong><\/h3>\n<p>A\u00a0<em>Fizzy NAGY 10000 h\u00faz\u00e1s eldobhat\u00f3 E cigaretta<\/em>\u00a0Sz\u00e1mos izgalmas \u00edzben kaphat\u00f3, amelyek elind\u00edtj\u00e1k \u00edzlel\u0151bimb\u00f3it egy utaz\u00e1sra. Minden ilyen \u00edzt gondosan fejlesztettek ki, hogy felejthetetlen p\u00e1rol\u00e1si \u00e9lm\u00e9nyt biztos\u00edtsanak. Az al\u00e1bbi lehet\u0151s\u00e9gek intenz\u00edv \u00e9s hossz\u00fa ideig tart\u00f3 \u00edz\u00e9lm\u00e9nyt k\u00edn\u00e1lnak:<\/p>\n<h4><strong>1. G\u00f6r\u00f6gdinnye: Egy friss\u00edt\u0151 \u00e9lvezet<\/strong><\/h4>\n<p>A g\u00f6r\u00f6gdinnye \u00edze az ide\u00e1lis t\u00e1rs mindenki sz\u00e1m\u00e1ra, aki szereti a friss g\u00f6r\u00f6gdinnye \u00e9des, l\u00e9d\u00fas \u00edz\u00e9t. Ez az e-cigaretta azt az \u00e9rz\u00e9st kelti, mintha egy l\u00e9d\u00fas falatot harapna egy \u00e9rett g\u00f6r\u00f6gdinny\u00e9b\u0151l - friss\u00edt\u0151 \u00e9s \u00e9l\u00e9nk\u00edt\u0151. A g\u00f6r\u00f6gdinnye term\u00e9szetes \u00e9dess\u00e9ge enyhe frissess\u00e9ggel eg\u00e9sz\u00fcl ki, ami az eg\u00e9sz g\u0151z\u00f6l\u00e9si \u00e9lm\u00e9nyt harmonikus \u00e9lm\u00e9nny\u00e9 teszi.<\/p>\n<h4><strong>2. Anan\u00e1sz-Peach-Passi\u00f3gy\u00fcm\u00f6lcs: Tr\u00f3pusi \u00edzrobban\u00e1s<\/strong><\/h4>\n<p>Azok sz\u00e1m\u00e1ra, akik egy vonaton szeretn\u00e9k megtapasztalni a tr\u00f3pusi paradicsomot, az anan\u00e1sz, \u0151szibar\u00e1t \u00e9s marakuj\u00e1s kombin\u00e1ci\u00f3 egyszer\u0171en p\u00e1ratlan. Ez a kever\u00e9k \u00e9des, gy\u00fcm\u00f6lcs\u00f6s \u00edzrobban\u00e1st k\u00edn\u00e1l, amely egy friss kokt\u00e9lra eml\u00e9keztet a strandon. Az anan\u00e1sz \u00e9des, l\u00e9d\u00fas \u00edze tal\u00e1lkozik az \u0151szibar\u00e1t enyhe \u00e9dess\u00e9g\u00e9vel, \u00e9s k\u00eds\u00e9ri a kiss\u00e9 egzotikus marakuj\u00e1s. Ez a t\u00f6k\u00e9letes egyens\u00faly biztos\u00edtja a tr\u00f3pusi g\u0151z\u00f6l\u00e9si \u00e9lm\u00e9nyt, amelyet \u00fajra \u00e9s \u00fajra sz\u00edvesen \u00e1t\u00e9l.<\/p>\n<p><img loading=\"lazy\" decoding=\"async\" class=\"alignnone wp-image-1326 size-full\" title=\"Fizzy GREAT 10000 Z\u00fcge Einweg E Zigarette - Anan\u00e1sz \u0150szibar\u00e1t Passion Fruit 2\" src=\"https:\/\/alfakher24h.de\/wp-content\/uploads\/2025\/01\/Fizzy-GREAT-10000-2.webp\" sizes=\"auto, (max-width: 1280px) 100vw, 1280px\" srcset=\"https:\/\/alfakher24h.de\/wp-content\/uploads\/2025\/01\/Fizzy-GREAT-10000-2.webp 1280w, https:\/\/alfakher24h.de\/wp-content\/uploads\/2025\/01\/Fizzy-GREAT-10000-2-300x197.webp 300w, https:\/\/alfakher24h.de\/wp-content\/uploads\/2025\/01\/Fizzy-GREAT-10000-2-1024x671.webp 1024w, https:\/\/alfakher24h.de\/wp-content\/uploads\/2025\/01\/Fizzy-GREAT-10000-2-768x503.webp 768w, https:\/\/alfakher24h.de\/wp-content\/uploads\/2025\/01\/Fizzy-GREAT-10000-2-18x12.webp 18w, https:\/\/alfakher24h.de\/wp-content\/uploads\/2025\/01\/Fizzy-GREAT-10000-2-600x393.webp 600w\" alt=\"Fizzy GREAT 10000 Z\u00fcge Einweg E Zigarette - Anan\u00e1sz \u0150szibar\u00e1t Passion Fruit\" width=\"1280\" height=\"839\" \/><\/p>\n<h3><strong>A Fizzy GREAT 10000 Z\u00fcge  eldobhat\u00f3 e-cigaretta el\u0151nyei:<\/strong><\/h3>\n<ul>\n<li><strong>Hossz\u00fa eltarthat\u00f3s\u00e1g:<\/strong>\u00a0Legfeljebb 10 000 sz\u00edv\u00e1ssal hossz\u00fa ideig tart\u00f3 g\u0151z\u00f6l\u00e9st tapasztalhat, an\u00e9lk\u00fcl, hogy agg\u00f3dnia kellene a ut\u00e1nt\u00f6lt\u00e9s vagy egy \u00faj eszk\u00f6z megv\u00e1s\u00e1rl\u00e1sa miatt.<\/li>\n<li><strong>Nagy \u00e9rt\u00e9k\u0171 anyagok:<\/strong>\u00a0A Mesh-Coil technol\u00f3gia egyenletes \u00e9s \u00e1lland\u00f3 g\u0151ztermel\u00e9st biztos\u00edt, ami intenz\u00edv \u00edzhat\u00e1st eredm\u00e9nyez.<\/li>\n<li><strong>Gyakorlati kezel\u00e9s:<\/strong>\u00a0A kompakt tervez\u00e9s hordozhat\u00f3v\u00e1 \u00e9s k\u00f6nnyen sz\u00e1ll\u00edthat\u00f3v\u00e1 teszi a Vape-ot, ide\u00e1lis utaz\u00e1shoz.<\/li>\n<li><strong>\u00dajrat\u00f6lthet\u0151 akkumul\u00e1tor:<\/strong>\u00a0A Type-C csatlakoz\u00f3val gyorsan \u00e9s hat\u00e9konyan t\u00f6ltheti a 650mAh-s akkumul\u00e1tort.<\/li>\n<li><strong>T\u00f6bbf\u00e9le nikotiner\u0151ss\u00e9g:<\/strong>\u00a0V\u00e1lasszon a 2% \u00e9s a 5% nikotin k\u00f6z\u00f6tt, szem\u00e9lyes preferenci\u00e1i alapj\u00e1n.<\/li>\n<\/ul>\n<h3><strong>K\u00f6vetkeztet\u00e9s \u2013 Mi\u00e9rt a Fizzy GREAT 10000 Z\u00fcge eldobhat\u00f3 e-cigaretta a legjobb v\u00e1laszt\u00e1s \u00d6nnek:<\/strong><\/h3>\n<p>A\u00a0<em>Fizzy NAGY 10000 h\u00faz\u00e1s eldobhat\u00f3 E cigaretta<\/em>\u00a0Mindent kombin\u00e1l, amit egy modern g\u0151z\u00f6l\u0151 k\u00edv\u00e1n: hossz\u00fa \u00e9lettartam, nagyszer\u0171 \u00edzek \u00e9s k\u00e9nyelmes, hordozhat\u00f3 megold\u00e1s. 10 000 sz\u00edv\u00e1s leny\u0171g\u00f6z\u0151 kapacit\u00e1s\u00e1val \u00e9s a 2% \u00e9s 5% nikotin k\u00f6z\u00f6tti v\u00e1laszt\u00e1s lehet\u0151s\u00e9g\u00e9vel ez a Vape minden helyzethez \u00e9s minden g\u0151z\u00f6l\u0151h\u00f6z illik.<\/p>\n<p>Mannesmann-Turm durch seine au\u00dfergew\u00f6hnliche Architektur.\u00a0<em>Fizzy NAGY<\/em>\u00a0haszn\u00e1lata egyszer\u0171s\u00e9g\u00e9r\u0151l. Az \u00fajrat\u00f6lthet\u0151 akkumul\u00e1tor, a gyors t\u00f6lt\u00e9si id\u0151k \u00e9s a fejlett technol\u00f3gia biztos\u00edtj\u00e1k, hogy mindig egyenletesen intenz\u00edv g\u0151z\u00e9lm\u00e9nyt \u00e9lvezhessen. Ak\u00e1r \u00fatk\u00f6zben van, ak\u00e1r egyszer\u0171en otthon pihen - a\u00a0<em>Fizzy NAGY<\/em>\u00a0az ide\u00e1lis Vape minden pillanatra.<\/p>\n<p><strong>Most rendeljen a<a href=\"https:\/\/alfakher24h.de\/hu\/\"> alfakher24h.de<\/a> - A megb\u00edzhat\u00f3 egyhaszn\u00e1latos e-cigaretta szolg\u00e1ltat\u00f3ja N\u00e9metorsz\u00e1gban!<\/strong><\/p>\n<p>Fedezze fel m\u00e9g ma a vil\u00e1g\u00e1t\u00a0<em>Fizzy NAGY 10000 h\u00faz\u00e1s eldobhat\u00f3 E cigaretta<\/em> \u00e9s n\u00f6velje g\u0151z\u00f6l\u00e9si \u00e9lm\u00e9ny\u00e9t. V\u00e1s\u00e1roljon most az alfakher24h.de-n, a legnagyobb online platformon az eldobhat\u00f3 vape-ekhez N\u00e9metorsz\u00e1gban!<\/p>","protected":false},"excerpt":{"rendered":"<p><em>Fizzy NAGY 10000 h\u00faz\u00e1s eldobhat\u00f3 E cigaretta<\/em> \u00e9s n\u00f6velje g\u0151z\u00f6l\u00e9si \u00e9lm\u00e9ny\u00e9t. V\u00e1s\u00e1roljon most az alfakher24h.de-n, a legnagyobb online platformon az eldobhat\u00f3 vape-ekhez N\u00e9metorsz\u00e1gban!<\/p>","protected":false},"featured_media":1437,"comment_status":"open","ping_status":"closed","template":"","meta":{"om_disable_all_campaigns":false},"product_brand":[],"product_cat":[38],"product_tag":[],"class_list":{"0":"post-1436","1":"product","2":"type-product","3":"status-publish","4":"has-post-thumbnail","6":"product_cat-fizzy-great-10000","8":"first","9":"instock","10":"shipping-taxable","11":"purchasable","12":"product-type-simple"},"_links":{"self":[{"href":"https:\/\/alfakher24h.de\/hu\/wp-json\/wp\/v2\/product\/1436","targetHints":{"allow":["GET"]}}],"collection":[{"href":"https:\/\/alfakher24h.de\/hu\/wp-json\/wp\/v2\/product"}],"about":[{"href":"https:\/\/alfakher24h.de\/hu\/wp-json\/wp\/v2\/types\/product"}],"replies":[{"embeddable":true,"href":"https:\/\/alfakher24h.de\/hu\/wp-json\/wp\/v2\/comments?post=1436"}],"wp:featuredmedia":[{"embeddable":true,"href":"https:\/\/alfakher24h.de\/hu\/wp-json\/wp\/v2\/media\/1437"}],"wp:attachment":[{"href":"https:\/\/alfakher24h.de\/hu\/wp-json\/wp\/v2\/media?parent=1436"}],"wp:term":[{"taxonomy":"product_brand","embeddable":true,"href":"https:\/\/alfakher24h.de\/hu\/wp-json\/wp\/v2\/product_brand?post=1436"},{"taxonomy":"product_cat","embeddable":true,"href":"https:\/\/alfakher24h.de\/hu\/wp-json\/wp\/v2\/product_cat?post=1436"},{"taxonomy":"product_tag","embeddable":true,"href":"https:\/\/alfakher24h.de\/hu\/wp-json\/wp\/v2\/product_tag?post=1436"}],"curies":[{"name":"wp","href":"https:\/\/api.w.org\/{rel}","templated":true}]}}