{"id":1400,"date":"2025-01-06T05:41:45","date_gmt":"2025-01-06T05:41:45","guid":{"rendered":"https:\/\/alfakher24h.de\/?post_type=product&#038;p=1400"},"modified":"2025-01-06T05:41:45","modified_gmt":"2025-01-06T05:41:45","slug":"utolso-szerelem-20000-puff-dtl-eldobhato-e-cigaretta-buja-jeg","status":"publish","type":"product","link":"https:\/\/alfakher24h.de\/hu\/termek\/utolso-szerelem-20000-puff-dtl-eldobhato-e-cigaretta-buja-jeg\/","title":{"rendered":"Utols\u00f3 Szeretet 20000 h\u00faz\u00e1s DTL Elhaszn\u00e1lhat\u00f3 E Cigaretta \u2013 Lush Ice"},"content":{"rendered":"<h2><strong>Utols\u00f3 Szeretet 20000 h\u00faz\u00e1s Egyszer haszn\u00e1latos E-cigaretta - A V\u00e9gs\u0151 \u00c9lvezet a N\u00e9metorsz\u00e1gi G\u0151z\u00f6l\u00e9s Szerelmeseinek<\/strong><\/h2>\n<p>\u00c9lje \u00e1t az eldobhat\u00f3 e-cigarett\u00e1k k\u00f6vetkez\u0151 gener\u00e1ci\u00f3j\u00e1t a\u00a0<strong>Utols\u00f3 Szeretet 20000 h\u00faz\u00e1s Egyutas E Cigaretta<\/strong>Ez az innovat\u00edv, \u00fajrat\u00f6lthet\u0151 e-cigaretta nem csak ak\u00e1r 20 000 sz\u00edv\u00e1st biztos\u00edt \u00d6nnek, hanem 12 finom \u00edz exkluz\u00edv v\u00e1laszt\u00e9k\u00e1t is k\u00edn\u00e1lja, amely p\u00e1ratlan g\u0151z\u00f6l\u00e9si \u00e9lm\u00e9nyt ny\u00fajt. Azok sz\u00e1m\u00e1ra fejlesztett\u00e9k ki, akik a legt\u00f6bbet szeretn\u00e9k kihozni g\u0151z\u00f6l\u00e9si szesszi\u00f3ikb\u00f3l, a Last Love 20000 eldobhat\u00f3 e-cigaretta abszol\u00fat k\u00f6telez\u0151 mindenki sz\u00e1m\u00e1ra, aki \u00e9rt\u00e9keli a min\u0151s\u00e9get \u00e9s a teljes\u00edtm\u00e9nyt.<\/p>\n<h3><strong>Mi\u00e9rt \u00e9rdemes megv\u00e1s\u00e1rolni a Last Love 20000 h\u00faz\u00e1s\u00fa eldobhat\u00f3 e-cigarett\u00e1t N\u00e9metorsz\u00e1gban?<\/strong><\/h3>\n<p>A\u00a0<strong>Utols\u00f3 Szeretet 20000 h\u00faz\u00e1s Egyutas E Cigaretta<\/strong>\u00a0Kifejezetten \u00fagy tervezt\u00e9k, hogy hossz\u00fa \u00e9lettartam\u00fa \u00e9s megb\u00edzhat\u00f3 g\u0151z\u00f6l\u00e9si \u00e9lm\u00e9nyt ny\u00fajtson. A praktikus \u00fajrat\u00f6lthet\u0151 akkumul\u00e1torral \u00e9s a be\u00e9p\u00edtett folyad\u00e9k kijelz\u0151vel mindig k\u00e9zben tarthatja a vape-ot. Biztos lehet benne, hogy a kedvenc \u00edz\u00e9nek minden egyes adagj\u00e1t az utols\u00f3 cseppig felhaszn\u00e1lja. A be\u00e9p\u00edtett 800mAh akkumul\u00e1tor hossz\u00fa haszn\u00e1latot tesz lehet\u0151v\u00e9, \u00e9s k\u00fcl\u00f6n\u00f6sen felhaszn\u00e1l\u00f3bar\u00e1tv\u00e1 teszi a k\u00e9sz\u00fcl\u00e9ket. Ak\u00e1r kezd\u0151, ak\u00e1r tapasztalt g\u0151z\u00f6l\u0151 vagy, ez a k\u00e9sz\u00fcl\u00e9k t\u00f6k\u00e9letes megold\u00e1st ny\u00fajt a napi g\u0151z\u00f6l\u00e9shez.<\/p>\n<p>Ha keres egy\u00a0<strong>Egyszer haszn\u00e1latos e-cigaretta nikotinnal<\/strong>\u00a0akkor az olyan, amelyik egyszerre praktikus \u00e9s er\u0151s is, akkor az a\u00a0<strong>Utols\u00f3 Szeretet 20000 h\u00faz\u00e1s Egyutas E Cigaretta<\/strong> A t\u00f6k\u00e9letes v\u00e1laszt\u00e1s. V\u00e1s\u00e1roljon most az alfakher24h.de-n, a vezet\u0151 online boltban\u00a0<strong>Egyszer haszn\u00e1latos e-cigarett\u00e1k N\u00e9metorsz\u00e1gban<\/strong>\u00e9s tapasztalja meg a p\u00e1ratlan g\u0151z\u00f6l\u00e9si \u00e9lm\u00e9nyt.<\/p>\n<h3><strong>A Last Love 20000 Z\u00fcge Einweg E-Zigarette legfontosabb jellemz\u0151i<\/strong><\/h3>\n<ul>\n<li><strong>20 000 vonat<\/strong>: Hossz\u00fa vape sessionokat tapasztalhat meg sz\u00fcnet n\u00e9lk\u00fcl. Ak\u00e1r 20 000 sz\u00edv\u00e1ssal is eltarthat, lehet\u0151v\u00e9 t\u00e9ve, hogy hosszabb ideig \u00e9lvezze az e-cigarett\u00e1t an\u00e9lk\u00fcl, hogy agg\u00f3dnia kellene a gyors cser\u00e9je miatt.<\/li>\n<li><strong>\u00fajrat\u00f6lthet\u0151<\/strong>A be\u00e9p\u00edtett, \u00fajrat\u00f6lthet\u0151 800mAh-s akkumul\u00e1torral biztos lehet abban, hogy minden folyad\u00e9kfelt\u00f6lt\u00e9st teljes m\u00e9rt\u00e9kben kihaszn\u00e1l - nincs pazarl\u00e1s, nincs megszak\u00edt\u00e1s.<\/li>\n<li><strong>22 ml E-Liquid<\/strong>Minden\u00a0<strong>Utols\u00f3 Szeretet 20000 h\u00faz\u00e1s Egyutas E Cigaretta<\/strong>\u00a022 ml folyad\u00e9kot tartalmaz, amelynek nikotintartalma 2% (20 mg). Ez sz\u00e1mos g\u0151z\u00f6s sessionhoz elegend\u0151, \u00e9s hossz\u00fa t\u00e1v\u00fa g\u0151z\u00f6l\u00e9si \u00e9lm\u00e9nyt garant\u00e1l.<\/li>\n<li><strong>12 k\u00fcl\u00f6nb\u00f6z\u0151 \u00edzes\u00edt\u00e9s<\/strong>V\u00e1lasszon a sz\u00e9les \u00edzv\u00e1laszt\u00e9kb\u00f3l, amelyek izgalmasak lesznek sz\u00e1modra. Legyen ak\u00e1r gy\u00fcm\u00f6lcs\u00f6s, friss vagy \u00e9des - minden \u00edzl\u00e9shez van valami.<\/li>\n<li><strong>0,6 Mesh Coil<\/strong>: A Mesh Coil biztos\u00edtja az egyenletes p\u00e1rologtat\u00e1st, \u00e9s maximaliz\u00e1lja az \u00edzt \u00e9s a g\u0151ztermel\u00e9st.<\/li>\n<li><strong>F\u00fcst\u00f6lj\u00f6n az utols\u00f3 cseppig<\/strong>: A praktikus folyad\u00e9kjelz\u0151nek k\u00f6sz\u00f6nhet\u0151en mindig ellen\u0151rz\u00e9s alatt tartja a folyad\u00e9kszintet, \u00e9s \u00fajrat\u00f6ltheti az e-cigarett\u00e1t, miel\u0151tt a folyad\u00e9k teljesen elfogyna.<\/li>\n<\/ul>\n<h3><strong>A Last Love 20000 Z\u00fcge Einweg E-Zigarette el\u00e9rhet\u0151 12 \u00edze<\/strong><\/h3>\n<p>A\u00a0<strong>Utols\u00f3 Szeretet 20000 h\u00faz\u00e1s Egyutas E Cigaretta<\/strong>\u00a0Sz\u00e1mos izgalmas \u00edzben kaphat\u00f3. Minden \u00edzt gondosan fejlesztettek ki, hogy elhozz\u00e1k \u00d6nnek a v\u00e9gs\u0151 vape-\u00e9lm\u00e9nyt. Itt van az 12 egyedi \u00edz, amelyet v\u00e1r:\n- Eredeti \n Ford\u00edt\u00e1s : \nSz\u00e1mos izgalmas \u00edzben kaphat\u00f3. Minden \u00edzt gondosan fejlesztettek ki, hogy elhozz\u00e1k \u00d6nnek a v\u00e9gs\u0151 vape-\u00e9lm\u00e9nyt. Itt van a 12 egyedi \u00edz, amelyet v\u00e1r:<\/p>\n<ol>\n<li><strong>Lush Ice<\/strong>: Egy friss\u00edt\u0151 kever\u00e9k az \u00e9des g\u00f6r\u00f6gdinny\u00e9b\u0151l \u00e9s a h\u0171s mentolb\u00f3l, ami olyan \u00e9rz\u00e9st ad, mintha egy tr\u00f3pusi paradicsomban pihenne.<\/li>\n<li><strong>Mango j\u00e9g<\/strong>\u00c9rett, l\u00e9d\u00fas mang\u00f3k, h\u0171s\u00edt\u0151 mentol jegyekkel kombin\u00e1lva, amelyek t\u00f6k\u00e9letes gy\u00fcm\u00f6lcs\u00f6s g\u0151z\u00f6l\u00e9si \u00e9lm\u00e9nyt ny\u00fajtanak.<\/li>\n<li><strong>Blueberry Mint<\/strong>\u00c9des \u00e1fonya tal\u00e1lkozik egy friss\u00edt\u0151 mentanot\u00e1val - egy finom \u00e9s h\u0171s\u00edt\u0151 kombin\u00e1ci\u00f3.<\/li>\n<li><strong>Sz\u0151l\u0151 J\u00e9g<\/strong>A \u00e9rett sz\u0151l\u0151 intenz\u00edv \u00edz\u00e9t egy h\u0171s\u00edt\u0151 j\u00e9gkomponens t\u00f6k\u00e9letesen kieg\u00e9sz\u00edti.<\/li>\n<li><strong>\u0150szibar\u00e1t J\u00e9g<\/strong>L\u00e9d\u00fas barackok, amelyek j\u00e9ghideg \u00f6lel\u00e9sben friss\u00edtenek - ide\u00e1lisak a forr\u00f3 ny\u00e1ri napokra.<\/li>\n<li><strong>Eper Ban\u00e1n<\/strong>: Finom kever\u00e9k az \u00e9des eperb\u0151l \u00e9s a kr\u00e9mes ban\u00e1nb\u00f3l - gy\u00fcm\u00f6lcs\u00f6s klasszikus.<\/li>\n<li><strong>Tropical Punch<\/strong>: Tr\u00f3pusi gy\u00fcm\u00f6lcs\u00f6kb\u0151l \u00e1ll\u00f3 robban\u00e1s, amely nyaral\u00e1s \u00e9s napf\u00e9ny \u00edz\u00e9t sz\u00f3rja sz\u00e9t.<\/li>\n<li><strong>V\u00edzimelon J\u00e9g<\/strong>: Egy friss\u00edt\u0151 g\u00f6r\u00f6gdinnye, j\u00e9ghideg \u00e9rint\u00e9ssel - a t\u00f6k\u00e9letes szomjolt\u00f3.<\/li>\n<li><strong>Cola Ice<\/strong>A k\u00f3la friss\u00edt\u0151 \u00edze tal\u00e1lkozik a h\u0171s mentol jeggyel - minden friss\u00edt\u0151ital szerelmese sz\u00e1m\u00e1ra.<\/li>\n<li><strong>Energiaital<\/strong>A klasszikus energiaital friss\u00edt\u0151 \u00edze - ide\u00e1lis egy kis l\u00f6kethez.<\/li>\n<li><strong>Vanilla Tobacco<\/strong>: Egy harmonikus egy\u00fcttm\u0171k\u00f6d\u00e9s az \u00e9des van\u00edlia \u00e9s a robusztus doh\u00e1ny \u00edze k\u00f6z\u00f6tt - hagyom\u00e1nyos arom\u00e1k kedvel\u0151inek.<\/li>\n<li><strong>Mentha<\/strong>: Friss\u00edt\u0151 mentaszag, amely hosszan tart\u00f3 frissess\u00e9get biztos\u00edt.<\/li>\n<\/ol>\n<h3><strong>\u00cdz r\u00e9szletek: Lush Ice - Egy friss\u00edt\u0151 \u00e9lvezet<\/strong><\/h3>\n<p><strong>Lush Ice<\/strong>\u00a0k\u00fcl\u00f6n\u00f6sen n\u00e9pszer\u0171 \u00edz\u00e9nek sz\u00e1m\u00edt\u00a0<strong>Utols\u00f3 Szeretet 20000 h\u00faz\u00e1s Egyutas E Cigaretta<\/strong>\u00e9s jogosan. A l\u00e9d\u00fas g\u00f6r\u00f6gdinnye \u00e9s a h\u0171s\u00edt\u0151 mentol kombin\u00e1ci\u00f3ja kiegyens\u00falyozott kever\u00e9ket k\u00edn\u00e1l \u00e9dess\u00e9gb\u0151l \u00e9s frissess\u00e9gb\u0151l, ami a vaporiz\u00e1l\u00e1st luxus\u00e9lm\u00e9nny\u00e9 teszi.<\/p>\n<h4><strong>\u00cdz\u00e9lm\u00e9ny:<\/strong><\/h4>\n<p>A g\u00f6r\u00f6gdinnye be\u00a0<strong>Lush Ice<\/strong>\u00a0A m\u0171sor szt\u00e1rja - \u0151 biztos\u00edtja a t\u00f6k\u00e9letesen \u00e9rett gy\u00fcm\u00f6lcs \u00e9des, l\u00e9d\u00fas \u00edz\u00e9t. A g\u00f6r\u00f6gdinnye gy\u00fcm\u00f6lcs\u00f6s, friss\u00edt\u0151 jellege azonnal kibontakozik minden h\u00faz\u00e1sn\u00e1l, \u00e9s a term\u00e9szetes \u00e9dess\u00e9g kellemesen megmarad a nyelven.<\/p>\n<p>M\u00e9gis, ami az \u00edz\u00e9t illeti\u00a0<strong>Lush Ice<\/strong>\u00a0Ami igaz\u00e1n kiemeli, az a h\u0171s\u00edt\u0151 mentol, amely t\u00f6k\u00e9letesen kieg\u00e9sz\u00edti a gy\u00fcm\u00f6lcs\u00f6s \u00e9dess\u00e9get. Hosszantart\u00f3, friss\u00edt\u0151 \u00e9rz\u00e9st biztos\u00edt a sz\u00e1jban, \u00e9s minden sz\u00edv\u00e1sn\u00e1l kellemes h\u0171v\u00f6ss\u00e9get ad, amelyet k\u00fcl\u00f6n\u00f6sen a forr\u00f3 napokon \u00e9rt\u00e9kelnek. A mentol \u00edze nem t\u00fal domin\u00e1ns, hanem biztos\u00edtja a t\u00f6k\u00e9letes egyens\u00falyt a frissess\u00e9g \u00e9s az \u00e9dess\u00e9g k\u00f6z\u00f6tt, an\u00e9lk\u00fcl, hogy elnyomn\u00e1 az \u00edzt.<\/p>\n<h4><strong>Mi\u00e9rt a Lush Ice az ide\u00e1lis \u00edz minden g\u0151z\u00f6l\u0151 sz\u00e1m\u00e1ra:<\/strong><\/h4>\n<ul>\n<li><strong>Friss\u00edt\u0151<\/strong>Ide\u00e1lis mindazok sz\u00e1m\u00e1ra, akik h\u0171s\u00edt\u0151 \u00e9s egyszerre gy\u00fcm\u00f6lcs\u00f6s g\u0151z\u00f6l\u00e9si \u00e9lm\u00e9nyt keresnek.<\/li>\n<li><strong>Sokoldal\u00fa<\/strong>: T\u00f6k\u00e9letes \u00edz minden alkalomra - ak\u00e1r mindennapi vapork\u00e9nt, ak\u00e1r k\u00fcl\u00f6nleges ny\u00e1ri kiemel\u00e9sk\u00e9nt.<\/li>\n<li><strong>Tart\u00f3san<\/strong>A kellemes \u00edz hossz\u00fa ideig megmarad a nyelven an\u00e9lk\u00fcl, hogy t\u00fal intenz\u00edvv\u00e9 v\u00e1lna.<\/li>\n<\/ul>\n<h3><strong>K\u00f6vetkeztet\u00e9s: Mi\u00e9rt a Last Love 20000 Z\u00fcge\u00a0Einweg E Zigarette\u00a0a t\u00f6k\u00e9letes v\u00e1laszt\u00e1s<\/strong><\/h3>\n<p>A\u00a0<strong>Utols\u00f3 Szeretet 20000 h\u00faz\u00e1s Egyutas E Cigaretta<\/strong>\u00a0T\u00f6bb, mint egy \u00fajabb vape k\u00e9sz\u00fcl\u00e9k a piacon. Az \u00fajrat\u00f6lthet\u0151 akkumul\u00e1tor\u00e1val, nagy folyad\u00e9kkapacit\u00e1s\u00e1val \u00e9s sz\u00e1mos finom arom\u00e1val kiv\u00e1l\u00f3 v\u00e1laszt\u00e1s a n\u00e9metorsz\u00e1gi vaperek sz\u00e1m\u00e1ra. Ha egy hossz\u00fa \u00e9lettartam\u00fa, er\u0151s \u00e9s \u00edzben gazdag e-cigarett\u00e1t keres, akkor ez a modell pontosan az \u00d6n sz\u00e1m\u00e1ra megfelel\u0151.<\/p>\n<p><strong>K\u00e9rj\u00fck, rendeljen m\u00e9g ma az alfakher24h.de oldalon<\/strong>\u00a0\u00e9s \u00e9lvezze a legjobb v\u00e1laszt\u00e9kot\u00a0<strong>Egyszer haszn\u00e1latos e-cigarett\u00e1k nikotinnal<\/strong>\u00a0N\u00e9metorsz\u00e1gban. Haszn\u00e1lja ki exkluz\u00edv aj\u00e1nlatunkat \u00e9s tapasztalja meg, mi\u00e9rt a\u00a0<strong>Utols\u00f3 Szeretet 20000 h\u00faz\u00e1s Egyutas E Cigaretta<\/strong>\u00a0A v\u00e1laszt\u00e1s ig\u00e9nyes g\u0151z\u00f6l\u0151k sz\u00e1m\u00e1ra.<\/p>","protected":false},"excerpt":{"rendered":"<p><strong>Utols\u00f3 Szeretet 20000 h\u00faz\u00e1s Egyutas E Cigaretta<\/strong>\u00a0T\u00f6bb, mint egy \u00fajabb vape k\u00e9sz\u00fcl\u00e9k a piacon.<\/p>","protected":false},"featured_media":1401,"comment_status":"open","ping_status":"closed","template":"","meta":{"om_disable_all_campaigns":false},"product_brand":[],"product_cat":[36],"product_tag":[],"class_list":{"0":"post-1400","1":"product","2":"type-product","3":"status-publish","4":"has-post-thumbnail","6":"product_cat-last-love-20000","8":"first","9":"instock","10":"shipping-taxable","11":"purchasable","12":"product-type-simple"},"_links":{"self":[{"href":"https:\/\/alfakher24h.de\/hu\/wp-json\/wp\/v2\/product\/1400","targetHints":{"allow":["GET"]}}],"collection":[{"href":"https:\/\/alfakher24h.de\/hu\/wp-json\/wp\/v2\/product"}],"about":[{"href":"https:\/\/alfakher24h.de\/hu\/wp-json\/wp\/v2\/types\/product"}],"replies":[{"embeddable":true,"href":"https:\/\/alfakher24h.de\/hu\/wp-json\/wp\/v2\/comments?post=1400"}],"wp:featuredmedia":[{"embeddable":true,"href":"https:\/\/alfakher24h.de\/hu\/wp-json\/wp\/v2\/media\/1401"}],"wp:attachment":[{"href":"https:\/\/alfakher24h.de\/hu\/wp-json\/wp\/v2\/media?parent=1400"}],"wp:term":[{"taxonomy":"product_brand","embeddable":true,"href":"https:\/\/alfakher24h.de\/hu\/wp-json\/wp\/v2\/product_brand?post=1400"},{"taxonomy":"product_cat","embeddable":true,"href":"https:\/\/alfakher24h.de\/hu\/wp-json\/wp\/v2\/product_cat?post=1400"},{"taxonomy":"product_tag","embeddable":true,"href":"https:\/\/alfakher24h.de\/hu\/wp-json\/wp\/v2\/product_tag?post=1400"}],"curies":[{"name":"wp","href":"https:\/\/api.w.org\/{rel}","templated":true}]}}