{"id":1363,"date":"2025-01-03T05:12:59","date_gmt":"2025-01-03T05:12:59","guid":{"rendered":"https:\/\/alfakher24h.de\/?post_type=product&#038;p=1363"},"modified":"2025-07-16T07:13:09","modified_gmt":"2025-07-16T07:13:09","slug":"smpo-dl02-10000-szivas-eldobhato-e-cigi-afonyas-jeg","status":"publish","type":"product","link":"https:\/\/alfakher24h.de\/hu\/termek\/smpo-dl02-10000-szivas-eldobhato-e-cigi-afonyas-jeg\/","title":{"rendered":"SMPO DL02 10000 Z\u00fcge Einweg E Zigarette \u2013 BLUEBERRY ICE \nnem ig\u00e9nyel ford\u00edt\u00e1st, \u00edgy:\nSMPO DL02 10000 Z\u00fcge Einweg E Zigarette \u2013 BLUEBERRY ICE"},"content":{"rendered":"<h2><strong>SMPO DL02 10000 h\u00faz\u00e1sos egyszer haszn\u00e1latos e-cigaretta \u2013 A t\u00f6k\u00e9letes v\u00e1laszt\u00e1s \u00fatk\u00f6zben val\u00f3 \u00e9lvezethez<\/strong><br \/>\n<em>\u00c9lje \u00e1t a v\u00e9gs\u0151 k\u00e9nyelmet \u00e9s p\u00e1ratlan min\u0151s\u00e9get<\/em><\/h2>\n<p>A\u00a0<a href=\"https:\/\/alfakher24h.de\/hu\/\"><strong>SMPO DL02 10000 Z\u00fcge Einweg E Zigarette \n\nbecomes \n\nSMPO DL02 10000 h\u00faz\u00e1s eldobhat\u00f3 e-cigaretta<\/strong>\u00a0i<\/a>az ide\u00e1lis megold\u00e1s mindazok sz\u00e1m\u00e1ra, akik praktikus, er\u0151s \u00e9s \u00edzletes e-cigarett\u00e1t keresnek. Leny\u0171g\u00f6z\u0151 kapacit\u00e1ssal rendelkezik,\u00a0<strong>10 000 vonatb\u00f3l<\/strong>\u00a0\u00e9s egy innovat\u00edv technol\u00f3gia k\u00edn\u00e1l\u00e1s\u00e1val ez a modell nemcsak kiv\u00e1l\u00f3 \u00edzt, hanem kiemelked\u0151 felhaszn\u00e1l\u00f3i \u00e9lm\u00e9nyt is ny\u00fajt. Ak\u00e1r \u00d6n tapasztalt g\u0151z\u00f6l\u0151, ak\u00e1r \u00fajonc a\u00a0<a href=\"https:\/\/alfakher24h.de\/hu\/\"><strong>Eldobhat\u00f3 e-cigarett\u00e1k<\/strong><\/a>\u00a0sind \u2013 az SMPO DL02 minden bizonnyal fel\u00fclm\u00falja majd az \u00d6n elv\u00e1r\u00e1sait.<\/p>\n<p><strong>Term\u00e9ktulajdons\u00e1gok:<\/strong><\/p>\n<ul>\n<li><strong>Kapazit\u00e4t<\/strong>\u00a010 000 vonat<\/li>\n<li><strong>Akkumul\u00e1tor kapacit\u00e1s:<\/strong>\u00a0750 mAh hosszabb haszn\u00e1lati id\u0151\u00e9rt<\/li>\n<li><strong>Nikotintartalom:<\/strong>\u00a02 % (20 mg) egy kiel\u00e9g\u00edt\u0151 nikotinl\u00f6kethez<\/li>\n<li><strong>Teljes\u00edtm\u00e9ny:<\/strong>\u00a020 W \u00e1lland\u00f3 g\u0151z\u00e9lvezet\u00e9shez<\/li>\n<li><strong>Ellen\u00e1ll\u00e1s:<\/strong>\u00a00,6 Ohm egy kiv\u00e1l\u00f3 g\u0151z\u00f6l\u00e9si \u00e9lm\u00e9nyhez<\/li>\n<li><strong>\u00cdz:<\/strong>\u00a0Intenz\u00edvebb\u00a0<strong>Blueberry Ice<\/strong>\u00a0\u00edz, amely t\u00f6k\u00e9letes a ny\u00e1rra<\/li>\n<li><strong>Tervez\u00e9s:<\/strong>\u00a0Ergonomikus \u00e9s k\u00e9zre\u00e1ll\u00f3 a t\u00f6k\u00e9letes fog\u00e1s\u00e9rt<\/li>\n<li><strong>Technol\u00f3gia:<\/strong>\u00a0A k\u00f6vetkez\u0151vel\u00a0<strong>CRUX sz\u00e1r\u00edt\u00f3 f\u0171t\u00e9sv\u00e9delmi technol\u00f3gia<\/strong>\u00a0minden h\u00faz\u00e1sn\u00e1l azonos j\u00f3 \u00edz\u00e9rt<\/li>\n<li><strong>Vape t\u00edpus:<\/strong>\u00a0MTL (sz\u00e1jb\u00f3l t\u00fcd\u0151be) vagy DL (k\u00f6zvetlen t\u00fcd\u0151be) opci\u00f3 szem\u00e9lyes preferencia alapj\u00e1n<\/li>\n<\/ul>\n<p><strong>Az SMPO DL02 eldobhat\u00f3 e-cigaretta r\u00e9szletei:<\/strong><\/p>\n<p>A\u00a0<strong>SMPO DL02<\/strong>\u00a0Einweg E-Zigarette setzt neue Ma\u00dfst\u00e4be im Bereich der \neldobhat\u00f3 elektronikus cigaretta\u00a0<strong>Eldobhat\u00f3 Vape-ok<\/strong>. Kifejezetten olyan felhaszn\u00e1l\u00f3k sz\u00e1m\u00e1ra k\u00e9sz\u00fclt, akik keresnek egy\u00a0<strong>gyakorlati, er\u0151s \u00e9s kiv\u00e1l\u00f3 min\u0151s\u00e9g\u0171 g\u0151zk\u00e9sz\u00fcl\u00e9k<\/strong>\u00a0f\u00fcggetlen\u00fcl att\u00f3l, hogy \u00fatk\u00f6zben van, vagy otthon pihen, az SMPO DL02 egyszer\u0171 kezel\u00e9st, kiv\u00e1l\u00f3 \u00edzt \u00e9s leny\u0171g\u00f6z\u0151 teljes\u00edtm\u00e9nyt ny\u00fajt.<\/p>\n<h3><strong>Tervez\u00e9s \u00e9s ergon\u00f3mia<\/strong><\/h3>\n<p>Az SMPO DL02 ergon\u00f3miai kialak\u00edt\u00e1sa biztos\u00edtja, hogy a k\u00e9sz\u00fcl\u00e9k k\u00e9nyelmesen illeszkedjen a k\u00e9zbe \u00e9s kellemes felhaszn\u00e1l\u00f3i \u00e9lm\u00e9nyt ny\u00fajtson. Nemcsak funkcion\u00e1lis, hanem eszt\u00e9tikailag is vonz\u00f3. A\u00a0<strong>markolat\u00fa \u00e9s k\u00f6nnyen megtarthat\u00f3<\/strong>\u00a0A kialak\u00edt\u00e1s biztos\u00edtja, hogy hossz\u00fa g\u0151z\u00f6l\u00e9si folyamatok alatt is teljes k\u00e9nyelemben legyen r\u00e9sze. A kompakt kialak\u00edt\u00e1s ide\u00e1lis a mindennapi haszn\u00e1latra, \u00e9s k\u00f6nnyen elf\u00e9r a zseb\u00e9ben.<\/p>\n<h3><strong>Innovat\u00edv technol\u00f3gia a t\u00f6k\u00e9letes g\u0151z\u00f6l\u00e9si \u00e9lm\u00e9ny\u00e9rt<\/strong><\/h3>\n<p>A\u00a0<strong>CRUX sz\u00e1r\u00edt\u00f3 f\u0171t\u00e9sv\u00e9delmi technol\u00f3gia<\/strong>\u00a0biztos\u00edtja, hogy minden vonat\u00a0<strong><a href=\"https:\/\/alfakher24h.de\/hu\/\">SMPO DL<\/a>02<\/strong>\u00a0biztos\u00edtja a folyamatos min\u0151s\u00e9get.  Ez a technol\u00f3gia v\u00e9d a t\u00falmeleged\u00e9s ellen, ami egy\u00a0<strong>tiszta \u00e9s k\u00f6vetkezetes \u00edz<\/strong>\u00a0vez\u00e9rl\u00e9s\u00e9t - m\u00e9g hossz\u00fa haszn\u00e1lat ut\u00e1n is. \u00cdgy mindig a legjobb \u00edzt kapja, \u00e9s teljes m\u00e9rt\u00e9kben \u00e9lvezheti az\u00a0<strong>Blueberry Ice<\/strong>\u00a0\u00cdzlel\u00e9s.<\/p>\n<h3><strong>10 000 h\u00faz\u00e1s hossz\u00fa t\u00e1v\u00fa \u00e9lvezet\u00e9rt<\/strong><\/h3>\n<p>10 000 vonatok kapacit\u00e1ssal rendelkezik a\u00a0<strong>SMPO DL02<\/strong>\u00a0A piacon el\u00e9rhet\u0151 egyik leger\u0151sebb egyszer haszn\u00e1latos vape. Ez azt jelenti, hogy hossz\u00fa id\u0151n kereszt\u00fcl \u00e1lland\u00f3 teljes\u00edtm\u00e9nyt \u00e9s teljes \u00edzt \u00e9lvezhet an\u00e9lk\u00fcl, hogy agg\u00f3dnia kellene az ut\u00e1nt\u00f6lt\u00e9s vagy a t\u00f6lt\u00e9si probl\u00e9m\u00e1k miatt. Az 750 mAh kapacit\u00e1s\u00fa akkumul\u00e1tor biztos\u00edtja, hogy a k\u00e9sz\u00fcl\u00e9k intenz\u00edv haszn\u00e1lat eset\u00e9n is megb\u00edzhat\u00f3an m\u0171k\u00f6dj\u00f6n.<\/p>\n<p><strong>\u00cdz\u00e9lm\u00e9ny - Blueberry Ice<\/strong><\/p>\n<p>A\u00a0<strong>Blueberry Ice<\/strong>\u00a0\u00cdze a\u00a0<strong>SMPO DL02<\/strong>\u00a0Egy igaz aromavil\u00e1g remeke. Itt az \u00e9rett \u00e1fonya gy\u00fcm\u00f6lcs\u00f6sen \u00e9des jegyei \u00f6sszeolvadnak egy friss\u00edt\u0151en h\u0171v\u00f6s j\u00e9gjeggyel, egyed\u00fcl\u00e1ll\u00f3 \u00edz\u00e9lm\u00e9nyt eredm\u00e9nyezve.<\/p>\n<p>Minden ilyen eldobhat\u00f3 e-cigaretta haszn\u00e1lata sor\u00e1n kiegyens\u00falyozott, term\u00e9szetes gy\u00fcm\u00f6lcs \u00edzzel fog meglepni.\u00a0<strong>Blueberry Ice<\/strong>\u00a0\u00cdzl\u00e9s t\u00f6k\u00e9letes mindazok sz\u00e1m\u00e1ra, akik szeretik a friss bogy\u00f3k intenz\u00edv \u00edz\u00e9t, de ugyanakkor \u00e9lvezni szeretn\u00e9k a j\u00e9g h\u0171s\u00edt\u0151 hat\u00e1s\u00e1t. A\u00a0<strong>j\u00e9ghideg ut\u00f3\u00edz<\/strong>\u00a0Biztos\u00edt egy extra frissess\u00e9get, ami a g\u0151z\u00f6l\u00e9st egy \u00fcd\u00edt\u0151 \u00e9lm\u00e9nny\u00e9 teszi, k\u00fcl\u00f6n\u00f6sen a forr\u00f3 ny\u00e1ri napokon. Ez az \u00edz t\u00f6k\u00e9letesen illik minden hangulathoz \u00e9s pillanathoz - legyen sz\u00f3 egy hossz\u00fa nap ut\u00e1ni ellazul\u00e1sr\u00f3l vagy egy friss\u00edt\u0151 k\u00eds\u00e9r\u0151r\u0151l a parkban tett s\u00e9t\u00e1hoz.<\/p>\n<p>innovat\u00edv technol\u00f3gi\u00e1nak k\u00f6sz\u00f6nhet\u0151en megmarad az \u00edze\u00a0<strong>Blueberry Ice<\/strong>\u00a0minden h\u00faz\u00e1sn\u00e1l \u00e1lland\u00f3, \u00edgy teljes m\u00e9rt\u00e9kben \u00e1t\u00e9lheti az arom\u00e1t an\u00e9lk\u00fcl, hogy id\u0151vel elhalv\u00e1nyulna vagy eltorzulna. Ez a t\u00f6k\u00e9letes kever\u00e9k\u00a0<strong>gy\u00fcm\u00f6lcs\u00f6s \u00e9dess\u00e9g<\/strong>\u00a0\u00e9s\u00a0<strong>friss j\u00e9ggel<\/strong>, amely a g\u0151z\u00f6l\u00e9si \u00e9lm\u00e9ny\u00e9t a k\u00f6vetkez\u0151 szintre emeli.<\/p>\n<p><img loading=\"lazy\" decoding=\"async\" class=\"alignnone wp-image-1560 size-full\" title=\"SMPO DL02 10000 Z\u00fcge Einweg E Zigarette - BLUEBERRY ICE 3\" src=\"https:\/\/alfakher24h.de\/wp-content\/uploads\/2025\/01\/SMPO-DL02-product-profile_01.webp\" sizes=\"auto, (max-width: 2133px) 100vw, 2133px\" srcset=\"https:\/\/alfakher24h.de\/wp-content\/uploads\/2025\/01\/SMPO-DL02-product-profile_01.webp 2133w, https:\/\/alfakher24h.de\/wp-content\/uploads\/2025\/01\/SMPO-DL02-product-profile_01-300x169.webp 300w, https:\/\/alfakher24h.de\/wp-content\/uploads\/2025\/01\/SMPO-DL02-product-profile_01-1024x576.webp 1024w, https:\/\/alfakher24h.de\/wp-content\/uploads\/2025\/01\/SMPO-DL02-product-profile_01-768x432.webp 768w, https:\/\/alfakher24h.de\/wp-content\/uploads\/2025\/01\/SMPO-DL02-product-profile_01-1536x864.webp 1536w, https:\/\/alfakher24h.de\/wp-content\/uploads\/2025\/01\/SMPO-DL02-product-profile_01-2048x1152.webp 2048w, https:\/\/alfakher24h.de\/wp-content\/uploads\/2025\/01\/SMPO-DL02-product-profile_01-18x10.webp 18w, https:\/\/alfakher24h.de\/wp-content\/uploads\/2025\/01\/SMPO-DL02-product-profile_01-600x338.webp 600w\" alt=\"SMPO DL02 10000 Z\u00fcge Einweg E Zigarette - BLUEBERRY ICE nem ig\u00e9nyel ford\u00edt\u00e1st, de ha m\u00e9gis SMPO DL02 10000 h\u00faz\u00e1s egyszerhaszn\u00e1latos E-cigaretta - \u00c1FONYA J\u00c9G\" width=\"2133\" height=\"1200\" \/><\/p>\n<h3><strong>Mi\u00e9rt \u00e9rdemes megv\u00e1s\u00e1rolni az SMPO DL02 10000 h\u00faz\u00e1s\u00fa eldobhat\u00f3 e-cigarett\u00e1t?<\/strong><\/h3>\n<ul>\n<li><strong>Hossz\u00fa \u00e9lettartam:<\/strong>\u00a0A 10 000 h\u00faz\u00e1ssal az SMPO DL02 rendk\u00edv\u00fcl hossz\u00fa \u00e9lettartamot k\u00edn\u00e1l, ide\u00e1lis azok sz\u00e1m\u00e1ra, akik eg\u00e9sz nap hozz\u00e1f\u00e9rni szeretn\u00e9nek a vape-hez.<\/li>\n<li><strong>Gyakorlati \u00e9s felhaszn\u00e1l\u00f3bar\u00e1t:<\/strong>\u00a0Nincs sz\u00fcks\u00e9g el\u0151k\u00e9sz\u00fcletekre - egyszer\u0171en kicsomagolja \u00e9s azonnal \u00e9lvezheti. Az ergon\u00f3mikus kialak\u00edt\u00e1s \u00e9s a k\u00f6nny\u0171 kezelhet\u0151s\u00e9g t\u00f6k\u00e9letess\u00e9 teszi \u00fatk\u00f6zben.<\/li>\n<li><strong>T\u00f6k\u00e9letes \u00edz\u00e9lm\u00e9ny:<\/strong>\u00a0A\u00a0<strong>Blueberry Ice<\/strong>\u00a0Az \u00edz \u00e1lland\u00f3 \u00e9s friss marad, \u00edgy minden alkalommal ugyanazt a jellegzetes \u00e9lm\u00e9nyt \u00e9lvezheti.<\/li>\n<li><strong>Minden g\u0151z\u00f6s sz\u00e1m\u00e1ra alkalmas:<\/strong>\u00a0Ak\u00e1r MTL, ak\u00e1r DL - az SMPO DL02 alkalmazkodik az \u00d6n preferenci\u00e1ihoz \u00e9s szem\u00e9lyre szabott g\u0151z\u00f6l\u00e9si \u00e9lm\u00e9nyt ny\u00fajt \u00d6nnek.<\/li>\n<li><strong>Magas nikotind\u00f3zis:<\/strong>\u00a020 mg nikotintartalommal (2%) az SMPO DL02 er\u0151s nikotinhat\u00e1st biztos\u00edt, amely megfelel a tapasztalt g\u0151z\u00f6l\u0151k ig\u00e9nyeinek.<\/li>\n<li><strong>El\u00e9rhet\u0151 helyen<a href=\"https:\/\/alfakher24h.de\/hu\/\"> alfakher24h.de<\/a>:<\/strong>\u00a0V\u00e1s\u00e1roljon k\u00e9nyelmesen \u00e9s biztons\u00e1gosan az egyszer haszn\u00e1latos e-cigarett\u00e1k legnagyobb online platformj\u00e1n\u00a0<strong>N\u00e9metorsz\u00e1g<\/strong>R\u00e9szes\u00fclj\u00f6n a gyors sz\u00e1ll\u00edt\u00e1sb\u00f3l \u00e9s a kiv\u00e1l\u00f3 \u00fcgyf\u00e9lszolg\u00e1latb\u00f3l.<\/li>\n<\/ul>\n<p><strong>K\u00f6vetkeztet\u00e9s \u2013 SMPO DL02 eldobhat\u00f3 e-cigaretta: A min\u0151s\u00e9gi \u00e9s \u00e9lvezeti v\u00e1laszt\u00e1s<\/strong><\/p>\n<p>A\u00a0<strong>SMPO DL02 10000 Z\u00fcge Einweg E Zigarette \n\nbecomes \n\nSMPO DL02 10000 h\u00faz\u00e1s eldobhat\u00f3 e-cigaretta<\/strong>\u00a0kiemelked\u0151 term\u00e9k mindenki sz\u00e1m\u00e1ra, aki egy hossz\u00fa \u00e9lettartam\u00fa, nagy teljes\u00edtm\u00e9ny\u0171 \u00e9s rendk\u00edv\u00fcl \u00edzletes e-cigarett\u00e1t keres. Az innovat\u00edv technol\u00f3gi\u00e1val, a nagy sz\u00edv\u00e1si kapacit\u00e1ssal \u00e9s az intenz\u00edv\u00a0<strong>Blueberry Ice<\/strong>\u00a0\u00cdz\u00e9lm\u00e9nyk\u00e9nt egy els\u0151 oszt\u00e1ly\u00fa g\u0151z\u00f6l\u00e9si \u00e9lm\u00e9nyben r\u00e9szes\u00fclhet.<\/p>\n<p>alfakher24h.de l\u00e1togasson el, hogy a saj\u00e1t\u00a0<strong>SMPO DL02 10000 Z\u00fcge Einweg E Zigarette \n\nbecomes \n\nSMPO DL02 10000 h\u00faz\u00e1s eldobhat\u00f3 e-cigaretta<\/strong>\u00a0M\u00e9g ma megrendelheti \u00e9s profit\u00e1lhat sz\u00e9lesk\u00f6r\u0171 k\u00edn\u00e1latunkb\u00f3l. B\u00fcszk\u00e9k vagyunk arra, hogy az egyszer haszn\u00e1latos e-cigarett\u00e1k legnagyobb v\u00e1laszt\u00e9k\u00e1t k\u00edn\u00e1ljuk.\u00a0<strong>N\u00e9metorsz\u00e1g<\/strong>\u00a0felaj\u00e1nlani - garant\u00e1ltan a legjobb hely az \u00d6n sz\u00e1m\u00e1ra\u00a0<strong>Vape<\/strong>\u00a0Megv\u00e1s\u00e1rolhat\u00f3.<\/p>\n<p><strong>Most v\u00e1s\u00e1roljon \u00e9s \u00e9lvezze a teljes \u00edzt!<\/strong><\/p>","protected":false},"excerpt":{"rendered":"<p><strong>SMPO DL02 10000 Z\u00fcge Einweg E Zigarette \n\nbecomes \n\nSMPO DL02 10000 h\u00faz\u00e1s eldobhat\u00f3 e-cigaretta<\/strong>\u00a0M\u00e9g ma megrendelheti \u00e9s profit\u00e1lhat sz\u00e9lesk\u00f6r\u0171 v\u00e1laszt\u00e9kunkb\u00f3l<\/p>","protected":false},"featured_media":1364,"comment_status":"open","ping_status":"closed","template":"","meta":{"om_disable_all_campaigns":false},"product_brand":[],"product_cat":[34],"product_tag":[],"class_list":{"0":"post-1363","1":"product","2":"type-product","3":"status-publish","4":"has-post-thumbnail","6":"product_cat-smpo-dl02-10000","8":"first","9":"outofstock","10":"shipping-taxable","11":"purchasable","12":"product-type-simple"},"_links":{"self":[{"href":"https:\/\/alfakher24h.de\/hu\/wp-json\/wp\/v2\/product\/1363","targetHints":{"allow":["GET"]}}],"collection":[{"href":"https:\/\/alfakher24h.de\/hu\/wp-json\/wp\/v2\/product"}],"about":[{"href":"https:\/\/alfakher24h.de\/hu\/wp-json\/wp\/v2\/types\/product"}],"replies":[{"embeddable":true,"href":"https:\/\/alfakher24h.de\/hu\/wp-json\/wp\/v2\/comments?post=1363"}],"wp:featuredmedia":[{"embeddable":true,"href":"https:\/\/alfakher24h.de\/hu\/wp-json\/wp\/v2\/media\/1364"}],"wp:attachment":[{"href":"https:\/\/alfakher24h.de\/hu\/wp-json\/wp\/v2\/media?parent=1363"}],"wp:term":[{"taxonomy":"product_brand","embeddable":true,"href":"https:\/\/alfakher24h.de\/hu\/wp-json\/wp\/v2\/product_brand?post=1363"},{"taxonomy":"product_cat","embeddable":true,"href":"https:\/\/alfakher24h.de\/hu\/wp-json\/wp\/v2\/product_cat?post=1363"},{"taxonomy":"product_tag","embeddable":true,"href":"https:\/\/alfakher24h.de\/hu\/wp-json\/wp\/v2\/product_tag?post=1363"}],"curies":[{"name":"wp","href":"https:\/\/api.w.org\/{rel}","templated":true}]}}