{"id":1336,"date":"2024-12-30T05:45:50","date_gmt":"2024-12-30T05:45:50","guid":{"rendered":"https:\/\/alfakher24h.de\/?post_type=product&#038;p=1336"},"modified":"2025-07-16T07:13:09","modified_gmt":"2025-07-16T07:13:09","slug":"smpo-dl02-10000-szivas-eldobhato-e-cigi-eper-fagylalt","status":"publish","type":"product","link":"https:\/\/alfakher24h.de\/hu\/termek\/smpo-dl02-10000-szivas-eldobhato-e-cigi-eper-fagylalt\/","title":{"rendered":"SMPO DL02 10000 Z\u00fcge Einweg E Zigarette \u2013 Eper j\u00e9gkr\u00e9m"},"content":{"rendered":"<h2><strong>SMPO DL02 10000 Z\u00fcge\u00a0Einweg E Zigarette: Az Ultimate \u00c9lvezet 10.000 Z\u00fag\u00e1ssal \u00e9s Sokoldal\u00fa \u00cdzvil\u00e1ggal<\/strong><\/h2>\n<p>A\u00a0<strong>SMPO DL02 10000 Z\u00fcge Einweg E Zigarette \n\nbecomes \n\nSMPO DL02 10000 h\u00faz\u00e1s eldobhat\u00f3 e-cigaretta<\/strong>\u00a0a t\u00f6k\u00e9letes v\u00e1laszt\u00e1s mindazok sz\u00e1m\u00e1ra, akik megb\u00edzhat\u00f3, nagy teljes\u00edtm\u00e9ny\u0171 \u00e9s felhaszn\u00e1l\u00f3bar\u00e1t eldobhat\u00f3 vape-ot keresnek. Hihetetlen\u00fcl\u00a0<strong>10 000 vonat kapacit\u00e1sa<\/strong>\u00a0Ez az eldobhat\u00f3 vape hossz\u00fa eltarthat\u00f3s\u00e1got k\u00edn\u00e1l, lehet\u0151v\u00e9 t\u00e9ve, hogy \u00f3r\u00e1kon kereszt\u00fcl \u00e9lvezze. Ak\u00e1r \u00fatk\u00f6zben van, ak\u00e1r csere k\u00e9sz\u00fcl\u00e9ket keres, az SMPO DL02 biztos\u00edtja, hogy mindig tiszta, hamis\u00edtatlan \u00edzt \u00e9lvezhessen.<\/p>\n<p>Halad\u00f3\u00a0<strong>CRUX sz\u00e1r\u00edt\u00f3 f\u0171t\u00e9sv\u00e9delmi technol\u00f3gia<\/strong>\u00a0Kialak\u00edt\u00e1s\u00e1nak k\u00f6sz\u00f6nhet\u0151en a SMPO DL02 tiszta g\u0151z\u00f6l\u00e9si \u00e9lm\u00e9nyt garant\u00e1l, amely kiv\u00e1l\u00f3 \u00edz visszaad\u00e1ssal b\u00fcszk\u00e9lkedik. Minden sz\u00edv\u00e1s \u00f6r\u00f6m lesz, amely kellemesnek \u00e9s frissnek \u00e9rzi mag\u00e1t, an\u00e9lk\u00fcl, hogy eltorz\u00edtan\u00e1 a term\u00e9szetes \u00edzt. Az ergon\u00f3mikus forma \u00e9s a tov\u00e1bbfejlesztett markolat m\u00e9g k\u00e9nyelmesebb\u00e9 teszi a g\u0151z\u00f6l\u00e9st, \u00e9s biztos\u00edtja, hogy a k\u00e9sz\u00fcl\u00e9ket k\u00f6nnyen mag\u00e1val vihesse.<\/p>\n<h3><strong>A SMPO DL02 10000 sz\u00edv\u00e1sos eldobhat\u00f3 e-cigaretta term\u00e9k jellemz\u0151i<\/strong><\/h3>\n<ul>\n<li><strong>Magas puffsz\u00e1m:<\/strong>\u00a0Leny\u0171g\u00f6z\u0151 10 000+ f\u00faj\u00e1ssal az SMPO DL02 hossz\u00fa \u00e9lettartamot k\u00edn\u00e1l, amely sok g\u0151z\u00f6s sz\u00e1m\u00e1ra elegend\u0151, \u00edgy praktikus v\u00e1laszt\u00e1s a mindennapi haszn\u00e1latra.<\/li>\n<li><strong>Ergonomikus kialak\u00edt\u00e1s:<\/strong>\u00a0Az ergon\u00f3mikus forma kellemes fog\u00e1st biztos\u00edt, m\u00edg a kompakt kialak\u00edt\u00e1s a k\u00e9sz\u00fcl\u00e9ket ide\u00e1lis k\u00eds\u00e9r\u0151v\u00e9 teszi \u00fatk\u00f6zben.<\/li>\n<li><strong>Tov\u00e1bbfejlesztett CRUX sz\u00e1r\u00edt\u00e1si technol\u00f3gia:<\/strong>\u00a0Ez a technol\u00f3gia \u00e1lland\u00f3 \u00e9s egyenletes h\u0151m\u00e9rs\u00e9kletet biztos\u00edt a zamat meg\u0151rz\u00e9se \u00e9rdek\u00e9ben, \u00e9s intenz\u00edv g\u0151zt termel an\u00e9lk\u00fcl, hogy befoly\u00e1soln\u00e1 az \u00edzt.<\/li>\n<li><strong>Testreszabhat\u00f3 g\u0151z\u00f6l\u00e9si lehet\u0151s\u00e9gek:<\/strong>\u00a0Der SMPO DL02 bietet sowohl\u00a0<strong>MTL (sz\u00e1jb\u00f3l a t\u00fcd\u0151be)<\/strong>\u00a0szint\u00e9n\u00a0<strong>DL (Direct Lung)<\/strong>\u00a0Lehet\u0151s\u00e9gek a g\u0151z\u00f6l\u00e9si st\u00edlus szem\u00e9lyre szab\u00e1s\u00e1hoz.<\/li>\n<li><strong>Nikotintartalom:<\/strong>\u00a0Az SMPO DL02 tartalmaz\u00a0<strong>2 % Nikotin (20 mg) \n(magyar\u00e1zatot nem adok) \nV\u00e1lasz: 2 % Nikotin (20 mg)<\/strong>ami miatt kiv\u00e1l\u00f3 v\u00e1laszt\u00e1s azoknak a vapereknek, akik nagyobb nikotinbevitelt szeretn\u00e9nek.<\/li>\n<li><strong>Az akkumul\u00e1tor kapacit\u00e1sa \u00e9s teljes\u00edtm\u00e9nye:<\/strong>\u00a0Egyetlen\u00a0<strong>750 mAh akkumul\u00e1tor<\/strong>\u00a0\u00e9s egy\u00a0<strong>20W teljes\u00edtm\u00e9ny<\/strong>\u00a0A SMPO DL02 biztos\u00edtja a er\u0151s \u00e9s megb\u00edzhat\u00f3 teljes\u00edtm\u00e9nyt a term\u00e9k teljes \u00e9lettartama alatt.<\/li>\n<li><strong>Folyad\u00e9kszint:<\/strong>\u00a0Az SMPO DL02 nagyvonal\u00fa csomagol\u00e1ssal \u00e9rkezik\u00a0<strong>20 ml e-liquid t\u00f6ltet<\/strong>amely biztos\u00edtja, hogy hossz\u00fa ideig \u00e9lvezhesse intenz\u00edv \u00edz\u00e9t.<\/li>\n<\/ul>\n<h3><strong>\u00cdz\u00e9lm\u00e9ny SMPO DL02 10000 h\u00faz\u00e1s eldobhat\u00f3 e-cigaretta<\/strong><\/h3>\n<p>A megfelel\u0151 \u00edz kiv\u00e1laszt\u00e1sa d\u00f6nt\u0151 fontoss\u00e1g\u00fa a g\u0151z\u00f6l\u00e9si \u00e9lm\u00e9nyhez.\u00a0<strong>SMPO DL02 10000 Z\u00fcge Einweg E Zigarette \n\nbecomes \n\nSMPO DL02 10000 h\u00faz\u00e1s eldobhat\u00f3 e-cigaretta<\/strong>\u00a0Sz\u00e9les \u00edzv\u00e1laszt\u00e9kot k\u00edn\u00e1l, bele\u00e9rtve a n\u00e9pszer\u0171t is\u00a0<strong>Eperj\u00e9gkr\u00e9m<\/strong>Ez az \u00edzkompoz\u00edci\u00f3 az \u00e9rett eper \u00e9dess\u00e9g\u00e9nek \u00e9s a h\u0171s, kr\u00e9mes fagylalt jegy\u00e9nek t\u00f6k\u00e9letes kombin\u00e1ci\u00f3ja - egy finom \u00e9lvezet mindazok sz\u00e1m\u00e1ra, akik szeretik a gy\u00fcm\u00f6lcs\u00f6s \u00e9s kr\u00e9mes arom\u00e1kat. Engedje, hogy ez az \u00e9des, h\u0171s kever\u00e9k k\u00e9nyeztesse \u00d6nt, amely nemcsak az \u00edzlel\u0151bimb\u00f3kat \u00f6r\u00f6meteli, hanem hossz\u00fa ideig is tart.<\/p>\n<p><strong>Eperj\u00e9gkr\u00e9m<\/strong>\u00a0egyes\u00edti a friss, intenz\u00edv \u00edzt\u00a0<strong>\u00e9rett eper<\/strong>\u00a0a sima, kr\u00e9mes text\u00far\u00e1val\u00a0<strong>Van\u00edliafagylalt<\/strong>A minden vonat v\u00e9g\u00e9n \u00e9rz\u0151d\u0151 h\u0171s lehelet egyedi \u00e9lm\u00e9nyt ny\u00fajt, amely eg\u00e9sz nap kellemes marad. Ez az \u00edzkompoz\u00edci\u00f3 ide\u00e1lis azoknak a vapereknek, akik friss, \u00e9des, de nem t\u00fal er\u0151s \u00e9lm\u00e9nyt keresnek. A\u00a0<strong>Eperj\u00e9gkr\u00e9m<\/strong>Az \u00edz t\u00f6k\u00e9letesen illik az er\u0151teljeshez\u00a0<strong>10 000 vonatb\u00f3l<\/strong>, amelyet az SMPO DL02 k\u00edn\u00e1l, \u00e9s biztos\u00edtja, hogy minden h\u00faz\u00e1s ugyanolyan \u00edzletes legyen, mint az els\u0151.<\/p>\n<p>Mellett\u00a0<strong>Eperj\u00e9gkr\u00e9m<\/strong>\u00a0A SMPO DL02 sz\u00e1mos k\u00fcl\u00f6nb\u00f6z\u0151 \u00edzvari\u00e1ci\u00f3t k\u00edn\u00e1l, amelyek tetsz\u00e9s szerint v\u00e1laszthat\u00f3k. Legyen sz\u00f3 gy\u00fcm\u00f6lcs\u00f6s, \u00e9des vagy friss\u00edt\u0151 \u00edzr\u0151l - a SMPO DL02 minden \u00edzl\u00e9st kiel\u00e9g\u00edt. Minden \u00edzvari\u00e1ci\u00f3t gondosan fejlesztenek ki, hogy intenz\u00edv \u00e9s kiel\u00e9g\u00edt\u0151 vape-\u00e9lm\u00e9nyt biztos\u00edtsanak, amely eg\u00e9sz nap tart.<\/p>\n<h3><strong>Mi\u00e9rt \u00e9rdemes v\u00e1lasztania az SMPO DL02 10000 h\u00faz\u00e1s\u00fa eldobhat\u00f3 e-cigarett\u00e1t<\/strong><\/h3>\n<p>Sok eldobhat\u00f3 vape van a piacon, de az\u00a0<strong>SMPO DL02 10000 Z\u00fcge Einweg E Zigarette \n\nbecomes \n\nSMPO DL02 10000 h\u00faz\u00e1s eldobhat\u00f3 e-cigaretta<\/strong>\u00a0T\u00f6bb kiemelked\u0151 tulajdons\u00e1g\u00e1val is kit\u0171nik, ami miatt el\u0151nyben r\u00e9szes\u00edtett v\u00e1laszt\u00e1snak sz\u00e1m\u00edt:<\/p>\n<ol>\n<li><strong>Tart\u00f3ss\u00e1g \u00e9s magas kih\u00faz\u00e1sok:<\/strong>\u00a0T\u00f6bb mint 10 000 teker\u00e9ssel az SMPO DL02 rendk\u00edv\u00fcl hossz\u00fa \u00e9lettartamot k\u00edn\u00e1l. Ez kevesebb gyakori v\u00e1s\u00e1rl\u00e1st \u00e9s nagyobb k\u00e9nyelmet jelent a g\u0151z\u00f6l\u0151 sz\u00e1m\u00e1ra.<\/li>\n<li><strong>Felhaszn\u00e1l\u00f3bar\u00e1ts\u00e1g:<\/strong>\u00a0Az SMPO DL02 nagyon egyszer\u0171en haszn\u00e1lhat\u00f3. Komplik\u00e1lt be\u00e1ll\u00edt\u00e1sok vagy ut\u00e1nt\u00f6lt\u00e9sek n\u00e9lk\u00fcl ide\u00e1lis term\u00e9k mind a kezd\u0151k, mind a tapasztalt g\u0151z\u00f6l\u0151k sz\u00e1m\u00e1ra.<\/li>\n<li><strong>A g\u0151zopci\u00f3k sokoldal\u00fas\u00e1ga:<\/strong>\u00a0V\u00e1laszthat a MTL \u00e9s a DL k\u00f6z\u00f6tt, hogy a g\u0151z\u00f6l\u00e9si \u00e9lm\u00e9nyt az \u00d6n ig\u00e9nyei szerint \u00e1ll\u00edtsa be. \u00cdgy van flexibilit\u00e1sa, hogy v\u00e1lasszon az enyhe sz\u00edv\u00e1sok \u00e9s az er\u0151sebb g\u0151zfellobban\u00e1sok k\u00f6z\u00f6tt.<\/li>\n<li><strong>\u00cdzkompoz\u00edci\u00f3k extra oszt\u00e1lya:<\/strong>\u00a0Az SMPO DL02 \u00edzl\u00e9sv\u00e1laszt\u00e9ka p\u00e1ratlan. Minden \u00edzvil\u00e1got \u00fagy fejlesztettek ki, hogy intenz\u00edv \u00e9s kiel\u00e9g\u00edt\u0151 \u00e9lm\u00e9nyt ny\u00fajtson.<\/li>\n<li><strong>Ergonomikus kialak\u00edt\u00e1s:<\/strong>\u00a0A tov\u00e1bbfejlesztett markolat \u00e9s az ergon\u00f3mikus kialak\u00edt\u00e1s kellemesebb\u00e9 \u00e9s k\u00e9nyelmesebb\u00e9 teszi a g\u0151z\u00f6l\u00e9st. A kompakt \u00e9s karcs\u00fa kialak\u00edt\u00e1s lehet\u0151v\u00e9 teszi, hogy az SMPO DL02-t b\u00e1rhov\u00e1 mag\u00e1val vigye.<\/li>\n<li><strong>Optim\u00e1lis nikotin lehet\u0151s\u00e9g:<\/strong>\u00a0Egy 2 % (20 mg) nikotintartalommal rendelkez\u0151 SMPO DL02 megfelel\u0151 nikotinbevitelt biztos\u00edt mindazok sz\u00e1m\u00e1ra, akik szeretn\u00e9k megtapasztalni a k\u00edv\u00e1nt nikotint.<\/li>\n<\/ol>\n<p><img loading=\"lazy\" decoding=\"async\" class=\"alignnone wp-image-1565 size-full\" title=\"SMPO DL02 10000 Z\u00fcge Einweg E Zigarette - Eper j\u00e9gkr\u00e9m 3\" src=\"https:\/\/alfakher24h.de\/wp-content\/uploads\/2024\/12\/SMPO-DL02-product-profile_03.webp\" sizes=\"auto, (max-width: 2133px) 100vw, 2133px\" srcset=\"https:\/\/alfakher24h.de\/wp-content\/uploads\/2024\/12\/SMPO-DL02-product-profile_03.webp 2133w, https:\/\/alfakher24h.de\/wp-content\/uploads\/2024\/12\/SMPO-DL02-product-profile_03-300x169.webp 300w, https:\/\/alfakher24h.de\/wp-content\/uploads\/2024\/12\/SMPO-DL02-product-profile_03-1024x576.webp 1024w, https:\/\/alfakher24h.de\/wp-content\/uploads\/2024\/12\/SMPO-DL02-product-profile_03-768x432.webp 768w, https:\/\/alfakher24h.de\/wp-content\/uploads\/2024\/12\/SMPO-DL02-product-profile_03-1536x864.webp 1536w, https:\/\/alfakher24h.de\/wp-content\/uploads\/2024\/12\/SMPO-DL02-product-profile_03-2048x1152.webp 2048w, https:\/\/alfakher24h.de\/wp-content\/uploads\/2024\/12\/SMPO-DL02-product-profile_03-18x10.webp 18w, https:\/\/alfakher24h.de\/wp-content\/uploads\/2024\/12\/SMPO-DL02-product-profile_03-600x338.webp 600w\" alt=\"SMPO DL02 10000 Z\u00fcge Einweg E Zigarette - Eper j\u00e9gkr\u00e9m\" width=\"2133\" height=\"1200\" \/><\/p>\n<hr \/>\n<h3><strong>Mi\u00e9rt \u00e9rdemes megv\u00e1s\u00e1rolni az SMPO DL02 10000 h\u00faz\u00e1s\u00fa eldobhat\u00f3 e-cigarett\u00e1t az alfakher24h.de oldalon<\/strong><\/h3>\n<p>alfakher24h.de a legnagyobb online platform v\u00e1s\u00e1rl\u00e1s  sz\u00e1m\u00e1ra <strong>Egyszer haszn\u00e1latos e-cigarett\u00e1k N\u00e9metorsz\u00e1gban<\/strong>N\u00e1lunk megtal\u00e1lja a legjobb term\u00e9keket a legvonz\u00f3bb \u00e1rakon. Ha megb\u00edzhat\u00f3 \u00e9s kiv\u00e1l\u00f3 min\u0151s\u00e9g\u0171 term\u00e9ket keres,\u00a0<strong>SMPO DL02 10000 Z\u00fcge Einweg E Zigarette \n\nbecomes \n\nSMPO DL02 10000 h\u00faz\u00e1s eldobhat\u00f3 e-cigaretta<\/strong>\u00a0akkor n\u00e1lunk pontosan j\u00f3 helyen j\u00e1r. Biztons\u00e1gos \u00e9s k\u00e9nyelmes lehet\u0151s\u00e9get ny\u00fajtunk,\u00a0<strong>Nikotint tartalmaz\u00f3 vape-ek<\/strong>\u00a0online megv\u00e1s\u00e1rolhat\u00f3.<\/p>\n<p>\u00dcgyfeleink profit\u00e1lnak a gyors sz\u00e1ll\u00edt\u00e1sb\u00f3l, a kiv\u00e1l\u00f3 \u00fcgyf\u00e9lszolg\u00e1latb\u00f3l \u00e9s a sz\u00e9les term\u00e9kv\u00e1laszt\u00e9kb\u00f3l\u00a0<strong>Eldobhat\u00f3 e-cigarett\u00e1k<\/strong>Az alfakher24h.de-n t\u00f6rt\u00e9n\u0151 v\u00e1s\u00e1rl\u00e1ssal biztos lehet abban, hogy hiteles, kiv\u00e1l\u00f3 min\u0151s\u00e9g\u0171 term\u00e9ket kap, amely hossz\u00fa ideig \u00f6r\u00f6met okoz \u00d6nnek.<\/p>\n<p>Ne hagyja ki a lehet\u0151s\u00e9get, hogy megtapasztalja a v\u00e9gs\u0151 g\u0151z\u00f6l\u00e9si \u00e9lm\u00e9nyt \u2013\u00a0<strong>Most jelenlegi SMPO DL02 10000 h\u00faz\u00e1s egyszer haszn\u00e1latos E-cigaretta<\/strong> V\u00e1s\u00e1roljon az alfakher24h.de oldalon!<\/p>\n<hr \/>\n<p><strong>K\u00f6vetkeztet\u00e9s:<\/strong>\u00a0A\u00a0<strong>SMPO DL02 10000 Z\u00fcge Einweg E Zigarette \n\nbecomes \n\nSMPO DL02 10000 h\u00faz\u00e1s eldobhat\u00f3 e-cigaretta<\/strong> nagyszer\u0171 v\u00e1laszt\u00e1s mindenki sz\u00e1m\u00e1ra, aki praktikus, tart\u00f3s \u00e9s intenz\u00edv \u00edz\u0171 vape-ot keres. Hossz\u00fa \u00e9lettartam\u00e1val, sz\u00e9les \u00edzv\u00e1laszt\u00e9k\u00e1val \u00e9s ergonomikus kialak\u00edt\u00e1s\u00e1val mindent megad, amire sz\u00fcks\u00e9ge van egy els\u0151 oszt\u00e1ly\u00fa g\u0151z\u00f6l\u00e9si \u00e9lm\u00e9nyhez. V\u00e1lassza ki kedvenc \u00edz\u00e9t, \u00e9s v\u00e1s\u00e1rolja meg k\u00e9sz\u00fcl\u00e9k\u00e9t k\u00f6zvetlen\u00fcl az alfakher24h.de oldalon - a legjobb v\u00e1laszt\u00e1s a\u00a0<strong>Vape v\u00e1s\u00e1rl\u00e1s N\u00e9metorsz\u00e1gban<\/strong>.<\/p>","protected":false},"excerpt":{"rendered":"<p><strong>SMPO DL02 10000 Z\u00fcge Einweg E Zigarette \n\nbecomes \n\nSMPO DL02 10000 h\u00faz\u00e1s eldobhat\u00f3 e-cigaretta<\/strong> kiv\u00e1l\u00f3 v\u00e1laszt\u00e1s mindenki sz\u00e1m\u00e1ra, aki praktikus megold\u00e1st keres<\/p>","protected":false},"featured_media":1337,"comment_status":"open","ping_status":"closed","template":"","meta":{"om_disable_all_campaigns":false},"product_brand":[],"product_cat":[34],"product_tag":[],"class_list":{"0":"post-1336","1":"product","2":"type-product","3":"status-publish","4":"has-post-thumbnail","6":"product_cat-smpo-dl02-10000","8":"first","9":"outofstock","10":"shipping-taxable","11":"purchasable","12":"product-type-simple"},"_links":{"self":[{"href":"https:\/\/alfakher24h.de\/hu\/wp-json\/wp\/v2\/product\/1336","targetHints":{"allow":["GET"]}}],"collection":[{"href":"https:\/\/alfakher24h.de\/hu\/wp-json\/wp\/v2\/product"}],"about":[{"href":"https:\/\/alfakher24h.de\/hu\/wp-json\/wp\/v2\/types\/product"}],"replies":[{"embeddable":true,"href":"https:\/\/alfakher24h.de\/hu\/wp-json\/wp\/v2\/comments?post=1336"}],"wp:featuredmedia":[{"embeddable":true,"href":"https:\/\/alfakher24h.de\/hu\/wp-json\/wp\/v2\/media\/1337"}],"wp:attachment":[{"href":"https:\/\/alfakher24h.de\/hu\/wp-json\/wp\/v2\/media?parent=1336"}],"wp:term":[{"taxonomy":"product_brand","embeddable":true,"href":"https:\/\/alfakher24h.de\/hu\/wp-json\/wp\/v2\/product_brand?post=1336"},{"taxonomy":"product_cat","embeddable":true,"href":"https:\/\/alfakher24h.de\/hu\/wp-json\/wp\/v2\/product_cat?post=1336"},{"taxonomy":"product_tag","embeddable":true,"href":"https:\/\/alfakher24h.de\/hu\/wp-json\/wp\/v2\/product_tag?post=1336"}],"curies":[{"name":"wp","href":"https:\/\/api.w.org\/{rel}","templated":true}]}}