{"id":1331,"date":"2024-12-30T05:39:08","date_gmt":"2024-12-30T05:39:08","guid":{"rendered":"https:\/\/alfakher24h.de\/?post_type=product&#038;p=1331"},"modified":"2025-07-16T07:13:09","modified_gmt":"2025-07-16T07:13:09","slug":"smpo-dl02-10000-szivas-eldobhato-e-cigi-citromcukor","status":"publish","type":"product","link":"https:\/\/alfakher24h.de\/hu\/termek\/smpo-dl02-10000-szivas-eldobhato-e-cigi-citromcukor\/","title":{"rendered":"SMPO DL02 10000 Z\u00fcge Einweg E Zigarette \u2013 Lemon candy \nSMPO DL02 10000 h\u00faz\u00e1s eldobhat\u00f3 e-cigaretta - Citrom cukorka"},"content":{"rendered":"<h2><strong>SMPO DL02 10000 Z\u00fcge Einweg E Zigarette: Az ultimate v\u00e1laszt\u00e1s a g\u0151z\u00f6l\u0151k sz\u00e1m\u00e1ra N\u00e9metorsz\u00e1gban<\/strong><\/h2>\n<p>A\u00a0<strong>SMPO DL02 10000 Z\u00fcge Einweg E Zigarette \n\nbecomes \n\nSMPO DL02 10000 h\u00faz\u00e1s eldobhat\u00f3 e-cigaretta<\/strong>\u00a0a t\u00f6k\u00e9letes t\u00e1rs a g\u0151z\u00f6l\u0151k sz\u00e1m\u00e1ra, akik felhaszn\u00e1l\u00f3bar\u00e1t, tart\u00f3s \u00e9s sokoldal\u00fa megold\u00e1st keresnek.  Leny\u0171g\u00f6z\u0151 kapacit\u00e1ssal rendelkezik\u00a0<strong>10 000 vonatb\u00f3l<\/strong>\u00a0\u00e9s sz\u00e1mos \u00edzvil\u00e1ggal, melyek elk\u00e9nyeztetik az \u00edzlel\u0151bimb\u00f3kat, ez a term\u00e9k \u00faj m\u00e9rc\u00e9t \u00e1ll\u00edt fel a vil\u00e1gban\u00a0<strong>Eldobhat\u00f3 e-cigarett\u00e1k<\/strong>Mindenki sz\u00e1m\u00e1ra, aki N\u00e9metorsz\u00e1gban keres min\u0151s\u00e9gi\u00a0<strong>E-cigaretta nikotinnal<\/strong>\u00a0keresni, az a\u00a0<strong>SMPO DL02<\/strong>\u00a0A t\u00f6k\u00e9letes v\u00e1laszt\u00e1s. Ak\u00e1r tapasztalt g\u0151z\u00f6l\u0151 vagy \u00fajonc, ez a modell mindent tartalmaz, amire sz\u00fcks\u00e9ge van egy \u00e9lvezetes g\u0151z\u00f6l\u00e9si \u00e9lm\u00e9nyhez.<\/p>\n<hr \/>\n<h2><strong>Mi\u00e9rt a SMPO DL02 10000 sz\u00e1las eldobhat\u00f3 e-cigaretta a legjobb v\u00e1laszt\u00e1s \u00d6nnek<\/strong><\/h2>\n<p>A\u00a0<strong>SMPO DL02 10000 Z\u00fcge Einweg E Zigarette \n\nbecomes \n\nSMPO DL02 10000 h\u00faz\u00e1s eldobhat\u00f3 e-cigaretta<\/strong>\u00a0kiemelked\u0151 v\u00e1laszt\u00e1s mindazok sz\u00e1m\u00e1ra, akik k\u00e9nyelmes \u00e9s hat\u00e9kony m\u00f3dot keresnek a g\u0151z\u00f6l\u00e9s \u00e9lvezet\u00e9re. Nemcsak a magas vontat\u00e1si kapacit\u00e1sa \u00e9s az innovat\u00edv technol\u00f3gia miatt k\u00fcl\u00f6n\u00f6sen vonz\u00f3, hanem a felhaszn\u00e1l\u00f3bar\u00e1t kialak\u00edt\u00e1sa \u00e9s a kiv\u00e1l\u00f3 \u00edz\u00e9lm\u00e9ny miatt is. Mindegy, hogy N\u00e9metorsz\u00e1gban keresnek-e egy\u00a0<strong>Egyszer haszn\u00e1latos e-cigaretta nikotinnal<\/strong>\u00a0Keressen vagy egyszer\u0171en csak egy praktikus lehet\u0151s\u00e9get szeretne \u00fatk\u00f6zben - az SMPO DL02 minden tekintetben meggy\u0151z\u0151.<\/p>\n<h3><strong>Egyszer haszn\u00e1latos e-cigaretta nikotinnal - Ide\u00e1lis \u00fatk\u00f6zben<\/strong><\/h3>\n<p>Egy nikotintartalma  von\u00a0<strong>2 % (20 mg)<\/strong>\u00a0alkalmas r\u00e1\u00a0<strong>SMPO DL02<\/strong>\u00a0T\u00f6k\u00e9letes a g\u0151z\u00f6l\u00e9s szerelmeseinek, akik a nikotin \u00e1ltal k\u00edn\u00e1lt izgalmat egy kellemes g\u0151z\u00e9lm\u00e9nnyel kombin\u00e1lva keresik. Ezek\u00a0<strong>E-cigaretta nikotinnal<\/strong>\u00a0biztos\u00edt egy azonnali \u00e9lvezetet, \u00fajrat\u00f6lt\u00e9s vagy k\u00f6r\u00fclm\u00e9nyes karbantart\u00e1s n\u00e9lk\u00fcl. A\u00a0<strong>SMPO DL02<\/strong>\u00a0K\u00fcl\u00f6n\u00f6sen praktikus \u00fatk\u00f6zbeni haszn\u00e1latra vagy a napi g\u0151z\u00f6l\u00e9shez sz\u00fcks\u00e9ges tartal\u00e9kk\u00e9nt.<\/p>\n<h3><strong>Funkci\u00f3k \u00e9s tulajdons\u00e1gok az SMPO DL02 10000 h\u00faz\u00f3s eldobhat\u00f3 e-cigaretta<\/strong><\/h3>\n<ul>\n<li><strong>Kapazit\u00e4t<\/strong>\u00a020 ml - Ezzel az\u00a0<strong>SMPO DL02<\/strong>\u00a0T\u00f6k\u00e9letes a hossz\u00fa t\u00e1v\u00fa \u00e9lvezethez, mivel a nagy folyad\u00e9kkapacit\u00e1s garant\u00e1lja a nagy sz\u00e1m\u00fa sz\u00edv\u00e1st.<\/li>\n<li><strong>Vonatok:<\/strong>\u00a0T\u00f6bb mint\u00a0<strong>10 000 vonat<\/strong>\u00a0- Leny\u0171g\u00f6z\u0151 teljes\u00edtm\u00e9ny egy\u00a0<strong>Eldobhat\u00f3 e-cigaretta<\/strong>amely hossz\u00fa \u00e9lettartamot \u00e9s intenz\u00edv g\u0151z\u00f6l\u00e9si \u00e9lm\u00e9nyt ny\u00fajt.<\/li>\n<li><strong>Akkumul\u00e1tor kapacit\u00e1s:<\/strong>\u00a0750 mAh \u2013 A nagy kapacit\u00e1s biztos\u00edtja, hogy az akkumul\u00e1tor el\u00e9g hossz\u00fa ideig tartson ahhoz, hogy minden 10 000 h\u00faz\u00e1st probl\u00e9ma n\u00e9lk\u00fcl el\u00e9rjen.<\/li>\n<li><strong>Teljes\u00edtm\u00e9ny:<\/strong>\u00a020 W - Ide\u00e1lis a folyamatos g\u0151z\u00e9lvezethez, \u00e1lland\u00f3 teljes\u00edtm\u00e9nnyel.<\/li>\n<li><strong>Ellen\u00e1ll\u00e1s:<\/strong>\u00a00,6 Ohm \u2013 Az ellen\u00e1ll\u00e1s biztos\u00edtja a kiegyens\u00falyozott g\u0151ztermel\u00e9st \u00e9s a kellemes MTL (sz\u00e1jb\u00f3l t\u00fcd\u0151be) vagy DL (k\u00f6zvetlen\u00fcl t\u00fcd\u0151be) \u00e9lm\u00e9nyt.<\/li>\n<li><strong>Technol\u00f3gia:<\/strong>\u00a0A k\u00f6vetkez\u0151vel\u00a0<strong>Intelligens CRUX sz\u00e1r\u00edt\u00f3 f\u0171t\u00e9sv\u00e9delmi technol\u00f3gia<\/strong>\u00a0\u00c9lvezze minden h\u00faz\u00e1ssal a tiszta \u00edzt.  Ez az innovat\u00edv technol\u00f3gia v\u00e9di a k\u00e9sz\u00fcl\u00e9ket a t\u00falmeleged\u00e9st\u0151l \u00e9s hosszabb \u00e9lettartamot biztos\u00edt.<\/li>\n<li><strong>Ergonomikus kialak\u00edt\u00e1s:<\/strong>\u00a0A\u00a0<strong>SMPO DL02<\/strong>\u00a0Ergonomikus kialak\u00edt\u00e1s\u00fa, \u00edgy k\u00e9nyelmesen illeszkedik a k\u00e9zbe \u00e9s biztos\u00edtja a k\u00e9nyelmes haszn\u00e1latot.<\/li>\n<\/ul>\n<h3><strong>Az SMPO DL02 10000 h\u00faz\u00f3 egyszer haszn\u00e1latos e-cigaretta el\u0151nyei<\/strong><\/h3>\n<ul>\n<li><strong>Egyszer\u0171 kezel\u00e9s:<\/strong>\u00a0Nincs sz\u00fcks\u00e9g ut\u00e1nt\u00f6lt\u00e9sre vagy karbantart\u00e1sra - egyszer\u0171en kicsomagolja \u00e9s haszn\u00e1lja!<\/li>\n<li><strong>Hossz\u00fa eltarthat\u00f3s\u00e1g:<\/strong>\u00a0T\u00f6bb mint\u00a0<strong>10 000 vonatb\u00f3l<\/strong>\u00a0Hossz\u00fa ideig k\u00e9pesek gondoskodni magukr\u00f3l\u00a0<strong>Eldobhat\u00f3 e-cigaretta<\/strong>\u00a0elhagyj\u00e1k.<\/li>\n<li><strong>Magas sz\u00ednvonal\u00fa \u00edzl\u00e9s:<\/strong>\u00a0K\u00f6sz\u00f6nhet\u0151en a\u00a0<strong>CRUX sz\u00e1r\u00edt\u00f3 f\u0171t\u00e9sv\u00e9delmi technol\u00f3gia<\/strong>\u00a0Minden h\u00faz\u00e1sn\u00e1l optim\u00e1lisan reproduk\u00e1lja az \u00edzt.<\/li>\n<li><strong>Sokoldal\u00fas\u00e1g<\/strong>\u00a0A\u00a0<strong>SMPO DL02<\/strong>\u00a0Alkalmas mind az MTL, mind a DL g\u0151z\u00f6l\u0151 sz\u00e1m\u00e1ra, sz\u00e9les c\u00e9lk\u00f6z\u00f6ns\u00e9get k\u00edn\u00e1lva.<\/li>\n<\/ul>\n<p><img loading=\"lazy\" decoding=\"async\" class=\"alignnone wp-image-1560 size-full\" title=\"SMPO DL02 10000 Z\u00fcge Einweg E Zigarette - Citrom cukorka 3\" src=\"https:\/\/alfakher24h.de\/wp-content\/uploads\/2024\/12\/SMPO-DL02-product-profile_01.webp\" sizes=\"auto, (max-width: 2133px) 100vw, 2133px\" srcset=\"https:\/\/alfakher24h.de\/wp-content\/uploads\/2024\/12\/SMPO-DL02-product-profile_01.webp 2133w, https:\/\/alfakher24h.de\/wp-content\/uploads\/2024\/12\/SMPO-DL02-product-profile_01-300x169.webp 300w, https:\/\/alfakher24h.de\/wp-content\/uploads\/2024\/12\/SMPO-DL02-product-profile_01-1024x576.webp 1024w, https:\/\/alfakher24h.de\/wp-content\/uploads\/2024\/12\/SMPO-DL02-product-profile_01-768x432.webp 768w, https:\/\/alfakher24h.de\/wp-content\/uploads\/2024\/12\/SMPO-DL02-product-profile_01-1536x864.webp 1536w, https:\/\/alfakher24h.de\/wp-content\/uploads\/2024\/12\/SMPO-DL02-product-profile_01-2048x1152.webp 2048w, https:\/\/alfakher24h.de\/wp-content\/uploads\/2024\/12\/SMPO-DL02-product-profile_01-18x10.webp 18w, https:\/\/alfakher24h.de\/wp-content\/uploads\/2024\/12\/SMPO-DL02-product-profile_01-600x338.webp 600w\" alt=\"SMPO DL02 10000 Z\u00fcge Einweg E Zigarette - Citrom cukorka\" width=\"2133\" height=\"1200\" \/><\/p>\n<h2><strong>Fedezze fel az SMPO DL02 10000 sz\u00edv\u00e1sos eldobhat\u00f3 e-cigaretta \u00edzeit<\/strong><\/h2>\n<p>Tov\u00e1bbi kiemel\u00e9se a\u00a0<strong>SMPO DL02 10000 Z\u00fcge Einweg E Zigarette \n\nbecomes \n\nSMPO DL02 10000 h\u00faz\u00e1s eldobhat\u00f3 e-cigaretta<\/strong>\u00a0k\u00fcl\u00f6nb\u00f6z\u0151ek\u00a0<strong>\u00cdzek<\/strong>amelyet a g\u0151z\u00f6l\u00e9s sor\u00e1n \u00e9lvezhet. K\u00fcl\u00f6n\u00f6sen n\u00e9pszer\u0171 lehet\u0151s\u00e9g az\u00a0<strong>Lemon Candy<\/strong>\u00cdz, amely \u00f6tv\u00f6zi az \u00e9des \u00e9s friss\u00edt\u0151 citrom teljes \u00e9lvezet\u00e9t egy kellemes vattacukor jeggyel.<\/p>\n<h3><strong>Lemon Candy \u2013 Egy friss\u00edt\u0151 \u00edz\u00e9lm\u00e9ny<\/strong><\/h3>\n<p>A\u00a0<strong>Lemon Candy<\/strong>\u00cdzes\u00edt\u00e9s\u00e9nek\u00a0<strong>SMPO DL02<\/strong>\u00a0Elrabolja \u00e9rz\u00e9keit egy friss\u00edt\u0151 citrusf\u00e9l\u00e9k \u00e9s \u00e9des arom\u00e1k vil\u00e1g\u00e1ba. Az \u00e9l\u00e9nk \u00edz\u00a0<strong>Citrom<\/strong>\u00a0kellemes kieg\u00e9sz\u00edti\u00a0<strong>\u00c9des<\/strong>, amelyek puha\u00a0<strong>Pamukcukor<\/strong>\u00a0eml\u00e9keztet. Minden h\u00faz\u00e1s okoz egy\u00a0<strong>friss, \u00e9lettel teli \u00edz<\/strong>, amely fel\u00e9l\u00e9nk\u00edti az \u00edzlel\u0151bimb\u00f3kat, mik\u00f6zben a k\u00f6nny\u0171 \u00e9dess\u00e9g kellemesen lekerek\u00edti a lecseng\u00e9st.<\/p>\n<p>Ha \u00d6n egy rajong\u00f3ja\u00a0<strong>\u00e9des-savany\u00fa<\/strong>\u00a0\u00cdzekr\u0151l van sz\u00f3, akkor ez az \u00edzvil\u00e1g garant\u00e1ltan elk\u00e1pr\u00e1ztatja \u00d6nt. A\u00a0<strong>Lemon Candy<\/strong>Az E-Liquid-kever\u00e9k a t\u00f6k\u00e9letes v\u00e1laszt\u00e1s azoknak a vapereknek, akik valami friss \u00e9s \u00e9des dolgot keresnek. Ide\u00e1lis a hideg t\u00e9li napokra, de a meleg ny\u00e1ri napokon is friss\u00edt\u0151 \u00e9lvezetet ny\u00fajt.<\/p>\n<h3><strong>Tov\u00e1bbi \u00edzek (El\u00e9rhet\u0151 a alfakher24h.de oldalon)<\/strong><\/h3>\n<p>Mellett\u00a0<strong>Lemon Candy<\/strong>\u00a0felaj\u00e1nlja a\u00a0<strong>SMPO DL02<\/strong>\u00a0sz\u00e1mos tov\u00e1bbi \u00edzes\u00edt\u00e9s, amely gazdag\u00edtja a g\u0151z\u00f6l\u00e9si \u00e9lm\u00e9nyt. Minden arom\u00e1t gondosan v\u00e1lasztottak ki, \u00e9s kiegyens\u00falyozott kever\u00e9ket k\u00edn\u00e1lnak\u00a0<strong>friss, gy\u00fcm\u00f6lcs\u00f6s<\/strong>\u00a0vagy\u00a0<strong>kr\u00e9mes<\/strong>\u00a0Jegyzetek, amelyek a g\u0151z\u00f6l\u00e9st felejthetetlen \u00e9lm\u00e9nny\u00e9 teszik.<\/p>\n<hr \/>\n<h2><strong>Mi\u00e9rt \u00e9rdemes megv\u00e1s\u00e1rolni az SMPO DL02 10000 h\u00faz\u00f3s eldobhat\u00f3 e-cigarett\u00e1t az alfakher24h.hu oldalon<\/strong><\/h2>\n<p>alfakher24h.de a legnagyobb online bolt  sz\u00e1m\u00e1ra <strong>Eldobhat\u00f3 e-cigarett\u00e1k<\/strong>\u00a0in\u00a0<strong>N\u00e9metorsz\u00e1g<\/strong>N\u00e1lunk nemcsak a\u00a0<strong>SMPO DL02 10000 Z\u00fcge Einweg E Zigarette \n\nbecomes \n\nSMPO DL02 10000 h\u00faz\u00e1s eldobhat\u00f3 e-cigaretta<\/strong>hanem egy hatalmas v\u00e1laszt\u00e9k tov\u00e1bbi kiv\u00e1l\u00f3 min\u0151s\u00e9g\u0171\u00a0<strong>Vape term\u00e9kek<\/strong>\u00dcgyfeleink nemcsak a hatalmas v\u00e1laszt\u00e9kot \u00e9s a kedvez\u0151 \u00e1rakat \u00e9rt\u00e9kelik, hanem gyors sz\u00e1ll\u00edtm\u00e1nyoz\u00e1sunkat \u00e9s kiv\u00e1l\u00f3 \u00fcgyf\u00e9lszolg\u00e1latunkat is.<\/p>\n<p>Az\u00e1ltal, hogy \u00d6n\u00a0<strong>SMPO DL02 10000 Z\u00fcge Einweg E Zigarette \n\nbecomes \n\nSMPO DL02 10000 h\u00faz\u00e1s eldobhat\u00f3 e-cigaretta<\/strong>\u00a0N\u00e1lunk v\u00e1s\u00e1rolva profit\u00e1lhat:<\/p>\n<ul>\n<li><strong>Gyors kisz\u00e1ll\u00edt\u00e1s<\/strong>\u00a0k\u00f6zvetlen\u00fcl az \u00d6n otthon\u00e1ba<\/li>\n<li><strong>Exkluz\u00edv aj\u00e1nlatok<\/strong>\u00a0\u00e9s\u00a0<strong>Kedvezm\u00e9nyek<\/strong><\/li>\n<li><strong>Kiemelked\u0151 \u00fcgyf\u00e9lszolg\u00e1lat<\/strong>, aki mindig \u00d6n mellett van<\/li>\n<li><strong>Megb\u00edzhat\u00f3 fizet\u00e9si m\u00f3dok<\/strong>\u00a0A biztons\u00e1g\u00e1\u00e9rt<\/li>\n<\/ul>\n<p>Az alfakher24h.de oldalon csak a legmagasabb min\u0151s\u00e9g\u0171 term\u00e9keket tal\u00e1lja. A mi <strong>Eldobhat\u00f3 e-cigarett\u00e1k<\/strong>\u00a0Mindig a leg\u00fajabb technol\u00f3giai fejletts\u00e9gi szinten vannak, \u00edgy biztos lehet benne, hogy mindig a legjobb tapasztalatot szerzi.<\/p>\n<hr \/>\n<h2><strong>Fazit: A SMPO DL02 10000 vonat  eldobhat\u00f3 e-cigaretta  k\u00f6telez\u0151 a n\u00e9metorsz\u00e1gi g\u0151z\u00f6l\u0151k sz\u00e1m\u00e1ra<\/strong><\/h2>\n<p>A\u00a0<strong>SMPO DL02 10000 Z\u00fcge Einweg E Zigarette \n\nbecomes \n\nSMPO DL02 10000 h\u00faz\u00e1s eldobhat\u00f3 e-cigaretta<\/strong>\u00a0ist egy kiv\u00e1l\u00f3 v\u00e1laszt\u00e1s minden g\u0151z\u00f6l\u0151 sz\u00e1m\u00e1ra\u00a0<strong>N\u00e9metorsz\u00e1g<\/strong>amely er\u0151s, felhaszn\u00e1l\u00f3bar\u00e1t \u00e9s \u00edzl\u00e9ses\u00a0<strong>E-cigaretta nikotinnal<\/strong>\u00a0keresnek. Egy\u00a0<strong>10 000 vonat kapacit\u00e1sa<\/strong>innovat\u00edv\u00a0<strong>CRUX sz\u00e1r\u00edt\u00f3 f\u0171t\u00e9sv\u00e9delmi technol\u00f3gia<\/strong>\u00a0\u00e9s sz\u00e1mos \u00edzletes\u00a0<strong>\u00cdzek<\/strong>\u00a0Ez a term\u00e9k mindent tartalmaz, amire sz\u00fcks\u00e9ge van egy nagyszer\u0171 g\u0151z\u00f6l\u00e9si \u00e9lm\u00e9nyhez.<\/p>\n<p><strong>V\u00e1s\u00e1rolja meg m\u00e9g ma SMPO DL02 10000 h\u00faz\u00e1s eldobhat\u00f3 e-cigarett\u00e1j\u00e1t az alfakher24h.de oldalon<\/strong>\u00a0\u00c9s \u00e9lvezze a legjobb g\u0151z\u00f6l\u00e9si \u00e9lm\u00e9nyt, amit a piac k\u00edn\u00e1l!<\/p>","protected":false},"excerpt":{"rendered":"<p>A\u00a0<strong>SMPO DL02 10000 Z\u00fcge Einweg E Zigarette \n\nbecomes \n\nSMPO DL02 10000 h\u00faz\u00e1s eldobhat\u00f3 e-cigaretta<\/strong>\u00a0ist egy kiv\u00e1l\u00f3 v\u00e1laszt\u00e1s minden g\u0151z\u00f6l\u0151 sz\u00e1m\u00e1ra\u00a0<strong>N\u00e9metorsz\u00e1g<\/strong>amely er\u0151s, felhaszn\u00e1l\u00f3bar\u00e1t \u00e9s \u00edzl\u00e9ses\u00a0<strong>E-cigaretta nikotinnal<\/strong>\u00a0keresnek. Egy\u00a0<strong>10 000 vonat kapacit\u00e1sa<\/strong>innovat\u00edv\u00a0<strong>CRUX sz\u00e1r\u00edt\u00f3 f\u0171t\u00e9sv\u00e9delmi technol\u00f3gia<\/strong>\u00a0\u00e9s sz\u00e1mos \u00edzletes\u00a0<strong>\u00cdzek<\/strong>\u00a0Ez a term\u00e9k mindent tartalmaz, amire sz\u00fcks\u00e9ge van egy nagyszer\u0171 g\u0151z\u00f6l\u00e9si \u00e9lm\u00e9nyhez.<\/p>","protected":false},"featured_media":1332,"comment_status":"open","ping_status":"closed","template":"","meta":{"om_disable_all_campaigns":false},"product_brand":[],"product_cat":[34],"product_tag":[],"class_list":{"0":"post-1331","1":"product","2":"type-product","3":"status-publish","4":"has-post-thumbnail","6":"product_cat-smpo-dl02-10000","8":"first","9":"outofstock","10":"shipping-taxable","11":"purchasable","12":"product-type-simple"},"_links":{"self":[{"href":"https:\/\/alfakher24h.de\/hu\/wp-json\/wp\/v2\/product\/1331","targetHints":{"allow":["GET"]}}],"collection":[{"href":"https:\/\/alfakher24h.de\/hu\/wp-json\/wp\/v2\/product"}],"about":[{"href":"https:\/\/alfakher24h.de\/hu\/wp-json\/wp\/v2\/types\/product"}],"replies":[{"embeddable":true,"href":"https:\/\/alfakher24h.de\/hu\/wp-json\/wp\/v2\/comments?post=1331"}],"wp:featuredmedia":[{"embeddable":true,"href":"https:\/\/alfakher24h.de\/hu\/wp-json\/wp\/v2\/media\/1332"}],"wp:attachment":[{"href":"https:\/\/alfakher24h.de\/hu\/wp-json\/wp\/v2\/media?parent=1331"}],"wp:term":[{"taxonomy":"product_brand","embeddable":true,"href":"https:\/\/alfakher24h.de\/hu\/wp-json\/wp\/v2\/product_brand?post=1331"},{"taxonomy":"product_cat","embeddable":true,"href":"https:\/\/alfakher24h.de\/hu\/wp-json\/wp\/v2\/product_cat?post=1331"},{"taxonomy":"product_tag","embeddable":true,"href":"https:\/\/alfakher24h.de\/hu\/wp-json\/wp\/v2\/product_tag?post=1331"}],"curies":[{"name":"wp","href":"https:\/\/api.w.org\/{rel}","templated":true}]}}