{"id":1326,"date":"2024-12-30T05:24:40","date_gmt":"2024-12-30T05:24:40","guid":{"rendered":"https:\/\/alfakher24h.de\/?post_type=product&#038;p=1326"},"modified":"2025-05-21T05:10:20","modified_gmt":"2025-05-21T05:10:20","slug":"fumot-randm-tornado-20000-szivas-eldobhato-e-cigaretta-huck-leberry","status":"publish","type":"product","link":"https:\/\/alfakher24h.de\/hu\/termek\/fumot-randm-tornado-20000-szivas-eldobhato-e-cigaretta-huck-leberry\/","title":{"rendered":"Fumot RandM Tornado 20000 h\u00faz\u00e1s eldobhat\u00f3 e-cigaretta - Huckleberry"},"content":{"rendered":"<h2><strong>Fumot RandM Tornado 20000 h\u00faz\u00e1s  Egyedi  E-cigaretta: A v\u00e9gs\u0151 v\u00e1laszt\u00e1s a n\u00e9metorsz\u00e1gi vaperek sz\u00e1m\u00e1ra<\/strong><\/h2>\n<p>A <a href=\"https:\/\/alfakher24h.de\/hu\/\">Fumot RandM Tornado 20000 h\u00faz\u00e1s eldobhat\u00f3 e-cigaretta<\/a> Egy forradalmi e-cigaretta, amely rendk\u00edv\u00fcli teljes\u00edtm\u00e9ny\u00e9vel \u00e9s figyelemrem\u00e9lt\u00f3an sz\u00e9lesk\u00f6r\u0171, \u00edzletes aromav\u00e1laszt\u00e9k\u00e1val t\u0171nik ki. T\u00f6k\u00e9letes azok sz\u00e1m\u00e1ra, akik intenz\u00edv \u00e9s hossz\u00fa t\u00e1v\u00fa vaporiz\u00e1ci\u00f3s \u00e9lm\u00e9nyt keresnek, ez az eldobhat\u00f3 vape mindent tartalmaz, amire sz\u00fcks\u00e9ge van: a magas sz\u00e1m\u00fa sz\u00edv\u00e1st\u00f3l kezdve a felhaszn\u00e1l\u00f3bar\u00e1t kialak\u00edt\u00e1sig \u00e9s a kiemelked\u0151 \u00edzvil\u00e1gig.<\/p>\n<p><img loading=\"lazy\" decoding=\"async\" class=\"alignnone size-full wp-image-1293\" src=\"https:\/\/alfakher24h.de\/wp-content\/uploads\/2024\/12\/Fumot-RandM-Tornado-20000-1024x657.jpg.webp\" alt=\"\" width=\"1024\" height=\"657\" title=\"\" srcset=\"https:\/\/alfakher24h.de\/wp-content\/uploads\/2024\/12\/Fumot-RandM-Tornado-20000-1024x657.jpg.webp 1024w, https:\/\/alfakher24h.de\/wp-content\/uploads\/2024\/12\/Fumot-RandM-Tornado-20000-1024x657.jpg-300x192.webp 300w, https:\/\/alfakher24h.de\/wp-content\/uploads\/2024\/12\/Fumot-RandM-Tornado-20000-1024x657.jpg-768x493.webp 768w, https:\/\/alfakher24h.de\/wp-content\/uploads\/2024\/12\/Fumot-RandM-Tornado-20000-1024x657.jpg-18x12.webp 18w, https:\/\/alfakher24h.de\/wp-content\/uploads\/2024\/12\/Fumot-RandM-Tornado-20000-1024x657.jpg-600x385.webp 600w\" sizes=\"auto, (max-width: 1024px) 100vw, 1024px\" \/><\/p>\n<h3><strong>Mi\u00e9rt v\u00e1lassza a Fumot RandM Tornado 20000 Z\u00fcge eldobhat\u00f3 e-cigarett\u00e1t?<\/strong><\/h3>\n<p>A Fumot RandM Tornado 20000 h\u00faz\u00e1sos eldobhat\u00f3 e-cigarett\u00e1val olyan leny\u0171g\u00f6z\u0151 g\u0151z\u00f6l\u00e9si \u00e9lm\u00e9nyt tapasztalhat, amely nemcsak a hossz\u00fa haszn\u00e1latot jellemzi, hanem a felhaszn\u00e1l\u00f3bar\u00e1t kezel\u00e9st \u00e9s az \u00edzletes arom\u00e1k v\u00e1ltozatoss\u00e1g\u00e1t is. Ez az e-cigaretta az egyik legfejlettebb eldobhat\u00f3 vape a piacon, amelyet kifejezetten a n\u00e9met k\u00f6z\u00f6ns\u00e9g sz\u00e1m\u00e1ra fejlesztettek ki, akik nagyra \u00e9rt\u00e9kelik a magas min\u0151s\u00e9get \u00e9s a tart\u00f3ss\u00e1got.<\/p>\n<p>Korszer\u0171 technol\u00f3gi\u00e1j\u00e1nak k\u00f6sz\u00f6nhet\u0151en, amely lehet\u0151v\u00e9 teszi a haszn\u00e1lat\u00e1t mind az egyszeres motoros, mind a kett\u0151s motoros m\u00f3dban, a Fumot Tornado 20000 p\u00e1ratlan \u00e9s szem\u00e9lyre szabhat\u00f3 \u00e9lm\u00e9nyt ny\u00fajt. Ebben kiemelt szerepet j\u00e1tszik a be\u00e9p\u00edtett l\u00e9g\u00e1raml\u00e1s-szab\u00e1lyoz\u00e1s, mivel lehet\u0151v\u00e9 teszi a felhaszn\u00e1l\u00f3k sz\u00e1m\u00e1ra, hogy saj\u00e1t ig\u00e9nyeik szerint \u00e1ll\u00edts\u00e1k be a sz\u00edv\u00e1s intenzit\u00e1s\u00e1t.<\/p>\n<p>Egy tov\u00e1bbi kiemel\u00e9se ennek az egyszer haszn\u00e1latos e-cigarett\u00e1nak, hogy ak\u00e1r 20 000 sz\u00edv\u00e1st is lehet\u0151v\u00e9 tesz a min\u0151s\u00e9g roml\u00e1sa n\u00e9lk\u00fcl. \u00cdgy nem kell t\u00f6bbet agg\u00f3dnia a gyakori ut\u00e1nt\u00f6lt\u00e9s vagy az akkumul\u00e1tor cser\u00e9je miatt. A kompakt kialak\u00edt\u00e1s r\u00e1ad\u00e1sul egyszer\u0171v\u00e9 teszi a kezel\u00e9s\u00e9t, \u00edgy t\u00f6k\u00e9letesen alkalmas a napi haszn\u00e1latra vagy utaz\u00e1sra.<\/p>\n<h3><strong>A Fumot RandM Tornado 20000 h\u00faz\u00e1sos eldobhat\u00f3 e-cigaretta funkci\u00f3i<\/strong><\/h3>\n<h4><strong>1. Kett\u0151s Motor M\u00f3d &amp; Egyetlen Motor M\u00f3d<\/strong><\/h4>\n<p>A Fumot RandM Tornado 20000 eldobhat\u00f3 e-cigaretta lehet\u0151s\u00e9get ny\u00fajt k\u00e9t nagy teljes\u00edtm\u00e9ny\u0171 \u00fczemm\u00f3d k\u00f6z\u00f6tti v\u00e1laszt\u00e1sra.\u00a0<strong>Egy motoros \u00fczemm\u00f3d<\/strong>\u00a0\u00c9lvezze ak\u00e1r 20 000 sz\u00edv\u00e1st egyenletes, er\u0151s teljes\u00edtm\u00e9nnyel \u00e9s \u00edzzel. Azok sz\u00e1m\u00e1ra, akik nagyobb intenzit\u00e1st szeretn\u00e9nek, lehet\u0151v\u00e9 teszi a\u00a0<strong>Kett\u0151s Motor M\u00f3d<\/strong>\u00a0A mindk\u00e9t Mesh-Coil egyidej\u0171 aktiv\u00e1l\u00e1sa, ami intenz\u00edvebb h\u00faz\u00e1sokhoz vezet, \u00e9s ak\u00e1r 10 000 h\u00faz\u00e1st garant\u00e1l azonos nagy teljes\u00edtm\u00e9nnyel.<\/p>\n<h4><strong>2. 850 mAh akkumul\u00e1tor<\/strong><\/h4>\n<p>Egy er\u0151s\u00a0<strong>850 mAh akkumul\u00e1tor<\/strong>\u00a0A Fumot RandM Tornado 20000 folyamatos teljes\u00edtm\u00e9nyt \u00e9s hossz\u00fa \u00fczemid\u0151t biztos\u00edt. Ak\u00e1r eg\u00e9sz nap, ak\u00e1r csak r\u00f6vid g\u0151z\u00f6l\u00e9si sessionokra szeretne vapozni, az akkumul\u00e1tor biztos\u00edtja, hogy az e-cigaretta megb\u00edzhat\u00f3an m\u0171k\u00f6dj\u00f6n.<\/p>\n<h4><strong>3. L\u00e9g\u00e1raml\u00e1s-szab\u00e1lyoz\u00e1s<\/strong><\/h4>\n<p>Szem\u00e9lyre szabhatja a g\u0151z\u00f6l\u00e9si \u00e9lm\u00e9nyt az \u00d6n ig\u00e9nyei szerint. A\u00a0<strong>L\u00e9g\u00e1raml\u00e1s-szab\u00e1lyoz\u00e1s<\/strong>\u00a0V\u00e1laszthat egy szorosabb vagy laz\u00e1bb h\u00faz\u00e1si technik\u00e1t, att\u00f3l f\u00fcgg\u0151en, hogy mit prefer\u00e1l. Ez biztos\u00edtja az egy\u00e9ni, kellemes g\u0151z\u00f6l\u00e9st.<\/p>\n<h4><strong>4. E-Liquid \u00e9s akkumul\u00e1tor kijelz\u0151<\/strong><\/h4>\n<p>K\u00f6sz\u00f6nhet\u0151en a tiszta\u00a0<strong>E-folyad\u00e9k \u00e9s akkumul\u00e1tor kijelz\u0151<\/strong>\u00a0B\u00e1rmikor ellen\u0151rizheti, hogy mennyi e-folyad\u00e9k van m\u00e9g rendelkez\u00e9sre, \u00e9s milyen az akkumul\u00e1tor t\u00f6lt\u00f6tts\u00e9gi szintje. \u00cdgy mindig \u00e1tl\u00e1that\u00f3, \u00e9s elker\u00fclheti a v\u00e1ratlan megszak\u00edt\u00e1sokat.<\/p>\n<h4><strong>5. Kompakt, felhaszn\u00e1l\u00f3bar\u00e1t kezel\u00e9s<\/strong><\/h4>\n<p>Egyetlen\u00a0<strong>egyszer\u0171, k\u00e9zbar\u00e1t kialak\u00edt\u00e1s<\/strong>\u00a0A Fumot RandM Tornado 20000 nemcsak eszt\u00e9tikusan vonz\u00f3, hanem rendk\u00edv\u00fcl praktikus a mindennapi haszn\u00e1latra is.<\/p>\n<h3><strong>K\u00fcl\u00f6nb\u00f6z\u0151 \u00edzek minden \u00edzl\u00e9shez<\/strong><\/h3>\n<p>A\u00a0<a href=\"https:\/\/alfakher24h.de\/hu\/\"><strong>Fumot RandM Tornado 20000 h\u00faz\u00e1s eldobhat\u00f3 e-cigaretta<\/strong><\/a>\u00a0Hatalmas v\u00e1laszt\u00e9kot k\u00edn\u00e1lunk finom arom\u00e1kb\u00f3l, amelyek garant\u00e1ltan minden \u00edzl\u00e9st kiel\u00e9g\u00edtenek. Itt van n\u00e9h\u00e1ny a legn\u00e9pszer\u0171bb arom\u00e1k k\u00f6z\u00fcl, amelyeket felfedezhet:<\/p>\n<ul>\n<li><strong>Pear Ice: \n(nincs sz\u00fcks\u00e9g ford\u00edt\u00e1sra)<\/strong>\u00a0Egy friss\u00edt\u0151, h\u0171s\u00edt\u0151 \u00edz \u00e9rett k\u00f6rt\u00e9b\u0151l, melyet enyhe j\u00e9gess\u00e9g eg\u00e9sz\u00edt ki.<\/li>\n<li><strong>\u00c1fonya M\u00e1lna Kem\u00e9ny Cukorka:<\/strong>\u00a0Egy \u00e9des \u00e1fonya \u00e9s m\u00e1lna kever\u00e9k, t\u00f6k\u00e9letesen kombin\u00e1lva egy cukork\u00e1s \u00edzzel.<\/li>\n<li><strong>Eper S\u00e1rgadinnye:<\/strong>\u00a0Egy \u00e9des \u00e9s l\u00e9d\u00fas kombin\u00e1ci\u00f3 friss eperb\u0151l \u00e9s g\u00f6r\u00f6gdinny\u00e9b\u0151l, amely felfriss\u00edt majd.<\/li>\n<li><strong>Vegyes Bogy\u00f3s<\/strong>\u00a0Egy sokoldal\u00fa bogy\u00f3s gy\u00fcm\u00f6lcs kever\u00e9k, amely egyes\u00edti az eper, a m\u00e1lna, az \u00e1fonya \u00e9s m\u00e9g t\u00f6bbf\u00e9le gy\u00fcm\u00f6lcs legjobb \u00edzeit.<\/li>\n<li><strong>Cherry Cola<\/strong>\u00a0Egy pezsg\u0151 \u00e9des cseresznye \u00e9s k\u00f3la kombin\u00e1ci\u00f3, amely a klasszikus k\u00f3la \u00edz\u00e9re eml\u00e9keztet.<\/li>\n<li><strong>Kivi Passi\u00f3gy\u00fcm\u00f6lcs Guava:<\/strong>\u00a0Egy egzotikus \u00e9lvezet a kivi \u00e9dess\u00e9g\u00e9vel, a passi\u00f3gy\u00fcm\u00f6lcs tr\u00f3pusi frissess\u00e9g\u00e9vel \u00e9s a guava intenzit\u00e1s\u00e1val.<\/li>\n<li><strong>Pina Colada:<\/strong>\u00a0A k\u00f3kusz \u00e9s anan\u00e1sz t\u00f6k\u00e9letes kokt\u00e9l \u00edze, amely nyaral\u00e1s \u00e9rz\u00e9st kelt.<\/li>\n<\/ul>\n<p>Minden arom\u00e1t gondosan fejlesztettek ki, hogy egy megk\u00fcl\u00f6nb\u00f6ztet\u0151 g\u0151z\u00f6l\u00e9si \u00e9lm\u00e9nyt ny\u00fajtson \u00d6nnek. Ak\u00e1r friss gy\u00fcm\u00f6lcs\u00f6ket, \u00e9des cukork\u00e1kat vagy egzotikus kokt\u00e9lokat r\u00e9szes\u00edt el\u0151nyben - a Fumot RandM Tornado 20000 h\u00faz\u00e1s eldobhat\u00f3 e-cigaretta minden \u00edzl\u00e9shez megfelel\u0151 v\u00e1laszt\u00e9kot k\u00edn\u00e1l.<\/p>\n<h3><strong>Mi\u00e9rt \u00e9rdemes megv\u00e1s\u00e1rolni a Fumot RandM Tornado 20000 h\u00faz\u00e1sos eldobhat\u00f3 e-cigarett\u00e1t?<\/strong><\/h3>\n<p>A d\u00f6nt\u00e9s, hogy\u00a0<strong>Fumot RandM Tornado 20000 h\u00faz\u00e1s eldobhat\u00f3 e-cigaretta<\/strong>\u00a0Megv\u00e1s\u00e1rolni sz\u00e1mos el\u0151nyt k\u00edn\u00e1l:<\/p>\n<ol>\n<li><strong>Tart\u00f3ss\u00e1g<\/strong>\u00a0Legfeljebb 20 000 sz\u00edv\u00e1ssal Single Engine m\u00f3dban \u00e9s 10 000 sz\u00edv\u00e1ssal Dual Engine m\u00f3dban, az egyik leghosszabb \u00e9lettartam\u00fa eldobhat\u00f3 vape-ot k\u00edn\u00e1lja a piacon.<\/li>\n<li><strong>Sokoldal\u00fas\u00e1g<\/strong>\u00a0A k\u00fcl\u00f6nb\u00f6z\u0151 arom\u00e1k \u00e9s a k\u00e9t \u00fczemm\u00f3d k\u00f6z\u00f6tti v\u00e1laszt\u00e1s lehet\u0151s\u00e9g\u00e9vel pontosan az \u00d6n ig\u00e9nyeinek megfelel\u0151en alak\u00edthatja a g\u0151z\u00f6l\u00e9si \u00e9lm\u00e9nyt.<\/li>\n<li><strong>Felhaszn\u00e1l\u00f3bar\u00e1ts\u00e1g:<\/strong>\u00a0A k\u00f6nny\u0171 kezelhet\u0151s\u00e9g, a vil\u00e1gos indik\u00e1torok \u00e9s a kompakt kialak\u00edt\u00e1s rendk\u00edv\u00fcl praktikuss\u00e1 teszik ezt az e-cigarett\u00e1t kezd\u0151k \u00e9s tapasztalt g\u0151z\u00f6l\u0151k sz\u00e1m\u00e1ra egyar\u00e1nt.<\/li>\n<li><strong>Kiz\u00e1r\u00f3lagos aroma v\u00e1laszt\u00e9k:<\/strong>\u00a0\u00c9lvezze az egzquisit \u00edzek v\u00e1ltozatoss\u00e1g\u00e1t, amelyek minden \u00edzl\u00e9shez t\u00f6k\u00e9letesen illenek.<\/li>\n<li><strong>N\u00e9metorsz\u00e1gban gy\u00e1rtva:<\/strong> Az alfakher24h.de  mint a n\u00e9metorsz\u00e1gi eldobhat\u00f3 e-cigarett\u00e1k egyik legnagyobb \u00e9rt\u00e9kes\u00edt\u00e9si platformja, egyszer\u0171 \u00e9s biztons\u00e1gos lehet\u0151s\u00e9get k\u00edn\u00e1l a Fumot RandM Tornado 20000 e-cigaretta megv\u00e1s\u00e1rl\u00e1s\u00e1ra.<\/li>\n<\/ol>\n<h3><strong>K\u00f6vetkeztet\u00e9s<\/strong><\/h3>\n<p>A\u00a0<strong>Fumot RandM Tornado 20000 h\u00faz\u00e1s eldobhat\u00f3 e-cigaretta<\/strong> A Fumot RandM Tornado 20000 Z\u00fcge Einweg E-Zigarette t\u00f6k\u00e9letes v\u00e1laszt\u00e1s mindazok sz\u00e1m\u00e1ra, akik intenz\u00edv, hossz\u00fa t\u00e1v\u00fa g\u0151z\u00f6l\u00e9si \u00e9lm\u00e9nyt keresnek. Innovat\u00edv technol\u00f3gi\u00e1j\u00e1val, sz\u00e1mos arom\u00e1j\u00e1val \u00e9s felhaszn\u00e1l\u00f3bar\u00e1t kezel\u00e9s\u00e9vel ez az e-cigaretta \u00faj m\u00e9rc\u00e9t \u00e1ll\u00edt fel a vapoz\u00e1s vil\u00e1g\u00e1ban. Rendelje meg m\u00e9g ma Fumot RandM Tornado 20000 Z\u00fcge Einweg E-Zigarette term\u00e9k\u00e9t az alfakher24h.de-n,  N\u00e9metorsz\u00e1g legnagyobb eldobhat\u00f3 e-cigarett\u00e1kat forgalmaz\u00f3 online platformj\u00e1n.<\/p>\n<h3><strong>\u00cdzle\u00edr\u00e1s: R\u00e9szletes \u00cdz\u00e9lm\u00e9ny<\/strong><\/h3>\n<p>Az \u00edze a\u00a0<strong>Fumot RandM Tornado 20000 h\u00faz\u00e1s  eldobhat\u00f3 e-cigaretta<\/strong>\u00a0Val\u00f3ban \u00e9rz\u00e9kszervek utaz\u00e1sa. Minden arom\u00e1t olyan m\u00f3don mutatnak be, amely t\u00f6k\u00e9letesen megragadja a friss gy\u00fcm\u00f6lcs\u00f6k, az \u00e9des cukork\u00e1k vagy a friss\u00edt\u0151 italok term\u00e9szetes \u00edz\u00e9t.<\/p>\n<p>A\u00a0<strong>Vegyes Bogy\u00f3<\/strong>-P\u00e9ld\u00e1ul az opci\u00f3 egy egzotikus \u00e9des bogy\u00f3s gy\u00fcm\u00f6lcs\u00f6k kever\u00e9k\u00e9t hozza, amely minden g\u0151zmozdonyt friss \u00e9lm\u00e9nny\u00e9 tesz. A\u00a0<strong>Eper Kivi<\/strong>A -kever\u00e9k viszont egyes\u00edti az eper f\u00f6ldszag\u00fa, \u00e9des \u00edz\u00e9t a kivi tr\u00f3pusi frissess\u00e9g\u00e9vel, ami t\u00f6k\u00e9letes v\u00e1laszt\u00e1ss\u00e1 teszi a mindennapi haszn\u00e1latra.<\/p>\n<p>A\u00a0<strong>\u0150szibar\u00e1t Anan\u00e1sz Narancs<\/strong>\u00a0\u00edz egy egzotikus \u00e1lom, amely t\u00f6k\u00e9letes egyens\u00falyt k\u00edn\u00e1l a barackok \u00e9dess\u00e9ge, a tr\u00f3pusi anan\u00e1sz \u00e9s a narancs frissess\u00e9ge k\u00f6z\u00f6tt. Ugyan\u00edgy az \u00edz\u00e9t\u00a0<strong>Licsi Hami dinnye<\/strong>\u00a0S\u00fcv\u00e9 \u00e9dess\u00e9g\u00e9vel \u00e9s l\u00e9d\u00fas gy\u00fcm\u00f6lcs\u00f6ss\u00e9g\u00e9vel cs\u00e1b\u00edtja, amely mesterien \u00f6tv\u00f6zi a licsi \u00e9s a m\u00e9zharmat arom\u00e1it.<\/p>\n<p>A\u00a0<strong>V\u00edzimelon J\u00e9g<\/strong>\u00a0Friss \u00e9s h\u0171s\u00edt\u0151 kombin\u00e1ci\u00f3t k\u00edn\u00e1l a friss g\u00f6r\u00f6gdinnye \u00e9s a h\u0171t\u0151 j\u00e9g \u00e1rnyalat\u00e1val, t\u00f6k\u00e9letes a forr\u00f3 ny\u00e1ri napokra vagy ha friss\u00edt\u0151 sz\u00fcnetet keres.<\/p>\n<p>\u00d6sterreichischen K\u00fcche f\u00fcr eine Vielzahl von Geschmackserlebnissen.\u00a0<strong>Fumot RandM Tornado 20000 h\u00faz\u00e1s eldobhat\u00f3 e-cigaretta<\/strong>\u00a0Azt\u00e1n, hogy minden \u00edzl\u00e9snek megfeleljen valami, \u00e9s minden g\u0151z\u00f6l\u00e9st felejthetetlen \u00e9lm\u00e9nny\u00e9 tegyen.<\/p>\n<h3><strong>Rendeljen m\u00e9g ma \u00e9s \u00e9lvezze az ultimate g\u0151z\u00f6l\u00e9si \u00e9lm\u00e9nyt!<\/strong><\/h3>\n<p>Tekintse meg exkluz\u00edv gy\u0171jtem\u00e9ny\u00fcnket <a href=\"https:\/\/alfakher24h.de\/hu\/\">alfakher24h.de<\/a>\u00a0\u00e9s \u00e9lvezze az egyed\u00fcl\u00e1ll\u00f3 g\u0151z\u00f6l\u00e9si \u00e9lm\u00e9nyt a\u00a0<strong>Fumot RandM Tornado 20000 h\u00faz\u00e1s eldobhat\u00f3 e-cigaretta<\/strong>.<\/p>","protected":false},"excerpt":{"rendered":"<p>Tekintse meg exkluz\u00edv gy\u0171jtem\u00e9ny\u00fcnket <a href=\"https:\/\/alfakher24h.de\/hu\/\">alfakher24h.de<\/a>\u00a0\u00e9s \u00e9lvezze az egyed\u00fcl\u00e1ll\u00f3 g\u0151z\u00f6l\u00e9si \u00e9lm\u00e9nyt a\u00a0<strong>Fumot RandM Tornado 20000 h\u00faz\u00e1s eldobhat\u00f3 e-cigaretta<\/strong>.<\/p>","protected":false},"featured_media":1327,"comment_status":"open","ping_status":"closed","template":"","meta":{"om_disable_all_campaigns":false},"product_brand":[],"product_cat":[33],"product_tag":[],"class_list":{"0":"post-1326","1":"product","2":"type-product","3":"status-publish","4":"has-post-thumbnail","6":"product_cat-randm-fumot-20000","8":"first","9":"outofstock","10":"shipping-taxable","11":"purchasable","12":"product-type-simple"},"_links":{"self":[{"href":"https:\/\/alfakher24h.de\/hu\/wp-json\/wp\/v2\/product\/1326","targetHints":{"allow":["GET"]}}],"collection":[{"href":"https:\/\/alfakher24h.de\/hu\/wp-json\/wp\/v2\/product"}],"about":[{"href":"https:\/\/alfakher24h.de\/hu\/wp-json\/wp\/v2\/types\/product"}],"replies":[{"embeddable":true,"href":"https:\/\/alfakher24h.de\/hu\/wp-json\/wp\/v2\/comments?post=1326"}],"wp:featuredmedia":[{"embeddable":true,"href":"https:\/\/alfakher24h.de\/hu\/wp-json\/wp\/v2\/media\/1327"}],"wp:attachment":[{"href":"https:\/\/alfakher24h.de\/hu\/wp-json\/wp\/v2\/media?parent=1326"}],"wp:term":[{"taxonomy":"product_brand","embeddable":true,"href":"https:\/\/alfakher24h.de\/hu\/wp-json\/wp\/v2\/product_brand?post=1326"},{"taxonomy":"product_cat","embeddable":true,"href":"https:\/\/alfakher24h.de\/hu\/wp-json\/wp\/v2\/product_cat?post=1326"},{"taxonomy":"product_tag","embeddable":true,"href":"https:\/\/alfakher24h.de\/hu\/wp-json\/wp\/v2\/product_tag?post=1326"}],"curies":[{"name":"wp","href":"https:\/\/api.w.org\/{rel}","templated":true}]}}