{"id":1287,"date":"2024-12-29T01:56:03","date_gmt":"2024-12-29T01:56:03","guid":{"rendered":"https:\/\/alfakher24h.de\/?post_type=product&#038;p=1287"},"modified":"2025-05-21T05:10:21","modified_gmt":"2025-05-21T05:10:21","slug":"fumot-randm-tornado-20000-szivas-eldobhato-e-cigi-eper-jeg","status":"publish","type":"product","link":"https:\/\/alfakher24h.de\/hu\/termek\/fumot-randm-tornado-20000-szivas-eldobhato-e-cigi-eper-jeg\/","title":{"rendered":"Fumot RandM 20000 h\u00faz\u00e1s eldobhat\u00f3 e-cigaretta - Eper j\u00e9g"},"content":{"rendered":"<h2><strong>Fumot RandM 20000 h\u00faz\u00e1s eldobhat\u00f3 e-cigaretta - Eper j\u00e9g: A v\u00e9gs\u0151 p\u00e1rologtat\u00e1si \u00e9lm\u00e9ny<\/strong><\/h2>\n<p>A <strong><a href=\"https:\/\/alfakher24h.de\/hu\/?post_type=product&amp;p=1287&amp;preview=true\">Fumot RandM 20000 h\u00faz\u00e1s eldobhat\u00f3 e-cigaretta<\/a> Eper J\u00e9g<\/strong> nem csak egy \u00fajabb vaporiz\u00e1l\u00f3 eszk\u00f6z, hanem egy igazi mesterm\u0171ve a g\u0151z\u00f6l\u00e9s technol\u00f3gi\u00e1j\u00e1nak. Ez az eldobhat\u00f3 vape egy p\u00e1ratlan g\u0151z\u00f6l\u00e9si \u00e9lm\u00e9nyt ny\u00fajt \u00d6nnek sz\u00e1mos pr\u00e9mium funkci\u00f3val \u00e9s leny\u0171g\u00f6z\u0151 \u00e9lettartammal. Ha keres egy olyan vaporiz\u00e1l\u00f3 term\u00e9ket, amely egyes\u00edti a st\u00edlust \u00e9s a teljes\u00edtm\u00e9nyt, akkor a RandM Tornado 20000 az \u00edzletes <strong>Eper J\u00e9g<\/strong> \u00cdzl\u00e9s\u00e9nek pontosan megfelel\u0151.<\/p>\n<p><img loading=\"lazy\" decoding=\"async\" class=\"alignnone size-full wp-image-1274\" src=\"https:\/\/alfakher24h.de\/wp-content\/uploads\/2024\/12\/Fumot-RandM-Tornado-20000-3-2048x1313.jpg.webp\" alt=\"\" width=\"2048\" height=\"1313\" title=\"\" srcset=\"https:\/\/alfakher24h.de\/wp-content\/uploads\/2024\/12\/Fumot-RandM-Tornado-20000-3-2048x1313.jpg.webp 2048w, https:\/\/alfakher24h.de\/wp-content\/uploads\/2024\/12\/Fumot-RandM-Tornado-20000-3-2048x1313.jpg-300x192.webp 300w, https:\/\/alfakher24h.de\/wp-content\/uploads\/2024\/12\/Fumot-RandM-Tornado-20000-3-2048x1313.jpg-1024x657.webp 1024w, https:\/\/alfakher24h.de\/wp-content\/uploads\/2024\/12\/Fumot-RandM-Tornado-20000-3-2048x1313.jpg-768x492.webp 768w, https:\/\/alfakher24h.de\/wp-content\/uploads\/2024\/12\/Fumot-RandM-Tornado-20000-3-2048x1313.jpg-1536x985.webp 1536w, https:\/\/alfakher24h.de\/wp-content\/uploads\/2024\/12\/Fumot-RandM-Tornado-20000-3-2048x1313.jpg-18x12.webp 18w, https:\/\/alfakher24h.de\/wp-content\/uploads\/2024\/12\/Fumot-RandM-Tornado-20000-3-2048x1313.jpg-600x385.webp 600w\" sizes=\"auto, (max-width: 2048px) 100vw, 2048px\" \/><\/p>\n<h3>Term\u00e9kle\u00edr\u00e1s: Fumot RandM 20000 h\u00faz\u00e1s eldobhat\u00f3 e-cigaretta<\/h3>\n<p>A <strong>Fumot RandM 20000 h\u00faz\u00e1s eldobhat\u00f3 e-cigaretta - Eper j\u00e9g<\/strong> Kifejezetten \u00fagy tervezt\u00e9k, hogy els\u0151 oszt\u00e1ly\u00fa g\u0151z\u00f6l\u00e9si \u00e9lm\u00e9nyt ny\u00fajtson \u00d6nnek. A 20000 sz\u00edv\u00e1s kapacit\u00e1s\u00e1val ez az eszk\u00f6z t\u00f6k\u00e9letes azoknak a nagy ig\u00e9ny\u0171 g\u0151z\u00f6l\u0151knek, akik hossz\u00fa \u00e9lettartam\u00fa \u00e9s megb\u00edzhat\u00f3 k\u00e9sz\u00fcl\u00e9ket keresnek. Az ergon\u00f3mikus kialak\u00edt\u00e1s \u00e9s a kompakt m\u00e9ret lehet\u0151v\u00e9 teszi a k\u00f6nny\u0171 kezelhet\u0151s\u00e9get, m\u00edg az eleg\u00e1ns \u00e9s modern megjelen\u00e9s garant\u00e1lja, hogy ezzel az eszk\u00f6zzel mindig st\u00edlusos benyom\u00e1st kelt.<\/p>\n<p>A <a href=\"https:\/\/alfakher24h.de\/hu\/?post_type=product&amp;p=1287&amp;preview=true\"><strong>Fumot RandM 20000<\/strong>\u00a0<\/a>a k\u00f6vetkez\u0151 \u00e1ltal <strong>Dual-Mesh-Coil-Technol\u00f3gia<\/strong> t\u00e1mogatja, ami rendk\u00edv\u00fcli \u00edzt \u00e9s nagyobb g\u0151zfelh\u0151ket biztos\u00edt. Minden sz\u00edv\u00e1s sim\u00e1bb, intenz\u00edvebb \u00e9s figyelemre m\u00e9lt\u00f3 \u00edzhat\u00e1st eredm\u00e9nyez. A tart\u00e1ly nagyvonal\u00faan fogadja <strong>20 ml E-Liquid<\/strong>\u00fagy, hogy nem kell agg\u00f3dnia a k\u00e9sz\u00fcl\u00e9k rendszeres ut\u00e1nt\u00f6lt\u00e9se miatt. A <strong>900 mAh akkumul\u00e1tor<\/strong> biztos\u00edt elegend\u0151 energi\u00e1t az eg\u00e9sz napra, \u00fajrat\u00f6lt\u00e9s n\u00e9lk\u00fcl - k\u00f6sz\u00f6nhet\u0151en az <strong>C t\u00edpus\u00fa gyors t\u00f6lt\u0151 csatlakoz\u00f3<\/strong> Fel tudja t\u00f6lteni a k\u00e9sz\u00fcl\u00e9ket a lehet\u0151 legr\u00f6videbb id\u0151 alatt, ha erre sz\u00fcks\u00e9g van.<\/p>\n<p>Egyedi <strong>Intelligens kijelz\u0151<\/strong>A funkci\u00f3 mindig mutatja a fennmarad\u00f3 e-liquid mennyis\u00e9get \u00e9s az akkumul\u00e1tor \u00e1llapot\u00e1t, \u00edgy mindig tudja, mennyit \u00e9lvezhet m\u00e9g, miel\u0151tt \u00fajrat\u00f6lt\u00e9s sz\u00fcks\u00e9ges. <strong>Eper J\u00e9g<\/strong> \u00cdz\u00fck gondoskodik az \u00e9des eper \u00e9s a h\u0171s\u00edt\u0151 mentol friss\u00edt\u0151 kombin\u00e1ci\u00f3j\u00e1r\u00f3l - egy \u00f6r\u00f6m, amely nem csak az \u00d6n \u00edzlel\u0151bimb\u00f3it var\u00e1zsolja el, hanem hossz\u00fa t\u00e1v\u00fa \u00e9s intenz\u00edv g\u0151z\u00f6l\u00e9si \u00e9lm\u00e9nyt is biztos\u00edt.<\/p>\n<h3>Fontos jellemz\u0151k a Fumot RandM 20000 eldobhat\u00f3 e-cigaretta<\/h3>\n<ul>\n<li><strong>Vonatok<\/strong>: Legfeljebb <strong>20 000 vonat<\/strong> hosszantart\u00f3 \u00e9lvezet\u00e9rt.<\/li>\n<li><strong>Dual-Mesh-Coil<\/strong>: A jobb \u00edzfejleszt\u00e9s \u00e9s a nagyobb g\u0151zfelh\u0151k \u00e9rdek\u00e9ben.<\/li>\n<li><strong>E-Liquid kapacit\u00e1s<\/strong>: <strong>20 ml<\/strong> - nincs sz\u00fcks\u00e9g a k\u00e9sz\u00fcl\u00e9k ut\u00e1nt\u00f6lt\u00e9s\u00e9re.<\/li>\n<li><strong>Elem<\/strong>: <strong>900 mAh<\/strong> az eg\u00e9sz napra \u00fajrat\u00f6lt\u00e9s n\u00e9lk\u00fcl.<\/li>\n<li><strong>Gyors t\u00f6lt\u00e9s<\/strong>: <strong>C t\u00edpus<\/strong> Gyors t\u00f6lt\u0151 csatlakoz\u00f3 a lehet\u0151 legr\u00f6videbb id\u0151 alatt t\u00f6rt\u00e9n\u0151 gyors t\u00f6lt\u00e9shez.<\/li>\n<li><strong>Intelligens kijelz\u0151<\/strong>: Megjelen\u00edti az e-folyad\u00e9k \u00e9s az akkumul\u00e1tor \u00e1llapot\u00e1t, \u00edgy mindig \u00e1tl\u00e1thatja a helyzetet.<\/li>\n<li><strong>K\u00fcl\u00f6nb\u00f6z\u0151 \u00edzek<\/strong>T\u00f6bbf\u00e9le aroma minden \u00edzl\u00e9shez - a gy\u00fcm\u00f6lcs\u00f6st\u0151l az j\u00e9ghidegig.<\/li>\n<li><strong>K\u00e9nyelmes kezel\u00e9s<\/strong>Kompakt \u00e9s felhaszn\u00e1l\u00f3bar\u00e1t a stresszmentes g\u0151z\u00f6l\u00e9shez.<\/li>\n<\/ul>\n<h3>\u00cdz\u00e9lm\u00e9ny: Eper J\u00e9g<\/h3>\n<p>A <strong>Eper J\u00e9g<\/strong>\u00cdzes\u00edt\u00e9si m\u00f3dja a <strong>Fumot RandM 20000 h\u00faz\u00e1s eldobhat\u00f3 e-cigaretta<\/strong> igaz\u00e1n felkavar\u00f3 \u00e9lm\u00e9ny minden gy\u00fcm\u00f6lcs\u00f6s \u00e9s friss arom\u00e1k szerelmeseinek. Az \u00edze az l\u00e9d\u00fas eper term\u00e9szetes \u00e9dess\u00e9g\u00e9vel kezd\u0151dik, amelyet egy h\u0171s\u00edt\u0151 mentol szell\u0151vel kombin\u00e1lnak. Minden sz\u00edv\u00e1s felfedi az \u00e9rett eper \u00edz\u00e9t, amely a nyelven eloszlik, \u00e9s egy friss, jeges ut\u00f3\u00edzzel z\u00e1rul. A <strong>Mentol<\/strong> biztos\u00edtja a kellemes h\u0171s\u00edt\u00e9st, ami k\u00fcl\u00f6n\u00f6sen a forr\u00f3 napokon ny\u00fajt friss\u00edt\u0151 \u00e9rz\u00e9st an\u00e9lk\u00fcl, hogy elnyomn\u00e1 a gy\u00fcm\u00f6lcs\u00f6s eper \u00edz\u00e9t.<\/p>\n<p><strong>Eper J\u00e9g<\/strong> A t\u00f6k\u00e9letes egyens\u00falyt k\u00edn\u00e1lja a gy\u00fcm\u00f6lcs\u00f6s \u00e9dess\u00e9g \u00e9s a h\u0171s, jeges frissess\u00e9g k\u00f6z\u00f6tt. Ez a kombin\u00e1ci\u00f3 a g\u0151z\u00f6l\u00e9st nemcsak az \u00e9rz\u00e9kek \u00e9lvezet\u00e9v\u00e9 teszi, hanem egy pihentet\u0151 \u00e9lm\u00e9nny\u00e9 is, amelyet \u00fajra \u00e9s \u00fajra sz\u00edvesen \u00e1t\u00e9l. Az \u00edz intenzit\u00e1sa \u00e1lland\u00f3 marad, \u00e9s nem t\u0171nik el n\u00e9h\u00e1ny sz\u00edv\u00e1s ut\u00e1n - <strong>Fumot RandM Tornado 20000<\/strong> biztos\u00edtja, hogy a <strong>Eper J\u00e9g<\/strong>Az \u00edz az elej\u00e9t\u0151l a v\u00e9g\u00e9ig er\u0151teljes marad. Ak\u00e1r tapasztalt g\u0151z\u00f6l\u0151, ak\u00e1r \u00fajonc vagy, ez az \u00edz minden h\u00faz\u00e1ssal \u00fajra \u00e9s \u00fajra leny\u0171g\u00f6z majd.<\/p>\n<h4>Mi\u00e9rt v\u00e1lasszon minket <strong>Fumot RandM 20000 h\u00faz\u00e1s eldobhat\u00f3 e-cigaretta - Eper j\u00e9g<\/strong> d\u00f6nteni?<\/h4>\n<ul>\n<li><strong>Tart\u00f3ss\u00e1g<\/strong>: 20000 h\u00faz\u00e1ssal rendelkez\u0151 kapacit\u00e1s\u00e1val nem kell agg\u00f3dnia, hogy folyamatosan ut\u00e1nt\u00f6ltse vagy felt\u00f6ltse az eszk\u00f6zt.<\/li>\n<li><strong>Friss\u00edt\u0151 \u00edz<\/strong>A gy\u00fcm\u00f6lcs\u00f6s eper \u00e9s a h\u0171s\u00edt\u0151 mentol t\u00f6k\u00e9letes kombin\u00e1ci\u00f3ja felejthetetlen p\u00e1rol\u00e1si \u00e9lm\u00e9nyt ny\u00fajt.<\/li>\n<li><strong>Felhaszn\u00e1l\u00f3bar\u00e1ts\u00e1g<\/strong>: K\u00f6nnyen haszn\u00e1lhat\u00f3, k\u00e9zaktiv\u00e1lt mechanizmussal \u00e9s bonyolult be\u00e1ll\u00edt\u00e1sok n\u00e9lk\u00fcl.<\/li>\n<li><strong>K\u00e9nyelmes kezel\u00e9s<\/strong>: A kompakt tervez\u00e9s t\u00f6k\u00e9letesen illeszkedik a k\u00e9zbe, \u00e9s az ergon\u00f3mikus kialak\u00edt\u00e1s k\u00e9nyelmes p\u00e1rologtat\u00e1st biztos\u00edt.<\/li>\n<li><strong>Fejlett technol\u00f3gia<\/strong>: A Dual-Mesh-Coil \u00e9s az intelligens kijelz\u0151 jav\u00edtja a g\u0151z\u00f6l\u00e9st \u00e9s az E-liquid valamint az akkumul\u00e1tor vez\u00e9rl\u00e9s\u00e9t.<\/li>\n<\/ul>\n<h3>V\u00e1s\u00e1rolja meg a <strong>Fumot RandM 20000 h\u00faz\u00e1s eldobhat\u00f3 e-cigaretta - Eper j\u00e9g<\/strong> Alfakher24h.hu<\/h3>\n<p>N\u00e1l <strong>Alfakher24h.de<\/strong> K\u00edn\u00e1lunk \u00d6nnek a legnagyobb v\u00e1laszt\u00e9kot <strong>Eldobhat\u00f3 e-cigarett\u00e1k<\/strong> a n\u00e9met piacra. B\u00fcszk\u00e9k vagyunk arra, hogy vezet\u0151 \u00e9rt\u00e9kes\u00edt\u00e9si platformk\u00e9nt <strong>Eldobhat\u00f3 Vape-ok<\/strong> N\u00e9metorsz\u00e1gban ismert lenni. A mi <strong>Fumot RandM 20k h\u00faz\u00e1sok eldobhat\u00f3 e-cigaretta - Eper j\u00e9g<\/strong> K\u00edn\u00e1l \u00d6nnek egy t\u00f6k\u00e9letes kever\u00e9ke teljes\u00edtm\u00e9ny, \u00edz \u00e9s k\u00e9nyelem - egy verhetetlen \u00e1ron.<\/p>\n<p>Mi\u00e9rt \u00e9rdemes n\u00e1lunk v\u00e1s\u00e1rolnia? Egyszer\u0171: Nemcsak kiv\u00e1l\u00f3 min\u0151s\u00e9g\u0171 term\u00e9keket k\u00edn\u00e1lunk, hanem kiv\u00e1l\u00f3 \u00fcgyf\u00e9lszolg\u00e1latot \u00e9s a legjobb \u00e1rakat is. V\u00e1s\u00e1roljon most online n\u00e1lunk \u00e9s profit\u00e1ljon gyors sz\u00e1ll\u00edt\u00e1si id\u0151inkt\u0151l \u00e9s els\u0151 oszt\u00e1ly\u00fa t\u00e1mogat\u00e1st\u00f3l.<\/p>\n<h3>Gyakran feltett k\u00e9rd\u00e9sek a <strong>Fumot RandM 20000 h\u00faz\u00e1s eldobhat\u00f3 e-cigaretta<\/strong><\/h3>\n<h4>1. Mennyi ideig tart a <strong>Fumot RandM 20000 h\u00faz\u00e1s eldobhat\u00f3 e-cigaretta<\/strong>?<\/h4>\n<p>A <strong>Fumot RandM Tornado 20000<\/strong> Egyhaszn\u00e1latos e-cigaretta ak\u00e1r <strong>20 000 vonat<\/strong>, ami miatt az egyik leghosszabb \u00e9lettartam\u00fa k\u00e9sz\u00fcl\u00e9k a piacon. Eg\u00e9sz nap vapingolhat an\u00e9lk\u00fcl, hogy a k\u00e9sz\u00fcl\u00e9ket fel kellene t\u00f6ltenie vagy \u00fajra kellene t\u00f6ltenie.<\/p>\n<h4>Hogyan m\u0171k\u00f6dik a <strong>Dual-Mesh-Coil<\/strong>Technol\u00f3gia?<\/h4>\n<p>A <strong>Dual-Mesh-Coil-Technol\u00f3gia<\/strong> Biztos\u00edtja az e-liquid egyenletes p\u00e1rolg\u00e1s\u00e1t, ami intenz\u00edvebb g\u0151z- \u00e9s \u00edz\u00e9lm\u00e9nyhez vezet. Ez a technol\u00f3gia n\u00f6veli a k\u00e9sz\u00fcl\u00e9k hat\u00e9konys\u00e1g\u00e1t, \u00e9s \u00e1lland\u00f3 teljes\u00edtm\u00e9nyt biztos\u00edt minden egyes sz\u00edv\u00e1sn\u00e1l.<\/p>\n<h4>3. Megtehetem-e hogy <strong>Fumot RandM 20k h\u00faz\u00e1s eldobhat\u00f3 e-cigaretta<\/strong> \u00fajrat\u00f6lteni?<\/h4>\n<p>Nem, az <strong>Fumot RandM Tornado 20000<\/strong> Ez egy egyszer haszn\u00e1latos e-cigaretta, \u00e9s 20 000 sz\u00edv\u00e1s ut\u00e1n nem t\u00f6lthet\u0151 \u00fajra vagy ut\u00e1nt\u00f6lthet\u0151.  Amint az e-folyad\u00e9k elfogy, el kell dobnia a k\u00e9sz\u00fcl\u00e9ket \u00e9s v\u00e1s\u00e1rolnia kell egy \u00fajat.<\/p>\n<h4>4. Milyen arom\u00e1k vannak a sz\u00e1m\u00e1ra <strong>Fumot RandM Tornado 20000<\/strong>?<\/h4>\n<p>A mellett, hogy <strong>Eper J\u00e9g<\/strong> felaj\u00e1nlja a <strong>Fumot RandM Tornado 20000<\/strong> M\u00e9g sok m\u00e1s finom \u00edzes\u00edt\u00e9s, mint p\u00e9ld\u00e1ul <strong>Blue Razz<\/strong>, <strong>Pina Colada<\/strong>, <strong>V\u00edzimelone fagylalt<\/strong>, <strong>Kivi Passi\u00f3gy\u00fcm\u00f6lcs Guava<\/strong> \u00e9s m\u00e9g sok m\u00e1s. Minden \u00edz egyedi g\u0151z\u00f6l\u00e9si \u00e9lm\u00e9nyt ny\u00fajt.<\/p>\n<hr \/>\n<p>L\u00e1togasson el most <strong><a href=\"https:\/\/alfakher24h.de\/hu\/\" target=\"_new\" rel=\"noopener\">alfakher24h.de<\/a><\/strong> \u00e9s szerezze be mag\u00e1t <strong>Fumot RandM 20k h\u00faz\u00e1sok eldobhat\u00f3 e-cigaretta - Eper j\u00e9g<\/strong> az ultimate vape-\u00e9lm\u00e9ny\u00e9rt!<\/p>","protected":false},"excerpt":{"rendered":"<p>K\u00e9rj\u00fck, most keressen <strong><a href=\"https:\/\/alfakher24h.de\/hu\/\" target=\"_new\" rel=\"noopener\">alfakher24h.de<\/a><\/strong> \u00e9s szerezze be mag\u00e1t <strong>Fumot RandM 20000 h\u00faz\u00e1s eldobhat\u00f3 e-cigaretta - Eper j\u00e9g<\/strong> az ultimate vape-\u00e9lm\u00e9ny\u00e9rt!<\/p>","protected":false},"featured_media":1288,"comment_status":"open","ping_status":"closed","template":"","meta":{"om_disable_all_campaigns":false},"product_brand":[],"product_cat":[33],"product_tag":[],"class_list":{"0":"post-1287","1":"product","2":"type-product","3":"status-publish","4":"has-post-thumbnail","6":"product_cat-randm-fumot-20000","8":"first","9":"outofstock","10":"shipping-taxable","11":"purchasable","12":"product-type-simple"},"_links":{"self":[{"href":"https:\/\/alfakher24h.de\/hu\/wp-json\/wp\/v2\/product\/1287","targetHints":{"allow":["GET"]}}],"collection":[{"href":"https:\/\/alfakher24h.de\/hu\/wp-json\/wp\/v2\/product"}],"about":[{"href":"https:\/\/alfakher24h.de\/hu\/wp-json\/wp\/v2\/types\/product"}],"replies":[{"embeddable":true,"href":"https:\/\/alfakher24h.de\/hu\/wp-json\/wp\/v2\/comments?post=1287"}],"wp:featuredmedia":[{"embeddable":true,"href":"https:\/\/alfakher24h.de\/hu\/wp-json\/wp\/v2\/media\/1288"}],"wp:attachment":[{"href":"https:\/\/alfakher24h.de\/hu\/wp-json\/wp\/v2\/media?parent=1287"}],"wp:term":[{"taxonomy":"product_brand","embeddable":true,"href":"https:\/\/alfakher24h.de\/hu\/wp-json\/wp\/v2\/product_brand?post=1287"},{"taxonomy":"product_cat","embeddable":true,"href":"https:\/\/alfakher24h.de\/hu\/wp-json\/wp\/v2\/product_cat?post=1287"},{"taxonomy":"product_tag","embeddable":true,"href":"https:\/\/alfakher24h.de\/hu\/wp-json\/wp\/v2\/product_tag?post=1287"}],"curies":[{"name":"wp","href":"https:\/\/api.w.org\/{rel}","templated":true}]}}