{"id":1263,"date":"2024-12-27T07:03:40","date_gmt":"2024-12-27T07:03:40","guid":{"rendered":"https:\/\/alfakher24h.de\/?post_type=product&#038;p=1263"},"modified":"2025-05-21T05:10:21","modified_gmt":"2025-05-21T05:10:21","slug":"fumot-randm-tornado-20000-szivas-eldobhato-e-cigi-eper-goeroegdinnye","status":"publish","type":"product","link":"https:\/\/alfakher24h.de\/hu\/termek\/fumot-randm-tornado-20000-szivas-eldobhato-e-cigi-eper-goeroegdinnye\/","title":{"rendered":"Fumot RandM 20000 h\u00faz\u00e1s eldobhat\u00f3 e-cigaretta - Eper G\u00f6r\u00f6gdinnye"},"content":{"rendered":"<h2>Fumot RandM 20000 h\u00faz\u00e1s eldobhat\u00f3 e-cigaretta - Eper G\u00f6r\u00f6gdinnye<img loading=\"lazy\" decoding=\"async\" class=\"alignnone size-full wp-image-1274\" style=\"color: #555555; font-size: 14.4px;\" src=\"https:\/\/alfakher24h.de\/wp-content\/uploads\/2024\/12\/Fumot-RandM-Tornado-20000-3-2048x1313.jpg.webp\" alt=\"\" width=\"2048\" height=\"1313\" title=\"\" srcset=\"https:\/\/alfakher24h.de\/wp-content\/uploads\/2024\/12\/Fumot-RandM-Tornado-20000-3-2048x1313.jpg.webp 2048w, https:\/\/alfakher24h.de\/wp-content\/uploads\/2024\/12\/Fumot-RandM-Tornado-20000-3-2048x1313.jpg-300x192.webp 300w, https:\/\/alfakher24h.de\/wp-content\/uploads\/2024\/12\/Fumot-RandM-Tornado-20000-3-2048x1313.jpg-1024x657.webp 1024w, https:\/\/alfakher24h.de\/wp-content\/uploads\/2024\/12\/Fumot-RandM-Tornado-20000-3-2048x1313.jpg-768x492.webp 768w, https:\/\/alfakher24h.de\/wp-content\/uploads\/2024\/12\/Fumot-RandM-Tornado-20000-3-2048x1313.jpg-1536x985.webp 1536w, https:\/\/alfakher24h.de\/wp-content\/uploads\/2024\/12\/Fumot-RandM-Tornado-20000-3-2048x1313.jpg-18x12.webp 18w, https:\/\/alfakher24h.de\/wp-content\/uploads\/2024\/12\/Fumot-RandM-Tornado-20000-3-2048x1313.jpg-600x385.webp 600w\" sizes=\"auto, (max-width: 2048px) 100vw, 2048px\" \/><\/h2>\n<p>&nbsp;<\/p>\n<p>A<a href=\"https:\/\/alfakher24h.de\/hu\/?post_type=product&amp;p=1263&amp;preview=true\"> Fumot RandM 20000 h\u00faz\u00e1s eldobhat\u00f3 e-cigaretta<\/a> Egy er\u0151s \u00e9s megb\u00edzhat\u00f3 eszk\u00f6z mindenki sz\u00e1m\u00e1ra, aki intenz\u00edv \u00e9s hossz\u00fa t\u00e1v\u00fa g\u0151z\u00f6l\u00e9si \u00e9lm\u00e9nyt keres. Innovat\u00edv funkci\u00f3kkal, eleg\u00e1ns kialak\u00edt\u00e1ssal \u00e9s leny\u0171g\u00f6z\u0151 \u00edzv\u00e1laszt\u00e9kkal rendelkezik, \u00edgy t\u00f6k\u00e9letes v\u00e1laszt\u00e1s a kezd\u0151k \u00e9s a tapasztalt g\u0151z\u00f6l\u0151k sz\u00e1m\u00e1ra egyar\u00e1nt. <a href=\"https:\/\/alfakher24h.de\/hu\/\">alfakher24h..de.,<\/a> N\u00e9metorsz\u00e1g vezet\u0151 eldobhat\u00f3 e-cigaretta besz\u00e1ll\u00edt\u00f3j\u00e1t\u00f3l megv\u00e1s\u00e1rolhatja ezt a kiv\u00e1l\u00f3 min\u0151s\u00e9g\u0171 term\u00e9ket.<\/p>\n<hr \/>\n<h3><strong>Term\u00e9kle\u00edr\u00e1s<\/strong><\/h3>\n<p>A Fumot RandM 20000 eldobhat\u00f3 e-cigaretta kiemelked\u0151 g\u0151z\u00f6l\u00e9si \u00e9lm\u00e9nyt ny\u00fajt a kett\u0151s h\u00e1l\u00f3zat\u00fa technol\u00f3gi\u00e1j\u00e1nak k\u00f6sz\u00f6nhet\u0151en. Modern technik\u00e1t \u00f6tv\u00f6z a felhaszn\u00e1l\u00f3bar\u00e1t kezel\u00e9ssel, amely biztos\u00edtja az egy\u00e9ni \u00e9s k\u00f6vetkezetes haszn\u00e1latot. A v\u00e9kony, m\u00e9gis robusztus kialak\u00edt\u00e1s ide\u00e1liss\u00e1 teszi \u00fatk\u00f6zben, m\u00edg a leny\u0171g\u00f6z\u0151, ak\u00e1r 20 000 sz\u00edv\u00e1sig terjed\u0151 kapacit\u00e1sa hossz\u00fa t\u00e1v\u00fa haszn\u00e1latot biztos\u00edt.<\/p>\n<hr \/>\n<h3><strong>F\u0151 jellemz\u0151k a\u00a0<a href=\"https:\/\/alfakher24h.de\/hu\/\">Fumot RandM 20000 h\u00faz\u00e1s eldobhat\u00f3 e-cigaretta - Eper G\u00f6r\u00f6gdinnye\nFumot RandM Tornado 20000<\/a><\/strong><\/h3>\n<h4><strong>1. Kett\u0151s m\u00f3d szem\u00e9lyre szabott haszn\u00e1lathoz<\/strong><\/h4>\n<ul>\n<li><strong>Egyedi h\u00e1l\u00f3m\u00f3d<\/strong>: Aktiv\u00e1lja az egyetlen mesh tekercset a sima \u00e9s \u00e1lland\u00f3 g\u0151z\u00e9lvezet\u00e9shez, amely ak\u00e1r 20 000 sz\u00edv\u00e1st tesz lehet\u0151v\u00e9.<\/li>\n<li><strong>Kett\u0151s h\u00e1l\u00f3s \u00fczemm\u00f3d<\/strong>: Egy intenz\u00edvebb \u00e9lm\u00e9ny \u00e9rdek\u00e9ben mindk\u00e9t mesh-tekercset aktiv\u00e1lhatja, ami ak\u00e1r 10 000 sz\u00edv\u00e1sig tart\u00f3 er\u0151teljes g\u0151z\u00f6l\u00e9st biztos\u00edt.<\/li>\n<\/ul>\n<h4><strong>2. Gyakorlati mutat\u00f3k<\/strong><\/h4>\n<p>A be\u00e9p\u00edtett kijelz\u0151k az akkumul\u00e1tor \u00e9s az e-liquid szintj\u00e9r\u0151l folyamatosan t\u00e1j\u00e9koztat\u00e1st ny\u00fajtanak. Ez biztos\u00edtja, hogy k\u00e9sz\u00fcl\u00e9ke mindig haszn\u00e1latra k\u00e9sz legyen.<\/p>\n<h4><strong>3. \u00c1ll\u00edthat\u00f3 l\u00e9g\u00e1raml\u00e1s szab\u00e1lyoz\u00e1s<\/strong><\/h4>\n<p>Illessze a h\u00faz\u00f3er\u0151t az \u00d6n szem\u00e9lyes \u00edzl\u00e9s\u00e9hez - legyen az szoros vagy laza, a v\u00e1laszt\u00e1s az \u00d6n\u00e9.<\/p>\n<h4><strong>4. Nagy teljes\u00edtm\u00e9ny\u0171 akkumul\u00e1tor<\/strong><\/h4>\n<p>Az Fumot Tornado hossz\u00fa \u00e9lettartam\u00fa, 850 mAh-s akkumul\u00e1torral rendelkezik, amely megb\u00edzhat\u00f3 teljes\u00edtm\u00e9nyt ny\u00fajt eg\u00e9sz nap.<\/p>\n<h4><strong>5. Egyszer\u0171 kezel\u00e9s<\/strong><\/h4>\n<p>Mindenf\u00e9le bonyolult be\u00e1ll\u00edt\u00e1s vagy karbantart\u00e1s n\u00e9lk\u00fcl ez az eszk\u00f6z t\u00f6k\u00e9letes azok sz\u00e1m\u00e1ra, akik egyszer\u0171 g\u0151z\u00f6l\u00e9si \u00e9lm\u00e9nyre v\u00e1gynak.<\/p>\n<hr \/>\n<h3><strong>Mi\u00e9rt v\u00e1lassza a Fumot RandM-et?<\/strong><\/h3>\n<ul>\n<li><strong>Maxim\u00e1lis eltarthat\u00f3s\u00e1g<\/strong>A rendk\u00edv\u00fcl magas vonalsz\u00e1m miatt a k\u00e9sz\u00fcl\u00e9k ide\u00e1lis hossz\u00fa t\u00e1v\u00fa haszn\u00e1latra.<\/li>\n<li><strong>Gyakorlatiass\u00e1g<\/strong>: Nincs sz\u00fcks\u00e9g ut\u00e1nt\u00f6lt\u00e9sre vagy \u00fajrat\u00f6lt\u00e9sre - egyszer\u0171en haszn\u00e1lja \u00e9s \u00e9lvezze.<\/li>\n<li><strong>\u00cdzvari\u00e1ci\u00f3k<\/strong>Sz\u00e1mos lehet\u0151s\u00e9ggel minden \u00edzl\u00e9shez van valami.<\/li>\n<li><strong>Els\u0151 oszt\u00e1ly\u00fa min\u0151s\u00e9g<\/strong>K\u00e9sz\u00fclt kiv\u00e1l\u00f3 min\u0151s\u00e9g\u0171 anyagokb\u00f3l a kellemes tapint\u00e1s \u00e9s a tart\u00f3ss\u00e1g \u00e9rdek\u00e9ben.<\/li>\n<li><strong>K\u00f6rnyezetbar\u00e1t<\/strong>: Cs\u00f6kkentett hullad\u00e9kmennyis\u00e9g a nagy kapacit\u00e1s miatt.<\/li>\n<\/ul>\n<hr \/>\n<h3><strong>\u00cdzek r\u00e9szletesen<\/strong><\/h3>\n<p>A Fumot RandM Tornado 20000 egyik k\u00fcl\u00f6nleges f\u00e9nypontja az \u00edzek gondosan \u00f6sszev\u00e1logatott k\u00edn\u00e1lata. Minden v\u00e1ltozatot \u00fagy fejlesztettek ki, hogy felejthetetlen p\u00e1rol\u00e1si \u00e9lm\u00e9nyt ny\u00fajtson:<\/p>\n<h4><strong>1. Eper S\u00e1rgadinnye<\/strong><\/h4>\n<p>Egy gy\u00fcm\u00f6lcs\u00f6s \u00e9s friss\u00edt\u0151 \u00f6sszhang l\u00e9d\u00fas eper \u00e9s \u00e9des g\u00f6r\u00f6gdinnye k\u00f6z\u00f6tt. Az \u00edz eml\u00e9keztet a naps\u00fct\u00f6tte ny\u00e1ri napokra \u00e9s kellemes \u00e9lm\u00e9nyt ny\u00fajt.<\/p>\n<h3><\/h3>\n<h3><strong>Egyszer\u0171 rendel\u00e9s auf <a href=\"https:\/\/alfakher24h.de\/hu\/\">alfakher24h.de<\/a>.<\/strong><\/h3>\n<p>Term\u00e9keink k\u00f6z\u00f6tt gyorsan \u00e9s egyszer\u0171en megrendelheti az Fumot RandM Tornado 20000 h\u00faz\u00e1s eldobhat\u00f3 e-cigarett\u00e1t. Garant\u00e1ljuk \u00d6nnek a sz\u00e9les v\u00e1laszt\u00e9kot, a tisztess\u00e9ges \u00e1rakat \u00e9s a gyors sz\u00e1ll\u00edt\u00e1st. B\u00edzzon az alfakher24h.de-ben - N\u00e9metorsz\u00e1g vezet\u0151 szolg\u00e1ltat\u00f3j\u00e1ban <a href=\"https:\/\/alfakher24h.de\/hu\/\">Egyszer haszn\u00e1latos e-cigarett\u00e1k.<\/a><\/p>\n<hr \/>\n<h3><strong>M\u0171szaki adatok<\/strong><\/h3>\n<ul>\n<li><strong>Modi<\/strong>: Egyetlen \u00e9s dupla h\u00e1l\u00f3s m\u00f3d<\/li>\n<li><strong>Akkumul\u00e1tor kapacit\u00e1s<\/strong>: 850 mAh<\/li>\n<li><strong>Vonatsz\u00e1m<\/strong>: Legfeljebb 20 000 vonat<\/li>\n<li><strong>K\u00fcl\u00f6nlegess\u00e9gek<\/strong>: l\u00e9g\u00e1ram szab\u00e1lyoz\u00e1s, akkumul\u00e1tor \u00e9s folyad\u00e9k kijelz\u0151<\/li>\n<\/ul>\n<hr \/>\n<p>Most v\u00e1s\u00e1rolja meg a Fumot RandM 20K Z\u00fcge Einweg E Zigarette \u2013 Strawberry Watermelon term\u00e9ket az alfakher24h.de webhelyen, \u00e9s \u00e9lvezze az extra oszt\u00e1ly\u00fa g\u0151z\u00f6l\u00e9si \u00e9lm\u00e9nyt!<\/p>","protected":false},"excerpt":{"rendered":"<p><strong>Fumot RandM 20000<\/strong>\u00a0Egyutas E-cigaretta - Eper S\u00e1rgadinnye gyors \u00e9s egyszer\u0171 rendel\u00e9s.<\/p>","protected":false},"featured_media":1273,"comment_status":"open","ping_status":"closed","template":"","meta":{"om_disable_all_campaigns":false},"product_brand":[],"product_cat":[33],"product_tag":[],"class_list":{"0":"post-1263","1":"product","2":"type-product","3":"status-publish","4":"has-post-thumbnail","6":"product_cat-randm-fumot-20000","8":"first","9":"outofstock","10":"shipping-taxable","11":"purchasable","12":"product-type-simple"},"_links":{"self":[{"href":"https:\/\/alfakher24h.de\/hu\/wp-json\/wp\/v2\/product\/1263","targetHints":{"allow":["GET"]}}],"collection":[{"href":"https:\/\/alfakher24h.de\/hu\/wp-json\/wp\/v2\/product"}],"about":[{"href":"https:\/\/alfakher24h.de\/hu\/wp-json\/wp\/v2\/types\/product"}],"replies":[{"embeddable":true,"href":"https:\/\/alfakher24h.de\/hu\/wp-json\/wp\/v2\/comments?post=1263"}],"wp:featuredmedia":[{"embeddable":true,"href":"https:\/\/alfakher24h.de\/hu\/wp-json\/wp\/v2\/media\/1273"}],"wp:attachment":[{"href":"https:\/\/alfakher24h.de\/hu\/wp-json\/wp\/v2\/media?parent=1263"}],"wp:term":[{"taxonomy":"product_brand","embeddable":true,"href":"https:\/\/alfakher24h.de\/hu\/wp-json\/wp\/v2\/product_brand?post=1263"},{"taxonomy":"product_cat","embeddable":true,"href":"https:\/\/alfakher24h.de\/hu\/wp-json\/wp\/v2\/product_cat?post=1263"},{"taxonomy":"product_tag","embeddable":true,"href":"https:\/\/alfakher24h.de\/hu\/wp-json\/wp\/v2\/product_tag?post=1263"}],"curies":[{"name":"wp","href":"https:\/\/api.w.org\/{rel}","templated":true}]}}