{"id":1261,"date":"2024-12-26T10:37:02","date_gmt":"2024-12-26T10:37:02","guid":{"rendered":"https:\/\/alfakher24h.de\/?post_type=product&#038;p=1261"},"modified":"2024-12-26T10:37:02","modified_gmt":"2024-12-26T10:37:02","slug":"fumot-randm-digitalis-doboz-12000-szivas-eldobhato-e-cigaretta-szolojeg","status":"publish","type":"product","link":"https:\/\/alfakher24h.de\/hu\/termek\/fumot-randm-digitalis-doboz-12000-szivas-eldobhato-e-cigaretta-szolojeg\/","title":{"rendered":"Fumot RandM Digital Box 12000 h\u00faz\u00e1s eldobhat\u00f3 e-cigaretta - Sz\u0151l\u0151 J\u00e9g"},"content":{"rendered":"<div class=\"wp-video\"><\/div>\n<h2><strong>Umot RandM Digital Box 12000 h\u00faz\u00e1s Egyszer haszn\u00e1latos E-cigaretta: A t\u00f6k\u00e9letes t\u00e1rs a Vaping-\u00e9lm\u00e9nyhez<\/strong><\/h2>\n<div style=\"width: 1020px;\" class=\"wp-video\"><video class=\"wp-video-shortcode\" id=\"video-1261-1\" width=\"1020\" height=\"574\" preload=\"metadata\" controls=\"controls\"><source type=\"video\/mp4\" src=\"https:\/\/alfakher24h.de\/wp-content\/uploads\/2024\/12\/Fumot-RandM-Digital-Box-12000.mp4?_=1\" \/><a href=\"https:\/\/alfakher24h.de\/wp-content\/uploads\/2024\/12\/Fumot-RandM-Digital-Box-12000.mp4\">https:\/\/alfakher24h.de\/wp-content\/uploads\/2024\/12\/Fumot-RandM-Digital-Box-12000.mp4<\/a><\/video><\/div>\n<p>A\u00a0<a href=\"https:\/\/alfakher24h.de\/hu\/?post_type=product&amp;p=1261&amp;preview=true\"><strong>Fumot RandM Digital Box 12000 h\u00faz\u00e1s eldobhat\u00f3 e-cigaretta<\/strong><\/a>\u00a0egy innovat\u00edv \u00e9s ultramodern eldobhat\u00f3 vape, amelyet N\u00e9metorsz\u00e1gban ismernek el kiv\u00e9teles teljes\u00edtm\u00e9ny\u00e9r\u0151l \u00e9s felhaszn\u00e1l\u00f3bar\u00e1t kialak\u00edt\u00e1s\u00e1r\u00f3l.  Leny\u0171g\u00f6z\u0151 kapacit\u00e1ssal rendelkezik\u00a0<strong>12000 vonatb\u00f3l<\/strong>egynek\u00a0<strong>eleg\u00e1ns kialak\u00edt\u00e1s<\/strong>\u00a0\u00e9s a halad\u00f3 technol\u00f3gia r\u00e9v\u00e9n ez a term\u00e9k hat\u00e1rozottan kiemelkedik a piacon l\u00e9v\u0151 t\u00f6bbi k\u00f6z\u00fcl. Ide\u00e1lis mindazok sz\u00e1m\u00e1ra, akik megb\u00edzhat\u00f3 \u00e9s kiv\u00e1l\u00f3 min\u0151s\u00e9g\u0171 e-cigarett\u00e1t keresnek, amely egyes\u00edti a funkcionalit\u00e1st \u00e9s az eszt\u00e9tik\u00e1t. V\u00e1s\u00e1rolja meg az\u00a0<strong>Fumot RandM Digital Box 12000<\/strong> n\u00e1l <strong>alfakher24h.de<\/strong> a legnagyobb \u00e9rt\u00e9kes\u00edt\u00e9si platformja sz\u00e1m\u00e1ra\u00a0<strong>Eldobhat\u00f3 Vape-k N\u00e9metorsz\u00e1gban<\/strong>\u00e9s tapasztalja meg a p\u00e1ratlan g\u0151z\u00f6l\u00e9si \u00e9lm\u00e9nyt.<\/p>\n<h2>A Fumot RandM Digital Box 12000 Z\u00fcge Einweg E Zigarette term\u00e9kl\u00e9nek le\u00edr\u00e1sa<\/h2>\n<p>A\u00a0<strong>Fumot RandM Digital Box 12000 h\u00faz\u00e1s eldobhat\u00f3 e-cigaretta<\/strong>\u00a0t\u00f6bb mint egy egyszer\u0171 g\u0151z\u00f6l\u00e9s - ez egy st\u00edlusos \u00e9s fejlett \u00e9lm\u00e9ny, amely az els\u0151 haszn\u00e1latt\u00f3l kezdve leny\u0171g\u00f6z majd. A legmodernebb technol\u00f3gi\u00e1val felszerelve ez az eszk\u00f6z olyan teljes\u00edtm\u00e9nyt ny\u00fajt, amely minden g\u0151z\u00f6l\u0151 elv\u00e1r\u00e1sait fel\u00fclm\u00falja. A\u00a0<strong>20 ml E-Liquid<\/strong>amelyek a k\u00e9sz\u00fcl\u00e9kben tal\u00e1lhat\u00f3k, ak\u00e1r\u00a0<strong>12000 vonatok<\/strong>ami hossz\u00fa t\u00e1v\u00fa haszn\u00e1latot garant\u00e1l.<\/p>\n<p>K\u00f6sz\u00f6nhet\u0151en a\u00a0<strong>Mesh Coils<\/strong>\u00a0\u00e9s a\u00a0<strong>Ergonomia<\/strong>\u00a0a g\u0151z kellemesen l\u00e1gy \u00e9s intenz\u00edv, de kellemes g\u0151z\u00f6l\u00e9si \u00e9lm\u00e9nyt ny\u00fajt. A\u00a0<strong>Type-C csatlakoz\u00f3<\/strong>\u00a0Biztos\u00edtja az integr\u00e1lt gyors t\u00f6lt\u00e9s\u00e9t\u00a0<strong>550mAh akkumul\u00e1torok<\/strong>m\u00edg a\u00a0<strong>RGB-l\u00e1mp\u00e1k<\/strong>\u00a0a g\u0151z\u00f6l\u00e9s sor\u00e1n st\u00edlusos \u00e9s futurisztikus hangulatot teremteni. \u00c1tj\u00e1rja a\u00a0<strong>L\u00e9g\u00e1raml\u00e1s-szab\u00e1lyoz\u00f3 kapcsol\u00f3<\/strong>\u00a0A g\u0151z mennyis\u00e9g\u00e9t szem\u00e9lyes preferenci\u00e1ihoz igaz\u00edthatja, hogy t\u00f6k\u00e9letes vaporiz\u00e1ci\u00f3s \u00e9lm\u00e9nyt \u00e9rjen el.<\/p>\n<h3>Mi\u00e9rt v\u00e1lassza a Fumot RandM Digital Box 12000 Z\u00fcge eldobhat\u00f3 e-cigarett\u00e1t?<\/h3>\n<ul>\n<li><strong>Hossz\u00fa eltarthat\u00f3s\u00e1g:<\/strong>\u00a0Legfeljebb\u00a0<strong>12000 vonatok<\/strong>, ami rendk\u00edv\u00fcl hossz\u00fa haszn\u00e1latot eredm\u00e9nyez.<\/li>\n<li><strong>T\u00f6bbf\u00e9le \u00edzopci\u00f3:<\/strong>\u00a0V\u00e1lasszon a sz\u00e1mos \u00edzes\u00edt\u00e9s k\u00f6z\u00fcl, \u00e9s mindig \u00faj arom\u00e1kat tapasztaljon.<\/li>\n<li><strong>Egyszer\u0171 kezel\u00e9s:<\/strong>\u00a0K\u00f6sz\u00f6nhet\u0151en a\u00a0<strong>Draw-Activated-Activation \n\n(K\u00e9zzel aktiv\u00e1lt aktiv\u00e1l\u00e1s) helyett: \nRajzolt aktiv\u00e1l\u00e1s \nvagy \nAktiv\u00e1l\u00e1s rajzol\u00e1s \u00e1ltal \nnem \nDraw-Activated-Activation \nazonban \nAktiv\u00e1l\u00e1s k\u00e9zzel \nnem \nDraw-Activated-Activation \nhelyette \nAktiv\u00e1l\u00e1s rajz \u00e1ltal \nlegfeljebb \nDraw-Activated-Activation \nazonos \nDraw-Activated-Activation<\/strong>\u00a0Nincs sz\u00fcks\u00e9g billenty\u0171k lenyom\u00e1s\u00e1ra \u2013 egyszer\u0171en h\u00fazza \u00e9s \u00e9lvezze.<\/li>\n<li><strong>Legmodernebb technol\u00f3gia:<\/strong>\u00a0<strong>Konvekci\u00f3s \u00e9s ultrahangos f\u0171t\u00e9si technol\u00f3gia<\/strong>\u00a0Biztos\u00edtj\u00e1k a egyenletes, intenz\u00edv g\u0151zt.<\/li>\n<li><strong>Energiahat\u00e9konys\u00e1g:<\/strong>\u00a0A\u00a0<strong>550mAh akkumul\u00e1tor<\/strong>\u00a0egy\u00fctt lehet egy\u00a0<strong>Type-C csatlakoz\u00f3<\/strong>\u00a0Gyorsan felt\u00f6lthet\u0151.<\/li>\n<li><strong>St\u00edlusos RGB vil\u00e1g\u00edt\u00e1s:<\/strong>\u00a0\u00f6t RGB-l\u00e1mpa biztos\u00edtja a h\u0171v\u00f6s vizu\u00e1lis megjelen\u00edt\u00e9st a g\u0151z\u00f6l\u00e9s sor\u00e1n.<\/li>\n<li><strong>L\u00e9g\u00e1raml\u00e1s-szab\u00e1lyoz\u00e1s:<\/strong>\u00a0\u00c1ll\u00edtsa be a g\u0151z mennyis\u00e9g\u00e9t az \u00d6n ig\u00e9nyei szerint, hogy el\u00e9rje a t\u00f6k\u00e9letes g\u0151z\u00f6l\u00e9si \u00e9lm\u00e9nyt.<\/li>\n<\/ul>\n<h2>Fumot RandM Digital Box 12000 Z\u00fcge Einweg E Zigarette: Jellemz\u0151k<\/h2>\n<ul>\n<li><strong>20ml e-folyad\u00e9k kapacit\u00e1s:<\/strong>\u00a0Legfeljebb\u00a0<strong>12000 vonatok<\/strong>.<\/li>\n<li><strong>5% vagy 2% nikotin:<\/strong>\u00a0V\u00e1lassza ki az \u00d6n sz\u00e1m\u00e1ra legmegfelel\u0151bb nikotintartalmat.<\/li>\n<li><strong>550mAh akkumul\u00e1tor:<\/strong>\u00a0Integr\u00e1lt akkumul\u00e1tor, amely \u00fajrat\u00f6lthet\u0151.<\/li>\n<li><strong>Type-C csatlakoz\u00f3:<\/strong>\u00a0A gyors \u00e9s hat\u00e9kony t\u00f6lt\u00e9s \u00e9rdek\u00e9ben.<\/li>\n<li><strong>6 RGB vil\u00e1g\u00edt\u00e1s<\/strong>\u00a0Egy futurisztikus \u00e9s st\u00edlusos hangulat\u00e9rt.<\/li>\n<li><strong>L\u00e9g\u00e1raml\u00e1s-szab\u00e1lyoz\u00e1s:<\/strong>\u00a0\u00c1ll\u00edtsa be a g\u0151z mennyis\u00e9g\u00e9t az \u00d6n ig\u00e9nyei szerint.<\/li>\n<li><strong>Mesh tekercsek:<\/strong>\u00a0Intenz\u00edvebb \u00e9s egyenletesebb g\u0151z \u00e9rdek\u00e9ben.<\/li>\n<li><strong>Egyszer\u0171 rajzol\u00e1s-aktiv\u00e1lt rendszer:<\/strong>\u00a0Nincs gomb, egyszer\u0171en h\u00fazza \u00e9s g\u0151z\u00f6lj\u00f6n.<\/li>\n<\/ul>\n<p>&nbsp;<\/p>\n<h2>\u00cdzek a Fumot RandM Digital Box 12000 h\u00faz\u00e1s eldobhat\u00f3 e-cigaretta<\/h2>\n<p>A\u00a0<strong>Fumot RandM Digital Box 12000 h\u00faz\u00e1s eldobhat\u00f3 e-cigaretta<\/strong>\u00a0k\u00edn\u00e1l egy sz\u00e9les v\u00e1laszt\u00e9kot a finom \u00edzekb\u0151l, amelyeket minden sz\u00edv\u00e1sn\u00e1l \u00e9lvezhet. K\u00fcl\u00f6n\u00f6sen \u00e9rdemes kiemelni a\u00a0<strong>Sz\u0151l\u0151 J\u00e9g<\/strong>Illat, amely friss\u00edt\u0151en \u00f6tv\u00f6zi az \u00e9des sz\u0151l\u0151t \u00e9s a h\u0171v\u00f6s jeget. Ez a gy\u00fcm\u00f6lcs\u00f6s \u00e9s friss\u00edt\u0151 illat t\u00f6k\u00e9letes mindazok sz\u00e1m\u00e1ra, akik intenz\u00edv, de kellemes \u00edzt keresnek.<\/p>\n<h3>R\u00e9szletes le\u00edr\u00e1sa a\u00a0<strong>Sz\u0151l\u0151 J\u00e9g<\/strong>- Illatok:<\/h3>\n<p>Az\u00a0<strong>Sz\u0151l\u0151 J\u00e9g<\/strong>Illata\u00a0<strong>Fumot RandM Digital Box 12000 h\u00faz\u00e1s eldobhat\u00f3 e-cigaretta<\/strong>\u00a0friss\u00edt\u0151 \u00edz\u00e9lm\u00e9nyt ny\u00fajt, amit b\u00e1rmilyen k\u00f6rnyezetben \u00e9lvezhet. A\u00a0<strong>L\u00e9d\u00fas sz\u0151l\u0151<\/strong>\u00a0biztos\u00edtanak egy \u00e9des, l\u00e9d\u00fas alapot, amely t\u00fckr\u00f6zi az igazi gy\u00fcm\u00f6lcs \u00edz\u00e9t. A\u00a0<strong>h\u0171s\u00edt\u0151 j\u00e9ghat\u00e1s<\/strong>\u00a0Hoz egy friss\u00edt\u0151 h\u0171v\u00f6ss\u00e9get, amely t\u00f6k\u00e9letesen kiegyens\u00falyozza az arom\u00e1t, \u00e9s egyedi frissess\u00e9get k\u00f6lcs\u00f6n\u00f6z neki.<\/p>\n<p>Ez\u00a0<strong>Friss\u00edt\u0151<\/strong>\u00a0Tegye azt\u00a0<strong>Sz\u0151l\u0151 J\u00e9g<\/strong>K\u00fcl\u00f6n\u00f6sen n\u00e9pszer\u0171 az aroma, k\u00fcl\u00f6n\u00f6sen a forr\u00f3 ny\u00e1ri napokon vagy sz\u00fcks\u00e9g eset\u00e9n egy er\u0151s, de nem els\u00f6pr\u0151 l\u00f6ket ut\u00e1n. A\u00a0<strong>\u00e9des sz\u0151l\u0151aroma<\/strong>\u00a0\u00e1ltal ker\u00fcl sorra\u00a0<strong>friss mentol \u00edz<\/strong>\u00a0wunderbar erg\u00e4nzt, ami az eg\u00e9sz g\u0151z\u00f6l\u00e9si folyamatot kellemess\u00e9, de friss\u00edt\u0151v\u00e9 teszi. Ez egy\u00a0<strong>t\u00f6k\u00e9letes egyens\u00faly<\/strong>\u00a0k\u00f6z\u00f6tt\u00a0<strong>Gy\u00fcm\u00f6lcs\u00f6ss\u00e9g<\/strong>\u00a0\u00e9s\u00a0<strong>H\u0171v\u00f6s<\/strong>amely intenz\u00edven \u00e9s kellemesen tartja meg az \u00edzt.<\/p>\n<p>Mindegy, hogy \u00d6n tapasztalt g\u0151z\u00f6l\u0151-e vagy csak most kezd bele a g\u0151z\u00f6l\u00e9sbe, a\u00a0<strong>Sz\u0151l\u0151 J\u00e9g<\/strong>-Aroma nem fog csal\u00f3d\u00e1st okozni. Ez a t\u00f6k\u00e9letes v\u00e1laszt\u00e1s, ha egy\u00a0<strong>\u00fcd\u00edt\u0151, gy\u00fcm\u00f6lcs\u00f6s \u00e9s h\u0171s\u00edt\u0151<\/strong>\u00a0Tapasztalatot keres.<\/p>\n<h2>K\u00f6vetkeztet\u00e9s: Mi\u00e9rt \u00e9rdemes megv\u00e1s\u00e1rolni a Fumot RandM Digital Box 12000 Z\u00fcge eldobhat\u00f3 E-cigarett\u00e1t?<\/h2>\n<p>A\u00a0<strong>Fumot RandM Digital Box 12000 h\u00faz\u00e1s eldobhat\u00f3 e-cigaretta<\/strong>\u00a0a t\u00f6k\u00e9letes v\u00e1laszt\u00e1s mindazok sz\u00e1m\u00e1ra, akik egy\u00a0<strong>nagy \u00e9rt\u00e9k\u0171, felhaszn\u00e1l\u00f3bar\u00e1t \u00e9s sokoldal\u00fa eldobhat\u00f3 e-cigaretta<\/strong>\u00a0keresnek. Egy kapacit\u00e1ssal rendelkez\u0151\u00a0<strong>12000 vonatb\u00f3l<\/strong>,\u00a0<strong>sz\u00e1mos \u00edzes\u00edt\u00e9sben<\/strong>egynek\u00a0<strong>nagy teljes\u00edtm\u00e9ny\u0171 akkumul\u00e1tor<\/strong>\u00a0\u00e9s a legmodernebb technol\u00f3gia k\u00edn\u00e1lja ezt az e-cigarett\u00e1t, amely olyan g\u0151z\u00f6l\u00e9si \u00e9lm\u00e9nyt ny\u00fajt, amelyhez semmi sem hasonl\u00edthat\u00f3.<\/p>\n<p>Haszn\u00e1lja ki a lehet\u0151s\u00e9get,\u00a0<strong>Fumot RandM Digital Box 12000 h\u00faz\u00e1s eldobhat\u00f3 e-cigaretta<\/strong> auf<a href=\"https:\/\/alfakher24h.de\/hu\/\"><strong> alfakher24h.de<\/strong><\/a>N\u00e9metorsz\u00e1g legnagyobb \u00e9rt\u00e9kes\u00edt\u00e9si platformja sz\u00e1m\u00e1ra\u00a0<strong>Eldobhat\u00f3 Vape-ok<\/strong>, megv\u00e1s\u00e1rolhat\u00f3. Ott sz\u00e1mos\u00a0<strong>\u00cdzek<\/strong>\u00a0\u00e9s tov\u00e1bbi\u00a0<strong>Vape term\u00e9kek<\/strong>, amelyek a g\u0151z\u00f6l\u00e9si \u00e9lm\u00e9ny\u00e9t a k\u00f6vetkez\u0151 szintre emelik.<\/p>\n<p><strong>Rendeljen most \u00e9s \u00e9lvezze a felejthetetlen g\u0151z\u00f6l\u00e9si \u00e9lm\u00e9nyt a Fumot RandM Digital Box 12000 h\u00faz\u00e1s eldobhat\u00f3 e-cigarett\u00e1val!<\/strong><\/p>\n<h2>\u00d6sszefoglal\u00e1s:<\/h2>\n<ul>\n<li><strong>20ml E-Liquid<\/strong>\u00a0legfeljebb\u00a0<strong>12000 vonatok<\/strong>.<\/li>\n<li><strong>L\u00e9g\u00e1raml\u00e1s szab\u00e1lyoz\u00e1s<\/strong>\u00a0Egy\u00e9ni g\u0151zbe\u00e1ll\u00edt\u00e1sokhoz.<\/li>\n<li><strong>5% vagy 2% nikotin<\/strong>\u00a0Kiv\u00e1laszt\u00e1sra.<\/li>\n<li><strong>Type-C csatlakoz\u00f3<\/strong>\u00a0A gyors t\u00f6lt\u00e9shez.<\/li>\n<li><strong>RGB vil\u00e1g\u00edt\u00e1s<\/strong>\u00a0egy futurista diz\u00e1jn\u00e9rt.<\/li>\n<li><strong>Mesh Coils<\/strong>\u00a0intenz\u00edvebb g\u0151z \u00e9s jobb \u00edz \u00e9rdek\u00e9ben.<\/li>\n<\/ul>\n<p>Ha min\u0151s\u00e9gi term\u00e9ket keres N\u00e9metorsz\u00e1gban<a href=\"https:\/\/alfakher24h.de\/hu\/\">\u00a0<strong>Egyszer haszn\u00e1latos e-cigaretta<\/strong><\/a>\u00a0akkor a\u00a0<a href=\"https:\/\/alfakher24h.de\/hu\/\"><strong>Fumot RandM Digital Box 12000 h\u00faz\u00e1sok<\/strong><\/a>\u00a0Az ide\u00e1lis v\u00e1laszt\u00e1s. Szerezze be m\u00e9g ma a saj\u00e1tj\u00e1t\u00a0<strong>Fumot RandM Digital Box 12000 h\u00faz\u00e1s eldobhat\u00f3 e-cigaretta<\/strong>\u00a0\u00e9s tapasztalja meg a k\u00fcl\u00f6nbs\u00e9get!<\/p>","protected":false},"excerpt":{"rendered":"<p>A <strong>Fumot RandM Digital Box 12000 h\u00faz\u00e1s eldobhat\u00f3 e-cigaretta<\/strong> Intenz\u00edv \u00edzt, innovat\u00edv Mesh-Coil-Grape Ice technol\u00f3gi\u00e1t \u00e9s ak\u00e1r 12 000 h\u00faz\u00e1st k\u00edn\u00e1l a pr\u00e9mium p\u00e1rologtat\u00e1si \u00e9lm\u00e9ny\u00e9rt.<\/p>","protected":false},"featured_media":1262,"comment_status":"open","ping_status":"closed","template":"","meta":{"om_disable_all_campaigns":false},"product_brand":[],"product_cat":[27],"product_tag":[],"class_list":{"0":"post-1261","1":"product","2":"type-product","3":"status-publish","4":"has-post-thumbnail","6":"product_cat-fumot-randm-digital-box-12000-puffs","8":"first","9":"instock","10":"shipping-taxable","11":"purchasable","12":"product-type-simple"},"_links":{"self":[{"href":"https:\/\/alfakher24h.de\/hu\/wp-json\/wp\/v2\/product\/1261","targetHints":{"allow":["GET"]}}],"collection":[{"href":"https:\/\/alfakher24h.de\/hu\/wp-json\/wp\/v2\/product"}],"about":[{"href":"https:\/\/alfakher24h.de\/hu\/wp-json\/wp\/v2\/types\/product"}],"replies":[{"embeddable":true,"href":"https:\/\/alfakher24h.de\/hu\/wp-json\/wp\/v2\/comments?post=1261"}],"wp:featuredmedia":[{"embeddable":true,"href":"https:\/\/alfakher24h.de\/hu\/wp-json\/wp\/v2\/media\/1262"}],"wp:attachment":[{"href":"https:\/\/alfakher24h.de\/hu\/wp-json\/wp\/v2\/media?parent=1261"}],"wp:term":[{"taxonomy":"product_brand","embeddable":true,"href":"https:\/\/alfakher24h.de\/hu\/wp-json\/wp\/v2\/product_brand?post=1261"},{"taxonomy":"product_cat","embeddable":true,"href":"https:\/\/alfakher24h.de\/hu\/wp-json\/wp\/v2\/product_cat?post=1261"},{"taxonomy":"product_tag","embeddable":true,"href":"https:\/\/alfakher24h.de\/hu\/wp-json\/wp\/v2\/product_tag?post=1261"}],"curies":[{"name":"wp","href":"https:\/\/api.w.org\/{rel}","templated":true}]}}