{"id":1234,"date":"2024-12-24T04:40:15","date_gmt":"2024-12-24T04:40:15","guid":{"rendered":"https:\/\/alfakher24h.de\/?post_type=product&#038;p=1234"},"modified":"2024-12-26T05:32:24","modified_gmt":"2024-12-26T05:32:24","slug":"fumot-randm-digitalis-doboz-12000-szivas-eldobhato-e-cigaretta-vegyes-bogyos-gyuemoelcs","status":"publish","type":"product","link":"https:\/\/alfakher24h.de\/hu\/termek\/fumot-randm-digitalis-doboz-12000-szivas-eldobhato-e-cigaretta-vegyes-bogyos-gyuemoelcs\/","title":{"rendered":"Fumot RandM Digital Box 12000 h\u00faz\u00e1s eldobhat\u00f3 e-cigaretta - Vegyes bogy\u00f3k"},"content":{"rendered":"<h2><strong>Fumot RandM Digital Box 12000 h\u00faz\u00e1s eldobhat\u00f3 e-cigaretta - Vegyes bogy\u00f3k: A g\u0151z\u00f6l\u00e9si technol\u00f3gia mesterm\u0171ve<\/strong><\/h2>\n<div style=\"width: 640px;\" class=\"wp-video\"><video class=\"wp-video-shortcode\" id=\"video-1234-1\" width=\"640\" height=\"360\" preload=\"metadata\" controls=\"controls\"><source type=\"video\/mp4\" src=\"https:\/\/alfakher24h.de\/wp-content\/uploads\/2024\/12\/Fumot-RandM-Digital-Box-120002.mp4?_=1\" \/><a href=\"https:\/\/alfakher24h.de\/wp-content\/uploads\/2024\/12\/Fumot-RandM-Digital-Box-120002.mp4\">https:\/\/alfakher24h.de\/wp-content\/uploads\/2024\/12\/Fumot-RandM-Digital-Box-120002.mp4<\/a><\/video><\/div>\n<p>A <a href=\"https:\/\/alfakher24h.de\/hu\/\"><strong>Fumot RandM Digital Box 12000 h\u00faz\u00e1s eldobhat\u00f3 e-cigaretta<\/strong><\/a> t\u00f6k\u00e9letes v\u00e1laszt\u00e1s mindazok sz\u00e1m\u00e1ra, akik egy rendk\u00edv\u00fcli g\u0151z\u00f6l\u00e9si \u00e9lm\u00e9nyt keresnek. Eleg\u00e1ns kialak\u00edt\u00e1s\u00e1val, innovat\u00edv funkci\u00f3ival \u00e9s megk\u00fcl\u00f6nb\u00f6ztethet\u0151 \u00edz\u00e9vel ez az eldobhat\u00f3 e-cigaretta n\u00e9lk\u00fcl\u00f6zhetetlen t\u00e1rs a n\u00e9metorsz\u00e1gi vaperek sz\u00e1m\u00e1ra. A <strong>Vegyes Bogy\u00f3k<\/strong>Az \u00edzvil\u00e1g egy gy\u00fcm\u00f6lcs\u00f6s robban\u00e1st k\u00edn\u00e1l, amely mind a kezd\u0151ket, mind a tapasztalt g\u0151z\u00f6l\u0151ket elragadja majd. Hagyja mag\u00e1t elcs\u00e1b\u00edtani ett\u0151l a fejlett technol\u00f3gi\u00e1t\u00f3l \u00e9s az intenz\u00edv \u00edzt\u0151l.<\/p>\n<h3>Technol\u00f3giai innov\u00e1ci\u00f3 \u00e9s tervez\u00e9s<\/h3>\n<p>A <strong>Fumot RandM Digital Box 12000 h\u00faz\u00e1s eldobhat\u00f3 e-cigaretta<\/strong> igazi f\u00e9nypontot jelent teljes\u00edtm\u00e9ny\u00e9nek \u00e9s st\u00edlus\u00e1nak egyed\u00fcl\u00e1ll\u00f3 kombin\u00e1ci\u00f3j\u00e1val. Legfeljebb 12 000 sz\u00edv\u00e1ssal \u00e9s 20 ml-es e-liquid t\u00f6lt\u00e9ssel ez az eszk\u00f6z hossz\u00fa \u00e9lettartamot biztos\u00edt \u00e9s tart\u00f3s \u00e9lvezetet ny\u00fajt. <strong>K\u00e9zzel Aktiv\u00e1lt Technol\u00f3gia<\/strong> Nem kell gombok ut\u00e1n kutatnia - egy egyszer\u0171 h\u00faz\u00e1s el\u00e9g a k\u00e9sz\u00fcl\u00e9k beind\u00edt\u00e1s\u00e1hoz. Ez rendk\u00edv\u00fcl egyszer\u0171v\u00e9 \u00e9s k\u00e9nyelmess\u00e9 teszi a g\u0151z\u00f6l\u00e9st.<\/p>\n<p>Tov\u00e1bbi kiemelked\u0151 jellemz\u0151je a <strong>\u00e1ll\u00edthat\u00f3 l\u00e9g\u00e1raml\u00e1s<\/strong>, amely lehet\u0151v\u00e9 teszi, hogy az \u00d6n egy\u00e9ni preferenci\u00e1i szerint alak\u00edtsa a g\u0151z\u00f6l\u00e9s \u00e9lm\u00e9ny\u00e9t. Ak\u00e1r egy k\u00f6nny\u0171, ak\u00e1r egy er\u0151sebb g\u0151zk\u00f6vet szeretne el\u0151nyben r\u00e9szes\u00edteni, ez a vape rugalmasan alkalmazkodik az \u00d6n k\u00edv\u00e1ns\u00e1gaihoz. Ezenk\u00edv\u00fcl gondoskodik az <strong>Mesh Coil technol\u00f3gia<\/strong> hogy az \u00edz egyenletes \u00e9s intenz\u00edv maradjon - minden h\u00faz\u00e1sn\u00e1l.<\/p>\n<p>Kompakt \u00e9s ergonomikus kialak\u00edt\u00e1sa t\u00f6k\u00e9letesen illeszkedik a k\u00e9zbe, \u00edgy a g\u0151z\u00f6l\u00e9s \u00fatk\u00f6zben is kellemes marad. A <strong>C-t\u00edpus\u00fa t\u00f6lt\u0151csatlakoz\u00f3<\/strong> Lehet\u0151v\u00e9 teszi az \u00fajrat\u00f6lthet\u0151 550mAh-s akkumul\u00e1tor gyors felt\u00f6lt\u00e9s\u00e9t, \u00edgy mindig elegend\u0151 energi\u00e1val rendelkezik a g\u0151z\u00f6l\u00e9si munk\u00e1latokhoz.<\/p>\n<h3>Friss\u00edt\u0151 Mixed Berries \u00edz - Gy\u00fcm\u00f6lcs\u00f6s k\u00eds\u00e9rt\u00e9s<\/h3>\n<p>A <strong>Vegyes Bogy\u00f3k<\/strong>\u00cdzes\u00edt\u00e9s\u00e9nek <strong>Fumot RandM Digital Box 12000 h\u00faz\u00e1s eldobhat\u00f3 e-cigaretta<\/strong> Igazi \u00edzrobban\u00e1s. A friss eper, m\u00e1lna, szeder \u00e9s \u00e1fonya gondosan kiegyens\u00falyozott kever\u00e9ke p\u00e1ratlanul gy\u00fcm\u00f6lcs\u00f6s \u00e9lm\u00e9nyt \u00edg\u00e9r. Az eper enyh\u00e9n \u00e9des \u00edze t\u00f6k\u00e9letesen harmoniz\u00e1l a m\u00e1lna \u00e9s a szeder savanyk\u00e1s jegyeivel, m\u00edg az \u00e1fonya friss\u00edt\u0151 m\u00e9lys\u00e9get ad.<\/p>\n<h3>\u00cdzle\u00edr\u00e1s - Igazi gy\u00fcm\u00f6lcsrobban\u00e1s<\/h3>\n<p>A <strong>Vegyes Bogy\u00f3k<\/strong>A kompoz\u00edci\u00f3 minden h\u00faz\u00e1sn\u00e1l igazi \u00e9lvezett\u00e9 bontakozik ki. Kezdetben \u00e9des, l\u00e9d\u00fas epret tapasztal, amely csiklandozza az \u00edzlel\u0151bimb\u00f3kat \u00e9s kellemes gy\u00fcm\u00f6lcs\u00f6ss\u00e9get hagy a nyelven. R\u00f6vid id\u0151 m\u00falva k\u00f6veti a m\u00e1lna jellegzetes \u00edze, amelynek enyh\u00e9n savanyk\u00e1s jegye tov\u00e1bb er\u0151s\u00edti a friss \u00e9rz\u00e9st. A zamat\u00e9lm\u00e9nyt a szeder z\u00e1rja, amely f\u0171szeres \u00f6sszetetts\u00e9get ad a mixnek. A <strong>\u00c1fonya<\/strong> A kompoz\u00edci\u00f3t egy finom, friss\u00edt\u0151 jegy z\u00e1rja, amely t\u00f6k\u00e9letesen kerek\u00edti le az \u00edzt.<\/p>\n<p>K\u00f6sz\u00f6nhet\u0151en a <strong>Mesh Coil technol\u00f3gia<\/strong> A Fumot RandM Digital Box-ban ezeknek a gy\u00fcm\u00f6lcs\u00f6s arom\u00e1knak mindegyike teljes intenzit\u00e1s\u00e1ban \u00e9rv\u00e9nyes\u00fcl.  Ez a technol\u00f3gia biztos\u00edtja, hogy az e-liquid egyenletesen elp\u00e1rologjon, \u00edgy minden sz\u00edv\u00e1s tele legyen \u00edzzel \u00e9s g\u0151zzel. A <strong>Vegyes Bogy\u00f3k<\/strong>A -\u00edzes\u00edt\u00e9s a t\u00f6k\u00e9letes v\u00e1laszt\u00e1s azoknak a vapereknek, akik gy\u00fcm\u00f6lcs\u00f6s, enyh\u00e9n \u00e9des \u00e9s m\u00e9gis friss \u00e9lm\u00e9nyt keresnek - ide\u00e1lis a napi fogyaszt\u00e1shoz.<\/p>\n<h3>Kiemelked\u0151 term\u00e9kjellemz\u0151k<\/h3>\n<p>A <strong>Fumot RandM Digital Box 12000 h\u00faz\u00e1s eldobhat\u00f3 e-cigaretta<\/strong> K\u00edn\u00e1l \u00d6nnek sz\u00e1mos kiemelked\u0151 tulajdons\u00e1got, amelyek miatt az egyik legjobb v\u00e1laszt\u00e1snak sz\u00e1m\u00edt a piacon:<\/p>\n<ul>\n<li><strong>12 000 vonat \u062c\u0647\u0627\u0632onk\u00e9nt<\/strong>: A nagyvonal\u00fa e-folyad\u00e9k kapacit\u00e1snak \u00e9s a hossz\u00fa \u00e9lettartamnak k\u00f6sz\u00f6nhet\u0151en hossz\u00fa g\u0151z\u00f6l\u00e9si \u00fcl\u00e9sekre sz\u00e1m\u00edthat an\u00e9lk\u00fcl, hogy folyamatosan ut\u00e1nt\u00f6ltene.<\/li>\n<li><strong>20 ml E-Liquid<\/strong>Ez a nagy mennyis\u00e9g hossz\u00fa ideig tart\u00f3 \u00e9lvezetet biztos\u00edt, \u00edgy nem kell folyamatosan \u00faj e-cigarett\u00e1t keresnie.<\/li>\n<li><strong>\u00dajrat\u00f6lthet\u0151 550mAh-os akkumul\u00e1tor<\/strong>: A gyors t\u00f6lt\u00e9si funkci\u00f3val kereszt\u00fcl <strong>C-t\u00edpus\u00fa t\u00f6lt\u0151csatlakoz\u00f3<\/strong> Mindig k\u00e9szen \u00e1ll a k\u00f6vetkez\u0151 g\u0151z\u00f6l\u00e9si sessionra.<\/li>\n<li><strong>6 RGB-l\u00e1mpa<\/strong>A st\u00edlusos f\u00e9nyek nemcsak optikai kiemel\u00e9st biztos\u00edtanak, hanem informat\u00edv kijelz\u0151t is k\u00edn\u00e1lnak az e-liquid fogyaszt\u00e1sr\u00f3l \u00e9s az akkumul\u00e1tor \u00e1llapot\u00e1r\u00f3l.<\/li>\n<li><strong>\u00c1ll\u00edthat\u00f3 l\u00e9g\u00e1raml\u00e1s<\/strong>: \u00c1ll\u00edtsa be a g\u0151z er\u0151ss\u00e9g\u00e9t az \u00d6n ig\u00e9nyei szerint.<\/li>\n<li><strong>Mesh Coils<\/strong>: Az intenz\u00edv \u00e9s egyenletes \u00edz\u00e9rt minden sz\u00edv\u00e1sn\u00e1l.<\/li>\n<li><strong>K\u00e9t nikotinszint k\u00f6z\u00fcl v\u00e1laszthat<\/strong>: V\u00e1lasszon 5% vagy 2% nikotint, szem\u00e9lyes preferenci\u00e1j\u00e1t\u00f3l f\u00fcgg\u0151en.<\/li>\n<\/ul>\n<h3>Mi\u00e9rt \u00e9rdemes megv\u00e1s\u00e1rolni a Fumot RandM Digital Box 12000 h\u00faz\u00e1sos eldobhat\u00f3 e-cigarett\u00e1t?<\/h3>\n<p>A <strong>Fumot RandM Digital Box 12000 h\u00faz\u00e1s eldobhat\u00f3 e-cigaretta<\/strong> A t\u00f6k\u00e9letes v\u00e1laszt\u00e1s mindazok sz\u00e1m\u00e1ra, akik egy kiv\u00e1l\u00f3 min\u0151s\u00e9g\u0171, felhaszn\u00e1l\u00f3bar\u00e1t \u00e9s tart\u00f3s vape k\u00e9sz\u00fcl\u00e9ket keresnek. Az impoz\u00e1ns teljes\u00edtm\u00e9ny, a sz\u00e9les \u00edzv\u00e1laszt\u00e9k \u00e9s a k\u00f6nny\u0171 kezelhet\u0151s\u00e9g miatt kiv\u00e1l\u00f3 lehet\u0151s\u00e9g a n\u00e9metorsz\u00e1gi g\u0151z\u00f6l\u0151k sz\u00e1m\u00e1ra.<\/p>\n<p>A k\u00f6vetkez\u0151vel <strong>Vegyes Bogy\u00f3k<\/strong>\u00cdz\u00e9lm\u00e9nyk\u00e9nt egy egyedi gy\u00fcm\u00f6lcsrobban\u00e1st tapasztalhatsz, amely minden sz\u00edv\u00e1sn\u00e1l elcs\u00e1b\u00edt. Az \u00e9des \u00e9s savany\u00fa arom\u00e1k t\u00f6k\u00e9letes kever\u00e9ke friss\u00edt\u0151 \u00e9s kiegyens\u00falyozott g\u0151z\u00f6l\u00e9si \u00e9lm\u00e9nyt ny\u00fajt, amely mind a kezd\u0151ket, mind a tapasztalt vapereket elragadja.<\/p>\n<p>L\u00e1togasson el most <a href=\"https:\/\/alfakher24h.de\/hu\/\">alfakher24h.de<\/a>, a legnagyobb el\u00e9r\u00e9si pontja sz\u00e1m\u00e1ra <strong>Eldobhat\u00f3 Vape-ok<\/strong> N\u00e9metorsz\u00e1gban. Weboldalunkon nem csak a <strong>Fumot RandM Digital Box 12000 h\u00faz\u00e1s eldobhat\u00f3 e-cigaretta<\/strong>Hanem sz\u00e1mos tov\u00e1bbi kiv\u00e1l\u00f3 min\u0151s\u00e9g\u0171 term\u00e9ket is k\u00edn\u00e1lunk. \u00c9lvezze a legjobb \u00e1rakat, a gyors sz\u00e1ll\u00edt\u00e1st \u00e9s a kiv\u00e1l\u00f3 \u00fcgyf\u00e9lszolg\u00e1latot.<\/p>\n<h3>K\u00f6vetkeztet\u00e9s<\/h3>\n<p>A <strong>Fumot RandM Digital Box 12000 h\u00faz\u00e1s eldobhat\u00f3 e-cigaretta - Vegyes bogy\u00f3k<\/strong> Egy igaz\u00e1n mesterm\u0171ve az e-cigaretta technol\u00f3gi\u00e1nak. Az \u00e1tlagon fel\u00fcli teljes\u00edtm\u00e9ny, az innovat\u00edv funkci\u00f3k \u00e9s a megk\u00fcl\u00f6nb\u00f6ztethet\u0151 \u00edz kombin\u00e1ci\u00f3j\u00e1val ez az e-cigaretta mindent tartalmaz, amit a vaperek sz\u00edve v\u00e1gyik. Ha \u00d6n egy els\u0151 oszt\u00e1ly\u00fa g\u0151z\u00f6l\u00e9si \u00e9lm\u00e9nyt keres, akkor ez az eszk\u00f6z a t\u00f6k\u00e9letes v\u00e1laszt\u00e1s. L\u00e1togasson el<strong> alfakher24h.de<\/strong> hogy \u00d6n\u00f6k <strong>Fumot RandM Digital Box 12000 h\u00faz\u00e1s eldobhat\u00f3 e-cigaretta<\/strong> M\u00e9g ma megrendelheti \u00e9s \u00e9lvezheti az ultimate g\u0151z\u00f6l\u00e9si \u00e9lm\u00e9nyt.<\/p>","protected":false},"excerpt":{"rendered":"<p>A <strong>Fumot RandM Digital Box 12000 h\u00faz\u00e1s eldobhat\u00f3 e-cigaretta<\/strong> Intenz\u00edv g\u0151z\u00f6l\u00e9si \u00e9lm\u00e9nyt ny\u00fajt ak\u00e1r 12 000 h\u00faz\u00e1ssal, \u00e1ll\u00edthat\u00f3 l\u00e9g\u00e1raml\u00e1ssal, Mesh tekercsekkel \u00e9s gy\u00fcm\u00f6lcs\u00f6s Mixed Berries \u00edzes\u00edt\u00e9ssel, ide\u00e1lis hossz\u00fa, \u00e9lvezetes g\u0151z\u00f6l\u00e9si \u00fcl\u00e9sekhez.<\/p>","protected":false},"featured_media":1235,"comment_status":"open","ping_status":"closed","template":"","meta":{"om_disable_all_campaigns":false},"product_brand":[],"product_cat":[27],"product_tag":[],"class_list":{"0":"post-1234","1":"product","2":"type-product","3":"status-publish","4":"has-post-thumbnail","6":"product_cat-fumot-randm-digital-box-12000-puffs","8":"first","9":"instock","10":"shipping-taxable","11":"purchasable","12":"product-type-simple"},"_links":{"self":[{"href":"https:\/\/alfakher24h.de\/hu\/wp-json\/wp\/v2\/product\/1234","targetHints":{"allow":["GET"]}}],"collection":[{"href":"https:\/\/alfakher24h.de\/hu\/wp-json\/wp\/v2\/product"}],"about":[{"href":"https:\/\/alfakher24h.de\/hu\/wp-json\/wp\/v2\/types\/product"}],"replies":[{"embeddable":true,"href":"https:\/\/alfakher24h.de\/hu\/wp-json\/wp\/v2\/comments?post=1234"}],"wp:featuredmedia":[{"embeddable":true,"href":"https:\/\/alfakher24h.de\/hu\/wp-json\/wp\/v2\/media\/1235"}],"wp:attachment":[{"href":"https:\/\/alfakher24h.de\/hu\/wp-json\/wp\/v2\/media?parent=1234"}],"wp:term":[{"taxonomy":"product_brand","embeddable":true,"href":"https:\/\/alfakher24h.de\/hu\/wp-json\/wp\/v2\/product_brand?post=1234"},{"taxonomy":"product_cat","embeddable":true,"href":"https:\/\/alfakher24h.de\/hu\/wp-json\/wp\/v2\/product_cat?post=1234"},{"taxonomy":"product_tag","embeddable":true,"href":"https:\/\/alfakher24h.de\/hu\/wp-json\/wp\/v2\/product_tag?post=1234"}],"curies":[{"name":"wp","href":"https:\/\/api.w.org\/{rel}","templated":true}]}}