{"id":1229,"date":"2024-12-24T04:06:43","date_gmt":"2024-12-24T04:06:43","guid":{"rendered":"https:\/\/alfakher24h.de\/?post_type=product&#038;p=1229"},"modified":"2025-07-16T07:25:08","modified_gmt":"2025-07-16T07:25:08","slug":"random-tornado-12000-szivas-eldobhato-e-cigaretta-cseresznye-kola","status":"publish","type":"product","link":"https:\/\/alfakher24h.de\/hu\/termek\/random-tornado-12000-szivas-eldobhato-e-cigaretta-cseresznye-kola\/","title":{"rendered":"V\u00e9letlen Tornado 12000 h\u00faz\u00e1s eldobhat\u00f3 e-cigaretta - Cherry Cola"},"content":{"rendered":"<h2><strong><a href=\"https:\/\/alfakher24h.de\/hu\/?post_type=product&amp;p=1229&amp;preview=true\">V\u00e9letlen Tornado 12000 h\u00faz\u00e1s eldobhat\u00f3 e-cigaretta - Cherry Cola<\/a>: A v\u00e9gs\u0151 g\u0151z\u00f6l\u00e9si \u00e9lm\u00e9ny<\/strong><\/h2>\n<p><img loading=\"lazy\" decoding=\"async\" class=\"alignnone size-full wp-image-1176\" src=\"https:\/\/alfakher24h.de\/wp-content\/uploads\/2024\/12\/Fumot-RandM-Digital-Box-12000-Puffs.webp\" alt=\"Fumot-RandM-Digital-Box-12000\" width=\"1280\" height=\"1810\" title=\"\" srcset=\"https:\/\/alfakher24h.de\/wp-content\/uploads\/2024\/12\/Fumot-RandM-Digital-Box-12000-Puffs.webp 1280w, https:\/\/alfakher24h.de\/wp-content\/uploads\/2024\/12\/Fumot-RandM-Digital-Box-12000-Puffs-212x300.webp 212w, https:\/\/alfakher24h.de\/wp-content\/uploads\/2024\/12\/Fumot-RandM-Digital-Box-12000-Puffs-724x1024.webp 724w, https:\/\/alfakher24h.de\/wp-content\/uploads\/2024\/12\/Fumot-RandM-Digital-Box-12000-Puffs-768x1086.webp 768w, https:\/\/alfakher24h.de\/wp-content\/uploads\/2024\/12\/Fumot-RandM-Digital-Box-12000-Puffs-1086x1536.webp 1086w, https:\/\/alfakher24h.de\/wp-content\/uploads\/2024\/12\/Fumot-RandM-Digital-Box-12000-Puffs-8x12.webp 8w, https:\/\/alfakher24h.de\/wp-content\/uploads\/2024\/12\/Fumot-RandM-Digital-Box-12000-Puffs-600x848.webp 600w\" sizes=\"auto, (max-width: 1280px) 100vw, 1280px\" \/><\/p>\n<p>A <strong>V\u00e9letlen Tornado 12000 h\u00faz\u00e1s egyszer haszn\u00e1latos e-cigaretta<\/strong> a t\u00f6k\u00e9letes v\u00e1laszt\u00e1s a kifinomult g\u0151z\u00f6l\u0151k sz\u00e1m\u00e1ra, akik mind a teljes\u00edtm\u00e9nyt, mind az \u00edzt keresik. Magas nikotintartalm\u00e1val, hossz\u00fa ideig tart\u00f3 e-liquid kapacit\u00e1s\u00e1val \u00e9s sz\u00e1mos innovat\u00edv funkci\u00f3j\u00e1val ez a term\u00e9k mindent tartalmaz, amit egy g\u0151z\u00f6l\u0151 sz\u00edve v\u00e1gyhat. K\u00fcl\u00f6n\u00f6sen \u00e9rdemes kiemelni a <strong>Cherry Cola<\/strong> \u00edz, amely a felejthetetlen \u00e9des cseresznye \u00e9s a friss\u00edt\u0151 k\u00f3la t\u00f6k\u00e9letes kever\u00e9k\u00e9t \u00f6tv\u00f6zi. Fedezze fel, mi\u00e9rt a <strong>V\u00e9letlen Tornado 12000 h\u00faz\u00e1s egyszer haszn\u00e1latos e-cigaretta<\/strong> N\u00e9metorsz\u00e1gban az egyik legn\u00e9pszer\u0171bb lehet\u0151s\u00e9g, \u00e9s mi\u00e9rt \u00e9rdemes haszn\u00e1lni. <strong>alfakher24h.de<\/strong>a legnagyobb eldobhat\u00f3 e-cigaretta \u00e9rt\u00e9kes\u00edt\u00e9si platformj\u00e1r\u00f3l v\u00e1s\u00e1roljon.<\/p>\n<h2>Term\u00e9kle\u00edr\u00e1s<\/h2>\n<p>A <strong><a href=\"https:\/\/alfakher24h.de\/hu\/\">V\u00e9letlen Tornado 12000<\/a> Egyutas E-cigaretta<\/strong> Nemcsak rendk\u00edv\u00fcli g\u0151z\u00f6l\u00e9si \u00e9lm\u00e9nyt ny\u00fajt, hanem kiemelked\u0151 technik\u00e1t \u00e9s innovat\u00edv diz\u00e1jnt is. Ak\u00e1r 12 000 sz\u00edv\u00e1ssal is haszn\u00e1lhatja ezt az eszk\u00f6zt hossz\u00fa ideig an\u00e9lk\u00fcl, hogy agg\u00f3dnia kellene a ut\u00e1nt\u00f6lt\u00e9s vagy a gyakori csere miatt. A 20 ml-es e-folyad\u00e9k t\u00f6lt\u00e9s hossz\u00fa haszn\u00e1latot biztos\u00edt, ide\u00e1lis azoknak a vapereknek, akik megb\u00edzhat\u00f3 \u00e9s hossz\u00fa \u00e9lettartam\u00fa k\u00e9sz\u00fcl\u00e9ket keresnek.<\/p>\n<h3>A Random Tornado kiemel\u00e9sei:<\/h3>\n<ul>\n<li><strong>12 000 vonat<\/strong>: A nagyvonal\u00fa kapacit\u00e1snak k\u00f6sz\u00f6nhet\u0151en hossz\u00fa ideig tudsz folyamatosan g\u0151z\u00f6lni. Ez azt jelenti, hogy hossz\u00fa ideig \u00e9lvezheted a g\u0151z\u00f6l\u00e9st an\u00e9lk\u00fcl, hogy gyakran ut\u00e1nt\u00f6lten\u00e9l.<\/li>\n<li><strong>T\u00f6lthet\u0151 Type-C csatlakoz\u00f3val<\/strong>A nagy teljes\u00edtm\u00e9ny\u0171 850 mAh-s akkumul\u00e1tor k\u00f6nnyen felt\u00f6lthet\u0151 egy modern Type-C csatlakoz\u00f3n kereszt\u00fcl. Ez gyors t\u00f6lt\u00e9si id\u0151ket eredm\u00e9nyez \u00e9s n\u00f6veli az eszk\u00f6z \u00e9lettartam\u00e1t.<\/li>\n<li><strong>Szab\u00e1lyozhat\u00f3 l\u00e9g\u00e1raml\u00e1s vez\u00e9rl\u00e9s<\/strong>: Tervezze szem\u00e9lyre szabott vaporiz\u00e1ci\u00f3s \u00e9lm\u00e9ny\u00e9t - ak\u00e1r sz\u0171kebb, intenz\u00edvebb h\u00faz\u00e1sra, ak\u00e1r laz\u00e1bb, k\u00f6nnyebb g\u0151z\u00f6l\u00e9sre v\u00e1gyik.<\/li>\n<li><strong>RGB f\u00e9nyek<\/strong>: A be\u00e9p\u00edtett RGB vil\u00e1g\u00edt\u00e1s nem csak modern megjelen\u00e9st biztos\u00edt, hanem minden vaporiz\u00e1l\u00e1st vizu\u00e1lis \u00e9lm\u00e9nny\u00e9 tesz.<\/li>\n<li><strong>Magas nikotintartalom<\/strong>: 2% (20 mg) nikotintartalmat tartalmaz\u00f3 Random Tornado er\u0151s, de kiegyens\u00falyozott nikotinl\u00f6ket biztos\u00edt, amely kezd\u0151k \u00e9s tapasztalt g\u0151z\u00f6l\u0151k sz\u00e1m\u00e1ra egyar\u00e1nt alkalmas.<\/li>\n<\/ul>\n<h2>Cherry Cola \u2013 Az \u00edz, amely lebilincsel<\/h2>\n<p>A <strong>Cherry Cola<\/strong> \u00cdze a <strong>V\u00e9letlen Tornado 12000 h\u00faz\u00e1s egyszer haszn\u00e1latos e-cigaretta<\/strong> Ez egy harmonikus kombin\u00e1ci\u00f3ja k\u00e9t nagyon n\u00e9pszer\u0171 arom\u00e1nak: a cseresznye \u00e9s a k\u00f3la. Az \u00edz egy \u00e9des, telt csereszny\u00e9s jeggyel kezd\u0151dik, amely egy friss\u00edt\u0151 k\u00f3la alapra \u00e9rkezik, amely egyszerre pezsg\u0151 \u00e9s \u00e9l\u00e9nk\u00edt\u0151 hat\u00e1s\u00fa. Ez az \u00edzkombin\u00e1ci\u00f3 a t\u00f6k\u00e9letes k\u00eds\u00e9r\u0151 az eg\u00e9sz napra. Egyes\u00edti a cseresznye \u00e9dess\u00e9g\u00e9t a k\u00f3la friss, sz\u00e9nsavas jegy\u00e9vel, \u00e9s biztos\u00edtja azt az egyed\u00fcl\u00e1ll\u00f3 vape-\u00e9lm\u00e9nyt, amely kellemesen friss\u00edti a sz\u00e1jpadl\u00e1st, \u00e9s k\u00f6zben kiel\u00e9g\u00edti az \u00e9des v\u00e1gyakat.<\/p>\n<h3>R\u00e9szletes \u00edzle\u00edr\u00e1s<\/h3>\n<p>A <strong>Cherry Cola<\/strong> Az \u00edz nem t\u00fal \u00e9des, hanem t\u00f6k\u00e9letesen egyens\u00falyozza a cseresznye gy\u00fcm\u00f6lcs\u00f6ss\u00e9g\u00e9t a k\u00f3la frissess\u00e9g\u00e9vel. Minden egyes sz\u00edv\u00e1s elej\u00e9n a friss, \u00e9rett csereszny\u00e9k \u00edze szabadul fel, amelyek term\u00e9szetes \u00e9dess\u00e9ge azonnal \u00e9rezhet\u0151. Ezt gyorsan kieg\u00e9sz\u00edti a k\u00f3la \u00e9l\u00e9nk, pezsg\u0151 \u00e1rnyalata, amely kellemes frissess\u00e9get ad az eg\u00e9sznek. A k\u00f3la \u00edze nem t\u00fal intenz\u00edv vagy mesters\u00e9ges, hanem enyhe, csipked\u0151 \u00e9rz\u00e9st okoz a nyelven, amely kieg\u00e9sz\u00edti az eg\u00e9sz \u00edzt. Ez a gy\u00fcm\u00f6lcs\u00f6ss\u00e9g \u00e9s pezsg\u0151 frissess\u00e9g kombin\u00e1ci\u00f3ja a t\u00f6k\u00e9letes \u00e9lvezet azok sz\u00e1m\u00e1ra, akik kiegyens\u00falyozott \u00e9s m\u00e9gis izgalmas vaporiz\u00e1ci\u00f3s \u00e9lm\u00e9nyt keresnek.<\/p>\n<p>A <strong>Cherry Cola<\/strong> \u00cdzl\u00e9s k\u00fcl\u00f6n\u00f6sen alkalmas azoknak a vapereknek, akik a gy\u00fcm\u00f6lcs\u00f6s, de nem t\u00falzottan er\u0151s arom\u00e1kat r\u00e9szes\u00edtik el\u0151nyben. Az \u00edz friss\u00edt\u0151 \u00e9s \u00e9des egyszerre, \u00edgy ide\u00e1lis a mindennapi haszn\u00e1latra. Ak\u00e1r egy r\u00f6vid sz\u00fcnetr\u0151l, ak\u00e1r egy hossz\u00fa napr\u00f3l van sz\u00f3 - ez az \u00edz kiegyens\u00falyozott, kiel\u00e9g\u00edt\u0151 p\u00e1rol\u00e1st k\u00edn\u00e1l, amely nem nehez\u00edti el a nyelvet, de m\u00e9gis el\u00e9g ahhoz, hogy oltja a szomjat \u00e9s kiel\u00e9g\u00edti az \u00e9dess\u00e9g ir\u00e1nti ig\u00e9nyt. A <strong>Cherry Cola<\/strong> \u00cdzl\u00e9s a t\u00f6k\u00e9letes v\u00e1laszt\u00e1s mindazok sz\u00e1m\u00e1ra, akik gy\u00fcm\u00f6lcs\u00f6s frissess\u00e9get keresnek egy kis sz\u00e9nsavas k\u00f3la \u00e9rzettel.<\/p>\n<h2>A Random Tornado 12000 Z\u00fcge Einweg E-Zigarette el\u0151nyei<\/h2>\n<p>A <strong>V\u00e9letlen Tornado 12000 h\u00faz\u00e1s egyszer haszn\u00e1latos e-cigaretta<\/strong> nemcsak leny\u0171g\u00f6z\u0151 technol\u00f3gi\u00e1t k\u00edn\u00e1l, hanem sz\u00e1mos el\u0151nyt is ny\u00fajt, amelyek miatt kiv\u00e1l\u00f3 v\u00e1laszt\u00e1s minden vaporiz\u00e1l\u00f3 sz\u00e1m\u00e1ra:<\/p>\n<ol>\n<li><strong>Hossz\u00fa \u00e9lettartam \u00e9s nagy kapacit\u00e1s<\/strong>: A Random Tornado 12 000 h\u00faz\u00e1ssal rendk\u00edv\u00fcl sok g\u0151z\u00f6l\u00e9si \u00f6r\u00f6met k\u00edn\u00e1l. Ak\u00e1r napi haszn\u00e1latra, ak\u00e1r hosszabb haszn\u00e1latra - ez az eszk\u00f6z hossz\u00fa ideig kitart.<\/li>\n<li><strong>K\u00e9nyelmes t\u00f6lt\u00e9s Type-C-n kereszt\u00fcl<\/strong>: A Type-C csatlakoz\u00f3 lehet\u0151v\u00e9 teszi a k\u00e9sz\u00fcl\u00e9k gyors \u00e9s egyszer\u0171 t\u00f6lt\u00e9s\u00e9t, \u00edgy az e-cigaretta mindig gyorsan haszn\u00e1latra k\u00e9sz.<\/li>\n<li><strong>Egy\u00e9nileg szem\u00e9lyre szabhat\u00f3 l\u00e9g\u00e1raml\u00e1s szab\u00e1lyoz\u00e1s<\/strong>: \u00c1ll\u00edtsa be a l\u00e9g\u00e1raml\u00e1st az \u00d6n preferenci\u00e1i szerint, \u00e9s minden egyes l\u00e9legzetv\u00e9teln\u00e9l \u00e9lvezze a t\u00f6k\u00e9letes g\u0151z\u00f6l\u00e9si \u00e9lm\u00e9nyt.<\/li>\n<li><strong>St\u00edlusos kialak\u00edt\u00e1s RGB vil\u00e1g\u00edt\u00e1ssal<\/strong>: Az RGB-l\u00e1mp\u00e1sok nem csak optikai kiemel\u00e9st biztos\u00edtanak, hanem a vaporiz\u00e1l\u00e1st egy olyan \u00e9lm\u00e9nny\u00e9 teszik, amely minden \u00e9rz\u00e9kszervet megsz\u00f3l\u00edt.<\/li>\n<li><strong>Optim\u00e1lis nikotinbevitel<\/strong>: A 20 mg (21%) nikotintartalma enyhe, de kiel\u00e9g\u00edt\u0151 vape-\u00e9lm\u00e9nyt ny\u00fajt \u2013 ide\u00e1lis azok sz\u00e1m\u00e1ra, akik \u00e1lland\u00f3 \u00e9s kellemes nikotinbevitelre v\u00e1gynak.<\/li>\n<\/ol>\n<h2>Mi\u00e9rt \u00e9rdemes megv\u00e1s\u00e1rolni a Random Tornado 12000 Z\u00fcge Egyhaszn\u00e1latos E-cigarett\u00e1t?<\/h2>\n<p>A <strong>V\u00e9letlen Tornado 12000 h\u00faz\u00e1s egyszer haszn\u00e1latos e-cigaretta<\/strong> ide\u00e1lis v\u00e1laszt\u00e1s azoknak a vapereknek, akik min\u0151s\u00e9gi, tart\u00f3s \u00e9s k\u00e9nyelmes e-cigarett\u00e1t keresnek. Ak\u00e1r tapasztalt vaperr\u0151l van sz\u00f3, ak\u00e1r csak most kezdik el a vapoz\u00e1st - ez az eszk\u00f6z els\u0151 oszt\u00e1ly\u00fa \u00e9lm\u00e9nyt ny\u00fajt majd. A <strong>Cherry Cola<\/strong> \u00cdz k\u00fcl\u00f6n\u00f6sen friss\u00edt\u0151, \u00e9s kiegyens\u00falyozott g\u0151z\u00f6l\u00e9st k\u00edn\u00e1l, amelyet eg\u00e9sz nap \u00e9lvezhet. 12 000 sz\u00edv\u00e1ssal, \u00fajrat\u00f6lthet\u0151 akkumul\u00e1torral \u00e9s szem\u00e9lyre szabhat\u00f3 l\u00e9g\u00e1raml\u00e1s-szab\u00e1lyoz\u00e1ssal rendelkezik, <strong>V\u00e9letlen Torn\u00e1d\u00f3<\/strong> K\u00f6telez\u0151 minden komoly vapper sz\u00e1m\u00e1ra.<\/p>\n<h2>Rendeljen most az alfakher24h.de oldalon<\/h2>\n<p>L\u00e1togasson el <a href=\"https:\/\/alfakher24h.de\/hu\/\"><strong>alfakher24h.de<\/strong>,<\/a> a legnagyobb platformja  sz\u00e1m\u00e1ra <a href=\"https:\/\/alfakher24h.de\/hu\/\"><strong>Egyszer haszn\u00e1latos e-cigarett\u00e1k<\/strong><\/a> N\u00e9metorsz\u00e1gban, \u00e9s rendelje meg m\u00e9g ma a <strong>V\u00e9letlen Tornado 12000 h\u00faz\u00e1s egyszer haszn\u00e1latos e-cigaretta<\/strong>R\u00e9szes\u00fclj\u00f6n gyors sz\u00e1ll\u00edt\u00e1sunkb\u00f3l \u00e9s kiv\u00e1l\u00f3 \u00fcgyf\u00e9lszolg\u00e1latunkb\u00f3l. K\u00e9sz\u00fclj\u00f6n fel, hogy \u00e9lvezze a v\u00e9gs\u0151 g\u0151z\u00f6l\u00e9si \u00e9lm\u00e9nyt \u2013 a<a href=\"https:\/\/alfakher24h.de\/hu\/\"> <strong>V\u00e9letlen Torn\u00e1d\u00f3<\/strong> <\/a>\u00e9s az egyed\u00fcl\u00e1ll\u00f3 <strong>Cherry Cola<\/strong> \u00cdzl\u00e9s.<\/p>","protected":false},"excerpt":{"rendered":"<p>A<strong> V\u00e9letlen Tornado 12000 h\u00faz\u00e1s eldobhat\u00f3 e-cigaretta - Cherry Cola<\/strong> Biztos\u00edt egy hossz\u00fa t\u00e1v\u00fa g\u0151z\u00f6l\u00e9si \u00e9lm\u00e9nyt ak\u00e1r 12 000 h\u00faz\u00e1ssal, egy friss\u00edt\u0151 kever\u00e9kkel az \u00e9des cseresznye \u00e9s a sz\u00e9nsavas k\u00f3la k\u00f6z\u00f6tt, \u00fajrat\u00f6lthet\u0151 akkumul\u00e1torral \u00e9s \u00e1ll\u00edthat\u00f3 l\u00e9g\u00e1raml\u00e1s-szab\u00e1lyoz\u00e1ssal.<\/p>","protected":false},"featured_media":1230,"comment_status":"open","ping_status":"closed","template":"","meta":{"om_disable_all_campaigns":false},"product_brand":[],"product_cat":[32],"product_tag":[],"class_list":{"0":"post-1229","1":"product","2":"type-product","3":"status-publish","4":"has-post-thumbnail","6":"product_cat-random-tornado-12000","8":"first","9":"outofstock","10":"shipping-taxable","11":"purchasable","12":"product-type-simple"},"_links":{"self":[{"href":"https:\/\/alfakher24h.de\/hu\/wp-json\/wp\/v2\/product\/1229","targetHints":{"allow":["GET"]}}],"collection":[{"href":"https:\/\/alfakher24h.de\/hu\/wp-json\/wp\/v2\/product"}],"about":[{"href":"https:\/\/alfakher24h.de\/hu\/wp-json\/wp\/v2\/types\/product"}],"replies":[{"embeddable":true,"href":"https:\/\/alfakher24h.de\/hu\/wp-json\/wp\/v2\/comments?post=1229"}],"wp:featuredmedia":[{"embeddable":true,"href":"https:\/\/alfakher24h.de\/hu\/wp-json\/wp\/v2\/media\/1230"}],"wp:attachment":[{"href":"https:\/\/alfakher24h.de\/hu\/wp-json\/wp\/v2\/media?parent=1229"}],"wp:term":[{"taxonomy":"product_brand","embeddable":true,"href":"https:\/\/alfakher24h.de\/hu\/wp-json\/wp\/v2\/product_brand?post=1229"},{"taxonomy":"product_cat","embeddable":true,"href":"https:\/\/alfakher24h.de\/hu\/wp-json\/wp\/v2\/product_cat?post=1229"},{"taxonomy":"product_tag","embeddable":true,"href":"https:\/\/alfakher24h.de\/hu\/wp-json\/wp\/v2\/product_tag?post=1229"}],"curies":[{"name":"wp","href":"https:\/\/api.w.org\/{rel}","templated":true}]}}