{"id":1204,"date":"2024-12-19T13:00:06","date_gmt":"2024-12-19T13:00:06","guid":{"rendered":"https:\/\/alfakher24h.de\/?post_type=product&#038;p=1204"},"modified":"2025-07-16T07:25:08","modified_gmt":"2025-07-16T07:25:08","slug":"1204","status":"publish","type":"product","link":"https:\/\/alfakher24h.de\/hu\/termek\/1204\/","title":{"rendered":"V\u00e9letlen Tornado 12000 h\u00faz\u00e1s eldobhat\u00f3 e-cigaretta - Vegyes bogy\u00f3k"},"content":{"rendered":"<h2><strong>V\u00e9letlen Tornado 12000 h\u00faz\u00e1s eldobhat\u00f3 e-cigaretta - Vegyes bogy\u00f3k <\/strong>Bevezet\u00e9s: Fedezze fel az ultimate vape-\u00e9lm\u00e9nyt<\/h2>\n<p><img loading=\"lazy\" decoding=\"async\" class=\"alignnone size-full wp-image-1176\" src=\"https:\/\/alfakher24h.de\/wp-content\/uploads\/2024\/12\/Fumot-RandM-Digital-Box-12000-Puffs.webp\" alt=\"Fumot-RandM-Digital-Box-12000\" width=\"1280\" height=\"1810\" title=\"\" srcset=\"https:\/\/alfakher24h.de\/wp-content\/uploads\/2024\/12\/Fumot-RandM-Digital-Box-12000-Puffs.webp 1280w, https:\/\/alfakher24h.de\/wp-content\/uploads\/2024\/12\/Fumot-RandM-Digital-Box-12000-Puffs-212x300.webp 212w, https:\/\/alfakher24h.de\/wp-content\/uploads\/2024\/12\/Fumot-RandM-Digital-Box-12000-Puffs-724x1024.webp 724w, https:\/\/alfakher24h.de\/wp-content\/uploads\/2024\/12\/Fumot-RandM-Digital-Box-12000-Puffs-768x1086.webp 768w, https:\/\/alfakher24h.de\/wp-content\/uploads\/2024\/12\/Fumot-RandM-Digital-Box-12000-Puffs-1086x1536.webp 1086w, https:\/\/alfakher24h.de\/wp-content\/uploads\/2024\/12\/Fumot-RandM-Digital-Box-12000-Puffs-8x12.webp 8w, https:\/\/alfakher24h.de\/wp-content\/uploads\/2024\/12\/Fumot-RandM-Digital-Box-12000-Puffs-600x848.webp 600w\" sizes=\"auto, (max-width: 1280px) 100vw, 1280px\" \/><\/p>\n<p>\u00dcdv\u00f6z\u00f6lj\u00fck a modern g\u0151z\u00f6l\u00e9s vil\u00e1g\u00e1ban a <a href=\"https:\/\/alfakher24h.de\/hu\/?post_type=product&amp;p=1204&amp;preview=true\">V\u00e9letlen Tornado 12000 h\u00faz\u00e1s eldobhat\u00f3 e-cigaretta - Vegyes bogy\u00f3k<\/a>Ez a kiv\u00e1l\u00f3 min\u0151s\u00e9g\u0171 term\u00e9ket kifejezetten az\u00e9rt tervezt\u00e9k, hogy a kifinomult g\u0151z\u00f6l\u0151knek felejthetetlen \u00e9lm\u00e9nyt ny\u00fajtson. Innovat\u00edv technol\u00f3gi\u00e1j\u00e1val, megk\u00fcl\u00f6nb\u00f6ztethet\u0151 diz\u00e1jnj\u00e1val \u00e9s olyan \u00edz\u00e9vel, amely leny\u0171g\u00f6zi \u00d6nt, a Random Tornado \u00faj m\u00e9rc\u00e9t \u00e1ll\u00edt fel az eldobhat\u00f3 e-cigarett\u00e1k vil\u00e1g\u00e1ban. Ak\u00e1r \u00fatk\u00f6zben, ak\u00e1r otthon - ez az eszk\u00f6z \u00e1lland\u00f3 t\u00e1rsa lesz.<\/p>\n<div>\n<hr \/>\n<\/div>\n<h3>Term\u00e9kl\u00edr\u00e1s: Tart\u00f3s, st\u00edlusos \u00e9s er\u0151s<\/h3>\n<p>A Random Tornado 12000 h\u00faz\u00e1sok<a href=\"https:\/\/alfakher24h.de\/hu\/\"> Egyszer haszn\u00e1latos e-cigaretta<\/a> Sokkal t\u00f6bb, mint egy egyszer\u0171 e-cigaretta - ez egy nyilatkozat. Ak\u00e1r 12 000 h\u00faz\u00e1ssal is ell\u00e1tja a felhaszn\u00e1l\u00f3t, hossz\u00fa t\u00e1v\u00fa p\u00e1rologtat\u00e1si \u00e9lm\u00e9nyt ny\u00fajtva, amely az eldobhat\u00f3 term\u00e9kek kateg\u00f3ri\u00e1j\u00e1ban p\u00e1ratlan. Az el\u0151re t\u00f6lt\u00f6tt 20 ml-es tart\u00e1ly biztos\u00edtja, hogy soha ne kelljen \u00fajra \u00e9s \u00fajra ut\u00e1nt\u00f6lteni, m\u00edg a nagy teljes\u00edtm\u00e9ny\u0171 850 mAh-s akkumul\u00e1tor Type-C t\u00f6lt\u0151csatlakoz\u00f3val gyors \u00e9s k\u00e9nyelmes t\u00f6lt\u00e9st tesz lehet\u0151v\u00e9.<\/p>\n<p>A k\u00e9sz\u00fcl\u00e9k nemcsak m\u0171szaki jellemz\u0151ivel, hanem eszt\u00e9tikai kialak\u00edt\u00e1s\u00e1val is leny\u0171g\u00f6z. A st\u00edlusos RGB-l\u00e1mp\u00e1k a Tornad\u00f3t igazi szemet gy\u00f6ny\u00f6rk\u00f6dtet\u0151v\u00e9 teszik. Az ergon\u00f3mikus kialak\u00edt\u00e1s maxim\u00e1lis k\u00e9nyelmet \u00e9s felhaszn\u00e1l\u00f3bar\u00e1ts\u00e1got biztos\u00edt.<\/p>\n<div>\n<hr \/>\n<\/div>\n<h3>A Random Tornado 12000 h\u00faz\u00e1s\u00e1nak f\u0151bb jellemz\u0151i<\/h3>\n<h4>\ud83d\udd39 <strong>Hosszantart\u00f3 g\u0151z\u00f6l\u00e9si \u00e9lm\u00e9ny<\/strong><\/h4>\n<p>20 ml kapacit\u00e1ssal a Tornado ak\u00e1r 12 000 sz\u00edv\u00e1st is biztos\u00edt. T\u00f6k\u00e9letes hossz\u00fa t\u00e1v\u00fa haszn\u00e1latra \u00e9s \u00fatk\u00f6zben is.<\/p>\n<h4>\ud83d\udd39 <strong>\u00fajrat\u00f6lthet\u0151 akkumul\u00e1tor<\/strong><\/h4>\n<p>A be\u00e9p\u00edtett 850 mAh-s akkumul\u00e1tor biztos\u00edtja, hogy a g\u0151z\u00f6l\u00e9s \u00f6r\u00f6me soha ne szakadjon meg. Egyszer\u0171en t\u00f6ltse fel a Type-C csatlakoz\u00f3n kereszt\u00fcl, \u00e9s folytassa tov\u00e1bb.<\/p>\n<h4>\ud83d\udd39 <strong>Egy\u00e9ni l\u00e9g\u00e1raml\u00e1s szab\u00e1lyoz\u00e1s<\/strong><\/h4>\n<p>\u00c1ll\u00edtsa be a l\u00e9g\u00e1raml\u00e1st az \u00d6n preferenci\u00e1i szerint. Ak\u00e1r intenz\u00edv, s\u0171r\u0171 felh\u0151ket, ak\u00e1r enyhe, l\u00e9gies f\u00faj\u00e1sokat v\u00e1laszt - a d\u00f6nt\u00e9s az \u00d6n\u00e9.<\/p>\n<h4>\ud83d\udd39 <strong>2% Nikotiner\u0151ss\u00e9g<\/strong><\/h4>\n<p>A m\u00e9rs\u00e9kelt nikotinkoncentr\u00e1ci\u00f3 t\u00f6k\u00e9letesen megfelel mind a kezd\u0151k, mind a tapasztalt g\u0151z\u00f6l\u0151k sz\u00e1m\u00e1ra.<\/p>\n<h4>\ud83d\udd39 <strong>RGB vil\u00e1g\u00edt\u00e1s<\/strong><\/h4>\n<p>A st\u00edlusos kialak\u00edt\u00e1st hat vil\u00e1g\u00edt\u00f3 sz\u00edn emeli ki, amelyek minden vonatnak k\u00fcl\u00f6nleges hangulatot k\u00f6lcs\u00f6n\u00f6znek.<\/p>\n<h4>\ud83d\udd39 <strong>Nincs sz\u00fcks\u00e9g ut\u00e1nt\u00f6lt\u00e9sre<\/strong><\/h4>\n<p>Egyszer\u0171en kicsomagolja \u00e9s m\u00e1r mehet is - a Tornado maxim\u00e1lis k\u00e9nyelmet k\u00edn\u00e1l kompromisszumok n\u00e9lk\u00fcl.<\/p>\n<h4>\ud83d\udd39 <strong>K\u00f6rnyezetbar\u00e1t megk\u00f6zel\u00edt\u00e9s<\/strong><\/h4>\n<p>A \u00fajrat\u00f6lthet\u0151 akkumul\u00e1toroknak k\u00f6sz\u00f6nhet\u0151en cs\u00f6kkentheti az egyszer haszn\u00e1latos term\u00e9kek fogyaszt\u00e1s\u00e1t \u00e9s akt\u00edvan hozz\u00e1j\u00e1rul a k\u00f6rnyezetv\u00e9delemhez.<\/p>\n<div>\n<hr \/>\n<\/div>\n<h3>Vegyes Bogy\u00f3k: Egy \u00edzrobban\u00e1s az extra oszt\u00e1lyb\u00f3l<\/h3>\n<p>A \"Mixed Berries\" \u00edz egy igazi kiemel\u00e9se, \u00e9s minden h\u00faz\u00e1st k\u00fcl\u00f6nleges \u00e9lm\u00e9nny\u00e9 tesz. Mer\u00fclj\u00f6n el a t\u00f6k\u00e9letesen \u00f6sszehangolt kever\u00e9k\u00e9ben az \u00e9rett \u00e1fony\u00e1k, \u00e9des m\u00e1ln\u00e1k \u00e9s enyh\u00e9n savanyk\u00e1s szedernek. Ez az aroma \u00f6tv\u00f6zi a frissess\u00e9get, az \u00e9dess\u00e9get \u00e9s a visszafogott f\u0171szeress\u00e9get egy p\u00e1ratlan \u00edz\u00e9lm\u00e9nnyel.<\/p>\n<p>Az els\u0151 korty k\u00e9nyezteti az \u00edzlel\u0151bimb\u00f3kat a szilva intenz\u00edv frissess\u00e9g\u00e9vel, amelyet a m\u00e1lna kellemes \u00e9dess\u00e9ge k\u00f6vet. A lecseng\u00e9sben a fekete szilva kibontakoztatja jellegzetes jegy\u00e9t, amely enyh\u00e9n keserny\u00e9s akcentust ad. Ezeknek az arom\u00e1knak a harmonikus kombin\u00e1ci\u00f3ja biztos\u00edtja a hossz\u00fa ideig tart\u00f3, telt \u00edz\u0171 \u00e9lvezetet, amely soha nem v\u00e1lik unalmass\u00e1.<\/p>\n<p>A Mixed-Berries v\u00e1ltozat ide\u00e1lis mindenki sz\u00e1m\u00e1ra, aki szereti a gy\u00fcm\u00f6lcs\u00f6s arom\u00e1kat \u00e9s term\u00e9szetes \u00edz\u00e9lm\u00e9nyre v\u00e1gyik. Ak\u00e1r \u00faj vagy a p\u00e1rologtat\u00e1s vil\u00e1g\u00e1ban, ak\u00e1r tapasztalt \u00ednyenc vagy - ez a folyad\u00e9k biztosan leny\u0171g\u00f6z majd.<\/p>\n<div>\n<hr \/>\n<\/div>\n<h3>Mi\u00e9rt <a href=\"https:\/\/alfakher24h.de\/hu\/\">Alfakher24h.de<\/a> V\u00e1s\u00e1rolni?<\/h3>\n<p>Alfakher24h.de Magyarorsz\u00e1g legnagyobb online platformja  sz\u00e1m\u00e1ra <a href=\"https:\/\/alfakher24h.de\/hu\/\">Eldobhat\u00f3 e-cigarett\u00e1k<\/a> \u00e9s a legjobb \u00e1rakat \u00e9s a legnagyobb v\u00e1laszt\u00e9kot k\u00edn\u00e1lja. Egy felhaszn\u00e1l\u00f3bar\u00e1t weboldallal, biztons\u00e1gos fizet\u00e9si m\u00f3dokkal, mint p\u00e9ld\u00e1ul a PayPal, hitelk\u00e1rty\u00e1k \u00e9s SEPA-\u00e1tutal\u00e1sok, valamint gyors sz\u00e1ll\u00edt\u00e1ssal az \u00d6n Random Tornado 12000 Z\u00fcge Einweg E Zigarette v\u00e1s\u00e1rl\u00e1sa n\u00e1lunk k\u00e9nyelmes \u00e9s egyszer\u0171.<\/p>\n<h4>A v\u00e1s\u00e1rl\u00e1s el\u0151nyei az Alfakher24h.de oldalon:<\/h4>\n<ul data-spread=\"false\">\n<li>Exklusive Auswahl an Premium-Produkten.<\/li>\n<li>Schneller Versand innerhalb Deutschlands.<\/li>\n<li>Biztons\u00e1gos \u00e9s rugalmas fizet\u00e9si lehet\u0151s\u00e9gek.<\/li>\n<li>Kompetens \u00dcgyf\u00e9lszolg\u00e1lat, amely b\u00e1rmikor rendelkez\u00e9s\u00e9re \u00e1ll.<\/li>\n<\/ul>\n<div>\n<hr \/>\n<\/div>\n<h3>K\u00f6vetkeztet\u00e9s: Az innov\u00e1ci\u00f3 tal\u00e1lkozik az \u00e9lvezettel<\/h3>\n<p>A Random Tornado 12000 Z\u00fcge Einweg E Zigarette \u2013 Mixed Berries t\u00f6k\u00e9letes v\u00e1laszt\u00e1s mindazok sz\u00e1m\u00e1ra, akik st\u00edlusra, teljes\u00edtm\u00e9nyre \u00e9s \u00edzre v\u00e1gynak. Modern diz\u00e1jnj\u00e1val, innovat\u00edv funkci\u00f3ival \u00e9s p\u00e1ratlan Mixed-Berries arom\u00e1j\u00e1val \u00faj m\u00e9rc\u00e9t \u00e1ll\u00edt fel az eldobhat\u00f3 e-cigarett\u00e1k vil\u00e1g\u00e1ban. L\u00e1togasson el m\u00e9g ma <a href=\"https:\/\/alfakher24h.de\/hu\/\">Alfakher24h.de<\/a> \u00e9s biztos\u00edtsa k\u00e9sz\u00fcl\u00e9k\u00e9t, hogy \u00fajra \u00e1t\u00e9lje a g\u0151z\u00f6l\u00e9st.<\/p>\n<p>&nbsp;<\/p>","protected":false},"excerpt":{"rendered":"<p>A <strong>V\u00e9letlen Tornado 12000 h\u00faz\u00e1s eldobhat\u00f3 e-cigaretta - Vegyes bogy\u00f3k<\/strong> K\u00edn\u00e1lat\u00e1val, \u00fajrat\u00f6lthet\u0151 akkumul\u00e1tor\u00e1val, 20 ml el\u0151t\u00f6lt\u00f6tt folyad\u00e9kkal \u00e9s ak\u00e1r 12 000 h\u00faz\u00e1ssal hossz\u00fa t\u00e1v\u00fa g\u0151z\u00f6l\u00e9si \u00e9lm\u00e9nyt ny\u00fajt intenz\u00edv bogy\u00f3s arom\u00e1val.<\/p>","protected":false},"featured_media":1205,"comment_status":"open","ping_status":"closed","template":"","meta":{"om_disable_all_campaigns":false},"product_brand":[],"product_cat":[32],"product_tag":[],"class_list":{"0":"post-1204","1":"product","2":"type-product","3":"status-publish","4":"has-post-thumbnail","6":"product_cat-random-tornado-12000","8":"first","9":"outofstock","10":"shipping-taxable","11":"purchasable","12":"product-type-simple"},"_links":{"self":[{"href":"https:\/\/alfakher24h.de\/hu\/wp-json\/wp\/v2\/product\/1204","targetHints":{"allow":["GET"]}}],"collection":[{"href":"https:\/\/alfakher24h.de\/hu\/wp-json\/wp\/v2\/product"}],"about":[{"href":"https:\/\/alfakher24h.de\/hu\/wp-json\/wp\/v2\/types\/product"}],"replies":[{"embeddable":true,"href":"https:\/\/alfakher24h.de\/hu\/wp-json\/wp\/v2\/comments?post=1204"}],"wp:featuredmedia":[{"embeddable":true,"href":"https:\/\/alfakher24h.de\/hu\/wp-json\/wp\/v2\/media\/1205"}],"wp:attachment":[{"href":"https:\/\/alfakher24h.de\/hu\/wp-json\/wp\/v2\/media?parent=1204"}],"wp:term":[{"taxonomy":"product_brand","embeddable":true,"href":"https:\/\/alfakher24h.de\/hu\/wp-json\/wp\/v2\/product_brand?post=1204"},{"taxonomy":"product_cat","embeddable":true,"href":"https:\/\/alfakher24h.de\/hu\/wp-json\/wp\/v2\/product_cat?post=1204"},{"taxonomy":"product_tag","embeddable":true,"href":"https:\/\/alfakher24h.de\/hu\/wp-json\/wp\/v2\/product_tag?post=1204"}],"curies":[{"name":"wp","href":"https:\/\/api.w.org\/{rel}","templated":true}]}}