{"id":1140,"date":"2024-12-12T09:17:19","date_gmt":"2024-12-12T09:17:19","guid":{"rendered":"https:\/\/alfakher24h.de\/?post_type=product&#038;p=1140"},"modified":"2024-12-17T06:19:08","modified_gmt":"2024-12-17T06:19:08","slug":"airmez-matrix-25000-puff-eldobhato-e-cigaretta-ejfeli-cseresznye","status":"publish","type":"product","link":"https:\/\/alfakher24h.de\/hu\/termek\/airmez-matrix-25000-puff-eldobhato-e-cigaretta-ejfeli-cseresznye\/","title":{"rendered":"Airmez Matrix 25000 Z\u00fcge Einweg E Zigarette \u2013 Midnight Cherry \nford\u00edt\u00e1sa:\nAirmez Matrix 25000 h\u00faz\u00e1s eldobhat\u00f3 e-cigaretta \u2013 \u00c9jf\u00e9li cseresznye"},"content":{"rendered":"<h2><strong>Airmez Matrix 25000 Z\u00fcge Einweg E Zigarette \u2013 Midnight Cherry \nford\u00edt\u00e1sa:\nAirmez Matrix 25000 h\u00faz\u00e1s eldobhat\u00f3 e-cigaretta \u2013 \u00c9jf\u00e9li cseresznye<\/strong><\/h2>\n<div style=\"width: 1020px;\" class=\"wp-video\"><video class=\"wp-video-shortcode\" id=\"video-1140-1\" width=\"1020\" height=\"1020\" preload=\"metadata\" controls=\"controls\"><source type=\"video\/mp4\" src=\"https:\/\/alfakher24h.de\/wp-content\/uploads\/2024\/12\/Airmez-Matrix-25000-3.mp4?_=1\" \/><a href=\"https:\/\/alfakher24h.de\/wp-content\/uploads\/2024\/12\/Airmez-Matrix-25000-3.mp4\">https:\/\/alfakher24h.de\/wp-content\/uploads\/2024\/12\/Airmez-Matrix-25000-3.mp4<\/a><\/video><\/div>\n<p>\u00c9lje \u00e1t a <a href=\"https:\/\/alfakher24h.de\/hu\/?post_type=product&amp;p=1140&amp;preview=true\"><strong>Airmez Matrix 25000 Z\u00fcge Einweg E Zigarette \u2013 Midnight Cherry \nford\u00edt\u00e1sa:\nAirmez Matrix 25000 h\u00faz\u00e1s eldobhat\u00f3 e-cigaretta \u2013 \u00c9jf\u00e9li cseresznye<\/strong><\/a> a t\u00f6k\u00e9letes kapcsolat a legmodernebb technol\u00f3gia, az eleg\u00e1ns diz\u00e1jn \u00e9s az exkluz\u00edv \u00edz k\u00f6z\u00f6tt. Ezt az e-cigarett\u00e1t kifejezetten ig\u00e9nyes vaperek sz\u00e1m\u00e1ra fejlesztett\u00e9k ki, akik \u00e9rt\u00e9kelik a maxim\u00e1lis teljes\u00edtm\u00e9nyt \u00e9s az intenz\u00edv, gy\u00fcm\u00f6lcs\u00f6s arom\u00e1t.<a href=\"https:\/\/alfakher24h.de\/hu\/\"> <strong>alfakher24h.de<\/strong><\/a>N\u00e9metorsz\u00e1g vezet\u0151 eldobhat\u00f3 e-cigaretta online platformj\u00e1n tal\u00e1lja ezt a kiv\u00e9teles modellt, amely minden v\u00e1rakoz\u00e1s\u00e1t fel\u00fclm\u00falja majd.<\/p>\n<hr \/>\n<h2><strong>Term\u00e9kl le\u00edr\u00e1s: T\u00f6k\u00e9letess\u00e9g minden von\u00e1sban<\/strong><\/h2>\n<p>Az Airmez Matrix 25000 t\u00f6bb, mint egy egyszer haszn\u00e1latos e-cigaretta - ez egy technol\u00f3giai remekm\u0171. Az innovat\u00edv kett\u0151s h\u00e1l\u00f3 tekercs rendszere intenz\u00edv \u00edz\u00e9lm\u00e9nyeket \u00e9s s\u0171r\u0171 p\u00e1rafelh\u0151ket biztos\u00edt, m\u00edg a \u00e1ll\u00edthat\u00f3 leveg\u0151ell\u00e1t\u00e1s lehet\u0151v\u00e9 teszi az egy\u00e9ni be\u00e1ll\u00edt\u00e1st. Egy <strong>2,1 h\u00fcvelykes \u00e9rint\u0151k\u00e9perny\u0151<\/strong> Mindig tartsa szemmel az akkumul\u00e1tor t\u00f6lt\u00f6tts\u00e9g\u00e9t \u00e9s az e-liquid szintj\u00e9t, \u00e9s a k\u00e9t t\u0171z m\u00f3d (norm\u00e1l \u00e9s boost) seg\u00edts\u00e9g\u00e9vel a g\u0151z\u00f6l\u00e9st teljes m\u00e9rt\u00e9kben az \u00d6n ig\u00e9nyeihez igaz\u00edthatja.<\/p>\n<h3><strong>A technol\u00f3gia tal\u00e1lkozik a felhaszn\u00e1l\u00f3bar\u00e1ts\u00e1ggal<\/strong><\/h3>\n<ul>\n<li><strong>El\u0151re felt\u00f6lt\u00f6tt tart\u00e1ly:<\/strong> Nincs sz\u00fcks\u00e9g ut\u00e1nt\u00f6lt\u00e9sre - egyszer\u0171en csak \u00e9lvezze.<\/li>\n<li><strong>Intuit\u00edv vonalaktiv\u00e1l\u00e1s:<\/strong> Ide\u00e1lis kezd\u0151k \u00e9s tapasztalt vaperek sz\u00e1m\u00e1ra.<\/li>\n<li><strong>USB-t\u00edpus\u00fa C t\u00f6lt\u0151csatlakoz\u00f3:<\/strong> Gyors t\u00f6lt\u00e9s a maxim\u00e1lis hat\u00e9konys\u00e1g \u00e9rdek\u00e9ben.<\/li>\n<li><strong>Hossz\u00fa \u00e9lettartam\u00fa akkumul\u00e1tor:<\/strong> Legfeljebb <strong>25 000 vonat<\/strong> Norm\u00e1l m\u00f3dban \u2013 a v\u00e9gs\u0151 hossz\u00fa t\u00e1v\u00fa \u00e9lm\u00e9ny.<\/li>\n<\/ul>\n<p>Mindegy, hogy \u00fatk\u00f6zben vagy egy ellazult k\u00f6rnyezetben haszn\u00e1lja az e-cigarett\u00e1t - az Airmez Matrix 25000 p\u00e1ratlan g\u0151z\u00f6l\u00e9si \u00e9lm\u00e9nyt ny\u00fajt.<\/p>\n<hr \/>\n<h2><strong>Egyedi funkci\u00f3k a pr\u00e9mium g\u0151z\u00f6l\u00e9si \u00e9lm\u00e9ny\u00e9rt<\/strong><\/h2>\n<h3><strong>1. Dupla tekercs\u0171 coilok az intenz\u00edv \u00edzhez<\/strong><\/h3>\n<p>A fejlett Dual-Mesh-Coilsoknak k\u00f6sz\u00f6nhet\u0151en minden sz\u00edv\u00e1sn\u00e1l t\u00f6k\u00e9letes \u00edz\u00e9lm\u00e9nyben r\u00e9szes\u00fcl. Ez a technol\u00f3gia egyenletes f\u0171t\u00e9st biztos\u00edt \u00e9s maximaliz\u00e1lja az arom\u00e1t.<\/p>\n<h3><strong>2. Maxim\u00e1lis vonatsz\u00e1m: 25 000 vonat<\/strong><\/h3>\n<p>Az Airmez Matrix 25000 ak\u00e1r 25 000 sz\u00edv\u00e1st biztos\u00edt norm\u00e1l m\u00f3dban, ami a leghosszabb \u00e9lettartam\u00fa eldobhat\u00f3 e-cigarett\u00e1k k\u00f6z\u00e9 teszi a piacon. A Boost m\u00f3dban ak\u00e1r 15 000 sz\u00edv\u00e1s is lehets\u00e9ges - ide\u00e1lis intenz\u00edv g\u0151z\u00f6l\u00e9shez.<\/p>\n<h3><strong>3. \u00c1ll\u00edthat\u00f3 leveg\u0151bevitel<\/strong><\/h3>\n<p>Szem\u00e9lyre szabott leveg\u0151\u00e1raml\u00e1ssal biztos\u00edtsa a t\u00f6k\u00e9letesen hangolt g\u0151z\u00f6l\u00e9si \u00e9lm\u00e9nyt.<\/p>\n<h3><strong>4. Integr\u00e1lt 2,1\u2033-es \u00e9rint\u0151k\u00e9perny\u0151<\/strong><\/h3>\n<p>A felhaszn\u00e1l\u00f3bar\u00e1t \u00e9rint\u0151k\u00e9perny\u0151 val\u00f3s id\u0151ben mutatja a akkumul\u00e1tor \u00e1llapot\u00e1t \u00e9s az e-liquid szintj\u00e9t - \u00edgy mindig teljes ellen\u0151rz\u00e9s alatt \u00e1ll.<\/p>\n<h3><strong>5. Magas nikotintartalom (5%)<\/strong><\/h3>\n<p>Az Airmez Matrix 25000 5% nikotiner\u0151ss\u00e9ggel van ell\u00e1tva, ami er\u0151s \u00e9s kiel\u00e9g\u00edt\u0151 hat\u00e1st garant\u00e1l.<\/p>\n<h3><strong>6. K\u00e9t t\u0171z m\u00f3d (Norm\u00e1l \u00e9s Boost)<\/strong><\/h3>\n<p>V\u00e1lasszon k\u00e9t m\u00f3d k\u00f6z\u00fcl, att\u00f3l f\u00fcgg\u0151en, hogy ink\u00e1bb egy l\u00e1gyabb vagy intenz\u00edvebb g\u0151z\u00f6l\u00e9si \u00e9lm\u00e9nyt r\u00e9szes\u00edt el\u0151nyben.<\/p>\n<h3><strong>7. Mindig \u00fatk\u00f6zben k\u00e9sz<\/strong><\/h3>\n<p>Kompakt \u00e9s hordozhat\u00f3 kialak\u00edt\u00e1s\u00e1val az Airmez Matrix 25000 minden alkalomhoz t\u00f6k\u00e9letes t\u00e1rsa.<\/p>\n<h3><strong>8. K\u00f6rnyezetbar\u00e1t tervez\u00e9s<\/strong><\/h3>\n<p>Hossz\u00fa \u00e9lettartamuknak k\u00f6sz\u00f6nhet\u0151en minimaliz\u00e1lhat\u00f3 az egyszer haszn\u00e1latos term\u00e9kek hullad\u00e9ka.<\/p>\n<hr \/>\n<h2><strong>\u00cdzle\u00edr\u00e1s: \u00c9jszakai Cseresznye<\/strong><\/h2>\n<p>\u00cdz<a href=\"https:\/\/alfakher24h.de\/hu\/\"> <strong>Midnight Cherry<\/strong> i<\/a>Egy tisztelg\u00e9s az \u00e9rett cseresznye term\u00e9szetes sz\u00e9ps\u00e9ge \u00e9s \u00e9dess\u00e9ge el\u0151tt. Minden h\u00faz\u00e1s felszabad\u00edt egy intenz\u00edv, telt cseresznye arom\u00e1t, amelyet egy finom savany\u00fas\u00e1g k\u00eds\u00e9r - mintha egy \u00e9jszakai s\u00e9t\u00e1t tenn\u00e9nk egy csereszny\u00e9skertben.<\/p>\n<h3><strong>Az \u00edzprofil r\u00e9szletesen:<\/strong><\/h3>\n<ul>\n<li><strong>Friss\u00edt\u0151 \u00e9dess\u00e9g:<\/strong> A \u00e9rett cseresznye l\u00e9d\u00fas \u00e9dess\u00e9ge ker\u00fcl el\u0151t\u00e9rbe, \u00e9s minden h\u00faz\u00e1sn\u00e1l kellemes, kiel\u00e9g\u00edt\u0151 karaktert ad.<\/li>\n<li><strong>Eleg\u00e1ns sav:<\/strong> Enyhe savany\u00fas\u00e1g biztos\u00edtja a kiegyens\u00falyozott \u00e9s izgalmas \u00edz\u00e9lm\u00e9nyt.<\/li>\n<li><strong>Harmonikus kombin\u00e1ci\u00f3:<\/strong> A t\u00f6k\u00e9letes \u00e9dess\u00e9g \u00e9s frissess\u00e9g kever\u00e9ke teszi a Midnight Cherry-t p\u00e1ratlan v\u00e1laszt\u00e1ss\u00e1 minden gy\u00fcm\u00f6lcs\u00f6s arom\u00e1k szerelmese sz\u00e1m\u00e1ra.<\/li>\n<\/ul>\n<p>Ez az \u00edz ide\u00e1lis azoknak a vapereknek, akik eleg\u00e1ns \u00e9s m\u00e9gis er\u0151teljes \u00edzvil\u00e1got keresnek, amely minden pillanatot k\u00fcl\u00f6nlegess\u00e9 tesz.<\/p>\n<hr \/>\n<h2><strong>Mi\u00e9rt <a href=\"https:\/\/alfakher24h.de\/hu\/\">alfakher24h.de<\/a> V\u00e1s\u00e1rolni?<\/strong><\/h2>\n<p>N\u00e9metorsz\u00e1g legnagyobb online boltja az eldobhat\u00f3 e-cigarett\u00e1khoz<a href=\"https:\/\/alfakher24h.de\/hu\/\"> <strong>alfakher24h.de<\/strong>:<\/a><\/p>\n<ul>\n<li><strong>Exkluz\u00edv term\u00e9kek:<\/strong> Csak a legjobb m\u00e1rk\u00e1k, k\u00f6zt\u00fck <strong>Al Fakher<\/strong>, <strong>Fizzy<\/strong> \u00e9s <strong>Airmez Matrix<\/strong>.<\/li>\n<li><strong>Gyors sz\u00e1ll\u00edt\u00e1s:<\/strong> Kisz\u00e1ll\u00edt\u00e1s N\u00e9metorsz\u00e1gb\u00f3l - mind\u00f6ssze 3-7 nap alatt \u00d6nn\u00e9l.<\/li>\n<li><strong>Az eredetis\u00e9g garant\u00e1lt:<\/strong> Minden term\u00e9k k\u00f6zvetlen\u00fcl a gy\u00e1rt\u00f3t\u00f3l sz\u00e1rmazik.<\/li>\n<li><strong>\u00dcgyf\u00e9lszolg\u00e1lat:<\/strong> Csapatunk minden k\u00e9rd\u00e9s\u00e9re rendelkez\u00e9sre \u00e1ll.<\/li>\n<\/ul>\n<p>Ne hagyja ki a lehet\u0151s\u00e9get, hogy megtapasztalja az Airmez Matrix 25000 Z\u00fcge Einweg E Zigarette \u2013 Midnight Cherry-t. Ez a term\u00e9k t\u00f6k\u00e9letes v\u00e1laszt\u00e1s az \u00ednyencek \u00e9s a technol\u00f3gia szerelmeseinek.<\/p>\n<hr \/>\n<h2><strong>\u00d6sszefoglal\u00e1s<\/strong><\/h2>\n<p>A <strong>Airmez Matrix 25000 Z\u00fcge Einweg E Zigarette \u2013 Midnight Cherry \nford\u00edt\u00e1sa:\nAirmez Matrix 25000 h\u00faz\u00e1s eldobhat\u00f3 e-cigaretta \u2013 \u00c9jf\u00e9li cseresznye<\/strong> T\u00f6bb mint egy e-cigaretta - egy nyilatkozat. Innovat\u00edv technol\u00f3gi\u00e1j\u00e1val, kiemelked\u0151 teljes\u00edtm\u00e9ny\u00e9vel \u00e9s kifinomult \u00edz\u00e9vel ide\u00e1lis v\u00e1laszt\u00e1s azoknak a vapereknek, akik a legjobbat keresik.<\/p>\n<p>L\u00e1togasson el <strong>alfakher24h.de<\/strong> \u00e9s fedezze fel a pr\u00e9mium g\u0151zterm\u00e9kek vil\u00e1g\u00e1t. Vel\u00fcnk a g\u0151z\u00f6l\u00e9s \u00e9lm\u00e9nye \u00faj szintre emelkedik!<\/p>","protected":false},"excerpt":{"rendered":"<p>A <strong>Airmez Matrix 25000 h\u00faz\u00e1sos eldobhat\u00f3 e-cigaretta<\/strong> \u2013 A Midnight Cherry \u00f6tv\u00f6zi a legmodernebb technol\u00f3gi\u00e1t az intenz\u00edv cseresznye \u00edzzel egy hossz\u00fa t\u00e1v\u00fa \u00e9s egyedi vape-\u00e9lm\u00e9ny\u00e9rt.<\/p>","protected":false},"featured_media":1146,"comment_status":"open","ping_status":"closed","template":"","meta":{"om_disable_all_campaigns":false},"product_brand":[],"product_cat":[30],"product_tag":[],"class_list":{"0":"post-1140","1":"product","2":"type-product","3":"status-publish","4":"has-post-thumbnail","6":"product_cat-airmez-matrix-25000","8":"first","9":"instock","10":"shipping-taxable","11":"purchasable","12":"product-type-simple"},"_links":{"self":[{"href":"https:\/\/alfakher24h.de\/hu\/wp-json\/wp\/v2\/product\/1140","targetHints":{"allow":["GET"]}}],"collection":[{"href":"https:\/\/alfakher24h.de\/hu\/wp-json\/wp\/v2\/product"}],"about":[{"href":"https:\/\/alfakher24h.de\/hu\/wp-json\/wp\/v2\/types\/product"}],"replies":[{"embeddable":true,"href":"https:\/\/alfakher24h.de\/hu\/wp-json\/wp\/v2\/comments?post=1140"}],"wp:featuredmedia":[{"embeddable":true,"href":"https:\/\/alfakher24h.de\/hu\/wp-json\/wp\/v2\/media\/1146"}],"wp:attachment":[{"href":"https:\/\/alfakher24h.de\/hu\/wp-json\/wp\/v2\/media?parent=1140"}],"wp:term":[{"taxonomy":"product_brand","embeddable":true,"href":"https:\/\/alfakher24h.de\/hu\/wp-json\/wp\/v2\/product_brand?post=1140"},{"taxonomy":"product_cat","embeddable":true,"href":"https:\/\/alfakher24h.de\/hu\/wp-json\/wp\/v2\/product_cat?post=1140"},{"taxonomy":"product_tag","embeddable":true,"href":"https:\/\/alfakher24h.de\/hu\/wp-json\/wp\/v2\/product_tag?post=1140"}],"curies":[{"name":"wp","href":"https:\/\/api.w.org\/{rel}","templated":true}]}}