{"id":1130,"date":"2024-12-11T10:58:13","date_gmt":"2024-12-11T10:58:13","guid":{"rendered":"https:\/\/alfakher24h.de\/?post_type=product&#038;p=1130"},"modified":"2024-12-17T06:17:48","modified_gmt":"2024-12-17T06:17:48","slug":"airmez-matrix-25000-szivas-eldobhato-e-cigaretta-ejszakai-bejaro","status":"publish","type":"product","link":"https:\/\/alfakher24h.de\/hu\/termek\/airmez-matrix-25000-szivas-eldobhato-e-cigaretta-ejszakai-bejaro\/","title":{"rendered":"Airmez Matrix 25000 Z\u00fcge Einweg E Zigarette \u2013 Night Crawler \nford\u00edt\u00e1sa:\nAirmez Matrix 25000 h\u00faz\u00e1s eldobhat\u00f3 e-cigaretta \u2013 Night Crawler"},"content":{"rendered":"<h2 data-pm-slice=\"1 1 []\"><strong>Airmez Matrix 25000 Z\u00fcge Einweg E-Zigarette \u2013 Night Crawler \nford\u00edt\u00e1sa:\nAirmez Matrix 25000 h\u00faz\u00e1s eldobhat\u00f3 e-cigaretta - Night Crawler<\/strong><\/h2>\n<div style=\"width: 1020px;\" class=\"wp-video\"><video class=\"wp-video-shortcode\" id=\"video-1130-1\" width=\"1020\" height=\"1020\" preload=\"metadata\" controls=\"controls\"><source type=\"video\/mp4\" src=\"https:\/\/alfakher24h.de\/wp-content\/uploads\/2024\/12\/Airmez-Matrix-25000-3.mp4?_=1\" \/><a href=\"https:\/\/alfakher24h.de\/wp-content\/uploads\/2024\/12\/Airmez-Matrix-25000-3.mp4\">https:\/\/alfakher24h.de\/wp-content\/uploads\/2024\/12\/Airmez-Matrix-25000-3.mp4<\/a><\/video><\/div>\n<p>A <a href=\"https:\/\/alfakher24h.de\/hu\/?post_type=product&amp;p=1130&amp;preview=true\">Airmez Matrix 25 000 h\u00faz\u00e1sos eldobhat\u00f3 e-cigaretta<\/a> Meghat\u00e1rozza a g\u0151z\u00f6l\u00e9s \u00e9lm\u00e9ny\u00e9t N\u00e9metorsz\u00e1gban. Leny\u0171g\u00f6z\u0151 diz\u00e1jnj\u00e1val, innovat\u00edv technol\u00f3gi\u00e1ival \u00e9s kiemelked\u0151 \u00edz\u00e9vel t\u00f6k\u00e9letes eszk\u00f6z a g\u0151z\u00f6l\u0151k sz\u00e1m\u00e1ra, akik min\u0151s\u00e9get \u00e9s k\u00e9nyelmet keresnek. Az alfakher24h.de oldalon megtal\u00e1lja az Airmez Matrix 25000-et, mint r\u00e9sz\u00e9t sz\u00e9lesk\u00f6r\u0171, magas min\u0151s\u00e9g\u0171 eldobhat\u00f3 e-cigarett\u00e1k v\u00e1laszt\u00e9kunknak.<\/p>\n<h3>Egyedi kialak\u00edt\u00e1s \u00e9s kiemelked\u0151 teljes\u00edtm\u00e9ny<\/h3>\n<p>A <a href=\"https:\/\/alfakher24h.de\/hu\/\">Airmez Matrix 25000<\/a> \u00d6sszehangolja a legmodernebb technol\u00f3gi\u00e1t az intuit\u00edv felhaszn\u00e1l\u00f3bar\u00e1ts\u00e1ggal. Nemcsak m\u0171szaki remekm\u0171, hanem praktikus eszk\u00f6z, amely p\u00e1ratlan g\u0151z\u00f6l\u00e9si \u00e9lm\u00e9nyt ny\u00fajt.<\/p>\n<p><strong>F\u0151 jellemz\u0151k:<\/strong><\/p>\n<ul data-spread=\"false\">\n<li><strong>Dual-Mesh-Coils: \nDupla h\u00e1l\u00f3 tekercsek:<\/strong> Ezek a fejlett tekercsek intenz\u00edv \u00edzt \u00e9s egyenletes p\u00e1rologtat\u00e1st biztos\u00edtanak. Az eredm\u00e9ny: s\u0171r\u0171 felh\u0151k \u00e9s hamis\u00edtatlan arom\u00e1k.<\/li>\n<li><strong>Be\u00e1ll\u00edthat\u00f3 l\u00e9g\u00e1raml\u00e1s:<\/strong> Szem\u00e9lyre szabhatja a g\u0151z\u00f6l\u00e9si \u00e9lm\u00e9nyt - egy sz\u0171k, intenz\u00edv h\u00faz\u00e1st\u00f3l egy leveg\u0151s, laza g\u0151zig.<\/li>\n<li><strong>K\u00e9t t\u0171z m\u00f3d:<\/strong> A norm\u00e1l m\u00f3d ak\u00e1r 25 000 mozdulatot tesz lehet\u0151v\u00e9, m\u00edg a Boost m\u00f3d intenz\u00edvebb \u00e9lm\u00e9nyt ny\u00fajt, de valamivel kevesebb, 15 000 mozdulattal.<\/li>\n<li><strong>\u00c9rint\u0151k\u00e9perny\u0151s kijelz\u0151:<\/strong> Egy 2,1 h\u00fcvelykes \u00e9rint\u0151k\u00e9perny\u0151 mutatja az akkumul\u00e1tor \u00e1llapot\u00e1t, az e-folyad\u00e9k szintj\u00e9t \u00e9s egy\u00e9b hasznos inform\u00e1ci\u00f3kat.<\/li>\n<li><strong>Type-C t\u00f6lt\u0151csatlakoz\u00f3:<\/strong> A gyors \u00e9s hat\u00e9kony t\u00f6lt\u00e9s minim\u00e1lisra cs\u00f6kkenti a le\u00e1ll\u00e1sokat.<\/li>\n<\/ul>\n<h3>Mi\u00e9rt legyen az Airmez Matrix 25000 az \u00d6n els\u0151 v\u00e1laszt\u00e1sa<\/h3>\n<p>A technol\u00f3gia, a felhaszn\u00e1l\u00f3i \u00e9lm\u00e9ny \u00e9s a teljes\u00edtm\u00e9ny kombin\u00e1ci\u00f3ja miatt az Airmez Matrix 25000 az egyik legjobb egyszer haszn\u00e1latos e-cigaretta a piacon.<\/p>\n<p><strong>Vant\u00e1zsok \u00e1ttekint\u00e9se:<\/strong><\/p>\n<ol start=\"1\" data-spread=\"false\">\n<li><strong>Hossz\u00fa \u00e9lettartam:<\/strong> Legfeljebb 25 000 h\u00faz\u00e1ssal ide\u00e1lis azoknak a g\u0151z\u00f6l\u0151knek, akik maxim\u00e1lis tart\u00f3ss\u00e1ggal rendelkez\u0151 k\u00e9sz\u00fcl\u00e9ket keresnek.<\/li>\n<li><strong>Magas nikotintartalom:<\/strong> 5 % (50 mg) nikotintartalommal er\u0151s \u00e9s kiel\u00e9g\u00edt\u0151 nikotinl\u00f6ketet biztos\u00edt.<\/li>\n<li><strong>Innovat\u00edv diz\u00e1jn:<\/strong> Az eleg\u00e1ns diz\u00e1jn \u00e9s a kompakt fel\u00e9p\u00edt\u00e9s st\u00edlusos k\u00eds\u00e9r\u0151v\u00e9 teszi.<\/li>\n<li><strong>Egyszer\u0171 kezel\u00e9s:<\/strong> Aktiv\u00e1l\u00e1s vonattal, bonyolult be\u00e1ll\u00edt\u00e1sok n\u00e9lk\u00fcl.<\/li>\n<li><strong>Intenz\u00edv \u00edz:<\/strong> Du\u00e1l tekercs \u00e9s \u00e1ll\u00edthat\u00f3 l\u00e9g\u00e1raml\u00e1s optimaliz\u00e1lja az arom\u00e1t \u00e9s a g\u0151ztermel\u00e9st.<\/li>\n<\/ol>\n<h3>\u00cdz\u00e9lm\u00e9ny: Night Crawler a f\u00f3kuszban<\/h3>\n<p>Az \"Night Crawler\" \u00edz egy egyed\u00fcl\u00e1ll\u00f3 aromakombin\u00e1ci\u00f3t k\u00e9pvisel, amely minden sz\u00edv\u00e1st \u00e9lm\u00e9nny\u00e9 tesz. Egyes\u00edti az \u00e9dess\u00e9g, a frissess\u00e9g \u00e9s a m\u00e9lys\u00e9g t\u00f6k\u00e9letes egyens\u00faly\u00e1t, \u00e9s nem hagy k\u00edv\u00e1nnival\u00f3t.<\/p>\n<h4>R\u00e9szletes \u00edzelemz\u00e9s:<\/h4>\n<ul data-spread=\"false\">\n<li><strong>Gy\u00fcm\u00f6lcs\u00f6s jegyek:<\/strong> Az \u00edz egy \u00e9rett bogy\u00f3s gy\u00fcm\u00f6lcs\u00f6kb\u0151l \u00e1ll\u00f3 robban\u00e1ssal ny\u00edlik, amely egy ny\u00e1ri gy\u00fcm\u00f6lcs\u00f6sre eml\u00e9keztet. A tr\u00f3pusi gy\u00fcm\u00f6lcs\u00f6k egzotikus hangulatot adnak hozz\u00e1.<\/li>\n<li><strong>Friss\u00edt\u0151 akcentusok:<\/strong> Egy finom, h\u0171s\u00edt\u0151 frissess\u00e9g j\u00e1rja \u00e1t az \u00edzt, \u00e9s kellemesen \u00e9l\u00e9nk\u00edt\u0151 g\u0151z\u00f6l\u00e9si \u00e9lm\u00e9nyt biztos\u00edt.<\/li>\n<li><strong>Komplexit\u00e1s:<\/strong> Minden h\u00faz\u00e1ssal \u00faj \u00e1rnyalatokat fedez fel, amelyek a \u00edzt sokr\u00e9t\u0171v\u00e9 \u00e9s \u00e9rdekesv\u00e9 teszik. Ez az egyszer\u0171s\u00e9g \u00e9s a komplexit\u00e1s harm\u00f3ni\u00e1ja teszi a \u201cNight Crawler\u201d-t olyan k\u00fcl\u00f6nlegess\u00e9.<\/li>\n<\/ul>\n<h3>T\u00f6k\u00e9letes minden alkalomra<\/h3>\n<p>Mindegy, hogy az Airmez Matrix 25000-et egy buliban, munk\u00e1ban vagy otthon haszn\u00e1lja - mindig k\u00f6vetkezetesen magas sz\u00ednvonal\u00fa g\u0151z\u00f6l\u00e9si \u00e9lm\u00e9nyt ny\u00fajt. A k\u00f6nny\u0171 haszn\u00e1lat, a hosszabb \u00e9lettartam \u00e9s a kifinomult aromav\u00e1laszt\u00e9k ide\u00e1liss\u00e1 teszi a magas ig\u00e9ny\u0171 g\u0151z\u00f6l\u0151k sz\u00e1m\u00e1ra.<\/p>\n<h3>Mi\u00e9rt v\u00e1s\u00e1roljon az alfakher24h.de-n?<\/h3>\n<p>N\u00e9metorsz\u00e1g legnagyobb egyszer haszn\u00e1latos e-cigarett\u00e1k online boltjak\u00e9nt nemcsak a legjobb v\u00e1laszt\u00e9kot garant\u00e1ljuk \u00d6nnek, hanem exkluz\u00edv el\u0151ny\u00f6ket is:<\/p>\n<ul data-spread=\"false\">\n<li><strong>Hiteless\u00e9g<\/strong> Garanci\u00e1t v\u00e1llalunk arra, hogy minden term\u00e9k eredeti \u00e9s a legmagasabb min\u0151s\u00e9get k\u00e9pviseli.<\/li>\n<li><strong>Gyors sz\u00e1ll\u00edt\u00e1s:<\/strong> Hat\u00e9kony logisztikai rendszer\u00fcnknek k\u00f6sz\u00f6nhet\u0151en rendel\u00e9s\u00e9t gyorsan \u00e9s biztons\u00e1gosan kapja meg.<\/li>\n<li><strong>K\u00fcl\u00f6nb\u00f6z\u0151 v\u00e1laszt\u00e9k:<\/strong> A Airmez Matrix 25000 mellett sz\u00e1mos tov\u00e1bbi m\u00e1rk\u00e1t \u00e9s \u00edzt tal\u00e1l n\u00e1lunk.<\/li>\n<li><strong>\u00dcgyf\u00e9lszolg\u00e1lat:<\/strong> K\u00e9pzett csapatunk b\u00e1rmilyen k\u00e9rd\u00e9se vagy probl\u00e9m\u00e1ja eset\u00e9n rendelkez\u00e9s\u00e9re \u00e1ll.<\/li>\n<\/ul>\n<h3>K\u00f6vetkeztet\u00e9s<\/h3>\n<p>A<a href=\"https:\/\/alfakher24h.de\/hu\/\"> Airmez Matrix 25 000 h\u00faz\u00e1sos eldobhat\u00f3 e-cigaretta<\/a> \u2013 A Night Crawler az ide\u00e1lis v\u00e1laszt\u00e1s azoknak a g\u0151z\u00f6l\u0151knek, akik \u00e9rt\u00e9kelik a min\u0151s\u00e9get, a tart\u00f3ss\u00e1got \u00e9s a p\u00e1ratlan \u00edz\u00e9lm\u00e9nyt. Rendeljen most <a href=\"https:\/\/alfakher24h.de\/hu\/\">alfakher24h.de<\/a> \u00e9s tapasztalja meg a modern g\u0151ztechnol\u00f3gia t\u00f6k\u00e9letess\u00e9g\u00e9t.<\/p>\n<p>&nbsp;<\/p>","protected":false},"excerpt":{"rendered":"<p>A <strong>Airmez Matrix 25 000 h\u00faz\u00e1sos eldobhat\u00f3 e-cigaretta<\/strong> Innovat\u00edv technik\u00e1val, ak\u00e1r 25 000 h\u00faz\u00e1ssal \u00e9s a k\u00fcl\u00f6nleges \"Night Crawler\" \u00edzzel p\u00e1ratlan g\u0151z\u00f6l\u00e9si \u00e9lm\u00e9nyt ny\u00fajt.<\/p>","protected":false},"featured_media":1131,"comment_status":"open","ping_status":"closed","template":"","meta":{"om_disable_all_campaigns":false},"product_brand":[],"product_cat":[30],"product_tag":[],"class_list":{"0":"post-1130","1":"product","2":"type-product","3":"status-publish","4":"has-post-thumbnail","6":"product_cat-airmez-matrix-25000","8":"first","9":"instock","10":"shipping-taxable","11":"purchasable","12":"product-type-simple"},"_links":{"self":[{"href":"https:\/\/alfakher24h.de\/hu\/wp-json\/wp\/v2\/product\/1130","targetHints":{"allow":["GET"]}}],"collection":[{"href":"https:\/\/alfakher24h.de\/hu\/wp-json\/wp\/v2\/product"}],"about":[{"href":"https:\/\/alfakher24h.de\/hu\/wp-json\/wp\/v2\/types\/product"}],"replies":[{"embeddable":true,"href":"https:\/\/alfakher24h.de\/hu\/wp-json\/wp\/v2\/comments?post=1130"}],"wp:featuredmedia":[{"embeddable":true,"href":"https:\/\/alfakher24h.de\/hu\/wp-json\/wp\/v2\/media\/1131"}],"wp:attachment":[{"href":"https:\/\/alfakher24h.de\/hu\/wp-json\/wp\/v2\/media?parent=1130"}],"wp:term":[{"taxonomy":"product_brand","embeddable":true,"href":"https:\/\/alfakher24h.de\/hu\/wp-json\/wp\/v2\/product_brand?post=1130"},{"taxonomy":"product_cat","embeddable":true,"href":"https:\/\/alfakher24h.de\/hu\/wp-json\/wp\/v2\/product_cat?post=1130"},{"taxonomy":"product_tag","embeddable":true,"href":"https:\/\/alfakher24h.de\/hu\/wp-json\/wp\/v2\/product_tag?post=1130"}],"curies":[{"name":"wp","href":"https:\/\/api.w.org\/{rel}","templated":true}]}}