{"id":1058,"date":"2024-12-03T06:45:17","date_gmt":"2024-12-03T06:45:17","guid":{"rendered":"https:\/\/alfakher24h.de\/?post_type=product&#038;p=1058"},"modified":"2025-01-08T15:22:30","modified_gmt":"2025-01-08T15:22:30","slug":"adalya-16000-szivas-eldobhato-e-cigaretta-ragogumi","status":"publish","type":"product","link":"https:\/\/alfakher24h.de\/hu\/termek\/adalya-16000-szivas-eldobhato-e-cigaretta-ragogumi\/","title":{"rendered":"Adalya 16000 h\u00faz\u00e1sos egyszer haszn\u00e1latos e-cigaretta - r\u00e1g\u00f3gumi \u00edz"},"content":{"rendered":"<h2><strong>Adalya 16000 h\u00faz\u00e1sos eldobhat\u00f3 e-cigaretta - Chewing Gummelon<\/strong><\/h2>\n<p>A <a href=\"https:\/\/alfakher24h.de\/hu\/?post_type=product&amp;p=1058&amp;preview=true\"><strong>Adalya 16000 h\u00faz\u00e1sos eldobhat\u00f3 e-cigaretta - Chewing Gummelon<\/strong><\/a> Egy p\u00e1ratlan g\u0151z\u00f6l\u00e9si \u00e9lm\u00e9nyt ny\u00fajt, \u00e9s t\u00f6k\u00e9letes v\u00e1laszt\u00e1s a n\u00e9metorsz\u00e1gi ig\u00e9nyes g\u0151z\u00f6l\u0151k sz\u00e1m\u00e1ra. Ez a term\u00e9k innovat\u00edv technol\u00f3gi\u00e1t \u00f6tv\u00f6z egy finom \u00edzzel, hogy a legjobb \u00e9lvezetet biztos\u00edtsa. Ide\u00e1lis mindazok sz\u00e1m\u00e1ra, akik rendk\u00edv\u00fcli e-cigaretta-\u00e9lm\u00e9nyt keresnek, a <strong>Adalya 16000 vonatok<\/strong> mindk\u00e9t hossz\u00fa g\u0151znyom\u00e1st \u00e9s intenz\u00edv, de kellemes \u00edz\u00e9lm\u00e9nyt ny\u00fajt. <strong>fumotxpress.de<\/strong>A legnagyobb eldobhat\u00f3 e-cigarett\u00e1k platformj\u00e1n N\u00e9metorsz\u00e1gban megv\u00e1s\u00e1rolhatja ezt a term\u00e9ket n\u00e9h\u00e1ny kattint\u00e1ssal, \u00e9s megb\u00edzhat\u00f3 sz\u00e1ll\u00edt\u00e1st v\u00e1rhat.<\/p>\n<h3>Adalya 16000 Z\u00fcge term\u00e9kinform\u00e1ci\u00f3<\/h3>\n<p>A <strong>Adalya 16000 h\u00faz\u00e1sos eldobhat\u00f3 e-cigaretta<\/strong> Leny\u0171g\u00f6z\u0151 sz\u00e1mos kiemelked\u0151 tulajdons\u00e1g\u00e1val. A magas vonatsz\u00e1m - ak\u00e1r 16 000 - biztos\u00edtja, hogy a felhaszn\u00e1l\u00f3k hossz\u00fa \u00e9s zavartalan g\u0151z\u00f6l\u00e9si pillanatokat \u00e9lvezhessenek. Ezenk\u00edv\u00fcl ez a modell b\u0151s\u00e9ges e-folyad\u00e9k t\u00e9rfogatot k\u00edn\u00e1l 25 ml-ben, amely 20 mg-os nikotintartalommal (2%) kombin\u00e1lva teljes \u00e9rt\u00e9k\u0171 g\u0151z\u00f6l\u00e9si \u00e9lm\u00e9nyt ny\u00fajt. A DTL (Direct-To-Lung) p\u00e1rologtat\u00e1si technol\u00f3gia intenz\u00edvebb \u00e9s foly\u00e9konyabb g\u0151zfelh\u0151t eredm\u00e9nyez, amely leny\u0171g\u00f6z\u0151 m\u00f3don er\u0151s\u00edti fel az aromaprofil \u00edz\u00e9t.<\/p>\n<h3>A Dalya 16000 f\u0151bb jellemz\u0151i<\/h3>\n<ul>\n<li><strong>Puff-kapacit\u00e1s<\/strong>: Ak\u00e1r 16 000 f\u00faj\u00e1s - Hossz\u00fa \u00e9lettartam \u00e9s ut\u00e1nt\u00f6lt\u00e9s nem sz\u00fcks\u00e9ges.<\/li>\n<li><strong>G\u0151zst\u00edlus<\/strong>: DTL (Direct-To-Lung) \u2013 Intenz\u00edv \u00e9s k\u00f6zvetlen g\u0151z\u00f6l\u00e9shez.<\/li>\n<li><strong>Nikotintartalom<\/strong>: 20mg (2%) \u2013 Kiegyens\u00falyozott nikotinbevitelhez.<\/li>\n<li><strong>E-Liquid t\u00e9rfogat<\/strong>: 25 ml \u2013 El\u00e9g folyad\u00e9k egy hossz\u00fa ideig tart\u00f3 g\u0151z\u00f6l\u00e9si \u00e9lm\u00e9nyhez.<\/li>\n<li><strong>Tekercsellen\u00e1ll\u00e1s<\/strong>: 0,6 Ohm \u2013 Optimaliz\u00e1lja az \u00edzt \u00e9s biztos\u00edtja az egyenletes p\u00e1rologtat\u00e1st.<\/li>\n<li><strong>Akku kapacit\u00e1s<\/strong>: 850 mAh \u2013 El\u00e9g kapacit\u00e1s a hossz\u00fa g\u0151z\u00f6l\u00e9si k\u00f6r\u00f6kh\u00f6z.<\/li>\n<li><strong>L\u00e9g\u00e1raml\u00e1s<\/strong>: \u00c1ll\u00edthat\u00f3 leveg\u0151ell\u00e1t\u00e1s - szem\u00e9lyre szabott g\u0151z\u00f6l\u00e9si \u00e9lm\u00e9ny ig\u00e9ny szerint.<\/li>\n<li><strong>Digit\u00e1lis kijelz\u0151<\/strong>: Megjelen\u00edti az aktu\u00e1lis akkumul\u00e1tor- \u00e9s folyad\u00e9k\u00e1llapotot.<\/li>\n<li><strong>sziv\u00e1rg\u00e1sv\u00e9delem<\/strong>: Biztos\u00edtott a folyad\u00e9k kifoly\u00e1sa ellen - A tiszta g\u0151z\u00f6l\u00e9s \u00e9rdek\u00e9ben.<\/li>\n<li><strong>Karbantart\u00e1smentes<\/strong>: Nincs sz\u00fcks\u00e9g tiszt\u00edt\u00e1sra - Csak \u00e9lvezze.<\/li>\n<\/ul>\n<p>Mindezen tulajdons\u00e1gok kombin\u00e1l\u00e1s\u00e1val gondoskodik az <a href=\"https:\/\/alfakher24h.de\/hu\/\"><strong>Adalya 16000 vonatok<\/strong> <\/a>Egy gondtalan \u00e9s kiv\u00e1l\u00f3 g\u0151z\u00f6l\u00e9si \u00e9lm\u00e9nyhez, amely minden utaz\u00e1st \u00f6r\u00f6mm\u00e9 tesz.<\/p>\n<h3>\u00cdz\u00e9lm\u00e9ny az Adalya 16000 h\u00faz\u00e1sa - R\u00e1g\u00f3 Gummelon<\/h3>\n<p>Egy kiemel\u00e9s a <strong>Adalya 16000 h\u00faz\u00e1sos eldobhat\u00f3 e-cigaretta<\/strong> az egyed\u00fcl\u00e1ll\u00f3 \u00edz\u00e9lm\u00e9ny, amelyet minden sz\u00edv\u00e1ssal v\u00e1rhat. A <strong>R\u00e1g\u00f3gumilon<\/strong> Az \u00edz egy mestervizsg\u00e1lat \u00e9des, gy\u00fcm\u00f6lcs\u00f6s r\u00e1g\u00f3gumi \u00e9s friss\u00edt\u0151 dinnye kombin\u00e1ci\u00f3ja, amely a gondtalan gyermekkorra eml\u00e9keztet. Az \u00e9des r\u00e1g\u00f3gumi \u00edz gazdag, de nem t\u00fal domin\u00e1ns, ami kellemes alapot ad a friss, l\u00e9d\u00fas dinnye arom\u00e1nak.<\/p>\n<p>Minden egyes g\u0151z\u00f6l\u00e9s harmonikus gy\u00fcm\u00f6lcs\u00f6ss\u00e9g \u00e9s \u00e9dess\u00e9g kever\u00e9k\u00e9v\u00e9 fejl\u0151dik. A friss g\u00f6r\u00f6gdinnye kellemes k\u00f6nnyeds\u00e9get ad a vapoz\u00e1snak, m\u00edg a r\u00e1g\u00f3gumi nosztalgikus hangulatot k\u00f6lcs\u00f6n\u00f6z, amely hossz\u00fa ideig megmarad az \u00edz a nyelven. <strong>Direct-To-Lung (DTL)<\/strong> A technol\u00f3gia minden egyes h\u00faz\u00e1sn\u00e1l hat\u00e1rozottan \u00e9s er\u0151teljesen hozza ki az arom\u00e1t, \u00e9s rendk\u00edv\u00fcl intenz\u00edv \u00e9s hossz\u00fa t\u00e1v\u00fa \u00e9lm\u00e9nyt ny\u00fajt.<\/p>\n<p>Az <strong>R\u00e1g\u00f3gumilon<\/strong> A profil t\u00f6k\u00e9letesen megfelel azoknak a vapereknek, akik az \u00e9des \u00e9s egyszerre friss\u00edt\u0151 hat\u00e1st kedvelik. A r\u00e1g\u00f3gumi \u00e9dess\u00e9ge \u00e9s a dinnye frissess\u00e9ge kombin\u00e1lva kiegyens\u00falyozott \u00e9s intenz\u00edv \u00edz\u00e9lm\u00e9nyt ny\u00fajt. Hosszabb g\u0151z\u00f6l\u00e9si id\u0151szakokban is az \u00edz nem v\u00e1lik unalmass\u00e1, hanem tiszta \u00e9s \u00e9l\u00e9nk marad, ami ide\u00e1lis v\u00e1laszt\u00e1ss\u00e1 teszi a napi haszn\u00e1latra.<\/p>\n<p>A <strong>Adalya 16000 vonatok<\/strong> E-cigaretta \u2013 A Chewing Gummelon teh\u00e1t nem csak nagy sz\u00e1m\u00fa sz\u00edv\u00e1st biztos\u00edt, hanem rendk\u00edv\u00fcl intenz\u00edv \u00e9s kiel\u00e9g\u00edt\u0151 \u00edz\u00e9lm\u00e9nyt is ny\u00fajt, amely minden sz\u00edv\u00e1sn\u00e1l leny\u0171g\u00f6z majd.<\/p>\n<h3>Mi\u00e9rt \u00e9rdemes az Adalya 16000 Z\u00fcge-t fumotxpress.hu-n v\u00e1s\u00e1rolni<\/h3>\n<p><strong>fumotxpress.de<\/strong> A legnagyobb online eldobhat\u00f3 e-cigaretta \u00e9rt\u00e9kes\u00edt\u00e9si platform N\u00e9metorsz\u00e1gban, \u00e9s sz\u00e1mos el\u0151nyt k\u00edn\u00e1l \u00d6nnek:<\/p>\n<ol>\n<li><strong>Exkluz\u00edv el\u00e9rhet\u0151s\u00e9g<\/strong>: \u00d6n\u00f6k\u0e2a\u0e32\u0e21\u0e32\u0e23\u0e16 <strong>Adalya 16000 vonatok<\/strong> csak r\u00e1 <a href=\"https:\/\/alfakher24h.de\/hu\/\"><strong>fumotxpress.de<\/strong><\/a> szerezzen be - m\u00e1s \u00fczlet nem k\u00edn\u00e1lja ezt a term\u00e9ket ebben a form\u00e1ban.<\/li>\n<li><strong>Gyors sz\u00e1ll\u00edt\u00e1s<\/strong>A rendel\u00e9s\u00e9t gyorsan feldolgozzuk \u00e9s biztons\u00e1gosan sz\u00e1ll\u00edtjuk, \u00edgy hamarosan \u00e9lvezheti a g\u0151z\u00f6l\u00e9s \u00e9lm\u00e9ny\u00e9t.<\/li>\n<li><strong>Kiemelked\u0151 \u00fcgyf\u00e9lszolg\u00e1lat<\/strong>: K\u00e9rd\u00e9seivel vagy probl\u00e9m\u00e1ival b\u00e1rmikor fordulhat hozz\u00e1nk bar\u00e1ts\u00e1gos t\u00e1mogat\u00f3 csapatunkhoz.  Kompetens tan\u00e1csad\u00e1st \u00e9s t\u00e1mogat\u00e1st garant\u00e1lunk \u00d6nnek.<\/li>\n<li><strong>Megb\u00edzhat\u00f3 min\u0151s\u00e9g<\/strong>: Auf <strong>fumotxpress.de<\/strong> Csak olyan kiv\u00e1l\u00f3 min\u0151s\u00e9g\u0171 term\u00e9keket tal\u00e1l, amelyeket gondosan v\u00e1lasztottak ki \u00e9s ellen\u0151riztek, hogy garant\u00e1lj\u00e1k a legmagasabb biztons\u00e1gi \u00e9s min\u0151s\u00e9gi sz\u00ednvonalat.<\/li>\n<\/ol>\n<h3>Az Adalya 16000 h\u00faz\u00e1s\u00e1nak el\u0151nyei \u00d6nnek<\/h3>\n<p>A <strong>Adalya 16000 h\u00faz\u00e1sos eldobhat\u00f3 e-cigaretta<\/strong> egy els\u0151 oszt\u00e1ly\u00fa term\u00e9k azoknak a vapereknek, akik magas min\u0151s\u00e9get \u00e9s felejthetetlen \u00edzt keresnek. Az olyan innovat\u00edv funkci\u00f3knak k\u00f6sz\u00f6nhet\u0151en, mint p\u00e9ld\u00e1ul a <strong>DTL p\u00e1rologtat\u00e1si technol\u00f3gia<\/strong>a magas <strong>Nikotintartalma 20mg<\/strong> \u00e9s a nagylelk\u0171 <strong>25 ml folyad\u00e9k t\u00e9rfogat<\/strong> Ez a modell k\u00fcl\u00f6n\u00f6sen azok sz\u00e1m\u00e1ra alkalmas, akik kiemelked\u0151 g\u0151z\u00f6l\u00e9si \u00e9lm\u00e9nyt keresnek. Ezenk\u00edv\u00fcl biztos\u00edtja a <strong>\u00e1ll\u00edthat\u00f3 l\u00e9g\u00e1raml\u00e1s<\/strong> Annak \u00e9rdek\u00e9ben, hogy szem\u00e9lyre szabhassa g\u0151z\u00f6l\u00e9si \u00e9lm\u00e9ny\u00e9t.<\/p>\n<h3>K\u00f6vetkeztet\u00e9s<\/h3>\n<p>A <strong>Adalya 16000 h\u00faz\u00e1sos eldobhat\u00f3 e-cigaretta - Chewing Gummelon<\/strong> kiv\u00e1l\u00f3 v\u00e1laszt\u00e1s azoknak a vapereknek, akik a \u00edzre, teljes\u00edtm\u00e9nyre \u00e9s k\u00e9nyelemre helyezik a hangs\u00falyt. <strong>hossz\u00fa eltarthat\u00f3s\u00e1g<\/strong>neki <strong>intenz\u00edv \u00edz<\/strong> \u00e9s a <strong>magas nikotinbevitel<\/strong> Bietet sie alles, was ein Vaperherz begehrt. Kaufen Sie noch heute auf \n\nv\u00e1ltozatlan \nBietet sie alles, was ein Vaperherz begehrt. Kaufen Sie noch heute auf \nmagyar \nMinden olyan dolgot k\u00edn\u00e1l, amit egy vaporer sz\u00edv v\u00e1gyik. V\u00e1s\u00e1roljon m\u00e9g ma! <strong>fumotxpress.de<\/strong>, a legnagyobb \u00e9s legmegb\u00edzhat\u00f3bb eldobhat\u00f3 e-cigaretta platform N\u00e9metorsz\u00e1gban, \u00e9s tapasztalja meg a v\u00e9gs\u0151 g\u0151z\u00f6l\u00e9si \u00e9lm\u00e9nyt!<\/p>","protected":false},"excerpt":{"rendered":"<p>A <strong>Adalya 16000 h\u00faz\u00e1sos eldobhat\u00f3 e-cigaretta - Chewing Gummelon<\/strong> Legfeljebb 16 000 h\u00faz\u00e1st k\u00edn\u00e1l intenz\u00edv g\u0151z\u00f6r\u00f6m egyedi \u00e9des r\u00e1g\u00f3gumi \u00e9s friss\u00edt\u0151 dinnye \u00edzzel, kombin\u00e1lva egy er\u0151s DTL technol\u00f3gi\u00e1val a hossz\u00fa t\u00e1v\u00fa \u00e9s intenz\u00edv g\u0151z\u00e9lm\u00e9ny\u00e9rt<\/p>","protected":false},"featured_media":1059,"comment_status":"open","ping_status":"closed","template":"","meta":{"om_disable_all_campaigns":false},"product_brand":[],"product_cat":[28],"product_tag":[],"class_list":{"0":"post-1058","1":"product","2":"type-product","3":"status-publish","4":"has-post-thumbnail","6":"product_cat-adalya-16000","8":"first","9":"outofstock","10":"shipping-taxable","11":"purchasable","12":"product-type-simple"},"_links":{"self":[{"href":"https:\/\/alfakher24h.de\/hu\/wp-json\/wp\/v2\/product\/1058","targetHints":{"allow":["GET"]}}],"collection":[{"href":"https:\/\/alfakher24h.de\/hu\/wp-json\/wp\/v2\/product"}],"about":[{"href":"https:\/\/alfakher24h.de\/hu\/wp-json\/wp\/v2\/types\/product"}],"replies":[{"embeddable":true,"href":"https:\/\/alfakher24h.de\/hu\/wp-json\/wp\/v2\/comments?post=1058"}],"wp:featuredmedia":[{"embeddable":true,"href":"https:\/\/alfakher24h.de\/hu\/wp-json\/wp\/v2\/media\/1059"}],"wp:attachment":[{"href":"https:\/\/alfakher24h.de\/hu\/wp-json\/wp\/v2\/media?parent=1058"}],"wp:term":[{"taxonomy":"product_brand","embeddable":true,"href":"https:\/\/alfakher24h.de\/hu\/wp-json\/wp\/v2\/product_brand?post=1058"},{"taxonomy":"product_cat","embeddable":true,"href":"https:\/\/alfakher24h.de\/hu\/wp-json\/wp\/v2\/product_cat?post=1058"},{"taxonomy":"product_tag","embeddable":true,"href":"https:\/\/alfakher24h.de\/hu\/wp-json\/wp\/v2\/product_tag?post=1058"}],"curies":[{"name":"wp","href":"https:\/\/api.w.org\/{rel}","templated":true}]}}